{"id":3825,"date":"2025-10-03T17:01:10","date_gmt":"2025-10-03T15:01:10","guid":{"rendered":"https:\/\/www.alldayled.com\/wunschliste\/"},"modified":"2026-03-10T15:00:27","modified_gmt":"2026-03-10T14:00:27","slug":"verlanglijst","status":"publish","type":"page","link":"https:\/\/www.alldayled.com\/de\/verlanglijst\/","title":{"rendered":"Wunschliste"},"content":{"rendered":"\n<p>Auf dieser Seite findest du deine Wunschliste. Hier kannst du ganz einfach Produkte speichern, die dich interessieren, damit du sie sp\u00e4ter schnell wiederfindest. Das ist praktisch, wenn du Produkte vergleichen oder sp\u00e4ter bestellen m\u00f6chtest. F\u00fcge Produkte deiner Wunschliste hinzu und behalte alles \u00fcbersichtlich an einem Ort. So findest du deine Lieblingsartikel jederzeit schnell wieder.    <\/p>\n","protected":false},"excerpt":{"rendered":"<p>Auf dieser Seite findest du deine Wunschliste. Hier kannst du ganz einfach Produkte speichern, die dich interessieren, damit du sie sp\u00e4ter schnell wiederfindest. Das ist praktisch, wenn du Produkte vergleichen oder sp\u00e4ter bestellen m\u00f6chtest. F\u00fcge Produkte deiner Wunschliste hinzu und behalte alles \u00fcbersichtlich an einem Ort. So findest du deine Lieblingsartikel jederzeit schnell wieder.<\/p>\n","protected":false},"author":1,"featured_media":0,"parent":0,"menu_order":0,"comment_status":"closed","ping_status":"closed","template":"templates\/template-wishlist.php","meta":{"_acf_changed":false,"footnotes":""},"class_list":["post-3825","page","type-page","status-publish","hentry"],"acf":[],"yoast_head":"<!-- This site is optimized with the Yoast SEO Premium plugin v26.5 (Yoast SEO v27.1.1) - https:\/\/yoast.com\/product\/yoast-seo-premium-wordpress\/ -->\n<title>Wunschliste - All Day Led - speichere deine Lieblingsprodukte<\/title>\n<meta name=\"description\" content=\"Wunschliste All Day Led - stelle deine Wunschliste zusammen - speichere deine Lieblingsprodukte auf einer Seite - bestelle, wann es dir passt\" \/>\n<meta name=\"robots\" content=\"index, follow, max-snippet:-1, max-image-preview:large, max-video-preview:-1\" \/>\n<link rel=\"canonical\" href=\"https:\/\/www.alldayled.com\/de\/verlanglijst\/\" \/>\n<meta property=\"og:locale\" content=\"de_DE\" \/>\n<meta property=\"og:type\" content=\"article\" \/>\n<meta property=\"og:title\" content=\"Wunschliste - All Day Led - speichere deine Lieblingsprodukte\" \/>\n<meta property=\"og:description\" content=\"Wunschliste All Day Led - stelle deine Wunschliste zusammen - speichere deine Lieblingsprodukte auf einer Seite - bestelle, wann es dir passt\" \/>\n<meta property=\"og:url\" content=\"https:\/\/www.alldayled.com\/de\/verlanglijst\/\" \/>\n<meta property=\"og:site_name\" content=\"All Day Led\" \/>\n<meta property=\"article:publisher\" content=\"https:\/\/www.facebook.com\/alldayled\/\" \/>\n<meta property=\"article:modified_time\" content=\"2026-03-10T14:00:27+00:00\" \/>\n<meta property=\"og:image\" content=\"https:\/\/www.alldayled.com\/wp-content\/uploads\/2025\/10\/Logo-ALL-DAY-LED-800x800-zwart-witte-letters-300x300.png\" \/>\n<script type=\"application\/ld+json\" class=\"yoast-schema-graph\">{\"@context\":\"https:\/\/schema.org\",\"@graph\":[{\"@type\":\"WebPage\",\"@id\":\"https:\/\/www.alldayled.com\/de\/verlanglijst\/\",\"url\":\"https:\/\/www.alldayled.com\/de\/verlanglijst\/\",\"name\":\"Wunschliste - All Day Led - speichere deine Lieblingsprodukte\",\"isPartOf\":{\"@id\":\"https:\/\/www.alldayled.com\/de\/#website\"},\"datePublished\":\"2025-10-03T15:01:10+00:00\",\"dateModified\":\"2026-03-10T14:00:27+00:00\",\"description\":\"Wunschliste All Day Led - stelle deine Wunschliste zusammen - speichere deine Lieblingsprodukte auf einer Seite - bestelle, wann es dir passt\",\"breadcrumb\":{\"@id\":\"https:\/\/www.alldayled.com\/de\/verlanglijst\/#breadcrumb\"},\"inLanguage\":\"de\",\"potentialAction\":[{\"@type\":\"ReadAction\",\"target\":[\"https:\/\/www.alldayled.com\/de\/verlanglijst\/\"]}]},{\"@type\":\"BreadcrumbList\",\"@id\":\"https:\/\/www.alldayled.com\/de\/verlanglijst\/#breadcrumb\",\"itemListElement\":[{\"@type\":\"ListItem\",\"position\":1,\"name\":\"Home\",\"item\":\"https:\/\/www.alldayled.com\/de\/\"},{\"@type\":\"ListItem\",\"position\":2,\"name\":\"Wunschliste\"}]},{\"@type\":\"WebSite\",\"@id\":\"https:\/\/www.alldayled.com\/de\/#website\",\"url\":\"https:\/\/www.alldayled.com\/de\/\",\"name\":\"All Day Led\",\"description\":\"Verlichting voor 12&amp;24 volt gebruik\",\"publisher\":{\"@id\":\"https:\/\/www.alldayled.com\/de\/#organization\"},\"potentialAction\":[{\"@type\":\"SearchAction\",\"target\":{\"@type\":\"EntryPoint\",\"urlTemplate\":\"https:\/\/www.alldayled.com\/de\/?s={search_term_string}\"},\"query-input\":{\"@type\":\"PropertyValueSpecification\",\"valueRequired\":true,\"valueName\":\"search_term_string\"}}],\"inLanguage\":\"de\"},{\"@type\":\"Organization\",\"@id\":\"https:\/\/www.alldayled.com\/de\/#organization\",\"name\":\"All Day Led\",\"url\":\"https:\/\/www.alldayled.com\/de\/\",\"logo\":{\"@type\":\"ImageObject\",\"inLanguage\":\"de\",\"@id\":\"https:\/\/www.alldayled.com\/de\/#\/schema\/logo\/image\/\",\"url\":\"https:\/\/www.alldayled.com\/wp-content\/uploads\/2025\/10\/Logo-ALL-DAY-LED-800x800-zwart-witte-letters.png\",\"contentUrl\":\"https:\/\/www.alldayled.com\/wp-content\/uploads\/2025\/10\/Logo-ALL-DAY-LED-800x800-zwart-witte-letters.png\",\"width\":800,\"height\":800,\"caption\":\"All Day Led\"},\"image\":{\"@id\":\"https:\/\/www.alldayled.com\/de\/#\/schema\/logo\/image\/\"},\"sameAs\":[\"https:\/\/www.facebook.com\/alldayled\/\",\"https:\/\/www.instagram.com\/alldayled\/\"],\"vatID\":\"NL863960133B01\",\"taxID\":\"86416545\"}]}<\/script>\n<!-- \/ Yoast SEO Premium plugin. -->","yoast_head_json":{"title":"Wunschliste - All Day Led - speichere deine Lieblingsprodukte","description":"Wunschliste All Day Led - stelle deine Wunschliste zusammen - speichere deine Lieblingsprodukte auf einer Seite - bestelle, wann es dir passt","robots":{"index":"index","follow":"follow","max-snippet":"max-snippet:-1","max-image-preview":"max-image-preview:large","max-video-preview":"max-video-preview:-1"},"canonical":"https:\/\/www.alldayled.com\/de\/verlanglijst\/","og_locale":"de_DE","og_type":"article","og_title":"Wunschliste - All Day Led - speichere deine Lieblingsprodukte","og_description":"Wunschliste All Day Led - stelle deine Wunschliste zusammen - speichere deine Lieblingsprodukte auf einer Seite - bestelle, wann es dir passt","og_url":"https:\/\/www.alldayled.com\/de\/verlanglijst\/","og_site_name":"All Day Led","article_publisher":"https:\/\/www.facebook.com\/alldayled\/","article_modified_time":"2026-03-10T14:00:27+00:00","og_image":[{"url":"https:\/\/www.alldayled.com\/wp-content\/uploads\/2025\/10\/Logo-ALL-DAY-LED-800x800-zwart-witte-letters-300x300.png","type":"","width":"","height":""}],"schema":{"@context":"https:\/\/schema.org","@graph":[{"@type":"WebPage","@id":"https:\/\/www.alldayled.com\/de\/verlanglijst\/","url":"https:\/\/www.alldayled.com\/de\/verlanglijst\/","name":"Wunschliste - All Day Led - speichere deine Lieblingsprodukte","isPartOf":{"@id":"https:\/\/www.alldayled.com\/de\/#website"},"datePublished":"2025-10-03T15:01:10+00:00","dateModified":"2026-03-10T14:00:27+00:00","description":"Wunschliste All Day Led - stelle deine Wunschliste zusammen - speichere deine Lieblingsprodukte auf einer Seite - bestelle, wann es dir passt","breadcrumb":{"@id":"https:\/\/www.alldayled.com\/de\/verlanglijst\/#breadcrumb"},"inLanguage":"de","potentialAction":[{"@type":"ReadAction","target":["https:\/\/www.alldayled.com\/de\/verlanglijst\/"]}]},{"@type":"BreadcrumbList","@id":"https:\/\/www.alldayled.com\/de\/verlanglijst\/#breadcrumb","itemListElement":[{"@type":"ListItem","position":1,"name":"Home","item":"https:\/\/www.alldayled.com\/de\/"},{"@type":"ListItem","position":2,"name":"Wunschliste"}]},{"@type":"WebSite","@id":"https:\/\/www.alldayled.com\/de\/#website","url":"https:\/\/www.alldayled.com\/de\/","name":"All Day Led","description":"Verlichting voor 12&amp;24 volt gebruik","publisher":{"@id":"https:\/\/www.alldayled.com\/de\/#organization"},"potentialAction":[{"@type":"SearchAction","target":{"@type":"EntryPoint","urlTemplate":"https:\/\/www.alldayled.com\/de\/?s={search_term_string}"},"query-input":{"@type":"PropertyValueSpecification","valueRequired":true,"valueName":"search_term_string"}}],"inLanguage":"de"},{"@type":"Organization","@id":"https:\/\/www.alldayled.com\/de\/#organization","name":"All Day Led","url":"https:\/\/www.alldayled.com\/de\/","logo":{"@type":"ImageObject","inLanguage":"de","@id":"https:\/\/www.alldayled.com\/de\/#\/schema\/logo\/image\/","url":"https:\/\/www.alldayled.com\/wp-content\/uploads\/2025\/10\/Logo-ALL-DAY-LED-800x800-zwart-witte-letters.png","contentUrl":"https:\/\/www.alldayled.com\/wp-content\/uploads\/2025\/10\/Logo-ALL-DAY-LED-800x800-zwart-witte-letters.png","width":800,"height":800,"caption":"All Day Led"},"image":{"@id":"https:\/\/www.alldayled.com\/de\/#\/schema\/logo\/image\/"},"sameAs":["https:\/\/www.facebook.com\/alldayled\/","https:\/\/www.instagram.com\/alldayled\/"],"vatID":"NL863960133B01","taxID":"86416545"}]}},"_links":{"self":[{"href":"https:\/\/www.alldayled.com\/de\/wp-json\/wp\/v2\/pages\/3825","targetHints":{"allow":["GET"]}}],"collection":[{"href":"https:\/\/www.alldayled.com\/de\/wp-json\/wp\/v2\/pages"}],"about":[{"href":"https:\/\/www.alldayled.com\/de\/wp-json\/wp\/v2\/types\/page"}],"author":[{"embeddable":true,"href":"https:\/\/www.alldayled.com\/de\/wp-json\/wp\/v2\/users\/1"}],"replies":[{"embeddable":true,"href":"https:\/\/www.alldayled.com\/de\/wp-json\/wp\/v2\/comments?post=3825"}],"version-history":[{"count":2,"href":"https:\/\/www.alldayled.com\/de\/wp-json\/wp\/v2\/pages\/3825\/revisions"}],"predecessor-version":[{"id":82607,"href":"https:\/\/www.alldayled.com\/de\/wp-json\/wp\/v2\/pages\/3825\/revisions\/82607"}],"wp:attachment":[{"href":"https:\/\/www.alldayled.com\/de\/wp-json\/wp\/v2\/media?parent=3825"}],"curies":[{"name":"wp","href":"https:\/\/api.w.org\/{rel}","templated":true}]}}