{"id":66218,"date":"2025-11-03T15:11:07","date_gmt":"2025-11-03T14:11:07","guid":{"rendered":"https:\/\/www.alldayled.com\/vragen-klachten\/"},"modified":"2025-11-25T19:46:24","modified_gmt":"2025-11-25T18:46:24","slug":"fragen-beschwerden","status":"publish","type":"page","link":"https:\/\/www.alldayled.com\/de\/fragen-beschwerden\/","title":{"rendered":"Fragen oder Beschwerden"},"content":{"rendered":"\n<h3 class=\"wp-block-heading\" id=\"h-faq-veel-gestelde-vragen\"><strong>FAQ &#8211; H\u00e4ufig gestellte Fragen<\/strong><\/h3>\n\n<p>Auf dieser Seite findest du eine \u00dcbersicht der h\u00e4ufig gestellten Fragen und Antworten zu unseren Produkten, Bestellungen, Versand und Service. Wir haben versucht, die Informationen so klar und vollst\u00e4ndig wie m\u00f6glich zu gestalten, damit du schnell Antworten auf die h\u00e4ufigsten Fragen erh\u00e4ltst. <\/p>\n\n<p>Kannst du deine Frage nicht in der Liste finden? Keine Sorge! Unser Team steht dir jederzeit zur Verf\u00fcgung, um dir weiterzuhelfen. \u00dcber unsere Kontaktseite findest du verschiedene M\u00f6glichkeiten, uns zu kontaktieren, wie ein Kontaktformular, E-Mail oder telefonischen Kontakt.   <\/p>\n\n<p>Wir bem\u00fchen uns, deine Frage so schnell wie m\u00f6glich zu beantworten und dein Erlebnis mit All Day Led so angenehm wie m\u00f6glich zu gestalten. So stellen wir sicher, dass du immer die richtigen Informationen hast, bevor du eine Bestellung aufgibst oder eine Auswahl aus unserem Sortiment an Beleuchtung und Zubeh\u00f6r triffst. <\/p>\n\n<div id=\"ws-mobile-toggle-block_994e48879062d906761c75a98f7c0a8a\" class=\"mobile-toggle mobile-toggle-block_994e48879062d906761c75a98f7c0a8a mobile-toggle\">\n        <div class=\"mobile-toggle__title\">\n        <h3><span style=\"color: #000000\">Paket mit Schaden erhalten<\/span><\/h3>\n    <\/div>\n    \n        <div class=\"mobile-toggle__content\">\n        <p><span style=\"color: #000000;\">Ist Ihre Bestellung besch\u00e4digt angekommen? Nehmen Sie dann <strong>innerhalb von 5 Werktagen<\/strong> Kontakt auf \u00fcber <a style=\"color: #000000;\" href=\"mailto:sales@alldayled.com?subject=Bestelling%20met%20schade%20ontvangen.\" target=\"_blank\" rel=\"noreferrer noopener nofollow\">sales@alldayled.com<\/a> und geben Sie Folgendes an: <\/span><\/p>\n<ul>\n<li><span style=\"color: #000000;\">Name<\/span><\/li>\n<li><span style=\"color: #000000;\">Bestellnummer<\/span><\/li>\n<li><span style=\"color: #000000;\">Abbildung des Kartons und des Versandetiketts<\/span><\/li>\n<li><span style=\"color: #000000;\">Abbildung des besch\u00e4digten Artikels<\/span><\/li>\n<\/ul>\n<p><!-- \/wp:list-item --><\/p>\n<p><span style=\"color: #000000;\"><!-- \/wp:list --> <!-- wp:paragraph --><\/span><\/p>\n<p><span style=\"color: #000000;\"><strong>Achtung:<\/strong> Meldungen, die sp\u00e4ter als 5 Werktage eingehen, k\u00f6nnen nicht mehr \u00fcber die Versicherung des Transportunternehmens abgewickelt werden; der Schaden geht dann vollst\u00e4ndig auf Ihr eigenes Risiko.<\/span><\/p>\n<p>&nbsp;<\/p>\n    <\/div>\n    <\/div>\n<div id=\"ws-mobile-toggle-block_a1dc870891be94537e4f26194620e6f2\" class=\"mobile-toggle mobile-toggle-block_a1dc870891be94537e4f26194620e6f2 mobile-toggle\">\n        <div class=\"mobile-toggle__title\">\n        <h3><span style=\"color: #000000\">Falsches Produkt erhalten<\/span><\/h3>\n    <\/div>\n    \n        <div class=\"mobile-toggle__content\">\n        <p><span style=\"color: #000000;\">Haben Sie ein defektes Produkt erhalten? Nehmen Sie dann <strong>innerhalb von 10 Werktagen<\/strong> Kontakt auf \u00fcber <a style=\"color: #000000;\" href=\"mailto:sales@alldayled.com?subject=Verkeerd%20product%20ontvangen.\" target=\"_blank\" rel=\"noreferrer noopener nofollow\">sales@alldayled.com<\/a>. Geben Sie Folgendes an:  <\/span><\/p>\n<ul>\n<li><span style=\"color: #000000;\">Name  <\/span><\/li>\n<li><span style=\"color: #000000;\">Bestellnummer  <\/span><\/li>\n<li><span style=\"color: #000000;\">Abbildung(en) des Artikels<\/span><\/li>\n<\/ul>\n<p><span style=\"color: #000000;\"><!-- \/wp:list --> <!-- wp:paragraph --><\/span><\/p>\n<p><span style=\"color: #000000;\">Wir nehmen so schnell wie m\u00f6glich Kontakt mit Ihnen auf, um das Problem zu l\u00f6sen.<\/span><\/p>\n<p>&nbsp;<\/p>\n    <\/div>\n    <\/div>\n<div id=\"ws-mobile-toggle-block_909fbc2cf4dea93b965b8d75c5bb4f97\" class=\"mobile-toggle mobile-toggle-block_909fbc2cf4dea93b965b8d75c5bb4f97 mobile-toggle\">\n        <div class=\"mobile-toggle__title\">\n        <h3><span style=\"color: #000000\">Defektes Produkt erhalten<\/span><\/h3>\n    <\/div>\n    \n        <div class=\"mobile-toggle__content\">\n        <p><span style=\"color: #000000;\">Haben Sie ein defektes Produkt erhalten? Nehmen Sie dann <strong>innerhalb von 10 Werktagen<\/strong> Kontakt auf \u00fcber <a style=\"color: #000000;\" href=\"mailto:sales@alldayled.com?subject=Defect%20product%20ontvangen.\" target=\"_blank\" rel=\"noreferrer noopener nofollow\">sales@alldayled.com<\/a>. Geben Sie Folgendes an:  <\/span><\/p>\n<ul>\n<li><span style=\"color: #000000;\">Name  <\/span><\/li>\n<li><span style=\"color: #000000;\">Bestellnummer  <\/span><\/li>\n<li><span style=\"color: #000000;\">Abbildung(en) des Artikels<\/span><\/li>\n<\/ul>\n<p><span style=\"color: #000000;\"><!-- \/wp:list --> <!-- wp:paragraph --><\/span><\/p>\n<p><span style=\"color: #000000;\">Wir nehmen so schnell wie m\u00f6glich Kontakt mit Ihnen auf, um das Problem zu l\u00f6sen.<\/span><\/p>\n<p>&nbsp;<\/p>\n    <\/div>\n    <\/div>\n<div id=\"ws-mobile-toggle-block_9a251f0f76e5ccbbd2a61b58ee9d2065\" class=\"mobile-toggle mobile-toggle-block_9a251f0f76e5ccbbd2a61b58ee9d2065 mobile-toggle\">\n        <div class=\"mobile-toggle__title\">\n        <h3><span style=\"color: #000000\">Produkt nicht gefunden<\/span><\/h3>\n    <\/div>\n    \n        <div class=\"mobile-toggle__content\">\n        <p><span style=\"color: #000000;\">K\u00f6nnen Sie das gew\u00fcnschte Produkt nicht in unserem Webshop finden? Nehmen Sie Kontakt auf \u00fcber <a style=\"color: #000000;\" href=\"mailto:sales@alldayled.com?subject=Hulp%20-%20bij%20product.\" target=\"_blank\" rel=\"noreferrer noopener nofollow\">info@alldayled.com<\/a> und geben Sie Folgendes an: <\/span><\/p>\n<ul>\n<li><span style=\"color: #000000;\">Name  <\/span><\/li>\n<li><span style=\"color: #000000;\">Ihre Frage  <\/span><\/li>\n<li><span style=\"color: #000000;\">Eventuell eine Beispielabbildung  <\/span><\/li>\n<\/ul>\n<ul class=\"wp-block-list\">\n<li style=\"list-style-type: none;\">\n<ul class=\"wp-block-list\"><!-- wp:list-item --><\/ul>\n<\/li>\n<\/ul>\n<p><span style=\"color: #000000;\"><!-- \/wp:list-item --><\/span><\/p>\n<p><span style=\"color: #000000;\"><!-- \/wp:list --> <!-- wp:paragraph --><\/span><\/p>\n<p><span style=\"color: #000000;\">Wir helfen Ihnen so schnell wie m\u00f6glich weiter.<\/span><\/p>\n<p>&nbsp;<\/p>\n    <\/div>\n    <\/div>\n<div id=\"ws-mobile-toggle-block_4796de18fe58dd944e38fb24677d9c90\" class=\"mobile-toggle mobile-toggle-block_4796de18fe58dd944e38fb24677d9c90 mobile-toggle\">\n        <div class=\"mobile-toggle__title\">\n        <h3><span style=\"color: #000000\">Paket nicht erhalten<\/span><\/h3>\n    <\/div>\n    \n        <div class=\"mobile-toggle__content\">\n        <p><span style=\"color: #000000;\">Haben Sie eine Bestellung aufgegeben und ist diese (noch) nicht zugestellt worden? Nehmen Sie dann <strong>innerhalb von 5 Werktagen<\/strong> nach dem letzten Tracking-Update Kontakt mit uns auf \u00fcber <a style=\"color: #000000;\" href=\"mailto:sales@alldayled.com?subject=Bestelling%20niet%20ontvangen.\" target=\"_blank\" rel=\"noreferrer noopener nofollow\">sales@alldayled.com<\/a>. Geben Sie in Ihrer E-Mail Folgendes an:  <\/span><\/p>\n<ul class=\"wp-block-list\">\n<li style=\"list-style-type: none;\">\n<ul class=\"wp-block-list\"><!-- wp:list-item --><\/ul>\n<\/li>\n<\/ul>\n<ul class=\"wp-block-list\">\n<li><span style=\"color: #000000;\">Name<\/span><\/li>\n<li><span style=\"color: #000000;\">Bestellnummer  <\/span><\/li>\n<li><span style=\"color: #000000;\">Telefonnummer<\/span><\/li>\n<\/ul>\n<p><span style=\"color: #000000;\"><!-- \/wp:list-item --><\/span><\/p>\n<p><span style=\"color: #000000;\"><!-- \/wp:list --> <!-- wp:paragraph --><\/span><\/p>\n<p><span style=\"color: #000000;\"><strong>Achtung:<\/strong> Bei einem Briefkastenpaket k\u00f6nnen wir erst 10 Werktage nach dem letzten Scan Ma\u00dfnahmen ergreifen, da diese Pakete keine aktuelle Sendungsverfolgung haben.<\/span><br \/>\n<span style=\"color: #000000;\">Sie k\u00f6nnen bei jeder Sendung die Sendungsverfolgung w\u00e4hlen, sodass Sie Ihr Paket besser verfolgen k\u00f6nnen.<\/span><\/p>\n<p><span style=\"color: #000000;\"><!-- \/wp:paragraph --> <!-- wp:paragraph --><\/span><\/p>\n<p><span style=\"color: #000000;\">Sobald wir Ihre E-Mail erhalten haben, nehmen wir so schnell wie m\u00f6glich Kontakt mit Ihnen auf<\/span><\/p>\n<p>&nbsp;<\/p>\n    <\/div>\n    <\/div>\n<div id=\"ws-mobile-toggle-block_31967cd2d09beb36f94f2713f367ba39\" class=\"mobile-toggle mobile-toggle-block_31967cd2d09beb36f94f2713f367ba39 mobile-toggle\">\n        <div class=\"mobile-toggle__title\">\n        <h3><span style=\"color: #000000\">Paket nicht abgeholt<\/span><\/h3>\n    <\/div>\n    \n        <div class=\"mobile-toggle__content\">\n        <p><span style=\"color: #000000;\">Holen Sie Ihre Bestellung rechtzeitig an der Abholstelle ab. Wird dies nicht getan, wird das Paket automatisch an uns zur\u00fcckgesendet. <\/span><\/p>\n<ul>\n<li><span style=\"color: #000000;\">Sie erhalten dann den Kaufbetrag zur\u00fcck, abz\u00fcglich 9,95 \u20ac f\u00fcr R\u00fccksende- und Bearbeitungskosten.<\/span><\/li>\n<li><span style=\"color: #000000;\">Diese Verg\u00fctung deckt die Kosten f\u00fcr R\u00fccksendung, Verwaltung und Lagerung.<\/span><\/li>\n<li><span style=\"color: #000000;\">Sobald wir das zur\u00fcckgesendete Paket erhalten haben, verarbeiten wir die R\u00fcckerstattung und senden Ihnen hier\u00fcber eine E-Mail.<\/span><\/li>\n<\/ul>\n<p>&nbsp;<\/p>\n<ul class=\"wp-block-list\"><!-- \/wp:list-item --><\/ul>\n    <\/div>\n    <\/div>\n<div id=\"ws-mobile-toggle-block_4bf3ef21ce9e32e3c0860f809bb9ec34\" class=\"mobile-toggle mobile-toggle-block_4bf3ef21ce9e32e3c0860f809bb9ec34 mobile-toggle\">\n        <div class=\"mobile-toggle__title\">\n        <h3>Abstellgenehmigung<\/h3>\n    <\/div>\n    \n        <div class=\"mobile-toggle__content\">\n        <p><span style=\"color: #000000;\">Einige Spediteure bieten die Option \u201eAbstellgenehmigung\u201c an. Wir raten dir, diese Option <strong>nicht<\/strong> zu nutzen. Entscheidest du dich dennoch daf\u00fcr, verlierst du deine Rechte bei Besch\u00e4digung, Verlust oder Nichtzustellung. Das Paket wird dann komplett auf dein eigenes Risiko geliefert.<\/span><\/p>\n<p><span style=\"color: #000000;\">Lies alles \u00fcber die \u201eAbstellgenehmigung\u201c in diesem speziellen Blog. Schau ihn dir <a style=\"color: #000000;\" href=\"https:\/\/www.alldayled.com\/nl\/neerzettoestemming-bij-levering-slim-of-niet\/\">hier<\/a> an.<\/span><\/p>\n<p>&nbsp;<\/p>\n    <\/div>\n    <\/div>\n<div id=\"ws-mobile-toggle-block_f6e643bba416d3b7a611d78d70c957f7\" class=\"mobile-toggle mobile-toggle-block_f6e643bba416d3b7a611d78d70c957f7 mobile-toggle\">\n        <div class=\"mobile-toggle__title\">\n        <h3><span style=\"color: #000000\">Wo ist meine Rechnung<\/span><\/h3>\n    <\/div>\n    \n        <div class=\"mobile-toggle__content\">\n        <p><span style=\"color: #000000;\">Sie finden Ihre Rechnung:<\/span><\/p>\n<ul>\n<li><span style=\"color: #000000;\">In Ihrem Konto, oder<\/span><\/li>\n<li><span style=\"color: #000000;\">Als PDF-Datei in der E-Mail, die Sie nach Abschluss Ihrer Bestellung erhalten<\/span><\/li>\n<\/ul>\n<p><!-- \/wp:list-item --><\/p>\n<p><span style=\"color: #000000;\"><!-- \/wp:list --> <!-- wp:paragraph --><\/span><\/p>\n<p><span style=\"color: #000000;\">Haben Sie die E-Mail gel\u00f6scht oder keinen Zugriff auf Ihr Konto? Nehmen Sie dann Kontakt auf \u00fcber <a style=\"color: #000000;\" href=\"mailto:info@alldayled.com?subject=Factuuraanvraag\" target=\"_blank\" rel=\"noreferrer noopener nofollow\">info@alldayled.com<\/a> und geben Sie Folgendes an: <\/span><\/p>\n<ul>\n<li><span style=\"color: #000000;\">Bestellnummer<\/span><\/li>\n<li><span style=\"color: #000000;\">Name<\/span><\/li>\n<\/ul>\n<p><!-- \/wp:list-item --><\/p>\n<p><span style=\"color: #000000;\"><!-- \/wp:list --> <!-- wp:paragraph --><\/span><\/p>\n<p><span style=\"color: #000000;\">Sie erhalten dann so schnell wie m\u00f6glich Ihre Rechnung per E-Mail.<\/span><\/p>\n<p>&nbsp;<\/p>\n<p><!-- \/wp:paragraph --><\/p>\n    <\/div>\n    <\/div>\n<div id=\"ws-mobile-toggle-block_7d3e60dbcf5c0662b076cffeb8f2294e\" class=\"mobile-toggle mobile-toggle-block_7d3e60dbcf5c0662b076cffeb8f2294e mobile-toggle\">\n        <div class=\"mobile-toggle__title\">\n        <h3><span style=\"color: #000000\">Haben Sie eine Beschwerde?<\/span><\/h3>\n    <\/div>\n    \n        <div class=\"mobile-toggle__content\">\n        <p><span style=\"color: #000000;\">Haben Sie eine Beschwerde \u00fcber eine Bestellung? Nehmen Sie Kontakt auf \u00fcber <a style=\"color: #000000;\" href=\"mailto:info@alldayled.com?subject=Algemene%20klacht\" target=\"_blank\" rel=\"noreferrer noopener nofollow\">info@alldayled.com<\/a> und geben Sie Folgendes an: <\/span><\/p>\n<ul>\n<li>Name<!-- \/wp:list-item --> <!-- wp:list-item --><\/li>\n<li><span style=\"color: #000000;\">Bestellnummer<\/span><!-- \/wp:list-item --> <!-- wp:list-item --><\/li>\n<li><span style=\"color: #000000;\">Abbildung(en), falls zutreffend<\/span><\/li>\n<\/ul>\n<p><!-- \/wp:list-item --><\/p>\n<p><span style=\"color: #000000;\"><!-- \/wp:list --> <!-- wp:paragraph --><\/span><\/p>\n<p><span style=\"color: #000000;\">Wir tun unser Bestes, Ihre Beschwerde so schnell wie m\u00f6glich zu l\u00f6sen. Gelingt dies nicht, k\u00f6nnen Sie Ihren Streitfall melden bei: <\/span><\/p>\n<ul>\n<li><a style=\"color: #000000;\" href=\"https:\/\/www.webwinkelkeur.nl\/kennisbank\/consumenten\/geschil\/\" target=\"_blank\" rel=\"noreferrer noopener\">Stiftung WebwinkelKeur<\/a><\/li>\n<li><a style=\"color: #000000;\" href=\"https:\/\/ec.europa.eu\/odr\" target=\"_blank\" rel=\"noreferrer noopener\">ODR-Plattform EU<\/a><\/li>\n<\/ul>\n<p>&nbsp;<\/p>\n<p><!-- \/wp:list-item --><\/p>\n<p><!-- \/wp:list --><\/p>\n    <\/div>\n    <\/div>\n<div id=\"ws-mobile-toggle-block_761727c6f720efe1a4c2605c0cad1885\" class=\"mobile-toggle mobile-toggle-block_761727c6f720efe1a4c2605c0cad1885 mobile-toggle\">\n        <div class=\"mobile-toggle__title\">\n        <h3><span style=\"color: #000000\">Haben Sie eine Frage<\/span><\/h3>\n    <\/div>\n    \n        <div class=\"mobile-toggle__content\">\n        <p><span style=\"color: #000000;\">Haben Sie eine Frage zu Ihrer Bestellung? Nehmen Sie Kontakt auf \u00fcber <a style=\"color: #000000;\" href=\"mailto:info@alldayled.com?subject=Vraag%20over%20product\" target=\"_blank\" rel=\"noreferrer noopener nofollow\">info@alldayled.com<\/a> und geben Sie Folgendes an: <\/span><\/p>\n<ul>\n<li><span style=\"color: #000000;\">Name<\/span><!-- \/wp:list-item --> <!-- wp:list-item --><\/li>\n<li><span style=\"color: #000000;\">Bestellnummer<\/span><!-- \/wp:list-item --> <!-- wp:list-item --><\/li>\n<li><span style=\"color: #000000;\">Ihre Frage<\/span><\/li>\n<\/ul>\n<p><!-- \/wp:list-item --><\/p>\n<p><span style=\"color: #000000;\"><!-- \/wp:list --> <!-- wp:paragraph --><\/span><\/p>\n<p><span style=\"color: #000000;\">Wir nehmen so schnell wie m\u00f6glich Kontakt mit Ihnen auf.<\/span><\/p>\n<p><!-- \/wp:paragraph --><\/p>\n    <\/div>\n    <\/div>","protected":false},"excerpt":{"rendered":"<p>FAQ &#8211; H\u00e4ufig gestellte Fragen Auf dieser Seite findest du eine \u00dcbersicht der h\u00e4ufig gestellten Fragen und Antworten zu unseren Produkten, Bestellungen, Versand und Service. Wir haben versucht, die Informationen so klar und vollst\u00e4ndig wie m\u00f6glich zu gestalten, damit du schnell Antworten auf die h\u00e4ufigsten Fragen erh\u00e4ltst. Kannst du deine Frage nicht in der Liste [&hellip;]<\/p>\n","protected":false},"author":1,"featured_media":0,"parent":0,"menu_order":0,"comment_status":"closed","ping_status":"closed","template":"templates\/template-page.php","meta":{"_acf_changed":false,"footnotes":""},"class_list":["post-66218","page","type-page","status-publish","hentry"],"acf":[],"yoast_head":"<!-- This site is optimized with the Yoast SEO Premium plugin v26.5 (Yoast SEO v27.1.1) - https:\/\/yoast.com\/product\/yoast-seo-premium-wordpress\/ -->\n<title>Fragen &amp; Beschwerden - All Day Led - Schnelle Hilfe und L\u00f6sung<\/title>\n<meta name=\"description\" content=\"Haben Sie Fragen oder eine Beschwerde zu Ihrer Bestellung bei All Day Led? Sehen Sie sich unsere h\u00e4ufig gestellten Fragen an oder nehmen Sie direkt Kontakt mit uns auf.\" \/>\n<meta name=\"robots\" content=\"index, follow, max-snippet:-1, max-image-preview:large, max-video-preview:-1\" \/>\n<link rel=\"canonical\" href=\"https:\/\/www.alldayled.com\/de\/fragen-beschwerden\/\" \/>\n<meta property=\"og:locale\" content=\"de_DE\" \/>\n<meta property=\"og:type\" content=\"article\" \/>\n<meta property=\"og:title\" content=\"Fragen &amp; Beschwerden - All Day Led - Schnelle Hilfe und L\u00f6sung\" \/>\n<meta property=\"og:description\" content=\"Haben Sie Fragen oder eine Beschwerde zu Ihrer Bestellung bei All Day Led? Sehen Sie sich unsere h\u00e4ufig gestellten Fragen an oder nehmen Sie direkt Kontakt mit uns auf.\" \/>\n<meta property=\"og:url\" content=\"https:\/\/www.alldayled.com\/de\/fragen-beschwerden\/\" \/>\n<meta property=\"og:site_name\" content=\"All Day Led\" \/>\n<meta property=\"article:publisher\" content=\"https:\/\/www.facebook.com\/alldayled\/\" \/>\n<meta property=\"article:modified_time\" content=\"2025-11-25T18:46:24+00:00\" \/>\n<meta property=\"og:image\" content=\"https:\/\/www.alldayled.com\/wp-content\/uploads\/2025\/10\/Logo-ALL-DAY-LED-800x800-zwart-witte-letters-300x300.png\" \/>\n<meta name=\"twitter:label1\" content=\"Gesch\u00e4tzte Lesezeit\" \/>\n\t<meta name=\"twitter:data1\" content=\"1\u00a0Minute\" \/>\n<script type=\"application\/ld+json\" class=\"yoast-schema-graph\">{\"@context\":\"https:\/\/schema.org\",\"@graph\":[{\"@type\":\"WebPage\",\"@id\":\"https:\/\/www.alldayled.com\/de\/fragen-beschwerden\/\",\"url\":\"https:\/\/www.alldayled.com\/de\/fragen-beschwerden\/\",\"name\":\"Fragen & Beschwerden - All Day Led - Schnelle Hilfe und L\u00f6sung\",\"isPartOf\":{\"@id\":\"https:\/\/www.alldayled.com\/de\/#website\"},\"datePublished\":\"2025-11-03T14:11:07+00:00\",\"dateModified\":\"2025-11-25T18:46:24+00:00\",\"description\":\"Haben Sie Fragen oder eine Beschwerde zu Ihrer Bestellung bei All Day Led? Sehen Sie sich unsere h\u00e4ufig gestellten Fragen an oder nehmen Sie direkt Kontakt mit uns auf.\",\"breadcrumb\":{\"@id\":\"https:\/\/www.alldayled.com\/de\/fragen-beschwerden\/#breadcrumb\"},\"inLanguage\":\"de\",\"potentialAction\":[{\"@type\":\"ReadAction\",\"target\":[\"https:\/\/www.alldayled.com\/de\/fragen-beschwerden\/\"]}]},{\"@type\":\"BreadcrumbList\",\"@id\":\"https:\/\/www.alldayled.com\/de\/fragen-beschwerden\/#breadcrumb\",\"itemListElement\":[{\"@type\":\"ListItem\",\"position\":1,\"name\":\"Home\",\"item\":\"https:\/\/www.alldayled.com\/de\/\"},{\"@type\":\"ListItem\",\"position\":2,\"name\":\"Fragen oder Beschwerden\"}]},{\"@type\":\"WebSite\",\"@id\":\"https:\/\/www.alldayled.com\/de\/#website\",\"url\":\"https:\/\/www.alldayled.com\/de\/\",\"name\":\"All Day Led\",\"description\":\"Verlichting voor 12&amp;24 volt gebruik\",\"publisher\":{\"@id\":\"https:\/\/www.alldayled.com\/de\/#organization\"},\"potentialAction\":[{\"@type\":\"SearchAction\",\"target\":{\"@type\":\"EntryPoint\",\"urlTemplate\":\"https:\/\/www.alldayled.com\/de\/?s={search_term_string}\"},\"query-input\":{\"@type\":\"PropertyValueSpecification\",\"valueRequired\":true,\"valueName\":\"search_term_string\"}}],\"inLanguage\":\"de\"},{\"@type\":\"Organization\",\"@id\":\"https:\/\/www.alldayled.com\/de\/#organization\",\"name\":\"All Day Led\",\"url\":\"https:\/\/www.alldayled.com\/de\/\",\"logo\":{\"@type\":\"ImageObject\",\"inLanguage\":\"de\",\"@id\":\"https:\/\/www.alldayled.com\/de\/#\/schema\/logo\/image\/\",\"url\":\"https:\/\/www.alldayled.com\/wp-content\/uploads\/2025\/10\/Logo-ALL-DAY-LED-800x800-zwart-witte-letters.png\",\"contentUrl\":\"https:\/\/www.alldayled.com\/wp-content\/uploads\/2025\/10\/Logo-ALL-DAY-LED-800x800-zwart-witte-letters.png\",\"width\":800,\"height\":800,\"caption\":\"All Day Led\"},\"image\":{\"@id\":\"https:\/\/www.alldayled.com\/de\/#\/schema\/logo\/image\/\"},\"sameAs\":[\"https:\/\/www.facebook.com\/alldayled\/\",\"https:\/\/www.instagram.com\/alldayled\/\"],\"vatID\":\"NL863960133B01\",\"taxID\":\"86416545\"}]}<\/script>\n<!-- \/ Yoast SEO Premium plugin. -->","yoast_head_json":{"title":"Fragen & Beschwerden - All Day Led - Schnelle Hilfe und L\u00f6sung","description":"Haben Sie Fragen oder eine Beschwerde zu Ihrer Bestellung bei All Day Led? Sehen Sie sich unsere h\u00e4ufig gestellten Fragen an oder nehmen Sie direkt Kontakt mit uns auf.","robots":{"index":"index","follow":"follow","max-snippet":"max-snippet:-1","max-image-preview":"max-image-preview:large","max-video-preview":"max-video-preview:-1"},"canonical":"https:\/\/www.alldayled.com\/de\/fragen-beschwerden\/","og_locale":"de_DE","og_type":"article","og_title":"Fragen & Beschwerden - All Day Led - Schnelle Hilfe und L\u00f6sung","og_description":"Haben Sie Fragen oder eine Beschwerde zu Ihrer Bestellung bei All Day Led? Sehen Sie sich unsere h\u00e4ufig gestellten Fragen an oder nehmen Sie direkt Kontakt mit uns auf.","og_url":"https:\/\/www.alldayled.com\/de\/fragen-beschwerden\/","og_site_name":"All Day Led","article_publisher":"https:\/\/www.facebook.com\/alldayled\/","article_modified_time":"2025-11-25T18:46:24+00:00","og_image":[{"url":"https:\/\/www.alldayled.com\/wp-content\/uploads\/2025\/10\/Logo-ALL-DAY-LED-800x800-zwart-witte-letters-300x300.png","type":"","width":"","height":""}],"twitter_misc":{"Gesch\u00e4tzte Lesezeit":"1\u00a0Minute"},"schema":{"@context":"https:\/\/schema.org","@graph":[{"@type":"WebPage","@id":"https:\/\/www.alldayled.com\/de\/fragen-beschwerden\/","url":"https:\/\/www.alldayled.com\/de\/fragen-beschwerden\/","name":"Fragen & Beschwerden - All Day Led - Schnelle Hilfe und L\u00f6sung","isPartOf":{"@id":"https:\/\/www.alldayled.com\/de\/#website"},"datePublished":"2025-11-03T14:11:07+00:00","dateModified":"2025-11-25T18:46:24+00:00","description":"Haben Sie Fragen oder eine Beschwerde zu Ihrer Bestellung bei All Day Led? Sehen Sie sich unsere h\u00e4ufig gestellten Fragen an oder nehmen Sie direkt Kontakt mit uns auf.","breadcrumb":{"@id":"https:\/\/www.alldayled.com\/de\/fragen-beschwerden\/#breadcrumb"},"inLanguage":"de","potentialAction":[{"@type":"ReadAction","target":["https:\/\/www.alldayled.com\/de\/fragen-beschwerden\/"]}]},{"@type":"BreadcrumbList","@id":"https:\/\/www.alldayled.com\/de\/fragen-beschwerden\/#breadcrumb","itemListElement":[{"@type":"ListItem","position":1,"name":"Home","item":"https:\/\/www.alldayled.com\/de\/"},{"@type":"ListItem","position":2,"name":"Fragen oder Beschwerden"}]},{"@type":"WebSite","@id":"https:\/\/www.alldayled.com\/de\/#website","url":"https:\/\/www.alldayled.com\/de\/","name":"All Day Led","description":"Verlichting voor 12&amp;24 volt gebruik","publisher":{"@id":"https:\/\/www.alldayled.com\/de\/#organization"},"potentialAction":[{"@type":"SearchAction","target":{"@type":"EntryPoint","urlTemplate":"https:\/\/www.alldayled.com\/de\/?s={search_term_string}"},"query-input":{"@type":"PropertyValueSpecification","valueRequired":true,"valueName":"search_term_string"}}],"inLanguage":"de"},{"@type":"Organization","@id":"https:\/\/www.alldayled.com\/de\/#organization","name":"All Day Led","url":"https:\/\/www.alldayled.com\/de\/","logo":{"@type":"ImageObject","inLanguage":"de","@id":"https:\/\/www.alldayled.com\/de\/#\/schema\/logo\/image\/","url":"https:\/\/www.alldayled.com\/wp-content\/uploads\/2025\/10\/Logo-ALL-DAY-LED-800x800-zwart-witte-letters.png","contentUrl":"https:\/\/www.alldayled.com\/wp-content\/uploads\/2025\/10\/Logo-ALL-DAY-LED-800x800-zwart-witte-letters.png","width":800,"height":800,"caption":"All Day Led"},"image":{"@id":"https:\/\/www.alldayled.com\/de\/#\/schema\/logo\/image\/"},"sameAs":["https:\/\/www.facebook.com\/alldayled\/","https:\/\/www.instagram.com\/alldayled\/"],"vatID":"NL863960133B01","taxID":"86416545"}]}},"_links":{"self":[{"href":"https:\/\/www.alldayled.com\/de\/wp-json\/wp\/v2\/pages\/66218","targetHints":{"allow":["GET"]}}],"collection":[{"href":"https:\/\/www.alldayled.com\/de\/wp-json\/wp\/v2\/pages"}],"about":[{"href":"https:\/\/www.alldayled.com\/de\/wp-json\/wp\/v2\/types\/page"}],"author":[{"embeddable":true,"href":"https:\/\/www.alldayled.com\/de\/wp-json\/wp\/v2\/users\/1"}],"replies":[{"embeddable":true,"href":"https:\/\/www.alldayled.com\/de\/wp-json\/wp\/v2\/comments?post=66218"}],"version-history":[{"count":7,"href":"https:\/\/www.alldayled.com\/de\/wp-json\/wp\/v2\/pages\/66218\/revisions"}],"predecessor-version":[{"id":66333,"href":"https:\/\/www.alldayled.com\/de\/wp-json\/wp\/v2\/pages\/66218\/revisions\/66333"}],"wp:attachment":[{"href":"https:\/\/www.alldayled.com\/de\/wp-json\/wp\/v2\/media?parent=66218"}],"curies":[{"name":"wp","href":"https:\/\/api.w.org\/{rel}","templated":true}]}}