{"id":64925,"date":"2025-05-19T09:45:49","date_gmt":"2025-05-19T07:45:49","guid":{"rendered":"https:\/\/www.alldayled.com\/product\/strands-nuuk-e-line-black-led-bar-duo\/"},"modified":"2026-02-27T14:01:37","modified_gmt":"2026-02-27T13:01:37","slug":"strands-nuuk-e-line-black-led-bar-duo","status":"publish","type":"product","link":"https:\/\/www.alldayled.com\/de\/produkt\/strands-nuuk-e-line-black-led-bar-duo\/","title":{"rendered":"Strands Nuuk E-line black LED bar DUO"},"content":{"rendered":"<p><span style=\"color: #000000;\"><strong>Strands Nuuk E-LINE black LED bar DUO mit Kennzeichenhalter. <\/strong><\/span><\/p>\n<p><span style=\"color: #000000;\">Bist du auf der Suche nach einem Kennzeichenhalter mit eingebauter LED bar, die nicht nur leistungsstark, sondern auch stilvoll ist? Dann ist die Strands Nuuk E-Line black LED bar DUO genau das, was du brauchst. Diese kompakte LED bar ist nur 3 cm hoch, liefert aber eine beachtliche Lichtleistung von 8350 Lumen und eine Reichweite von 438 Metern bei 1 Lux. Dank der doppelten Lichtquelle und der Farbtemperatur von 5000 K erh\u00e4ltst du eine breite und helle Sicht, sowohl nach vorne als auch zur Seite, ideal f\u00fcr Autos und andere Fahrzeuge. Da die LED bar mit 12 und 24 Volt betrieben wird und nur 108 Watt verbraucht, ist sie zudem f\u00fcr nahezu jeden Fahrzeugtyp geeignet. Der integrierte Nummernschildhalter sorgt daf\u00fcr, dass du die Bar einfach montieren kannst: Einfach den alten Halter austauschen und schon bist du bereit f\u00fcr die Stra\u00dfe.     <\/span><\/p>\n<p><span style=\"color: #000000;\">Dar\u00fcber hinaus ist die Nuuk E-Line black DUO mit allen Pr\u00fcfzeichen ausgestattet, die du f\u00fcr eine sichere und legale Verwendung ben\u00f6tigst. So ist sie ECE R10-gepr\u00fcft, was bedeutet, dass sie keine St\u00f6rungen an deinem Radio oder anderen elektronischen Ger\u00e4ten verursacht. Au\u00dferdem verf\u00fcgt sie \u00fcber das ECE R149-Pr\u00fcfzeichen (Ref. 20), wodurch du die LED bar einfach auf \u00f6ffentlichen Stra\u00dfen verwenden darfst. In einigen europ\u00e4ischen L\u00e4ndern ist eine doppelte Lichtquelle sogar Pflicht, wodurch dieses Modell die L\u00f6sung ist. Mit ihrer eleganten schwarzen Linse passt sie sich nahtlos an jedes Fahrzeug an und verleiht ihm ein modernes Aussehen. Kurz gesagt: Die Strands Nuuk E-Line DUO bietet dir eine Kombination aus Stil, Sicherheit und maximaler Lichtleistung. Genau das, was du f\u00fcr eine sorglose und sichere Fahrt im Dunkeln brauchst.      <\/span><\/p>\n<h5><span style=\"color: #000000;\"><strong>Abmessungen:<\/strong><\/span><\/h5>\n<p><span style=\"color: #000000;\">Da du vor dem Kauf wissen m\u00f6chtest, ob dein Kennzeichen in die integrierte Nummernschildhalterung passt. Wir haben die Abmessungen der LED bar unten notiert. Die Abmessungen der Strands Nuuk E-Line Kennzeichen LED bar DUO sind wie folgt: <\/span><\/p>\n<ul>\n<li><span style=\"color: #000000;\">Breite Nummernschild: 522 mm<\/span><\/li>\n<li><span style=\"color: #000000;\">Breite gesamt: 535 mm<\/span><\/li>\n<li><span style=\"color: #000000;\">Breite LED bar: 514 mm<\/span><\/li>\n<li><span style=\"color: #000000;\">H\u00f6he Nummernschild: 114 mm<\/span><\/li>\n<li><span style=\"color: #000000;\">H\u00f6he gesamt: 154.4 mm<\/span><\/li>\n<li><span style=\"color: #000000;\">H\u00f6he LED bar: 30 mm<\/span><\/li>\n<li><span style=\"color: #000000;\">Dicke: 36 mm<\/span><\/li>\n<\/ul>\n<p><span style=\"color: #000000;\"><em>Achtung: Der Kennzeichenhalter hat eine abgerundete Oberseite und folgt der Rundung des Sto\u00dff\u00e4ngers. \u00dcberpr\u00fcfe die Abmessungen sorgf\u00e4ltig, bevor du bestellst. So stellst du sicher, dass dein Kennzeichen passt und es keine \u00dcberraschungen gibt.  <\/em><\/span><\/p>\n<h5><span style=\"color: #000000;\"><strong>Andere Versionen:<\/strong><\/span><\/h5>\n<p><span style=\"color: #000000;\">M\u00f6chtest du einen Kennzeichenhalter mit eingebauter LED bar kaufen? Aber ist die Nuuk E-Line Kennzeichen LED bar DUO nicht das Modell, das du montieren m\u00f6chtest? Dann wei\u00dft du, dass der Kennzeichenhalter auch in den untenstehenden Ausf\u00fchrungen erh\u00e4ltlich ist.   <\/span><\/p>\n<ul>\n<li><a href=\"https:\/\/www.alldayled.com\/de\/produkt\/strands-nuuk-e-line-black-led-bar\/\"><span style=\"color: #000000;\"><strong>Strands Nuuk E-line black LED bar SINGLE<\/strong><\/span><\/a><\/li>\n<li><a href=\"https:\/\/www.alldayled.com\/de\/produkt\/strands-nuuk-d-line-20-inch-kit\/\"><span style=\"color: #000000;\"><strong>Strands Nuuk D-line 20 Zoll KIT<\/strong><\/span><\/a><\/li>\n<\/ul>\n<p><span style=\"color: #000000;\">Ist die Strands Nuuk E-LINE black LED bar DUO nicht das Produkt, das du suchst? Zum Beispiel aufgrund von Lichtleistung, Form oder Wattzahl?  Kein Problem! Strands bietet ein komplettes Sortiment an Kennzeichen LED bars, sodass du immer die perfekte L\u00f6sung f\u00fcr deinen LKW oder Anh\u00e4nger findest. Sieh dir dann das komplette <a style=\"color: #000000;\" href=\"https:\/\/www.alldayled.com\/de\/marke\/product-strands-lighting-division\/\">Strands Sortiment<\/a> an. <\/span><\/p>\n","protected":false},"excerpt":{"rendered":"<p>Nuuk E-Line black DUO: ein Kennzeichenhalter und eine brachiale LED bar in einem eleganten Design.<\/p>\n","protected":false},"featured_media":37599,"comment_status":"open","ping_status":"closed","template":"","meta":{"_acf_changed":false},"product_brand":[5114],"product_cat":[5386],"product_tag":[9161,9162,9163,9164,9075,9079,9077,9078,9076,9057,9066,9064,9065],"class_list":{"0":"post-64925","1":"product","2":"type-product","3":"status-publish","4":"has-post-thumbnail","6":"product_brand-product-strands-lighting-division","7":"product_cat-led-bar","8":"product_tag-led-bar","9":"product_tag-led-bar-auto","10":"product_tag-led-bar-lkw","11":"product_tag-led-scheinwerfer","12":"product_tag-led-scheinwerfer-auto","13":"product_tag-led-scheinwerfer-lkw","14":"product_tag-led-scheinwerfer-tonabnehmer","15":"product_tag-led-scheinwerfer-traktor","16":"product_tag-led-scheinwerfer-wohnmobil","17":"product_tag-led-arbeitsleuchte","18":"product_tag-strands-led-arbeitsleuchte","19":"product_tag-strands-led-beleuchtung","20":"product_tag-strands-lighting-division","22":"first","23":"instock","24":"taxable","25":"shipping-taxable","26":"purchasable","27":"product-type-simple"},"acf":[],"yoast_head":"<!-- This site is optimized with the Yoast SEO Premium plugin v26.5 (Yoast SEO v27.1.1) - https:\/\/yoast.com\/product\/yoast-seo-premium-wordpress\/ -->\n<title>Strands Nuuk E-Line black DUO - LED bar - All Day Led - 12&amp;24V<\/title>\n<meta name=\"description\" content=\"Strands Nuuk E-Line black LED bar DUO - 12&amp;24 Volt - Auto, LKW und mehr - ECE R149 Ref. 20 Pr\u00fcfzeichen - 8100 Lumen - 1 LUX @438m\" \/>\n<meta name=\"robots\" content=\"index, follow, max-snippet:-1, max-image-preview:large, max-video-preview:-1\" \/>\n<link rel=\"canonical\" href=\"https:\/\/www.alldayled.com\/de\/produkt\/strands-nuuk-e-line-black-led-bar-duo\/\" \/>\n<meta property=\"og:locale\" content=\"de_DE\" \/>\n<meta property=\"og:type\" content=\"article\" \/>\n<meta property=\"og:title\" content=\"Strands Nuuk E-Line black DUO - LED bar - All Day Led - 12&amp;24V\" \/>\n<meta property=\"og:description\" content=\"Strands Nuuk E-Line black LED bar DUO - 12&amp;24 Volt - Auto, LKW und mehr - ECE R149 Ref. 20 Pr\u00fcfzeichen - 8100 Lumen - 1 LUX @438m\" \/>\n<meta property=\"og:url\" content=\"https:\/\/www.alldayled.com\/de\/produkt\/strands-nuuk-e-line-black-led-bar-duo\/\" \/>\n<meta property=\"og:site_name\" content=\"All Day Led\" \/>\n<meta property=\"article:publisher\" content=\"https:\/\/www.facebook.com\/alldayled\/\" \/>\n<meta property=\"article:modified_time\" content=\"2026-02-27T13:01:37+00:00\" \/>\n<meta property=\"og:image\" content=\"https:\/\/www.alldayled.com\/wp-content\/uploads\/2025\/09\/ADL809446-SM-300x300.png\" \/>\n<meta name=\"twitter:label1\" content=\"Preis\" \/>\n\t<meta name=\"twitter:data1\" content=\"&euro;&nbsp;199,00\" \/>\n\t<meta name=\"twitter:label2\" content=\"Verf\u00fcgbarkeit\" \/>\n\t<meta name=\"twitter:data2\" content=\"Auf Lager\" \/>\n<script type=\"application\/ld+json\" class=\"yoast-schema-graph\">{\"@context\":\"https:\/\/schema.org\",\"@graph\":[{\"@type\":\"WebPage\",\"@id\":\"https:\/\/www.alldayled.com\/de\/produkt\/strands-nuuk-e-line-black-led-bar-duo\/\",\"url\":\"https:\/\/www.alldayled.com\/de\/produkt\/strands-nuuk-e-line-black-led-bar-duo\/\",\"name\":\"Strands Nuuk E-Line black DUO - LED bar - All Day Led - 12&24V\",\"isPartOf\":{\"@id\":\"https:\/\/www.alldayled.com\/de\/#website\"},\"primaryImageOfPage\":{\"@id\":\"https:\/\/www.alldayled.com\/de\/produkt\/strands-nuuk-e-line-black-led-bar-duo\/#primaryimage\"},\"image\":{\"@id\":\"https:\/\/www.alldayled.com\/de\/produkt\/strands-nuuk-e-line-black-led-bar-duo\/#primaryimage\"},\"thumbnailUrl\":\"https:\/\/www.alldayled.com\/wp-content\/uploads\/2025\/09\/ADL809446.png\",\"datePublished\":\"2025-05-19T07:45:49+00:00\",\"dateModified\":\"2026-02-27T13:01:37+00:00\",\"description\":\"Strands Nuuk E-Line black LED bar DUO - 12&24 Volt - Auto, LKW und mehr - ECE R149 Ref. 20 Pr\u00fcfzeichen - 8100 Lumen - 1 LUX @438m\",\"breadcrumb\":{\"@id\":\"https:\/\/www.alldayled.com\/de\/produkt\/strands-nuuk-e-line-black-led-bar-duo\/#breadcrumb\"},\"inLanguage\":\"de\",\"potentialAction\":[{\"@type\":\"ReadAction\",\"target\":[\"https:\/\/www.alldayled.com\/de\/produkt\/strands-nuuk-e-line-black-led-bar-duo\/\"]}]},{\"@type\":\"ImageObject\",\"inLanguage\":\"de\",\"@id\":\"https:\/\/www.alldayled.com\/de\/produkt\/strands-nuuk-e-line-black-led-bar-duo\/#primaryimage\",\"url\":\"https:\/\/www.alldayled.com\/wp-content\/uploads\/2025\/09\/ADL809446.png\",\"contentUrl\":\"https:\/\/www.alldayled.com\/wp-content\/uploads\/2025\/09\/ADL809446.png\",\"width\":800,\"height\":600,\"caption\":\"Strands Nuuk E-Line black LED bar DUO - 12&amp;24 Volt - ECE R149 Ref. 20 Pr\u00fcfzeichen - 8350 Lumen - 1 LUX @438m - 809446 - mit Kennzeichenhalter\"},{\"@type\":\"BreadcrumbList\",\"@id\":\"https:\/\/www.alldayled.com\/de\/produkt\/strands-nuuk-e-line-black-led-bar-duo\/#breadcrumb\",\"itemListElement\":[{\"@type\":\"ListItem\",\"position\":1,\"name\":\"Home\",\"item\":\"https:\/\/www.alldayled.com\/de\/\"},{\"@type\":\"ListItem\",\"position\":2,\"name\":\"Shop\",\"item\":\"https:\/\/www.alldayled.com\/de\/shop\/\"},{\"@type\":\"ListItem\",\"position\":3,\"name\":\"Scheinwerfer\",\"item\":\"https:\/\/www.alldayled.com\/de\/produkt-kategorie\/scheinwerfer\/\"},{\"@type\":\"ListItem\",\"position\":4,\"name\":\"LED Bar\",\"item\":\"https:\/\/www.alldayled.com\/de\/produkt-kategorie\/scheinwerfer\/led-bar\/\"},{\"@type\":\"ListItem\",\"position\":5,\"name\":\"Strands Nuuk E-line black LED bar DUO\"}]},{\"@type\":\"WebSite\",\"@id\":\"https:\/\/www.alldayled.com\/de\/#website\",\"url\":\"https:\/\/www.alldayled.com\/de\/\",\"name\":\"All Day Led\",\"description\":\"Verlichting voor 12&amp;24 volt gebruik\",\"publisher\":{\"@id\":\"https:\/\/www.alldayled.com\/de\/#organization\"},\"potentialAction\":[{\"@type\":\"SearchAction\",\"target\":{\"@type\":\"EntryPoint\",\"urlTemplate\":\"https:\/\/www.alldayled.com\/de\/?s={search_term_string}\"},\"query-input\":{\"@type\":\"PropertyValueSpecification\",\"valueRequired\":true,\"valueName\":\"search_term_string\"}}],\"inLanguage\":\"de\"},{\"@type\":\"Organization\",\"@id\":\"https:\/\/www.alldayled.com\/de\/#organization\",\"name\":\"All Day Led\",\"url\":\"https:\/\/www.alldayled.com\/de\/\",\"logo\":{\"@type\":\"ImageObject\",\"inLanguage\":\"de\",\"@id\":\"https:\/\/www.alldayled.com\/de\/#\/schema\/logo\/image\/\",\"url\":\"https:\/\/www.alldayled.com\/wp-content\/uploads\/2025\/10\/Logo-ALL-DAY-LED-800x800-zwart-witte-letters.png\",\"contentUrl\":\"https:\/\/www.alldayled.com\/wp-content\/uploads\/2025\/10\/Logo-ALL-DAY-LED-800x800-zwart-witte-letters.png\",\"width\":800,\"height\":800,\"caption\":\"All Day Led\"},\"image\":{\"@id\":\"https:\/\/www.alldayled.com\/de\/#\/schema\/logo\/image\/\"},\"sameAs\":[\"https:\/\/www.facebook.com\/alldayled\/\",\"https:\/\/www.instagram.com\/alldayled\/\"],\"vatID\":\"NL863960133B01\",\"taxID\":\"86416545\"}]}<\/script>\n<meta property=\"product:brand\" content=\"Strands\" \/>\n<meta property=\"product:price:amount\" content=\"199.00\" \/>\n<meta property=\"product:price:currency\" content=\"EUR\" \/>\n<meta property=\"og:availability\" content=\"instock\" \/>\n<meta property=\"product:availability\" content=\"instock\" \/>\n<meta property=\"product:retailer_item_id\" content=\"ADL809446\" \/>\n<meta property=\"product:condition\" content=\"new\" \/>\n<!-- \/ Yoast SEO Premium plugin. -->","yoast_head_json":{"title":"Strands Nuuk E-Line black DUO - LED bar - All Day Led - 12&24V","description":"Strands Nuuk E-Line black LED bar DUO - 12&24 Volt - Auto, LKW und mehr - ECE R149 Ref. 20 Pr\u00fcfzeichen - 8100 Lumen - 1 LUX @438m","robots":{"index":"index","follow":"follow","max-snippet":"max-snippet:-1","max-image-preview":"max-image-preview:large","max-video-preview":"max-video-preview:-1"},"canonical":"https:\/\/www.alldayled.com\/de\/produkt\/strands-nuuk-e-line-black-led-bar-duo\/","og_locale":"de_DE","og_type":"article","og_title":"Strands Nuuk E-Line black DUO - LED bar - All Day Led - 12&24V","og_description":"Strands Nuuk E-Line black LED bar DUO - 12&24 Volt - Auto, LKW und mehr - ECE R149 Ref. 20 Pr\u00fcfzeichen - 8100 Lumen - 1 LUX @438m","og_url":"https:\/\/www.alldayled.com\/de\/produkt\/strands-nuuk-e-line-black-led-bar-duo\/","og_site_name":"All Day Led","article_publisher":"https:\/\/www.facebook.com\/alldayled\/","article_modified_time":"2026-02-27T13:01:37+00:00","og_image":[{"url":"https:\/\/www.alldayled.com\/wp-content\/uploads\/2025\/09\/ADL809446-SM-300x300.png","type":"","width":"","height":""}],"twitter_misc":{"Preis":"&euro;&nbsp;199,00","Verf\u00fcgbarkeit":"Auf Lager"},"schema":{"@context":"https:\/\/schema.org","@graph":[{"@type":"WebPage","@id":"https:\/\/www.alldayled.com\/de\/produkt\/strands-nuuk-e-line-black-led-bar-duo\/","url":"https:\/\/www.alldayled.com\/de\/produkt\/strands-nuuk-e-line-black-led-bar-duo\/","name":"Strands Nuuk E-Line black DUO - LED bar - All Day Led - 12&24V","isPartOf":{"@id":"https:\/\/www.alldayled.com\/de\/#website"},"primaryImageOfPage":{"@id":"https:\/\/www.alldayled.com\/de\/produkt\/strands-nuuk-e-line-black-led-bar-duo\/#primaryimage"},"image":{"@id":"https:\/\/www.alldayled.com\/de\/produkt\/strands-nuuk-e-line-black-led-bar-duo\/#primaryimage"},"thumbnailUrl":"https:\/\/www.alldayled.com\/wp-content\/uploads\/2025\/09\/ADL809446.png","datePublished":"2025-05-19T07:45:49+00:00","dateModified":"2026-02-27T13:01:37+00:00","description":"Strands Nuuk E-Line black LED bar DUO - 12&24 Volt - Auto, LKW und mehr - ECE R149 Ref. 20 Pr\u00fcfzeichen - 8100 Lumen - 1 LUX @438m","breadcrumb":{"@id":"https:\/\/www.alldayled.com\/de\/produkt\/strands-nuuk-e-line-black-led-bar-duo\/#breadcrumb"},"inLanguage":"de","potentialAction":[{"@type":"ReadAction","target":["https:\/\/www.alldayled.com\/de\/produkt\/strands-nuuk-e-line-black-led-bar-duo\/"]}]},{"@type":"ImageObject","inLanguage":"de","@id":"https:\/\/www.alldayled.com\/de\/produkt\/strands-nuuk-e-line-black-led-bar-duo\/#primaryimage","url":"https:\/\/www.alldayled.com\/wp-content\/uploads\/2025\/09\/ADL809446.png","contentUrl":"https:\/\/www.alldayled.com\/wp-content\/uploads\/2025\/09\/ADL809446.png","width":800,"height":600,"caption":"Strands Nuuk E-Line black LED bar DUO - 12&amp;24 Volt - ECE R149 Ref. 20 Pr\u00fcfzeichen - 8350 Lumen - 1 LUX @438m - 809446 - mit Kennzeichenhalter"},{"@type":"BreadcrumbList","@id":"https:\/\/www.alldayled.com\/de\/produkt\/strands-nuuk-e-line-black-led-bar-duo\/#breadcrumb","itemListElement":[{"@type":"ListItem","position":1,"name":"Home","item":"https:\/\/www.alldayled.com\/de\/"},{"@type":"ListItem","position":2,"name":"Shop","item":"https:\/\/www.alldayled.com\/de\/shop\/"},{"@type":"ListItem","position":3,"name":"Scheinwerfer","item":"https:\/\/www.alldayled.com\/de\/produkt-kategorie\/scheinwerfer\/"},{"@type":"ListItem","position":4,"name":"LED Bar","item":"https:\/\/www.alldayled.com\/de\/produkt-kategorie\/scheinwerfer\/led-bar\/"},{"@type":"ListItem","position":5,"name":"Strands Nuuk E-line black LED bar DUO"}]},{"@type":"WebSite","@id":"https:\/\/www.alldayled.com\/de\/#website","url":"https:\/\/www.alldayled.com\/de\/","name":"All Day Led","description":"Verlichting voor 12&amp;24 volt gebruik","publisher":{"@id":"https:\/\/www.alldayled.com\/de\/#organization"},"potentialAction":[{"@type":"SearchAction","target":{"@type":"EntryPoint","urlTemplate":"https:\/\/www.alldayled.com\/de\/?s={search_term_string}"},"query-input":{"@type":"PropertyValueSpecification","valueRequired":true,"valueName":"search_term_string"}}],"inLanguage":"de"},{"@type":"Organization","@id":"https:\/\/www.alldayled.com\/de\/#organization","name":"All Day Led","url":"https:\/\/www.alldayled.com\/de\/","logo":{"@type":"ImageObject","inLanguage":"de","@id":"https:\/\/www.alldayled.com\/de\/#\/schema\/logo\/image\/","url":"https:\/\/www.alldayled.com\/wp-content\/uploads\/2025\/10\/Logo-ALL-DAY-LED-800x800-zwart-witte-letters.png","contentUrl":"https:\/\/www.alldayled.com\/wp-content\/uploads\/2025\/10\/Logo-ALL-DAY-LED-800x800-zwart-witte-letters.png","width":800,"height":800,"caption":"All Day Led"},"image":{"@id":"https:\/\/www.alldayled.com\/de\/#\/schema\/logo\/image\/"},"sameAs":["https:\/\/www.facebook.com\/alldayled\/","https:\/\/www.instagram.com\/alldayled\/"],"vatID":"NL863960133B01","taxID":"86416545"}]},"product_brand":"Strands","product_price_amount":"199.00","product_price_currency":"EUR","og_availability":"instock","product_availability":"instock","product_retailer_item_id":"ADL809446","product_condition":"new"},"_links":{"self":[{"href":"https:\/\/www.alldayled.com\/de\/wp-json\/wp\/v2\/product\/64925","targetHints":{"allow":["GET"]}}],"collection":[{"href":"https:\/\/www.alldayled.com\/de\/wp-json\/wp\/v2\/product"}],"about":[{"href":"https:\/\/www.alldayled.com\/de\/wp-json\/wp\/v2\/types\/product"}],"replies":[{"embeddable":true,"href":"https:\/\/www.alldayled.com\/de\/wp-json\/wp\/v2\/comments?post=64925"}],"wp:featuredmedia":[{"embeddable":true,"href":"https:\/\/www.alldayled.com\/de\/wp-json\/wp\/v2\/media\/37599"}],"wp:attachment":[{"href":"https:\/\/www.alldayled.com\/de\/wp-json\/wp\/v2\/media?parent=64925"}],"wp:term":[{"taxonomy":"product_brand","embeddable":true,"href":"https:\/\/www.alldayled.com\/de\/wp-json\/wp\/v2\/product_brand?post=64925"},{"taxonomy":"product_cat","embeddable":true,"href":"https:\/\/www.alldayled.com\/de\/wp-json\/wp\/v2\/product_cat?post=64925"},{"taxonomy":"product_tag","embeddable":true,"href":"https:\/\/www.alldayled.com\/de\/wp-json\/wp\/v2\/product_tag?post=64925"}],"curies":[{"name":"wp","href":"https:\/\/api.w.org\/{rel}","templated":true}]}}