{"id":65068,"date":"2020-06-26T16:24:07","date_gmt":"2020-06-26T14:24:07","guid":{"rendered":"https:\/\/www.alldayled.com\/product\/led-hamburger-achterlicht-12-24v\/"},"modified":"2026-04-01T15:23:04","modified_gmt":"2026-04-01T13:23:04","slug":"led-hamburger-achterlicht-12-24v","status":"publish","type":"product","link":"https:\/\/www.alldayled.com\/de\/produkt\/led-hamburger-achterlicht-12-24v\/","title":{"rendered":"LED Hamburger R\u00fccklicht 12\/24V"},"content":{"rendered":"<p><span style=\"color: #000000;\"><strong>TruckLED Hamburger LED R\u00fccklicht, f\u00fcr 12 und 24 Volt Betrieb.<\/strong><\/span><\/p>\n<p><span style=\"color: #000000;\">M\u00f6chtest du deinen LKW, Anh\u00e4nger, dein Nutzfahrzeug, Traktor oder ein anderes Fahrzeug mit einem neuen R\u00fccklicht ausstatten, aber wei\u00dft noch nicht genau, welche Lampe du brauchst? Dann ist das TruckLED LED Hamburger R\u00fccklicht vielleicht genau die richtige Lampe f\u00fcr dich. Dieses flache LED-R\u00fccklicht hat 20 LED-Punkte und leuchtet in Orange und Rot. Es funktioniert mit 12 und 24 Volt und wird mit einem praktischen Schiebe-Steckeranschluss geliefert.   <\/span><\/p>\n<p><span style=\"color: #000000;\">Um sicherzustellen, dass dieses LED Hamburger R\u00fccklicht f\u00fcr dein Fahrzeug oder deinen Anh\u00e4nger geeignet ist, haben wir unten die wichtigsten Spezifikationen f\u00fcr dich aufgelistet. Die Lampe ist mit dem ECE R10-Pr\u00fcfzeichen versehen, was bedeutet, dass sie w\u00e4hrend des Betriebs keine St\u00f6rungen, zum Beispiel an deinem Radiosignal, verursacht. Zudem besitzt sie die Pr\u00fcfzeichen ECE R6 und ECE R7, wodurch sie offiziell als R\u00fccklicht verwendet werden darf.  <\/span><\/p>\n<h5><span style=\"color: #000000;\"><strong>Abmessungen:<\/strong><\/span><\/h5>\n<p><span style=\"color: #000000;\">M\u00f6chtest du wissen, ob du das LED Hamburger R\u00fccklicht einfach montieren kannst? Sieh dir dann die Abmessungen unten an. So wei\u00dft du sofort, ob es auf dein Fahrzeug passt.  <\/span><\/p>\n<ul>\n<li><span style=\"color: #000000;\">Durchmesser: 140mm<\/span><\/li>\n<li><span style=\"color: #000000;\">H\u00f6he: 58mm<\/span><\/li>\n<\/ul>\n<h5><span style=\"color: #000000;\"><strong>Andere Versionen: <\/strong><\/span><\/h5>\n<p><span style=\"color: #000000;\">M\u00f6chtest du lieber eine andere Ausf\u00fchrung? Das runde R\u00fccklicht ist auch als R\u00fcckfahrleuchte oder Nebelschlussleuchte erh\u00e4ltlich. Die passenden runden LED-R\u00fccklichter von TruckLED findest du hier:  <\/span><\/p>\n<ul>\n<li><span style=\"color: #000000;\"><strong><a style=\"color: #000000;\" href=\"https:\/\/www.alldayled.com\/de\/produkt\/led-mistachterlicht-rond-12v-24v\/\">LED Nebelschlussleuchte<\/a><\/strong><\/span><\/li>\n<li><span style=\"color: #000000;\"><a style=\"color: #000000;\" href=\"https:\/\/www.alldayled.com\/de\/produkt\/led-achteruitrijlamp-rond-12v-24v\/\"><strong>LED R\u00fcckfahrleuchte<\/strong><\/a><\/span><\/li>\n<\/ul>\n<p><span style=\"color: #000000;\">Noch nicht ganz das, was du suchst? Vielleicht ist die Lichtausbeute oder die Wattzahl nicht ganz passend. Sieh dir dann unsere komplette <g id=\"gid_0\">R\u00fccklichter-Seite<\/g> an. Die Chancen stehen gut, dass du dort das Modell findest, das perfekt zu deinem Fahrzeug passt.   <\/span><\/p>\n","protected":false},"excerpt":{"rendered":"<p>Hamburger LED R\u00fccklicht mit 20 LED-Punkten. Geeignet f\u00fcr 12 &amp; 24 Volt und ECE R6 und R7. <\/p>\n","protected":false},"featured_media":16248,"comment_status":"open","ping_status":"closed","template":"","meta":{"_acf_changed":false},"product_brand":[6605],"product_cat":[5192],"product_tag":[9222,9220,9218,9221,9219,9160],"class_list":{"0":"post-65068","1":"product","2":"type-product","3":"status-publish","4":"has-post-thumbnail","6":"product_brand-product-truckled","7":"product_cat-achterlicht-rond","8":"product_tag-anhanger-rucklicht","9":"product_tag-blinker","10":"product_tag-deense-achterbumper","11":"product_tag-hamburger-rucklicht","12":"product_tag-led-rucklicht","13":"product_tag-truckstyling","15":"first","16":"instock","17":"taxable","18":"shipping-taxable","19":"purchasable","20":"product-type-simple"},"acf":[],"yoast_head":"<!-- This site is optimized with the Yoast SEO Premium plugin v26.5 (Yoast SEO v27.1.1) - https:\/\/yoast.com\/product\/yoast-seo-premium-wordpress\/ -->\n<title>LED Hamburger R\u00fccklicht - All Day Led - f\u00fcr 12 &amp; 24 Volt<\/title>\n<meta name=\"description\" content=\"LED Hamburger R\u00fccklicht - 3-in-1 R\u00fccklicht - LED R\u00fccklicht f\u00fcr Anh\u00e4nger, LKW, Traktor und mehr - schnell lieferbar\" \/>\n<meta name=\"robots\" content=\"index, follow, max-snippet:-1, max-image-preview:large, max-video-preview:-1\" \/>\n<link rel=\"canonical\" href=\"https:\/\/www.alldayled.com\/de\/produkt\/led-hamburger-achterlicht-12-24v\/\" \/>\n<meta property=\"og:locale\" content=\"de_DE\" \/>\n<meta property=\"og:type\" content=\"article\" \/>\n<meta property=\"og:title\" content=\"LED Hamburger R\u00fccklicht - All Day Led - f\u00fcr 12 &amp; 24 Volt\" \/>\n<meta property=\"og:description\" content=\"LED Hamburger R\u00fccklicht - 3-in-1 R\u00fccklicht - LED R\u00fccklicht f\u00fcr Anh\u00e4nger, LKW, Traktor und mehr - schnell lieferbar\" \/>\n<meta property=\"og:url\" content=\"https:\/\/www.alldayled.com\/de\/produkt\/led-hamburger-achterlicht-12-24v\/\" \/>\n<meta property=\"og:site_name\" content=\"All Day Led\" \/>\n<meta property=\"article:publisher\" content=\"https:\/\/www.facebook.com\/alldayled\/\" \/>\n<meta property=\"article:modified_time\" content=\"2026-04-01T13:23:04+00:00\" \/>\n<meta property=\"og:image\" content=\"https:\/\/www.alldayled.com\/wp-content\/uploads\/2024\/08\/ADL02203.01-300x300.png\" \/>\n<meta name=\"twitter:label1\" content=\"Preis\" \/>\n\t<meta name=\"twitter:data1\" content=\"&euro;&nbsp;19,95\" \/>\n\t<meta name=\"twitter:label2\" content=\"Verf\u00fcgbarkeit\" \/>\n\t<meta name=\"twitter:data2\" content=\"Auf Lager\" \/>\n<script type=\"application\/ld+json\" class=\"yoast-schema-graph\">{\"@context\":\"https:\/\/schema.org\",\"@graph\":[{\"@type\":\"WebPage\",\"@id\":\"https:\/\/www.alldayled.com\/de\/produkt\/led-hamburger-achterlicht-12-24v\/\",\"url\":\"https:\/\/www.alldayled.com\/de\/produkt\/led-hamburger-achterlicht-12-24v\/\",\"name\":\"LED Hamburger R\u00fccklicht - All Day Led - f\u00fcr 12 & 24 Volt\",\"isPartOf\":{\"@id\":\"https:\/\/www.alldayled.com\/de\/#website\"},\"primaryImageOfPage\":{\"@id\":\"https:\/\/www.alldayled.com\/de\/produkt\/led-hamburger-achterlicht-12-24v\/#primaryimage\"},\"image\":{\"@id\":\"https:\/\/www.alldayled.com\/de\/produkt\/led-hamburger-achterlicht-12-24v\/#primaryimage\"},\"thumbnailUrl\":\"https:\/\/www.alldayled.com\/wp-content\/uploads\/2020\/06\/ADL02203.png\",\"datePublished\":\"2020-06-26T14:24:07+00:00\",\"dateModified\":\"2026-04-01T13:23:04+00:00\",\"description\":\"LED Hamburger R\u00fccklicht - 3-in-1 R\u00fccklicht - LED R\u00fccklicht f\u00fcr Anh\u00e4nger, LKW, Traktor und mehr - schnell lieferbar\",\"breadcrumb\":{\"@id\":\"https:\/\/www.alldayled.com\/de\/produkt\/led-hamburger-achterlicht-12-24v\/#breadcrumb\"},\"inLanguage\":\"de\",\"potentialAction\":[{\"@type\":\"ReadAction\",\"target\":[\"https:\/\/www.alldayled.com\/de\/produkt\/led-hamburger-achterlicht-12-24v\/\"]}]},{\"@type\":\"ImageObject\",\"inLanguage\":\"de\",\"@id\":\"https:\/\/www.alldayled.com\/de\/produkt\/led-hamburger-achterlicht-12-24v\/#primaryimage\",\"url\":\"https:\/\/www.alldayled.com\/wp-content\/uploads\/2020\/06\/ADL02203.png\",\"contentUrl\":\"https:\/\/www.alldayled.com\/wp-content\/uploads\/2020\/06\/ADL02203.png\",\"width\":800,\"height\":600,\"caption\":\"Obo LED Hamburger R\u00fccklicht f\u00fcr 12 &amp; 24 Volt Betrieb \u2013 Aufbaumontage mit Schiebe-Stecker \u2013 f\u00fcr Anh\u00e4nger, Traktor, LKW, Wohnmobil und mehr \u2013 EAN: 2000010029891\"},{\"@type\":\"BreadcrumbList\",\"@id\":\"https:\/\/www.alldayled.com\/de\/produkt\/led-hamburger-achterlicht-12-24v\/#breadcrumb\",\"itemListElement\":[{\"@type\":\"ListItem\",\"position\":1,\"name\":\"Home\",\"item\":\"https:\/\/www.alldayled.com\/de\/\"},{\"@type\":\"ListItem\",\"position\":2,\"name\":\"Shop\",\"item\":\"https:\/\/www.alldayled.com\/de\/shop\/\"},{\"@type\":\"ListItem\",\"position\":3,\"name\":\"Heckleuchten\",\"item\":\"https:\/\/www.alldayled.com\/de\/produkt-kategorie\/rucklichter\/\"},{\"@type\":\"ListItem\",\"position\":4,\"name\":\"R\u00fccklicht rund\",\"item\":\"https:\/\/www.alldayled.com\/de\/produkt-kategorie\/rucklichter\/achterlicht-rond\/\"},{\"@type\":\"ListItem\",\"position\":5,\"name\":\"LED Hamburger R\u00fccklicht 12\/24V\"}]},{\"@type\":\"WebSite\",\"@id\":\"https:\/\/www.alldayled.com\/de\/#website\",\"url\":\"https:\/\/www.alldayled.com\/de\/\",\"name\":\"All Day Led\",\"description\":\"Verlichting voor 12&amp;24 volt gebruik\",\"publisher\":{\"@id\":\"https:\/\/www.alldayled.com\/de\/#organization\"},\"potentialAction\":[{\"@type\":\"SearchAction\",\"target\":{\"@type\":\"EntryPoint\",\"urlTemplate\":\"https:\/\/www.alldayled.com\/de\/?s={search_term_string}\"},\"query-input\":{\"@type\":\"PropertyValueSpecification\",\"valueRequired\":true,\"valueName\":\"search_term_string\"}}],\"inLanguage\":\"de\"},{\"@type\":\"Organization\",\"@id\":\"https:\/\/www.alldayled.com\/de\/#organization\",\"name\":\"All Day Led\",\"url\":\"https:\/\/www.alldayled.com\/de\/\",\"logo\":{\"@type\":\"ImageObject\",\"inLanguage\":\"de\",\"@id\":\"https:\/\/www.alldayled.com\/de\/#\/schema\/logo\/image\/\",\"url\":\"https:\/\/www.alldayled.com\/wp-content\/uploads\/2025\/10\/Logo-ALL-DAY-LED-800x800-zwart-witte-letters.png\",\"contentUrl\":\"https:\/\/www.alldayled.com\/wp-content\/uploads\/2025\/10\/Logo-ALL-DAY-LED-800x800-zwart-witte-letters.png\",\"width\":800,\"height\":800,\"caption\":\"All Day Led\"},\"image\":{\"@id\":\"https:\/\/www.alldayled.com\/de\/#\/schema\/logo\/image\/\"},\"sameAs\":[\"https:\/\/www.facebook.com\/alldayled\/\",\"https:\/\/www.instagram.com\/alldayled\/\"],\"vatID\":\"NL863960133B01\",\"taxID\":\"86416545\"}]}<\/script>\n<meta property=\"product:brand\" content=\"TruckLED\" \/>\n<meta property=\"product:price:amount\" content=\"19.95\" \/>\n<meta property=\"product:price:currency\" content=\"EUR\" \/>\n<meta property=\"og:availability\" content=\"instock\" \/>\n<meta property=\"product:availability\" content=\"instock\" \/>\n<meta property=\"product:retailer_item_id\" content=\"ADL02203\" \/>\n<meta property=\"product:condition\" content=\"new\" \/>\n<!-- \/ Yoast SEO Premium plugin. -->","yoast_head_json":{"title":"LED Hamburger R\u00fccklicht - All Day Led - f\u00fcr 12 & 24 Volt","description":"LED Hamburger R\u00fccklicht - 3-in-1 R\u00fccklicht - LED R\u00fccklicht f\u00fcr Anh\u00e4nger, LKW, Traktor und mehr - schnell lieferbar","robots":{"index":"index","follow":"follow","max-snippet":"max-snippet:-1","max-image-preview":"max-image-preview:large","max-video-preview":"max-video-preview:-1"},"canonical":"https:\/\/www.alldayled.com\/de\/produkt\/led-hamburger-achterlicht-12-24v\/","og_locale":"de_DE","og_type":"article","og_title":"LED Hamburger R\u00fccklicht - All Day Led - f\u00fcr 12 & 24 Volt","og_description":"LED Hamburger R\u00fccklicht - 3-in-1 R\u00fccklicht - LED R\u00fccklicht f\u00fcr Anh\u00e4nger, LKW, Traktor und mehr - schnell lieferbar","og_url":"https:\/\/www.alldayled.com\/de\/produkt\/led-hamburger-achterlicht-12-24v\/","og_site_name":"All Day Led","article_publisher":"https:\/\/www.facebook.com\/alldayled\/","article_modified_time":"2026-04-01T13:23:04+00:00","og_image":[{"url":"https:\/\/www.alldayled.com\/wp-content\/uploads\/2024\/08\/ADL02203.01-300x300.png","type":"","width":"","height":""}],"twitter_misc":{"Preis":"&euro;&nbsp;19,95","Verf\u00fcgbarkeit":"Auf Lager"},"schema":{"@context":"https:\/\/schema.org","@graph":[{"@type":"WebPage","@id":"https:\/\/www.alldayled.com\/de\/produkt\/led-hamburger-achterlicht-12-24v\/","url":"https:\/\/www.alldayled.com\/de\/produkt\/led-hamburger-achterlicht-12-24v\/","name":"LED Hamburger R\u00fccklicht - All Day Led - f\u00fcr 12 & 24 Volt","isPartOf":{"@id":"https:\/\/www.alldayled.com\/de\/#website"},"primaryImageOfPage":{"@id":"https:\/\/www.alldayled.com\/de\/produkt\/led-hamburger-achterlicht-12-24v\/#primaryimage"},"image":{"@id":"https:\/\/www.alldayled.com\/de\/produkt\/led-hamburger-achterlicht-12-24v\/#primaryimage"},"thumbnailUrl":"https:\/\/www.alldayled.com\/wp-content\/uploads\/2020\/06\/ADL02203.png","datePublished":"2020-06-26T14:24:07+00:00","dateModified":"2026-04-01T13:23:04+00:00","description":"LED Hamburger R\u00fccklicht - 3-in-1 R\u00fccklicht - LED R\u00fccklicht f\u00fcr Anh\u00e4nger, LKW, Traktor und mehr - schnell lieferbar","breadcrumb":{"@id":"https:\/\/www.alldayled.com\/de\/produkt\/led-hamburger-achterlicht-12-24v\/#breadcrumb"},"inLanguage":"de","potentialAction":[{"@type":"ReadAction","target":["https:\/\/www.alldayled.com\/de\/produkt\/led-hamburger-achterlicht-12-24v\/"]}]},{"@type":"ImageObject","inLanguage":"de","@id":"https:\/\/www.alldayled.com\/de\/produkt\/led-hamburger-achterlicht-12-24v\/#primaryimage","url":"https:\/\/www.alldayled.com\/wp-content\/uploads\/2020\/06\/ADL02203.png","contentUrl":"https:\/\/www.alldayled.com\/wp-content\/uploads\/2020\/06\/ADL02203.png","width":800,"height":600,"caption":"Obo LED Hamburger R\u00fccklicht f\u00fcr 12 &amp; 24 Volt Betrieb \u2013 Aufbaumontage mit Schiebe-Stecker \u2013 f\u00fcr Anh\u00e4nger, Traktor, LKW, Wohnmobil und mehr \u2013 EAN: 2000010029891"},{"@type":"BreadcrumbList","@id":"https:\/\/www.alldayled.com\/de\/produkt\/led-hamburger-achterlicht-12-24v\/#breadcrumb","itemListElement":[{"@type":"ListItem","position":1,"name":"Home","item":"https:\/\/www.alldayled.com\/de\/"},{"@type":"ListItem","position":2,"name":"Shop","item":"https:\/\/www.alldayled.com\/de\/shop\/"},{"@type":"ListItem","position":3,"name":"Heckleuchten","item":"https:\/\/www.alldayled.com\/de\/produkt-kategorie\/rucklichter\/"},{"@type":"ListItem","position":4,"name":"R\u00fccklicht rund","item":"https:\/\/www.alldayled.com\/de\/produkt-kategorie\/rucklichter\/achterlicht-rond\/"},{"@type":"ListItem","position":5,"name":"LED Hamburger R\u00fccklicht 12\/24V"}]},{"@type":"WebSite","@id":"https:\/\/www.alldayled.com\/de\/#website","url":"https:\/\/www.alldayled.com\/de\/","name":"All Day Led","description":"Verlichting voor 12&amp;24 volt gebruik","publisher":{"@id":"https:\/\/www.alldayled.com\/de\/#organization"},"potentialAction":[{"@type":"SearchAction","target":{"@type":"EntryPoint","urlTemplate":"https:\/\/www.alldayled.com\/de\/?s={search_term_string}"},"query-input":{"@type":"PropertyValueSpecification","valueRequired":true,"valueName":"search_term_string"}}],"inLanguage":"de"},{"@type":"Organization","@id":"https:\/\/www.alldayled.com\/de\/#organization","name":"All Day Led","url":"https:\/\/www.alldayled.com\/de\/","logo":{"@type":"ImageObject","inLanguage":"de","@id":"https:\/\/www.alldayled.com\/de\/#\/schema\/logo\/image\/","url":"https:\/\/www.alldayled.com\/wp-content\/uploads\/2025\/10\/Logo-ALL-DAY-LED-800x800-zwart-witte-letters.png","contentUrl":"https:\/\/www.alldayled.com\/wp-content\/uploads\/2025\/10\/Logo-ALL-DAY-LED-800x800-zwart-witte-letters.png","width":800,"height":800,"caption":"All Day Led"},"image":{"@id":"https:\/\/www.alldayled.com\/de\/#\/schema\/logo\/image\/"},"sameAs":["https:\/\/www.facebook.com\/alldayled\/","https:\/\/www.instagram.com\/alldayled\/"],"vatID":"NL863960133B01","taxID":"86416545"}]},"product_brand":"TruckLED","product_price_amount":"19.95","product_price_currency":"EUR","og_availability":"instock","product_availability":"instock","product_retailer_item_id":"ADL02203","product_condition":"new"},"_links":{"self":[{"href":"https:\/\/www.alldayled.com\/de\/wp-json\/wp\/v2\/product\/65068","targetHints":{"allow":["GET"]}}],"collection":[{"href":"https:\/\/www.alldayled.com\/de\/wp-json\/wp\/v2\/product"}],"about":[{"href":"https:\/\/www.alldayled.com\/de\/wp-json\/wp\/v2\/types\/product"}],"replies":[{"embeddable":true,"href":"https:\/\/www.alldayled.com\/de\/wp-json\/wp\/v2\/comments?post=65068"}],"wp:featuredmedia":[{"embeddable":true,"href":"https:\/\/www.alldayled.com\/de\/wp-json\/wp\/v2\/media\/16248"}],"wp:attachment":[{"href":"https:\/\/www.alldayled.com\/de\/wp-json\/wp\/v2\/media?parent=65068"}],"wp:term":[{"taxonomy":"product_brand","embeddable":true,"href":"https:\/\/www.alldayled.com\/de\/wp-json\/wp\/v2\/product_brand?post=65068"},{"taxonomy":"product_cat","embeddable":true,"href":"https:\/\/www.alldayled.com\/de\/wp-json\/wp\/v2\/product_cat?post=65068"},{"taxonomy":"product_tag","embeddable":true,"href":"https:\/\/www.alldayled.com\/de\/wp-json\/wp\/v2\/product_tag?post=65068"}],"curies":[{"name":"wp","href":"https:\/\/api.w.org\/{rel}","templated":true}]}}