{"id":65072,"date":"2022-12-27T17:30:07","date_gmt":"2022-12-27T16:30:07","guid":{"rendered":"https:\/\/www.alldayled.com\/product\/strands-dt4-connector-kabel-3m\/"},"modified":"2026-04-13T18:30:57","modified_gmt":"2026-04-13T16:30:57","slug":"strands-dt4-connector-kabel-3m","status":"publish","type":"product","link":"https:\/\/www.alldayled.com\/de\/produkt\/strands-dt4-connector-kabel-3m\/","title":{"rendered":"Strands DT4 Anschlusskabel 3m"},"content":{"rendered":"<p><span style=\"color: #000000;\"><strong>Strands DT4 Anschlusskabel 3 Meter, f\u00fcr 12&amp;24 Volt Betrieb. <\/strong><\/span><\/p>\n<p><span style=\"color: #000000;\">Haben Sie eine LED-Lampe gekauft, die einen DT4-Anschluss hat, aber das mitgelieferte Kabel ist zu kurz? Dann ist dies vielleicht das gesuchte Steckerkabel. Das VDE-Kabel ist mit 3 Metern Kabell\u00e4nge ausgestattet und hat am Ende einen DT4-Stecker. Das Strands-Steckerkabel mit Deutsch DT4-Stecker kann mit 12 und 24 Volt verwendet werden. Das bedeutet, dass Sie das Stromkabel beispielsweise in Ihrem Auto, LKW, Anh\u00e4nger, Traktor oder einem anderen Fahrzeugtyp verwenden k\u00f6nnen.     <\/span><\/p>\n<p><span style=\"color: #000000;\">Um sicherzustellen, dass das Strands Anschlusskabel mit DT4-Stecker f\u00fcr Ihr Fahrzeug oder Ihren Anh\u00e4nger geeignet ist, haben wir im Folgenden eine Reihe von Spezifikationen aufgef\u00fchrt. All dies, um Ihnen zu verdeutlichen, warum dies vielleicht das gesuchte Anschlusskabel ist. Das Anschlusskabel ist unter anderem mit einem 4 x 1,5mm\u00b2 Kabel ausgestattet. Die Kabelst\u00e4rke sorgt daf\u00fcr, dass Sie hier eine Lampe anschlie\u00dfen k\u00f6nnen, die maximal 156W verbraucht. Um das Ganze abzurunden, ist das Kabel auch f\u00fcr ADR-Fahrzeuge geeignet. Siehe <a style=\"color: #000000;\" href=\"https:\/\/www.strandseurope.com\/wp-content\/uploads\/2021\/10\/270480-270487-Manual.pdf\" target=\"_blank\" rel=\"noopener\">hier<\/a> die Anleitung der LED-Lampe.      <\/span><\/p>\n<h5><span style=\"color: #000000;\"><strong>Sonstige Kabel: <\/strong><\/span><\/h5>\n<p><span style=\"color: #000000;\">M\u00f6chten Sie ein Anschlusskabel von Strands kaufen, aber das DT4 Anschlusskabel 3 Meter ist nicht das, was Sie suchen? Dann wissen Sie, dass Strands auch diverse andere Anschlusskabel anbietet. Hier finden Sie ein paar:   <\/span><\/p>\n<ul>\n<li><span style=\"color: #000000;\"><a style=\"color: #000000;\" href=\"https:\/\/www.alldayled.com\/de\/produkt\/strands-aanstekerplug-met-dt2-stekker\/\"><strong>Zigarettenanz\u00fcnderstecker mit DT2-Stecker<\/strong><\/a><\/span><\/li>\n<li><span style=\"color: #000000;\"><strong><a style=\"color: #000000;\" href=\"https:\/\/www.alldayled.com\/de\/produkt\/strands-dt2-connector-kabel-3-meter\/\">DT2-Anschlusskabel 3m <\/a><\/strong><\/span><\/li>\n<li><span style=\"color: #000000;\"><a style=\"color: #000000;\" href=\"https:\/\/www.alldayled.com\/de\/produkt\/strands-dt2-connector-kabel-5m\/\"><strong>DT2-Anschlusskabel 5m<\/strong><\/a><\/span><\/li>\n<li><span style=\"color: #000000;\"><a style=\"color: #000000;\" href=\"https:\/\/www.alldayled.com\/de\/produkt\/strands-dt4-connector-kabel-5m\/\"><strong>DT4-Anschlusskabel 5m<\/strong><\/a><\/span><\/li>\n<\/ul>\n<p><span style=\"color: #000000;\">Sind Sie der Meinung, dass das Strands Anschlusskabel mit Deutsch DT4-Stecker 3 Meter nicht das ist, was Sie suchen? Einfach, weil der Stecker oder die Kabell\u00e4nge nicht Ihren W\u00fcnschen entspricht? Dann werfen Sie einen Blick auf unsere Seite <a style=\"color: #000000;\" href=\"https:\/\/www.alldayled.com\/de\/produkt-kategorie\/andere-produkte\/fittingen-en-kabels\/\">Fassungen und Kabel<\/a>. Vielleicht finden Sie hier die Fassung oder das Kabel, das Sie suchen.   <\/span><\/p>\n","protected":false},"excerpt":{"rendered":"<p>Verl\u00e4ngern Sie den Anschluss Ihrer DT4 LED-Lampe mit diesem 3 m langen Kabel &#8211; f\u00fcr 12\/24 Volt.<\/p>\n","protected":false},"featured_media":20952,"comment_status":"open","ping_status":"closed","template":"","meta":{"_acf_changed":false},"product_brand":[5114],"product_cat":[5336,5330],"product_tag":[9065,9165,9080],"class_list":{"0":"post-65072","1":"product","2":"type-product","3":"status-publish","4":"has-post-thumbnail","6":"product_brand-product-strands-lighting-division","7":"product_cat-werklamp-toebehoren","8":"product_cat-fittingen-en-kabels","9":"product_tag-strands-lighting-division","10":"product_tag-strands-siberia-led-bar","11":"product_tag-strands-siberia-scheinwerfer","13":"first","14":"instock","15":"taxable","16":"shipping-taxable","17":"purchasable","18":"product-type-simple"},"acf":[],"yoast_head":"<!-- This site is optimized with the Yoast SEO Premium plugin v26.5 (Yoast SEO v27.1.1) - https:\/\/yoast.com\/product\/yoast-seo-premium-wordpress\/ -->\n<title>Strands DT4 Anschlusskabel - All Day Led - 3,00 METER f\u00fcr 12&amp;24V<\/title>\n<meta name=\"description\" content=\"Strands DT4-Anschlusskabel 3 Meter - Buchse - Deutsch DT4-Stecker - 4 x 1,5MM\u00b2 Kabel - f\u00fcr 12 &amp; 24 Volt - maximal 156W\" \/>\n<meta name=\"robots\" content=\"index, follow, max-snippet:-1, max-image-preview:large, max-video-preview:-1\" \/>\n<link rel=\"canonical\" href=\"https:\/\/www.alldayled.com\/de\/produkt\/strands-dt4-connector-kabel-3m\/\" \/>\n<meta property=\"og:locale\" content=\"de_DE\" \/>\n<meta property=\"og:type\" content=\"article\" \/>\n<meta property=\"og:title\" content=\"Strands DT4 Anschlusskabel - All Day Led - 3,00 METER f\u00fcr 12&amp;24V\" \/>\n<meta property=\"og:description\" content=\"Strands DT4-Anschlusskabel 3 Meter - Buchse - Deutsch DT4-Stecker - 4 x 1,5MM\u00b2 Kabel - f\u00fcr 12 &amp; 24 Volt - maximal 156W\" \/>\n<meta property=\"og:url\" content=\"https:\/\/www.alldayled.com\/de\/produkt\/strands-dt4-connector-kabel-3m\/\" \/>\n<meta property=\"og:site_name\" content=\"All Day Led\" \/>\n<meta property=\"article:publisher\" content=\"https:\/\/www.facebook.com\/alldayled\/\" \/>\n<meta property=\"article:modified_time\" content=\"2026-04-13T16:30:57+00:00\" \/>\n<meta property=\"og:image\" content=\"https:\/\/www.alldayled.com\/wp-content\/uploads\/2022\/02\/ADL270486-SM-1-300x300.png\" \/>\n<meta name=\"twitter:label1\" content=\"Preis\" \/>\n\t<meta name=\"twitter:data1\" content=\"&euro;&nbsp;17,95\" \/>\n\t<meta name=\"twitter:label2\" content=\"Verf\u00fcgbarkeit\" \/>\n\t<meta name=\"twitter:data2\" content=\"Auf Lager\" \/>\n<script type=\"application\/ld+json\" class=\"yoast-schema-graph\">{\"@context\":\"https:\/\/schema.org\",\"@graph\":[{\"@type\":\"WebPage\",\"@id\":\"https:\/\/www.alldayled.com\/de\/produkt\/strands-dt4-connector-kabel-3m\/\",\"url\":\"https:\/\/www.alldayled.com\/de\/produkt\/strands-dt4-connector-kabel-3m\/\",\"name\":\"Strands DT4 Anschlusskabel - All Day Led - 3,00 METER f\u00fcr 12&24V\",\"isPartOf\":{\"@id\":\"https:\/\/www.alldayled.com\/de\/#website\"},\"primaryImageOfPage\":{\"@id\":\"https:\/\/www.alldayled.com\/de\/produkt\/strands-dt4-connector-kabel-3m\/#primaryimage\"},\"image\":{\"@id\":\"https:\/\/www.alldayled.com\/de\/produkt\/strands-dt4-connector-kabel-3m\/#primaryimage\"},\"thumbnailUrl\":\"https:\/\/www.alldayled.com\/wp-content\/uploads\/2022\/02\/ADL70486.png\",\"datePublished\":\"2022-12-27T16:30:07+00:00\",\"dateModified\":\"2026-04-13T16:30:57+00:00\",\"description\":\"Strands DT4-Anschlusskabel 3 Meter - Buchse - Deutsch DT4-Stecker - 4 x 1,5MM\u00b2 Kabel - f\u00fcr 12 & 24 Volt - maximal 156W\",\"breadcrumb\":{\"@id\":\"https:\/\/www.alldayled.com\/de\/produkt\/strands-dt4-connector-kabel-3m\/#breadcrumb\"},\"inLanguage\":\"de\",\"potentialAction\":[{\"@type\":\"ReadAction\",\"target\":[\"https:\/\/www.alldayled.com\/de\/produkt\/strands-dt4-connector-kabel-3m\/\"]}]},{\"@type\":\"ImageObject\",\"inLanguage\":\"de\",\"@id\":\"https:\/\/www.alldayled.com\/de\/produkt\/strands-dt4-connector-kabel-3m\/#primaryimage\",\"url\":\"https:\/\/www.alldayled.com\/wp-content\/uploads\/2022\/02\/ADL70486.png\",\"contentUrl\":\"https:\/\/www.alldayled.com\/wp-content\/uploads\/2022\/02\/ADL70486.png\",\"width\":800,\"height\":600,\"caption\":\"Strands DT4 Anschlusskabel 3 Meter - geeignet f\u00fcr 12 &amp; 24 Volt Betrieb - EAN: 7323030187989\"},{\"@type\":\"BreadcrumbList\",\"@id\":\"https:\/\/www.alldayled.com\/de\/produkt\/strands-dt4-connector-kabel-3m\/#breadcrumb\",\"itemListElement\":[{\"@type\":\"ListItem\",\"position\":1,\"name\":\"Home\",\"item\":\"https:\/\/www.alldayled.com\/de\/\"},{\"@type\":\"ListItem\",\"position\":2,\"name\":\"Shop\",\"item\":\"https:\/\/www.alldayled.com\/de\/shop\/\"},{\"@type\":\"ListItem\",\"position\":3,\"name\":\"Arbeitsscheinwerfer\",\"item\":\"https:\/\/www.alldayled.com\/de\/produkt-kategorie\/arbeitsscheinwerfer\/\"},{\"@type\":\"ListItem\",\"position\":4,\"name\":\"Arbeitsscheinwerfer Zubeh\u00f6r\",\"item\":\"https:\/\/www.alldayled.com\/de\/produkt-kategorie\/arbeitsscheinwerfer\/werklamp-toebehoren\/\"},{\"@type\":\"ListItem\",\"position\":5,\"name\":\"Strands DT4 Anschlusskabel 3m\"}]},{\"@type\":\"WebSite\",\"@id\":\"https:\/\/www.alldayled.com\/de\/#website\",\"url\":\"https:\/\/www.alldayled.com\/de\/\",\"name\":\"All Day Led\",\"description\":\"Verlichting voor 12&amp;24 volt gebruik\",\"publisher\":{\"@id\":\"https:\/\/www.alldayled.com\/de\/#organization\"},\"potentialAction\":[{\"@type\":\"SearchAction\",\"target\":{\"@type\":\"EntryPoint\",\"urlTemplate\":\"https:\/\/www.alldayled.com\/de\/?s={search_term_string}\"},\"query-input\":{\"@type\":\"PropertyValueSpecification\",\"valueRequired\":true,\"valueName\":\"search_term_string\"}}],\"inLanguage\":\"de\"},{\"@type\":\"Organization\",\"@id\":\"https:\/\/www.alldayled.com\/de\/#organization\",\"name\":\"All Day Led\",\"url\":\"https:\/\/www.alldayled.com\/de\/\",\"logo\":{\"@type\":\"ImageObject\",\"inLanguage\":\"de\",\"@id\":\"https:\/\/www.alldayled.com\/de\/#\/schema\/logo\/image\/\",\"url\":\"https:\/\/www.alldayled.com\/wp-content\/uploads\/2025\/10\/Logo-ALL-DAY-LED-800x800-zwart-witte-letters.png\",\"contentUrl\":\"https:\/\/www.alldayled.com\/wp-content\/uploads\/2025\/10\/Logo-ALL-DAY-LED-800x800-zwart-witte-letters.png\",\"width\":800,\"height\":800,\"caption\":\"All Day Led\"},\"image\":{\"@id\":\"https:\/\/www.alldayled.com\/de\/#\/schema\/logo\/image\/\"},\"sameAs\":[\"https:\/\/www.facebook.com\/alldayled\/\",\"https:\/\/www.instagram.com\/alldayled\/\"],\"vatID\":\"NL863960133B01\",\"taxID\":\"86416545\"}]}<\/script>\n<meta property=\"product:brand\" content=\"Strands\" \/>\n<meta property=\"product:price:amount\" content=\"17.95\" \/>\n<meta property=\"product:price:currency\" content=\"EUR\" \/>\n<meta property=\"og:availability\" content=\"instock\" \/>\n<meta property=\"product:availability\" content=\"instock\" \/>\n<meta property=\"product:retailer_item_id\" content=\"ADL270486\" \/>\n<meta property=\"product:condition\" content=\"new\" \/>\n<!-- \/ Yoast SEO Premium plugin. -->","yoast_head_json":{"title":"Strands DT4 Anschlusskabel - All Day Led - 3,00 METER f\u00fcr 12&24V","description":"Strands DT4-Anschlusskabel 3 Meter - Buchse - Deutsch DT4-Stecker - 4 x 1,5MM\u00b2 Kabel - f\u00fcr 12 & 24 Volt - maximal 156W","robots":{"index":"index","follow":"follow","max-snippet":"max-snippet:-1","max-image-preview":"max-image-preview:large","max-video-preview":"max-video-preview:-1"},"canonical":"https:\/\/www.alldayled.com\/de\/produkt\/strands-dt4-connector-kabel-3m\/","og_locale":"de_DE","og_type":"article","og_title":"Strands DT4 Anschlusskabel - All Day Led - 3,00 METER f\u00fcr 12&24V","og_description":"Strands DT4-Anschlusskabel 3 Meter - Buchse - Deutsch DT4-Stecker - 4 x 1,5MM\u00b2 Kabel - f\u00fcr 12 & 24 Volt - maximal 156W","og_url":"https:\/\/www.alldayled.com\/de\/produkt\/strands-dt4-connector-kabel-3m\/","og_site_name":"All Day Led","article_publisher":"https:\/\/www.facebook.com\/alldayled\/","article_modified_time":"2026-04-13T16:30:57+00:00","og_image":[{"url":"https:\/\/www.alldayled.com\/wp-content\/uploads\/2022\/02\/ADL270486-SM-1-300x300.png","type":"","width":"","height":""}],"twitter_misc":{"Preis":"&euro;&nbsp;17,95","Verf\u00fcgbarkeit":"Auf Lager"},"schema":{"@context":"https:\/\/schema.org","@graph":[{"@type":"WebPage","@id":"https:\/\/www.alldayled.com\/de\/produkt\/strands-dt4-connector-kabel-3m\/","url":"https:\/\/www.alldayled.com\/de\/produkt\/strands-dt4-connector-kabel-3m\/","name":"Strands DT4 Anschlusskabel - All Day Led - 3,00 METER f\u00fcr 12&24V","isPartOf":{"@id":"https:\/\/www.alldayled.com\/de\/#website"},"primaryImageOfPage":{"@id":"https:\/\/www.alldayled.com\/de\/produkt\/strands-dt4-connector-kabel-3m\/#primaryimage"},"image":{"@id":"https:\/\/www.alldayled.com\/de\/produkt\/strands-dt4-connector-kabel-3m\/#primaryimage"},"thumbnailUrl":"https:\/\/www.alldayled.com\/wp-content\/uploads\/2022\/02\/ADL70486.png","datePublished":"2022-12-27T16:30:07+00:00","dateModified":"2026-04-13T16:30:57+00:00","description":"Strands DT4-Anschlusskabel 3 Meter - Buchse - Deutsch DT4-Stecker - 4 x 1,5MM\u00b2 Kabel - f\u00fcr 12 & 24 Volt - maximal 156W","breadcrumb":{"@id":"https:\/\/www.alldayled.com\/de\/produkt\/strands-dt4-connector-kabel-3m\/#breadcrumb"},"inLanguage":"de","potentialAction":[{"@type":"ReadAction","target":["https:\/\/www.alldayled.com\/de\/produkt\/strands-dt4-connector-kabel-3m\/"]}]},{"@type":"ImageObject","inLanguage":"de","@id":"https:\/\/www.alldayled.com\/de\/produkt\/strands-dt4-connector-kabel-3m\/#primaryimage","url":"https:\/\/www.alldayled.com\/wp-content\/uploads\/2022\/02\/ADL70486.png","contentUrl":"https:\/\/www.alldayled.com\/wp-content\/uploads\/2022\/02\/ADL70486.png","width":800,"height":600,"caption":"Strands DT4 Anschlusskabel 3 Meter - geeignet f\u00fcr 12 &amp; 24 Volt Betrieb - EAN: 7323030187989"},{"@type":"BreadcrumbList","@id":"https:\/\/www.alldayled.com\/de\/produkt\/strands-dt4-connector-kabel-3m\/#breadcrumb","itemListElement":[{"@type":"ListItem","position":1,"name":"Home","item":"https:\/\/www.alldayled.com\/de\/"},{"@type":"ListItem","position":2,"name":"Shop","item":"https:\/\/www.alldayled.com\/de\/shop\/"},{"@type":"ListItem","position":3,"name":"Arbeitsscheinwerfer","item":"https:\/\/www.alldayled.com\/de\/produkt-kategorie\/arbeitsscheinwerfer\/"},{"@type":"ListItem","position":4,"name":"Arbeitsscheinwerfer Zubeh\u00f6r","item":"https:\/\/www.alldayled.com\/de\/produkt-kategorie\/arbeitsscheinwerfer\/werklamp-toebehoren\/"},{"@type":"ListItem","position":5,"name":"Strands DT4 Anschlusskabel 3m"}]},{"@type":"WebSite","@id":"https:\/\/www.alldayled.com\/de\/#website","url":"https:\/\/www.alldayled.com\/de\/","name":"All Day Led","description":"Verlichting voor 12&amp;24 volt gebruik","publisher":{"@id":"https:\/\/www.alldayled.com\/de\/#organization"},"potentialAction":[{"@type":"SearchAction","target":{"@type":"EntryPoint","urlTemplate":"https:\/\/www.alldayled.com\/de\/?s={search_term_string}"},"query-input":{"@type":"PropertyValueSpecification","valueRequired":true,"valueName":"search_term_string"}}],"inLanguage":"de"},{"@type":"Organization","@id":"https:\/\/www.alldayled.com\/de\/#organization","name":"All Day Led","url":"https:\/\/www.alldayled.com\/de\/","logo":{"@type":"ImageObject","inLanguage":"de","@id":"https:\/\/www.alldayled.com\/de\/#\/schema\/logo\/image\/","url":"https:\/\/www.alldayled.com\/wp-content\/uploads\/2025\/10\/Logo-ALL-DAY-LED-800x800-zwart-witte-letters.png","contentUrl":"https:\/\/www.alldayled.com\/wp-content\/uploads\/2025\/10\/Logo-ALL-DAY-LED-800x800-zwart-witte-letters.png","width":800,"height":800,"caption":"All Day Led"},"image":{"@id":"https:\/\/www.alldayled.com\/de\/#\/schema\/logo\/image\/"},"sameAs":["https:\/\/www.facebook.com\/alldayled\/","https:\/\/www.instagram.com\/alldayled\/"],"vatID":"NL863960133B01","taxID":"86416545"}]},"product_brand":"Strands","product_price_amount":"17.95","product_price_currency":"EUR","og_availability":"instock","product_availability":"instock","product_retailer_item_id":"ADL270486","product_condition":"new"},"_links":{"self":[{"href":"https:\/\/www.alldayled.com\/de\/wp-json\/wp\/v2\/product\/65072","targetHints":{"allow":["GET"]}}],"collection":[{"href":"https:\/\/www.alldayled.com\/de\/wp-json\/wp\/v2\/product"}],"about":[{"href":"https:\/\/www.alldayled.com\/de\/wp-json\/wp\/v2\/types\/product"}],"replies":[{"embeddable":true,"href":"https:\/\/www.alldayled.com\/de\/wp-json\/wp\/v2\/comments?post=65072"}],"wp:featuredmedia":[{"embeddable":true,"href":"https:\/\/www.alldayled.com\/de\/wp-json\/wp\/v2\/media\/20952"}],"wp:attachment":[{"href":"https:\/\/www.alldayled.com\/de\/wp-json\/wp\/v2\/media?parent=65072"}],"wp:term":[{"taxonomy":"product_brand","embeddable":true,"href":"https:\/\/www.alldayled.com\/de\/wp-json\/wp\/v2\/product_brand?post=65072"},{"taxonomy":"product_cat","embeddable":true,"href":"https:\/\/www.alldayled.com\/de\/wp-json\/wp\/v2\/product_cat?post=65072"},{"taxonomy":"product_tag","embeddable":true,"href":"https:\/\/www.alldayled.com\/de\/wp-json\/wp\/v2\/product_tag?post=65072"}],"curies":[{"name":"wp","href":"https:\/\/api.w.org\/{rel}","templated":true}]}}