{"id":65366,"date":"2025-05-17T09:00:18","date_gmt":"2025-05-17T07:00:18","guid":{"rendered":"https:\/\/www.alldayled.com\/product\/strands-ize-led-frame-enkel\/"},"modified":"2025-12-21T11:18:51","modified_gmt":"2025-12-21T10:18:51","slug":"strands-ize-led-frame-enkel","status":"publish","type":"product","link":"https:\/\/www.alldayled.com\/de\/produkt\/strands-ize-led-frame-enkel\/","title":{"rendered":"Strands IZE LED frame einzeln"},"content":{"rendered":"<p><span style=\"color: #000000;\"><strong>Strands IZE LED frame einzeln.<\/strong><\/span><\/p>\n<p><span style=\"color: #000000;\">M\u00f6chtest du eine d\u00e4nische Sto\u00dfstange an deinem LKW bauen oder eine Blocklampe ordentlich in eine R\u00fcckwand oder ein Schlauchregal einbauen? Dann ist der Strands IZE LED Rahmen einzeln die perfekte L\u00f6sung. Dieser Rahmen wurde speziell f\u00fcr die Strands Blocklampen entwickelt und wird einzeln geliefert, inklusive Edelstahl-Befestigungsmaterial. So hast du direkt alles zur Hand, um die Montage einfach und stabil durchzuf\u00fchren.   <\/span><\/p>\n<p><span style=\"color: #000000;\">Der Einzelrahmen ist vollst\u00e4ndig auf die IZE LED-Blockleuchten von Strands abgestimmt. Ein gro\u00dfer Vorteil ist, dass Sie keine doppelte Sto\u00dfstange verwenden m\u00fcssen und dass Sie im Falle einer Besch\u00e4digung einer der Leuchten diese schnell und einfach austauschen k\u00f6nnen. So vermeiden Sie den bekannten \u00c4rger mit den Gummihaltern und sorgen daf\u00fcr, dass Ihr LKW immer elegant aussieht. Der Rahmen ist aus hochwertigem ABS-Kunststoff gefertigt, der sich auch leicht in der gew\u00fcnschten Farbe lackieren l\u00e4sst. Dies kombiniert eine praktische Montage mit einem sauberen, professionellen Finish.    <\/span><\/p>\n<h5><span style=\"color: #000000;\"><strong>Abmessungen:<\/strong><\/span><\/h5>\n<p><span style=\"color: #000000;\">Nat\u00fcrlich wollen Sie auch sicher sein, dass der IZE LED frame nur perfekt zu Ihrem Fahrzeug passt. Deshalb haben wir unten die wichtigsten Merkmale f\u00fcr Sie aufgelistet. So wissen Sie sofort, ob dieses Modell f\u00fcr Ihre Anwendung geeignet ist.  <\/span><\/p>\n<ul>\n<li><span style=\"color: #000000;\">L\u00e4nge: 154,5 mm<\/span><\/li>\n<li><span style=\"color: #000000;\">Dicke: 25 mm <\/span><\/li>\n<li><span style=\"color: #000000;\">H\u00f6he: 131,5 mm<\/span><\/li>\n<\/ul>\n<h5><span style=\"color: #000000;\"><strong>Weitere Modelle:<\/strong><\/span><\/h5>\n<p><span style=\"color: #000000;\">Sie suchen einen Rahmen, um Ihre Lichter an Ihrem LKW oder Anh\u00e4nger zu montieren, aber ist diese Version des Strands IZE LED frame nicht genau das, was Sie suchen? Kein Problem! Strands bietet diesen cleveren IZE LED frame auch in mehreren anderen Versionen an. Nachfolgend finden Sie eine \u00dcbersicht \u00fcber die verf\u00fcgbaren Versionen, so dass Sie ganz einfach die richtige Version f\u00fcr Ihr Fahrzeug ausw\u00e4hlen k\u00f6nnen.   <\/span><\/p>\n<ul>\n<li><span style=\"color: #000000;\"><a style=\"color: #000000;\" href=\"https:\/\/www.alldayled.com\/de\/produkt\/strands-ize-led-frame-dubbel-horizontaal\/\"><strong>IZE LED frame doppelt horizontal<\/strong><\/a><\/span><\/li>\n<li><span style=\"color: #000000;\"><a style=\"color: #000000;\" href=\"https:\/\/www.alldayled.com\/de\/produkt\/strands-ize-led-frame-dubbel-verticaal\/\"><strong>IZE LED frame doppelt vertikal<\/strong><\/a><\/span><\/li>\n<li><span style=\"color: #000000;\"><a style=\"color: #000000;\" href=\"https:\/\/www.alldayled.com\/de\/produkt\/strands-ize-led-frame-5-gaten\/\"><strong>IZE LED frame 5 L\u00f6cher<\/strong><\/a><\/span><\/li>\n<li><span style=\"color: #000000;\"><strong><a style=\"color: #000000;\" href=\"https:\/\/www.alldayled.com\/de\/produkt\/strands-ize-led-frame-4-gaten\/\">IZE LED frame 4 L\u00f6cher<\/a><br \/>\n<\/strong><\/span><\/li>\n<li><span style=\"color: #000000;\"><a style=\"color: #000000;\" href=\"https:\/\/www.alldayled.com\/de\/produkt\/strands-ize-led-frame-3-gaten\/\"><strong>IZE LED frame 3 L\u00f6cher<\/strong><\/a><\/span><\/li>\n<\/ul>\n<p><span style=\"color: #000000;\">Sind Sie immer noch der Meinung, dass der Strands IZE LED frame nicht ganz Ihren Vorstellungen entspricht? Vielleicht gef\u00e4llt Ihnen die Farbe oder die Form nicht, oder Sie sind einfach nicht auf der Suche nach einer d\u00e4nischen LKW-Sto\u00dfstange. Kein Problem! Dann werfen Sie doch einfach einen Blick auf unsere <a style=\"color: #000000;\" href=\"https:\/\/www.alldayled.com\/de\/marke\/product-strands-lighting-division\/\">Strands<\/a> Seite. Hier finden Sie ein komplettes Sortiment an Lampen, Rahmen und Zubeh\u00f6r, so dass Sie immer das richtige Teil f\u00fcr Ihr Fahrzeug finden k\u00f6nnen.    <\/span><\/p>\n","protected":false},"excerpt":{"rendered":"<p>Montagerahmen f\u00fcr ein R\u00fccklicht, aus ABS gefertigt.<\/p>\n","protected":false},"featured_media":36486,"comment_status":"open","ping_status":"closed","template":"","meta":{"_acf_changed":false},"product_brand":[5114],"product_cat":[5298],"product_tag":[],"class_list":{"0":"post-65366","1":"product","2":"type-product","3":"status-publish","4":"has-post-thumbnail","6":"product_brand-product-strands-lighting-division","7":"product_cat-achterlicht-toebehoren","9":"first","10":"instock","11":"taxable","12":"shipping-taxable","13":"purchasable","14":"product-type-simple"},"acf":[],"yoast_head":"<!-- This site is optimized with the Yoast SEO Premium plugin v26.5 (Yoast SEO v27.1.1) - https:\/\/yoast.com\/product\/yoast-seo-premium-wordpress\/ -->\n<title>Strands IZE LED frame einzeln - All Day Led - vervollst\u00e4ndige deine Sto\u00dfstange<\/title>\n<meta name=\"description\" content=\"Strands IZE LED frame single - leichter Rahmen f\u00fcr Blockleuchten - f\u00fcr LKW und Anh\u00e4nger - aus ABS - schnelle Montage garantiert\" \/>\n<meta name=\"robots\" content=\"index, follow, max-snippet:-1, max-image-preview:large, max-video-preview:-1\" \/>\n<link rel=\"canonical\" href=\"https:\/\/www.alldayled.com\/de\/produkt\/strands-ize-led-frame-enkel\/\" \/>\n<meta property=\"og:locale\" content=\"de_DE\" \/>\n<meta property=\"og:type\" content=\"article\" \/>\n<meta property=\"og:title\" content=\"Strands IZE LED frame einzeln - All Day Led - vervollst\u00e4ndige deine Sto\u00dfstange\" \/>\n<meta property=\"og:description\" content=\"Strands IZE LED frame single - leichter Rahmen f\u00fcr Blockleuchten - f\u00fcr LKW und Anh\u00e4nger - aus ABS - schnelle Montage garantiert\" \/>\n<meta property=\"og:url\" content=\"https:\/\/www.alldayled.com\/de\/produkt\/strands-ize-led-frame-enkel\/\" \/>\n<meta property=\"og:site_name\" content=\"All Day Led\" \/>\n<meta property=\"article:publisher\" content=\"https:\/\/www.facebook.com\/alldayled\/\" \/>\n<meta property=\"article:modified_time\" content=\"2025-12-21T10:18:51+00:00\" \/>\n<meta property=\"og:image\" content=\"https:\/\/www.alldayled.com\/wp-content\/uploads\/2025\/08\/ADL800635-SM-300x300.png\" \/>\n<meta name=\"twitter:label1\" content=\"Preis\" \/>\n\t<meta name=\"twitter:data1\" content=\"&euro;&nbsp;35,00\" \/>\n\t<meta name=\"twitter:label2\" content=\"Verf\u00fcgbarkeit\" \/>\n\t<meta name=\"twitter:data2\" content=\"Auf Lager\" \/>\n<script type=\"application\/ld+json\" class=\"yoast-schema-graph\">{\"@context\":\"https:\/\/schema.org\",\"@graph\":[{\"@type\":\"WebPage\",\"@id\":\"https:\/\/www.alldayled.com\/de\/produkt\/strands-ize-led-frame-enkel\/\",\"url\":\"https:\/\/www.alldayled.com\/de\/produkt\/strands-ize-led-frame-enkel\/\",\"name\":\"Strands IZE LED frame einzeln - All Day Led - vervollst\u00e4ndige deine Sto\u00dfstange\",\"isPartOf\":{\"@id\":\"https:\/\/www.alldayled.com\/de\/#website\"},\"primaryImageOfPage\":{\"@id\":\"https:\/\/www.alldayled.com\/de\/produkt\/strands-ize-led-frame-enkel\/#primaryimage\"},\"image\":{\"@id\":\"https:\/\/www.alldayled.com\/de\/produkt\/strands-ize-led-frame-enkel\/#primaryimage\"},\"thumbnailUrl\":\"https:\/\/www.alldayled.com\/wp-content\/uploads\/2025\/08\/ADL800635.png\",\"datePublished\":\"2025-05-17T07:00:18+00:00\",\"dateModified\":\"2025-12-21T10:18:51+00:00\",\"description\":\"Strands IZE LED frame single - leichter Rahmen f\u00fcr Blockleuchten - f\u00fcr LKW und Anh\u00e4nger - aus ABS - schnelle Montage garantiert\",\"breadcrumb\":{\"@id\":\"https:\/\/www.alldayled.com\/de\/produkt\/strands-ize-led-frame-enkel\/#breadcrumb\"},\"inLanguage\":\"de\",\"potentialAction\":[{\"@type\":\"ReadAction\",\"target\":[\"https:\/\/www.alldayled.com\/de\/produkt\/strands-ize-led-frame-enkel\/\"]}]},{\"@type\":\"ImageObject\",\"inLanguage\":\"de\",\"@id\":\"https:\/\/www.alldayled.com\/de\/produkt\/strands-ize-led-frame-enkel\/#primaryimage\",\"url\":\"https:\/\/www.alldayled.com\/wp-content\/uploads\/2025\/08\/ADL800635.png\",\"contentUrl\":\"https:\/\/www.alldayled.com\/wp-content\/uploads\/2025\/08\/ADL800635.png\",\"width\":800,\"height\":600,\"caption\":\"Strands IZE LED frame einzeln - 800635 - ABS-Kunststoff\"},{\"@type\":\"BreadcrumbList\",\"@id\":\"https:\/\/www.alldayled.com\/de\/produkt\/strands-ize-led-frame-enkel\/#breadcrumb\",\"itemListElement\":[{\"@type\":\"ListItem\",\"position\":1,\"name\":\"Home\",\"item\":\"https:\/\/www.alldayled.com\/de\/\"},{\"@type\":\"ListItem\",\"position\":2,\"name\":\"Shop\",\"item\":\"https:\/\/www.alldayled.com\/de\/shop\/\"},{\"@type\":\"ListItem\",\"position\":3,\"name\":\"Heckleuchten\",\"item\":\"https:\/\/www.alldayled.com\/de\/produkt-kategorie\/rucklichter\/\"},{\"@type\":\"ListItem\",\"position\":4,\"name\":\"R\u00fccklicht Zubeh\u00f6r\",\"item\":\"https:\/\/www.alldayled.com\/de\/produkt-kategorie\/rucklichter\/achterlicht-toebehoren\/\"},{\"@type\":\"ListItem\",\"position\":5,\"name\":\"Strands IZE LED frame einzeln\"}]},{\"@type\":\"WebSite\",\"@id\":\"https:\/\/www.alldayled.com\/de\/#website\",\"url\":\"https:\/\/www.alldayled.com\/de\/\",\"name\":\"All Day Led\",\"description\":\"Verlichting voor 12&amp;24 volt gebruik\",\"publisher\":{\"@id\":\"https:\/\/www.alldayled.com\/de\/#organization\"},\"potentialAction\":[{\"@type\":\"SearchAction\",\"target\":{\"@type\":\"EntryPoint\",\"urlTemplate\":\"https:\/\/www.alldayled.com\/de\/?s={search_term_string}\"},\"query-input\":{\"@type\":\"PropertyValueSpecification\",\"valueRequired\":true,\"valueName\":\"search_term_string\"}}],\"inLanguage\":\"de\"},{\"@type\":\"Organization\",\"@id\":\"https:\/\/www.alldayled.com\/de\/#organization\",\"name\":\"All Day Led\",\"url\":\"https:\/\/www.alldayled.com\/de\/\",\"logo\":{\"@type\":\"ImageObject\",\"inLanguage\":\"de\",\"@id\":\"https:\/\/www.alldayled.com\/de\/#\/schema\/logo\/image\/\",\"url\":\"https:\/\/www.alldayled.com\/wp-content\/uploads\/2025\/10\/Logo-ALL-DAY-LED-800x800-zwart-witte-letters.png\",\"contentUrl\":\"https:\/\/www.alldayled.com\/wp-content\/uploads\/2025\/10\/Logo-ALL-DAY-LED-800x800-zwart-witte-letters.png\",\"width\":800,\"height\":800,\"caption\":\"All Day Led\"},\"image\":{\"@id\":\"https:\/\/www.alldayled.com\/de\/#\/schema\/logo\/image\/\"},\"sameAs\":[\"https:\/\/www.facebook.com\/alldayled\/\",\"https:\/\/www.instagram.com\/alldayled\/\"],\"vatID\":\"NL863960133B01\",\"taxID\":\"86416545\"}]}<\/script>\n<meta property=\"product:brand\" content=\"Strands\" \/>\n<meta property=\"product:price:amount\" content=\"35.00\" \/>\n<meta property=\"product:price:currency\" content=\"EUR\" \/>\n<meta property=\"og:availability\" content=\"instock\" \/>\n<meta property=\"product:availability\" content=\"instock\" \/>\n<meta property=\"product:retailer_item_id\" content=\"ADL800635\" \/>\n<meta property=\"product:condition\" content=\"new\" \/>\n<!-- \/ Yoast SEO Premium plugin. -->","yoast_head_json":{"title":"Strands IZE LED frame einzeln - All Day Led - vervollst\u00e4ndige deine Sto\u00dfstange","description":"Strands IZE LED frame single - leichter Rahmen f\u00fcr Blockleuchten - f\u00fcr LKW und Anh\u00e4nger - aus ABS - schnelle Montage garantiert","robots":{"index":"index","follow":"follow","max-snippet":"max-snippet:-1","max-image-preview":"max-image-preview:large","max-video-preview":"max-video-preview:-1"},"canonical":"https:\/\/www.alldayled.com\/de\/produkt\/strands-ize-led-frame-enkel\/","og_locale":"de_DE","og_type":"article","og_title":"Strands IZE LED frame einzeln - All Day Led - vervollst\u00e4ndige deine Sto\u00dfstange","og_description":"Strands IZE LED frame single - leichter Rahmen f\u00fcr Blockleuchten - f\u00fcr LKW und Anh\u00e4nger - aus ABS - schnelle Montage garantiert","og_url":"https:\/\/www.alldayled.com\/de\/produkt\/strands-ize-led-frame-enkel\/","og_site_name":"All Day Led","article_publisher":"https:\/\/www.facebook.com\/alldayled\/","article_modified_time":"2025-12-21T10:18:51+00:00","og_image":[{"url":"https:\/\/www.alldayled.com\/wp-content\/uploads\/2025\/08\/ADL800635-SM-300x300.png","type":"","width":"","height":""}],"twitter_misc":{"Preis":"&euro;&nbsp;35,00","Verf\u00fcgbarkeit":"Auf Lager"},"schema":{"@context":"https:\/\/schema.org","@graph":[{"@type":"WebPage","@id":"https:\/\/www.alldayled.com\/de\/produkt\/strands-ize-led-frame-enkel\/","url":"https:\/\/www.alldayled.com\/de\/produkt\/strands-ize-led-frame-enkel\/","name":"Strands IZE LED frame einzeln - All Day Led - vervollst\u00e4ndige deine Sto\u00dfstange","isPartOf":{"@id":"https:\/\/www.alldayled.com\/de\/#website"},"primaryImageOfPage":{"@id":"https:\/\/www.alldayled.com\/de\/produkt\/strands-ize-led-frame-enkel\/#primaryimage"},"image":{"@id":"https:\/\/www.alldayled.com\/de\/produkt\/strands-ize-led-frame-enkel\/#primaryimage"},"thumbnailUrl":"https:\/\/www.alldayled.com\/wp-content\/uploads\/2025\/08\/ADL800635.png","datePublished":"2025-05-17T07:00:18+00:00","dateModified":"2025-12-21T10:18:51+00:00","description":"Strands IZE LED frame single - leichter Rahmen f\u00fcr Blockleuchten - f\u00fcr LKW und Anh\u00e4nger - aus ABS - schnelle Montage garantiert","breadcrumb":{"@id":"https:\/\/www.alldayled.com\/de\/produkt\/strands-ize-led-frame-enkel\/#breadcrumb"},"inLanguage":"de","potentialAction":[{"@type":"ReadAction","target":["https:\/\/www.alldayled.com\/de\/produkt\/strands-ize-led-frame-enkel\/"]}]},{"@type":"ImageObject","inLanguage":"de","@id":"https:\/\/www.alldayled.com\/de\/produkt\/strands-ize-led-frame-enkel\/#primaryimage","url":"https:\/\/www.alldayled.com\/wp-content\/uploads\/2025\/08\/ADL800635.png","contentUrl":"https:\/\/www.alldayled.com\/wp-content\/uploads\/2025\/08\/ADL800635.png","width":800,"height":600,"caption":"Strands IZE LED frame einzeln - 800635 - ABS-Kunststoff"},{"@type":"BreadcrumbList","@id":"https:\/\/www.alldayled.com\/de\/produkt\/strands-ize-led-frame-enkel\/#breadcrumb","itemListElement":[{"@type":"ListItem","position":1,"name":"Home","item":"https:\/\/www.alldayled.com\/de\/"},{"@type":"ListItem","position":2,"name":"Shop","item":"https:\/\/www.alldayled.com\/de\/shop\/"},{"@type":"ListItem","position":3,"name":"Heckleuchten","item":"https:\/\/www.alldayled.com\/de\/produkt-kategorie\/rucklichter\/"},{"@type":"ListItem","position":4,"name":"R\u00fccklicht Zubeh\u00f6r","item":"https:\/\/www.alldayled.com\/de\/produkt-kategorie\/rucklichter\/achterlicht-toebehoren\/"},{"@type":"ListItem","position":5,"name":"Strands IZE LED frame einzeln"}]},{"@type":"WebSite","@id":"https:\/\/www.alldayled.com\/de\/#website","url":"https:\/\/www.alldayled.com\/de\/","name":"All Day Led","description":"Verlichting voor 12&amp;24 volt gebruik","publisher":{"@id":"https:\/\/www.alldayled.com\/de\/#organization"},"potentialAction":[{"@type":"SearchAction","target":{"@type":"EntryPoint","urlTemplate":"https:\/\/www.alldayled.com\/de\/?s={search_term_string}"},"query-input":{"@type":"PropertyValueSpecification","valueRequired":true,"valueName":"search_term_string"}}],"inLanguage":"de"},{"@type":"Organization","@id":"https:\/\/www.alldayled.com\/de\/#organization","name":"All Day Led","url":"https:\/\/www.alldayled.com\/de\/","logo":{"@type":"ImageObject","inLanguage":"de","@id":"https:\/\/www.alldayled.com\/de\/#\/schema\/logo\/image\/","url":"https:\/\/www.alldayled.com\/wp-content\/uploads\/2025\/10\/Logo-ALL-DAY-LED-800x800-zwart-witte-letters.png","contentUrl":"https:\/\/www.alldayled.com\/wp-content\/uploads\/2025\/10\/Logo-ALL-DAY-LED-800x800-zwart-witte-letters.png","width":800,"height":800,"caption":"All Day Led"},"image":{"@id":"https:\/\/www.alldayled.com\/de\/#\/schema\/logo\/image\/"},"sameAs":["https:\/\/www.facebook.com\/alldayled\/","https:\/\/www.instagram.com\/alldayled\/"],"vatID":"NL863960133B01","taxID":"86416545"}]},"product_brand":"Strands","product_price_amount":"35.00","product_price_currency":"EUR","og_availability":"instock","product_availability":"instock","product_retailer_item_id":"ADL800635","product_condition":"new"},"_links":{"self":[{"href":"https:\/\/www.alldayled.com\/de\/wp-json\/wp\/v2\/product\/65366","targetHints":{"allow":["GET"]}}],"collection":[{"href":"https:\/\/www.alldayled.com\/de\/wp-json\/wp\/v2\/product"}],"about":[{"href":"https:\/\/www.alldayled.com\/de\/wp-json\/wp\/v2\/types\/product"}],"replies":[{"embeddable":true,"href":"https:\/\/www.alldayled.com\/de\/wp-json\/wp\/v2\/comments?post=65366"}],"wp:featuredmedia":[{"embeddable":true,"href":"https:\/\/www.alldayled.com\/de\/wp-json\/wp\/v2\/media\/36486"}],"wp:attachment":[{"href":"https:\/\/www.alldayled.com\/de\/wp-json\/wp\/v2\/media?parent=65366"}],"wp:term":[{"taxonomy":"product_brand","embeddable":true,"href":"https:\/\/www.alldayled.com\/de\/wp-json\/wp\/v2\/product_brand?post=65366"},{"taxonomy":"product_cat","embeddable":true,"href":"https:\/\/www.alldayled.com\/de\/wp-json\/wp\/v2\/product_cat?post=65366"},{"taxonomy":"product_tag","embeddable":true,"href":"https:\/\/www.alldayled.com\/de\/wp-json\/wp\/v2\/product_tag?post=65366"}],"curies":[{"name":"wp","href":"https:\/\/api.w.org\/{rel}","templated":true}]}}