{"id":65390,"date":"2025-02-15T15:25:09","date_gmt":"2025-02-15T14:25:09","guid":{"rendered":"https:\/\/www.alldayled.com\/product\/strands-nuuk-e-line-sl-80w\/"},"modified":"2026-01-13T11:22:36","modified_gmt":"2026-01-13T10:22:36","slug":"strands-nuuk-e-line-sl-80w","status":"publish","type":"product","link":"https:\/\/www.alldayled.com\/de\/produkt\/strands-nuuk-e-line-sl-80w\/","title":{"rendered":"Strands Nuuk E-Line SL 80w"},"content":{"rendered":"<p><span style=\"color: #000000;\"><strong>Strands Nuuk E-Line SL 80w, f\u00fcr 12 und 24 Volt. <\/strong><\/span><\/p>\n<p><span style=\"color: #000000;\">Sind Sie auf der Suche nach einem neuen, schlanken Arbeitsscheinwerfer von Strands? Dann ist der Strands Nuuk E-Line SL 80w vielleicht genau die Lampe, die Sie suchen. Dieser breite und extra flache Arbeitsscheinwerfer mit 18 LEDs hat eine tats\u00e4chliche Lichtleistung von sage und schreibe 8200 Lumen und eine Leuchtweite von 111 Metern. Der LED Arbeitsscheinwerfer arbeitet mit 12 und 24 Volt, was bedeutet, dass Sie ihn beispielsweise an Ihrem LKW, Arbeitsbus, Traktor oder einem anderen Fahrzeug montieren k\u00f6nnen. Dank der intelligenten Dimmfunktion k\u00f6nnen Sie die Lichtleistung halbieren, sodass Sie in jeder Situation die richtige Lichtmenge haben.    <\/span><\/p>\n<p><span style=\"color: #000000;\">Was den Strands Nuuk E-Line SL einzigartig macht, ist der 58\u00b0 Lichtwinkel. Das Licht wird nach unten gerichtet, wodurch Sie gro\u00dfe Fl\u00e4chen effizient ausleuchten, ohne st\u00f6rende Blendung. Dies reduziert die Erm\u00fcdung der Augen und sorgt daf\u00fcr, dass das Licht genau dort scheint, wo Sie es ben\u00f6tigen \u2013 ideal f\u00fcr lange Arbeitstage im Dunkeln.  <\/span><\/p>\n<p><span style=\"color: #000000;\">Da Sie vor dem Kauf sicher sein wollen, dass dieser LED Arbeitsscheinwerfer die richtige Wahl f\u00fcr Sie ist, haben wir im Folgenden einige wichtige Eigenschaften aufgef\u00fchrt. Der Strands Nuuk E-Line SL 80w ist unter anderem mit dem ECE R10-Pr\u00fcfzeichen versehen. Das bedeutet, dass die Lampe bei korrekter Installation keine St\u00f6rungen verursacht, beispielsweise an Ihrem Funksignal. Dar\u00fcber hinaus verf\u00fcgt der Arbeitsscheinwerfer \u00fcber das IP68- und IP69K-Pr\u00fcfzeichen, was bedeutet, dass er vollst\u00e4ndig staub- und wasserdicht ist. Dank der Verwendung von langlebigen Materialien und einem robusten Geh\u00e4use k\u00f6nnen Sie sich jahrelang auf zuverl\u00e4ssige Leistung verlassen. Der Arbeitsscheinwerfer wird mit einem 2,5 Meter langen Anschlusskabel f\u00fcr eine einfache Installation geliefert.     <\/span><\/p>\n<h5><span style=\"color: #000000;\"><strong>Abmessungen:<\/strong><\/span><\/h5>\n<p><span style=\"color: #000000;\">Da Sie vor dem Kauf auch sicher wissen wollen, ob die Lampe dort passt, wo Sie sie montieren m\u00f6chten, haben wir im Folgenden die Abmessungen f\u00fcr Sie notiert. Die Abmessungen des Strands Nuuk E-Line SL 80w sind wie folgt: <\/span><\/p>\n<ul>\n<li><span style=\"color: #000000;\">H\u00f6he: 43,9 mm<\/span><\/li>\n<li><span style=\"color: #000000;\">Breite: 566 mm<\/span><\/li>\n<li><span style=\"color: #000000;\">Dicke: 52,8 mm<\/span><\/li>\n<\/ul>\n<h5><span style=\"color: #000000;\"><strong>Andere Versionen:<\/strong><\/span><\/h5>\n<p><span style=\"color: #000000;\">M\u00f6chtest du zwar eine Nuuk E-Line von Strands, aber das Scene Light 80w Modell ist nicht ganz das, was du suchst? Keine Sorge! Strands bietet auch andere Modelle innerhalb der Nuuk-Serie und diverse Arbeitsleuchten in verschiedenen Gr\u00f6\u00dfen und Lichtst\u00e4rken an. Sieh dir unten unser komplettes Sortiment an und finde die Lampe, die am besten zu deinem Fahrzeug passt.   <\/span><\/p>\n<ul>\n<li><span style=\"color: #000000;\"><a style=\"color: #000000;\" href=\"https:\/\/www.alldayled.com\/de\/produkt\/strands-nuuk-e-line-wl-80w\/\"><strong>Strands Nuuk E-Line WL 80w<\/strong><\/a><\/span><\/li>\n<\/ul>\n<p><span style=\"color: #000000;\">Noch nicht ganz \u00fcberzeugt, nachdem Sie alles gelesen haben? Kein Problem! Vielleicht passen die Form, das Lichtbild oder die Ausstrahlung dieser Lampe doch nicht ganz zu dem, was Sie suchen. Gl\u00fccklicherweise haben wir noch viel mehr hochwertige Lampen im Sortiment. Werfen Sie schnell einen Blick in unser komplettes Angebot an <a style=\"color: #000000;\" href=\"https:\/\/www.alldayled.com\/de\/marke\/product-strands-lighting-division\/\">Strands<\/a> und entdecken Sie, welcher Arbeitsscheinwerfer perfekt zu Ihrem Fahrzeug und Ihren W\u00fcnschen passt.    <\/span><\/p>\n","protected":false},"excerpt":{"rendered":"<p>Strands Nuuk E-Line Scene Light 80w, geeignet f\u00fcr 12 &amp; 24 Volt.<\/p>\n","protected":false},"featured_media":33741,"comment_status":"open","ping_status":"closed","template":"","meta":{"_acf_changed":false},"product_brand":[5114],"product_cat":[5340,5386],"product_tag":[9161,9162,9163,9057,9066,9064,9065],"class_list":{"0":"post-65390","1":"product","2":"type-product","3":"status-publish","4":"has-post-thumbnail","6":"product_brand-product-strands-lighting-division","7":"product_cat-werklamp-overig","8":"product_cat-led-bar","9":"product_tag-led-bar","10":"product_tag-led-bar-auto","11":"product_tag-led-bar-lkw","12":"product_tag-led-arbeitsleuchte","13":"product_tag-strands-led-arbeitsleuchte","14":"product_tag-strands-led-beleuchtung","15":"product_tag-strands-lighting-division","17":"first","18":"instock","19":"taxable","20":"shipping-taxable","21":"purchasable","22":"product-type-simple"},"acf":[],"yoast_head":"<!-- This site is optimized with the Yoast SEO Premium plugin v26.5 (Yoast SEO v27.1.1) - https:\/\/yoast.com\/product\/yoast-seo-premium-wordpress\/ -->\n<title>Strands Nuuk E-Line SL 80w - All Day Led - Strands Scene Light - f\u00fcr 12\/24V<\/title>\n<meta name=\"description\" content=\"Strands Nuuk E-Line SL 80w - leistungsstarker und extra flacher LED Arbeitsscheinwerfer - Lichtwinkel 58\u00b0 - 8200 Lumen - 1 Lux @ 111 Meter - IP68 und IP69K wasserdicht\" \/>\n<meta name=\"robots\" content=\"index, follow, max-snippet:-1, max-image-preview:large, max-video-preview:-1\" \/>\n<link rel=\"canonical\" href=\"https:\/\/www.alldayled.com\/de\/produkt\/strands-nuuk-e-line-sl-80w\/\" \/>\n<meta property=\"og:locale\" content=\"de_DE\" \/>\n<meta property=\"og:type\" content=\"article\" \/>\n<meta property=\"og:title\" content=\"Strands Nuuk E-Line SL 80w - All Day Led - Strands Scene Light - f\u00fcr 12\/24V\" \/>\n<meta property=\"og:description\" content=\"Strands Nuuk E-Line SL 80w - leistungsstarker und extra flacher LED Arbeitsscheinwerfer - Lichtwinkel 58\u00b0 - 8200 Lumen - 1 Lux @ 111 Meter - IP68 und IP69K wasserdicht\" \/>\n<meta property=\"og:url\" content=\"https:\/\/www.alldayled.com\/de\/produkt\/strands-nuuk-e-line-sl-80w\/\" \/>\n<meta property=\"og:site_name\" content=\"All Day Led\" \/>\n<meta property=\"article:publisher\" content=\"https:\/\/www.facebook.com\/alldayled\/\" \/>\n<meta property=\"article:modified_time\" content=\"2026-01-13T10:22:36+00:00\" \/>\n<meta property=\"og:image\" content=\"https:\/\/www.alldayled.com\/wp-content\/uploads\/2025\/02\/ADL809136-SM-300x300.png\" \/>\n<meta name=\"twitter:label1\" content=\"Preis\" \/>\n\t<meta name=\"twitter:data1\" content=\"&euro;&nbsp;129,00\" \/>\n\t<meta name=\"twitter:label2\" content=\"Verf\u00fcgbarkeit\" \/>\n\t<meta name=\"twitter:data2\" content=\"Auf Lager\" \/>\n<script type=\"application\/ld+json\" class=\"yoast-schema-graph\">{\"@context\":\"https:\/\/schema.org\",\"@graph\":[{\"@type\":\"WebPage\",\"@id\":\"https:\/\/www.alldayled.com\/de\/produkt\/strands-nuuk-e-line-sl-80w\/\",\"url\":\"https:\/\/www.alldayled.com\/de\/produkt\/strands-nuuk-e-line-sl-80w\/\",\"name\":\"Strands Nuuk E-Line SL 80w - All Day Led - Strands Scene Light - f\u00fcr 12\/24V\",\"isPartOf\":{\"@id\":\"https:\/\/www.alldayled.com\/de\/#website\"},\"primaryImageOfPage\":{\"@id\":\"https:\/\/www.alldayled.com\/de\/produkt\/strands-nuuk-e-line-sl-80w\/#primaryimage\"},\"image\":{\"@id\":\"https:\/\/www.alldayled.com\/de\/produkt\/strands-nuuk-e-line-sl-80w\/#primaryimage\"},\"thumbnailUrl\":\"https:\/\/www.alldayled.com\/wp-content\/uploads\/2025\/02\/ADL809136.png\",\"datePublished\":\"2025-02-15T14:25:09+00:00\",\"dateModified\":\"2026-01-13T10:22:36+00:00\",\"description\":\"Strands Nuuk E-Line SL 80w - leistungsstarker und extra flacher LED Arbeitsscheinwerfer - Lichtwinkel 58\u00b0 - 8200 Lumen - 1 Lux @ 111 Meter - IP68 und IP69K wasserdicht\",\"breadcrumb\":{\"@id\":\"https:\/\/www.alldayled.com\/de\/produkt\/strands-nuuk-e-line-sl-80w\/#breadcrumb\"},\"inLanguage\":\"de\",\"potentialAction\":[{\"@type\":\"ReadAction\",\"target\":[\"https:\/\/www.alldayled.com\/de\/produkt\/strands-nuuk-e-line-sl-80w\/\"]}]},{\"@type\":\"ImageObject\",\"inLanguage\":\"de\",\"@id\":\"https:\/\/www.alldayled.com\/de\/produkt\/strands-nuuk-e-line-sl-80w\/#primaryimage\",\"url\":\"https:\/\/www.alldayled.com\/wp-content\/uploads\/2025\/02\/ADL809136.png\",\"contentUrl\":\"https:\/\/www.alldayled.com\/wp-content\/uploads\/2025\/02\/ADL809136.png\",\"width\":800,\"height\":600,\"caption\":\"Nuuk E-Line SL Arbeitsscheinwerfer - 5000K - geeignet f\u00fcr 12 und \/ oder 24 Volt Betrieb - Strands 809136 - 18 LED Punkte - Lichtwinkel 58 Grad - EAN: 7323030191665\"},{\"@type\":\"BreadcrumbList\",\"@id\":\"https:\/\/www.alldayled.com\/de\/produkt\/strands-nuuk-e-line-sl-80w\/#breadcrumb\",\"itemListElement\":[{\"@type\":\"ListItem\",\"position\":1,\"name\":\"Home\",\"item\":\"https:\/\/www.alldayled.com\/de\/\"},{\"@type\":\"ListItem\",\"position\":2,\"name\":\"Shop\",\"item\":\"https:\/\/www.alldayled.com\/de\/shop\/\"},{\"@type\":\"ListItem\",\"position\":3,\"name\":\"Arbeitsscheinwerfer\",\"item\":\"https:\/\/www.alldayled.com\/de\/produkt-kategorie\/arbeitsscheinwerfer\/\"},{\"@type\":\"ListItem\",\"position\":4,\"name\":\"Arbeitsscheinwerfer sonstig\",\"item\":\"https:\/\/www.alldayled.com\/de\/produkt-kategorie\/arbeitsscheinwerfer\/werklamp-overig\/\"},{\"@type\":\"ListItem\",\"position\":5,\"name\":\"Strands Nuuk E-Line SL 80w\"}]},{\"@type\":\"WebSite\",\"@id\":\"https:\/\/www.alldayled.com\/de\/#website\",\"url\":\"https:\/\/www.alldayled.com\/de\/\",\"name\":\"All Day Led\",\"description\":\"Verlichting voor 12&amp;24 volt gebruik\",\"publisher\":{\"@id\":\"https:\/\/www.alldayled.com\/de\/#organization\"},\"potentialAction\":[{\"@type\":\"SearchAction\",\"target\":{\"@type\":\"EntryPoint\",\"urlTemplate\":\"https:\/\/www.alldayled.com\/de\/?s={search_term_string}\"},\"query-input\":{\"@type\":\"PropertyValueSpecification\",\"valueRequired\":true,\"valueName\":\"search_term_string\"}}],\"inLanguage\":\"de\"},{\"@type\":\"Organization\",\"@id\":\"https:\/\/www.alldayled.com\/de\/#organization\",\"name\":\"All Day Led\",\"url\":\"https:\/\/www.alldayled.com\/de\/\",\"logo\":{\"@type\":\"ImageObject\",\"inLanguage\":\"de\",\"@id\":\"https:\/\/www.alldayled.com\/de\/#\/schema\/logo\/image\/\",\"url\":\"https:\/\/www.alldayled.com\/wp-content\/uploads\/2025\/10\/Logo-ALL-DAY-LED-800x800-zwart-witte-letters.png\",\"contentUrl\":\"https:\/\/www.alldayled.com\/wp-content\/uploads\/2025\/10\/Logo-ALL-DAY-LED-800x800-zwart-witte-letters.png\",\"width\":800,\"height\":800,\"caption\":\"All Day Led\"},\"image\":{\"@id\":\"https:\/\/www.alldayled.com\/de\/#\/schema\/logo\/image\/\"},\"sameAs\":[\"https:\/\/www.facebook.com\/alldayled\/\",\"https:\/\/www.instagram.com\/alldayled\/\"],\"vatID\":\"NL863960133B01\",\"taxID\":\"86416545\"}]}<\/script>\n<meta property=\"product:brand\" content=\"Strands\" \/>\n<meta property=\"product:price:amount\" content=\"129.00\" \/>\n<meta property=\"product:price:currency\" content=\"EUR\" \/>\n<meta property=\"og:availability\" content=\"instock\" \/>\n<meta property=\"product:availability\" content=\"instock\" \/>\n<meta property=\"product:retailer_item_id\" content=\"ADL809136\" \/>\n<meta property=\"product:condition\" content=\"new\" \/>\n<!-- \/ Yoast SEO Premium plugin. -->","yoast_head_json":{"title":"Strands Nuuk E-Line SL 80w - All Day Led - Strands Scene Light - f\u00fcr 12\/24V","description":"Strands Nuuk E-Line SL 80w - leistungsstarker und extra flacher LED Arbeitsscheinwerfer - Lichtwinkel 58\u00b0 - 8200 Lumen - 1 Lux @ 111 Meter - IP68 und IP69K wasserdicht","robots":{"index":"index","follow":"follow","max-snippet":"max-snippet:-1","max-image-preview":"max-image-preview:large","max-video-preview":"max-video-preview:-1"},"canonical":"https:\/\/www.alldayled.com\/de\/produkt\/strands-nuuk-e-line-sl-80w\/","og_locale":"de_DE","og_type":"article","og_title":"Strands Nuuk E-Line SL 80w - All Day Led - Strands Scene Light - f\u00fcr 12\/24V","og_description":"Strands Nuuk E-Line SL 80w - leistungsstarker und extra flacher LED Arbeitsscheinwerfer - Lichtwinkel 58\u00b0 - 8200 Lumen - 1 Lux @ 111 Meter - IP68 und IP69K wasserdicht","og_url":"https:\/\/www.alldayled.com\/de\/produkt\/strands-nuuk-e-line-sl-80w\/","og_site_name":"All Day Led","article_publisher":"https:\/\/www.facebook.com\/alldayled\/","article_modified_time":"2026-01-13T10:22:36+00:00","og_image":[{"url":"https:\/\/www.alldayled.com\/wp-content\/uploads\/2025\/02\/ADL809136-SM-300x300.png","type":"","width":"","height":""}],"twitter_misc":{"Preis":"&euro;&nbsp;129,00","Verf\u00fcgbarkeit":"Auf Lager"},"schema":{"@context":"https:\/\/schema.org","@graph":[{"@type":"WebPage","@id":"https:\/\/www.alldayled.com\/de\/produkt\/strands-nuuk-e-line-sl-80w\/","url":"https:\/\/www.alldayled.com\/de\/produkt\/strands-nuuk-e-line-sl-80w\/","name":"Strands Nuuk E-Line SL 80w - All Day Led - Strands Scene Light - f\u00fcr 12\/24V","isPartOf":{"@id":"https:\/\/www.alldayled.com\/de\/#website"},"primaryImageOfPage":{"@id":"https:\/\/www.alldayled.com\/de\/produkt\/strands-nuuk-e-line-sl-80w\/#primaryimage"},"image":{"@id":"https:\/\/www.alldayled.com\/de\/produkt\/strands-nuuk-e-line-sl-80w\/#primaryimage"},"thumbnailUrl":"https:\/\/www.alldayled.com\/wp-content\/uploads\/2025\/02\/ADL809136.png","datePublished":"2025-02-15T14:25:09+00:00","dateModified":"2026-01-13T10:22:36+00:00","description":"Strands Nuuk E-Line SL 80w - leistungsstarker und extra flacher LED Arbeitsscheinwerfer - Lichtwinkel 58\u00b0 - 8200 Lumen - 1 Lux @ 111 Meter - IP68 und IP69K wasserdicht","breadcrumb":{"@id":"https:\/\/www.alldayled.com\/de\/produkt\/strands-nuuk-e-line-sl-80w\/#breadcrumb"},"inLanguage":"de","potentialAction":[{"@type":"ReadAction","target":["https:\/\/www.alldayled.com\/de\/produkt\/strands-nuuk-e-line-sl-80w\/"]}]},{"@type":"ImageObject","inLanguage":"de","@id":"https:\/\/www.alldayled.com\/de\/produkt\/strands-nuuk-e-line-sl-80w\/#primaryimage","url":"https:\/\/www.alldayled.com\/wp-content\/uploads\/2025\/02\/ADL809136.png","contentUrl":"https:\/\/www.alldayled.com\/wp-content\/uploads\/2025\/02\/ADL809136.png","width":800,"height":600,"caption":"Nuuk E-Line SL Arbeitsscheinwerfer - 5000K - geeignet f\u00fcr 12 und \/ oder 24 Volt Betrieb - Strands 809136 - 18 LED Punkte - Lichtwinkel 58 Grad - EAN: 7323030191665"},{"@type":"BreadcrumbList","@id":"https:\/\/www.alldayled.com\/de\/produkt\/strands-nuuk-e-line-sl-80w\/#breadcrumb","itemListElement":[{"@type":"ListItem","position":1,"name":"Home","item":"https:\/\/www.alldayled.com\/de\/"},{"@type":"ListItem","position":2,"name":"Shop","item":"https:\/\/www.alldayled.com\/de\/shop\/"},{"@type":"ListItem","position":3,"name":"Arbeitsscheinwerfer","item":"https:\/\/www.alldayled.com\/de\/produkt-kategorie\/arbeitsscheinwerfer\/"},{"@type":"ListItem","position":4,"name":"Arbeitsscheinwerfer sonstig","item":"https:\/\/www.alldayled.com\/de\/produkt-kategorie\/arbeitsscheinwerfer\/werklamp-overig\/"},{"@type":"ListItem","position":5,"name":"Strands Nuuk E-Line SL 80w"}]},{"@type":"WebSite","@id":"https:\/\/www.alldayled.com\/de\/#website","url":"https:\/\/www.alldayled.com\/de\/","name":"All Day Led","description":"Verlichting voor 12&amp;24 volt gebruik","publisher":{"@id":"https:\/\/www.alldayled.com\/de\/#organization"},"potentialAction":[{"@type":"SearchAction","target":{"@type":"EntryPoint","urlTemplate":"https:\/\/www.alldayled.com\/de\/?s={search_term_string}"},"query-input":{"@type":"PropertyValueSpecification","valueRequired":true,"valueName":"search_term_string"}}],"inLanguage":"de"},{"@type":"Organization","@id":"https:\/\/www.alldayled.com\/de\/#organization","name":"All Day Led","url":"https:\/\/www.alldayled.com\/de\/","logo":{"@type":"ImageObject","inLanguage":"de","@id":"https:\/\/www.alldayled.com\/de\/#\/schema\/logo\/image\/","url":"https:\/\/www.alldayled.com\/wp-content\/uploads\/2025\/10\/Logo-ALL-DAY-LED-800x800-zwart-witte-letters.png","contentUrl":"https:\/\/www.alldayled.com\/wp-content\/uploads\/2025\/10\/Logo-ALL-DAY-LED-800x800-zwart-witte-letters.png","width":800,"height":800,"caption":"All Day Led"},"image":{"@id":"https:\/\/www.alldayled.com\/de\/#\/schema\/logo\/image\/"},"sameAs":["https:\/\/www.facebook.com\/alldayled\/","https:\/\/www.instagram.com\/alldayled\/"],"vatID":"NL863960133B01","taxID":"86416545"}]},"product_brand":"Strands","product_price_amount":"129.00","product_price_currency":"EUR","og_availability":"instock","product_availability":"instock","product_retailer_item_id":"ADL809136","product_condition":"new"},"_links":{"self":[{"href":"https:\/\/www.alldayled.com\/de\/wp-json\/wp\/v2\/product\/65390","targetHints":{"allow":["GET"]}}],"collection":[{"href":"https:\/\/www.alldayled.com\/de\/wp-json\/wp\/v2\/product"}],"about":[{"href":"https:\/\/www.alldayled.com\/de\/wp-json\/wp\/v2\/types\/product"}],"replies":[{"embeddable":true,"href":"https:\/\/www.alldayled.com\/de\/wp-json\/wp\/v2\/comments?post=65390"}],"wp:featuredmedia":[{"embeddable":true,"href":"https:\/\/www.alldayled.com\/de\/wp-json\/wp\/v2\/media\/33741"}],"wp:attachment":[{"href":"https:\/\/www.alldayled.com\/de\/wp-json\/wp\/v2\/media?parent=65390"}],"wp:term":[{"taxonomy":"product_brand","embeddable":true,"href":"https:\/\/www.alldayled.com\/de\/wp-json\/wp\/v2\/product_brand?post=65390"},{"taxonomy":"product_cat","embeddable":true,"href":"https:\/\/www.alldayled.com\/de\/wp-json\/wp\/v2\/product_cat?post=65390"},{"taxonomy":"product_tag","embeddable":true,"href":"https:\/\/www.alldayled.com\/de\/wp-json\/wp\/v2\/product_tag?post=65390"}],"curies":[{"name":"wp","href":"https:\/\/api.w.org\/{rel}","templated":true}]}}