{"id":65407,"date":"2025-03-02T04:45:45","date_gmt":"2025-03-02T03:45:45","guid":{"rendered":"https:\/\/www.alldayled.com\/product\/strands-nuuk-d-line-led-bar-20\/"},"modified":"2025-12-05T11:51:28","modified_gmt":"2025-12-05T10:51:28","slug":"strands-nuuk-d-line-led-bar-20","status":"publish","type":"product","link":"https:\/\/www.alldayled.com\/de\/produkt\/strands-nuuk-d-line-led-bar-20\/","title":{"rendered":"Strands Nuuk D-Line LED bar &#8211; 20\u2033"},"content":{"rendered":"<p><span style=\"color: #000000;\"><strong>Strands Nuuk D-Line LED bar 20 Zoll, f\u00fcr 12 und 24 Volt.<\/strong><\/span><\/p>\n<p><span style=\"color: #000000;\">Die Strands Nuuk D-Line LED bar 20 Zoll kombiniert eine beachtliche Lichtleistung mit einem schlanken, robusten Design. Dieser robuste Scheinwerfer ist f\u00fcr die anspruchsvollsten Bedingungen auf und abseits der Stra\u00dfe konzipiert. Mit einer Lichtleistung von \u00fcber 9600 Lumen bietet er helles, wei\u00dfes Licht, das Ihre Sichtbarkeit erheblich verbessert. Die runde Form sorgt zudem daf\u00fcr, dass Wasser sauber von der Linse abgeleitet wird, ideal also bei schlechtem Wetter oder rauen Fahrten. Egal, ob Sie mit einem LKW, 4&#215;4, Bus oder Wohnmobil unterwegs sind: Mit dieser Nuuk D-Line LED bar 20&#8220; k\u00f6nnen Sie sicher sein, dass Sie gesehen werden.     <\/span><\/p>\n<p><span style=\"color: #000000;\">Neben der Leistung wurde auch an Stil und Flexibilit\u00e4t gedacht. Die Nuuk D-Line ist mit einem zweifarbigen Positionsleuchte ausgestattet, das du auf Wei\u00df oder Orange einstellen kannst, perfekt f\u00fcr alle, die das gewisse Extra an Optik w\u00fcnschen. Selbstverst\u00e4ndlich funktioniert diese LED bar sowohl mit 12 Volt als auch mit 24 Volt und ist ECE R148 und R149 zugelassen. Das bedeutet: legale Nutzung im Stra\u00dfenverkehr und Top-Qualit\u00e4t nach europ\u00e4ischer Norm. Kurz gesagt, eine LED bar, die nicht nur Leistung bringt, sondern auch gesehen werden darf.    <\/span><\/p>\n<h5><span style=\"color: #000000;\"><strong>Abmessungen:<\/strong><\/span><\/h5>\n<p><span style=\"color: #000000;\">Da Sie sicherstellen m\u00f6chten, dass die Lampe dort passt, wo Sie sie montieren m\u00f6chten, ist es wichtig, die Abmessungen zu kennen. Die Abmessungen der Strands Nuuk D-Line LED bar 20 Zoll sind wie folgt: <\/span><\/p>\n<ul>\n<li><span style=\"color: #000000;\">H\u00f6he: 35,4 mm <\/span><\/li>\n<li><span style=\"color: #000000;\">Breite: 513,5 mm<\/span><\/li>\n<li><span style=\"color: #000000;\">Dicke: 32,8 mm<\/span><\/li>\n<\/ul>\n<h5><span style=\"color: #000000;\"><strong>Weitere Abmessungen: <\/strong><\/span><\/h5>\n<p><span style=\"color: #000000;\">M\u00f6chten Sie Ihr Auto, Ihren SUV, Ihr Wohnmobil oder Ihren LKW mit einer LED bar ausstatten, aber die Strands Nuuk D-Line LED bar 20 Zoll ist nicht die Lampe, die Sie suchen? Einfach, weil die L\u00e4nge nicht Ihren W\u00fcnschen entspricht? Dann wissen Sie, dass Strands diese LED bar auch in verschiedenen Gr\u00f6\u00dfen anbietet. Nachfolgend finden Sie einige andere Optionen:     <\/span><\/p>\n<ul>\n<li><span style=\"color: #000000;\"><a style=\"color: #000000;\" href=\"https:\/\/www.alldayled.com\/de\/produkt\/strands-nuuk-d-line-led-bar-10\/\"><strong>Strands Nuuk D-Line LED bar 10\u2033<\/strong><\/a><\/span><\/li>\n<li><span style=\"color: #000000;\"><a style=\"color: #000000;\" href=\"https:\/\/www.alldayled.com\/de\/produkt\/strands-nuuk-d-line-led-bar-30\/\"><strong>Strands Nuuk D-Line LED bar 30\u2033<\/strong><\/a><\/span><\/li>\n<li><span style=\"color: #000000;\"><a style=\"color: #000000;\" href=\"https:\/\/www.alldayled.com\/de\/produkt\/strands-nuuk-d-line-led-bar-40\/\"><strong>Strands Nuuk D-Line LED bar 40\u2033<\/strong><\/a><\/span><\/li>\n<\/ul>\n<p><span style=\"color: #000000;\">Bist du nach dem Lesen der obigen Informationen immer noch nicht \u00fcberzeugt, dass dies die Lampe ist, die du suchst? Einfach weil die Lichtleistung, Wattage oder Form der Nuuk D-Line LED bar 20 Zoll nicht deinen W\u00fcnschen entspricht? Sieh dir dann hier das komplette Angebot von <g id=\"gid_0\">Strands<\/g> an. Vielleicht findest du hier das Lampenmodell, wonach du suchst.    <\/span><\/p>\n","protected":false},"excerpt":{"rendered":"<p>Strands Nuuk D-Line LED bar 20\u2033 mit wei\u00df und orange Standlicht, f\u00fcr 12 und 24 Volt.<\/p>\n","protected":false},"featured_media":35031,"comment_status":"open","ping_status":"closed","template":"","meta":{"_acf_changed":false},"product_brand":[5114],"product_cat":[5386],"product_tag":[9161,9162,9163,9164,9075,9079,9077,9078,9076,9057,9074,9066,9064,9065,9253],"class_list":{"0":"post-65407","1":"product","2":"type-product","3":"status-publish","4":"has-post-thumbnail","6":"product_brand-product-strands-lighting-division","7":"product_cat-led-bar","8":"product_tag-led-bar","9":"product_tag-led-bar-auto","10":"product_tag-led-bar-lkw","11":"product_tag-led-scheinwerfer","12":"product_tag-led-scheinwerfer-auto","13":"product_tag-led-scheinwerfer-lkw","14":"product_tag-led-scheinwerfer-tonabnehmer","15":"product_tag-led-scheinwerfer-traktor","16":"product_tag-led-scheinwerfer-wohnmobil","17":"product_tag-led-arbeitsleuchte","18":"product_tag-scheinwerfer-mit-stadtlicht","19":"product_tag-strands-led-arbeitsleuchte","20":"product_tag-strands-led-beleuchtung","21":"product_tag-strands-lighting-division","22":"product_tag-strands-nuuk-serie","24":"first","25":"instock","26":"taxable","27":"shipping-taxable","28":"purchasable","29":"product-type-simple"},"acf":[],"yoast_head":"<!-- This site is optimized with the Yoast SEO Premium plugin v26.5 (Yoast SEO v27.1.1) - https:\/\/yoast.com\/product\/yoast-seo-premium-wordpress\/ -->\n<title>Strands Nuuk D-Line LED bar 20 Zoll - All Day Led - f\u00fcr 12&amp;24V<\/title>\n<meta name=\"description\" content=\"Nuuk D-Line LED bar 20 Zoll - LED-Balken mit Aluminiumgeh\u00e4use und IP68\/69K Pr\u00fcfzeichen - mit ECE R148 und ECE R149 Pr\u00fcfzeichen - Strands 809452\" \/>\n<meta name=\"robots\" content=\"index, follow, max-snippet:-1, max-image-preview:large, max-video-preview:-1\" \/>\n<link rel=\"canonical\" href=\"https:\/\/www.alldayled.com\/de\/produkt\/strands-nuuk-d-line-led-bar-20\/\" \/>\n<meta property=\"og:locale\" content=\"de_DE\" \/>\n<meta property=\"og:type\" content=\"article\" \/>\n<meta property=\"og:title\" content=\"Strands Nuuk D-Line LED bar 20 Zoll - All Day Led - f\u00fcr 12&amp;24V\" \/>\n<meta property=\"og:description\" content=\"Nuuk D-Line LED bar 20 Zoll - LED-Balken mit Aluminiumgeh\u00e4use und IP68\/69K Pr\u00fcfzeichen - mit ECE R148 und ECE R149 Pr\u00fcfzeichen - Strands 809452\" \/>\n<meta property=\"og:url\" content=\"https:\/\/www.alldayled.com\/de\/produkt\/strands-nuuk-d-line-led-bar-20\/\" \/>\n<meta property=\"og:site_name\" content=\"All Day Led\" \/>\n<meta property=\"article:publisher\" content=\"https:\/\/www.facebook.com\/alldayled\/\" \/>\n<meta property=\"article:modified_time\" content=\"2025-12-05T10:51:28+00:00\" \/>\n<meta property=\"og:image\" content=\"https:\/\/www.alldayled.com\/wp-content\/uploads\/2025\/03\/ADL809452-SM-300x300.png\" \/>\n<meta name=\"twitter:label1\" content=\"Preis\" \/>\n\t<meta name=\"twitter:data1\" content=\"&euro;&nbsp;229,00\" \/>\n\t<meta name=\"twitter:label2\" content=\"Verf\u00fcgbarkeit\" \/>\n\t<meta name=\"twitter:data2\" content=\"Auf Lager\" \/>\n<script type=\"application\/ld+json\" class=\"yoast-schema-graph\">{\"@context\":\"https:\/\/schema.org\",\"@graph\":[{\"@type\":\"WebPage\",\"@id\":\"https:\/\/www.alldayled.com\/de\/produkt\/strands-nuuk-d-line-led-bar-20\/\",\"url\":\"https:\/\/www.alldayled.com\/de\/produkt\/strands-nuuk-d-line-led-bar-20\/\",\"name\":\"Strands Nuuk D-Line LED bar 20 Zoll - All Day Led - f\u00fcr 12&24V\",\"isPartOf\":{\"@id\":\"https:\/\/www.alldayled.com\/de\/#website\"},\"primaryImageOfPage\":{\"@id\":\"https:\/\/www.alldayled.com\/de\/produkt\/strands-nuuk-d-line-led-bar-20\/#primaryimage\"},\"image\":{\"@id\":\"https:\/\/www.alldayled.com\/de\/produkt\/strands-nuuk-d-line-led-bar-20\/#primaryimage\"},\"thumbnailUrl\":\"https:\/\/www.alldayled.com\/wp-content\/uploads\/2025\/03\/ADL809452.png\",\"datePublished\":\"2025-03-02T03:45:45+00:00\",\"dateModified\":\"2025-12-05T10:51:28+00:00\",\"description\":\"Nuuk D-Line LED bar 20 Zoll - LED-Balken mit Aluminiumgeh\u00e4use und IP68\/69K Pr\u00fcfzeichen - mit ECE R148 und ECE R149 Pr\u00fcfzeichen - Strands 809452\",\"breadcrumb\":{\"@id\":\"https:\/\/www.alldayled.com\/de\/produkt\/strands-nuuk-d-line-led-bar-20\/#breadcrumb\"},\"inLanguage\":\"de\",\"potentialAction\":[{\"@type\":\"ReadAction\",\"target\":[\"https:\/\/www.alldayled.com\/de\/produkt\/strands-nuuk-d-line-led-bar-20\/\"]}]},{\"@type\":\"ImageObject\",\"inLanguage\":\"de\",\"@id\":\"https:\/\/www.alldayled.com\/de\/produkt\/strands-nuuk-d-line-led-bar-20\/#primaryimage\",\"url\":\"https:\/\/www.alldayled.com\/wp-content\/uploads\/2025\/03\/ADL809452.png\",\"contentUrl\":\"https:\/\/www.alldayled.com\/wp-content\/uploads\/2025\/03\/ADL809452.png\",\"width\":800,\"height\":600,\"caption\":\"Strands 809452 - 11.000 Lumen - LED bar - Positionsleuchte wei\u00df\/orange - IP68, IP69K - ECE R148, ECE R149 - 12 &amp; 24 Volt - Nuuk D-Line - 20 Zoll\"},{\"@type\":\"BreadcrumbList\",\"@id\":\"https:\/\/www.alldayled.com\/de\/produkt\/strands-nuuk-d-line-led-bar-20\/#breadcrumb\",\"itemListElement\":[{\"@type\":\"ListItem\",\"position\":1,\"name\":\"Home\",\"item\":\"https:\/\/www.alldayled.com\/de\/\"},{\"@type\":\"ListItem\",\"position\":2,\"name\":\"Shop\",\"item\":\"https:\/\/www.alldayled.com\/de\/shop\/\"},{\"@type\":\"ListItem\",\"position\":3,\"name\":\"Scheinwerfer\",\"item\":\"https:\/\/www.alldayled.com\/de\/produkt-kategorie\/scheinwerfer\/\"},{\"@type\":\"ListItem\",\"position\":4,\"name\":\"LED Bar\",\"item\":\"https:\/\/www.alldayled.com\/de\/produkt-kategorie\/scheinwerfer\/led-bar\/\"},{\"@type\":\"ListItem\",\"position\":5,\"name\":\"Strands Nuuk D-Line LED bar &#8211; 20\u2033\"}]},{\"@type\":\"WebSite\",\"@id\":\"https:\/\/www.alldayled.com\/de\/#website\",\"url\":\"https:\/\/www.alldayled.com\/de\/\",\"name\":\"All Day Led\",\"description\":\"Verlichting voor 12&amp;24 volt gebruik\",\"publisher\":{\"@id\":\"https:\/\/www.alldayled.com\/de\/#organization\"},\"potentialAction\":[{\"@type\":\"SearchAction\",\"target\":{\"@type\":\"EntryPoint\",\"urlTemplate\":\"https:\/\/www.alldayled.com\/de\/?s={search_term_string}\"},\"query-input\":{\"@type\":\"PropertyValueSpecification\",\"valueRequired\":true,\"valueName\":\"search_term_string\"}}],\"inLanguage\":\"de\"},{\"@type\":\"Organization\",\"@id\":\"https:\/\/www.alldayled.com\/de\/#organization\",\"name\":\"All Day Led\",\"url\":\"https:\/\/www.alldayled.com\/de\/\",\"logo\":{\"@type\":\"ImageObject\",\"inLanguage\":\"de\",\"@id\":\"https:\/\/www.alldayled.com\/de\/#\/schema\/logo\/image\/\",\"url\":\"https:\/\/www.alldayled.com\/wp-content\/uploads\/2025\/10\/Logo-ALL-DAY-LED-800x800-zwart-witte-letters.png\",\"contentUrl\":\"https:\/\/www.alldayled.com\/wp-content\/uploads\/2025\/10\/Logo-ALL-DAY-LED-800x800-zwart-witte-letters.png\",\"width\":800,\"height\":800,\"caption\":\"All Day Led\"},\"image\":{\"@id\":\"https:\/\/www.alldayled.com\/de\/#\/schema\/logo\/image\/\"},\"sameAs\":[\"https:\/\/www.facebook.com\/alldayled\/\",\"https:\/\/www.instagram.com\/alldayled\/\"],\"vatID\":\"NL863960133B01\",\"taxID\":\"86416545\"}]}<\/script>\n<meta property=\"product:brand\" content=\"Strands\" \/>\n<meta property=\"product:price:amount\" content=\"229.00\" \/>\n<meta property=\"product:price:currency\" content=\"EUR\" \/>\n<meta property=\"og:availability\" content=\"instock\" \/>\n<meta property=\"product:availability\" content=\"instock\" \/>\n<meta property=\"product:retailer_item_id\" content=\"ADL809452\" \/>\n<meta property=\"product:condition\" content=\"new\" \/>\n<!-- \/ Yoast SEO Premium plugin. -->","yoast_head_json":{"title":"Strands Nuuk D-Line LED bar 20 Zoll - All Day Led - f\u00fcr 12&24V","description":"Nuuk D-Line LED bar 20 Zoll - LED-Balken mit Aluminiumgeh\u00e4use und IP68\/69K Pr\u00fcfzeichen - mit ECE R148 und ECE R149 Pr\u00fcfzeichen - Strands 809452","robots":{"index":"index","follow":"follow","max-snippet":"max-snippet:-1","max-image-preview":"max-image-preview:large","max-video-preview":"max-video-preview:-1"},"canonical":"https:\/\/www.alldayled.com\/de\/produkt\/strands-nuuk-d-line-led-bar-20\/","og_locale":"de_DE","og_type":"article","og_title":"Strands Nuuk D-Line LED bar 20 Zoll - All Day Led - f\u00fcr 12&24V","og_description":"Nuuk D-Line LED bar 20 Zoll - LED-Balken mit Aluminiumgeh\u00e4use und IP68\/69K Pr\u00fcfzeichen - mit ECE R148 und ECE R149 Pr\u00fcfzeichen - Strands 809452","og_url":"https:\/\/www.alldayled.com\/de\/produkt\/strands-nuuk-d-line-led-bar-20\/","og_site_name":"All Day Led","article_publisher":"https:\/\/www.facebook.com\/alldayled\/","article_modified_time":"2025-12-05T10:51:28+00:00","og_image":[{"url":"https:\/\/www.alldayled.com\/wp-content\/uploads\/2025\/03\/ADL809452-SM-300x300.png","type":"","width":"","height":""}],"twitter_misc":{"Preis":"&euro;&nbsp;229,00","Verf\u00fcgbarkeit":"Auf Lager"},"schema":{"@context":"https:\/\/schema.org","@graph":[{"@type":"WebPage","@id":"https:\/\/www.alldayled.com\/de\/produkt\/strands-nuuk-d-line-led-bar-20\/","url":"https:\/\/www.alldayled.com\/de\/produkt\/strands-nuuk-d-line-led-bar-20\/","name":"Strands Nuuk D-Line LED bar 20 Zoll - All Day Led - f\u00fcr 12&24V","isPartOf":{"@id":"https:\/\/www.alldayled.com\/de\/#website"},"primaryImageOfPage":{"@id":"https:\/\/www.alldayled.com\/de\/produkt\/strands-nuuk-d-line-led-bar-20\/#primaryimage"},"image":{"@id":"https:\/\/www.alldayled.com\/de\/produkt\/strands-nuuk-d-line-led-bar-20\/#primaryimage"},"thumbnailUrl":"https:\/\/www.alldayled.com\/wp-content\/uploads\/2025\/03\/ADL809452.png","datePublished":"2025-03-02T03:45:45+00:00","dateModified":"2025-12-05T10:51:28+00:00","description":"Nuuk D-Line LED bar 20 Zoll - LED-Balken mit Aluminiumgeh\u00e4use und IP68\/69K Pr\u00fcfzeichen - mit ECE R148 und ECE R149 Pr\u00fcfzeichen - Strands 809452","breadcrumb":{"@id":"https:\/\/www.alldayled.com\/de\/produkt\/strands-nuuk-d-line-led-bar-20\/#breadcrumb"},"inLanguage":"de","potentialAction":[{"@type":"ReadAction","target":["https:\/\/www.alldayled.com\/de\/produkt\/strands-nuuk-d-line-led-bar-20\/"]}]},{"@type":"ImageObject","inLanguage":"de","@id":"https:\/\/www.alldayled.com\/de\/produkt\/strands-nuuk-d-line-led-bar-20\/#primaryimage","url":"https:\/\/www.alldayled.com\/wp-content\/uploads\/2025\/03\/ADL809452.png","contentUrl":"https:\/\/www.alldayled.com\/wp-content\/uploads\/2025\/03\/ADL809452.png","width":800,"height":600,"caption":"Strands 809452 - 11.000 Lumen - LED bar - Positionsleuchte wei\u00df\/orange - IP68, IP69K - ECE R148, ECE R149 - 12 &amp; 24 Volt - Nuuk D-Line - 20 Zoll"},{"@type":"BreadcrumbList","@id":"https:\/\/www.alldayled.com\/de\/produkt\/strands-nuuk-d-line-led-bar-20\/#breadcrumb","itemListElement":[{"@type":"ListItem","position":1,"name":"Home","item":"https:\/\/www.alldayled.com\/de\/"},{"@type":"ListItem","position":2,"name":"Shop","item":"https:\/\/www.alldayled.com\/de\/shop\/"},{"@type":"ListItem","position":3,"name":"Scheinwerfer","item":"https:\/\/www.alldayled.com\/de\/produkt-kategorie\/scheinwerfer\/"},{"@type":"ListItem","position":4,"name":"LED Bar","item":"https:\/\/www.alldayled.com\/de\/produkt-kategorie\/scheinwerfer\/led-bar\/"},{"@type":"ListItem","position":5,"name":"Strands Nuuk D-Line LED bar &#8211; 20\u2033"}]},{"@type":"WebSite","@id":"https:\/\/www.alldayled.com\/de\/#website","url":"https:\/\/www.alldayled.com\/de\/","name":"All Day Led","description":"Verlichting voor 12&amp;24 volt gebruik","publisher":{"@id":"https:\/\/www.alldayled.com\/de\/#organization"},"potentialAction":[{"@type":"SearchAction","target":{"@type":"EntryPoint","urlTemplate":"https:\/\/www.alldayled.com\/de\/?s={search_term_string}"},"query-input":{"@type":"PropertyValueSpecification","valueRequired":true,"valueName":"search_term_string"}}],"inLanguage":"de"},{"@type":"Organization","@id":"https:\/\/www.alldayled.com\/de\/#organization","name":"All Day Led","url":"https:\/\/www.alldayled.com\/de\/","logo":{"@type":"ImageObject","inLanguage":"de","@id":"https:\/\/www.alldayled.com\/de\/#\/schema\/logo\/image\/","url":"https:\/\/www.alldayled.com\/wp-content\/uploads\/2025\/10\/Logo-ALL-DAY-LED-800x800-zwart-witte-letters.png","contentUrl":"https:\/\/www.alldayled.com\/wp-content\/uploads\/2025\/10\/Logo-ALL-DAY-LED-800x800-zwart-witte-letters.png","width":800,"height":800,"caption":"All Day Led"},"image":{"@id":"https:\/\/www.alldayled.com\/de\/#\/schema\/logo\/image\/"},"sameAs":["https:\/\/www.facebook.com\/alldayled\/","https:\/\/www.instagram.com\/alldayled\/"],"vatID":"NL863960133B01","taxID":"86416545"}]},"product_brand":"Strands","product_price_amount":"229.00","product_price_currency":"EUR","og_availability":"instock","product_availability":"instock","product_retailer_item_id":"ADL809452","product_condition":"new"},"_links":{"self":[{"href":"https:\/\/www.alldayled.com\/de\/wp-json\/wp\/v2\/product\/65407","targetHints":{"allow":["GET"]}}],"collection":[{"href":"https:\/\/www.alldayled.com\/de\/wp-json\/wp\/v2\/product"}],"about":[{"href":"https:\/\/www.alldayled.com\/de\/wp-json\/wp\/v2\/types\/product"}],"replies":[{"embeddable":true,"href":"https:\/\/www.alldayled.com\/de\/wp-json\/wp\/v2\/comments?post=65407"}],"wp:featuredmedia":[{"embeddable":true,"href":"https:\/\/www.alldayled.com\/de\/wp-json\/wp\/v2\/media\/35031"}],"wp:attachment":[{"href":"https:\/\/www.alldayled.com\/de\/wp-json\/wp\/v2\/media?parent=65407"}],"wp:term":[{"taxonomy":"product_brand","embeddable":true,"href":"https:\/\/www.alldayled.com\/de\/wp-json\/wp\/v2\/product_brand?post=65407"},{"taxonomy":"product_cat","embeddable":true,"href":"https:\/\/www.alldayled.com\/de\/wp-json\/wp\/v2\/product_cat?post=65407"},{"taxonomy":"product_tag","embeddable":true,"href":"https:\/\/www.alldayled.com\/de\/wp-json\/wp\/v2\/product_tag?post=65407"}],"curies":[{"name":"wp","href":"https:\/\/api.w.org\/{rel}","templated":true}]}}