{"id":65416,"date":"2024-01-25T15:41:20","date_gmt":"2024-01-25T14:41:20","guid":{"rendered":"https:\/\/www.alldayled.com\/product\/gylle-montagevoet-165mm-haaks\/"},"modified":"2026-04-26T16:55:11","modified_gmt":"2026-04-26T14:55:11","slug":"gylle-montagevoet-165mm-haaks","status":"publish","type":"product","link":"https:\/\/www.alldayled.com\/de\/produkt\/gylle-montagevoet-165mm-haaks\/","title":{"rendered":"Gylle Gummiarm 165mm Winkel"},"content":{"rendered":"<p><span style=\"color: #000000;\"><strong>Gylle Gummiarm 165mm Winkel.<\/strong><\/span><\/p>\n<p><span style=\"color: #000000;\">M\u00f6chten Sie selbst eine d\u00e4nische Breitenleuchte zusammenstellen? Wissen Sie aber nicht, wo Sie anfangen sollen? Dann ist der Gylle Gummiarm 165mm Winkel der Artikel, den Sie suchen. Mit dem Gummiarm k\u00f6nnen Sie einfach und schnell Ihre eigene d\u00e4nische Breitenleuchte zusammenstellen. In dem Gummiarm k\u00f6nnen Sie die Artikel von Gylle, Strands und WA\u015a platzieren. Der Gummiarm ist mit einem Hohlraum versehen, durch den die Kabel der Lampe gef\u00fchrt werden k\u00f6nnen. Der Gummiarm ist universell und einfach an nahezu jedem Fahrzeug zu montieren: von Ihrem Auto bis zu Ihrem LKW, Traktor oder Anh\u00e4nger.       <\/span><\/p>\n<h5><span style=\"color: #000000;\"><strong>Selbst zusammenstellen:  <\/strong><\/span><\/h5>\n<p><span style=\"color: #000000;\">Um selbst Ihre d\u00e4nische Breitenleuchte der Marke Gylle zusammenzustellen, haben Sie zwei M\u00f6glichkeiten. Nachfolgend finden Sie beide Optionen, komplett mit einem Link zur entsprechenden Seite. Klicken Sie auf Option 1 oder Option 2 und Sie sehen direkt alle Artikel \u00fcbersichtlich auf einer Seite.  <\/span><\/p>\n<ul>\n<li><span style=\"color: #000000;\"><a style=\"color: #000000;\" href=\"https:\/\/www.alldayled.com\/de\/produkt-schlagwort\/gylle-halogen-umrissleuchte\/\"><strong>Option 1<\/strong><\/a><strong>:<\/strong> Stellen Sie die Lampe selbst zusammen, sodass Sie eine Halogen- oder LED-Birne einsetzen k\u00f6nnen.<br \/>\n<\/span><\/li>\n<li><span style=\"color: #000000;\"><strong><a style=\"color: #000000;\" href=\"https:\/\/www.alldayled.com\/de\/produkt-schlagwort\/gylle-led-umrissleuchte\/\">Option 2<\/a>:<\/strong> Stellen Sie die Lampe selbst zusammen, sodass Sie eine LED-Einheit einsetzen k\u00f6nnen.<br \/>\n<\/span><\/li>\n<\/ul>\n<h5><span style=\"color: #000000;\"><strong>Abmessungen:<\/strong><\/span><\/h5>\n<p><span style=\"color: #000000;\">Um sicherzustellen, dass der Gummiarm beispielsweise auf Ihre Breitenleuchte passt, haben wir nachfolgend die Abmessungen f\u00fcr Sie aufgelistet. Die Abmessungen des Gylle Gummiarm 165mm Winkel sind wie folgt: <\/span><\/p>\n<ul>\n<li><span style=\"color: #000000;\">H\u00f6he: 100 mm (Montagefu\u00df)<\/span><\/li>\n<li><span style=\"color: #000000;\">Durchmesser: 61 mm<\/span><\/li>\n<li><span style=\"color: #000000;\">L\u00e4nge: 165 mm<\/span><\/li>\n<\/ul>\n<h5><span style=\"color: #000000;\"><strong>Andere Versionen: <\/strong><\/span><\/h5>\n<p><span style=\"color: #000000;\">M\u00f6chten Sie zwar einen Gummiarm anschaffen, aber das gewinkelte 165-mm-Modell ist nicht ganz das, was Sie suchen? Kein Problem! Die Gummimontagef\u00fc\u00dfe sind n\u00e4mlich auch in mehreren Ausf\u00fchrungen erh\u00e4ltlich. Es gibt also immer eine Variante, die zu Ihrem Fahrzeug passt. <\/span><\/p>\n<ul>\n<li><span style=\"color: #000000;\"><strong><a style=\"color: #000000;\" href=\"https:\/\/www.alldayled.com\/de\/produkt\/gylle-montagevoet-110mm\/\" target=\"_blank\" rel=\"noopener\">Gylle Gummiarm 110mm \u2013 gerade<\/a><\/strong><\/span><\/li>\n<li><span style=\"color: #000000;\"><strong><a style=\"color: #000000;\" href=\"https:\/\/www.alldayled.com\/de\/produkt\/gylle-montagevoet-165mm\/\" target=\"_blank\" rel=\"noopener\">Gylle Gummiarm 165mm \u2013 gerade<\/a><\/strong><\/span><\/li>\n<li><span style=\"color: #000000;\"><strong><a style=\"color: #000000;\" href=\"https:\/\/www.alldayled.com\/de\/produkt\/gylle-montagevoet-195mm-haaks\/\" target=\"_blank\" rel=\"noopener\">Gylle Gummiarm 195mm \u2013 Winkel<\/a><\/strong><\/span><\/li>\n<li><span style=\"color: #000000;\"><strong><a style=\"color: #000000;\" href=\"https:\/\/www.alldayled.com\/de\/produkt\/gylle-montagevoet-y-model\/\" target=\"_blank\" rel=\"noopener\">Gylle Gummiarm Y-Modell<\/a><\/strong><\/span><\/li>\n<\/ul>\n<p><span style=\"color: #000000;\">Sind Sie dennoch nicht \u00fcberzeugt, dass der Gylle Gummiarm 165mm Winkel aus Gummi nicht das ist, wonach Sie suchen? Einfach weil die Farbe oder Form nicht Ihren W\u00fcnschen entspricht? Dann sehen Sie sich hier das komplette Angebot von <a style=\"color: #000000;\" href=\"https:\/\/www.alldayled.com\/de\/marke\/product-gylle-mec\/\">Gylle<\/a> an.  <\/span><\/p>\n","protected":false},"excerpt":{"rendered":"<p>Gylle Gummiarm 165mm Winkel. Geeignet f\u00fcr eine d\u00e4nische Positionsleuchte. <\/p>\n","protected":false},"featured_media":62737,"comment_status":"open","ping_status":"closed","template":"","meta":{"_acf_changed":false},"product_brand":[5161],"product_cat":[5162],"product_tag":[9250,5168,9260,9261,9259,9262],"class_list":{"0":"post-65416","1":"product","2":"type-product","3":"status-publish","4":"has-post-thumbnail","6":"product_brand-product-gylle-mec","7":"product_cat-breedtelampen","8":"product_tag-danische-breitenlampe","9":"product_tag-danischer-poller","10":"product_tag-gylle-beleuchtung","11":"product_tag-gylle-halogen-umrissleuchte","12":"product_tag-gylle-led-umrissleuchte","13":"product_tag-montagefus-umrissleuchte","15":"first","16":"instock","17":"taxable","18":"shipping-taxable","19":"purchasable","20":"product-type-simple"},"acf":[],"yoast_head":"<!-- This site is optimized with the Yoast SEO Premium plugin v26.5 (Yoast SEO v27.1.1) - https:\/\/yoast.com\/product\/yoast-seo-premium-wordpress\/ -->\n<title>Gylle Gummiarm 165mm Winkel - All Day Led - f\u00fcr Fahrzeug und Anh\u00e4nger<\/title>\n<meta name=\"description\" content=\"Gylle Gummiarm 165mm Winkel f\u00fcr d\u00e4nische Positionsleuchte - geeignet f\u00fcr Gylle, Strands und Gylle - Halterung f\u00fcr LED und Halogen - einfache Montage\" \/>\n<meta name=\"robots\" content=\"index, follow, max-snippet:-1, max-image-preview:large, max-video-preview:-1\" \/>\n<link rel=\"canonical\" href=\"https:\/\/www.alldayled.com\/de\/produkt\/gylle-montagevoet-165mm-haaks\/\" \/>\n<meta property=\"og:locale\" content=\"de_DE\" \/>\n<meta property=\"og:type\" content=\"article\" \/>\n<meta property=\"og:title\" content=\"Gylle Gummiarm 165mm Winkel - All Day Led - f\u00fcr Fahrzeug und Anh\u00e4nger\" \/>\n<meta property=\"og:description\" content=\"Gylle Gummiarm 165mm Winkel f\u00fcr d\u00e4nische Positionsleuchte - geeignet f\u00fcr Gylle, Strands und Gylle - Halterung f\u00fcr LED und Halogen - einfache Montage\" \/>\n<meta property=\"og:url\" content=\"https:\/\/www.alldayled.com\/de\/produkt\/gylle-montagevoet-165mm-haaks\/\" \/>\n<meta property=\"og:site_name\" content=\"All Day Led\" \/>\n<meta property=\"article:publisher\" content=\"https:\/\/www.facebook.com\/alldayled\/\" \/>\n<meta property=\"article:modified_time\" content=\"2026-04-26T14:55:11+00:00\" \/>\n<meta property=\"og:image\" content=\"https:\/\/www.alldayled.com\/wp-content\/uploads\/2024\/12\/ADL35198.01-300x300.png\" \/>\n<meta name=\"twitter:label1\" content=\"Preis\" \/>\n\t<meta name=\"twitter:data1\" content=\"&euro;&nbsp;6,95\" \/>\n\t<meta name=\"twitter:label2\" content=\"Verf\u00fcgbarkeit\" \/>\n\t<meta name=\"twitter:data2\" content=\"Auf Lager\" \/>\n<script type=\"application\/ld+json\" class=\"yoast-schema-graph\">{\"@context\":\"https:\/\/schema.org\",\"@graph\":[{\"@type\":\"WebPage\",\"@id\":\"https:\/\/www.alldayled.com\/de\/produkt\/gylle-montagevoet-165mm-haaks\/\",\"url\":\"https:\/\/www.alldayled.com\/de\/produkt\/gylle-montagevoet-165mm-haaks\/\",\"name\":\"Gylle Gummiarm 165mm Winkel - All Day Led - f\u00fcr Fahrzeug und Anh\u00e4nger\",\"isPartOf\":{\"@id\":\"https:\/\/www.alldayled.com\/de\/#website\"},\"primaryImageOfPage\":{\"@id\":\"https:\/\/www.alldayled.com\/de\/produkt\/gylle-montagevoet-165mm-haaks\/#primaryimage\"},\"image\":{\"@id\":\"https:\/\/www.alldayled.com\/de\/produkt\/gylle-montagevoet-165mm-haaks\/#primaryimage\"},\"thumbnailUrl\":\"https:\/\/www.alldayled.com\/wp-content\/uploads\/2020\/03\/ADL35198.png\",\"datePublished\":\"2024-01-25T14:41:20+00:00\",\"dateModified\":\"2026-04-26T14:55:11+00:00\",\"description\":\"Gylle Gummiarm 165mm Winkel f\u00fcr d\u00e4nische Positionsleuchte - geeignet f\u00fcr Gylle, Strands und Gylle - Halterung f\u00fcr LED und Halogen - einfache Montage\",\"breadcrumb\":{\"@id\":\"https:\/\/www.alldayled.com\/de\/produkt\/gylle-montagevoet-165mm-haaks\/#breadcrumb\"},\"inLanguage\":\"de\",\"potentialAction\":[{\"@type\":\"ReadAction\",\"target\":[\"https:\/\/www.alldayled.com\/de\/produkt\/gylle-montagevoet-165mm-haaks\/\"]}]},{\"@type\":\"ImageObject\",\"inLanguage\":\"de\",\"@id\":\"https:\/\/www.alldayled.com\/de\/produkt\/gylle-montagevoet-165mm-haaks\/#primaryimage\",\"url\":\"https:\/\/www.alldayled.com\/wp-content\/uploads\/2020\/03\/ADL35198.png\",\"contentUrl\":\"https:\/\/www.alldayled.com\/wp-content\/uploads\/2020\/03\/ADL35198.png\",\"width\":800,\"height\":600,\"caption\":\"Gylle Gummiarm 165mm Winkel \u2013 f\u00fcr d\u00e4nische Positionsleuchte \u2013 verwendbar f\u00fcr Gylle, Strands Viking LED und WA\u015a \u2013 EAN: 7392847209115\"},{\"@type\":\"BreadcrumbList\",\"@id\":\"https:\/\/www.alldayled.com\/de\/produkt\/gylle-montagevoet-165mm-haaks\/#breadcrumb\",\"itemListElement\":[{\"@type\":\"ListItem\",\"position\":1,\"name\":\"Home\",\"item\":\"https:\/\/www.alldayled.com\/de\/\"},{\"@type\":\"ListItem\",\"position\":2,\"name\":\"Shop\",\"item\":\"https:\/\/www.alldayled.com\/de\/shop\/\"},{\"@type\":\"ListItem\",\"position\":3,\"name\":\"Positionsleuchten\",\"item\":\"https:\/\/www.alldayled.com\/de\/produkt-kategorie\/positionslichter\/\"},{\"@type\":\"ListItem\",\"position\":4,\"name\":\"Umrissleuchte\",\"item\":\"https:\/\/www.alldayled.com\/de\/produkt-kategorie\/positionslichter\/breedtelampen\/\"},{\"@type\":\"ListItem\",\"position\":5,\"name\":\"Gylle Gummiarm 165mm Winkel\"}]},{\"@type\":\"WebSite\",\"@id\":\"https:\/\/www.alldayled.com\/de\/#website\",\"url\":\"https:\/\/www.alldayled.com\/de\/\",\"name\":\"All Day Led\",\"description\":\"Verlichting voor 12&amp;24 volt gebruik\",\"publisher\":{\"@id\":\"https:\/\/www.alldayled.com\/de\/#organization\"},\"potentialAction\":[{\"@type\":\"SearchAction\",\"target\":{\"@type\":\"EntryPoint\",\"urlTemplate\":\"https:\/\/www.alldayled.com\/de\/?s={search_term_string}\"},\"query-input\":{\"@type\":\"PropertyValueSpecification\",\"valueRequired\":true,\"valueName\":\"search_term_string\"}}],\"inLanguage\":\"de\"},{\"@type\":\"Organization\",\"@id\":\"https:\/\/www.alldayled.com\/de\/#organization\",\"name\":\"All Day Led\",\"url\":\"https:\/\/www.alldayled.com\/de\/\",\"logo\":{\"@type\":\"ImageObject\",\"inLanguage\":\"de\",\"@id\":\"https:\/\/www.alldayled.com\/de\/#\/schema\/logo\/image\/\",\"url\":\"https:\/\/www.alldayled.com\/wp-content\/uploads\/2025\/10\/Logo-ALL-DAY-LED-800x800-zwart-witte-letters.png\",\"contentUrl\":\"https:\/\/www.alldayled.com\/wp-content\/uploads\/2025\/10\/Logo-ALL-DAY-LED-800x800-zwart-witte-letters.png\",\"width\":800,\"height\":800,\"caption\":\"All Day Led\"},\"image\":{\"@id\":\"https:\/\/www.alldayled.com\/de\/#\/schema\/logo\/image\/\"},\"sameAs\":[\"https:\/\/www.facebook.com\/alldayled\/\",\"https:\/\/www.instagram.com\/alldayled\/\"],\"vatID\":\"NL863960133B01\",\"taxID\":\"86416545\"}]}<\/script>\n<meta property=\"product:brand\" content=\"Gylle\" \/>\n<meta property=\"product:price:amount\" content=\"6.95\" \/>\n<meta property=\"product:price:currency\" content=\"EUR\" \/>\n<meta property=\"og:availability\" content=\"instock\" \/>\n<meta property=\"product:availability\" content=\"instock\" \/>\n<meta property=\"product:retailer_item_id\" content=\"ADL35198\" \/>\n<meta property=\"product:condition\" content=\"new\" \/>\n<!-- \/ Yoast SEO Premium plugin. -->","yoast_head_json":{"title":"Gylle Gummiarm 165mm Winkel - All Day Led - f\u00fcr Fahrzeug und Anh\u00e4nger","description":"Gylle Gummiarm 165mm Winkel f\u00fcr d\u00e4nische Positionsleuchte - geeignet f\u00fcr Gylle, Strands und Gylle - Halterung f\u00fcr LED und Halogen - einfache Montage","robots":{"index":"index","follow":"follow","max-snippet":"max-snippet:-1","max-image-preview":"max-image-preview:large","max-video-preview":"max-video-preview:-1"},"canonical":"https:\/\/www.alldayled.com\/de\/produkt\/gylle-montagevoet-165mm-haaks\/","og_locale":"de_DE","og_type":"article","og_title":"Gylle Gummiarm 165mm Winkel - All Day Led - f\u00fcr Fahrzeug und Anh\u00e4nger","og_description":"Gylle Gummiarm 165mm Winkel f\u00fcr d\u00e4nische Positionsleuchte - geeignet f\u00fcr Gylle, Strands und Gylle - Halterung f\u00fcr LED und Halogen - einfache Montage","og_url":"https:\/\/www.alldayled.com\/de\/produkt\/gylle-montagevoet-165mm-haaks\/","og_site_name":"All Day Led","article_publisher":"https:\/\/www.facebook.com\/alldayled\/","article_modified_time":"2026-04-26T14:55:11+00:00","og_image":[{"url":"https:\/\/www.alldayled.com\/wp-content\/uploads\/2024\/12\/ADL35198.01-300x300.png","type":"","width":"","height":""}],"twitter_misc":{"Preis":"&euro;&nbsp;6,95","Verf\u00fcgbarkeit":"Auf Lager"},"schema":{"@context":"https:\/\/schema.org","@graph":[{"@type":"WebPage","@id":"https:\/\/www.alldayled.com\/de\/produkt\/gylle-montagevoet-165mm-haaks\/","url":"https:\/\/www.alldayled.com\/de\/produkt\/gylle-montagevoet-165mm-haaks\/","name":"Gylle Gummiarm 165mm Winkel - All Day Led - f\u00fcr Fahrzeug und Anh\u00e4nger","isPartOf":{"@id":"https:\/\/www.alldayled.com\/de\/#website"},"primaryImageOfPage":{"@id":"https:\/\/www.alldayled.com\/de\/produkt\/gylle-montagevoet-165mm-haaks\/#primaryimage"},"image":{"@id":"https:\/\/www.alldayled.com\/de\/produkt\/gylle-montagevoet-165mm-haaks\/#primaryimage"},"thumbnailUrl":"https:\/\/www.alldayled.com\/wp-content\/uploads\/2020\/03\/ADL35198.png","datePublished":"2024-01-25T14:41:20+00:00","dateModified":"2026-04-26T14:55:11+00:00","description":"Gylle Gummiarm 165mm Winkel f\u00fcr d\u00e4nische Positionsleuchte - geeignet f\u00fcr Gylle, Strands und Gylle - Halterung f\u00fcr LED und Halogen - einfache Montage","breadcrumb":{"@id":"https:\/\/www.alldayled.com\/de\/produkt\/gylle-montagevoet-165mm-haaks\/#breadcrumb"},"inLanguage":"de","potentialAction":[{"@type":"ReadAction","target":["https:\/\/www.alldayled.com\/de\/produkt\/gylle-montagevoet-165mm-haaks\/"]}]},{"@type":"ImageObject","inLanguage":"de","@id":"https:\/\/www.alldayled.com\/de\/produkt\/gylle-montagevoet-165mm-haaks\/#primaryimage","url":"https:\/\/www.alldayled.com\/wp-content\/uploads\/2020\/03\/ADL35198.png","contentUrl":"https:\/\/www.alldayled.com\/wp-content\/uploads\/2020\/03\/ADL35198.png","width":800,"height":600,"caption":"Gylle Gummiarm 165mm Winkel \u2013 f\u00fcr d\u00e4nische Positionsleuchte \u2013 verwendbar f\u00fcr Gylle, Strands Viking LED und WA\u015a \u2013 EAN: 7392847209115"},{"@type":"BreadcrumbList","@id":"https:\/\/www.alldayled.com\/de\/produkt\/gylle-montagevoet-165mm-haaks\/#breadcrumb","itemListElement":[{"@type":"ListItem","position":1,"name":"Home","item":"https:\/\/www.alldayled.com\/de\/"},{"@type":"ListItem","position":2,"name":"Shop","item":"https:\/\/www.alldayled.com\/de\/shop\/"},{"@type":"ListItem","position":3,"name":"Positionsleuchten","item":"https:\/\/www.alldayled.com\/de\/produkt-kategorie\/positionslichter\/"},{"@type":"ListItem","position":4,"name":"Umrissleuchte","item":"https:\/\/www.alldayled.com\/de\/produkt-kategorie\/positionslichter\/breedtelampen\/"},{"@type":"ListItem","position":5,"name":"Gylle Gummiarm 165mm Winkel"}]},{"@type":"WebSite","@id":"https:\/\/www.alldayled.com\/de\/#website","url":"https:\/\/www.alldayled.com\/de\/","name":"All Day Led","description":"Verlichting voor 12&amp;24 volt gebruik","publisher":{"@id":"https:\/\/www.alldayled.com\/de\/#organization"},"potentialAction":[{"@type":"SearchAction","target":{"@type":"EntryPoint","urlTemplate":"https:\/\/www.alldayled.com\/de\/?s={search_term_string}"},"query-input":{"@type":"PropertyValueSpecification","valueRequired":true,"valueName":"search_term_string"}}],"inLanguage":"de"},{"@type":"Organization","@id":"https:\/\/www.alldayled.com\/de\/#organization","name":"All Day Led","url":"https:\/\/www.alldayled.com\/de\/","logo":{"@type":"ImageObject","inLanguage":"de","@id":"https:\/\/www.alldayled.com\/de\/#\/schema\/logo\/image\/","url":"https:\/\/www.alldayled.com\/wp-content\/uploads\/2025\/10\/Logo-ALL-DAY-LED-800x800-zwart-witte-letters.png","contentUrl":"https:\/\/www.alldayled.com\/wp-content\/uploads\/2025\/10\/Logo-ALL-DAY-LED-800x800-zwart-witte-letters.png","width":800,"height":800,"caption":"All Day Led"},"image":{"@id":"https:\/\/www.alldayled.com\/de\/#\/schema\/logo\/image\/"},"sameAs":["https:\/\/www.facebook.com\/alldayled\/","https:\/\/www.instagram.com\/alldayled\/"],"vatID":"NL863960133B01","taxID":"86416545"}]},"product_brand":"Gylle","product_price_amount":"6.95","product_price_currency":"EUR","og_availability":"instock","product_availability":"instock","product_retailer_item_id":"ADL35198","product_condition":"new"},"_links":{"self":[{"href":"https:\/\/www.alldayled.com\/de\/wp-json\/wp\/v2\/product\/65416","targetHints":{"allow":["GET"]}}],"collection":[{"href":"https:\/\/www.alldayled.com\/de\/wp-json\/wp\/v2\/product"}],"about":[{"href":"https:\/\/www.alldayled.com\/de\/wp-json\/wp\/v2\/types\/product"}],"replies":[{"embeddable":true,"href":"https:\/\/www.alldayled.com\/de\/wp-json\/wp\/v2\/comments?post=65416"}],"wp:featuredmedia":[{"embeddable":true,"href":"https:\/\/www.alldayled.com\/de\/wp-json\/wp\/v2\/media\/62737"}],"wp:attachment":[{"href":"https:\/\/www.alldayled.com\/de\/wp-json\/wp\/v2\/media?parent=65416"}],"wp:term":[{"taxonomy":"product_brand","embeddable":true,"href":"https:\/\/www.alldayled.com\/de\/wp-json\/wp\/v2\/product_brand?post=65416"},{"taxonomy":"product_cat","embeddable":true,"href":"https:\/\/www.alldayled.com\/de\/wp-json\/wp\/v2\/product_cat?post=65416"},{"taxonomy":"product_tag","embeddable":true,"href":"https:\/\/www.alldayled.com\/de\/wp-json\/wp\/v2\/product_tag?post=65416"}],"curies":[{"name":"wp","href":"https:\/\/api.w.org\/{rel}","templated":true}]}}