{"id":65421,"date":"2025-05-19T11:20:31","date_gmt":"2025-05-19T09:20:31","guid":{"rendered":"https:\/\/www.alldayled.com\/product\/strands-for9t-geo-unit-oranje\/"},"modified":"2026-03-02T07:53:23","modified_gmt":"2026-03-02T06:53:23","slug":"strands-for9t-geo-unit-oranje","status":"publish","type":"product","link":"https:\/\/www.alldayled.com\/de\/produkt\/strands-for9t-geo-unit-oranje\/","title":{"rendered":"Strands FOR9T Geo unit orange"},"content":{"rendered":"<p><span style=\"color: #000000;\"><strong>Strands FOR9T GEO unit orange f\u00fcr Umrissleuchte.<\/strong><\/span><\/p>\n<p><span style=\"color: #000000;\">M\u00f6chten Sie selbst eine LED-Umrissleuchte im beliebten Viking-Stil zusammenstellen? Dann ist die Strands FOR9T Geo unit orange genau das, was Sie suchen. Dieses LED-Modul ist in einem Rauchgeh\u00e4use ausgef\u00fchrt und hat das erkennbare FOR9T-Design. Diese Umrissleuchte ist f\u00fcr die meisten Gummiarme geeignet. Mit einem Durchmesser von 70,2 mm und der einzigartigen Hexagonstruktur in der Linse erh\u00e4lt Ihr Fahrzeug sofort ein modernes und schlankes Aussehen. Au\u00dferdem verbraucht die Lampe nur 2,5 Watt, w\u00e4hrend Sie dennoch von hellem und zuverl\u00e4ssigem Licht profitieren. Dank des Spannungsbereichs von 12 bis 24 Volt k\u00f6nnen Sie die FOR9T Geo wei\u00df einfach an verschiedenen Fahrzeugen montieren, von LKWs und Anh\u00e4ngern bis hin zu Wohnmobilen und Traktoren.      <\/span><\/p>\n<p><span style=\"color: #000000;\">Selbstverst\u00e4ndlich m\u00f6chten Sie sicher sein, dass die FOR9T GEO orange unit nicht nur gut aussieht, sondern auch alle Anforderungen erf\u00fcllt. Diese LED-Markierungsleuchte ist ECE R148-gepr\u00fcft und mit einer IP67-Klassifizierung versehen, wodurch sie vollst\u00e4ndig staub- und wasserdicht ist. Das Geh\u00e4use ist aus hochwertigem, korrosionsfreiem Polycarbonat gefertigt, was f\u00fcr eine lange Lebensdauer sorgt, selbst unter schwierigen Bedingungen. Die unit wird mit einem 2,5 Meter langen Kabel geliefert, sodass Sie bei der Montage immer gen\u00fcgend Spielraum haben. Kurz gesagt: Die Strands FOR9T Geo unit orange kombiniert Stil, Zuverl\u00e4ssigkeit und Benutzerfreundlichkeit in einer kompakten LED-L\u00f6sung.    <\/span><\/p>\n<h5><span style=\"color: #000000;\"><strong>Andere Farben:<\/strong><\/span><\/h5>\n<p><span style=\"color: #000000;\">Ist die Strands FOR9T Geo unit orange doch nicht ganz das LED-Modul, das Sie suchen? Kein Problem! Diese Geo LED unit ist n\u00e4mlich auch in anderen Ausf\u00fchrungen erh\u00e4ltlich, wie z.B. rot oder wei\u00df. So w\u00e4hlen Sie einfach die Variante, die am besten zu Ihrem Fahrzeug und Stil passt. <\/span><\/p>\n<ul>\n<li><a href=\"https:\/\/www.alldayled.com\/de\/produkt\/strands-for9t-geo-unit-rood\/\"><span style=\"color: #000000;\"><strong>Strands FOR9T GEO rot<\/strong><\/span><\/a><\/li>\n<li><a href=\"https:\/\/www.alldayled.com\/de\/produkt\/strands-for9t-geo-unit-wit\/\"><span style=\"color: #000000;\"><strong>Strands FOR9T GEO wei\u00df<\/strong><\/span><\/a><\/li>\n<\/ul>\n<p><span style=\"color: #000000;\">Sind Sie sich immer noch nicht ganz sicher, ob die FOR9T Geo unit die richtige Wahl ist? Vielleicht, weil Sie lieber eine andere Farbe, Abmessung oder Form m\u00f6chten. Dann werfen Sie unbedingt einen Blick auf das komplette <a style=\"color: #000000;\" href=\"https:\/\/www.alldayled.com\/de\/marke\/product-strands-lighting-division\/\" target=\"_blank\" rel=\"noopener\">Strands<\/a> Sortiment. Die Wahrscheinlichkeit ist gro\u00df, dass dort das perfekte LED Modul f\u00fcr Ihr Fahrzeug dabei ist.   <\/span><\/p>\n","protected":false},"excerpt":{"rendered":"<p>Strands FOR9T GEO Umrissleuchte Modul orange, geeignet f\u00fcr 12 und 24 Volt.<\/p>\n","protected":false},"featured_media":37536,"comment_status":"open","ping_status":"closed","template":"","meta":{"_acf_changed":false},"product_brand":[5114],"product_cat":[5361,5162],"product_tag":[9250,5168,5172,9249,9064,9065],"class_list":{"0":"post-65421","1":"product","2":"type-product","3":"status-publish","4":"has-post-thumbnail","6":"product_brand-product-strands-lighting-division","7":"product_cat-strands-for9t","8":"product_cat-breedtelampen","9":"product_tag-danische-breitenlampe","10":"product_tag-danischer-poller","11":"product_tag-led-breite-licht","12":"product_tag-led-umrissleuchte","13":"product_tag-strands-led-beleuchtung","14":"product_tag-strands-lighting-division","16":"first","17":"instock","18":"taxable","19":"shipping-taxable","20":"purchasable","21":"product-type-simple"},"acf":[],"yoast_head":"<!-- This site is optimized with the Yoast SEO Premium plugin v26.5 (Yoast SEO v27.1.1) - https:\/\/yoast.com\/product\/yoast-seo-premium-wordpress\/ -->\n<title>Strands FOR9T Geo unit orange - All Day Led - geeignet f\u00fcr 12 &amp; 24 Volt<\/title>\n<meta name=\"description\" content=\"Strands FOR9T Geo unit orange - LED Umrissleuchte Modul - dunkles Glas - ECE R148 - 850467 - f\u00fcr LKW, Lieferwagen, Anh\u00e4nger, Wohnmobil und mehr!\" \/>\n<meta name=\"robots\" content=\"index, follow, max-snippet:-1, max-image-preview:large, max-video-preview:-1\" \/>\n<link rel=\"canonical\" href=\"https:\/\/www.alldayled.com\/de\/produkt\/strands-for9t-geo-unit-oranje\/\" \/>\n<meta property=\"og:locale\" content=\"de_DE\" \/>\n<meta property=\"og:type\" content=\"article\" \/>\n<meta property=\"og:title\" content=\"Strands FOR9T Geo unit orange - All Day Led - geeignet f\u00fcr 12 &amp; 24 Volt\" \/>\n<meta property=\"og:description\" content=\"Strands FOR9T Geo unit orange - LED Umrissleuchte Modul - dunkles Glas - ECE R148 - 850467 - f\u00fcr LKW, Lieferwagen, Anh\u00e4nger, Wohnmobil und mehr!\" \/>\n<meta property=\"og:url\" content=\"https:\/\/www.alldayled.com\/de\/produkt\/strands-for9t-geo-unit-oranje\/\" \/>\n<meta property=\"og:site_name\" content=\"All Day Led\" \/>\n<meta property=\"article:publisher\" content=\"https:\/\/www.facebook.com\/alldayled\/\" \/>\n<meta property=\"article:modified_time\" content=\"2026-03-02T06:53:23+00:00\" \/>\n<meta property=\"og:image\" content=\"https:\/\/www.alldayled.com\/wp-content\/uploads\/2025\/08\/ADL850467-SM-300x300.png\" \/>\n<meta name=\"twitter:label1\" content=\"Preis\" \/>\n\t<meta name=\"twitter:data1\" content=\"&euro;&nbsp;24,95\" \/>\n\t<meta name=\"twitter:label2\" content=\"Verf\u00fcgbarkeit\" \/>\n\t<meta name=\"twitter:data2\" content=\"Auf Lager\" \/>\n<script type=\"application\/ld+json\" class=\"yoast-schema-graph\">{\"@context\":\"https:\/\/schema.org\",\"@graph\":[{\"@type\":\"WebPage\",\"@id\":\"https:\/\/www.alldayled.com\/de\/produkt\/strands-for9t-geo-unit-oranje\/\",\"url\":\"https:\/\/www.alldayled.com\/de\/produkt\/strands-for9t-geo-unit-oranje\/\",\"name\":\"Strands FOR9T Geo unit orange - All Day Led - geeignet f\u00fcr 12 & 24 Volt\",\"isPartOf\":{\"@id\":\"https:\/\/www.alldayled.com\/de\/#website\"},\"primaryImageOfPage\":{\"@id\":\"https:\/\/www.alldayled.com\/de\/produkt\/strands-for9t-geo-unit-oranje\/#primaryimage\"},\"image\":{\"@id\":\"https:\/\/www.alldayled.com\/de\/produkt\/strands-for9t-geo-unit-oranje\/#primaryimage\"},\"thumbnailUrl\":\"https:\/\/www.alldayled.com\/wp-content\/uploads\/2025\/08\/ADL850467.png\",\"datePublished\":\"2025-05-19T09:20:31+00:00\",\"dateModified\":\"2026-03-02T06:53:23+00:00\",\"description\":\"Strands FOR9T Geo unit orange - LED Umrissleuchte Modul - dunkles Glas - ECE R148 - 850467 - f\u00fcr LKW, Lieferwagen, Anh\u00e4nger, Wohnmobil und mehr!\",\"breadcrumb\":{\"@id\":\"https:\/\/www.alldayled.com\/de\/produkt\/strands-for9t-geo-unit-oranje\/#breadcrumb\"},\"inLanguage\":\"de\",\"potentialAction\":[{\"@type\":\"ReadAction\",\"target\":[\"https:\/\/www.alldayled.com\/de\/produkt\/strands-for9t-geo-unit-oranje\/\"]}]},{\"@type\":\"ImageObject\",\"inLanguage\":\"de\",\"@id\":\"https:\/\/www.alldayled.com\/de\/produkt\/strands-for9t-geo-unit-oranje\/#primaryimage\",\"url\":\"https:\/\/www.alldayled.com\/wp-content\/uploads\/2025\/08\/ADL850467.png\",\"contentUrl\":\"https:\/\/www.alldayled.com\/wp-content\/uploads\/2025\/08\/ADL850467.png\",\"width\":800,\"height\":600,\"caption\":\"Strands FOR9T Geo unit orange - LED Umrissleuchte - dunkles Glas - ECE R148 - 850467 - f\u00fcr LKW, Lieferwagen, Anh\u00e4nger, Wohnmobil und mehr\"},{\"@type\":\"BreadcrumbList\",\"@id\":\"https:\/\/www.alldayled.com\/de\/produkt\/strands-for9t-geo-unit-oranje\/#breadcrumb\",\"itemListElement\":[{\"@type\":\"ListItem\",\"position\":1,\"name\":\"Home\",\"item\":\"https:\/\/www.alldayled.com\/de\/\"},{\"@type\":\"ListItem\",\"position\":2,\"name\":\"Shop\",\"item\":\"https:\/\/www.alldayled.com\/de\/shop\/\"},{\"@type\":\"ListItem\",\"position\":3,\"name\":\"Positionsleuchten\",\"item\":\"https:\/\/www.alldayled.com\/de\/produkt-kategorie\/positionslichter\/\"},{\"@type\":\"ListItem\",\"position\":4,\"name\":\"Umrissleuchte\",\"item\":\"https:\/\/www.alldayled.com\/de\/produkt-kategorie\/positionslichter\/breedtelampen\/\"},{\"@type\":\"ListItem\",\"position\":5,\"name\":\"Strands FOR9T Geo unit orange\"}]},{\"@type\":\"WebSite\",\"@id\":\"https:\/\/www.alldayled.com\/de\/#website\",\"url\":\"https:\/\/www.alldayled.com\/de\/\",\"name\":\"All Day Led\",\"description\":\"Verlichting voor 12&amp;24 volt gebruik\",\"publisher\":{\"@id\":\"https:\/\/www.alldayled.com\/de\/#organization\"},\"potentialAction\":[{\"@type\":\"SearchAction\",\"target\":{\"@type\":\"EntryPoint\",\"urlTemplate\":\"https:\/\/www.alldayled.com\/de\/?s={search_term_string}\"},\"query-input\":{\"@type\":\"PropertyValueSpecification\",\"valueRequired\":true,\"valueName\":\"search_term_string\"}}],\"inLanguage\":\"de\"},{\"@type\":\"Organization\",\"@id\":\"https:\/\/www.alldayled.com\/de\/#organization\",\"name\":\"All Day Led\",\"url\":\"https:\/\/www.alldayled.com\/de\/\",\"logo\":{\"@type\":\"ImageObject\",\"inLanguage\":\"de\",\"@id\":\"https:\/\/www.alldayled.com\/de\/#\/schema\/logo\/image\/\",\"url\":\"https:\/\/www.alldayled.com\/wp-content\/uploads\/2025\/10\/Logo-ALL-DAY-LED-800x800-zwart-witte-letters.png\",\"contentUrl\":\"https:\/\/www.alldayled.com\/wp-content\/uploads\/2025\/10\/Logo-ALL-DAY-LED-800x800-zwart-witte-letters.png\",\"width\":800,\"height\":800,\"caption\":\"All Day Led\"},\"image\":{\"@id\":\"https:\/\/www.alldayled.com\/de\/#\/schema\/logo\/image\/\"},\"sameAs\":[\"https:\/\/www.facebook.com\/alldayled\/\",\"https:\/\/www.instagram.com\/alldayled\/\"],\"vatID\":\"NL863960133B01\",\"taxID\":\"86416545\"}]}<\/script>\n<meta property=\"product:brand\" content=\"Strands\" \/>\n<meta property=\"product:price:amount\" content=\"24.95\" \/>\n<meta property=\"product:price:currency\" content=\"EUR\" \/>\n<meta property=\"og:availability\" content=\"instock\" \/>\n<meta property=\"product:availability\" content=\"instock\" \/>\n<meta property=\"product:retailer_item_id\" content=\"ADL850467\" \/>\n<meta property=\"product:condition\" content=\"new\" \/>\n<!-- \/ Yoast SEO Premium plugin. -->","yoast_head_json":{"title":"Strands FOR9T Geo unit orange - All Day Led - geeignet f\u00fcr 12 & 24 Volt","description":"Strands FOR9T Geo unit orange - LED Umrissleuchte Modul - dunkles Glas - ECE R148 - 850467 - f\u00fcr LKW, Lieferwagen, Anh\u00e4nger, Wohnmobil und mehr!","robots":{"index":"index","follow":"follow","max-snippet":"max-snippet:-1","max-image-preview":"max-image-preview:large","max-video-preview":"max-video-preview:-1"},"canonical":"https:\/\/www.alldayled.com\/de\/produkt\/strands-for9t-geo-unit-oranje\/","og_locale":"de_DE","og_type":"article","og_title":"Strands FOR9T Geo unit orange - All Day Led - geeignet f\u00fcr 12 & 24 Volt","og_description":"Strands FOR9T Geo unit orange - LED Umrissleuchte Modul - dunkles Glas - ECE R148 - 850467 - f\u00fcr LKW, Lieferwagen, Anh\u00e4nger, Wohnmobil und mehr!","og_url":"https:\/\/www.alldayled.com\/de\/produkt\/strands-for9t-geo-unit-oranje\/","og_site_name":"All Day Led","article_publisher":"https:\/\/www.facebook.com\/alldayled\/","article_modified_time":"2026-03-02T06:53:23+00:00","og_image":[{"url":"https:\/\/www.alldayled.com\/wp-content\/uploads\/2025\/08\/ADL850467-SM-300x300.png","type":"","width":"","height":""}],"twitter_misc":{"Preis":"&euro;&nbsp;24,95","Verf\u00fcgbarkeit":"Auf Lager"},"schema":{"@context":"https:\/\/schema.org","@graph":[{"@type":"WebPage","@id":"https:\/\/www.alldayled.com\/de\/produkt\/strands-for9t-geo-unit-oranje\/","url":"https:\/\/www.alldayled.com\/de\/produkt\/strands-for9t-geo-unit-oranje\/","name":"Strands FOR9T Geo unit orange - All Day Led - geeignet f\u00fcr 12 & 24 Volt","isPartOf":{"@id":"https:\/\/www.alldayled.com\/de\/#website"},"primaryImageOfPage":{"@id":"https:\/\/www.alldayled.com\/de\/produkt\/strands-for9t-geo-unit-oranje\/#primaryimage"},"image":{"@id":"https:\/\/www.alldayled.com\/de\/produkt\/strands-for9t-geo-unit-oranje\/#primaryimage"},"thumbnailUrl":"https:\/\/www.alldayled.com\/wp-content\/uploads\/2025\/08\/ADL850467.png","datePublished":"2025-05-19T09:20:31+00:00","dateModified":"2026-03-02T06:53:23+00:00","description":"Strands FOR9T Geo unit orange - LED Umrissleuchte Modul - dunkles Glas - ECE R148 - 850467 - f\u00fcr LKW, Lieferwagen, Anh\u00e4nger, Wohnmobil und mehr!","breadcrumb":{"@id":"https:\/\/www.alldayled.com\/de\/produkt\/strands-for9t-geo-unit-oranje\/#breadcrumb"},"inLanguage":"de","potentialAction":[{"@type":"ReadAction","target":["https:\/\/www.alldayled.com\/de\/produkt\/strands-for9t-geo-unit-oranje\/"]}]},{"@type":"ImageObject","inLanguage":"de","@id":"https:\/\/www.alldayled.com\/de\/produkt\/strands-for9t-geo-unit-oranje\/#primaryimage","url":"https:\/\/www.alldayled.com\/wp-content\/uploads\/2025\/08\/ADL850467.png","contentUrl":"https:\/\/www.alldayled.com\/wp-content\/uploads\/2025\/08\/ADL850467.png","width":800,"height":600,"caption":"Strands FOR9T Geo unit orange - LED Umrissleuchte - dunkles Glas - ECE R148 - 850467 - f\u00fcr LKW, Lieferwagen, Anh\u00e4nger, Wohnmobil und mehr"},{"@type":"BreadcrumbList","@id":"https:\/\/www.alldayled.com\/de\/produkt\/strands-for9t-geo-unit-oranje\/#breadcrumb","itemListElement":[{"@type":"ListItem","position":1,"name":"Home","item":"https:\/\/www.alldayled.com\/de\/"},{"@type":"ListItem","position":2,"name":"Shop","item":"https:\/\/www.alldayled.com\/de\/shop\/"},{"@type":"ListItem","position":3,"name":"Positionsleuchten","item":"https:\/\/www.alldayled.com\/de\/produkt-kategorie\/positionslichter\/"},{"@type":"ListItem","position":4,"name":"Umrissleuchte","item":"https:\/\/www.alldayled.com\/de\/produkt-kategorie\/positionslichter\/breedtelampen\/"},{"@type":"ListItem","position":5,"name":"Strands FOR9T Geo unit orange"}]},{"@type":"WebSite","@id":"https:\/\/www.alldayled.com\/de\/#website","url":"https:\/\/www.alldayled.com\/de\/","name":"All Day Led","description":"Verlichting voor 12&amp;24 volt gebruik","publisher":{"@id":"https:\/\/www.alldayled.com\/de\/#organization"},"potentialAction":[{"@type":"SearchAction","target":{"@type":"EntryPoint","urlTemplate":"https:\/\/www.alldayled.com\/de\/?s={search_term_string}"},"query-input":{"@type":"PropertyValueSpecification","valueRequired":true,"valueName":"search_term_string"}}],"inLanguage":"de"},{"@type":"Organization","@id":"https:\/\/www.alldayled.com\/de\/#organization","name":"All Day Led","url":"https:\/\/www.alldayled.com\/de\/","logo":{"@type":"ImageObject","inLanguage":"de","@id":"https:\/\/www.alldayled.com\/de\/#\/schema\/logo\/image\/","url":"https:\/\/www.alldayled.com\/wp-content\/uploads\/2025\/10\/Logo-ALL-DAY-LED-800x800-zwart-witte-letters.png","contentUrl":"https:\/\/www.alldayled.com\/wp-content\/uploads\/2025\/10\/Logo-ALL-DAY-LED-800x800-zwart-witte-letters.png","width":800,"height":800,"caption":"All Day Led"},"image":{"@id":"https:\/\/www.alldayled.com\/de\/#\/schema\/logo\/image\/"},"sameAs":["https:\/\/www.facebook.com\/alldayled\/","https:\/\/www.instagram.com\/alldayled\/"],"vatID":"NL863960133B01","taxID":"86416545"}]},"product_brand":"Strands","product_price_amount":"24.95","product_price_currency":"EUR","og_availability":"instock","product_availability":"instock","product_retailer_item_id":"ADL850467","product_condition":"new"},"_links":{"self":[{"href":"https:\/\/www.alldayled.com\/de\/wp-json\/wp\/v2\/product\/65421","targetHints":{"allow":["GET"]}}],"collection":[{"href":"https:\/\/www.alldayled.com\/de\/wp-json\/wp\/v2\/product"}],"about":[{"href":"https:\/\/www.alldayled.com\/de\/wp-json\/wp\/v2\/types\/product"}],"replies":[{"embeddable":true,"href":"https:\/\/www.alldayled.com\/de\/wp-json\/wp\/v2\/comments?post=65421"}],"wp:featuredmedia":[{"embeddable":true,"href":"https:\/\/www.alldayled.com\/de\/wp-json\/wp\/v2\/media\/37536"}],"wp:attachment":[{"href":"https:\/\/www.alldayled.com\/de\/wp-json\/wp\/v2\/media?parent=65421"}],"wp:term":[{"taxonomy":"product_brand","embeddable":true,"href":"https:\/\/www.alldayled.com\/de\/wp-json\/wp\/v2\/product_brand?post=65421"},{"taxonomy":"product_cat","embeddable":true,"href":"https:\/\/www.alldayled.com\/de\/wp-json\/wp\/v2\/product_cat?post=65421"},{"taxonomy":"product_tag","embeddable":true,"href":"https:\/\/www.alldayled.com\/de\/wp-json\/wp\/v2\/product_tag?post=65421"}],"curies":[{"name":"wp","href":"https:\/\/api.w.org\/{rel}","templated":true}]}}