{"id":65427,"date":"2020-03-18T15:02:53","date_gmt":"2020-03-18T14:02:53","guid":{"rendered":"https:\/\/www.alldayled.com\/product\/hella-led-markeringslamp-rood-8-28v\/"},"modified":"2026-04-24T15:55:03","modified_gmt":"2026-04-24T13:55:03","slug":"hella-led-markeringslamp-rood-8-28v","status":"publish","type":"product","link":"https:\/\/www.alldayled.com\/de\/produkt\/hella-led-markeringslamp-rood-8-28v\/","title":{"rendered":"Hella LED Markierungsleuchte rot &#8211; klar"},"content":{"rendered":"<p><span style=\"color: #000000;\"><strong>Hella LED Markierungsleuchte rot mit transparenter Linse, f\u00fcr 12 &amp; 24 Volt. <\/strong><\/span><\/p>\n<p><span style=\"color: #000000;\">Suchst du die oft verwendete LED Markierungsleuchte der Marke Hella? Dann ist diese LED Markierungsleuchte von Hella vielleicht genau die Lampe, die du suchst. Es ist eine Umrissleuchte, die genau das tut, was du von ihr erwartest. Die Lampe ist mit 2 High-Power-LEDs ausgestattet, wodurch du mit geringem Stromverbrauch gut beleuchtet unterwegs sein kannst. So bist du sowohl tags\u00fcber als auch abends gut sichtbar. Die rote Hella LED Markierungsleuchte funktioniert mit 12 und 24 Volt, was bedeutet, dass du sie zum Beispiel verwenden kannst, um die R\u00fcckseite deines Autos, LKWs, Anh\u00e4ngers oder eines anderen Fahrzeugs oder Arbeitsger\u00e4ts zu beleuchten.     <\/span><\/p>\n<p><span style=\"color: #000000;\">Um sicherzustellen, dass diese LED Markierungsleuchte f\u00fcr dein Fahrzeug oder deinen Anh\u00e4nger geeignet ist, haben wir unten einige Spezifikationen aufgelistet. Die Lampe ist mit dem ECE R10 Pr\u00fcfzeichen versehen, was bedeutet, dass sie w\u00e4hrend des Betriebs keine St\u00f6rungen verursacht, zum Beispiel an deinem Radiosignal. Zudem besitzt die Lampe das ECE R7 Pr\u00fcfzeichen, wodurch sie als Positionsleuchte verwendet werden darf. Auch ist diese rote LED Lampe f\u00fcr ADR-gepr\u00fcfte Fahrzeuge oder Anh\u00e4nger geeignet. Kurz gesagt, du kannst diese Lampe f\u00fcr verschiedene Anwendungen einsetzen.    <\/span><\/p>\n<h5><span style=\"color: #000000;\"><strong>Abmessungen:<\/strong><\/span><\/h5>\n<p><span style=\"color: #000000;\">M\u00f6chtest du sicherstellen, dass die Markierungsleuchte an die Stelle passt, wo du sie montieren m\u00f6chtest? Unten findest du die Abmessungen der Hella LED Markierungsleuchte rot mit klarem Glas: <\/span><\/p>\n<ul>\n<li><span style=\"color: #000000;\">L\u00e4nge: 79 mm<\/span><\/li>\n<li><span style=\"color: #000000;\">H\u00f6he: 25,9 mm<\/span><\/li>\n<li><span style=\"color: #000000;\">Dicke: 19 mm<\/span><\/li>\n<li><span style=\"color: #000000;\">Lochabstand: 57 mm<\/span><\/li>\n<\/ul>\n<p><span style=\"color: #000000;\"><em>Hella Artikelnummer: 2XA 959 790-407<\/em><\/span><\/p>\n<h5><span style=\"color: #000000;\"><strong>Andere Farben:<\/strong><\/span><\/h5>\n<p><span style=\"color: #000000;\">M\u00f6chtest du eine <a style=\"color: #000000;\" href=\"https:\/\/www.alldayled.com\/de\/marke\/product-hella\/\">Hella<\/a> Markierungsleuchte, aber Rot ist nicht die Farbe, die du suchst? Dann wisse, dass diese LED Markierungsleuchte von Hella auch in den folgenden Farben erh\u00e4ltlich ist: <\/span><\/p>\n<ul>\n<li><span style=\"color: #000000;\"><strong><a style=\"color: #000000;\" href=\"https:\/\/www.alldayled.com\/de\/produkt\/hella-led-markeringslamp-wit-8-28v\/\">Hella LED Markierungsleuchte wei\u00df<\/a><\/strong><\/span><\/li>\n<li><span style=\"color: #000000;\"><strong><a style=\"color: #000000;\" href=\"https:\/\/www.alldayled.com\/de\/produkt\/hella-led-markeringslamp-oranje-8-28v\/\">Hella LED Markierungsleuchte orange<\/a><\/strong><\/span><\/li>\n<\/ul>\n<p><span style=\"color: #000000;\">Bist du dennoch der Meinung, dass diese LED Lampe nicht das ist, was du suchst? Einfach weil die Farbe oder Form nicht deinen W\u00fcnschen entspricht? Dann schau dir auch unbedingt unsere Seite <a style=\"color: #000000;\" href=\"https:\/\/www.alldayled.com\/de\/produkt-kategorie\/positionslichter\/markeringslampen\/\">Markierungsleuchten<\/a> an. Vielleicht findest du hier das Lampenmodell, das perfekt zu dir passt!    <\/span><\/p>\n","protected":false},"excerpt":{"rendered":"<p>LED Markierungsleuchte rot von Hella mit transparenter Linse. Verwendbar mit 12 und 24 Volt. <\/p>\n","protected":false},"featured_media":79111,"comment_status":"open","ping_status":"closed","template":"","meta":{"_acf_changed":false},"product_brand":[6294],"product_cat":[5196],"product_tag":[9264,9151,9152,9153,9158,9159,9154,9155,9167,9157,9156],"class_list":{"0":"post-65427","1":"product","2":"type-product","3":"status-publish","4":"has-post-thumbnail","6":"product_brand-product-hella","7":"product_cat-markeringslampen","8":"product_tag-hella-led-markierungsleuchte","9":"product_tag-konturbeleuchtung","10":"product_tag-led-markierung-rot","11":"product_tag-led-markierungsleuchte","12":"product_tag-led-markierungsleuchte-12-volt","13":"product_tag-led-markierungsleuchte-24-volt","14":"product_tag-led-markierungsleuchte-rot","15":"product_tag-markierungsleuchte-anhaenger","16":"product_tag-markierungsleuchte-anhanger","17":"product_tag-markierungsleuchte-lkw","18":"product_tag-markierungsleuchte-wohnmobil","20":"first","21":"instock","22":"taxable","23":"shipping-taxable","24":"purchasable","25":"product-type-simple"},"acf":[],"yoast_head":"<!-- This site is optimized with the Yoast SEO Premium plugin v26.5 (Yoast SEO v27.1.1) - https:\/\/yoast.com\/product\/yoast-seo-premium-wordpress\/ -->\n<title>Hella LED Markierungsleuchte rot - All Day Led - f\u00fcr 12&amp;24V<\/title>\n<meta name=\"description\" content=\"Hella LED Markierungsleuchte rot - f\u00fcr Auto, LKW, Wohnmobil, Anh\u00e4nger und mehr - Hella 2XA 959 790-407 Lampe - einzeln erh\u00e4ltlich\" \/>\n<meta name=\"robots\" content=\"index, follow, max-snippet:-1, max-image-preview:large, max-video-preview:-1\" \/>\n<link rel=\"canonical\" href=\"https:\/\/www.alldayled.com\/de\/produkt\/hella-led-markeringslamp-rood-8-28v\/\" \/>\n<meta property=\"og:locale\" content=\"de_DE\" \/>\n<meta property=\"og:type\" content=\"article\" \/>\n<meta property=\"og:title\" content=\"Hella LED Markierungsleuchte rot - All Day Led - f\u00fcr 12&amp;24V\" \/>\n<meta property=\"og:description\" content=\"Hella LED Markierungsleuchte rot - f\u00fcr Auto, LKW, Wohnmobil, Anh\u00e4nger und mehr - Hella 2XA 959 790-401 Lampe - einzeln erh\u00e4ltlich\" \/>\n<meta property=\"og:url\" content=\"https:\/\/www.alldayled.com\/de\/produkt\/hella-led-markeringslamp-rood-8-28v\/\" \/>\n<meta property=\"og:site_name\" content=\"All Day Led\" \/>\n<meta property=\"article:publisher\" content=\"https:\/\/www.facebook.com\/alldayled\/\" \/>\n<meta property=\"article:modified_time\" content=\"2026-04-24T13:55:03+00:00\" \/>\n<meta property=\"og:image\" content=\"https:\/\/www.alldayled.com\/wp-content\/uploads\/2020\/03\/ADL790-401-1.png\" \/>\n\t<meta property=\"og:image:width\" content=\"800\" \/>\n\t<meta property=\"og:image:height\" content=\"600\" \/>\n\t<meta property=\"og:image:type\" content=\"image\/png\" \/>\n<meta name=\"twitter:label1\" content=\"Preis\" \/>\n\t<meta name=\"twitter:data1\" content=\"&euro;&nbsp;19,95\" \/>\n\t<meta name=\"twitter:label2\" content=\"Verf\u00fcgbarkeit\" \/>\n\t<meta name=\"twitter:data2\" content=\"Auf Lager\" \/>\n<script type=\"application\/ld+json\" class=\"yoast-schema-graph\">{\"@context\":\"https:\/\/schema.org\",\"@graph\":[{\"@type\":\"WebPage\",\"@id\":\"https:\/\/www.alldayled.com\/de\/produkt\/hella-led-markeringslamp-rood-8-28v\/\",\"url\":\"https:\/\/www.alldayled.com\/de\/produkt\/hella-led-markeringslamp-rood-8-28v\/\",\"name\":\"Hella LED Markierungsleuchte rot - All Day Led - f\u00fcr 12&24V\",\"isPartOf\":{\"@id\":\"https:\/\/www.alldayled.com\/de\/#website\"},\"primaryImageOfPage\":{\"@id\":\"https:\/\/www.alldayled.com\/de\/produkt\/hella-led-markeringslamp-rood-8-28v\/#primaryimage\"},\"image\":{\"@id\":\"https:\/\/www.alldayled.com\/de\/produkt\/hella-led-markeringslamp-rood-8-28v\/#primaryimage\"},\"thumbnailUrl\":\"https:\/\/www.alldayled.com\/wp-content\/uploads\/2020\/03\/ADL35401-5.png\",\"datePublished\":\"2020-03-18T14:02:53+00:00\",\"dateModified\":\"2026-04-24T13:55:03+00:00\",\"description\":\"Hella LED Markierungsleuchte rot - f\u00fcr Auto, LKW, Wohnmobil, Anh\u00e4nger und mehr - Hella 2XA 959 790-407 Lampe - einzeln erh\u00e4ltlich\",\"breadcrumb\":{\"@id\":\"https:\/\/www.alldayled.com\/de\/produkt\/hella-led-markeringslamp-rood-8-28v\/#breadcrumb\"},\"inLanguage\":\"de\",\"potentialAction\":[{\"@type\":\"ReadAction\",\"target\":[\"https:\/\/www.alldayled.com\/de\/produkt\/hella-led-markeringslamp-rood-8-28v\/\"]}]},{\"@type\":\"ImageObject\",\"inLanguage\":\"de\",\"@id\":\"https:\/\/www.alldayled.com\/de\/produkt\/hella-led-markeringslamp-rood-8-28v\/#primaryimage\",\"url\":\"https:\/\/www.alldayled.com\/wp-content\/uploads\/2020\/03\/ADL35401-5.png\",\"contentUrl\":\"https:\/\/www.alldayled.com\/wp-content\/uploads\/2020\/03\/ADL35401-5.png\",\"width\":800,\"height\":600,\"caption\":\"ADL34201\"},{\"@type\":\"BreadcrumbList\",\"@id\":\"https:\/\/www.alldayled.com\/de\/produkt\/hella-led-markeringslamp-rood-8-28v\/#breadcrumb\",\"itemListElement\":[{\"@type\":\"ListItem\",\"position\":1,\"name\":\"Home\",\"item\":\"https:\/\/www.alldayled.com\/de\/\"},{\"@type\":\"ListItem\",\"position\":2,\"name\":\"Shop\",\"item\":\"https:\/\/www.alldayled.com\/de\/shop\/\"},{\"@type\":\"ListItem\",\"position\":3,\"name\":\"Positionsleuchten\",\"item\":\"https:\/\/www.alldayled.com\/de\/produkt-kategorie\/positionslichter\/\"},{\"@type\":\"ListItem\",\"position\":4,\"name\":\"Markierungsleuchten\",\"item\":\"https:\/\/www.alldayled.com\/de\/produkt-kategorie\/positionslichter\/markeringslampen\/\"},{\"@type\":\"ListItem\",\"position\":5,\"name\":\"Hella LED Markierungsleuchte rot &#8211; klar\"}]},{\"@type\":\"WebSite\",\"@id\":\"https:\/\/www.alldayled.com\/de\/#website\",\"url\":\"https:\/\/www.alldayled.com\/de\/\",\"name\":\"All Day Led\",\"description\":\"Verlichting voor 12&amp;24 volt gebruik\",\"publisher\":{\"@id\":\"https:\/\/www.alldayled.com\/de\/#organization\"},\"potentialAction\":[{\"@type\":\"SearchAction\",\"target\":{\"@type\":\"EntryPoint\",\"urlTemplate\":\"https:\/\/www.alldayled.com\/de\/?s={search_term_string}\"},\"query-input\":{\"@type\":\"PropertyValueSpecification\",\"valueRequired\":true,\"valueName\":\"search_term_string\"}}],\"inLanguage\":\"de\"},{\"@type\":\"Organization\",\"@id\":\"https:\/\/www.alldayled.com\/de\/#organization\",\"name\":\"All Day Led\",\"url\":\"https:\/\/www.alldayled.com\/de\/\",\"logo\":{\"@type\":\"ImageObject\",\"inLanguage\":\"de\",\"@id\":\"https:\/\/www.alldayled.com\/de\/#\/schema\/logo\/image\/\",\"url\":\"https:\/\/www.alldayled.com\/wp-content\/uploads\/2025\/10\/Logo-ALL-DAY-LED-800x800-zwart-witte-letters.png\",\"contentUrl\":\"https:\/\/www.alldayled.com\/wp-content\/uploads\/2025\/10\/Logo-ALL-DAY-LED-800x800-zwart-witte-letters.png\",\"width\":800,\"height\":800,\"caption\":\"All Day Led\"},\"image\":{\"@id\":\"https:\/\/www.alldayled.com\/de\/#\/schema\/logo\/image\/\"},\"sameAs\":[\"https:\/\/www.facebook.com\/alldayled\/\",\"https:\/\/www.instagram.com\/alldayled\/\"],\"vatID\":\"NL863960133B01\",\"taxID\":\"86416545\"}]}<\/script>\n<meta property=\"product:brand\" content=\"Hella\" \/>\n<meta property=\"product:price:amount\" content=\"19.95\" \/>\n<meta property=\"product:price:currency\" content=\"EUR\" \/>\n<meta property=\"og:availability\" content=\"instock\" \/>\n<meta property=\"product:availability\" content=\"instock\" \/>\n<meta property=\"product:retailer_item_id\" content=\"ADL35401\" \/>\n<meta property=\"product:condition\" content=\"new\" \/>\n<!-- \/ Yoast SEO Premium plugin. -->","yoast_head_json":{"title":"Hella LED Markierungsleuchte rot - All Day Led - f\u00fcr 12&24V","description":"Hella LED Markierungsleuchte rot - f\u00fcr Auto, LKW, Wohnmobil, Anh\u00e4nger und mehr - Hella 2XA 959 790-407 Lampe - einzeln erh\u00e4ltlich","robots":{"index":"index","follow":"follow","max-snippet":"max-snippet:-1","max-image-preview":"max-image-preview:large","max-video-preview":"max-video-preview:-1"},"canonical":"https:\/\/www.alldayled.com\/de\/produkt\/hella-led-markeringslamp-rood-8-28v\/","og_locale":"de_DE","og_type":"article","og_title":"Hella LED Markierungsleuchte rot - All Day Led - f\u00fcr 12&24V","og_description":"Hella LED Markierungsleuchte rot - f\u00fcr Auto, LKW, Wohnmobil, Anh\u00e4nger und mehr - Hella 2XA 959 790-401 Lampe - einzeln erh\u00e4ltlich","og_url":"https:\/\/www.alldayled.com\/de\/produkt\/hella-led-markeringslamp-rood-8-28v\/","og_site_name":"All Day Led","article_publisher":"https:\/\/www.facebook.com\/alldayled\/","article_modified_time":"2026-04-24T13:55:03+00:00","og_image":[{"width":800,"height":600,"url":"https:\/\/www.alldayled.com\/wp-content\/uploads\/2020\/03\/ADL790-401-1.png","type":"image\/png"}],"twitter_misc":{"Preis":"&euro;&nbsp;19,95","Verf\u00fcgbarkeit":"Auf Lager"},"schema":{"@context":"https:\/\/schema.org","@graph":[{"@type":"WebPage","@id":"https:\/\/www.alldayled.com\/de\/produkt\/hella-led-markeringslamp-rood-8-28v\/","url":"https:\/\/www.alldayled.com\/de\/produkt\/hella-led-markeringslamp-rood-8-28v\/","name":"Hella LED Markierungsleuchte rot - All Day Led - f\u00fcr 12&24V","isPartOf":{"@id":"https:\/\/www.alldayled.com\/de\/#website"},"primaryImageOfPage":{"@id":"https:\/\/www.alldayled.com\/de\/produkt\/hella-led-markeringslamp-rood-8-28v\/#primaryimage"},"image":{"@id":"https:\/\/www.alldayled.com\/de\/produkt\/hella-led-markeringslamp-rood-8-28v\/#primaryimage"},"thumbnailUrl":"https:\/\/www.alldayled.com\/wp-content\/uploads\/2020\/03\/ADL35401-5.png","datePublished":"2020-03-18T14:02:53+00:00","dateModified":"2026-04-24T13:55:03+00:00","description":"Hella LED Markierungsleuchte rot - f\u00fcr Auto, LKW, Wohnmobil, Anh\u00e4nger und mehr - Hella 2XA 959 790-407 Lampe - einzeln erh\u00e4ltlich","breadcrumb":{"@id":"https:\/\/www.alldayled.com\/de\/produkt\/hella-led-markeringslamp-rood-8-28v\/#breadcrumb"},"inLanguage":"de","potentialAction":[{"@type":"ReadAction","target":["https:\/\/www.alldayled.com\/de\/produkt\/hella-led-markeringslamp-rood-8-28v\/"]}]},{"@type":"ImageObject","inLanguage":"de","@id":"https:\/\/www.alldayled.com\/de\/produkt\/hella-led-markeringslamp-rood-8-28v\/#primaryimage","url":"https:\/\/www.alldayled.com\/wp-content\/uploads\/2020\/03\/ADL35401-5.png","contentUrl":"https:\/\/www.alldayled.com\/wp-content\/uploads\/2020\/03\/ADL35401-5.png","width":800,"height":600,"caption":"ADL34201"},{"@type":"BreadcrumbList","@id":"https:\/\/www.alldayled.com\/de\/produkt\/hella-led-markeringslamp-rood-8-28v\/#breadcrumb","itemListElement":[{"@type":"ListItem","position":1,"name":"Home","item":"https:\/\/www.alldayled.com\/de\/"},{"@type":"ListItem","position":2,"name":"Shop","item":"https:\/\/www.alldayled.com\/de\/shop\/"},{"@type":"ListItem","position":3,"name":"Positionsleuchten","item":"https:\/\/www.alldayled.com\/de\/produkt-kategorie\/positionslichter\/"},{"@type":"ListItem","position":4,"name":"Markierungsleuchten","item":"https:\/\/www.alldayled.com\/de\/produkt-kategorie\/positionslichter\/markeringslampen\/"},{"@type":"ListItem","position":5,"name":"Hella LED Markierungsleuchte rot &#8211; klar"}]},{"@type":"WebSite","@id":"https:\/\/www.alldayled.com\/de\/#website","url":"https:\/\/www.alldayled.com\/de\/","name":"All Day Led","description":"Verlichting voor 12&amp;24 volt gebruik","publisher":{"@id":"https:\/\/www.alldayled.com\/de\/#organization"},"potentialAction":[{"@type":"SearchAction","target":{"@type":"EntryPoint","urlTemplate":"https:\/\/www.alldayled.com\/de\/?s={search_term_string}"},"query-input":{"@type":"PropertyValueSpecification","valueRequired":true,"valueName":"search_term_string"}}],"inLanguage":"de"},{"@type":"Organization","@id":"https:\/\/www.alldayled.com\/de\/#organization","name":"All Day Led","url":"https:\/\/www.alldayled.com\/de\/","logo":{"@type":"ImageObject","inLanguage":"de","@id":"https:\/\/www.alldayled.com\/de\/#\/schema\/logo\/image\/","url":"https:\/\/www.alldayled.com\/wp-content\/uploads\/2025\/10\/Logo-ALL-DAY-LED-800x800-zwart-witte-letters.png","contentUrl":"https:\/\/www.alldayled.com\/wp-content\/uploads\/2025\/10\/Logo-ALL-DAY-LED-800x800-zwart-witte-letters.png","width":800,"height":800,"caption":"All Day Led"},"image":{"@id":"https:\/\/www.alldayled.com\/de\/#\/schema\/logo\/image\/"},"sameAs":["https:\/\/www.facebook.com\/alldayled\/","https:\/\/www.instagram.com\/alldayled\/"],"vatID":"NL863960133B01","taxID":"86416545"}]},"product_brand":"Hella","product_price_amount":"19.95","product_price_currency":"EUR","og_availability":"instock","product_availability":"instock","product_retailer_item_id":"ADL35401","product_condition":"new"},"_links":{"self":[{"href":"https:\/\/www.alldayled.com\/de\/wp-json\/wp\/v2\/product\/65427","targetHints":{"allow":["GET"]}}],"collection":[{"href":"https:\/\/www.alldayled.com\/de\/wp-json\/wp\/v2\/product"}],"about":[{"href":"https:\/\/www.alldayled.com\/de\/wp-json\/wp\/v2\/types\/product"}],"replies":[{"embeddable":true,"href":"https:\/\/www.alldayled.com\/de\/wp-json\/wp\/v2\/comments?post=65427"}],"wp:featuredmedia":[{"embeddable":true,"href":"https:\/\/www.alldayled.com\/de\/wp-json\/wp\/v2\/media\/79111"}],"wp:attachment":[{"href":"https:\/\/www.alldayled.com\/de\/wp-json\/wp\/v2\/media?parent=65427"}],"wp:term":[{"taxonomy":"product_brand","embeddable":true,"href":"https:\/\/www.alldayled.com\/de\/wp-json\/wp\/v2\/product_brand?post=65427"},{"taxonomy":"product_cat","embeddable":true,"href":"https:\/\/www.alldayled.com\/de\/wp-json\/wp\/v2\/product_cat?post=65427"},{"taxonomy":"product_tag","embeddable":true,"href":"https:\/\/www.alldayled.com\/de\/wp-json\/wp\/v2\/product_tag?post=65427"}],"curies":[{"name":"wp","href":"https:\/\/api.w.org\/{rel}","templated":true}]}}