{"id":65437,"date":"2025-05-16T10:26:40","date_gmt":"2025-05-16T08:26:40","guid":{"rendered":"https:\/\/www.alldayled.com\/product\/strands-for9t-gravity-positielicht-oranje\/"},"modified":"2026-04-16T09:58:22","modified_gmt":"2026-04-16T07:58:22","slug":"strands-for9t-gravity-positielicht-oranje","status":"publish","type":"product","link":"https:\/\/www.alldayled.com\/de\/produkt\/strands-for9t-gravity-positielicht-oranje\/","title":{"rendered":"Strands FOR9T Gravity Positionsleuchte orange"},"content":{"rendered":"<p><span style=\"color: #000000;\"><strong>Strands FOR9T Gravity Positionsleuchte ORANGE, f\u00fcr 12 &amp; 24 Volt. <\/strong><\/span><\/p>\n<p><span style=\"color: #000000;\">Suchst du eine moderne Positionsleuchte in Rot, die deinem Fahrzeug sofort ein einzigartiges Aussehen verleiht? Dann ist die Strands FOR9T Gravity Positionsleuchte ORANGE genau das, was du suchst. Diese LED-Lampe kombiniert auff\u00e4lliges Design mit zuverl\u00e4ssiger Technik. Dank des 2,5 Meter langen Anschlusskabels kannst du sie einfach an fast jedem Fahrzeug montieren, wie z. B. LKW, Wohnmobil, Auto oder Anh\u00e4nger. Die Lampe funktioniert sowohl mit 12 als auch mit 24 Volt und wird standardm\u00e4\u00dfig mit Befestigungsmaterial geliefert.    <\/span><\/p>\n<p><span style=\"color: #000000;\">Die FOR9T Gravity Lampe ORANGE ist mit ECE R148 ausgestattet, wodurch du sie offiziell als Markierungsleuchte verwenden kannst. Dank der IP67-Klassifizierung ist die Lampe vollst\u00e4ndig staub- und wasserdicht, ideal f\u00fcr alle Wetterbedingungen. So verleihst du deinem Fahrzeug nicht nur ein cooles Aussehen, sondern bist auch immer gut sichtbar.  <\/span><\/p>\n<div class=\"truncated\">\n<h5><span style=\"color: #000000;\"><strong>Abmessungen:<\/strong><\/span><\/h5>\n<p><span style=\"color: #000000;\">Da du dir vor dem Kauf sicher sein m\u00f6chtest, dass du die Strands FOR9T Gravity Positionsleuchte ORANGE einfach dort montieren kannst, wo du willst, haben wir unten die Abmessungen der Lampe f\u00fcr dich notiert. So wei\u00dft du sicher, dass diese einzigartige LED-Lampe perfekt an dein Fahrzeug passt. <\/span><\/p>\n<ul>\n<li><span style=\"color: #000000;\">L\u00e4nge: 115 mm<\/span><\/li>\n<li><span style=\"color: #000000;\">H\u00f6he: 41 mm<\/span><\/li>\n<li><span style=\"color: #000000;\">Dicke: 23.2 mm<\/span><\/li>\n<li><span style=\"color: #000000;\">H.o.H: 75 mm<\/span><\/li>\n<\/ul>\n<h5><span style=\"color: #000000;\"><strong>Andere Versionen:<\/strong><\/span><\/h5>\n<p><span style=\"color: #000000;\">M\u00f6chtest du gerne eine LED-Lampe von Strands aus der FOR9T-Linie kaufen, aber die FOR9T Gravity Positionsleuchte ORANGE ist nicht ganz das, was du suchst? Keine Sorge! Die FOR9T-Serie von Strands bietet n\u00e4mlich noch diverse andere Modelle und Ausf\u00fchrungen. Unten findest du eine \u00dcbersicht der weiteren Lampen aus dieser Linie:   <\/span><\/p>\n<\/div>\n<ul>\n<li><span style=\"color: #000000;\"><a style=\"color: #000000;\" href=\"https:\/\/www.alldayled.com\/de\/produkt\/strands-for9t-gravity-positielicht-rood\/\"><strong>FOR9T Gravity rot<\/strong><\/a><\/span><\/li>\n<li><span style=\"color: #000000;\"><a style=\"color: #000000;\" href=\"https:\/\/www.alldayled.com\/de\/produkt\/strands-for9t-gravity-positielicht-wit\/\"><strong>For9t Gravity wei\u00df<\/strong><\/a><\/span><\/li>\n<\/ul>\n<p><span style=\"color: #000000;\">Bist du nach dem Ansehen der Spezifikationen und Fotos der FOR9T Gravity Positionsleuchte ORANGE noch nicht ganz \u00fcberzeugt? Vielleicht passen Form, Lichtfarbe oder Lichtleistung nicht ganz zu deinen W\u00fcnschen. Schau dir dann gerne das komplette Angebot von <a style=\"color: #000000;\" href=\"https:\/\/www.alldayled.com\/de\/marke\/product-strands-lighting-division\/\" target=\"_blank\" rel=\"noopener\">Strands<\/a> an, wo du bestimmt das Modell findest, das perfekt zu deinem Fahrzeug passt.   <\/span><\/p>\n","protected":false},"excerpt":{"rendered":"<p>Strands FOR9T Gravity Markierungsleuchte orange, geeignet f\u00fcr 12 &amp; 24 Volt.<\/p>\n","protected":false},"featured_media":37404,"comment_status":"open","ping_status":"closed","template":"","meta":{"_acf_changed":false},"product_brand":[5114],"product_cat":[5196,5361],"product_tag":[9151,9269,9153,9158,9159,9270,9155,9167,9157,9156,9271,9064,9065,9160],"class_list":{"0":"post-65437","1":"product","2":"type-product","3":"status-publish","4":"has-post-thumbnail","6":"product_brand-product-strands-lighting-division","7":"product_cat-markeringslampen","8":"product_cat-strands-for9t","9":"product_tag-konturbeleuchtung","10":"product_tag-led-markierung-orange","11":"product_tag-led-markierungsleuchte","12":"product_tag-led-markierungsleuchte-12-volt","13":"product_tag-led-markierungsleuchte-24-volt","14":"product_tag-led-markierungsleuchte-orange","15":"product_tag-markierungsleuchte-anhaenger","16":"product_tag-markierungsleuchte-anhanger","17":"product_tag-markierungsleuchte-lkw","18":"product_tag-markierungsleuchte-wohnmobil","19":"product_tag-seitenmarkierung","20":"product_tag-strands-led-beleuchtung","21":"product_tag-strands-lighting-division","22":"product_tag-truckstyling","24":"first","25":"instock","26":"taxable","27":"shipping-taxable","28":"purchasable","29":"product-type-simple"},"acf":[],"yoast_head":"<!-- This site is optimized with the Yoast SEO Premium plugin v26.5 (Yoast SEO v27.1.1) - https:\/\/yoast.com\/product\/yoast-seo-premium-wordpress\/ -->\n<title>Strands FOR9T Gravity Positionsleuchte orange - All Day Led - f\u00fcr 12&amp;24 Volt<\/title>\n<meta name=\"description\" content=\"Strands FOR9T Gravity Positionsleuchte orange - LED-Markierungsleuchte mit ECE R148 Pr\u00fcfzeichen - mit 2.5m Anschlusskabel - SMOKE-Linse - Auto, LKW und mehr\" \/>\n<meta name=\"robots\" content=\"index, follow, max-snippet:-1, max-image-preview:large, max-video-preview:-1\" \/>\n<link rel=\"canonical\" href=\"https:\/\/www.alldayled.com\/de\/produkt\/strands-for9t-gravity-positielicht-oranje\/\" \/>\n<meta property=\"og:locale\" content=\"de_DE\" \/>\n<meta property=\"og:type\" content=\"article\" \/>\n<meta property=\"og:title\" content=\"Strands FOR9T Gravity Positionsleuchte orange - All Day Led - f\u00fcr 12&amp;24 Volt\" \/>\n<meta property=\"og:description\" content=\"Strands FOR9T Gravity Positionsleuchte orange - LED-Markierungsleuchte mit ECE R148 Pr\u00fcfzeichen - mit 2.5m Anschlusskabel - SMOKE-Linse - Auto, LKW und mehr\" \/>\n<meta property=\"og:url\" content=\"https:\/\/www.alldayled.com\/de\/produkt\/strands-for9t-gravity-positielicht-oranje\/\" \/>\n<meta property=\"og:site_name\" content=\"All Day Led\" \/>\n<meta property=\"article:publisher\" content=\"https:\/\/www.facebook.com\/alldayled\/\" \/>\n<meta property=\"article:modified_time\" content=\"2026-04-16T07:58:22+00:00\" \/>\n<meta property=\"og:image\" content=\"https:\/\/www.alldayled.com\/wp-content\/uploads\/2025\/08\/ADL850456-SM-300x300.png\" \/>\n<meta name=\"twitter:label1\" content=\"Preis\" \/>\n\t<meta name=\"twitter:data1\" content=\"&euro;&nbsp;19,95\" \/>\n\t<meta name=\"twitter:label2\" content=\"Verf\u00fcgbarkeit\" \/>\n\t<meta name=\"twitter:data2\" content=\"Auf Lager\" \/>\n<script type=\"application\/ld+json\" class=\"yoast-schema-graph\">{\"@context\":\"https:\/\/schema.org\",\"@graph\":[{\"@type\":\"WebPage\",\"@id\":\"https:\/\/www.alldayled.com\/de\/produkt\/strands-for9t-gravity-positielicht-oranje\/\",\"url\":\"https:\/\/www.alldayled.com\/de\/produkt\/strands-for9t-gravity-positielicht-oranje\/\",\"name\":\"Strands FOR9T Gravity Positionsleuchte orange - All Day Led - f\u00fcr 12&24 Volt\",\"isPartOf\":{\"@id\":\"https:\/\/www.alldayled.com\/de\/#website\"},\"primaryImageOfPage\":{\"@id\":\"https:\/\/www.alldayled.com\/de\/produkt\/strands-for9t-gravity-positielicht-oranje\/#primaryimage\"},\"image\":{\"@id\":\"https:\/\/www.alldayled.com\/de\/produkt\/strands-for9t-gravity-positielicht-oranje\/#primaryimage\"},\"thumbnailUrl\":\"https:\/\/www.alldayled.com\/wp-content\/uploads\/2025\/08\/ADL850456.png\",\"datePublished\":\"2025-05-16T08:26:40+00:00\",\"dateModified\":\"2026-04-16T07:58:22+00:00\",\"description\":\"Strands FOR9T Gravity Positionsleuchte orange - LED-Markierungsleuchte mit ECE R148 Pr\u00fcfzeichen - mit 2.5m Anschlusskabel - SMOKE-Linse - Auto, LKW und mehr\",\"breadcrumb\":{\"@id\":\"https:\/\/www.alldayled.com\/de\/produkt\/strands-for9t-gravity-positielicht-oranje\/#breadcrumb\"},\"inLanguage\":\"de\",\"potentialAction\":[{\"@type\":\"ReadAction\",\"target\":[\"https:\/\/www.alldayled.com\/de\/produkt\/strands-for9t-gravity-positielicht-oranje\/\"]}]},{\"@type\":\"ImageObject\",\"inLanguage\":\"de\",\"@id\":\"https:\/\/www.alldayled.com\/de\/produkt\/strands-for9t-gravity-positielicht-oranje\/#primaryimage\",\"url\":\"https:\/\/www.alldayled.com\/wp-content\/uploads\/2025\/08\/ADL850456.png\",\"contentUrl\":\"https:\/\/www.alldayled.com\/wp-content\/uploads\/2025\/08\/ADL850456.png\",\"width\":800,\"height\":600,\"caption\":\"Strands FOR9T Gravity Positionsleuchte ORANGE - dunkles Glas - ECE R148 - 850456 - f\u00fcr LKW, Transporter, Anh\u00e4nger, Wohnmobil und mehr\"},{\"@type\":\"BreadcrumbList\",\"@id\":\"https:\/\/www.alldayled.com\/de\/produkt\/strands-for9t-gravity-positielicht-oranje\/#breadcrumb\",\"itemListElement\":[{\"@type\":\"ListItem\",\"position\":1,\"name\":\"Home\",\"item\":\"https:\/\/www.alldayled.com\/de\/\"},{\"@type\":\"ListItem\",\"position\":2,\"name\":\"Shop\",\"item\":\"https:\/\/www.alldayled.com\/de\/shop\/\"},{\"@type\":\"ListItem\",\"position\":3,\"name\":\"Positionsleuchten\",\"item\":\"https:\/\/www.alldayled.com\/de\/produkt-kategorie\/positionslichter\/\"},{\"@type\":\"ListItem\",\"position\":4,\"name\":\"Markierungsleuchten\",\"item\":\"https:\/\/www.alldayled.com\/de\/produkt-kategorie\/positionslichter\/markeringslampen\/\"},{\"@type\":\"ListItem\",\"position\":5,\"name\":\"Strands FOR9T Gravity Positionsleuchte orange\"}]},{\"@type\":\"WebSite\",\"@id\":\"https:\/\/www.alldayled.com\/de\/#website\",\"url\":\"https:\/\/www.alldayled.com\/de\/\",\"name\":\"All Day Led\",\"description\":\"Verlichting voor 12&amp;24 volt gebruik\",\"publisher\":{\"@id\":\"https:\/\/www.alldayled.com\/de\/#organization\"},\"potentialAction\":[{\"@type\":\"SearchAction\",\"target\":{\"@type\":\"EntryPoint\",\"urlTemplate\":\"https:\/\/www.alldayled.com\/de\/?s={search_term_string}\"},\"query-input\":{\"@type\":\"PropertyValueSpecification\",\"valueRequired\":true,\"valueName\":\"search_term_string\"}}],\"inLanguage\":\"de\"},{\"@type\":\"Organization\",\"@id\":\"https:\/\/www.alldayled.com\/de\/#organization\",\"name\":\"All Day Led\",\"url\":\"https:\/\/www.alldayled.com\/de\/\",\"logo\":{\"@type\":\"ImageObject\",\"inLanguage\":\"de\",\"@id\":\"https:\/\/www.alldayled.com\/de\/#\/schema\/logo\/image\/\",\"url\":\"https:\/\/www.alldayled.com\/wp-content\/uploads\/2025\/10\/Logo-ALL-DAY-LED-800x800-zwart-witte-letters.png\",\"contentUrl\":\"https:\/\/www.alldayled.com\/wp-content\/uploads\/2025\/10\/Logo-ALL-DAY-LED-800x800-zwart-witte-letters.png\",\"width\":800,\"height\":800,\"caption\":\"All Day Led\"},\"image\":{\"@id\":\"https:\/\/www.alldayled.com\/de\/#\/schema\/logo\/image\/\"},\"sameAs\":[\"https:\/\/www.facebook.com\/alldayled\/\",\"https:\/\/www.instagram.com\/alldayled\/\"],\"vatID\":\"NL863960133B01\",\"taxID\":\"86416545\"}]}<\/script>\n<meta property=\"product:brand\" content=\"Strands\" \/>\n<meta property=\"product:price:amount\" content=\"19.95\" \/>\n<meta property=\"product:price:currency\" content=\"EUR\" \/>\n<meta property=\"og:availability\" content=\"instock\" \/>\n<meta property=\"product:availability\" content=\"instock\" \/>\n<meta property=\"product:retailer_item_id\" content=\"ADL850456\" \/>\n<meta property=\"product:condition\" content=\"new\" \/>\n<!-- \/ Yoast SEO Premium plugin. -->","yoast_head_json":{"title":"Strands FOR9T Gravity Positionsleuchte orange - All Day Led - f\u00fcr 12&24 Volt","description":"Strands FOR9T Gravity Positionsleuchte orange - LED-Markierungsleuchte mit ECE R148 Pr\u00fcfzeichen - mit 2.5m Anschlusskabel - SMOKE-Linse - Auto, LKW und mehr","robots":{"index":"index","follow":"follow","max-snippet":"max-snippet:-1","max-image-preview":"max-image-preview:large","max-video-preview":"max-video-preview:-1"},"canonical":"https:\/\/www.alldayled.com\/de\/produkt\/strands-for9t-gravity-positielicht-oranje\/","og_locale":"de_DE","og_type":"article","og_title":"Strands FOR9T Gravity Positionsleuchte orange - All Day Led - f\u00fcr 12&24 Volt","og_description":"Strands FOR9T Gravity Positionsleuchte orange - LED-Markierungsleuchte mit ECE R148 Pr\u00fcfzeichen - mit 2.5m Anschlusskabel - SMOKE-Linse - Auto, LKW und mehr","og_url":"https:\/\/www.alldayled.com\/de\/produkt\/strands-for9t-gravity-positielicht-oranje\/","og_site_name":"All Day Led","article_publisher":"https:\/\/www.facebook.com\/alldayled\/","article_modified_time":"2026-04-16T07:58:22+00:00","og_image":[{"url":"https:\/\/www.alldayled.com\/wp-content\/uploads\/2025\/08\/ADL850456-SM-300x300.png","type":"","width":"","height":""}],"twitter_misc":{"Preis":"&euro;&nbsp;19,95","Verf\u00fcgbarkeit":"Auf Lager"},"schema":{"@context":"https:\/\/schema.org","@graph":[{"@type":"WebPage","@id":"https:\/\/www.alldayled.com\/de\/produkt\/strands-for9t-gravity-positielicht-oranje\/","url":"https:\/\/www.alldayled.com\/de\/produkt\/strands-for9t-gravity-positielicht-oranje\/","name":"Strands FOR9T Gravity Positionsleuchte orange - All Day Led - f\u00fcr 12&24 Volt","isPartOf":{"@id":"https:\/\/www.alldayled.com\/de\/#website"},"primaryImageOfPage":{"@id":"https:\/\/www.alldayled.com\/de\/produkt\/strands-for9t-gravity-positielicht-oranje\/#primaryimage"},"image":{"@id":"https:\/\/www.alldayled.com\/de\/produkt\/strands-for9t-gravity-positielicht-oranje\/#primaryimage"},"thumbnailUrl":"https:\/\/www.alldayled.com\/wp-content\/uploads\/2025\/08\/ADL850456.png","datePublished":"2025-05-16T08:26:40+00:00","dateModified":"2026-04-16T07:58:22+00:00","description":"Strands FOR9T Gravity Positionsleuchte orange - LED-Markierungsleuchte mit ECE R148 Pr\u00fcfzeichen - mit 2.5m Anschlusskabel - SMOKE-Linse - Auto, LKW und mehr","breadcrumb":{"@id":"https:\/\/www.alldayled.com\/de\/produkt\/strands-for9t-gravity-positielicht-oranje\/#breadcrumb"},"inLanguage":"de","potentialAction":[{"@type":"ReadAction","target":["https:\/\/www.alldayled.com\/de\/produkt\/strands-for9t-gravity-positielicht-oranje\/"]}]},{"@type":"ImageObject","inLanguage":"de","@id":"https:\/\/www.alldayled.com\/de\/produkt\/strands-for9t-gravity-positielicht-oranje\/#primaryimage","url":"https:\/\/www.alldayled.com\/wp-content\/uploads\/2025\/08\/ADL850456.png","contentUrl":"https:\/\/www.alldayled.com\/wp-content\/uploads\/2025\/08\/ADL850456.png","width":800,"height":600,"caption":"Strands FOR9T Gravity Positionsleuchte ORANGE - dunkles Glas - ECE R148 - 850456 - f\u00fcr LKW, Transporter, Anh\u00e4nger, Wohnmobil und mehr"},{"@type":"BreadcrumbList","@id":"https:\/\/www.alldayled.com\/de\/produkt\/strands-for9t-gravity-positielicht-oranje\/#breadcrumb","itemListElement":[{"@type":"ListItem","position":1,"name":"Home","item":"https:\/\/www.alldayled.com\/de\/"},{"@type":"ListItem","position":2,"name":"Shop","item":"https:\/\/www.alldayled.com\/de\/shop\/"},{"@type":"ListItem","position":3,"name":"Positionsleuchten","item":"https:\/\/www.alldayled.com\/de\/produkt-kategorie\/positionslichter\/"},{"@type":"ListItem","position":4,"name":"Markierungsleuchten","item":"https:\/\/www.alldayled.com\/de\/produkt-kategorie\/positionslichter\/markeringslampen\/"},{"@type":"ListItem","position":5,"name":"Strands FOR9T Gravity Positionsleuchte orange"}]},{"@type":"WebSite","@id":"https:\/\/www.alldayled.com\/de\/#website","url":"https:\/\/www.alldayled.com\/de\/","name":"All Day Led","description":"Verlichting voor 12&amp;24 volt gebruik","publisher":{"@id":"https:\/\/www.alldayled.com\/de\/#organization"},"potentialAction":[{"@type":"SearchAction","target":{"@type":"EntryPoint","urlTemplate":"https:\/\/www.alldayled.com\/de\/?s={search_term_string}"},"query-input":{"@type":"PropertyValueSpecification","valueRequired":true,"valueName":"search_term_string"}}],"inLanguage":"de"},{"@type":"Organization","@id":"https:\/\/www.alldayled.com\/de\/#organization","name":"All Day Led","url":"https:\/\/www.alldayled.com\/de\/","logo":{"@type":"ImageObject","inLanguage":"de","@id":"https:\/\/www.alldayled.com\/de\/#\/schema\/logo\/image\/","url":"https:\/\/www.alldayled.com\/wp-content\/uploads\/2025\/10\/Logo-ALL-DAY-LED-800x800-zwart-witte-letters.png","contentUrl":"https:\/\/www.alldayled.com\/wp-content\/uploads\/2025\/10\/Logo-ALL-DAY-LED-800x800-zwart-witte-letters.png","width":800,"height":800,"caption":"All Day Led"},"image":{"@id":"https:\/\/www.alldayled.com\/de\/#\/schema\/logo\/image\/"},"sameAs":["https:\/\/www.facebook.com\/alldayled\/","https:\/\/www.instagram.com\/alldayled\/"],"vatID":"NL863960133B01","taxID":"86416545"}]},"product_brand":"Strands","product_price_amount":"19.95","product_price_currency":"EUR","og_availability":"instock","product_availability":"instock","product_retailer_item_id":"ADL850456","product_condition":"new"},"_links":{"self":[{"href":"https:\/\/www.alldayled.com\/de\/wp-json\/wp\/v2\/product\/65437","targetHints":{"allow":["GET"]}}],"collection":[{"href":"https:\/\/www.alldayled.com\/de\/wp-json\/wp\/v2\/product"}],"about":[{"href":"https:\/\/www.alldayled.com\/de\/wp-json\/wp\/v2\/types\/product"}],"replies":[{"embeddable":true,"href":"https:\/\/www.alldayled.com\/de\/wp-json\/wp\/v2\/comments?post=65437"}],"wp:featuredmedia":[{"embeddable":true,"href":"https:\/\/www.alldayled.com\/de\/wp-json\/wp\/v2\/media\/37404"}],"wp:attachment":[{"href":"https:\/\/www.alldayled.com\/de\/wp-json\/wp\/v2\/media?parent=65437"}],"wp:term":[{"taxonomy":"product_brand","embeddable":true,"href":"https:\/\/www.alldayled.com\/de\/wp-json\/wp\/v2\/product_brand?post=65437"},{"taxonomy":"product_cat","embeddable":true,"href":"https:\/\/www.alldayled.com\/de\/wp-json\/wp\/v2\/product_cat?post=65437"},{"taxonomy":"product_tag","embeddable":true,"href":"https:\/\/www.alldayled.com\/de\/wp-json\/wp\/v2\/product_tag?post=65437"}],"curies":[{"name":"wp","href":"https:\/\/api.w.org\/{rel}","templated":true}]}}