{"id":65452,"date":"2025-02-20T14:05:28","date_gmt":"2025-02-20T13:05:28","guid":{"rendered":"https:\/\/www.alldayled.com\/product\/swedstuff-led-bar-sr-10\/"},"modified":"2026-04-13T13:15:04","modified_gmt":"2026-04-13T11:15:04","slug":"swedstuff-led-bar-sr-10","status":"publish","type":"product","link":"https:\/\/www.alldayled.com\/de\/produkt\/swedstuff-led-bar-sr-10\/","title":{"rendered":"Swedstuff LED bar SR 10&#8220;"},"content":{"rendered":"<p><span style=\"color: #000000;\"><strong>Swedstuff LED bar SR 10 Zoll, geeignet f\u00fcr 12 und 24 Volt. <\/strong><\/span><\/p>\n<p><span style=\"color: #000000;\">Suchst du eine kompakte LED bar mit hoher Lichtleistung und einem schlanken Design? Dann ist die Swedstuff LED bar SR 10 Zoll genau das Richtige f\u00fcr dich. Diese LED bar liefert eine leistungsstarke 2900 Lumen Ausgangsleistung, kombiniert mit einer klaren 5700K Farbtemperatur. Ideal f\u00fcr Situationen, in denen gute Sicht unerl\u00e4sslich ist! Egal ob du nachts f\u00e4hrst, bei schlechtem Wetter unterwegs bist oder in anspruchsvollen Umgebungen arbeitest: Du profitierst immer von einem konzentrierten Lichtstrahl mit optimaler Streuung und Reichweite.    <\/span><\/p>\n<p><span style=\"color: #000000;\">Diese Swedstuff LED bar ist mit DUAL COLOR Positionslicht in Wei\u00df und Orange ausgestattet, damit dein Fahrzeug nicht nur besser sichtbar ist, sondern auch mehr Ausstrahlung erh\u00e4lt. Das robuste Aluminiumgeh\u00e4use, die schlagfeste Polycarbonatlinse und die IP67\/IP69K Zertifizierung stellen sicher, dass deine LED bar resistent gegen Staub, Wasser, Steinschlag und raue Bedingungen ist. Dadurch ist dieses Modell perfekt geeignet f\u00fcr LKWs, 4&#215;4 Fahrzeuge, Land- und Baumaschinen sowie Einsatzfahrzeuge. Dieses Modell funktioniert sowohl mit 12 als auch mit 24 volt und ist somit vielseitig einsetzbar. Die Lieferung erfolgt komplett mit Edelstahl-Befestigungsmaterial, Montagehalterungen und einem DT-4 Anschluss.    <\/span><\/p>\n<h5><span style=\"color: #000000;\"><strong>Abmessungen:<\/strong><\/span><\/h5>\n<p><span style=\"color: #000000;\">Zweifelst du, ob die Swedstuff LED bar 10 Zoll gut zu deinem Fahrzeug passt? Dann ist es ratsam, die Abmessungen zu \u00fcberpr\u00fcfen. Deshalb haben wir dir unten alle wichtigen Ma\u00dfe \u00fcbersichtlich aufgelistet:  <\/span><\/p>\n<ul>\n<li><span style=\"color: #000000;\">H\u00f6he: 47 (61.99 mm inkl. Halterung)<\/span><\/li>\n<li><span style=\"color: #000000;\">Breite: 255,23 mm<\/span><\/li>\n<li><span style=\"color: #000000;\">Dicke: 76 mm<\/span><\/li>\n<\/ul>\n<h5><span style=\"color: #000000;\"><strong>Andere Versionen: <\/strong><\/span><\/h5>\n<p><span style=\"color: #000000;\">Doch lieber eine Nummer gr\u00f6\u00dfer? Diese Swedstuff LED bar ist auch in einer 20 Zoll Variante erh\u00e4ltlich: die Swedstuff LED bar SR 20&#8220;. Der gleiche schlanke Look, aber mit noch mehr Lichtleistung.  <\/span><\/p>\n<ul>\n<li><a href=\"https:\/\/www.alldayled.com\/de\/produkt\/swedstuff-led-bar-sr-20\/\"><span style=\"color: #000000;\"><strong>Swedstuff LED bar SR 20&#8220;<\/strong><\/span><\/a><\/li>\n<\/ul>\n<div class=\"truncated\">\n<p><span style=\"color: #000000;\">Bist du dir nach dem Lesen der Informationen noch nicht ganz sicher, ob die Swedstuff LED bar 10 Zoll zu deinem LKW passt? Vielleicht weil Gr\u00f6\u00dfe, Lichtbild oder Stil nicht ganz dem entsprechen, was du suchst. Kein Problem! Dann wirf doch einen Blick auf unser komplettes Angebot an <a style=\"color: #000000;\" href=\"https:\/\/www.alldayled.com\/de\/produkt-kategorie\/scheinwerfer\/led-bar\/\">LED bars<\/a>. Die Chancen stehen gut, dass dort das Modell dabei ist, das perfekt zu deinen W\u00fcnschen passt.    <\/span><\/p>\n<\/div>\n","protected":false},"excerpt":{"rendered":"<p>Swedstuff LED bar 10 Zoll mit DUAL COLOR Positionslicht, geeignet f\u00fcr 12 &amp; 24 Volt.<\/p>\n","protected":false},"featured_media":35463,"comment_status":"open","ping_status":"closed","template":"","meta":{"_acf_changed":false},"product_brand":[6601],"product_cat":[5386],"product_tag":[9161,9162,9163,9074,9276],"class_list":{"0":"post-65452","1":"product","2":"type-product","3":"status-publish","4":"has-post-thumbnail","6":"product_brand-product-swedstuff","7":"product_cat-led-bar","8":"product_tag-led-bar","9":"product_tag-led-bar-auto","10":"product_tag-led-bar-lkw","11":"product_tag-scheinwerfer-mit-stadtlicht","12":"product_tag-swedstuff-led-beleuchtung","14":"first","15":"instock","16":"taxable","17":"shipping-taxable","18":"purchasable","19":"product-type-simple"},"acf":[],"yoast_head":"<!-- This site is optimized with the Yoast SEO Premium plugin v26.5 (Yoast SEO v27.1.1) - https:\/\/yoast.com\/product\/yoast-seo-premium-wordpress\/ -->\n<title>Swedstuff LED bar SR 10 Zoll - All Day Led - 12&amp;24V<\/title>\n<meta name=\"description\" content=\"LED bar SR 10 Zoll - Swedstuff - f\u00fcr 12&amp;24 Volt Betrieb - Auto, LKW und mehr - mit LED Standlicht ORANGE\/WEISS - 1 Lux @ 300m - 2900 Lumen\" \/>\n<meta name=\"robots\" content=\"index, follow, max-snippet:-1, max-image-preview:large, max-video-preview:-1\" \/>\n<link rel=\"canonical\" href=\"https:\/\/www.alldayled.com\/de\/produkt\/swedstuff-led-bar-sr-10\/\" \/>\n<meta property=\"og:locale\" content=\"de_DE\" \/>\n<meta property=\"og:type\" content=\"article\" \/>\n<meta property=\"og:title\" content=\"Swedstuff LED bar SR 10 Zoll - All Day Led - 12&amp;24V\" \/>\n<meta property=\"og:description\" content=\"LED bar SR 10 Zoll - Swedstuff - f\u00fcr 12&amp;24 Volt Betrieb - Auto, LKW und mehr - mit LED Standlicht ORANGE\/WEISS - 1 Lux @ 300m - 2900 Lumen\" \/>\n<meta property=\"og:url\" content=\"https:\/\/www.alldayled.com\/de\/produkt\/swedstuff-led-bar-sr-10\/\" \/>\n<meta property=\"og:site_name\" content=\"All Day Led\" \/>\n<meta property=\"article:publisher\" content=\"https:\/\/www.facebook.com\/alldayled\/\" \/>\n<meta property=\"article:modified_time\" content=\"2026-04-13T11:15:04+00:00\" \/>\n<meta property=\"og:image\" content=\"https:\/\/www.alldayled.com\/wp-content\/uploads\/2025\/02\/ADL808351-SM-2-300x300.png\" \/>\n<meta name=\"twitter:label1\" content=\"Preis\" \/>\n\t<meta name=\"twitter:data1\" content=\"&euro;&nbsp;89,00\" \/>\n\t<meta name=\"twitter:label2\" content=\"Verf\u00fcgbarkeit\" \/>\n\t<meta name=\"twitter:data2\" content=\"Auf Lager\" \/>\n<script type=\"application\/ld+json\" class=\"yoast-schema-graph\">{\"@context\":\"https:\/\/schema.org\",\"@graph\":[{\"@type\":\"WebPage\",\"@id\":\"https:\/\/www.alldayled.com\/de\/produkt\/swedstuff-led-bar-sr-10\/\",\"url\":\"https:\/\/www.alldayled.com\/de\/produkt\/swedstuff-led-bar-sr-10\/\",\"name\":\"Swedstuff LED bar SR 10 Zoll - All Day Led - 12&24V\",\"isPartOf\":{\"@id\":\"https:\/\/www.alldayled.com\/de\/#website\"},\"primaryImageOfPage\":{\"@id\":\"https:\/\/www.alldayled.com\/de\/produkt\/swedstuff-led-bar-sr-10\/#primaryimage\"},\"image\":{\"@id\":\"https:\/\/www.alldayled.com\/de\/produkt\/swedstuff-led-bar-sr-10\/#primaryimage\"},\"thumbnailUrl\":\"https:\/\/www.alldayled.com\/wp-content\/uploads\/2025\/04\/ADL808351.png\",\"datePublished\":\"2025-02-20T13:05:28+00:00\",\"dateModified\":\"2026-04-13T11:15:04+00:00\",\"description\":\"LED bar SR 10 Zoll - Swedstuff - f\u00fcr 12&24 Volt Betrieb - Auto, LKW und mehr - mit LED Standlicht ORANGE\/WEISS - 1 Lux @ 300m - 2900 Lumen\",\"breadcrumb\":{\"@id\":\"https:\/\/www.alldayled.com\/de\/produkt\/swedstuff-led-bar-sr-10\/#breadcrumb\"},\"inLanguage\":\"de\",\"potentialAction\":[{\"@type\":\"ReadAction\",\"target\":[\"https:\/\/www.alldayled.com\/de\/produkt\/swedstuff-led-bar-sr-10\/\"]}]},{\"@type\":\"ImageObject\",\"inLanguage\":\"de\",\"@id\":\"https:\/\/www.alldayled.com\/de\/produkt\/swedstuff-led-bar-sr-10\/#primaryimage\",\"url\":\"https:\/\/www.alldayled.com\/wp-content\/uploads\/2025\/04\/ADL808351.png\",\"contentUrl\":\"https:\/\/www.alldayled.com\/wp-content\/uploads\/2025\/04\/ADL808351.png\",\"width\":800,\"height\":600,\"caption\":\"Swedstuff SR 10 Zoll - LED bar - 808351 - 3500 Lumen - EAN: 7323030192563 - Positionslicht orange und wei\u00df\"},{\"@type\":\"BreadcrumbList\",\"@id\":\"https:\/\/www.alldayled.com\/de\/produkt\/swedstuff-led-bar-sr-10\/#breadcrumb\",\"itemListElement\":[{\"@type\":\"ListItem\",\"position\":1,\"name\":\"Home\",\"item\":\"https:\/\/www.alldayled.com\/de\/\"},{\"@type\":\"ListItem\",\"position\":2,\"name\":\"Shop\",\"item\":\"https:\/\/www.alldayled.com\/de\/shop\/\"},{\"@type\":\"ListItem\",\"position\":3,\"name\":\"Scheinwerfer\",\"item\":\"https:\/\/www.alldayled.com\/de\/produkt-kategorie\/scheinwerfer\/\"},{\"@type\":\"ListItem\",\"position\":4,\"name\":\"LED Bar\",\"item\":\"https:\/\/www.alldayled.com\/de\/produkt-kategorie\/scheinwerfer\/led-bar\/\"},{\"@type\":\"ListItem\",\"position\":5,\"name\":\"Swedstuff LED bar SR 10&#8220;\"}]},{\"@type\":\"WebSite\",\"@id\":\"https:\/\/www.alldayled.com\/de\/#website\",\"url\":\"https:\/\/www.alldayled.com\/de\/\",\"name\":\"All Day Led\",\"description\":\"Verlichting voor 12&amp;24 volt gebruik\",\"publisher\":{\"@id\":\"https:\/\/www.alldayled.com\/de\/#organization\"},\"potentialAction\":[{\"@type\":\"SearchAction\",\"target\":{\"@type\":\"EntryPoint\",\"urlTemplate\":\"https:\/\/www.alldayled.com\/de\/?s={search_term_string}\"},\"query-input\":{\"@type\":\"PropertyValueSpecification\",\"valueRequired\":true,\"valueName\":\"search_term_string\"}}],\"inLanguage\":\"de\"},{\"@type\":\"Organization\",\"@id\":\"https:\/\/www.alldayled.com\/de\/#organization\",\"name\":\"All Day Led\",\"url\":\"https:\/\/www.alldayled.com\/de\/\",\"logo\":{\"@type\":\"ImageObject\",\"inLanguage\":\"de\",\"@id\":\"https:\/\/www.alldayled.com\/de\/#\/schema\/logo\/image\/\",\"url\":\"https:\/\/www.alldayled.com\/wp-content\/uploads\/2025\/10\/Logo-ALL-DAY-LED-800x800-zwart-witte-letters.png\",\"contentUrl\":\"https:\/\/www.alldayled.com\/wp-content\/uploads\/2025\/10\/Logo-ALL-DAY-LED-800x800-zwart-witte-letters.png\",\"width\":800,\"height\":800,\"caption\":\"All Day Led\"},\"image\":{\"@id\":\"https:\/\/www.alldayled.com\/de\/#\/schema\/logo\/image\/\"},\"sameAs\":[\"https:\/\/www.facebook.com\/alldayled\/\",\"https:\/\/www.instagram.com\/alldayled\/\"],\"vatID\":\"NL863960133B01\",\"taxID\":\"86416545\"}]}<\/script>\n<meta property=\"product:brand\" content=\"Swedstuff\" \/>\n<meta property=\"product:price:amount\" content=\"89.00\" \/>\n<meta property=\"product:price:currency\" content=\"EUR\" \/>\n<meta property=\"og:availability\" content=\"instock\" \/>\n<meta property=\"product:availability\" content=\"instock\" \/>\n<meta property=\"product:retailer_item_id\" content=\"ADL808351\" \/>\n<meta property=\"product:condition\" content=\"new\" \/>\n<!-- \/ Yoast SEO Premium plugin. -->","yoast_head_json":{"title":"Swedstuff LED bar SR 10 Zoll - All Day Led - 12&24V","description":"LED bar SR 10 Zoll - Swedstuff - f\u00fcr 12&24 Volt Betrieb - Auto, LKW und mehr - mit LED Standlicht ORANGE\/WEISS - 1 Lux @ 300m - 2900 Lumen","robots":{"index":"index","follow":"follow","max-snippet":"max-snippet:-1","max-image-preview":"max-image-preview:large","max-video-preview":"max-video-preview:-1"},"canonical":"https:\/\/www.alldayled.com\/de\/produkt\/swedstuff-led-bar-sr-10\/","og_locale":"de_DE","og_type":"article","og_title":"Swedstuff LED bar SR 10 Zoll - All Day Led - 12&24V","og_description":"LED bar SR 10 Zoll - Swedstuff - f\u00fcr 12&24 Volt Betrieb - Auto, LKW und mehr - mit LED Standlicht ORANGE\/WEISS - 1 Lux @ 300m - 2900 Lumen","og_url":"https:\/\/www.alldayled.com\/de\/produkt\/swedstuff-led-bar-sr-10\/","og_site_name":"All Day Led","article_publisher":"https:\/\/www.facebook.com\/alldayled\/","article_modified_time":"2026-04-13T11:15:04+00:00","og_image":[{"url":"https:\/\/www.alldayled.com\/wp-content\/uploads\/2025\/02\/ADL808351-SM-2-300x300.png","type":"","width":"","height":""}],"twitter_misc":{"Preis":"&euro;&nbsp;89,00","Verf\u00fcgbarkeit":"Auf Lager"},"schema":{"@context":"https:\/\/schema.org","@graph":[{"@type":"WebPage","@id":"https:\/\/www.alldayled.com\/de\/produkt\/swedstuff-led-bar-sr-10\/","url":"https:\/\/www.alldayled.com\/de\/produkt\/swedstuff-led-bar-sr-10\/","name":"Swedstuff LED bar SR 10 Zoll - All Day Led - 12&24V","isPartOf":{"@id":"https:\/\/www.alldayled.com\/de\/#website"},"primaryImageOfPage":{"@id":"https:\/\/www.alldayled.com\/de\/produkt\/swedstuff-led-bar-sr-10\/#primaryimage"},"image":{"@id":"https:\/\/www.alldayled.com\/de\/produkt\/swedstuff-led-bar-sr-10\/#primaryimage"},"thumbnailUrl":"https:\/\/www.alldayled.com\/wp-content\/uploads\/2025\/04\/ADL808351.png","datePublished":"2025-02-20T13:05:28+00:00","dateModified":"2026-04-13T11:15:04+00:00","description":"LED bar SR 10 Zoll - Swedstuff - f\u00fcr 12&24 Volt Betrieb - Auto, LKW und mehr - mit LED Standlicht ORANGE\/WEISS - 1 Lux @ 300m - 2900 Lumen","breadcrumb":{"@id":"https:\/\/www.alldayled.com\/de\/produkt\/swedstuff-led-bar-sr-10\/#breadcrumb"},"inLanguage":"de","potentialAction":[{"@type":"ReadAction","target":["https:\/\/www.alldayled.com\/de\/produkt\/swedstuff-led-bar-sr-10\/"]}]},{"@type":"ImageObject","inLanguage":"de","@id":"https:\/\/www.alldayled.com\/de\/produkt\/swedstuff-led-bar-sr-10\/#primaryimage","url":"https:\/\/www.alldayled.com\/wp-content\/uploads\/2025\/04\/ADL808351.png","contentUrl":"https:\/\/www.alldayled.com\/wp-content\/uploads\/2025\/04\/ADL808351.png","width":800,"height":600,"caption":"Swedstuff SR 10 Zoll - LED bar - 808351 - 3500 Lumen - EAN: 7323030192563 - Positionslicht orange und wei\u00df"},{"@type":"BreadcrumbList","@id":"https:\/\/www.alldayled.com\/de\/produkt\/swedstuff-led-bar-sr-10\/#breadcrumb","itemListElement":[{"@type":"ListItem","position":1,"name":"Home","item":"https:\/\/www.alldayled.com\/de\/"},{"@type":"ListItem","position":2,"name":"Shop","item":"https:\/\/www.alldayled.com\/de\/shop\/"},{"@type":"ListItem","position":3,"name":"Scheinwerfer","item":"https:\/\/www.alldayled.com\/de\/produkt-kategorie\/scheinwerfer\/"},{"@type":"ListItem","position":4,"name":"LED Bar","item":"https:\/\/www.alldayled.com\/de\/produkt-kategorie\/scheinwerfer\/led-bar\/"},{"@type":"ListItem","position":5,"name":"Swedstuff LED bar SR 10&#8220;"}]},{"@type":"WebSite","@id":"https:\/\/www.alldayled.com\/de\/#website","url":"https:\/\/www.alldayled.com\/de\/","name":"All Day Led","description":"Verlichting voor 12&amp;24 volt gebruik","publisher":{"@id":"https:\/\/www.alldayled.com\/de\/#organization"},"potentialAction":[{"@type":"SearchAction","target":{"@type":"EntryPoint","urlTemplate":"https:\/\/www.alldayled.com\/de\/?s={search_term_string}"},"query-input":{"@type":"PropertyValueSpecification","valueRequired":true,"valueName":"search_term_string"}}],"inLanguage":"de"},{"@type":"Organization","@id":"https:\/\/www.alldayled.com\/de\/#organization","name":"All Day Led","url":"https:\/\/www.alldayled.com\/de\/","logo":{"@type":"ImageObject","inLanguage":"de","@id":"https:\/\/www.alldayled.com\/de\/#\/schema\/logo\/image\/","url":"https:\/\/www.alldayled.com\/wp-content\/uploads\/2025\/10\/Logo-ALL-DAY-LED-800x800-zwart-witte-letters.png","contentUrl":"https:\/\/www.alldayled.com\/wp-content\/uploads\/2025\/10\/Logo-ALL-DAY-LED-800x800-zwart-witte-letters.png","width":800,"height":800,"caption":"All Day Led"},"image":{"@id":"https:\/\/www.alldayled.com\/de\/#\/schema\/logo\/image\/"},"sameAs":["https:\/\/www.facebook.com\/alldayled\/","https:\/\/www.instagram.com\/alldayled\/"],"vatID":"NL863960133B01","taxID":"86416545"}]},"product_brand":"Swedstuff","product_price_amount":"89.00","product_price_currency":"EUR","og_availability":"instock","product_availability":"instock","product_retailer_item_id":"ADL808351","product_condition":"new"},"_links":{"self":[{"href":"https:\/\/www.alldayled.com\/de\/wp-json\/wp\/v2\/product\/65452","targetHints":{"allow":["GET"]}}],"collection":[{"href":"https:\/\/www.alldayled.com\/de\/wp-json\/wp\/v2\/product"}],"about":[{"href":"https:\/\/www.alldayled.com\/de\/wp-json\/wp\/v2\/types\/product"}],"replies":[{"embeddable":true,"href":"https:\/\/www.alldayled.com\/de\/wp-json\/wp\/v2\/comments?post=65452"}],"wp:featuredmedia":[{"embeddable":true,"href":"https:\/\/www.alldayled.com\/de\/wp-json\/wp\/v2\/media\/35463"}],"wp:attachment":[{"href":"https:\/\/www.alldayled.com\/de\/wp-json\/wp\/v2\/media?parent=65452"}],"wp:term":[{"taxonomy":"product_brand","embeddable":true,"href":"https:\/\/www.alldayled.com\/de\/wp-json\/wp\/v2\/product_brand?post=65452"},{"taxonomy":"product_cat","embeddable":true,"href":"https:\/\/www.alldayled.com\/de\/wp-json\/wp\/v2\/product_cat?post=65452"},{"taxonomy":"product_tag","embeddable":true,"href":"https:\/\/www.alldayled.com\/de\/wp-json\/wp\/v2\/product_tag?post=65452"}],"curies":[{"name":"wp","href":"https:\/\/api.w.org\/{rel}","templated":true}]}}