{"id":66339,"date":"2021-11-08T13:59:23","date_gmt":"2021-11-08T12:59:23","guid":{"rendered":"https:\/\/www.alldayled.com\/product\/strands-dark-knight-3-kamer-achterlicht-ize-led\/"},"modified":"2026-03-02T10:21:10","modified_gmt":"2026-03-02T09:21:10","slug":"strands-dark-knight-3-kamer-achterlicht-ize-led","status":"publish","type":"product","link":"https:\/\/www.alldayled.com\/de\/produkt\/strands-dark-knight-3-kamer-achterlicht-ize-led\/","title":{"rendered":"Strands IZE LED 3 kammer R\u00fccklicht &#8211; Dark Knight"},"content":{"rendered":"<p><span style=\"color: #000000;\"><strong>Strands IZE LED 3 kammer R\u00fccklicht Dark Knight Ausf\u00fchrung, geeignet f\u00fcr 24 Volt Betrieb. <\/strong><\/span><\/p>\n<p>Sind Sie auf der Suche nach einem IZE LED-R\u00fccklicht, wollen aber nicht die Standardausf\u00fchrung? Dann ist die Dark Knight Ausf\u00fchrung vielleicht die Lampe, die Sie suchen. Dieses LED 3 kammer R\u00fccklicht von Strands ist mit 56 LED-Punkten ausgestattet und hat ein dunkles Glas. Dank der vielen LEDs k\u00f6nnen Sie sicher sein, dass Sie mit einem geringen Stromverbrauch gut beleuchtet unterwegs sind. Das rot leuchtende LED-R\u00fccklicht von Strands ist f\u00fcr 24 Volt geeignet, was bedeutet, dass Sie die Nebelschlussleuchte an einem LKW oder Anh\u00e4nger montieren k\u00f6nnen.    <\/p>\n<p>Um sicherzustellen, dass das Strands LED 3 kammer R\u00fccklicht in Dark Knight-Ausf\u00fchrung f\u00fcr Ihren LKW oder Anh\u00e4nger geeignet ist, haben wir unten eine Reihe von Spezifikationen f\u00fcr Sie aufgeschrieben. All dies, um Ihnen deutlich zu machen, warum dies vielleicht die LED-Lampe ist, die Sie suchen. Das R\u00fcckfahrlicht von Strands ist unter anderem mit dem ECE R10-Pr\u00fcfzeichen versehen. Das bedeutet, dass die Lampe w\u00e4hrend des Gebrauchs keine St\u00f6rungen verursacht, beispielsweise auf Ihrem Funksignal. Dar\u00fcber hinaus ist die rote LED-Lampe mit dem <g id=\"gid_0\">ECE R6 und ECE R7 <\/g>Pr\u00fcfzeichen versehen, was angibt, dass die Lampe offiziell als R\u00fcckfahrlicht verwendet werden darf. Um das Ganze abzurunden, wird die Dark Knight LED-Lampe mit einem 2,5 Meter langen Kabel geliefert.     <\/p>\n<h5><span style=\"color: #000000;\"><strong>Abmessungen:<\/strong><\/span><\/h5>\n<p>Um sicherzustellen, dass Sie die LED-Blocklampe dort montieren k\u00f6nnen, wo Sie m\u00f6chten, haben wir unten die Abmessungen notiert. Die Abmessungen des Strands IZE LED 3 kammer R\u00fccklichts in Dark Knight-Ausf\u00fchrung sind wie folgt: <\/p>\n<ul>\n<li><span style=\"color: #000000;\">H\u00f6he: 110 mm<\/span><\/li>\n<li><span style=\"color: #000000;\">Breite: 130 mm<\/span><\/li>\n<li><span style=\"color: #000000;\">Dicke: 45 mm<\/span><\/li>\n<\/ul>\n<h5><span style=\"color: #000000;\"><strong>Andere Modelle:<\/strong><\/span><\/h5>\n<p>M\u00f6chten Sie zwar ein Dark Knight LED-R\u00fccklicht von Strands kaufen, aber das Dark Knight 3-Kammer-R\u00fccklicht ist nicht ganz das, was Sie suchen? Keine Sorge! Strands bietet auch diverse andere Modelle an, hier finden Sie eine Auswahl:  <\/p>\n<ul>\n<li><span style=\"color: #000000;\"><a style=\"color: #000000;\" href=\"https:\/\/www.alldayled.com\/de\/produkt\/strands-dark-knight-richtingaanwijzer-ize-led\/\"><strong>Strands Dark Knight Blinker<\/strong><\/a><\/span><\/li>\n<li><span style=\"color: #000000;\"><a style=\"color: #000000;\" href=\"https:\/\/www.alldayled.com\/de\/produkt\/strands-ize-led-achteruitrijlicht-dark-knight\/\"><strong>Strands Dark Knight R\u00fcckfahrlicht <\/strong><\/a><\/span><\/li>\n<li><span style=\"color: #000000;\"><a style=\"color: #000000;\" href=\"https:\/\/www.alldayled.com\/de\/produkt\/strands-dark-knight-mistachterlicht-ize-led\/\"><strong>Strands Dark Knight Nebelschlussleuchte<\/strong><\/a><\/span><\/li>\n<li><span style=\"color: #000000;\"><a style=\"color: #000000;\" href=\"https:\/\/www.alldayled.com\/de\/produkt\/strands-dark-knight-achterlicht-ize-led\/\"><strong>Strands Dark Knight R\u00fccklicht<\/strong><\/a><\/span><\/li>\n<\/ul>\n<p>Sind Sie dennoch der Meinung, dass das Dark Knight 3 kammer R\u00fccklicht nicht das ist, wonach Sie suchen? Einfach, weil die Form oder die Farbe des Glases nicht ganz Ihren W\u00fcnschen entspricht? Sehen Sie sich dann das komplette Angebot von <span style=\"color: #000000;\"><a style=\"color: #000000;\" href=\"https:\/\/www.alldayled.com\/de\/marke\/product-strands-lighting-division\/\" target=\"_blank\" rel=\"noopener\">Strands<\/a><\/span> an, vielleicht finden Sie dort die Lampe, die perfekt zu Ihrem Fahrzeug passt.  <\/p>\n","protected":false},"excerpt":{"rendered":"<p>Strands IZE LED Dark Knight R\u00fccklicht mit Stadt-, Brems- und Blinkerfunktion, f\u00fcr 24 Volt.<\/p>\n","protected":false},"featured_media":20133,"comment_status":"open","ping_status":"closed","template":"","meta":{"_acf_changed":false},"product_brand":[5114],"product_cat":[5296,5363],"product_tag":[9346,9350,9218,9347,9348,9219,9349,9351,9064,9065,9160],"class_list":{"0":"post-66339","1":"product","2":"type-product","3":"status-publish","4":"has-post-thumbnail","6":"product_brand-product-strands-lighting-division","7":"product_cat-achterlicht-vierkant","8":"product_cat-strands-dark-knight","9":"product_tag-bloklampen","10":"product_tag-dark-knight-beleuchtung","11":"product_tag-deense-achterbumper","12":"product_tag-hella-rucklicht","13":"product_tag-ize-led","14":"product_tag-led-rucklicht","15":"product_tag-ledon-achterlichten","16":"product_tag-strands-dark-knight","17":"product_tag-strands-led-beleuchtung","18":"product_tag-strands-lighting-division","19":"product_tag-truckstyling","21":"first","22":"instock","23":"taxable","24":"shipping-taxable","25":"purchasable","26":"product-type-simple"},"acf":[],"yoast_head":"<!-- This site is optimized with the Yoast SEO Premium plugin v26.5 (Yoast SEO v27.1.1) - https:\/\/yoast.com\/product\/yoast-seo-premium-wordpress\/ -->\n<title>Dark Knight LED R\u00fccklicht - STRANDS - All Day Led - 24 Volt<\/title>\n<meta name=\"description\" content=\"Dark Knight LED R\u00fccklicht - STRANDS - Standlicht-, Blinker- und Bremslichtfunktion - f\u00fcr 24V - LED Blocklampe - D\u00e4nische Hecksto\u00dfstange\" \/>\n<meta name=\"robots\" content=\"index, follow, max-snippet:-1, max-image-preview:large, max-video-preview:-1\" \/>\n<link rel=\"canonical\" href=\"https:\/\/www.alldayled.com\/de\/produkt\/strands-dark-knight-3-kamer-achterlicht-ize-led\/\" \/>\n<meta property=\"og:locale\" content=\"de_DE\" \/>\n<meta property=\"og:type\" content=\"article\" \/>\n<meta property=\"og:title\" content=\"Dark Knight LED R\u00fccklicht - STRANDS - All Day Led - 24 Volt\" \/>\n<meta property=\"og:description\" content=\"Dark Knight LED R\u00fccklicht - STRANDS - Standlicht-, Blinker- und Bremslichtfunktion - f\u00fcr 24V - LED Blocklampe - D\u00e4nische Hecksto\u00dfstange\" \/>\n<meta property=\"og:url\" content=\"https:\/\/www.alldayled.com\/de\/produkt\/strands-dark-knight-3-kamer-achterlicht-ize-led\/\" \/>\n<meta property=\"og:site_name\" content=\"All Day Led\" \/>\n<meta property=\"article:publisher\" content=\"https:\/\/www.facebook.com\/alldayled\/\" \/>\n<meta property=\"article:modified_time\" content=\"2026-03-02T09:21:10+00:00\" \/>\n<meta property=\"og:image\" content=\"https:\/\/www.alldayled.com\/wp-content\/uploads\/2024\/03\/ADL800630-300x300.png\" \/>\n<meta name=\"twitter:label1\" content=\"Preis\" \/>\n\t<meta name=\"twitter:data1\" content=\"&euro;&nbsp;79,00\" \/>\n\t<meta name=\"twitter:label2\" content=\"Verf\u00fcgbarkeit\" \/>\n\t<meta name=\"twitter:data2\" content=\"Auf Lager\" \/>\n<script type=\"application\/ld+json\" class=\"yoast-schema-graph\">{\"@context\":\"https:\/\/schema.org\",\"@graph\":[{\"@type\":\"WebPage\",\"@id\":\"https:\/\/www.alldayled.com\/de\/produkt\/strands-dark-knight-3-kamer-achterlicht-ize-led\/\",\"url\":\"https:\/\/www.alldayled.com\/de\/produkt\/strands-dark-knight-3-kamer-achterlicht-ize-led\/\",\"name\":\"Dark Knight LED R\u00fccklicht - STRANDS - All Day Led - 24 Volt\",\"isPartOf\":{\"@id\":\"https:\/\/www.alldayled.com\/de\/#website\"},\"primaryImageOfPage\":{\"@id\":\"https:\/\/www.alldayled.com\/de\/produkt\/strands-dark-knight-3-kamer-achterlicht-ize-led\/#primaryimage\"},\"image\":{\"@id\":\"https:\/\/www.alldayled.com\/de\/produkt\/strands-dark-knight-3-kamer-achterlicht-ize-led\/#primaryimage\"},\"thumbnailUrl\":\"https:\/\/www.alldayled.com\/wp-content\/uploads\/2021\/11\/ADL80630..png\",\"datePublished\":\"2021-11-08T12:59:23+00:00\",\"dateModified\":\"2026-03-02T09:21:10+00:00\",\"description\":\"Dark Knight LED R\u00fccklicht - STRANDS - Standlicht-, Blinker- und Bremslichtfunktion - f\u00fcr 24V - LED Blocklampe - D\u00e4nische Hecksto\u00dfstange\",\"breadcrumb\":{\"@id\":\"https:\/\/www.alldayled.com\/de\/produkt\/strands-dark-knight-3-kamer-achterlicht-ize-led\/#breadcrumb\"},\"inLanguage\":\"de\",\"potentialAction\":[{\"@type\":\"ReadAction\",\"target\":[\"https:\/\/www.alldayled.com\/de\/produkt\/strands-dark-knight-3-kamer-achterlicht-ize-led\/\"]}]},{\"@type\":\"ImageObject\",\"inLanguage\":\"de\",\"@id\":\"https:\/\/www.alldayled.com\/de\/produkt\/strands-dark-knight-3-kamer-achterlicht-ize-led\/#primaryimage\",\"url\":\"https:\/\/www.alldayled.com\/wp-content\/uploads\/2021\/11\/ADL80630..png\",\"contentUrl\":\"https:\/\/www.alldayled.com\/wp-content\/uploads\/2021\/11\/ADL80630..png\",\"width\":800,\"height\":600,\"caption\":\"Strands IZE LED 3 kammer R\u00fccklicht - Dark Knight - geeignet f\u00fcr 24 Volt Betrieb - EAN: 7323030187866\"},{\"@type\":\"BreadcrumbList\",\"@id\":\"https:\/\/www.alldayled.com\/de\/produkt\/strands-dark-knight-3-kamer-achterlicht-ize-led\/#breadcrumb\",\"itemListElement\":[{\"@type\":\"ListItem\",\"position\":1,\"name\":\"Home\",\"item\":\"https:\/\/www.alldayled.com\/de\/\"},{\"@type\":\"ListItem\",\"position\":2,\"name\":\"Shop\",\"item\":\"https:\/\/www.alldayled.com\/de\/shop\/\"},{\"@type\":\"ListItem\",\"position\":3,\"name\":\"Heckleuchten\",\"item\":\"https:\/\/www.alldayled.com\/de\/produkt-kategorie\/rucklichter\/\"},{\"@type\":\"ListItem\",\"position\":4,\"name\":\"R\u00fccklicht eckig\",\"item\":\"https:\/\/www.alldayled.com\/de\/produkt-kategorie\/rucklichter\/achterlicht-vierkant\/\"},{\"@type\":\"ListItem\",\"position\":5,\"name\":\"Strands IZE LED 3 kammer R\u00fccklicht &#8211; Dark Knight\"}]},{\"@type\":\"WebSite\",\"@id\":\"https:\/\/www.alldayled.com\/de\/#website\",\"url\":\"https:\/\/www.alldayled.com\/de\/\",\"name\":\"All Day Led\",\"description\":\"Verlichting voor 12&amp;24 volt gebruik\",\"publisher\":{\"@id\":\"https:\/\/www.alldayled.com\/de\/#organization\"},\"potentialAction\":[{\"@type\":\"SearchAction\",\"target\":{\"@type\":\"EntryPoint\",\"urlTemplate\":\"https:\/\/www.alldayled.com\/de\/?s={search_term_string}\"},\"query-input\":{\"@type\":\"PropertyValueSpecification\",\"valueRequired\":true,\"valueName\":\"search_term_string\"}}],\"inLanguage\":\"de\"},{\"@type\":\"Organization\",\"@id\":\"https:\/\/www.alldayled.com\/de\/#organization\",\"name\":\"All Day Led\",\"url\":\"https:\/\/www.alldayled.com\/de\/\",\"logo\":{\"@type\":\"ImageObject\",\"inLanguage\":\"de\",\"@id\":\"https:\/\/www.alldayled.com\/de\/#\/schema\/logo\/image\/\",\"url\":\"https:\/\/www.alldayled.com\/wp-content\/uploads\/2025\/10\/Logo-ALL-DAY-LED-800x800-zwart-witte-letters.png\",\"contentUrl\":\"https:\/\/www.alldayled.com\/wp-content\/uploads\/2025\/10\/Logo-ALL-DAY-LED-800x800-zwart-witte-letters.png\",\"width\":800,\"height\":800,\"caption\":\"All Day Led\"},\"image\":{\"@id\":\"https:\/\/www.alldayled.com\/de\/#\/schema\/logo\/image\/\"},\"sameAs\":[\"https:\/\/www.facebook.com\/alldayled\/\",\"https:\/\/www.instagram.com\/alldayled\/\"],\"vatID\":\"NL863960133B01\",\"taxID\":\"86416545\"}]}<\/script>\n<meta property=\"product:brand\" content=\"Strands\" \/>\n<meta property=\"product:price:amount\" content=\"79.00\" \/>\n<meta property=\"product:price:currency\" content=\"EUR\" \/>\n<meta property=\"og:availability\" content=\"instock\" \/>\n<meta property=\"product:availability\" content=\"instock\" \/>\n<meta property=\"product:retailer_item_id\" content=\"ADL800630\" \/>\n<meta property=\"product:condition\" content=\"new\" \/>\n<!-- \/ Yoast SEO Premium plugin. -->","yoast_head_json":{"title":"Dark Knight LED R\u00fccklicht - STRANDS - All Day Led - 24 Volt","description":"Dark Knight LED R\u00fccklicht - STRANDS - Standlicht-, Blinker- und Bremslichtfunktion - f\u00fcr 24V - LED Blocklampe - D\u00e4nische Hecksto\u00dfstange","robots":{"index":"index","follow":"follow","max-snippet":"max-snippet:-1","max-image-preview":"max-image-preview:large","max-video-preview":"max-video-preview:-1"},"canonical":"https:\/\/www.alldayled.com\/de\/produkt\/strands-dark-knight-3-kamer-achterlicht-ize-led\/","og_locale":"de_DE","og_type":"article","og_title":"Dark Knight LED R\u00fccklicht - STRANDS - All Day Led - 24 Volt","og_description":"Dark Knight LED R\u00fccklicht - STRANDS - Standlicht-, Blinker- und Bremslichtfunktion - f\u00fcr 24V - LED Blocklampe - D\u00e4nische Hecksto\u00dfstange","og_url":"https:\/\/www.alldayled.com\/de\/produkt\/strands-dark-knight-3-kamer-achterlicht-ize-led\/","og_site_name":"All Day Led","article_publisher":"https:\/\/www.facebook.com\/alldayled\/","article_modified_time":"2026-03-02T09:21:10+00:00","og_image":[{"url":"https:\/\/www.alldayled.com\/wp-content\/uploads\/2024\/03\/ADL800630-300x300.png","type":"","width":"","height":""}],"twitter_misc":{"Preis":"&euro;&nbsp;79,00","Verf\u00fcgbarkeit":"Auf Lager"},"schema":{"@context":"https:\/\/schema.org","@graph":[{"@type":"WebPage","@id":"https:\/\/www.alldayled.com\/de\/produkt\/strands-dark-knight-3-kamer-achterlicht-ize-led\/","url":"https:\/\/www.alldayled.com\/de\/produkt\/strands-dark-knight-3-kamer-achterlicht-ize-led\/","name":"Dark Knight LED R\u00fccklicht - STRANDS - All Day Led - 24 Volt","isPartOf":{"@id":"https:\/\/www.alldayled.com\/de\/#website"},"primaryImageOfPage":{"@id":"https:\/\/www.alldayled.com\/de\/produkt\/strands-dark-knight-3-kamer-achterlicht-ize-led\/#primaryimage"},"image":{"@id":"https:\/\/www.alldayled.com\/de\/produkt\/strands-dark-knight-3-kamer-achterlicht-ize-led\/#primaryimage"},"thumbnailUrl":"https:\/\/www.alldayled.com\/wp-content\/uploads\/2021\/11\/ADL80630..png","datePublished":"2021-11-08T12:59:23+00:00","dateModified":"2026-03-02T09:21:10+00:00","description":"Dark Knight LED R\u00fccklicht - STRANDS - Standlicht-, Blinker- und Bremslichtfunktion - f\u00fcr 24V - LED Blocklampe - D\u00e4nische Hecksto\u00dfstange","breadcrumb":{"@id":"https:\/\/www.alldayled.com\/de\/produkt\/strands-dark-knight-3-kamer-achterlicht-ize-led\/#breadcrumb"},"inLanguage":"de","potentialAction":[{"@type":"ReadAction","target":["https:\/\/www.alldayled.com\/de\/produkt\/strands-dark-knight-3-kamer-achterlicht-ize-led\/"]}]},{"@type":"ImageObject","inLanguage":"de","@id":"https:\/\/www.alldayled.com\/de\/produkt\/strands-dark-knight-3-kamer-achterlicht-ize-led\/#primaryimage","url":"https:\/\/www.alldayled.com\/wp-content\/uploads\/2021\/11\/ADL80630..png","contentUrl":"https:\/\/www.alldayled.com\/wp-content\/uploads\/2021\/11\/ADL80630..png","width":800,"height":600,"caption":"Strands IZE LED 3 kammer R\u00fccklicht - Dark Knight - geeignet f\u00fcr 24 Volt Betrieb - EAN: 7323030187866"},{"@type":"BreadcrumbList","@id":"https:\/\/www.alldayled.com\/de\/produkt\/strands-dark-knight-3-kamer-achterlicht-ize-led\/#breadcrumb","itemListElement":[{"@type":"ListItem","position":1,"name":"Home","item":"https:\/\/www.alldayled.com\/de\/"},{"@type":"ListItem","position":2,"name":"Shop","item":"https:\/\/www.alldayled.com\/de\/shop\/"},{"@type":"ListItem","position":3,"name":"Heckleuchten","item":"https:\/\/www.alldayled.com\/de\/produkt-kategorie\/rucklichter\/"},{"@type":"ListItem","position":4,"name":"R\u00fccklicht eckig","item":"https:\/\/www.alldayled.com\/de\/produkt-kategorie\/rucklichter\/achterlicht-vierkant\/"},{"@type":"ListItem","position":5,"name":"Strands IZE LED 3 kammer R\u00fccklicht &#8211; Dark Knight"}]},{"@type":"WebSite","@id":"https:\/\/www.alldayled.com\/de\/#website","url":"https:\/\/www.alldayled.com\/de\/","name":"All Day Led","description":"Verlichting voor 12&amp;24 volt gebruik","publisher":{"@id":"https:\/\/www.alldayled.com\/de\/#organization"},"potentialAction":[{"@type":"SearchAction","target":{"@type":"EntryPoint","urlTemplate":"https:\/\/www.alldayled.com\/de\/?s={search_term_string}"},"query-input":{"@type":"PropertyValueSpecification","valueRequired":true,"valueName":"search_term_string"}}],"inLanguage":"de"},{"@type":"Organization","@id":"https:\/\/www.alldayled.com\/de\/#organization","name":"All Day Led","url":"https:\/\/www.alldayled.com\/de\/","logo":{"@type":"ImageObject","inLanguage":"de","@id":"https:\/\/www.alldayled.com\/de\/#\/schema\/logo\/image\/","url":"https:\/\/www.alldayled.com\/wp-content\/uploads\/2025\/10\/Logo-ALL-DAY-LED-800x800-zwart-witte-letters.png","contentUrl":"https:\/\/www.alldayled.com\/wp-content\/uploads\/2025\/10\/Logo-ALL-DAY-LED-800x800-zwart-witte-letters.png","width":800,"height":800,"caption":"All Day Led"},"image":{"@id":"https:\/\/www.alldayled.com\/de\/#\/schema\/logo\/image\/"},"sameAs":["https:\/\/www.facebook.com\/alldayled\/","https:\/\/www.instagram.com\/alldayled\/"],"vatID":"NL863960133B01","taxID":"86416545"}]},"product_brand":"Strands","product_price_amount":"79.00","product_price_currency":"EUR","og_availability":"instock","product_availability":"instock","product_retailer_item_id":"ADL800630","product_condition":"new"},"_links":{"self":[{"href":"https:\/\/www.alldayled.com\/de\/wp-json\/wp\/v2\/product\/66339","targetHints":{"allow":["GET"]}}],"collection":[{"href":"https:\/\/www.alldayled.com\/de\/wp-json\/wp\/v2\/product"}],"about":[{"href":"https:\/\/www.alldayled.com\/de\/wp-json\/wp\/v2\/types\/product"}],"replies":[{"embeddable":true,"href":"https:\/\/www.alldayled.com\/de\/wp-json\/wp\/v2\/comments?post=66339"}],"wp:featuredmedia":[{"embeddable":true,"href":"https:\/\/www.alldayled.com\/de\/wp-json\/wp\/v2\/media\/20133"}],"wp:attachment":[{"href":"https:\/\/www.alldayled.com\/de\/wp-json\/wp\/v2\/media?parent=66339"}],"wp:term":[{"taxonomy":"product_brand","embeddable":true,"href":"https:\/\/www.alldayled.com\/de\/wp-json\/wp\/v2\/product_brand?post=66339"},{"taxonomy":"product_cat","embeddable":true,"href":"https:\/\/www.alldayled.com\/de\/wp-json\/wp\/v2\/product_cat?post=66339"},{"taxonomy":"product_tag","embeddable":true,"href":"https:\/\/www.alldayled.com\/de\/wp-json\/wp\/v2\/product_tag?post=66339"}],"curies":[{"name":"wp","href":"https:\/\/api.w.org\/{rel}","templated":true}]}}