{"id":66535,"date":"2022-12-06T13:40:18","date_gmt":"2022-12-06T12:40:18","guid":{"rendered":"https:\/\/www.alldayled.com\/product\/strands-ize-led-mist-achteruitrijlicht-dark-knight\/"},"modified":"2026-03-02T17:58:32","modified_gmt":"2026-03-02T16:58:32","slug":"strands-ize-led-mist-achteruitrijlicht-dark-knight","status":"publish","type":"product","link":"https:\/\/www.alldayled.com\/de\/produkt\/strands-ize-led-mist-achteruitrijlicht-dark-knight\/","title":{"rendered":"Strands IZE LED Nebel &#8211; R\u00fcckfahrlicht &#8211; Dark Knight"},"content":{"rendered":"<p><span style=\"color: #000000;\"><strong>Strands IZE LED R\u00fcckfahrlicht mit Nebelschlussleuchte rund in Dark Knight Ausf\u00fchrung, f\u00fcr 12 und 24 Volt Betrieb. <\/strong><\/span><\/p>\n<p><span style=\"color: #000000;\">Sind Sie auf der Suche nach einer runden LED-R\u00fcckleuchte, wollen aber nicht die normale Ausf\u00fchrung? Dann ist diese LED-Lampe der Marke Strands vielleicht die Lampe, die Sie suchen. Die Strands Dark Knight LED-R\u00fcckleuchte mit Nebel- und R\u00fcckfahrlichtfunktion ist mit 48 LED&#8217;s ausgestattet und hat standardm\u00e4\u00dfig ein dunkles Lampenglas. Durch die Anzahl der LED&#8217;s k\u00f6nnen Sie sicher sein, dass Sie sowohl tags\u00fcber als auch abends gut sichtbar sind. Die Strands Dark Knight LED-R\u00fcckleuchte mit Nebel- und R\u00fcckfahrlichtfunktion ist f\u00fcr 12 und 24 Volt geeignet. Das bedeutet, dass Sie die LED-R\u00fcckleuchte beispielsweise f\u00fcr Ihr Auto, Ihren LKW, Ihren Traktor, Ihr Wohnmobil oder ein anderes Fahrzeug verwenden k\u00f6nnen.      <\/span><\/p>\n<p><span style=\"color: #000000;\">Um sicherzustellen, dass die R\u00fcckfahrlicht mit Nebelschlussleuchtenfunktion f\u00fcr Ihr Fahrzeug oder Ihren Anh\u00e4nger geeignet ist, haben wir im Folgenden eine Reihe von Spezifikationen aufgef\u00fchrt. All dies, um Ihnen zu verdeutlichen, warum dies vielleicht die LED-Lampe ist, nach der Sie suchen. Die LED-R\u00fcckleuchte von Strands ist unter anderem mit dem ECE R10-Pr\u00fcfzeichen versehen. Dieses Pr\u00fcfzeichen bedeutet, dass die Lampe w\u00e4hrend der Aktivierung keine St\u00f6rungen verursacht, beispielsweise auf dem Funksignal. Die R\u00fcckleuchte ist au\u00dferdem mit dem ECE R23- und R38-Pr\u00fcfzeichen versehen. Diese Pr\u00fcfzeichen geben an, dass die LED-Lampe als R\u00fcckfahrleuchte und Nebelschlussleuchte verwendet werden darf. Um das Ganze abzurunden, wird diese LED-Lampe mit einem 2,5 Meter langen Kabel geliefert.        <\/span><\/p>\n<h5><span style=\"color: #000000;\"><strong>Abmessungen:<\/strong><\/span><\/h5>\n<p><span style=\"color: #000000;\">Um sicherzustellen, dass Sie die runde LED-Lampe dort montieren k\u00f6nnen, wo Sie m\u00f6chten, haben wir im Folgenden die Abmessungen notiert. Die Abmessungen der Strands Dark Knight LED-R\u00fcckleuchte mit Nebel- und R\u00fcckfahrlichtfunktion sind wie folgt: <\/span><\/p>\n<ul>\n<li><span style=\"color: #000000;\">Geh\u00e4usedurchmesser: 162,3 mm<\/span><\/li>\n<li><span style=\"color: #000000;\">Lampendurchmesser: 155 mm <\/span><\/li>\n<li><span style=\"color: #000000;\">Einbautiefe: 44 mm<\/span><\/li>\n<\/ul>\n<h5><span style=\"color: #000000;\"><strong>Andere Modelle:<\/strong><\/span><\/h5>\n<p><span style=\"color: #000000;\">M\u00f6chten Sie eine runde LED-R\u00fcckleuchte der Marke Strands kaufen? Aber ist die Strands Dark Knight LED-R\u00fcckleuchte mit Nebel- und R\u00fcckfahrlichtfunktion nicht das, was Sie suchen? Dann wissen Sie, dass die runde LED-Lampe von Strands auch in den folgenden Ausf\u00fchrungen erh\u00e4ltlich ist:   <\/span><\/p>\n<ul>\n<li><span style=\"color: #000000;\"><a style=\"color: #000000;\" href=\"https:\/\/www.alldayled.com\/de\/produkt\/strands-ize-led-achterlicht-rechts-dark-knight\/\"><strong>IZE LED R\u00fcckleuchte rechts<\/strong><\/a><\/span><\/li>\n<li><span style=\"color: #000000;\"><strong><a style=\"color: #000000;\" href=\"https:\/\/www.alldayled.com\/de\/produkt\/strands-ize-led-achterlicht-links-dark-knight\/\">IZE LED R\u00fcckleuchte links<\/a><\/strong><\/span><\/li>\n<li><span style=\"color: #000000;\"><strong><a style=\"color: #000000;\" href=\"https:\/\/www.alldayled.com\/de\/produkt\/strands-ize-led-rubber-pakking-rond\/\">IZE LED Gummidichtung<\/a><\/strong><\/span><\/li>\n<\/ul>\n<p><span style=\"color: #000000;\">Sind Sie immer noch der Meinung, dass die Strands Dark Knight LED-R\u00fcckleuchte mit Nebel- und R\u00fcckfahrlichtfunktion nicht das ist, wonach Sie suchen? Einfach, weil die Lichtleistung, die Wattzahl oder die Form nicht Ihren W\u00fcnschen entspricht? Dann sehen Sie sich hier das komplette Angebot von <a style=\"color: #000000;\" href=\"https:\/\/www.alldayled.com\/de\/marke\/product-strands-lighting-division\/\" target=\"_blank\" rel=\"noopener\">Strands<\/a> an.  <\/span><\/p>\n","protected":false},"excerpt":{"rendered":"<p>IZE LED Dark Knight R\u00fcckleuchte rund mit Nebel- und R\u00fcckfahrlichtfunktion, geeignet f\u00fcr 24 Volt.<\/p>\n","protected":false},"featured_media":23298,"comment_status":"open","ping_status":"closed","template":"","meta":{"_acf_changed":false},"product_brand":[5114],"product_cat":[5192,5363],"product_tag":[9219,9427,9370,9371,9064,9065,9160],"class_list":{"0":"post-66535","1":"product","2":"type-product","3":"status-publish","4":"has-post-thumbnail","6":"product_brand-product-strands-lighting-division","7":"product_cat-achterlicht-rond","8":"product_cat-strands-dark-knight","9":"product_tag-led-rucklicht","10":"product_tag-nebelschlussleuchte-2","11":"product_tag-nebelschlussleuchte","12":"product_tag-ruckfahrleuchte","13":"product_tag-strands-led-beleuchtung","14":"product_tag-strands-lighting-division","15":"product_tag-truckstyling","17":"first","18":"instock","19":"taxable","20":"shipping-taxable","21":"purchasable","22":"product-type-simple"},"acf":[],"yoast_head":"<!-- This site is optimized with the Yoast SEO Premium plugin v26.5 (Yoast SEO v27.1.1) - https:\/\/yoast.com\/product\/yoast-seo-premium-wordpress\/ -->\n<title>Strands Dark Knight R\u00fcckfahrleuchte rund - All Day Led - 12\/24V<\/title>\n<meta name=\"description\" content=\"Strands Dark Knight R\u00fcckfahrleuchte rund - IZE LED R\u00fcckleuchte mit Nebelschlussleuchte mit dunklem Glas - Fahrzeugbeleuchtung - ECE R23 und R38 Pr\u00fcfzeichen - 12&amp;24V\" \/>\n<meta name=\"robots\" content=\"index, follow, max-snippet:-1, max-image-preview:large, max-video-preview:-1\" \/>\n<link rel=\"canonical\" href=\"https:\/\/www.alldayled.com\/de\/produkt\/strands-ize-led-mist-achteruitrijlicht-dark-knight\/\" \/>\n<meta property=\"og:locale\" content=\"de_DE\" \/>\n<meta property=\"og:type\" content=\"article\" \/>\n<meta property=\"og:title\" content=\"Strands Dark Knight R\u00fcckfahrleuchte rund - All Day Led - 12\/24V\" \/>\n<meta property=\"og:description\" content=\"Strands Dark Knight R\u00fcckfahrleuchte rund - IZE LED R\u00fcckleuchte mit Nebelschlussleuchte mit dunklem Glas - Fahrzeugbeleuchtung - ECE R23 und R38 Pr\u00fcfzeichen - 12&amp;24V\" \/>\n<meta property=\"og:url\" content=\"https:\/\/www.alldayled.com\/de\/produkt\/strands-ize-led-mist-achteruitrijlicht-dark-knight\/\" \/>\n<meta property=\"og:site_name\" content=\"All Day Led\" \/>\n<meta property=\"article:publisher\" content=\"https:\/\/www.facebook.com\/alldayled\/\" \/>\n<meta property=\"article:modified_time\" content=\"2026-03-02T16:58:32+00:00\" \/>\n<meta property=\"og:image\" content=\"https:\/\/www.alldayled.com\/wp-content\/uploads\/2024\/03\/ADL800624-300x300.png\" \/>\n<meta name=\"twitter:label1\" content=\"Preis\" \/>\n\t<meta name=\"twitter:data1\" content=\"&euro;&nbsp;85,00\" \/>\n\t<meta name=\"twitter:label2\" content=\"Verf\u00fcgbarkeit\" \/>\n\t<meta name=\"twitter:data2\" content=\"Auf Lager\" \/>\n<script type=\"application\/ld+json\" class=\"yoast-schema-graph\">{\"@context\":\"https:\/\/schema.org\",\"@graph\":[{\"@type\":\"WebPage\",\"@id\":\"https:\/\/www.alldayled.com\/de\/produkt\/strands-ize-led-mist-achteruitrijlicht-dark-knight\/\",\"url\":\"https:\/\/www.alldayled.com\/de\/produkt\/strands-ize-led-mist-achteruitrijlicht-dark-knight\/\",\"name\":\"Strands Dark Knight R\u00fcckfahrleuchte rund - All Day Led - 12\/24V\",\"isPartOf\":{\"@id\":\"https:\/\/www.alldayled.com\/de\/#website\"},\"primaryImageOfPage\":{\"@id\":\"https:\/\/www.alldayled.com\/de\/produkt\/strands-ize-led-mist-achteruitrijlicht-dark-knight\/#primaryimage\"},\"image\":{\"@id\":\"https:\/\/www.alldayled.com\/de\/produkt\/strands-ize-led-mist-achteruitrijlicht-dark-knight\/#primaryimage\"},\"thumbnailUrl\":\"https:\/\/www.alldayled.com\/wp-content\/uploads\/2022\/12\/ADL80624.png\",\"datePublished\":\"2022-12-06T12:40:18+00:00\",\"dateModified\":\"2026-03-02T16:58:32+00:00\",\"description\":\"Strands Dark Knight R\u00fcckfahrleuchte rund - IZE LED R\u00fcckleuchte mit Nebelschlussleuchte mit dunklem Glas - Fahrzeugbeleuchtung - ECE R23 und R38 Pr\u00fcfzeichen - 12&24V\",\"breadcrumb\":{\"@id\":\"https:\/\/www.alldayled.com\/de\/produkt\/strands-ize-led-mist-achteruitrijlicht-dark-knight\/#breadcrumb\"},\"inLanguage\":\"de\",\"potentialAction\":[{\"@type\":\"ReadAction\",\"target\":[\"https:\/\/www.alldayled.com\/de\/produkt\/strands-ize-led-mist-achteruitrijlicht-dark-knight\/\"]}]},{\"@type\":\"ImageObject\",\"inLanguage\":\"de\",\"@id\":\"https:\/\/www.alldayled.com\/de\/produkt\/strands-ize-led-mist-achteruitrijlicht-dark-knight\/#primaryimage\",\"url\":\"https:\/\/www.alldayled.com\/wp-content\/uploads\/2022\/12\/ADL80624.png\",\"contentUrl\":\"https:\/\/www.alldayled.com\/wp-content\/uploads\/2022\/12\/ADL80624.png\",\"width\":800,\"height\":600,\"caption\":\"Strands IZE LED R\u00fcckfahrleuchte mit Nebelschlussleuchtenfunktion rund in Dark Knight Ausf\u00fchrung - LED Lampe f\u00fcr 12 &amp; 24 Volt Betrieb - EAN: 7323030187514\"},{\"@type\":\"BreadcrumbList\",\"@id\":\"https:\/\/www.alldayled.com\/de\/produkt\/strands-ize-led-mist-achteruitrijlicht-dark-knight\/#breadcrumb\",\"itemListElement\":[{\"@type\":\"ListItem\",\"position\":1,\"name\":\"Home\",\"item\":\"https:\/\/www.alldayled.com\/de\/\"},{\"@type\":\"ListItem\",\"position\":2,\"name\":\"Shop\",\"item\":\"https:\/\/www.alldayled.com\/de\/shop\/\"},{\"@type\":\"ListItem\",\"position\":3,\"name\":\"Heckleuchten\",\"item\":\"https:\/\/www.alldayled.com\/de\/produkt-kategorie\/rucklichter\/\"},{\"@type\":\"ListItem\",\"position\":4,\"name\":\"R\u00fccklicht rund\",\"item\":\"https:\/\/www.alldayled.com\/de\/produkt-kategorie\/rucklichter\/achterlicht-rond\/\"},{\"@type\":\"ListItem\",\"position\":5,\"name\":\"Strands IZE LED Nebel &#8211; R\u00fcckfahrlicht &#8211; Dark Knight\"}]},{\"@type\":\"WebSite\",\"@id\":\"https:\/\/www.alldayled.com\/de\/#website\",\"url\":\"https:\/\/www.alldayled.com\/de\/\",\"name\":\"All Day Led\",\"description\":\"Verlichting voor 12&amp;24 volt gebruik\",\"publisher\":{\"@id\":\"https:\/\/www.alldayled.com\/de\/#organization\"},\"potentialAction\":[{\"@type\":\"SearchAction\",\"target\":{\"@type\":\"EntryPoint\",\"urlTemplate\":\"https:\/\/www.alldayled.com\/de\/?s={search_term_string}\"},\"query-input\":{\"@type\":\"PropertyValueSpecification\",\"valueRequired\":true,\"valueName\":\"search_term_string\"}}],\"inLanguage\":\"de\"},{\"@type\":\"Organization\",\"@id\":\"https:\/\/www.alldayled.com\/de\/#organization\",\"name\":\"All Day Led\",\"url\":\"https:\/\/www.alldayled.com\/de\/\",\"logo\":{\"@type\":\"ImageObject\",\"inLanguage\":\"de\",\"@id\":\"https:\/\/www.alldayled.com\/de\/#\/schema\/logo\/image\/\",\"url\":\"https:\/\/www.alldayled.com\/wp-content\/uploads\/2025\/10\/Logo-ALL-DAY-LED-800x800-zwart-witte-letters.png\",\"contentUrl\":\"https:\/\/www.alldayled.com\/wp-content\/uploads\/2025\/10\/Logo-ALL-DAY-LED-800x800-zwart-witte-letters.png\",\"width\":800,\"height\":800,\"caption\":\"All Day Led\"},\"image\":{\"@id\":\"https:\/\/www.alldayled.com\/de\/#\/schema\/logo\/image\/\"},\"sameAs\":[\"https:\/\/www.facebook.com\/alldayled\/\",\"https:\/\/www.instagram.com\/alldayled\/\"],\"vatID\":\"NL863960133B01\",\"taxID\":\"86416545\"}]}<\/script>\n<meta property=\"product:brand\" content=\"Strands\" \/>\n<meta property=\"product:price:amount\" content=\"85.00\" \/>\n<meta property=\"product:price:currency\" content=\"EUR\" \/>\n<meta property=\"og:availability\" content=\"instock\" \/>\n<meta property=\"product:availability\" content=\"instock\" \/>\n<meta property=\"product:retailer_item_id\" content=\"ADL800624\" \/>\n<meta property=\"product:condition\" content=\"new\" \/>\n<!-- \/ Yoast SEO Premium plugin. -->","yoast_head_json":{"title":"Strands Dark Knight R\u00fcckfahrleuchte rund - All Day Led - 12\/24V","description":"Strands Dark Knight R\u00fcckfahrleuchte rund - IZE LED R\u00fcckleuchte mit Nebelschlussleuchte mit dunklem Glas - Fahrzeugbeleuchtung - ECE R23 und R38 Pr\u00fcfzeichen - 12&24V","robots":{"index":"index","follow":"follow","max-snippet":"max-snippet:-1","max-image-preview":"max-image-preview:large","max-video-preview":"max-video-preview:-1"},"canonical":"https:\/\/www.alldayled.com\/de\/produkt\/strands-ize-led-mist-achteruitrijlicht-dark-knight\/","og_locale":"de_DE","og_type":"article","og_title":"Strands Dark Knight R\u00fcckfahrleuchte rund - All Day Led - 12\/24V","og_description":"Strands Dark Knight R\u00fcckfahrleuchte rund - IZE LED R\u00fcckleuchte mit Nebelschlussleuchte mit dunklem Glas - Fahrzeugbeleuchtung - ECE R23 und R38 Pr\u00fcfzeichen - 12&24V","og_url":"https:\/\/www.alldayled.com\/de\/produkt\/strands-ize-led-mist-achteruitrijlicht-dark-knight\/","og_site_name":"All Day Led","article_publisher":"https:\/\/www.facebook.com\/alldayled\/","article_modified_time":"2026-03-02T16:58:32+00:00","og_image":[{"url":"https:\/\/www.alldayled.com\/wp-content\/uploads\/2024\/03\/ADL800624-300x300.png","type":"","width":"","height":""}],"twitter_misc":{"Preis":"&euro;&nbsp;85,00","Verf\u00fcgbarkeit":"Auf Lager"},"schema":{"@context":"https:\/\/schema.org","@graph":[{"@type":"WebPage","@id":"https:\/\/www.alldayled.com\/de\/produkt\/strands-ize-led-mist-achteruitrijlicht-dark-knight\/","url":"https:\/\/www.alldayled.com\/de\/produkt\/strands-ize-led-mist-achteruitrijlicht-dark-knight\/","name":"Strands Dark Knight R\u00fcckfahrleuchte rund - All Day Led - 12\/24V","isPartOf":{"@id":"https:\/\/www.alldayled.com\/de\/#website"},"primaryImageOfPage":{"@id":"https:\/\/www.alldayled.com\/de\/produkt\/strands-ize-led-mist-achteruitrijlicht-dark-knight\/#primaryimage"},"image":{"@id":"https:\/\/www.alldayled.com\/de\/produkt\/strands-ize-led-mist-achteruitrijlicht-dark-knight\/#primaryimage"},"thumbnailUrl":"https:\/\/www.alldayled.com\/wp-content\/uploads\/2022\/12\/ADL80624.png","datePublished":"2022-12-06T12:40:18+00:00","dateModified":"2026-03-02T16:58:32+00:00","description":"Strands Dark Knight R\u00fcckfahrleuchte rund - IZE LED R\u00fcckleuchte mit Nebelschlussleuchte mit dunklem Glas - Fahrzeugbeleuchtung - ECE R23 und R38 Pr\u00fcfzeichen - 12&24V","breadcrumb":{"@id":"https:\/\/www.alldayled.com\/de\/produkt\/strands-ize-led-mist-achteruitrijlicht-dark-knight\/#breadcrumb"},"inLanguage":"de","potentialAction":[{"@type":"ReadAction","target":["https:\/\/www.alldayled.com\/de\/produkt\/strands-ize-led-mist-achteruitrijlicht-dark-knight\/"]}]},{"@type":"ImageObject","inLanguage":"de","@id":"https:\/\/www.alldayled.com\/de\/produkt\/strands-ize-led-mist-achteruitrijlicht-dark-knight\/#primaryimage","url":"https:\/\/www.alldayled.com\/wp-content\/uploads\/2022\/12\/ADL80624.png","contentUrl":"https:\/\/www.alldayled.com\/wp-content\/uploads\/2022\/12\/ADL80624.png","width":800,"height":600,"caption":"Strands IZE LED R\u00fcckfahrleuchte mit Nebelschlussleuchtenfunktion rund in Dark Knight Ausf\u00fchrung - LED Lampe f\u00fcr 12 &amp; 24 Volt Betrieb - EAN: 7323030187514"},{"@type":"BreadcrumbList","@id":"https:\/\/www.alldayled.com\/de\/produkt\/strands-ize-led-mist-achteruitrijlicht-dark-knight\/#breadcrumb","itemListElement":[{"@type":"ListItem","position":1,"name":"Home","item":"https:\/\/www.alldayled.com\/de\/"},{"@type":"ListItem","position":2,"name":"Shop","item":"https:\/\/www.alldayled.com\/de\/shop\/"},{"@type":"ListItem","position":3,"name":"Heckleuchten","item":"https:\/\/www.alldayled.com\/de\/produkt-kategorie\/rucklichter\/"},{"@type":"ListItem","position":4,"name":"R\u00fccklicht rund","item":"https:\/\/www.alldayled.com\/de\/produkt-kategorie\/rucklichter\/achterlicht-rond\/"},{"@type":"ListItem","position":5,"name":"Strands IZE LED Nebel &#8211; R\u00fcckfahrlicht &#8211; Dark Knight"}]},{"@type":"WebSite","@id":"https:\/\/www.alldayled.com\/de\/#website","url":"https:\/\/www.alldayled.com\/de\/","name":"All Day Led","description":"Verlichting voor 12&amp;24 volt gebruik","publisher":{"@id":"https:\/\/www.alldayled.com\/de\/#organization"},"potentialAction":[{"@type":"SearchAction","target":{"@type":"EntryPoint","urlTemplate":"https:\/\/www.alldayled.com\/de\/?s={search_term_string}"},"query-input":{"@type":"PropertyValueSpecification","valueRequired":true,"valueName":"search_term_string"}}],"inLanguage":"de"},{"@type":"Organization","@id":"https:\/\/www.alldayled.com\/de\/#organization","name":"All Day Led","url":"https:\/\/www.alldayled.com\/de\/","logo":{"@type":"ImageObject","inLanguage":"de","@id":"https:\/\/www.alldayled.com\/de\/#\/schema\/logo\/image\/","url":"https:\/\/www.alldayled.com\/wp-content\/uploads\/2025\/10\/Logo-ALL-DAY-LED-800x800-zwart-witte-letters.png","contentUrl":"https:\/\/www.alldayled.com\/wp-content\/uploads\/2025\/10\/Logo-ALL-DAY-LED-800x800-zwart-witte-letters.png","width":800,"height":800,"caption":"All Day Led"},"image":{"@id":"https:\/\/www.alldayled.com\/de\/#\/schema\/logo\/image\/"},"sameAs":["https:\/\/www.facebook.com\/alldayled\/","https:\/\/www.instagram.com\/alldayled\/"],"vatID":"NL863960133B01","taxID":"86416545"}]},"product_brand":"Strands","product_price_amount":"85.00","product_price_currency":"EUR","og_availability":"instock","product_availability":"instock","product_retailer_item_id":"ADL800624","product_condition":"new"},"_links":{"self":[{"href":"https:\/\/www.alldayled.com\/de\/wp-json\/wp\/v2\/product\/66535","targetHints":{"allow":["GET"]}}],"collection":[{"href":"https:\/\/www.alldayled.com\/de\/wp-json\/wp\/v2\/product"}],"about":[{"href":"https:\/\/www.alldayled.com\/de\/wp-json\/wp\/v2\/types\/product"}],"replies":[{"embeddable":true,"href":"https:\/\/www.alldayled.com\/de\/wp-json\/wp\/v2\/comments?post=66535"}],"wp:featuredmedia":[{"embeddable":true,"href":"https:\/\/www.alldayled.com\/de\/wp-json\/wp\/v2\/media\/23298"}],"wp:attachment":[{"href":"https:\/\/www.alldayled.com\/de\/wp-json\/wp\/v2\/media?parent=66535"}],"wp:term":[{"taxonomy":"product_brand","embeddable":true,"href":"https:\/\/www.alldayled.com\/de\/wp-json\/wp\/v2\/product_brand?post=66535"},{"taxonomy":"product_cat","embeddable":true,"href":"https:\/\/www.alldayled.com\/de\/wp-json\/wp\/v2\/product_cat?post=66535"},{"taxonomy":"product_tag","embeddable":true,"href":"https:\/\/www.alldayled.com\/de\/wp-json\/wp\/v2\/product_tag?post=66535"}],"curies":[{"name":"wp","href":"https:\/\/api.w.org\/{rel}","templated":true}]}}