{"id":66538,"date":"2022-12-06T13:40:11","date_gmt":"2022-12-06T12:40:11","guid":{"rendered":"https:\/\/www.alldayled.com\/product\/strands-ize-led-achterlicht-links-dark-knight\/"},"modified":"2022-12-06T13:40:11","modified_gmt":"2022-12-06T12:40:11","slug":"strands-ize-led-achterlicht-links-dark-knight","status":"publish","type":"product","link":"https:\/\/www.alldayled.com\/de\/produkt\/strands-ize-led-achterlicht-links-dark-knight\/","title":{"rendered":"Strands IZE LED R\u00fccklicht LINKS &#8211; Dark Knight"},"content":{"rendered":"<p><span style=\"color: #000000;\"><strong>Strands IZE LED R\u00fccklicht links mit dynamischem Blinker in Dark Knight Ausf\u00fchrung, f\u00fcr 12 und 24 Volt Betrieb. <\/strong><\/span><\/p>\n<p><span style=\"color: #000000;\">Sind Sie auf der Suche nach einem runden LED-R\u00fccklicht, wollen aber nicht die normale Ausf\u00fchrung? Dann ist diese LED-Lampe der Marke Strands vielleicht die Lampe, die Sie suchen. Das Strands Dark Knight LED-R\u00fccklicht links ist mit 96 LEDs ausgestattet und hat standardm\u00e4\u00dfig ein dunkles Lampenglas. Durch die Anzahl der LEDs sind Sie sicher, dass Sie sowohl tags\u00fcber als auch abends gut sichtbar sind. Das Strands IZE LED-R\u00fccklicht links ist f\u00fcr 12 und 24 Volt geeignet. Das bedeutet, dass Sie das LED-R\u00fccklicht beispielsweise an Ihrem Auto, LKW, Traktor, Wohnmobil oder einer anderen Art von Fahrzeug verwenden k\u00f6nnen.      <\/span><\/p>\n<p><span style=\"color: #000000;\">Um sicherzustellen, dass das R\u00fccklicht mit dynamischem Blinker f\u00fcr Ihr Fahrzeug oder Ihren Anh\u00e4nger geeignet ist, haben wir unten eine Reihe von Spezifikationen aufgef\u00fchrt. All dies, um deutlich zu machen, warum dies vielleicht die LED-Lampe ist, nach der Sie suchen. Das LED-R\u00fccklicht von Strands ist unter anderem mit dem ECE R10-Pr\u00fcfzeichen versehen. Dieses Pr\u00fcfzeichen bedeutet, dass die Lampe w\u00e4hrend der Aktivierung keine St\u00f6rungen verursacht, beispielsweise auf dem Funksignal. Auch ist das R\u00fccklicht mit dem ECE R6, R7 und R48 Typ D Pr\u00fcfzeichen versehen. Die Pr\u00fcfzeichen geben an, dass die LED-Lampe als R\u00fccklicht, Bremslicht und Blinker verwendet werden darf. Um das Ganze abzurunden, wird das Strands Dark Knight LED-R\u00fccklicht links mit einem 2,5 Meter langen Kabel geliefert. Um Sie davon zu \u00fcberzeugen, dass dies vielleicht die Lampe ist, die Sie suchen, k\u00f6nnen Sie <a style=\"color: #000000;\" href=\"https:\/\/youtu.be\/ZSEVj38ruvg\">hier<\/a> das Einf\u00fchrungsvideo von Strands ansehen.         <\/span><\/p>\n<h5><span style=\"color: #000000;\"><strong>Abmessungen:<\/strong><\/span><\/h5>\n<p><span style=\"color: #000000;\">Um sicherzustellen, dass Sie die runde LED-Lampe dort montieren k\u00f6nnen, wo Sie m\u00f6chten, haben wir unten die Abmessungen notiert. Die Abmessungen des Strands Dark Knight LED-R\u00fccklichts links sind wie folgt: <\/span><\/p>\n<ul>\n<li><span style=\"color: #000000;\">Durchmesser Geh\u00e4use: 162,3 mm<\/span><\/li>\n<li><span style=\"color: #000000;\">Durchmesser Lampe: 155 mm <\/span><\/li>\n<li><span style=\"color: #000000;\">Einbautiefe: 44 mm<\/span><\/li>\n<\/ul>\n<h5><span style=\"color: #000000;\"><strong>Andere Modelle:<\/strong><\/span><\/h5>\n<p><span style=\"color: #000000;\">M\u00f6chten Sie ein rundes LED-R\u00fccklicht der Marke Strands kaufen? Aber ist das Strands Dark Knight LED-R\u00fccklicht links nicht das, was Sie suchen? Dann wissen Sie, dass die runde LED-Lampe von Strands auch in den folgenden Ausf\u00fchrungen erh\u00e4ltlich ist:  <\/span><\/p>\n<ul>\n<li><span style=\"color: #000000;\"><a style=\"color: #000000;\" href=\"https:\/\/www.alldayled.com\/de\/produkt\/strands-ize-led-mist-achteruitrijlicht-dark-knight\/\"><strong>IZE LED Nebel-\/R\u00fcckfahrleuchte<\/strong><\/a><\/span><\/li>\n<li><span style=\"color: #000000;\"><a style=\"color: #000000;\" href=\"https:\/\/www.alldayled.com\/de\/produkt\/strands-ize-led-achterlicht-rechts-dark-knight\/\"><strong>IZE LED R\u00fccklicht rechts<\/strong><\/a><\/span><\/li>\n<li><span style=\"color: #000000;\"><a style=\"color: #000000;\" href=\"https:\/\/www.alldayled.com\/de\/produkt\/strands-ize-led-rubber-pakking-rond\/\"><strong>IZE LED Gummidichtung<\/strong><\/a><\/span><\/li>\n<\/ul>\n<p><span style=\"color: #000000;\">Sind Sie dennoch der Meinung, dass das Strands Dark Knight R\u00fccklicht links nicht das ist, wonach Sie suchen? Einfach, weil die Lichtleistung, Wattzahl oder Form nicht Ihren W\u00fcnschen entspricht? Dann sehen Sie sich hier das komplette Angebot von <a style=\"color: #000000;\" href=\"https:\/\/www.alldayled.com\/de\/marke\/product-strands-lighting-division\/\" target=\"_blank\" rel=\"noopener\">Strands<\/a> an.  <\/span><\/p>\n","protected":false},"excerpt":{"rendered":"<p>IZE LED Dark Knight R\u00fccklicht links mit Stadt-, Brems- und Blinklichtfunktion.<\/p>\n","protected":false},"featured_media":23193,"comment_status":"open","ping_status":"closed","template":"","meta":{"_acf_changed":false},"product_brand":[5114],"product_cat":[5192,5363],"product_tag":[9220,9375,9348,9064,9065,9160],"class_list":{"0":"post-66538","1":"product","2":"type-product","3":"status-publish","4":"has-post-thumbnail","6":"product_brand-product-strands-lighting-division","7":"product_cat-achterlicht-rond","8":"product_cat-strands-dark-knight","9":"product_tag-blinker","10":"product_tag-dynamisches-led-rucklicht","11":"product_tag-ize-led","12":"product_tag-strands-led-beleuchtung","13":"product_tag-strands-lighting-division","14":"product_tag-truckstyling","16":"first","17":"instock","18":"taxable","19":"shipping-taxable","20":"purchasable","21":"product-type-simple"},"acf":[],"yoast_head":"<!-- This site is optimized with the Yoast SEO Premium plugin v26.5 (Yoast SEO v27.1.1) - https:\/\/yoast.com\/product\/yoast-seo-premium-wordpress\/ -->\n<title>Strands Dark Knight R\u00fccklicht links - All Day Led - f\u00fcr 12\/24V<\/title>\n<meta name=\"description\" content=\"Strands Dark Knight R\u00fccklicht links - IZE LED Beleuchtung - mit dynamischem Blinker - LED Fahrzeugbeleuchtung - ECE R6 \/ R7 Pr\u00fcfzeichen - 12&amp;24 Volt\" \/>\n<meta name=\"robots\" content=\"index, follow, max-snippet:-1, max-image-preview:large, max-video-preview:-1\" \/>\n<link rel=\"canonical\" href=\"https:\/\/www.alldayled.com\/de\/produkt\/strands-ize-led-achterlicht-links-dark-knight\/\" \/>\n<meta property=\"og:locale\" content=\"de_DE\" \/>\n<meta property=\"og:type\" content=\"article\" \/>\n<meta property=\"og:title\" content=\"Strands Dark Knight R\u00fccklicht links - All Day Led - f\u00fcr 12\/24V\" \/>\n<meta property=\"og:description\" content=\"Strands Dark Knight R\u00fccklicht links - IZE LED Beleuchtung - mit dynamischem Blinker - LED Fahrzeugbeleuchtung - ECE R6 \/ R7 Pr\u00fcfzeichen - 12&amp;24 Volt\" \/>\n<meta property=\"og:url\" content=\"https:\/\/www.alldayled.com\/de\/produkt\/strands-ize-led-achterlicht-links-dark-knight\/\" \/>\n<meta property=\"og:site_name\" content=\"All Day Led\" \/>\n<meta property=\"article:publisher\" content=\"https:\/\/www.facebook.com\/alldayled\/\" \/>\n<meta property=\"og:image\" content=\"https:\/\/www.alldayled.com\/wp-content\/uploads\/2024\/03\/ADL800621-300x300.png\" \/>\n<meta name=\"twitter:label1\" content=\"Preis\" \/>\n\t<meta name=\"twitter:data1\" content=\"&euro;&nbsp;95,00\" \/>\n\t<meta name=\"twitter:label2\" content=\"Verf\u00fcgbarkeit\" \/>\n\t<meta name=\"twitter:data2\" content=\"Auf Lager\" \/>\n<script type=\"application\/ld+json\" class=\"yoast-schema-graph\">{\"@context\":\"https:\/\/schema.org\",\"@graph\":[{\"@type\":\"WebPage\",\"@id\":\"https:\/\/www.alldayled.com\/de\/produkt\/strands-ize-led-achterlicht-links-dark-knight\/\",\"url\":\"https:\/\/www.alldayled.com\/de\/produkt\/strands-ize-led-achterlicht-links-dark-knight\/\",\"name\":\"Strands Dark Knight R\u00fccklicht links - All Day Led - f\u00fcr 12\/24V\",\"isPartOf\":{\"@id\":\"https:\/\/www.alldayled.com\/de\/#website\"},\"primaryImageOfPage\":{\"@id\":\"https:\/\/www.alldayled.com\/de\/produkt\/strands-ize-led-achterlicht-links-dark-knight\/#primaryimage\"},\"image\":{\"@id\":\"https:\/\/www.alldayled.com\/de\/produkt\/strands-ize-led-achterlicht-links-dark-knight\/#primaryimage\"},\"thumbnailUrl\":\"https:\/\/www.alldayled.com\/wp-content\/uploads\/2022\/12\/ADL80621.png\",\"datePublished\":\"2022-12-06T12:40:11+00:00\",\"description\":\"Strands Dark Knight R\u00fccklicht links - IZE LED Beleuchtung - mit dynamischem Blinker - LED Fahrzeugbeleuchtung - ECE R6 \/ R7 Pr\u00fcfzeichen - 12&24 Volt\",\"breadcrumb\":{\"@id\":\"https:\/\/www.alldayled.com\/de\/produkt\/strands-ize-led-achterlicht-links-dark-knight\/#breadcrumb\"},\"inLanguage\":\"de\",\"potentialAction\":[{\"@type\":\"ReadAction\",\"target\":[\"https:\/\/www.alldayled.com\/de\/produkt\/strands-ize-led-achterlicht-links-dark-knight\/\"]}]},{\"@type\":\"ImageObject\",\"inLanguage\":\"de\",\"@id\":\"https:\/\/www.alldayled.com\/de\/produkt\/strands-ize-led-achterlicht-links-dark-knight\/#primaryimage\",\"url\":\"https:\/\/www.alldayled.com\/wp-content\/uploads\/2022\/12\/ADL80621.png\",\"contentUrl\":\"https:\/\/www.alldayled.com\/wp-content\/uploads\/2022\/12\/ADL80621.png\",\"width\":800,\"height\":600,\"caption\":\"Strands IZE LED R\u00fccklicht LINKS in Dark Knight Ausf\u00fchrung - LED Lampe f\u00fcr 12 &amp; 24 Volt Betrieb - EAN: 7323030187484\"},{\"@type\":\"BreadcrumbList\",\"@id\":\"https:\/\/www.alldayled.com\/de\/produkt\/strands-ize-led-achterlicht-links-dark-knight\/#breadcrumb\",\"itemListElement\":[{\"@type\":\"ListItem\",\"position\":1,\"name\":\"Home\",\"item\":\"https:\/\/www.alldayled.com\/de\/\"},{\"@type\":\"ListItem\",\"position\":2,\"name\":\"Shop\",\"item\":\"https:\/\/www.alldayled.com\/de\/shop\/\"},{\"@type\":\"ListItem\",\"position\":3,\"name\":\"Heckleuchten\",\"item\":\"https:\/\/www.alldayled.com\/de\/produkt-kategorie\/rucklichter\/\"},{\"@type\":\"ListItem\",\"position\":4,\"name\":\"R\u00fccklicht rund\",\"item\":\"https:\/\/www.alldayled.com\/de\/produkt-kategorie\/rucklichter\/achterlicht-rond\/\"},{\"@type\":\"ListItem\",\"position\":5,\"name\":\"Strands IZE LED R\u00fccklicht LINKS &#8211; Dark Knight\"}]},{\"@type\":\"WebSite\",\"@id\":\"https:\/\/www.alldayled.com\/de\/#website\",\"url\":\"https:\/\/www.alldayled.com\/de\/\",\"name\":\"All Day Led\",\"description\":\"Verlichting voor 12&amp;24 volt gebruik\",\"publisher\":{\"@id\":\"https:\/\/www.alldayled.com\/de\/#organization\"},\"potentialAction\":[{\"@type\":\"SearchAction\",\"target\":{\"@type\":\"EntryPoint\",\"urlTemplate\":\"https:\/\/www.alldayled.com\/de\/?s={search_term_string}\"},\"query-input\":{\"@type\":\"PropertyValueSpecification\",\"valueRequired\":true,\"valueName\":\"search_term_string\"}}],\"inLanguage\":\"de\"},{\"@type\":\"Organization\",\"@id\":\"https:\/\/www.alldayled.com\/de\/#organization\",\"name\":\"All Day Led\",\"url\":\"https:\/\/www.alldayled.com\/de\/\",\"logo\":{\"@type\":\"ImageObject\",\"inLanguage\":\"de\",\"@id\":\"https:\/\/www.alldayled.com\/de\/#\/schema\/logo\/image\/\",\"url\":\"https:\/\/www.alldayled.com\/wp-content\/uploads\/2025\/10\/Logo-ALL-DAY-LED-800x800-zwart-witte-letters.png\",\"contentUrl\":\"https:\/\/www.alldayled.com\/wp-content\/uploads\/2025\/10\/Logo-ALL-DAY-LED-800x800-zwart-witte-letters.png\",\"width\":800,\"height\":800,\"caption\":\"All Day Led\"},\"image\":{\"@id\":\"https:\/\/www.alldayled.com\/de\/#\/schema\/logo\/image\/\"},\"sameAs\":[\"https:\/\/www.facebook.com\/alldayled\/\",\"https:\/\/www.instagram.com\/alldayled\/\"],\"vatID\":\"NL863960133B01\",\"taxID\":\"86416545\"}]}<\/script>\n<meta property=\"product:brand\" content=\"Strands\" \/>\n<meta property=\"product:price:amount\" content=\"95.00\" \/>\n<meta property=\"product:price:currency\" content=\"EUR\" \/>\n<meta property=\"og:availability\" content=\"instock\" \/>\n<meta property=\"product:availability\" content=\"instock\" \/>\n<meta property=\"product:retailer_item_id\" content=\"ADL800621\" \/>\n<meta property=\"product:condition\" content=\"new\" \/>\n<!-- \/ Yoast SEO Premium plugin. -->","yoast_head_json":{"title":"Strands Dark Knight R\u00fccklicht links - All Day Led - f\u00fcr 12\/24V","description":"Strands Dark Knight R\u00fccklicht links - IZE LED Beleuchtung - mit dynamischem Blinker - LED Fahrzeugbeleuchtung - ECE R6 \/ R7 Pr\u00fcfzeichen - 12&24 Volt","robots":{"index":"index","follow":"follow","max-snippet":"max-snippet:-1","max-image-preview":"max-image-preview:large","max-video-preview":"max-video-preview:-1"},"canonical":"https:\/\/www.alldayled.com\/de\/produkt\/strands-ize-led-achterlicht-links-dark-knight\/","og_locale":"de_DE","og_type":"article","og_title":"Strands Dark Knight R\u00fccklicht links - All Day Led - f\u00fcr 12\/24V","og_description":"Strands Dark Knight R\u00fccklicht links - IZE LED Beleuchtung - mit dynamischem Blinker - LED Fahrzeugbeleuchtung - ECE R6 \/ R7 Pr\u00fcfzeichen - 12&24 Volt","og_url":"https:\/\/www.alldayled.com\/de\/produkt\/strands-ize-led-achterlicht-links-dark-knight\/","og_site_name":"All Day Led","article_publisher":"https:\/\/www.facebook.com\/alldayled\/","og_image":[{"url":"https:\/\/www.alldayled.com\/wp-content\/uploads\/2024\/03\/ADL800621-300x300.png","type":"","width":"","height":""}],"twitter_misc":{"Preis":"&euro;&nbsp;95,00","Verf\u00fcgbarkeit":"Auf Lager"},"schema":{"@context":"https:\/\/schema.org","@graph":[{"@type":"WebPage","@id":"https:\/\/www.alldayled.com\/de\/produkt\/strands-ize-led-achterlicht-links-dark-knight\/","url":"https:\/\/www.alldayled.com\/de\/produkt\/strands-ize-led-achterlicht-links-dark-knight\/","name":"Strands Dark Knight R\u00fccklicht links - All Day Led - f\u00fcr 12\/24V","isPartOf":{"@id":"https:\/\/www.alldayled.com\/de\/#website"},"primaryImageOfPage":{"@id":"https:\/\/www.alldayled.com\/de\/produkt\/strands-ize-led-achterlicht-links-dark-knight\/#primaryimage"},"image":{"@id":"https:\/\/www.alldayled.com\/de\/produkt\/strands-ize-led-achterlicht-links-dark-knight\/#primaryimage"},"thumbnailUrl":"https:\/\/www.alldayled.com\/wp-content\/uploads\/2022\/12\/ADL80621.png","datePublished":"2022-12-06T12:40:11+00:00","description":"Strands Dark Knight R\u00fccklicht links - IZE LED Beleuchtung - mit dynamischem Blinker - LED Fahrzeugbeleuchtung - ECE R6 \/ R7 Pr\u00fcfzeichen - 12&24 Volt","breadcrumb":{"@id":"https:\/\/www.alldayled.com\/de\/produkt\/strands-ize-led-achterlicht-links-dark-knight\/#breadcrumb"},"inLanguage":"de","potentialAction":[{"@type":"ReadAction","target":["https:\/\/www.alldayled.com\/de\/produkt\/strands-ize-led-achterlicht-links-dark-knight\/"]}]},{"@type":"ImageObject","inLanguage":"de","@id":"https:\/\/www.alldayled.com\/de\/produkt\/strands-ize-led-achterlicht-links-dark-knight\/#primaryimage","url":"https:\/\/www.alldayled.com\/wp-content\/uploads\/2022\/12\/ADL80621.png","contentUrl":"https:\/\/www.alldayled.com\/wp-content\/uploads\/2022\/12\/ADL80621.png","width":800,"height":600,"caption":"Strands IZE LED R\u00fccklicht LINKS in Dark Knight Ausf\u00fchrung - LED Lampe f\u00fcr 12 &amp; 24 Volt Betrieb - EAN: 7323030187484"},{"@type":"BreadcrumbList","@id":"https:\/\/www.alldayled.com\/de\/produkt\/strands-ize-led-achterlicht-links-dark-knight\/#breadcrumb","itemListElement":[{"@type":"ListItem","position":1,"name":"Home","item":"https:\/\/www.alldayled.com\/de\/"},{"@type":"ListItem","position":2,"name":"Shop","item":"https:\/\/www.alldayled.com\/de\/shop\/"},{"@type":"ListItem","position":3,"name":"Heckleuchten","item":"https:\/\/www.alldayled.com\/de\/produkt-kategorie\/rucklichter\/"},{"@type":"ListItem","position":4,"name":"R\u00fccklicht rund","item":"https:\/\/www.alldayled.com\/de\/produkt-kategorie\/rucklichter\/achterlicht-rond\/"},{"@type":"ListItem","position":5,"name":"Strands IZE LED R\u00fccklicht LINKS &#8211; Dark Knight"}]},{"@type":"WebSite","@id":"https:\/\/www.alldayled.com\/de\/#website","url":"https:\/\/www.alldayled.com\/de\/","name":"All Day Led","description":"Verlichting voor 12&amp;24 volt gebruik","publisher":{"@id":"https:\/\/www.alldayled.com\/de\/#organization"},"potentialAction":[{"@type":"SearchAction","target":{"@type":"EntryPoint","urlTemplate":"https:\/\/www.alldayled.com\/de\/?s={search_term_string}"},"query-input":{"@type":"PropertyValueSpecification","valueRequired":true,"valueName":"search_term_string"}}],"inLanguage":"de"},{"@type":"Organization","@id":"https:\/\/www.alldayled.com\/de\/#organization","name":"All Day Led","url":"https:\/\/www.alldayled.com\/de\/","logo":{"@type":"ImageObject","inLanguage":"de","@id":"https:\/\/www.alldayled.com\/de\/#\/schema\/logo\/image\/","url":"https:\/\/www.alldayled.com\/wp-content\/uploads\/2025\/10\/Logo-ALL-DAY-LED-800x800-zwart-witte-letters.png","contentUrl":"https:\/\/www.alldayled.com\/wp-content\/uploads\/2025\/10\/Logo-ALL-DAY-LED-800x800-zwart-witte-letters.png","width":800,"height":800,"caption":"All Day Led"},"image":{"@id":"https:\/\/www.alldayled.com\/de\/#\/schema\/logo\/image\/"},"sameAs":["https:\/\/www.facebook.com\/alldayled\/","https:\/\/www.instagram.com\/alldayled\/"],"vatID":"NL863960133B01","taxID":"86416545"}]},"product_brand":"Strands","product_price_amount":"95.00","product_price_currency":"EUR","og_availability":"instock","product_availability":"instock","product_retailer_item_id":"ADL800621","product_condition":"new"},"_links":{"self":[{"href":"https:\/\/www.alldayled.com\/de\/wp-json\/wp\/v2\/product\/66538","targetHints":{"allow":["GET"]}}],"collection":[{"href":"https:\/\/www.alldayled.com\/de\/wp-json\/wp\/v2\/product"}],"about":[{"href":"https:\/\/www.alldayled.com\/de\/wp-json\/wp\/v2\/types\/product"}],"replies":[{"embeddable":true,"href":"https:\/\/www.alldayled.com\/de\/wp-json\/wp\/v2\/comments?post=66538"}],"wp:featuredmedia":[{"embeddable":true,"href":"https:\/\/www.alldayled.com\/de\/wp-json\/wp\/v2\/media\/23193"}],"wp:attachment":[{"href":"https:\/\/www.alldayled.com\/de\/wp-json\/wp\/v2\/media?parent=66538"}],"wp:term":[{"taxonomy":"product_brand","embeddable":true,"href":"https:\/\/www.alldayled.com\/de\/wp-json\/wp\/v2\/product_brand?post=66538"},{"taxonomy":"product_cat","embeddable":true,"href":"https:\/\/www.alldayled.com\/de\/wp-json\/wp\/v2\/product_cat?post=66538"},{"taxonomy":"product_tag","embeddable":true,"href":"https:\/\/www.alldayled.com\/de\/wp-json\/wp\/v2\/product_tag?post=66538"}],"curies":[{"name":"wp","href":"https:\/\/api.w.org\/{rel}","templated":true}]}}