{"id":66547,"date":"2025-05-16T12:00:48","date_gmt":"2025-05-16T10:00:48","guid":{"rendered":"https:\/\/www.alldayled.com\/product\/strands-for9t-orbi-mist-achteruitrijlicht\/"},"modified":"2026-03-05T00:00:13","modified_gmt":"2026-03-04T23:00:13","slug":"strands-for9t-orbi-mist-achteruitrijlicht","status":"publish","type":"product","link":"https:\/\/www.alldayled.com\/de\/produkt\/strands-for9t-orbi-mist-achteruitrijlicht\/","title":{"rendered":"Strands FOR9T Orbi Nebel \u2013 R\u00fcckfahrlicht"},"content":{"rendered":"<p><span style=\"color: #000000;\"><strong>Strands FOR9T Orbi Nebel &#8211; R\u00fcckfahrlicht, f\u00fcr 12 &amp; 24 Volt.<\/strong><\/span><\/p>\n<p><span style=\"color: #000000;\">Bist du auf der Suche nach einem runden LED R\u00fccklicht, das nicht nur praktisch ist, sondern deinem Fahrzeug auch sofort ein modernes Aussehen verleiht? Dann ist das Strands FOR9T Orbi R\u00fcckfahrlicht genau das Richtige f\u00fcr dich. Diese Leuchte kombiniert n\u00e4mlich zwei Funktionen in einem: R\u00fcckfahrlicht und Nebelschlussleuchte. Dank der stilvollen dunklen Linse passt sie perfekt zum Rest der FOR9T-Serie und f\u00fcgt sich nahtlos in das Erscheinungsbild deines Fahrzeugs ein.    <\/span><\/p>\n<p><span style=\"color: #000000;\">Die FOR9T Orbi ist f\u00fcr 12 und 24 Volt geeignet und wird mit einem robusten 2,5 Meter langen Kabel geliefert. Dadurch kannst du die Leuchte schnell, einfach und flexibel an verschiedenen Fahrzeugen wie LKWs, Wohnmobilen, Autos oder Anh\u00e4ngern montieren. Zudem ist das R\u00fcckfahrlicht vollst\u00e4ndig ECE R148 zugelassen, wodurch du es offiziell als R\u00fcckfahr- und Nebelschlussleuchte verwenden darfst. Dar\u00fcber hinaus verf\u00fcgt die Leuchte \u00fcber eine IP67-Klassifizierung, was bedeutet, dass sie vollst\u00e4ndig staub- und wasserdicht ist. Dank der langlebigen Materialien, des intelligenten Designs und der robusten Konstruktion ist eine Leuchte garantiert, die nicht nur modern und stilvoll aussieht, sondern auch zuverl\u00e4ssig und langlebig ist, selbst bei intensivem Gebrauch und allen Wetterbedingungen. So kombinierst du Design, Sicherheit und Funktionalit\u00e4t in einer kompletten LED-L\u00f6sung.     <\/span><\/p>\n<h5><span style=\"color: #000000;\"><strong>Abmessungen:<\/strong><\/span><\/h5>\n<p><span style=\"color: #000000;\">Um sicherzustellen, dass das FOR9T Orbi R\u00fccklicht perfekt zu deinem Fahrzeug passt, haben wir dir unten die wichtigsten Eigenschaften \u00fcbersichtlich notiert. So wei\u00dft du sofort, ob dieses Modell f\u00fcr deine Anwendung geeignet ist. <\/span><\/p>\n<ul>\n<li><span style=\"color: #000000;\">Geh\u00e4usedurchmesser: 151 mm<\/span><\/li>\n<li><span style=\"color: #000000;\">Lampendurchmesser: 114 mm <\/span><\/li>\n<li><span style=\"color: #000000;\">Einbautiefe: 56 mm<\/span><\/li>\n<li><span style=\"color: #000000;\">Lochabstand: 130 mm<\/span><\/li>\n<\/ul>\n<h5><span style=\"color: #000000;\"><strong>Weitere Modelle:<\/strong><\/span><\/h5>\n<p><span style=\"color: #000000;\">M\u00f6chtest du ein rundes LED R\u00fccklicht, aber das Strands FOR9T Orbi R\u00fcckfahrlicht ist nicht ganz das, was du suchst? Keine Sorge! Innerhalb der Strands FOR9T-Serie sind mehrere Ausf\u00fchrungen erh\u00e4ltlich. So findest du immer eine Variante, die perfekt zu deinen W\u00fcnschen und deinem Fahrzeug passt. Hier unten listen wir die \u00fcbrigen Modelle f\u00fcr dich auf:    <\/span><\/p>\n<ul>\n<li><a href=\"https:\/\/www.alldayled.com\/de\/produkt\/strands-for9t-orbi-3-kamer-led-achterlicht\/\"><span style=\"color: #000000;\"><strong>FOR9T Orbi 3 kammer LED R\u00fccklicht<\/strong><\/span><\/a><\/li>\n<\/ul>\n<p><span style=\"color: #000000;\">Bist du dennoch der Meinung, dass das Strands FOR9T Orbi R\u00fcckfahrlicht nicht ganz das ist, was du suchst? Vielleicht passen Form, Lichtleistung oder Ausf\u00fchrung nicht perfekt zu deinen W\u00fcnschen. Kein Problem! Die Strands FOR9T-Serie besteht aus mehreren Modellen und Varianten, sodass immer eine Leuchte dabei ist, die zu deinem Fahrzeug passt. Entdecke hier das komplette Angebot der <a style=\"color: #000000;\" href=\"https:\/\/www.alldayled.com\/nl\/product-categorie\/strands-for9t\/\">FOR9T-Serie<\/a> und finde genau die Leuchte, die deinem LKW, Wohnmobil oder Anh\u00e4nger das Aussehen und die Funktionalit\u00e4t verleiht, die du suchst.    <\/span><\/p>\n","protected":false},"excerpt":{"rendered":"<p>Strands FOR9T Orbi R\u00fccklicht mit Nebelschlussleuchte und R\u00fcckfahrlicht, geeignet f\u00fcr 12 und 24 Volt.<\/p>\n","protected":false},"featured_media":36696,"comment_status":"open","ping_status":"closed","template":"","meta":{"_acf_changed":false},"product_brand":[5114],"product_cat":[5192,5361],"product_tag":[9219,9064,9065,9160],"class_list":{"0":"post-66547","1":"product","2":"type-product","3":"status-publish","4":"has-post-thumbnail","6":"product_brand-product-strands-lighting-division","7":"product_cat-achterlicht-rond","8":"product_cat-strands-for9t","9":"product_tag-led-rucklicht","10":"product_tag-strands-led-beleuchtung","11":"product_tag-strands-lighting-division","12":"product_tag-truckstyling","14":"first","15":"instock","16":"taxable","17":"shipping-taxable","18":"purchasable","19":"product-type-simple"},"acf":[],"yoast_head":"<!-- This site is optimized with the Yoast SEO Premium plugin v26.5 (Yoast SEO v27.1.1) - https:\/\/yoast.com\/product\/yoast-seo-premium-wordpress\/ -->\n<title>Strands FOR9T Orbi R\u00fcckfahrlicht - Nebelschlussleuchte - All Day Led - 12&amp;24V<\/title>\n<meta name=\"description\" content=\"Strands FOR9T Orbi R\u00fcckfahrlicht mit Nebelschlussleuchtenfunktion - f\u00fcr Auto, LKW und mehr - sofort lieferbar - rundes LED R\u00fccklicht - 12&amp;24V\" \/>\n<meta name=\"robots\" content=\"index, follow, max-snippet:-1, max-image-preview:large, max-video-preview:-1\" \/>\n<link rel=\"canonical\" href=\"https:\/\/www.alldayled.com\/de\/produkt\/strands-for9t-orbi-mist-achteruitrijlicht\/\" \/>\n<meta property=\"og:locale\" content=\"de_DE\" \/>\n<meta property=\"og:type\" content=\"article\" \/>\n<meta property=\"og:title\" content=\"Strands FOR9T Orbi R\u00fcckfahrlicht - Nebelschlussleuchte - All Day Led - 12&amp;24V\" \/>\n<meta property=\"og:description\" content=\"Strands FOR9T Orbi R\u00fcckfahrlicht mit Nebelschlussleuchtenfunktion - f\u00fcr Auto, LKW und mehr - sofort lieferbar - rundes LED R\u00fccklicht - 12&amp;24V\" \/>\n<meta property=\"og:url\" content=\"https:\/\/www.alldayled.com\/de\/produkt\/strands-for9t-orbi-mist-achteruitrijlicht\/\" \/>\n<meta property=\"og:site_name\" content=\"All Day Led\" \/>\n<meta property=\"article:publisher\" content=\"https:\/\/www.facebook.com\/alldayled\/\" \/>\n<meta property=\"article:modified_time\" content=\"2026-03-04T23:00:13+00:00\" \/>\n<meta property=\"og:image\" content=\"https:\/\/www.alldayled.com\/wp-content\/uploads\/2025\/08\/ADL800652-SM-300x300.png\" \/>\n<meta name=\"twitter:label1\" content=\"Preis\" \/>\n\t<meta name=\"twitter:data1\" content=\"&euro;&nbsp;79,00\" \/>\n\t<meta name=\"twitter:label2\" content=\"Verf\u00fcgbarkeit\" \/>\n\t<meta name=\"twitter:data2\" content=\"Auf Lager\" \/>\n<script type=\"application\/ld+json\" class=\"yoast-schema-graph\">{\"@context\":\"https:\/\/schema.org\",\"@graph\":[{\"@type\":\"WebPage\",\"@id\":\"https:\/\/www.alldayled.com\/de\/produkt\/strands-for9t-orbi-mist-achteruitrijlicht\/\",\"url\":\"https:\/\/www.alldayled.com\/de\/produkt\/strands-for9t-orbi-mist-achteruitrijlicht\/\",\"name\":\"Strands FOR9T Orbi R\u00fcckfahrlicht - Nebelschlussleuchte - All Day Led - 12&24V\",\"isPartOf\":{\"@id\":\"https:\/\/www.alldayled.com\/de\/#website\"},\"primaryImageOfPage\":{\"@id\":\"https:\/\/www.alldayled.com\/de\/produkt\/strands-for9t-orbi-mist-achteruitrijlicht\/#primaryimage\"},\"image\":{\"@id\":\"https:\/\/www.alldayled.com\/de\/produkt\/strands-for9t-orbi-mist-achteruitrijlicht\/#primaryimage\"},\"thumbnailUrl\":\"https:\/\/www.alldayled.com\/wp-content\/uploads\/2025\/08\/ADL800652.png\",\"datePublished\":\"2025-05-16T10:00:48+00:00\",\"dateModified\":\"2026-03-04T23:00:13+00:00\",\"description\":\"Strands FOR9T Orbi R\u00fcckfahrlicht mit Nebelschlussleuchtenfunktion - f\u00fcr Auto, LKW und mehr - sofort lieferbar - rundes LED R\u00fccklicht - 12&24V\",\"breadcrumb\":{\"@id\":\"https:\/\/www.alldayled.com\/de\/produkt\/strands-for9t-orbi-mist-achteruitrijlicht\/#breadcrumb\"},\"inLanguage\":\"de\",\"potentialAction\":[{\"@type\":\"ReadAction\",\"target\":[\"https:\/\/www.alldayled.com\/de\/produkt\/strands-for9t-orbi-mist-achteruitrijlicht\/\"]}]},{\"@type\":\"ImageObject\",\"inLanguage\":\"de\",\"@id\":\"https:\/\/www.alldayled.com\/de\/produkt\/strands-for9t-orbi-mist-achteruitrijlicht\/#primaryimage\",\"url\":\"https:\/\/www.alldayled.com\/wp-content\/uploads\/2025\/08\/ADL800652.png\",\"contentUrl\":\"https:\/\/www.alldayled.com\/wp-content\/uploads\/2025\/08\/ADL800652.png\",\"width\":800,\"height\":600,\"caption\":\"Strands FOR9T Orbi Nebel - R\u00fcckfahrlicht - ECE R148 - 800652 - 3 kammer LED R\u00fccklicht - geeignet f\u00fcr 12&amp;24V - IP67\"},{\"@type\":\"BreadcrumbList\",\"@id\":\"https:\/\/www.alldayled.com\/de\/produkt\/strands-for9t-orbi-mist-achteruitrijlicht\/#breadcrumb\",\"itemListElement\":[{\"@type\":\"ListItem\",\"position\":1,\"name\":\"Home\",\"item\":\"https:\/\/www.alldayled.com\/de\/\"},{\"@type\":\"ListItem\",\"position\":2,\"name\":\"Shop\",\"item\":\"https:\/\/www.alldayled.com\/de\/shop\/\"},{\"@type\":\"ListItem\",\"position\":3,\"name\":\"Heckleuchten\",\"item\":\"https:\/\/www.alldayled.com\/de\/produkt-kategorie\/rucklichter\/\"},{\"@type\":\"ListItem\",\"position\":4,\"name\":\"R\u00fccklicht rund\",\"item\":\"https:\/\/www.alldayled.com\/de\/produkt-kategorie\/rucklichter\/achterlicht-rond\/\"},{\"@type\":\"ListItem\",\"position\":5,\"name\":\"Strands FOR9T Orbi Nebel \u2013 R\u00fcckfahrlicht\"}]},{\"@type\":\"WebSite\",\"@id\":\"https:\/\/www.alldayled.com\/de\/#website\",\"url\":\"https:\/\/www.alldayled.com\/de\/\",\"name\":\"All Day Led\",\"description\":\"Verlichting voor 12&amp;24 volt gebruik\",\"publisher\":{\"@id\":\"https:\/\/www.alldayled.com\/de\/#organization\"},\"potentialAction\":[{\"@type\":\"SearchAction\",\"target\":{\"@type\":\"EntryPoint\",\"urlTemplate\":\"https:\/\/www.alldayled.com\/de\/?s={search_term_string}\"},\"query-input\":{\"@type\":\"PropertyValueSpecification\",\"valueRequired\":true,\"valueName\":\"search_term_string\"}}],\"inLanguage\":\"de\"},{\"@type\":\"Organization\",\"@id\":\"https:\/\/www.alldayled.com\/de\/#organization\",\"name\":\"All Day Led\",\"url\":\"https:\/\/www.alldayled.com\/de\/\",\"logo\":{\"@type\":\"ImageObject\",\"inLanguage\":\"de\",\"@id\":\"https:\/\/www.alldayled.com\/de\/#\/schema\/logo\/image\/\",\"url\":\"https:\/\/www.alldayled.com\/wp-content\/uploads\/2025\/10\/Logo-ALL-DAY-LED-800x800-zwart-witte-letters.png\",\"contentUrl\":\"https:\/\/www.alldayled.com\/wp-content\/uploads\/2025\/10\/Logo-ALL-DAY-LED-800x800-zwart-witte-letters.png\",\"width\":800,\"height\":800,\"caption\":\"All Day Led\"},\"image\":{\"@id\":\"https:\/\/www.alldayled.com\/de\/#\/schema\/logo\/image\/\"},\"sameAs\":[\"https:\/\/www.facebook.com\/alldayled\/\",\"https:\/\/www.instagram.com\/alldayled\/\"],\"vatID\":\"NL863960133B01\",\"taxID\":\"86416545\"}]}<\/script>\n<meta property=\"product:brand\" content=\"Strands\" \/>\n<meta property=\"product:price:amount\" content=\"79.00\" \/>\n<meta property=\"product:price:currency\" content=\"EUR\" \/>\n<meta property=\"og:availability\" content=\"instock\" \/>\n<meta property=\"product:availability\" content=\"instock\" \/>\n<meta property=\"product:retailer_item_id\" content=\"ADL800652\" \/>\n<meta property=\"product:condition\" content=\"new\" \/>\n<!-- \/ Yoast SEO Premium plugin. -->","yoast_head_json":{"title":"Strands FOR9T Orbi R\u00fcckfahrlicht - Nebelschlussleuchte - All Day Led - 12&24V","description":"Strands FOR9T Orbi R\u00fcckfahrlicht mit Nebelschlussleuchtenfunktion - f\u00fcr Auto, LKW und mehr - sofort lieferbar - rundes LED R\u00fccklicht - 12&24V","robots":{"index":"index","follow":"follow","max-snippet":"max-snippet:-1","max-image-preview":"max-image-preview:large","max-video-preview":"max-video-preview:-1"},"canonical":"https:\/\/www.alldayled.com\/de\/produkt\/strands-for9t-orbi-mist-achteruitrijlicht\/","og_locale":"de_DE","og_type":"article","og_title":"Strands FOR9T Orbi R\u00fcckfahrlicht - Nebelschlussleuchte - All Day Led - 12&24V","og_description":"Strands FOR9T Orbi R\u00fcckfahrlicht mit Nebelschlussleuchtenfunktion - f\u00fcr Auto, LKW und mehr - sofort lieferbar - rundes LED R\u00fccklicht - 12&24V","og_url":"https:\/\/www.alldayled.com\/de\/produkt\/strands-for9t-orbi-mist-achteruitrijlicht\/","og_site_name":"All Day Led","article_publisher":"https:\/\/www.facebook.com\/alldayled\/","article_modified_time":"2026-03-04T23:00:13+00:00","og_image":[{"url":"https:\/\/www.alldayled.com\/wp-content\/uploads\/2025\/08\/ADL800652-SM-300x300.png","type":"","width":"","height":""}],"twitter_misc":{"Preis":"&euro;&nbsp;79,00","Verf\u00fcgbarkeit":"Auf Lager"},"schema":{"@context":"https:\/\/schema.org","@graph":[{"@type":"WebPage","@id":"https:\/\/www.alldayled.com\/de\/produkt\/strands-for9t-orbi-mist-achteruitrijlicht\/","url":"https:\/\/www.alldayled.com\/de\/produkt\/strands-for9t-orbi-mist-achteruitrijlicht\/","name":"Strands FOR9T Orbi R\u00fcckfahrlicht - Nebelschlussleuchte - All Day Led - 12&24V","isPartOf":{"@id":"https:\/\/www.alldayled.com\/de\/#website"},"primaryImageOfPage":{"@id":"https:\/\/www.alldayled.com\/de\/produkt\/strands-for9t-orbi-mist-achteruitrijlicht\/#primaryimage"},"image":{"@id":"https:\/\/www.alldayled.com\/de\/produkt\/strands-for9t-orbi-mist-achteruitrijlicht\/#primaryimage"},"thumbnailUrl":"https:\/\/www.alldayled.com\/wp-content\/uploads\/2025\/08\/ADL800652.png","datePublished":"2025-05-16T10:00:48+00:00","dateModified":"2026-03-04T23:00:13+00:00","description":"Strands FOR9T Orbi R\u00fcckfahrlicht mit Nebelschlussleuchtenfunktion - f\u00fcr Auto, LKW und mehr - sofort lieferbar - rundes LED R\u00fccklicht - 12&24V","breadcrumb":{"@id":"https:\/\/www.alldayled.com\/de\/produkt\/strands-for9t-orbi-mist-achteruitrijlicht\/#breadcrumb"},"inLanguage":"de","potentialAction":[{"@type":"ReadAction","target":["https:\/\/www.alldayled.com\/de\/produkt\/strands-for9t-orbi-mist-achteruitrijlicht\/"]}]},{"@type":"ImageObject","inLanguage":"de","@id":"https:\/\/www.alldayled.com\/de\/produkt\/strands-for9t-orbi-mist-achteruitrijlicht\/#primaryimage","url":"https:\/\/www.alldayled.com\/wp-content\/uploads\/2025\/08\/ADL800652.png","contentUrl":"https:\/\/www.alldayled.com\/wp-content\/uploads\/2025\/08\/ADL800652.png","width":800,"height":600,"caption":"Strands FOR9T Orbi Nebel - R\u00fcckfahrlicht - ECE R148 - 800652 - 3 kammer LED R\u00fccklicht - geeignet f\u00fcr 12&amp;24V - IP67"},{"@type":"BreadcrumbList","@id":"https:\/\/www.alldayled.com\/de\/produkt\/strands-for9t-orbi-mist-achteruitrijlicht\/#breadcrumb","itemListElement":[{"@type":"ListItem","position":1,"name":"Home","item":"https:\/\/www.alldayled.com\/de\/"},{"@type":"ListItem","position":2,"name":"Shop","item":"https:\/\/www.alldayled.com\/de\/shop\/"},{"@type":"ListItem","position":3,"name":"Heckleuchten","item":"https:\/\/www.alldayled.com\/de\/produkt-kategorie\/rucklichter\/"},{"@type":"ListItem","position":4,"name":"R\u00fccklicht rund","item":"https:\/\/www.alldayled.com\/de\/produkt-kategorie\/rucklichter\/achterlicht-rond\/"},{"@type":"ListItem","position":5,"name":"Strands FOR9T Orbi Nebel \u2013 R\u00fcckfahrlicht"}]},{"@type":"WebSite","@id":"https:\/\/www.alldayled.com\/de\/#website","url":"https:\/\/www.alldayled.com\/de\/","name":"All Day Led","description":"Verlichting voor 12&amp;24 volt gebruik","publisher":{"@id":"https:\/\/www.alldayled.com\/de\/#organization"},"potentialAction":[{"@type":"SearchAction","target":{"@type":"EntryPoint","urlTemplate":"https:\/\/www.alldayled.com\/de\/?s={search_term_string}"},"query-input":{"@type":"PropertyValueSpecification","valueRequired":true,"valueName":"search_term_string"}}],"inLanguage":"de"},{"@type":"Organization","@id":"https:\/\/www.alldayled.com\/de\/#organization","name":"All Day Led","url":"https:\/\/www.alldayled.com\/de\/","logo":{"@type":"ImageObject","inLanguage":"de","@id":"https:\/\/www.alldayled.com\/de\/#\/schema\/logo\/image\/","url":"https:\/\/www.alldayled.com\/wp-content\/uploads\/2025\/10\/Logo-ALL-DAY-LED-800x800-zwart-witte-letters.png","contentUrl":"https:\/\/www.alldayled.com\/wp-content\/uploads\/2025\/10\/Logo-ALL-DAY-LED-800x800-zwart-witte-letters.png","width":800,"height":800,"caption":"All Day Led"},"image":{"@id":"https:\/\/www.alldayled.com\/de\/#\/schema\/logo\/image\/"},"sameAs":["https:\/\/www.facebook.com\/alldayled\/","https:\/\/www.instagram.com\/alldayled\/"],"vatID":"NL863960133B01","taxID":"86416545"}]},"product_brand":"Strands","product_price_amount":"79.00","product_price_currency":"EUR","og_availability":"instock","product_availability":"instock","product_retailer_item_id":"ADL800652","product_condition":"new"},"_links":{"self":[{"href":"https:\/\/www.alldayled.com\/de\/wp-json\/wp\/v2\/product\/66547","targetHints":{"allow":["GET"]}}],"collection":[{"href":"https:\/\/www.alldayled.com\/de\/wp-json\/wp\/v2\/product"}],"about":[{"href":"https:\/\/www.alldayled.com\/de\/wp-json\/wp\/v2\/types\/product"}],"replies":[{"embeddable":true,"href":"https:\/\/www.alldayled.com\/de\/wp-json\/wp\/v2\/comments?post=66547"}],"wp:featuredmedia":[{"embeddable":true,"href":"https:\/\/www.alldayled.com\/de\/wp-json\/wp\/v2\/media\/36696"}],"wp:attachment":[{"href":"https:\/\/www.alldayled.com\/de\/wp-json\/wp\/v2\/media?parent=66547"}],"wp:term":[{"taxonomy":"product_brand","embeddable":true,"href":"https:\/\/www.alldayled.com\/de\/wp-json\/wp\/v2\/product_brand?post=66547"},{"taxonomy":"product_cat","embeddable":true,"href":"https:\/\/www.alldayled.com\/de\/wp-json\/wp\/v2\/product_cat?post=66547"},{"taxonomy":"product_tag","embeddable":true,"href":"https:\/\/www.alldayled.com\/de\/wp-json\/wp\/v2\/product_tag?post=66547"}],"curies":[{"name":"wp","href":"https:\/\/api.w.org\/{rel}","templated":true}]}}