{"id":66567,"date":"2022-12-27T20:35:46","date_gmt":"2022-12-27T19:35:46","guid":{"rendered":"https:\/\/www.alldayled.com\/product\/strands-kabel-kit-met-1x-dt2-stekker-12v\/"},"modified":"2026-03-02T18:15:59","modified_gmt":"2026-03-02T17:15:59","slug":"strands-kabel-kit-met-1x-dt2-stekker-12v","status":"publish","type":"product","link":"https:\/\/www.alldayled.com\/de\/produkt\/strands-kabel-kit-met-1x-dt2-stekker-12v\/","title":{"rendered":"Strands Kabelsatz mit 1x DT2 Stecker 12V"},"content":{"rendered":"<p><span style=\"color: #000000;\"><strong>Strands Kabelsatz mit 1x DT2 Stecker, geeignet f\u00fcr 12 Volt. <\/strong><\/span><\/p>\n<p><span style=\"color: #000000;\">Hast du eine Lampe mit DT2-Anschluss gekauft und m\u00f6chtest du diese \u00fcber einen vorverdrahteten Schalter verwenden? Dann ist der Strands Kabelsatz mit 1x DT2 Stecker vielleicht genau das, was du suchst. Das VDE-Kabel ist 3 Meter lang und an einem Ende mit einem DT2-Stecker versehen. Der vollst\u00e4ndig wasserdichte Strands Kabelsatz enth\u00e4lt ein 12V &#8211; 40A Relais und ist daher f\u00fcr 12 Volt geeignet. Das bedeutet, du kannst den Kabelsatz in deinem Auto, Anh\u00e4nger, Traktor oder einem anderen Fahrzeug verwenden. Achtung: Ersetzt du das Relais durch eine 24V-Variante, kannst du den Kabelsatz auch f\u00fcr zum Beispiel deinen LKW verwenden.     <\/span><\/p>\n<p><span style=\"color: #000000;\">Um sicherzustellen, dass der Strands Kabelsatz mit 1x DT2 Stecker f\u00fcr dein Fahrzeug oder deinen Anh\u00e4nger geeignet ist, haben wir die wichtigsten Spezifikationen unten aufgelistet. So siehst du sofort, warum dies vielleicht DER Kabelsatz ist, den du suchst. Das Anschlusskabel hat eine Kabelst\u00e4rke von 1,5 mm\u00b2. Dadurch kannst du eine Lampe mit bis zu 145 W anschlie\u00dfen. Entfernst du den DT2-Stecker, kannst du sogar bis zu 360 W anschlie\u00dfen.    <\/span><\/p>\n<h5><span style=\"color: #000000;\"><strong>Sonstige Kabel: <\/strong><\/span><\/h5>\n<p><span style=\"color: #000000;\">Bist du auf der Suche nach einem Anschlusskabel, aber der Strands Kabelsatz 1x DT2 Stecker ist nicht das, was du suchst? Dann schau dir hier die anderen Kabel an, die Strands anbietet: <\/span><\/p>\n<ul>\n<li><span style=\"color: #000000;\"><a style=\"color: #000000;\" href=\"https:\/\/www.alldayled.com\/de\/produkt\/strands-kabel-kit-met-2x-dt2-stekker-12v\/\"><strong>Kabelsatz mit 2* DT Stecker<\/strong><\/a><\/span><\/li>\n<li><span style=\"color: #000000;\"><a style=\"color: #000000;\" href=\"https:\/\/www.alldayled.com\/de\/produkt\/strands-dt2-splitter-kabel\/\"><strong>DT2 Splitterkabel<\/strong><\/a><\/span><\/li>\n<\/ul>\n<p><span style=\"color: #000000;\">Bist du der Meinung, dass der Strands Kabelsatz mit 1x DT2 Stecker nicht das ist, was du suchst? Einfach weil der Stecker, die Spannung oder die Kabell\u00e4nge nicht deinen W\u00fcnschen entspricht? Dann schau doch auch mal auf unserer Seite <g id=\"gid_0\">Fassungen und Kabel<\/g> vorbei. Vielleicht findest du hier die Fassung oder das Kabel, wonach du suchst.    <\/span><\/p>\n","protected":false},"excerpt":{"rendered":"<p>Kabelsatz mit 1 DT2 Stecker und 3 Meter Kabel &#8211; mit vorverdrahtetem Schalter.<\/p>\n","protected":false},"featured_media":22989,"comment_status":"open","ping_status":"closed","template":"","meta":{"_acf_changed":false},"product_brand":[5114],"product_cat":[5336,5330],"product_tag":[9065],"class_list":{"0":"post-66567","1":"product","2":"type-product","3":"status-publish","4":"has-post-thumbnail","6":"product_brand-product-strands-lighting-division","7":"product_cat-werklamp-toebehoren","8":"product_cat-fittingen-en-kabels","9":"product_tag-strands-lighting-division","11":"first","12":"instock","13":"taxable","14":"shipping-taxable","15":"purchasable","16":"product-type-simple"},"acf":[],"yoast_head":"<!-- This site is optimized with the Yoast SEO Premium plugin v26.5 (Yoast SEO v27.1.1) - https:\/\/yoast.com\/product\/yoast-seo-premium-wordpress\/ -->\n<title>Strands Kabelsatz 1x DT2 Stecker - All Day Led - f\u00fcr 12 Volt<\/title>\n<meta name=\"description\" content=\"Strands Kabelsatz 1x DT2 Stecker - Buchsenanschluss - mit Ein-\/Ausschalter - 2 x 1,5 mm\u00b2 Kabel - f\u00fcr 12 Volt Relais - 3 Meter Kabel\" \/>\n<meta name=\"robots\" content=\"index, follow, max-snippet:-1, max-image-preview:large, max-video-preview:-1\" \/>\n<link rel=\"canonical\" href=\"https:\/\/www.alldayled.com\/de\/produkt\/strands-kabel-kit-met-1x-dt2-stekker-12v\/\" \/>\n<meta property=\"og:locale\" content=\"de_DE\" \/>\n<meta property=\"og:type\" content=\"article\" \/>\n<meta property=\"og:title\" content=\"Strands Kabelsatz 1x DT2 Stecker - All Day Led - f\u00fcr 12 Volt\" \/>\n<meta property=\"og:description\" content=\"Strands Kabelsatz 1x DT2 Stecker - Buchsenanschluss - mit Ein-\/Ausschalter - 2 x 1,5 mm\u00b2 Kabel - f\u00fcr 12 Volt - 3 Meter Kabel\" \/>\n<meta property=\"og:url\" content=\"https:\/\/www.alldayled.com\/de\/produkt\/strands-kabel-kit-met-1x-dt2-stekker-12v\/\" \/>\n<meta property=\"og:site_name\" content=\"All Day Led\" \/>\n<meta property=\"article:publisher\" content=\"https:\/\/www.facebook.com\/alldayled\/\" \/>\n<meta property=\"article:modified_time\" content=\"2026-03-02T17:15:59+00:00\" \/>\n<meta property=\"og:image\" content=\"https:\/\/www.alldayled.com\/wp-content\/uploads\/2024\/11\/ADL270440.01-300x300.png\" \/>\n<meta name=\"twitter:label1\" content=\"Preis\" \/>\n\t<meta name=\"twitter:data1\" content=\"&euro;&nbsp;24,95\" \/>\n\t<meta name=\"twitter:label2\" content=\"Verf\u00fcgbarkeit\" \/>\n\t<meta name=\"twitter:data2\" content=\"Auf Lager\" \/>\n<script type=\"application\/ld+json\" class=\"yoast-schema-graph\">{\"@context\":\"https:\/\/schema.org\",\"@graph\":[{\"@type\":\"WebPage\",\"@id\":\"https:\/\/www.alldayled.com\/de\/produkt\/strands-kabel-kit-met-1x-dt2-stekker-12v\/\",\"url\":\"https:\/\/www.alldayled.com\/de\/produkt\/strands-kabel-kit-met-1x-dt2-stekker-12v\/\",\"name\":\"Strands Kabelsatz 1x DT2 Stecker - All Day Led - f\u00fcr 12 Volt\",\"isPartOf\":{\"@id\":\"https:\/\/www.alldayled.com\/de\/#website\"},\"primaryImageOfPage\":{\"@id\":\"https:\/\/www.alldayled.com\/de\/produkt\/strands-kabel-kit-met-1x-dt2-stekker-12v\/#primaryimage\"},\"image\":{\"@id\":\"https:\/\/www.alldayled.com\/de\/produkt\/strands-kabel-kit-met-1x-dt2-stekker-12v\/#primaryimage\"},\"thumbnailUrl\":\"https:\/\/www.alldayled.com\/wp-content\/uploads\/2022\/12\/ADL70440.png\",\"datePublished\":\"2022-12-27T19:35:46+00:00\",\"dateModified\":\"2026-03-02T17:15:59+00:00\",\"description\":\"Strands Kabelsatz 1x DT2 Stecker - Buchsenanschluss - mit Ein-\/Ausschalter - 2 x 1,5 mm\u00b2 Kabel - f\u00fcr 12 Volt Relais - 3 Meter Kabel\",\"breadcrumb\":{\"@id\":\"https:\/\/www.alldayled.com\/de\/produkt\/strands-kabel-kit-met-1x-dt2-stekker-12v\/#breadcrumb\"},\"inLanguage\":\"de\",\"potentialAction\":[{\"@type\":\"ReadAction\",\"target\":[\"https:\/\/www.alldayled.com\/de\/produkt\/strands-kabel-kit-met-1x-dt2-stekker-12v\/\"]}]},{\"@type\":\"ImageObject\",\"inLanguage\":\"de\",\"@id\":\"https:\/\/www.alldayled.com\/de\/produkt\/strands-kabel-kit-met-1x-dt2-stekker-12v\/#primaryimage\",\"url\":\"https:\/\/www.alldayled.com\/wp-content\/uploads\/2022\/12\/ADL70440.png\",\"contentUrl\":\"https:\/\/www.alldayled.com\/wp-content\/uploads\/2022\/12\/ADL70440.png\",\"width\":800,\"height\":600,\"caption\":\"Strands Kabelsatz mit 1x DT2 Stecker - mit 12V Relais f\u00fcr 40 Ampere - EAN: 7323030180089\"},{\"@type\":\"BreadcrumbList\",\"@id\":\"https:\/\/www.alldayled.com\/de\/produkt\/strands-kabel-kit-met-1x-dt2-stekker-12v\/#breadcrumb\",\"itemListElement\":[{\"@type\":\"ListItem\",\"position\":1,\"name\":\"Home\",\"item\":\"https:\/\/www.alldayled.com\/de\/\"},{\"@type\":\"ListItem\",\"position\":2,\"name\":\"Shop\",\"item\":\"https:\/\/www.alldayled.com\/de\/shop\/\"},{\"@type\":\"ListItem\",\"position\":3,\"name\":\"Arbeitsscheinwerfer\",\"item\":\"https:\/\/www.alldayled.com\/de\/produkt-kategorie\/arbeitsscheinwerfer\/\"},{\"@type\":\"ListItem\",\"position\":4,\"name\":\"Arbeitsscheinwerfer Zubeh\u00f6r\",\"item\":\"https:\/\/www.alldayled.com\/de\/produkt-kategorie\/arbeitsscheinwerfer\/werklamp-toebehoren\/\"},{\"@type\":\"ListItem\",\"position\":5,\"name\":\"Strands Kabelsatz mit 1x DT2 Stecker 12V\"}]},{\"@type\":\"WebSite\",\"@id\":\"https:\/\/www.alldayled.com\/de\/#website\",\"url\":\"https:\/\/www.alldayled.com\/de\/\",\"name\":\"All Day Led\",\"description\":\"Verlichting voor 12&amp;24 volt gebruik\",\"publisher\":{\"@id\":\"https:\/\/www.alldayled.com\/de\/#organization\"},\"potentialAction\":[{\"@type\":\"SearchAction\",\"target\":{\"@type\":\"EntryPoint\",\"urlTemplate\":\"https:\/\/www.alldayled.com\/de\/?s={search_term_string}\"},\"query-input\":{\"@type\":\"PropertyValueSpecification\",\"valueRequired\":true,\"valueName\":\"search_term_string\"}}],\"inLanguage\":\"de\"},{\"@type\":\"Organization\",\"@id\":\"https:\/\/www.alldayled.com\/de\/#organization\",\"name\":\"All Day Led\",\"url\":\"https:\/\/www.alldayled.com\/de\/\",\"logo\":{\"@type\":\"ImageObject\",\"inLanguage\":\"de\",\"@id\":\"https:\/\/www.alldayled.com\/de\/#\/schema\/logo\/image\/\",\"url\":\"https:\/\/www.alldayled.com\/wp-content\/uploads\/2025\/10\/Logo-ALL-DAY-LED-800x800-zwart-witte-letters.png\",\"contentUrl\":\"https:\/\/www.alldayled.com\/wp-content\/uploads\/2025\/10\/Logo-ALL-DAY-LED-800x800-zwart-witte-letters.png\",\"width\":800,\"height\":800,\"caption\":\"All Day Led\"},\"image\":{\"@id\":\"https:\/\/www.alldayled.com\/de\/#\/schema\/logo\/image\/\"},\"sameAs\":[\"https:\/\/www.facebook.com\/alldayled\/\",\"https:\/\/www.instagram.com\/alldayled\/\"],\"vatID\":\"NL863960133B01\",\"taxID\":\"86416545\"}]}<\/script>\n<meta property=\"product:brand\" content=\"Strands\" \/>\n<meta property=\"product:price:amount\" content=\"24.95\" \/>\n<meta property=\"product:price:currency\" content=\"EUR\" \/>\n<meta property=\"og:availability\" content=\"instock\" \/>\n<meta property=\"product:availability\" content=\"instock\" \/>\n<meta property=\"product:retailer_item_id\" content=\"ADL270440\" \/>\n<meta property=\"product:condition\" content=\"new\" \/>\n<!-- \/ Yoast SEO Premium plugin. -->","yoast_head_json":{"title":"Strands Kabelsatz 1x DT2 Stecker - All Day Led - f\u00fcr 12 Volt","description":"Strands Kabelsatz 1x DT2 Stecker - Buchsenanschluss - mit Ein-\/Ausschalter - 2 x 1,5 mm\u00b2 Kabel - f\u00fcr 12 Volt Relais - 3 Meter Kabel","robots":{"index":"index","follow":"follow","max-snippet":"max-snippet:-1","max-image-preview":"max-image-preview:large","max-video-preview":"max-video-preview:-1"},"canonical":"https:\/\/www.alldayled.com\/de\/produkt\/strands-kabel-kit-met-1x-dt2-stekker-12v\/","og_locale":"de_DE","og_type":"article","og_title":"Strands Kabelsatz 1x DT2 Stecker - All Day Led - f\u00fcr 12 Volt","og_description":"Strands Kabelsatz 1x DT2 Stecker - Buchsenanschluss - mit Ein-\/Ausschalter - 2 x 1,5 mm\u00b2 Kabel - f\u00fcr 12 Volt - 3 Meter Kabel","og_url":"https:\/\/www.alldayled.com\/de\/produkt\/strands-kabel-kit-met-1x-dt2-stekker-12v\/","og_site_name":"All Day Led","article_publisher":"https:\/\/www.facebook.com\/alldayled\/","article_modified_time":"2026-03-02T17:15:59+00:00","og_image":[{"url":"https:\/\/www.alldayled.com\/wp-content\/uploads\/2024\/11\/ADL270440.01-300x300.png","type":"","width":"","height":""}],"twitter_misc":{"Preis":"&euro;&nbsp;24,95","Verf\u00fcgbarkeit":"Auf Lager"},"schema":{"@context":"https:\/\/schema.org","@graph":[{"@type":"WebPage","@id":"https:\/\/www.alldayled.com\/de\/produkt\/strands-kabel-kit-met-1x-dt2-stekker-12v\/","url":"https:\/\/www.alldayled.com\/de\/produkt\/strands-kabel-kit-met-1x-dt2-stekker-12v\/","name":"Strands Kabelsatz 1x DT2 Stecker - All Day Led - f\u00fcr 12 Volt","isPartOf":{"@id":"https:\/\/www.alldayled.com\/de\/#website"},"primaryImageOfPage":{"@id":"https:\/\/www.alldayled.com\/de\/produkt\/strands-kabel-kit-met-1x-dt2-stekker-12v\/#primaryimage"},"image":{"@id":"https:\/\/www.alldayled.com\/de\/produkt\/strands-kabel-kit-met-1x-dt2-stekker-12v\/#primaryimage"},"thumbnailUrl":"https:\/\/www.alldayled.com\/wp-content\/uploads\/2022\/12\/ADL70440.png","datePublished":"2022-12-27T19:35:46+00:00","dateModified":"2026-03-02T17:15:59+00:00","description":"Strands Kabelsatz 1x DT2 Stecker - Buchsenanschluss - mit Ein-\/Ausschalter - 2 x 1,5 mm\u00b2 Kabel - f\u00fcr 12 Volt Relais - 3 Meter Kabel","breadcrumb":{"@id":"https:\/\/www.alldayled.com\/de\/produkt\/strands-kabel-kit-met-1x-dt2-stekker-12v\/#breadcrumb"},"inLanguage":"de","potentialAction":[{"@type":"ReadAction","target":["https:\/\/www.alldayled.com\/de\/produkt\/strands-kabel-kit-met-1x-dt2-stekker-12v\/"]}]},{"@type":"ImageObject","inLanguage":"de","@id":"https:\/\/www.alldayled.com\/de\/produkt\/strands-kabel-kit-met-1x-dt2-stekker-12v\/#primaryimage","url":"https:\/\/www.alldayled.com\/wp-content\/uploads\/2022\/12\/ADL70440.png","contentUrl":"https:\/\/www.alldayled.com\/wp-content\/uploads\/2022\/12\/ADL70440.png","width":800,"height":600,"caption":"Strands Kabelsatz mit 1x DT2 Stecker - mit 12V Relais f\u00fcr 40 Ampere - EAN: 7323030180089"},{"@type":"BreadcrumbList","@id":"https:\/\/www.alldayled.com\/de\/produkt\/strands-kabel-kit-met-1x-dt2-stekker-12v\/#breadcrumb","itemListElement":[{"@type":"ListItem","position":1,"name":"Home","item":"https:\/\/www.alldayled.com\/de\/"},{"@type":"ListItem","position":2,"name":"Shop","item":"https:\/\/www.alldayled.com\/de\/shop\/"},{"@type":"ListItem","position":3,"name":"Arbeitsscheinwerfer","item":"https:\/\/www.alldayled.com\/de\/produkt-kategorie\/arbeitsscheinwerfer\/"},{"@type":"ListItem","position":4,"name":"Arbeitsscheinwerfer Zubeh\u00f6r","item":"https:\/\/www.alldayled.com\/de\/produkt-kategorie\/arbeitsscheinwerfer\/werklamp-toebehoren\/"},{"@type":"ListItem","position":5,"name":"Strands Kabelsatz mit 1x DT2 Stecker 12V"}]},{"@type":"WebSite","@id":"https:\/\/www.alldayled.com\/de\/#website","url":"https:\/\/www.alldayled.com\/de\/","name":"All Day Led","description":"Verlichting voor 12&amp;24 volt gebruik","publisher":{"@id":"https:\/\/www.alldayled.com\/de\/#organization"},"potentialAction":[{"@type":"SearchAction","target":{"@type":"EntryPoint","urlTemplate":"https:\/\/www.alldayled.com\/de\/?s={search_term_string}"},"query-input":{"@type":"PropertyValueSpecification","valueRequired":true,"valueName":"search_term_string"}}],"inLanguage":"de"},{"@type":"Organization","@id":"https:\/\/www.alldayled.com\/de\/#organization","name":"All Day Led","url":"https:\/\/www.alldayled.com\/de\/","logo":{"@type":"ImageObject","inLanguage":"de","@id":"https:\/\/www.alldayled.com\/de\/#\/schema\/logo\/image\/","url":"https:\/\/www.alldayled.com\/wp-content\/uploads\/2025\/10\/Logo-ALL-DAY-LED-800x800-zwart-witte-letters.png","contentUrl":"https:\/\/www.alldayled.com\/wp-content\/uploads\/2025\/10\/Logo-ALL-DAY-LED-800x800-zwart-witte-letters.png","width":800,"height":800,"caption":"All Day Led"},"image":{"@id":"https:\/\/www.alldayled.com\/de\/#\/schema\/logo\/image\/"},"sameAs":["https:\/\/www.facebook.com\/alldayled\/","https:\/\/www.instagram.com\/alldayled\/"],"vatID":"NL863960133B01","taxID":"86416545"}]},"product_brand":"Strands","product_price_amount":"24.95","product_price_currency":"EUR","og_availability":"instock","product_availability":"instock","product_retailer_item_id":"ADL270440","product_condition":"new"},"_links":{"self":[{"href":"https:\/\/www.alldayled.com\/de\/wp-json\/wp\/v2\/product\/66567","targetHints":{"allow":["GET"]}}],"collection":[{"href":"https:\/\/www.alldayled.com\/de\/wp-json\/wp\/v2\/product"}],"about":[{"href":"https:\/\/www.alldayled.com\/de\/wp-json\/wp\/v2\/types\/product"}],"replies":[{"embeddable":true,"href":"https:\/\/www.alldayled.com\/de\/wp-json\/wp\/v2\/comments?post=66567"}],"wp:featuredmedia":[{"embeddable":true,"href":"https:\/\/www.alldayled.com\/de\/wp-json\/wp\/v2\/media\/22989"}],"wp:attachment":[{"href":"https:\/\/www.alldayled.com\/de\/wp-json\/wp\/v2\/media?parent=66567"}],"wp:term":[{"taxonomy":"product_brand","embeddable":true,"href":"https:\/\/www.alldayled.com\/de\/wp-json\/wp\/v2\/product_brand?post=66567"},{"taxonomy":"product_cat","embeddable":true,"href":"https:\/\/www.alldayled.com\/de\/wp-json\/wp\/v2\/product_cat?post=66567"},{"taxonomy":"product_tag","embeddable":true,"href":"https:\/\/www.alldayled.com\/de\/wp-json\/wp\/v2\/product_tag?post=66567"}],"curies":[{"name":"wp","href":"https:\/\/api.w.org\/{rel}","templated":true}]}}