{"id":66570,"date":"2022-12-27T16:25:20","date_gmt":"2022-12-27T15:25:20","guid":{"rendered":"https:\/\/www.alldayled.com\/product\/strands-dt4-connector-kabel-5m\/"},"modified":"2026-05-06T10:17:36","modified_gmt":"2026-05-06T08:17:36","slug":"strands-dt4-connector-kabel-5m","status":"publish","type":"product","link":"https:\/\/www.alldayled.com\/de\/produkt\/strands-dt4-connector-kabel-5m\/","title":{"rendered":"Strands DT4 Anschlusskabel 5m"},"content":{"rendered":"<p><span style=\"color: #000000;\"><strong>Strands DT4 Anschlusskabel 5 Meter, f\u00fcr 12&amp;24 Volt Betrieb. <\/strong><\/span><\/p>\n<p><span style=\"color: #000000;\">Hast du eine LED-Lampe gekauft, die einen DT4-Anschluss hat, aber das mitgelieferte Kabel ist zu kurz? Dann ist dies vielleicht das Anschlusskabel, wonach du suchst. Das VDE-Kabel hat eine Kabell\u00e4nge von 5 Metern und hat am Ende einen DT4-Stecker. Das Strands DT4 Anschlusskabel 5 Meter mit Deutsch DT4 Stecker kann mit 12 und 24 Volt verwendet werden. Das bedeutet, dass du das Stromkabel zum Beispiel f\u00fcr dein Auto, deinen LKW, Anh\u00e4nger, Traktor oder ein anderes Fahrzeug verwenden kannst.     <\/span><\/p>\n<p><span style=\"color: #000000;\">Um sicherzustellen, dass das Strands Anschlusskabel 5m mit DT4 Stecker f\u00fcr dein Fahrzeug oder deinen Anh\u00e4nger geeignet ist, haben wir unten einige Spezifikationen aufgef\u00fchrt. All dies, um dir klarzumachen, warum dies vielleicht DAS Anschlusskabel ist, wonach du suchst. Das Anschlusskabel ist unter anderem mit einem 4 x 1,5mm\u00b2 Kabel ausgestattet. Die Kabelst\u00e4rke sorgt daf\u00fcr, dass du hier eine Lampe anschlie\u00dfen kannst, die maximal 156 W verbraucht. Um das Ganze abzurunden, ist das Kabel auch f\u00fcr ADR-Fahrzeuge geeignet. Siehe <a style=\"color: #000000;\" href=\"https:\/\/www.strandseurope.com\/wp-content\/uploads\/2021\/10\/270480-270487-Manual.pdf\" target=\"_blank\" rel=\"noopener\">hier<\/a> die Anleitung der LED-Lampe.      <\/span><\/p>\n<h5><span style=\"color: #000000;\"><strong>Sonstige Kabel: <\/strong><\/span><\/h5>\n<p><span style=\"color: #000000;\">M\u00f6chtest du ein Anschlusskabel von Strands kaufen, aber das DT4 Anschlusskabel 5 Meter ist jetzt nicht das, was du suchst? Wisse, dass Strands auch verschiedene andere Anschlusskabel anbietet. Unten findest du ein paar davon:   <\/span><\/p>\n<ul>\n<li><span style=\"color: #000000;\"><a style=\"color: #000000;\" href=\"https:\/\/www.alldayled.com\/de\/produkt\/strands-aanstekerplug-met-dt2-stekker\/\"><strong>Zigarettenanz\u00fcnderstecker mit DT2-Stecker<\/strong><\/a><\/span><\/li>\n<li><span style=\"color: #000000;\"><strong><a style=\"color: #000000;\" href=\"https:\/\/www.alldayled.com\/de\/produkt\/strands-dt2-connector-kabel-3-meter\/\">DT2-Anschlusskabel 3m <\/a><\/strong><\/span><\/li>\n<li><span style=\"color: #000000;\"><a style=\"color: #000000;\" href=\"https:\/\/www.alldayled.com\/de\/produkt\/strands-dt2-connector-kabel-5m\/\"><strong>DT2-Anschlusskabel 5m<\/strong><\/a><\/span><\/li>\n<li><span style=\"color: #000000;\"><a style=\"color: #000000;\" href=\"https:\/\/www.alldayled.com\/de\/produkt\/strands-dt4-connector-kabel-3m\/\"><strong>DT4 Anschlusskabel 3m<\/strong><\/a><\/span><\/li>\n<\/ul>\n<p><span style=\"color: #000000;\">Sind Sie der Meinung, dass das Strands Anschlusskabel mit Deutsch DT4-Stecker 3 Meter nicht das ist, was Sie suchen? Einfach, weil der Stecker oder die Kabell\u00e4nge nicht Ihren W\u00fcnschen entspricht? Dann werfen Sie einen Blick auf unsere Seite <g id=\"gid_0\">Fassungen und Kabel<\/g>. Vielleicht finden Sie hier die Fassung oder das Kabel, das Sie suchen.   <\/span><\/p>\n","protected":false},"excerpt":{"rendered":"<p>Verl\u00e4ngere den Anschluss deiner DT4 LED-Lampe mit diesem 5m langen Kabel \u2013 f\u00fcr 12\/24 Volt.<\/p>\n","protected":false},"featured_media":35253,"comment_status":"open","ping_status":"closed","template":"","meta":{"_acf_changed":false},"product_brand":[5114],"product_cat":[5336,5330],"product_tag":[9065],"class_list":{"0":"post-66570","1":"product","2":"type-product","3":"status-publish","4":"has-post-thumbnail","6":"product_brand-product-strands-lighting-division","7":"product_cat-werklamp-toebehoren","8":"product_cat-fittingen-en-kabels","9":"product_tag-strands-lighting-division","11":"first","12":"instock","13":"taxable","14":"shipping-taxable","15":"purchasable","16":"product-type-simple"},"acf":[],"yoast_head":"<!-- This site is optimized with the Yoast SEO Premium plugin v26.5 (Yoast SEO v27.1.1) - https:\/\/yoast.com\/product\/yoast-seo-premium-wordpress\/ -->\n<title>DT4 Anschlusskabel 5 Meter - STRANDS - All Day Led - f\u00fcr 12&amp;24V<\/title>\n<meta name=\"description\" content=\"DT4 Anschlusskabel 5 Meter - Buchsenanschluss - Deutsch DT4 Stecker - 4 x 1,5MM\u00b2 Kabel - geeignet f\u00fcr 12 &amp; 24 Volt - maximal 156 W\" \/>\n<meta name=\"robots\" content=\"index, follow, max-snippet:-1, max-image-preview:large, max-video-preview:-1\" \/>\n<link rel=\"canonical\" href=\"https:\/\/www.alldayled.com\/de\/produkt\/strands-dt4-connector-kabel-5m\/\" \/>\n<meta property=\"og:locale\" content=\"de_DE\" \/>\n<meta property=\"og:type\" content=\"article\" \/>\n<meta property=\"og:title\" content=\"DT4 Anschlusskabel 5 Meter - STRANDS - All Day Led - f\u00fcr 12&amp;24V\" \/>\n<meta property=\"og:description\" content=\"DT4 Anschlusskabel 5 Meter - Buchsenanschluss - Deutsch DT4 Stecker - 4 x 1,5MM\u00b2 Kabel - geeignet f\u00fcr 12 &amp; 24 Volt - maximal 156 W\" \/>\n<meta property=\"og:url\" content=\"https:\/\/www.alldayled.com\/de\/produkt\/strands-dt4-connector-kabel-5m\/\" \/>\n<meta property=\"og:site_name\" content=\"All Day Led\" \/>\n<meta property=\"article:publisher\" content=\"https:\/\/www.facebook.com\/alldayled\/\" \/>\n<meta property=\"article:modified_time\" content=\"2026-05-06T08:17:36+00:00\" \/>\n<meta property=\"og:image\" content=\"https:\/\/www.alldayled.com\/wp-content\/uploads\/2025\/04\/ADL270487-SM-300x300.png\" \/>\n<meta name=\"twitter:label1\" content=\"Preis\" \/>\n\t<meta name=\"twitter:data1\" content=\"&euro;&nbsp;27,95\" \/>\n\t<meta name=\"twitter:label2\" content=\"Verf\u00fcgbarkeit\" \/>\n\t<meta name=\"twitter:data2\" content=\"Auf Lager\" \/>\n<script type=\"application\/ld+json\" class=\"yoast-schema-graph\">{\"@context\":\"https:\/\/schema.org\",\"@graph\":[{\"@type\":\"WebPage\",\"@id\":\"https:\/\/www.alldayled.com\/de\/produkt\/strands-dt4-connector-kabel-5m\/\",\"url\":\"https:\/\/www.alldayled.com\/de\/produkt\/strands-dt4-connector-kabel-5m\/\",\"name\":\"DT4 Anschlusskabel 5 Meter - STRANDS - All Day Led - f\u00fcr 12&24V\",\"isPartOf\":{\"@id\":\"https:\/\/www.alldayled.com\/de\/#website\"},\"primaryImageOfPage\":{\"@id\":\"https:\/\/www.alldayled.com\/de\/produkt\/strands-dt4-connector-kabel-5m\/#primaryimage\"},\"image\":{\"@id\":\"https:\/\/www.alldayled.com\/de\/produkt\/strands-dt4-connector-kabel-5m\/#primaryimage\"},\"thumbnailUrl\":\"https:\/\/www.alldayled.com\/wp-content\/uploads\/2025\/04\/ADL270487.png\",\"datePublished\":\"2022-12-27T15:25:20+00:00\",\"dateModified\":\"2026-05-06T08:17:36+00:00\",\"description\":\"DT4 Anschlusskabel 5 Meter - Buchsenanschluss - Deutsch DT4 Stecker - 4 x 1,5MM\u00b2 Kabel - geeignet f\u00fcr 12 & 24 Volt - maximal 156 W\",\"breadcrumb\":{\"@id\":\"https:\/\/www.alldayled.com\/de\/produkt\/strands-dt4-connector-kabel-5m\/#breadcrumb\"},\"inLanguage\":\"de\",\"potentialAction\":[{\"@type\":\"ReadAction\",\"target\":[\"https:\/\/www.alldayled.com\/de\/produkt\/strands-dt4-connector-kabel-5m\/\"]}]},{\"@type\":\"ImageObject\",\"inLanguage\":\"de\",\"@id\":\"https:\/\/www.alldayled.com\/de\/produkt\/strands-dt4-connector-kabel-5m\/#primaryimage\",\"url\":\"https:\/\/www.alldayled.com\/wp-content\/uploads\/2025\/04\/ADL270487.png\",\"contentUrl\":\"https:\/\/www.alldayled.com\/wp-content\/uploads\/2025\/04\/ADL270487.png\",\"width\":800,\"height\":600,\"caption\":\"Strands DT4 Anschlusskabel 5 Meter - 270487 - EAN: 7323030187996\"},{\"@type\":\"BreadcrumbList\",\"@id\":\"https:\/\/www.alldayled.com\/de\/produkt\/strands-dt4-connector-kabel-5m\/#breadcrumb\",\"itemListElement\":[{\"@type\":\"ListItem\",\"position\":1,\"name\":\"Home\",\"item\":\"https:\/\/www.alldayled.com\/de\/\"},{\"@type\":\"ListItem\",\"position\":2,\"name\":\"Shop\",\"item\":\"https:\/\/www.alldayled.com\/de\/shop\/\"},{\"@type\":\"ListItem\",\"position\":3,\"name\":\"Arbeitsscheinwerfer\",\"item\":\"https:\/\/www.alldayled.com\/de\/produkt-kategorie\/arbeitsscheinwerfer\/\"},{\"@type\":\"ListItem\",\"position\":4,\"name\":\"Arbeitsscheinwerfer Zubeh\u00f6r\",\"item\":\"https:\/\/www.alldayled.com\/de\/produkt-kategorie\/arbeitsscheinwerfer\/werklamp-toebehoren\/\"},{\"@type\":\"ListItem\",\"position\":5,\"name\":\"Strands DT4 Anschlusskabel 5m\"}]},{\"@type\":\"WebSite\",\"@id\":\"https:\/\/www.alldayled.com\/de\/#website\",\"url\":\"https:\/\/www.alldayled.com\/de\/\",\"name\":\"All Day Led\",\"description\":\"Verlichting voor 12&amp;24 volt gebruik\",\"publisher\":{\"@id\":\"https:\/\/www.alldayled.com\/de\/#organization\"},\"potentialAction\":[{\"@type\":\"SearchAction\",\"target\":{\"@type\":\"EntryPoint\",\"urlTemplate\":\"https:\/\/www.alldayled.com\/de\/?s={search_term_string}\"},\"query-input\":{\"@type\":\"PropertyValueSpecification\",\"valueRequired\":true,\"valueName\":\"search_term_string\"}}],\"inLanguage\":\"de\"},{\"@type\":\"Organization\",\"@id\":\"https:\/\/www.alldayled.com\/de\/#organization\",\"name\":\"All Day Led\",\"url\":\"https:\/\/www.alldayled.com\/de\/\",\"logo\":{\"@type\":\"ImageObject\",\"inLanguage\":\"de\",\"@id\":\"https:\/\/www.alldayled.com\/de\/#\/schema\/logo\/image\/\",\"url\":\"https:\/\/www.alldayled.com\/wp-content\/uploads\/2025\/10\/Logo-ALL-DAY-LED-800x800-zwart-witte-letters.png\",\"contentUrl\":\"https:\/\/www.alldayled.com\/wp-content\/uploads\/2025\/10\/Logo-ALL-DAY-LED-800x800-zwart-witte-letters.png\",\"width\":800,\"height\":800,\"caption\":\"All Day Led\"},\"image\":{\"@id\":\"https:\/\/www.alldayled.com\/de\/#\/schema\/logo\/image\/\"},\"sameAs\":[\"https:\/\/www.facebook.com\/alldayled\/\",\"https:\/\/www.instagram.com\/alldayled\/\"],\"vatID\":\"NL863960133B01\",\"taxID\":\"86416545\"}]}<\/script>\n<meta property=\"product:brand\" content=\"Strands\" \/>\n<meta property=\"product:price:amount\" content=\"27.95\" \/>\n<meta property=\"product:price:currency\" content=\"EUR\" \/>\n<meta property=\"og:availability\" content=\"instock\" \/>\n<meta property=\"product:availability\" content=\"instock\" \/>\n<meta property=\"product:retailer_item_id\" content=\"ADL270487\" \/>\n<meta property=\"product:condition\" content=\"new\" \/>\n<!-- \/ Yoast SEO Premium plugin. -->","yoast_head_json":{"title":"DT4 Anschlusskabel 5 Meter - STRANDS - All Day Led - f\u00fcr 12&24V","description":"DT4 Anschlusskabel 5 Meter - Buchsenanschluss - Deutsch DT4 Stecker - 4 x 1,5MM\u00b2 Kabel - geeignet f\u00fcr 12 & 24 Volt - maximal 156 W","robots":{"index":"index","follow":"follow","max-snippet":"max-snippet:-1","max-image-preview":"max-image-preview:large","max-video-preview":"max-video-preview:-1"},"canonical":"https:\/\/www.alldayled.com\/de\/produkt\/strands-dt4-connector-kabel-5m\/","og_locale":"de_DE","og_type":"article","og_title":"DT4 Anschlusskabel 5 Meter - STRANDS - All Day Led - f\u00fcr 12&24V","og_description":"DT4 Anschlusskabel 5 Meter - Buchsenanschluss - Deutsch DT4 Stecker - 4 x 1,5MM\u00b2 Kabel - geeignet f\u00fcr 12 & 24 Volt - maximal 156 W","og_url":"https:\/\/www.alldayled.com\/de\/produkt\/strands-dt4-connector-kabel-5m\/","og_site_name":"All Day Led","article_publisher":"https:\/\/www.facebook.com\/alldayled\/","article_modified_time":"2026-05-06T08:17:36+00:00","og_image":[{"url":"https:\/\/www.alldayled.com\/wp-content\/uploads\/2025\/04\/ADL270487-SM-300x300.png","type":"","width":"","height":""}],"twitter_misc":{"Preis":"&euro;&nbsp;27,95","Verf\u00fcgbarkeit":"Auf Lager"},"schema":{"@context":"https:\/\/schema.org","@graph":[{"@type":"WebPage","@id":"https:\/\/www.alldayled.com\/de\/produkt\/strands-dt4-connector-kabel-5m\/","url":"https:\/\/www.alldayled.com\/de\/produkt\/strands-dt4-connector-kabel-5m\/","name":"DT4 Anschlusskabel 5 Meter - STRANDS - All Day Led - f\u00fcr 12&24V","isPartOf":{"@id":"https:\/\/www.alldayled.com\/de\/#website"},"primaryImageOfPage":{"@id":"https:\/\/www.alldayled.com\/de\/produkt\/strands-dt4-connector-kabel-5m\/#primaryimage"},"image":{"@id":"https:\/\/www.alldayled.com\/de\/produkt\/strands-dt4-connector-kabel-5m\/#primaryimage"},"thumbnailUrl":"https:\/\/www.alldayled.com\/wp-content\/uploads\/2025\/04\/ADL270487.png","datePublished":"2022-12-27T15:25:20+00:00","dateModified":"2026-05-06T08:17:36+00:00","description":"DT4 Anschlusskabel 5 Meter - Buchsenanschluss - Deutsch DT4 Stecker - 4 x 1,5MM\u00b2 Kabel - geeignet f\u00fcr 12 & 24 Volt - maximal 156 W","breadcrumb":{"@id":"https:\/\/www.alldayled.com\/de\/produkt\/strands-dt4-connector-kabel-5m\/#breadcrumb"},"inLanguage":"de","potentialAction":[{"@type":"ReadAction","target":["https:\/\/www.alldayled.com\/de\/produkt\/strands-dt4-connector-kabel-5m\/"]}]},{"@type":"ImageObject","inLanguage":"de","@id":"https:\/\/www.alldayled.com\/de\/produkt\/strands-dt4-connector-kabel-5m\/#primaryimage","url":"https:\/\/www.alldayled.com\/wp-content\/uploads\/2025\/04\/ADL270487.png","contentUrl":"https:\/\/www.alldayled.com\/wp-content\/uploads\/2025\/04\/ADL270487.png","width":800,"height":600,"caption":"Strands DT4 Anschlusskabel 5 Meter - 270487 - EAN: 7323030187996"},{"@type":"BreadcrumbList","@id":"https:\/\/www.alldayled.com\/de\/produkt\/strands-dt4-connector-kabel-5m\/#breadcrumb","itemListElement":[{"@type":"ListItem","position":1,"name":"Home","item":"https:\/\/www.alldayled.com\/de\/"},{"@type":"ListItem","position":2,"name":"Shop","item":"https:\/\/www.alldayled.com\/de\/shop\/"},{"@type":"ListItem","position":3,"name":"Arbeitsscheinwerfer","item":"https:\/\/www.alldayled.com\/de\/produkt-kategorie\/arbeitsscheinwerfer\/"},{"@type":"ListItem","position":4,"name":"Arbeitsscheinwerfer Zubeh\u00f6r","item":"https:\/\/www.alldayled.com\/de\/produkt-kategorie\/arbeitsscheinwerfer\/werklamp-toebehoren\/"},{"@type":"ListItem","position":5,"name":"Strands DT4 Anschlusskabel 5m"}]},{"@type":"WebSite","@id":"https:\/\/www.alldayled.com\/de\/#website","url":"https:\/\/www.alldayled.com\/de\/","name":"All Day Led","description":"Verlichting voor 12&amp;24 volt gebruik","publisher":{"@id":"https:\/\/www.alldayled.com\/de\/#organization"},"potentialAction":[{"@type":"SearchAction","target":{"@type":"EntryPoint","urlTemplate":"https:\/\/www.alldayled.com\/de\/?s={search_term_string}"},"query-input":{"@type":"PropertyValueSpecification","valueRequired":true,"valueName":"search_term_string"}}],"inLanguage":"de"},{"@type":"Organization","@id":"https:\/\/www.alldayled.com\/de\/#organization","name":"All Day Led","url":"https:\/\/www.alldayled.com\/de\/","logo":{"@type":"ImageObject","inLanguage":"de","@id":"https:\/\/www.alldayled.com\/de\/#\/schema\/logo\/image\/","url":"https:\/\/www.alldayled.com\/wp-content\/uploads\/2025\/10\/Logo-ALL-DAY-LED-800x800-zwart-witte-letters.png","contentUrl":"https:\/\/www.alldayled.com\/wp-content\/uploads\/2025\/10\/Logo-ALL-DAY-LED-800x800-zwart-witte-letters.png","width":800,"height":800,"caption":"All Day Led"},"image":{"@id":"https:\/\/www.alldayled.com\/de\/#\/schema\/logo\/image\/"},"sameAs":["https:\/\/www.facebook.com\/alldayled\/","https:\/\/www.instagram.com\/alldayled\/"],"vatID":"NL863960133B01","taxID":"86416545"}]},"product_brand":"Strands","product_price_amount":"27.95","product_price_currency":"EUR","og_availability":"instock","product_availability":"instock","product_retailer_item_id":"ADL270487","product_condition":"new"},"_links":{"self":[{"href":"https:\/\/www.alldayled.com\/de\/wp-json\/wp\/v2\/product\/66570","targetHints":{"allow":["GET"]}}],"collection":[{"href":"https:\/\/www.alldayled.com\/de\/wp-json\/wp\/v2\/product"}],"about":[{"href":"https:\/\/www.alldayled.com\/de\/wp-json\/wp\/v2\/types\/product"}],"replies":[{"embeddable":true,"href":"https:\/\/www.alldayled.com\/de\/wp-json\/wp\/v2\/comments?post=66570"}],"wp:featuredmedia":[{"embeddable":true,"href":"https:\/\/www.alldayled.com\/de\/wp-json\/wp\/v2\/media\/35253"}],"wp:attachment":[{"href":"https:\/\/www.alldayled.com\/de\/wp-json\/wp\/v2\/media?parent=66570"}],"wp:term":[{"taxonomy":"product_brand","embeddable":true,"href":"https:\/\/www.alldayled.com\/de\/wp-json\/wp\/v2\/product_brand?post=66570"},{"taxonomy":"product_cat","embeddable":true,"href":"https:\/\/www.alldayled.com\/de\/wp-json\/wp\/v2\/product_cat?post=66570"},{"taxonomy":"product_tag","embeddable":true,"href":"https:\/\/www.alldayled.com\/de\/wp-json\/wp\/v2\/product_tag?post=66570"}],"curies":[{"name":"wp","href":"https:\/\/api.w.org\/{rel}","templated":true}]}}