{"id":66598,"date":"2023-03-10T15:42:12","date_gmt":"2023-03-10T14:42:12","guid":{"rendered":"https:\/\/www.alldayled.com\/product\/volvo-drl-unit-warm-wit-2021\/"},"modified":"2023-03-10T15:42:12","modified_gmt":"2023-03-10T14:42:12","slug":"volvo-drl-unit-warm-wit-2021","status":"publish","type":"product","link":"https:\/\/www.alldayled.com\/de\/produkt\/volvo-drl-unit-warm-wit-2021\/","title":{"rendered":"Tagfahrlicht Volvo 2021+ warm wei\u00df"},"content":{"rendered":"<p><span style=\"color: #000000;\"><strong>DRL Einheit WARM WEISS, geeignet f\u00fcr den Volvo FH5 ab Baujahr 2021+.<\/strong><\/span><\/p>\n<p><span style=\"color: #000000;\">M\u00f6chten Sie das originale LED Tagfahrlicht Ihres Volvo FH5 durch eine warm wei\u00dfe Farbe ersetzen? Dann ist dieses DRL Set vielleicht das Set, das Sie suchen. Dieses Set besteht aus zwei LED Pl\u00e4ttchen, mit denen Sie sowohl die linke als auch die rechte Einheit ver\u00e4ndern k\u00f6nnen. Sie ersetzen die original montierte Beleuchtung einfach durch die warm wei\u00dfe Variante.   <\/span><\/p>\n<p><span style=\"color: #000000;\">Da Sie vor dem Kauf wissen m\u00f6chten, dass das Set f\u00fcr Ihren LKW geeignet ist, haben wir hier einige wichtige Punkte aufgeschrieben. Es ist wichtig, dass die original montierten Einheiten exakt die gleichen sind wie auf Abbildung zwei zu sehen. Wenn die original montierte Einheit nicht \u00fcbereinstimmt, passt diese Ersatzlampe nicht. Weiterhin ist das Volvo FH5 Tagfahrlicht warm wei\u00df nur f\u00fcr Modelle ab Baujahr 2021+ geeignet. Diese DRL Einheit ist f\u00fcr die \u00f6ffentliche Stra\u00dfe geeignet, aber w\u00e4hrend der Hauptuntersuchung kann die Werkstatt Sie bitten, die originale Einheit wieder einzusetzen. Bewahren Sie diese also gut auf, um Probleme bei der Inspektion zu vermeiden.     <\/span><\/p>\n<h5><span style=\"color: #000000;\"><strong>Weitere Modelle:  <\/strong><\/span><\/h5>\n<p><span style=\"color: #000000;\">Haben Sie zwar einen Volvo FH5 LKW, m\u00f6chten aber das Tagfahrlicht nicht in die Farbe warm wei\u00df \u00e4ndern? Wissen Sie, dass dieses DRL Modul auch in anderen Farben erh\u00e4ltlich ist. Sehen Sie sich unten die \u00fcbrigen Farboptionen an:  <\/span><\/p>\n<ul>\n<li><span style=\"color: #000000;\"><a style=\"color: #000000;\" href=\"https:\/\/www.alldayled.com\/de\/produkt\/dagrijverlichting-volvo-2021-wit-oranje\/\"><strong>DRL FH5 wei\u00df \/ orange 2021+<\/strong><\/a><\/span><\/li>\n<li><span style=\"color: #000000;\"><a style=\"color: #000000;\" href=\"https:\/\/www.alldayled.com\/de\/produkt\/volvo-drl-unit-oranje-2021\/\" target=\"_blank\" rel=\"noopener\"><strong>DRL FH5 orange 2021+<\/strong><\/a><\/span><\/li>\n<\/ul>\n<p><span style=\"color: #000000;\">M\u00f6chten Sie nicht nur das Volvo FH5 Tagfahrlicht warm wei\u00df montieren? Sondern sind Sie auf der Suche nach mehr Beleuchtung, die Sie in oder um Ihren Volvo montieren k\u00f6nnen? Dann werfen Sie auch einen Blick auf die Seite <a style=\"font-size: 16px; background-color: #ffffff; color: #000000;\" href=\"https:\/\/www.alldayled.com\/de\/produkt-kategorie\/beleuchtungswagen\/volvo-beleuchtung\/\" target=\"_blank\" rel=\"noopener\">Volvo verlichting<\/a>.  <\/span><\/p>\n","protected":false},"excerpt":{"rendered":"<p>DRL Einheit warm wei\u00df, geeignet f\u00fcr Volvo FH5 ab Baujahr 2021+.<\/p>\n","protected":false},"featured_media":24351,"comment_status":"open","ping_status":"closed","template":"","meta":{"_acf_changed":false},"product_brand":[6501],"product_cat":[5328,5413],"product_tag":[5573,9384,9383,9390,9394,9395,9391],"class_list":{"0":"post-66598","1":"product","2":"type-product","3":"status-publish","4":"has-post-thumbnail","6":"product_brand-mtrs","7":"product_cat-dagrijlampen","8":"product_cat-volvo-beleuchtung","9":"product_tag-drl-module","10":"product_tag-led-tagfahrlicht","11":"product_tag-tagfahrlicht-lkw","12":"product_tag-tagfahrlicht-volvo","13":"product_tag-tagfahrlicht-volvo-fh4b","14":"product_tag-tagfahrlicht-volvo-fh5","15":"product_tag-tagfahrlicht-volvo-fm","17":"first","18":"instock","19":"taxable","20":"shipping-taxable","21":"purchasable","22":"product-type-simple"},"acf":[],"yoast_head":"<!-- This site is optimized with the Yoast SEO Premium plugin v26.5 (Yoast SEO v27.1.1) - https:\/\/yoast.com\/product\/yoast-seo-premium-wordpress\/ -->\n<title>Volvo FH5 Tagfahrlicht warm wei\u00df - All Day Led - Modell 2021+<\/title>\n<meta name=\"description\" content=\"Volvo FH5 Tagfahrlicht warm wei\u00df 2021+ - schnelle Lieferung - schnell lieferbar - LED Tagfahrlicht Halogen Farbe - FH4B, FH5 - DRL Einheit\" \/>\n<meta name=\"robots\" content=\"index, follow, max-snippet:-1, max-image-preview:large, max-video-preview:-1\" \/>\n<link rel=\"canonical\" href=\"https:\/\/www.alldayled.com\/de\/produkt\/volvo-drl-unit-warm-wit-2021\/\" \/>\n<meta property=\"og:locale\" content=\"de_DE\" \/>\n<meta property=\"og:type\" content=\"article\" \/>\n<meta property=\"og:title\" content=\"Volvo FH5 Tagfahrlicht warm wei\u00df - All Day Led - Modell 2021+\" \/>\n<meta property=\"og:description\" content=\"Volvo FH5 Tagfahrlicht warm wei\u00df 2021+ - schnelle Lieferung - schnell lieferbar - LED Tagfahrlicht Halogen Farbe - FH4B, FH5 - DRL Einheit\" \/>\n<meta property=\"og:url\" content=\"https:\/\/www.alldayled.com\/de\/produkt\/volvo-drl-unit-warm-wit-2021\/\" \/>\n<meta property=\"og:site_name\" content=\"All Day Led\" \/>\n<meta property=\"article:publisher\" content=\"https:\/\/www.facebook.com\/alldayled\/\" \/>\n<meta property=\"og:image\" content=\"https:\/\/www.alldayled.com\/wp-content\/uploads\/2025\/05\/ADL00802-S-M-4-300x300.png\" \/>\n<meta name=\"twitter:label1\" content=\"Preis\" \/>\n\t<meta name=\"twitter:data1\" content=\"&euro;&nbsp;175,00\" \/>\n\t<meta name=\"twitter:label2\" content=\"Verf\u00fcgbarkeit\" \/>\n\t<meta name=\"twitter:data2\" content=\"Auf Lager\" \/>\n<script type=\"application\/ld+json\" class=\"yoast-schema-graph\">{\"@context\":\"https:\/\/schema.org\",\"@graph\":[{\"@type\":\"WebPage\",\"@id\":\"https:\/\/www.alldayled.com\/de\/produkt\/volvo-drl-unit-warm-wit-2021\/\",\"url\":\"https:\/\/www.alldayled.com\/de\/produkt\/volvo-drl-unit-warm-wit-2021\/\",\"name\":\"Volvo FH5 Tagfahrlicht warm wei\u00df - All Day Led - Modell 2021+\",\"isPartOf\":{\"@id\":\"https:\/\/www.alldayled.com\/de\/#website\"},\"primaryImageOfPage\":{\"@id\":\"https:\/\/www.alldayled.com\/de\/produkt\/volvo-drl-unit-warm-wit-2021\/#primaryimage\"},\"image\":{\"@id\":\"https:\/\/www.alldayled.com\/de\/produkt\/volvo-drl-unit-warm-wit-2021\/#primaryimage\"},\"thumbnailUrl\":\"https:\/\/www.alldayled.com\/wp-content\/uploads\/2023\/03\/ADL00802.png\",\"datePublished\":\"2023-03-10T14:42:12+00:00\",\"description\":\"Volvo FH5 Tagfahrlicht warm wei\u00df 2021+ - schnelle Lieferung - schnell lieferbar - LED Tagfahrlicht Halogen Farbe - FH4B, FH5 - DRL Einheit\",\"breadcrumb\":{\"@id\":\"https:\/\/www.alldayled.com\/de\/produkt\/volvo-drl-unit-warm-wit-2021\/#breadcrumb\"},\"inLanguage\":\"de\",\"potentialAction\":[{\"@type\":\"ReadAction\",\"target\":[\"https:\/\/www.alldayled.com\/de\/produkt\/volvo-drl-unit-warm-wit-2021\/\"]}]},{\"@type\":\"ImageObject\",\"inLanguage\":\"de\",\"@id\":\"https:\/\/www.alldayled.com\/de\/produkt\/volvo-drl-unit-warm-wit-2021\/#primaryimage\",\"url\":\"https:\/\/www.alldayled.com\/wp-content\/uploads\/2023\/03\/ADL00802.png\",\"contentUrl\":\"https:\/\/www.alldayled.com\/wp-content\/uploads\/2023\/03\/ADL00802.png\",\"width\":800,\"height\":600,\"caption\":\"Volvo FH5 LED Tagfahrlicht warm wei\u00df - Baujahr 2021+ - Volvo LED DRL Einheit - EAN: 6090553634627\"},{\"@type\":\"BreadcrumbList\",\"@id\":\"https:\/\/www.alldayled.com\/de\/produkt\/volvo-drl-unit-warm-wit-2021\/#breadcrumb\",\"itemListElement\":[{\"@type\":\"ListItem\",\"position\":1,\"name\":\"Home\",\"item\":\"https:\/\/www.alldayled.com\/de\/\"},{\"@type\":\"ListItem\",\"position\":2,\"name\":\"Shop\",\"item\":\"https:\/\/www.alldayled.com\/de\/shop\/\"},{\"@type\":\"ListItem\",\"position\":3,\"name\":\"Andere\",\"item\":\"https:\/\/www.alldayled.com\/de\/produkt-kategorie\/andere-produkte\/\"},{\"@type\":\"ListItem\",\"position\":4,\"name\":\"Tagfahrlicht\",\"item\":\"https:\/\/www.alldayled.com\/de\/produkt-kategorie\/andere-produkte\/dagrijlampen\/\"},{\"@type\":\"ListItem\",\"position\":5,\"name\":\"Tagfahrlicht Volvo 2021+ warm wei\u00df\"}]},{\"@type\":\"WebSite\",\"@id\":\"https:\/\/www.alldayled.com\/de\/#website\",\"url\":\"https:\/\/www.alldayled.com\/de\/\",\"name\":\"All Day Led\",\"description\":\"Verlichting voor 12&amp;24 volt gebruik\",\"publisher\":{\"@id\":\"https:\/\/www.alldayled.com\/de\/#organization\"},\"potentialAction\":[{\"@type\":\"SearchAction\",\"target\":{\"@type\":\"EntryPoint\",\"urlTemplate\":\"https:\/\/www.alldayled.com\/de\/?s={search_term_string}\"},\"query-input\":{\"@type\":\"PropertyValueSpecification\",\"valueRequired\":true,\"valueName\":\"search_term_string\"}}],\"inLanguage\":\"de\"},{\"@type\":\"Organization\",\"@id\":\"https:\/\/www.alldayled.com\/de\/#organization\",\"name\":\"All Day Led\",\"url\":\"https:\/\/www.alldayled.com\/de\/\",\"logo\":{\"@type\":\"ImageObject\",\"inLanguage\":\"de\",\"@id\":\"https:\/\/www.alldayled.com\/de\/#\/schema\/logo\/image\/\",\"url\":\"https:\/\/www.alldayled.com\/wp-content\/uploads\/2025\/10\/Logo-ALL-DAY-LED-800x800-zwart-witte-letters.png\",\"contentUrl\":\"https:\/\/www.alldayled.com\/wp-content\/uploads\/2025\/10\/Logo-ALL-DAY-LED-800x800-zwart-witte-letters.png\",\"width\":800,\"height\":800,\"caption\":\"All Day Led\"},\"image\":{\"@id\":\"https:\/\/www.alldayled.com\/de\/#\/schema\/logo\/image\/\"},\"sameAs\":[\"https:\/\/www.facebook.com\/alldayled\/\",\"https:\/\/www.instagram.com\/alldayled\/\"],\"vatID\":\"NL863960133B01\",\"taxID\":\"86416545\"}]}<\/script>\n<meta property=\"product:brand\" content=\"MTRS\" \/>\n<meta property=\"product:price:amount\" content=\"175.00\" \/>\n<meta property=\"product:price:currency\" content=\"EUR\" \/>\n<meta property=\"og:availability\" content=\"instock\" \/>\n<meta property=\"product:availability\" content=\"instock\" \/>\n<meta property=\"product:retailer_item_id\" content=\"ADL00802\" \/>\n<meta property=\"product:condition\" content=\"new\" \/>\n<!-- \/ Yoast SEO Premium plugin. -->","yoast_head_json":{"title":"Volvo FH5 Tagfahrlicht warm wei\u00df - All Day Led - Modell 2021+","description":"Volvo FH5 Tagfahrlicht warm wei\u00df 2021+ - schnelle Lieferung - schnell lieferbar - LED Tagfahrlicht Halogen Farbe - FH4B, FH5 - DRL Einheit","robots":{"index":"index","follow":"follow","max-snippet":"max-snippet:-1","max-image-preview":"max-image-preview:large","max-video-preview":"max-video-preview:-1"},"canonical":"https:\/\/www.alldayled.com\/de\/produkt\/volvo-drl-unit-warm-wit-2021\/","og_locale":"de_DE","og_type":"article","og_title":"Volvo FH5 Tagfahrlicht warm wei\u00df - All Day Led - Modell 2021+","og_description":"Volvo FH5 Tagfahrlicht warm wei\u00df 2021+ - schnelle Lieferung - schnell lieferbar - LED Tagfahrlicht Halogen Farbe - FH4B, FH5 - DRL Einheit","og_url":"https:\/\/www.alldayled.com\/de\/produkt\/volvo-drl-unit-warm-wit-2021\/","og_site_name":"All Day Led","article_publisher":"https:\/\/www.facebook.com\/alldayled\/","og_image":[{"url":"https:\/\/www.alldayled.com\/wp-content\/uploads\/2025\/05\/ADL00802-S-M-4-300x300.png","type":"","width":"","height":""}],"twitter_misc":{"Preis":"&euro;&nbsp;175,00","Verf\u00fcgbarkeit":"Auf Lager"},"schema":{"@context":"https:\/\/schema.org","@graph":[{"@type":"WebPage","@id":"https:\/\/www.alldayled.com\/de\/produkt\/volvo-drl-unit-warm-wit-2021\/","url":"https:\/\/www.alldayled.com\/de\/produkt\/volvo-drl-unit-warm-wit-2021\/","name":"Volvo FH5 Tagfahrlicht warm wei\u00df - All Day Led - Modell 2021+","isPartOf":{"@id":"https:\/\/www.alldayled.com\/de\/#website"},"primaryImageOfPage":{"@id":"https:\/\/www.alldayled.com\/de\/produkt\/volvo-drl-unit-warm-wit-2021\/#primaryimage"},"image":{"@id":"https:\/\/www.alldayled.com\/de\/produkt\/volvo-drl-unit-warm-wit-2021\/#primaryimage"},"thumbnailUrl":"https:\/\/www.alldayled.com\/wp-content\/uploads\/2023\/03\/ADL00802.png","datePublished":"2023-03-10T14:42:12+00:00","description":"Volvo FH5 Tagfahrlicht warm wei\u00df 2021+ - schnelle Lieferung - schnell lieferbar - LED Tagfahrlicht Halogen Farbe - FH4B, FH5 - DRL Einheit","breadcrumb":{"@id":"https:\/\/www.alldayled.com\/de\/produkt\/volvo-drl-unit-warm-wit-2021\/#breadcrumb"},"inLanguage":"de","potentialAction":[{"@type":"ReadAction","target":["https:\/\/www.alldayled.com\/de\/produkt\/volvo-drl-unit-warm-wit-2021\/"]}]},{"@type":"ImageObject","inLanguage":"de","@id":"https:\/\/www.alldayled.com\/de\/produkt\/volvo-drl-unit-warm-wit-2021\/#primaryimage","url":"https:\/\/www.alldayled.com\/wp-content\/uploads\/2023\/03\/ADL00802.png","contentUrl":"https:\/\/www.alldayled.com\/wp-content\/uploads\/2023\/03\/ADL00802.png","width":800,"height":600,"caption":"Volvo FH5 LED Tagfahrlicht warm wei\u00df - Baujahr 2021+ - Volvo LED DRL Einheit - EAN: 6090553634627"},{"@type":"BreadcrumbList","@id":"https:\/\/www.alldayled.com\/de\/produkt\/volvo-drl-unit-warm-wit-2021\/#breadcrumb","itemListElement":[{"@type":"ListItem","position":1,"name":"Home","item":"https:\/\/www.alldayled.com\/de\/"},{"@type":"ListItem","position":2,"name":"Shop","item":"https:\/\/www.alldayled.com\/de\/shop\/"},{"@type":"ListItem","position":3,"name":"Andere","item":"https:\/\/www.alldayled.com\/de\/produkt-kategorie\/andere-produkte\/"},{"@type":"ListItem","position":4,"name":"Tagfahrlicht","item":"https:\/\/www.alldayled.com\/de\/produkt-kategorie\/andere-produkte\/dagrijlampen\/"},{"@type":"ListItem","position":5,"name":"Tagfahrlicht Volvo 2021+ warm wei\u00df"}]},{"@type":"WebSite","@id":"https:\/\/www.alldayled.com\/de\/#website","url":"https:\/\/www.alldayled.com\/de\/","name":"All Day Led","description":"Verlichting voor 12&amp;24 volt gebruik","publisher":{"@id":"https:\/\/www.alldayled.com\/de\/#organization"},"potentialAction":[{"@type":"SearchAction","target":{"@type":"EntryPoint","urlTemplate":"https:\/\/www.alldayled.com\/de\/?s={search_term_string}"},"query-input":{"@type":"PropertyValueSpecification","valueRequired":true,"valueName":"search_term_string"}}],"inLanguage":"de"},{"@type":"Organization","@id":"https:\/\/www.alldayled.com\/de\/#organization","name":"All Day Led","url":"https:\/\/www.alldayled.com\/de\/","logo":{"@type":"ImageObject","inLanguage":"de","@id":"https:\/\/www.alldayled.com\/de\/#\/schema\/logo\/image\/","url":"https:\/\/www.alldayled.com\/wp-content\/uploads\/2025\/10\/Logo-ALL-DAY-LED-800x800-zwart-witte-letters.png","contentUrl":"https:\/\/www.alldayled.com\/wp-content\/uploads\/2025\/10\/Logo-ALL-DAY-LED-800x800-zwart-witte-letters.png","width":800,"height":800,"caption":"All Day Led"},"image":{"@id":"https:\/\/www.alldayled.com\/de\/#\/schema\/logo\/image\/"},"sameAs":["https:\/\/www.facebook.com\/alldayled\/","https:\/\/www.instagram.com\/alldayled\/"],"vatID":"NL863960133B01","taxID":"86416545"}]},"product_brand":"MTRS","product_price_amount":"175.00","product_price_currency":"EUR","og_availability":"instock","product_availability":"instock","product_retailer_item_id":"ADL00802","product_condition":"new"},"_links":{"self":[{"href":"https:\/\/www.alldayled.com\/de\/wp-json\/wp\/v2\/product\/66598","targetHints":{"allow":["GET"]}}],"collection":[{"href":"https:\/\/www.alldayled.com\/de\/wp-json\/wp\/v2\/product"}],"about":[{"href":"https:\/\/www.alldayled.com\/de\/wp-json\/wp\/v2\/types\/product"}],"replies":[{"embeddable":true,"href":"https:\/\/www.alldayled.com\/de\/wp-json\/wp\/v2\/comments?post=66598"}],"wp:featuredmedia":[{"embeddable":true,"href":"https:\/\/www.alldayled.com\/de\/wp-json\/wp\/v2\/media\/24351"}],"wp:attachment":[{"href":"https:\/\/www.alldayled.com\/de\/wp-json\/wp\/v2\/media?parent=66598"}],"wp:term":[{"taxonomy":"product_brand","embeddable":true,"href":"https:\/\/www.alldayled.com\/de\/wp-json\/wp\/v2\/product_brand?post=66598"},{"taxonomy":"product_cat","embeddable":true,"href":"https:\/\/www.alldayled.com\/de\/wp-json\/wp\/v2\/product_cat?post=66598"},{"taxonomy":"product_tag","embeddable":true,"href":"https:\/\/www.alldayled.com\/de\/wp-json\/wp\/v2\/product_tag?post=66598"}],"curies":[{"name":"wp","href":"https:\/\/api.w.org\/{rel}","templated":true}]}}