{"id":66599,"date":"2023-03-10T15:41:09","date_gmt":"2023-03-10T14:41:09","guid":{"rendered":"https:\/\/www.alldayled.com\/product\/volvo-drl-unit-oranje-2021\/"},"modified":"2026-02-01T21:00:49","modified_gmt":"2026-02-01T20:00:49","slug":"volvo-drl-unit-oranje-2021","status":"publish","type":"product","link":"https:\/\/www.alldayled.com\/de\/produkt\/volvo-drl-unit-oranje-2021\/","title":{"rendered":"Tagfahrlicht Volvo 2021+ orange"},"content":{"rendered":"<p><span style=\"color: #000000;\"><strong>DRL-Einheit ORANGE, geeignet f\u00fcr den Volvo FH5 mit Baujahr 2021+. <\/strong><\/span><\/p>\n<p><span style=\"color: #000000;\">M\u00f6chten Sie das originale LED Tagfahrlicht Ihres Volvo FH5 durch eine orange Farbe ersetzen? Dann ist dieses DRL-Set vielleicht das Set, das Sie suchen. Dieses Set besteht aus zwei LED-Pl\u00e4ttchen, mit denen Sie sowohl die linke als auch die rechte Module ver\u00e4ndern k\u00f6nnen. Sie ersetzen die original montierte Beleuchtung einfach durch die orangefarbene Variante.    <\/span><\/p>\n<p><span style=\"color: #000000;\">Da Sie vor dem Kauf wissen m\u00f6chten, dass das Set f\u00fcr Ihren LKW geeignet ist, haben wir hier einige wichtige Punkte aufgeschrieben. Es ist wichtig, dass die original montierten Einheiten exakt die gleichen sind wie auf Abbildung zwei zu sehen. Stimmt die original montierte Einheit nicht \u00fcberein, dann passt diese Ersatzlampe nicht. Weiter ist das Volvo FH5 Tagfahrlicht orange nur f\u00fcr Modelle ab Baujahr 2021+ geeignet. Diese DRL-Einheit ist f\u00fcr die \u00f6ffentliche Stra\u00dfe geeignet, aber w\u00e4hrend der HU kann die Werkstatt bitten, die originale Module zur\u00fcck zu platzieren. Bewahren Sie diese also gut auf, um Probleme bei der Pr\u00fcfung zu vermeiden.     <\/span><\/p>\n<h5><span style=\"color: #000000;\"><strong>Weitere Modelle:  <\/strong><\/span><\/h5>\n<p><span style=\"color: #000000;\">Haben Sie zwar einen Volvo FH5 LKW, m\u00f6chten aber das Tagfahrlicht nicht in die Farbe Orange \u00e4ndern? Wissen Sie dann, dass diese DRL-Module auch in anderen Farben verf\u00fcgbar ist. Sehen Sie sich hier unten die \u00fcbrigen Farboptionen an:  <\/span><\/p>\n<ul>\n<li><span style=\"color: #000000;\"><a style=\"color: #000000;\" href=\"https:\/\/www.alldayled.com\/de\/produkt\/dagrijverlichting-volvo-2021-wit-oranje\/\"><strong>DRL FH5 wei\u00df \/ orange 2021+<\/strong><\/a><\/span><\/li>\n<li><span style=\"color: #000000;\"><a style=\"color: #000000;\" href=\"https:\/\/www.alldayled.com\/de\/produkt\/volvo-drl-unit-warm-wit-2021\/\" target=\"_blank\" rel=\"noopener\"><strong>DRL FH5 warm wei\u00df 2021+<\/strong><\/a><\/span><\/li>\n<\/ul>\n<p><span style=\"color: #000000;\">M\u00f6chten Sie nicht nur das Volvo FH5 Tagfahrlicht orange montieren? Sondern sind Sie auf der Suche nach mehr Beleuchtung, die Sie in oder um Ihren Volvo montieren k\u00f6nnen? Dann werfen Sie auch einen Blick auf die Seite <a style=\"font-size: 16px; background-color: #ffffff; color: #000000;\" href=\"https:\/\/www.alldayled.com\/de\/produkt-kategorie\/beleuchtungswagen\/volvo-beleuchtung\/\" target=\"_blank\" rel=\"noopener\">Volvo verlichting<\/a>.  <\/span><\/p>\n","protected":false},"excerpt":{"rendered":"<p>DRL-Einheit orange, geeignet f\u00fcr Volvo FH5 mit Baujahr 2021+.<\/p>\n","protected":false},"featured_media":24333,"comment_status":"open","ping_status":"closed","template":"","meta":{"_acf_changed":false},"product_brand":[6501],"product_cat":[5328,5413],"product_tag":[5573,9384,9383,9390,9394,9395,9391],"class_list":{"0":"post-66599","1":"product","2":"type-product","3":"status-publish","4":"has-post-thumbnail","6":"product_brand-mtrs","7":"product_cat-dagrijlampen","8":"product_cat-volvo-beleuchtung","9":"product_tag-drl-module","10":"product_tag-led-tagfahrlicht","11":"product_tag-tagfahrlicht-lkw","12":"product_tag-tagfahrlicht-volvo","13":"product_tag-tagfahrlicht-volvo-fh4b","14":"product_tag-tagfahrlicht-volvo-fh5","15":"product_tag-tagfahrlicht-volvo-fm","17":"first","18":"instock","19":"taxable","20":"shipping-taxable","21":"purchasable","22":"product-type-simple"},"acf":[],"yoast_head":"<!-- This site is optimized with the Yoast SEO Premium plugin v26.5 (Yoast SEO v27.1.1) - https:\/\/yoast.com\/product\/yoast-seo-premium-wordpress\/ -->\n<title>Volvo FH5 Tagfahrlicht orange - All Day Led - Modell 2021+<\/title>\n<meta name=\"description\" content=\"Volvo FH5 Tagfahrlicht orange 2021+ - schnelle Lieferung - schnell lieferbar - LED Tagfahrlicht orange - FH4B, FH5 - DRL-Einheit\" \/>\n<meta name=\"robots\" content=\"index, follow, max-snippet:-1, max-image-preview:large, max-video-preview:-1\" \/>\n<link rel=\"canonical\" href=\"https:\/\/www.alldayled.com\/de\/produkt\/volvo-drl-unit-oranje-2021\/\" \/>\n<meta property=\"og:locale\" content=\"de_DE\" \/>\n<meta property=\"og:type\" content=\"article\" \/>\n<meta property=\"og:title\" content=\"Volvo FH5 Tagfahrlicht orange - All Day Led - Modell 2020+\" \/>\n<meta property=\"og:description\" content=\"Volvo FH5 Tagfahrlicht orange 2020+ - gratis Versand - direkt lieferbar - LED Tagfahrlicht orange - FH4B, FH5 - DRL\" \/>\n<meta property=\"og:url\" content=\"https:\/\/www.alldayled.com\/de\/produkt\/volvo-drl-unit-oranje-2021\/\" \/>\n<meta property=\"og:site_name\" content=\"All Day Led\" \/>\n<meta property=\"article:publisher\" content=\"https:\/\/www.facebook.com\/alldayled\/\" \/>\n<meta property=\"article:modified_time\" content=\"2026-02-01T20:00:49+00:00\" \/>\n<meta property=\"og:image\" content=\"https:\/\/www.alldayled.com\/wp-content\/uploads\/2025\/05\/ADL00800-S-M-1-300x300.png\" \/>\n<meta name=\"twitter:label1\" content=\"Preis\" \/>\n\t<meta name=\"twitter:data1\" content=\"&euro;&nbsp;165,00\" \/>\n\t<meta name=\"twitter:label2\" content=\"Verf\u00fcgbarkeit\" \/>\n\t<meta name=\"twitter:data2\" content=\"Auf Lager\" \/>\n<script type=\"application\/ld+json\" class=\"yoast-schema-graph\">{\"@context\":\"https:\/\/schema.org\",\"@graph\":[{\"@type\":\"WebPage\",\"@id\":\"https:\/\/www.alldayled.com\/de\/produkt\/volvo-drl-unit-oranje-2021\/\",\"url\":\"https:\/\/www.alldayled.com\/de\/produkt\/volvo-drl-unit-oranje-2021\/\",\"name\":\"Volvo FH5 Tagfahrlicht orange - All Day Led - Modell 2021+\",\"isPartOf\":{\"@id\":\"https:\/\/www.alldayled.com\/de\/#website\"},\"primaryImageOfPage\":{\"@id\":\"https:\/\/www.alldayled.com\/de\/produkt\/volvo-drl-unit-oranje-2021\/#primaryimage\"},\"image\":{\"@id\":\"https:\/\/www.alldayled.com\/de\/produkt\/volvo-drl-unit-oranje-2021\/#primaryimage\"},\"thumbnailUrl\":\"https:\/\/www.alldayled.com\/wp-content\/uploads\/2023\/03\/ADL00800.png\",\"datePublished\":\"2023-03-10T14:41:09+00:00\",\"dateModified\":\"2026-02-01T20:00:49+00:00\",\"description\":\"Volvo FH5 Tagfahrlicht orange 2021+ - schnelle Lieferung - schnell lieferbar - LED Tagfahrlicht orange - FH4B, FH5 - DRL-Einheit\",\"breadcrumb\":{\"@id\":\"https:\/\/www.alldayled.com\/de\/produkt\/volvo-drl-unit-oranje-2021\/#breadcrumb\"},\"inLanguage\":\"de\",\"potentialAction\":[{\"@type\":\"ReadAction\",\"target\":[\"https:\/\/www.alldayled.com\/de\/produkt\/volvo-drl-unit-oranje-2021\/\"]}]},{\"@type\":\"ImageObject\",\"inLanguage\":\"de\",\"@id\":\"https:\/\/www.alldayled.com\/de\/produkt\/volvo-drl-unit-oranje-2021\/#primaryimage\",\"url\":\"https:\/\/www.alldayled.com\/wp-content\/uploads\/2023\/03\/ADL00800.png\",\"contentUrl\":\"https:\/\/www.alldayled.com\/wp-content\/uploads\/2023\/03\/ADL00800.png\",\"width\":800,\"height\":600,\"caption\":\"Volvo FH5 LED Tagfahrlicht orange - Baujahr 2021+ - Volvo LED DRL-Einheit - EAN: 6090535991908\"},{\"@type\":\"BreadcrumbList\",\"@id\":\"https:\/\/www.alldayled.com\/de\/produkt\/volvo-drl-unit-oranje-2021\/#breadcrumb\",\"itemListElement\":[{\"@type\":\"ListItem\",\"position\":1,\"name\":\"Home\",\"item\":\"https:\/\/www.alldayled.com\/de\/\"},{\"@type\":\"ListItem\",\"position\":2,\"name\":\"Shop\",\"item\":\"https:\/\/www.alldayled.com\/de\/shop\/\"},{\"@type\":\"ListItem\",\"position\":3,\"name\":\"Andere\",\"item\":\"https:\/\/www.alldayled.com\/de\/produkt-kategorie\/andere-produkte\/\"},{\"@type\":\"ListItem\",\"position\":4,\"name\":\"Tagfahrlicht\",\"item\":\"https:\/\/www.alldayled.com\/de\/produkt-kategorie\/andere-produkte\/dagrijlampen\/\"},{\"@type\":\"ListItem\",\"position\":5,\"name\":\"Tagfahrlicht Volvo 2021+ orange\"}]},{\"@type\":\"WebSite\",\"@id\":\"https:\/\/www.alldayled.com\/de\/#website\",\"url\":\"https:\/\/www.alldayled.com\/de\/\",\"name\":\"All Day Led\",\"description\":\"Verlichting voor 12&amp;24 volt gebruik\",\"publisher\":{\"@id\":\"https:\/\/www.alldayled.com\/de\/#organization\"},\"potentialAction\":[{\"@type\":\"SearchAction\",\"target\":{\"@type\":\"EntryPoint\",\"urlTemplate\":\"https:\/\/www.alldayled.com\/de\/?s={search_term_string}\"},\"query-input\":{\"@type\":\"PropertyValueSpecification\",\"valueRequired\":true,\"valueName\":\"search_term_string\"}}],\"inLanguage\":\"de\"},{\"@type\":\"Organization\",\"@id\":\"https:\/\/www.alldayled.com\/de\/#organization\",\"name\":\"All Day Led\",\"url\":\"https:\/\/www.alldayled.com\/de\/\",\"logo\":{\"@type\":\"ImageObject\",\"inLanguage\":\"de\",\"@id\":\"https:\/\/www.alldayled.com\/de\/#\/schema\/logo\/image\/\",\"url\":\"https:\/\/www.alldayled.com\/wp-content\/uploads\/2025\/10\/Logo-ALL-DAY-LED-800x800-zwart-witte-letters.png\",\"contentUrl\":\"https:\/\/www.alldayled.com\/wp-content\/uploads\/2025\/10\/Logo-ALL-DAY-LED-800x800-zwart-witte-letters.png\",\"width\":800,\"height\":800,\"caption\":\"All Day Led\"},\"image\":{\"@id\":\"https:\/\/www.alldayled.com\/de\/#\/schema\/logo\/image\/\"},\"sameAs\":[\"https:\/\/www.facebook.com\/alldayled\/\",\"https:\/\/www.instagram.com\/alldayled\/\"],\"vatID\":\"NL863960133B01\",\"taxID\":\"86416545\"}]}<\/script>\n<meta property=\"product:brand\" content=\"MTRS\" \/>\n<meta property=\"product:price:amount\" content=\"165.00\" \/>\n<meta property=\"product:price:currency\" content=\"EUR\" \/>\n<meta property=\"og:availability\" content=\"instock\" \/>\n<meta property=\"product:availability\" content=\"instock\" \/>\n<meta property=\"product:retailer_item_id\" content=\"ADL00800\" \/>\n<meta property=\"product:condition\" content=\"new\" \/>\n<!-- \/ Yoast SEO Premium plugin. -->","yoast_head_json":{"title":"Volvo FH5 Tagfahrlicht orange - All Day Led - Modell 2021+","description":"Volvo FH5 Tagfahrlicht orange 2021+ - schnelle Lieferung - schnell lieferbar - LED Tagfahrlicht orange - FH4B, FH5 - DRL-Einheit","robots":{"index":"index","follow":"follow","max-snippet":"max-snippet:-1","max-image-preview":"max-image-preview:large","max-video-preview":"max-video-preview:-1"},"canonical":"https:\/\/www.alldayled.com\/de\/produkt\/volvo-drl-unit-oranje-2021\/","og_locale":"de_DE","og_type":"article","og_title":"Volvo FH5 Tagfahrlicht orange - All Day Led - Modell 2020+","og_description":"Volvo FH5 Tagfahrlicht orange 2020+ - gratis Versand - direkt lieferbar - LED Tagfahrlicht orange - FH4B, FH5 - DRL","og_url":"https:\/\/www.alldayled.com\/de\/produkt\/volvo-drl-unit-oranje-2021\/","og_site_name":"All Day Led","article_publisher":"https:\/\/www.facebook.com\/alldayled\/","article_modified_time":"2026-02-01T20:00:49+00:00","og_image":[{"url":"https:\/\/www.alldayled.com\/wp-content\/uploads\/2025\/05\/ADL00800-S-M-1-300x300.png","type":"","width":"","height":""}],"twitter_misc":{"Preis":"&euro;&nbsp;165,00","Verf\u00fcgbarkeit":"Auf Lager"},"schema":{"@context":"https:\/\/schema.org","@graph":[{"@type":"WebPage","@id":"https:\/\/www.alldayled.com\/de\/produkt\/volvo-drl-unit-oranje-2021\/","url":"https:\/\/www.alldayled.com\/de\/produkt\/volvo-drl-unit-oranje-2021\/","name":"Volvo FH5 Tagfahrlicht orange - All Day Led - Modell 2021+","isPartOf":{"@id":"https:\/\/www.alldayled.com\/de\/#website"},"primaryImageOfPage":{"@id":"https:\/\/www.alldayled.com\/de\/produkt\/volvo-drl-unit-oranje-2021\/#primaryimage"},"image":{"@id":"https:\/\/www.alldayled.com\/de\/produkt\/volvo-drl-unit-oranje-2021\/#primaryimage"},"thumbnailUrl":"https:\/\/www.alldayled.com\/wp-content\/uploads\/2023\/03\/ADL00800.png","datePublished":"2023-03-10T14:41:09+00:00","dateModified":"2026-02-01T20:00:49+00:00","description":"Volvo FH5 Tagfahrlicht orange 2021+ - schnelle Lieferung - schnell lieferbar - LED Tagfahrlicht orange - FH4B, FH5 - DRL-Einheit","breadcrumb":{"@id":"https:\/\/www.alldayled.com\/de\/produkt\/volvo-drl-unit-oranje-2021\/#breadcrumb"},"inLanguage":"de","potentialAction":[{"@type":"ReadAction","target":["https:\/\/www.alldayled.com\/de\/produkt\/volvo-drl-unit-oranje-2021\/"]}]},{"@type":"ImageObject","inLanguage":"de","@id":"https:\/\/www.alldayled.com\/de\/produkt\/volvo-drl-unit-oranje-2021\/#primaryimage","url":"https:\/\/www.alldayled.com\/wp-content\/uploads\/2023\/03\/ADL00800.png","contentUrl":"https:\/\/www.alldayled.com\/wp-content\/uploads\/2023\/03\/ADL00800.png","width":800,"height":600,"caption":"Volvo FH5 LED Tagfahrlicht orange - Baujahr 2021+ - Volvo LED DRL-Einheit - EAN: 6090535991908"},{"@type":"BreadcrumbList","@id":"https:\/\/www.alldayled.com\/de\/produkt\/volvo-drl-unit-oranje-2021\/#breadcrumb","itemListElement":[{"@type":"ListItem","position":1,"name":"Home","item":"https:\/\/www.alldayled.com\/de\/"},{"@type":"ListItem","position":2,"name":"Shop","item":"https:\/\/www.alldayled.com\/de\/shop\/"},{"@type":"ListItem","position":3,"name":"Andere","item":"https:\/\/www.alldayled.com\/de\/produkt-kategorie\/andere-produkte\/"},{"@type":"ListItem","position":4,"name":"Tagfahrlicht","item":"https:\/\/www.alldayled.com\/de\/produkt-kategorie\/andere-produkte\/dagrijlampen\/"},{"@type":"ListItem","position":5,"name":"Tagfahrlicht Volvo 2021+ orange"}]},{"@type":"WebSite","@id":"https:\/\/www.alldayled.com\/de\/#website","url":"https:\/\/www.alldayled.com\/de\/","name":"All Day Led","description":"Verlichting voor 12&amp;24 volt gebruik","publisher":{"@id":"https:\/\/www.alldayled.com\/de\/#organization"},"potentialAction":[{"@type":"SearchAction","target":{"@type":"EntryPoint","urlTemplate":"https:\/\/www.alldayled.com\/de\/?s={search_term_string}"},"query-input":{"@type":"PropertyValueSpecification","valueRequired":true,"valueName":"search_term_string"}}],"inLanguage":"de"},{"@type":"Organization","@id":"https:\/\/www.alldayled.com\/de\/#organization","name":"All Day Led","url":"https:\/\/www.alldayled.com\/de\/","logo":{"@type":"ImageObject","inLanguage":"de","@id":"https:\/\/www.alldayled.com\/de\/#\/schema\/logo\/image\/","url":"https:\/\/www.alldayled.com\/wp-content\/uploads\/2025\/10\/Logo-ALL-DAY-LED-800x800-zwart-witte-letters.png","contentUrl":"https:\/\/www.alldayled.com\/wp-content\/uploads\/2025\/10\/Logo-ALL-DAY-LED-800x800-zwart-witte-letters.png","width":800,"height":800,"caption":"All Day Led"},"image":{"@id":"https:\/\/www.alldayled.com\/de\/#\/schema\/logo\/image\/"},"sameAs":["https:\/\/www.facebook.com\/alldayled\/","https:\/\/www.instagram.com\/alldayled\/"],"vatID":"NL863960133B01","taxID":"86416545"}]},"product_brand":"MTRS","product_price_amount":"165.00","product_price_currency":"EUR","og_availability":"instock","product_availability":"instock","product_retailer_item_id":"ADL00800","product_condition":"new"},"_links":{"self":[{"href":"https:\/\/www.alldayled.com\/de\/wp-json\/wp\/v2\/product\/66599","targetHints":{"allow":["GET"]}}],"collection":[{"href":"https:\/\/www.alldayled.com\/de\/wp-json\/wp\/v2\/product"}],"about":[{"href":"https:\/\/www.alldayled.com\/de\/wp-json\/wp\/v2\/types\/product"}],"replies":[{"embeddable":true,"href":"https:\/\/www.alldayled.com\/de\/wp-json\/wp\/v2\/comments?post=66599"}],"wp:featuredmedia":[{"embeddable":true,"href":"https:\/\/www.alldayled.com\/de\/wp-json\/wp\/v2\/media\/24333"}],"wp:attachment":[{"href":"https:\/\/www.alldayled.com\/de\/wp-json\/wp\/v2\/media?parent=66599"}],"wp:term":[{"taxonomy":"product_brand","embeddable":true,"href":"https:\/\/www.alldayled.com\/de\/wp-json\/wp\/v2\/product_brand?post=66599"},{"taxonomy":"product_cat","embeddable":true,"href":"https:\/\/www.alldayled.com\/de\/wp-json\/wp\/v2\/product_cat?post=66599"},{"taxonomy":"product_tag","embeddable":true,"href":"https:\/\/www.alldayled.com\/de\/wp-json\/wp\/v2\/product_tag?post=66599"}],"curies":[{"name":"wp","href":"https:\/\/api.w.org\/{rel}","templated":true}]}}