{"id":66601,"date":"2023-03-17T13:30:04","date_gmt":"2023-03-17T12:30:04","guid":{"rendered":"https:\/\/www.alldayled.com\/product\/daf-ng-drl-unit-warm-wit\/"},"modified":"2026-04-10T15:43:01","modified_gmt":"2026-04-10T13:43:01","slug":"daf-ng-drl-unit-warm-wit","status":"publish","type":"product","link":"https:\/\/www.alldayled.com\/de\/produkt\/daf-ng-drl-unit-warm-wit\/","title":{"rendered":"Tagfahrlicht DAF NG warm wei\u00df"},"content":{"rendered":"<p><span style=\"color: #000000;\"><strong>DRL-Einheit WARM WEISS, geeignet f\u00fcr einen DAF NG mit Baujahr 2021+.<\/strong><\/span><\/p>\n<p><span style=\"color: #000000;\">M\u00f6chtest du das original wei\u00dfe LED-Tagfahrlicht deines DAF XF, XG oder XG+ durch eine warm wei\u00dfe Farbe ersetzen? Dann ist dieses DAF NG Tagfahrlicht warm wei\u00df genau das Set, das du suchst. Dieses Set besteht aus zwei LED-Platinen, mit denen du sowohl das linke als auch das rechte Modul austauschen kannst. Die original verbaute Beleuchtung ersetzt du einfach durch die warm wei\u00dfe Variante.   <\/span><\/p>\n<p><span style=\"color: #000000;\">Da Sie vor dem Kauf wissen m\u00f6chten, dass das Set f\u00fcr Ihren LKW geeignet ist, haben wir hier einige wichtige Punkte aufgeschrieben. Es ist wichtig, dass die original montierten Einheiten exakt die gleichen sind wie die auf Abbildung zwei. Wenn die original montierte Einheit nicht \u00fcbereinstimmt, passt diese Ersatzlampe nicht.   Zudem ist das DAF NG Tagfahrlicht warm wei\u00df nur f\u00fcr Modelle ab Baujahr 2021+ geeignet. Diese DRL-Einheit ist nicht f\u00fcr den \u00f6ffentlichen Stra\u00dfenverkehr zugelassen; w\u00e4hrend der HU kann die Werkstatt verlangen, das Originalmodul wieder einzusetzen. Bewahre dieses also gut auf, um Probleme bei der Pr\u00fcfung zu vermeiden.  <\/span><\/p>\n<h5><span style=\"color: #000000;\"><strong>Weitere Modelle:  <\/strong><\/span><\/h5>\n<p><span style=\"color: #000000;\">Haben Sie zwar einen DAF LKW, aber dieser ist nicht mit den gleichen Einheiten ausgestattet, die auf Abbildung 2 abgebildet sind? Oder m\u00f6chten Sie einfach eine andere Farbe? Sehen Sie sich dann hier unten die \u00fcbrigen verf\u00fcgbaren Modelle von DRL-Einheiten f\u00fcr den DAF LKW an:   <\/span><\/p>\n<ul>\n<li><span style=\"color: #000000;\"><a style=\"color: #000000;\" href=\"https:\/\/www.alldayled.com\/de\/produkt\/daf-ng-drl-unit-oranje\/\" target=\"_blank\" rel=\"noopener\"><strong>DAF NG DRL ORANGE<\/strong><\/a><\/span><\/li>\n<li><span style=\"color: #000000;\"><a style=\"color: #000000;\" href=\"https:\/\/www.alldayled.com\/de\/produkt\/daf-drl-unit-warm-wit\/\" target=\"_blank\" rel=\"noopener\"><strong>DAF DRL WARM WEISS<\/strong><\/a><\/span><\/li>\n<li><span style=\"color: #000000;\"><a style=\"color: #000000;\" href=\"https:\/\/www.alldayled.com\/de\/produkt\/daf-drl-unit-oranje\/\" target=\"_blank\" rel=\"noopener\"><strong>DAF DRL ORANGE <\/strong><\/a><\/span><\/li>\n<\/ul>\n<p><span style=\"color: #000000;\">M\u00f6chtest du nicht nur das Tagfahrlicht warm wei\u00df deines DAF NG ersetzen? Suchst du nach weiterer LED-Beleuchtung, die du in oder an deinem DAF montieren kannst? Dann schau auch mal auf die Seite <a style=\"color: #000000;\" href=\"https:\/\/www.alldayled.com\/product-categorie\/verlichting-vrachtwagen\/daf-verlichting\/\" target=\"_blank\" rel=\"noopener\">DAF Beleuchtung<\/a>.  <\/span><\/p>\n","protected":false},"excerpt":{"rendered":"<p>DRL-Einheit warm wei\u00df, geeignet f\u00fcr DAF NG mit Baujahr 2021+.<\/p>\n","protected":false},"featured_media":24753,"comment_status":"open","ping_status":"closed","template":"","meta":{"_acf_changed":false},"product_brand":[6501],"product_cat":[5398,5328],"product_tag":[5573,9384,9389,9392,9393,9383],"class_list":{"0":"post-66601","1":"product","2":"type-product","3":"status-publish","4":"has-post-thumbnail","6":"product_brand-mtrs","7":"product_cat-daf-verlichting","8":"product_cat-dagrijlampen","9":"product_tag-drl-module","10":"product_tag-led-tagfahrlicht","11":"product_tag-tagfahrlicht-daf","12":"product_tag-tagfahrlicht-daf-cf","13":"product_tag-tagfahrlicht-daf-xf","14":"product_tag-tagfahrlicht-lkw","16":"first","17":"instock","18":"taxable","19":"shipping-taxable","20":"purchasable","21":"product-type-simple"},"acf":[],"yoast_head":"<!-- This site is optimized with the Yoast SEO Premium plugin v26.5 (Yoast SEO v27.1.1) - https:\/\/yoast.com\/product\/yoast-seo-premium-wordpress\/ -->\n<title>DAF NG Tagfahrlicht warm wei\u00df - All Day Led<\/title>\n<meta name=\"description\" content=\"DAF NG Tagfahrlicht warm wei\u00df - DAF XF, XG und XG+ 2021+- Plug-and-Play-Variante - Montage ohne Anpassungen - WARM WEISS DRL-Einheit DAF NG - Halogenfarbe\" \/>\n<meta name=\"robots\" content=\"index, follow, max-snippet:-1, max-image-preview:large, max-video-preview:-1\" \/>\n<link rel=\"canonical\" href=\"https:\/\/www.alldayled.com\/de\/produkt\/daf-ng-drl-unit-warm-wit\/\" \/>\n<meta property=\"og:locale\" content=\"de_DE\" \/>\n<meta property=\"og:type\" content=\"article\" \/>\n<meta property=\"og:title\" content=\"DAF NG Tagfahrlicht warm wei\u00df - All Day Led\" \/>\n<meta property=\"og:description\" content=\"DAF NG Tagfahrlicht warm wei\u00df - DAF XF, XG und XG+ 2021+- Plug-and-Play-Variante - Montage ohne Anpassungen - WARM WEISS DRL-Einheit DAF NG - Halogenfarbe\" \/>\n<meta property=\"og:url\" content=\"https:\/\/www.alldayled.com\/de\/produkt\/daf-ng-drl-unit-warm-wit\/\" \/>\n<meta property=\"og:site_name\" content=\"All Day Led\" \/>\n<meta property=\"article:publisher\" content=\"https:\/\/www.facebook.com\/alldayled\/\" \/>\n<meta property=\"article:modified_time\" content=\"2026-04-10T13:43:01+00:00\" \/>\n<meta property=\"og:image\" content=\"https:\/\/www.alldayled.com\/wp-content\/uploads\/2025\/05\/ADL49220-S-M-2-300x300.png\" \/>\n<meta name=\"twitter:label1\" content=\"Preis\" \/>\n\t<meta name=\"twitter:data1\" content=\"&euro;&nbsp;185,00\" \/>\n\t<meta name=\"twitter:label2\" content=\"Verf\u00fcgbarkeit\" \/>\n\t<meta name=\"twitter:data2\" content=\"Auf Lager\" \/>\n<script type=\"application\/ld+json\" class=\"yoast-schema-graph\">{\"@context\":\"https:\/\/schema.org\",\"@graph\":[{\"@type\":\"WebPage\",\"@id\":\"https:\/\/www.alldayled.com\/de\/produkt\/daf-ng-drl-unit-warm-wit\/\",\"url\":\"https:\/\/www.alldayled.com\/de\/produkt\/daf-ng-drl-unit-warm-wit\/\",\"name\":\"DAF NG Tagfahrlicht warm wei\u00df - All Day Led\",\"isPartOf\":{\"@id\":\"https:\/\/www.alldayled.com\/de\/#website\"},\"primaryImageOfPage\":{\"@id\":\"https:\/\/www.alldayled.com\/de\/produkt\/daf-ng-drl-unit-warm-wit\/#primaryimage\"},\"image\":{\"@id\":\"https:\/\/www.alldayled.com\/de\/produkt\/daf-ng-drl-unit-warm-wit\/#primaryimage\"},\"thumbnailUrl\":\"https:\/\/www.alldayled.com\/wp-content\/uploads\/2023\/03\/ADL49220.png\",\"datePublished\":\"2023-03-17T12:30:04+00:00\",\"dateModified\":\"2026-04-10T13:43:01+00:00\",\"description\":\"DAF NG Tagfahrlicht warm wei\u00df - DAF XF, XG und XG+ 2021+- Plug-and-Play-Variante - Montage ohne Anpassungen - WARM WEISS DRL-Einheit DAF NG - Halogenfarbe\",\"breadcrumb\":{\"@id\":\"https:\/\/www.alldayled.com\/de\/produkt\/daf-ng-drl-unit-warm-wit\/#breadcrumb\"},\"inLanguage\":\"de\",\"potentialAction\":[{\"@type\":\"ReadAction\",\"target\":[\"https:\/\/www.alldayled.com\/de\/produkt\/daf-ng-drl-unit-warm-wit\/\"]}]},{\"@type\":\"ImageObject\",\"inLanguage\":\"de\",\"@id\":\"https:\/\/www.alldayled.com\/de\/produkt\/daf-ng-drl-unit-warm-wit\/#primaryimage\",\"url\":\"https:\/\/www.alldayled.com\/wp-content\/uploads\/2023\/03\/ADL49220.png\",\"contentUrl\":\"https:\/\/www.alldayled.com\/wp-content\/uploads\/2023\/03\/ADL49220.png\",\"width\":800,\"height\":600,\"caption\":\"DAF NG LED Tagfahrlicht WARM WEI\u1e9e - LED DRL-Einheit f\u00fcr DAF XF, XG und XG+ - geeignet f\u00fcr Modelle ab 2021+ - EAN: 6090544022082\"},{\"@type\":\"BreadcrumbList\",\"@id\":\"https:\/\/www.alldayled.com\/de\/produkt\/daf-ng-drl-unit-warm-wit\/#breadcrumb\",\"itemListElement\":[{\"@type\":\"ListItem\",\"position\":1,\"name\":\"Home\",\"item\":\"https:\/\/www.alldayled.com\/de\/\"},{\"@type\":\"ListItem\",\"position\":2,\"name\":\"Shop\",\"item\":\"https:\/\/www.alldayled.com\/de\/shop\/\"},{\"@type\":\"ListItem\",\"position\":3,\"name\":\"Andere\",\"item\":\"https:\/\/www.alldayled.com\/de\/produkt-kategorie\/andere-produkte\/\"},{\"@type\":\"ListItem\",\"position\":4,\"name\":\"Tagfahrlicht\",\"item\":\"https:\/\/www.alldayled.com\/de\/produkt-kategorie\/andere-produkte\/dagrijlampen\/\"},{\"@type\":\"ListItem\",\"position\":5,\"name\":\"Tagfahrlicht DAF NG warm wei\u00df\"}]},{\"@type\":\"WebSite\",\"@id\":\"https:\/\/www.alldayled.com\/de\/#website\",\"url\":\"https:\/\/www.alldayled.com\/de\/\",\"name\":\"All Day Led\",\"description\":\"Verlichting voor 12&amp;24 volt gebruik\",\"publisher\":{\"@id\":\"https:\/\/www.alldayled.com\/de\/#organization\"},\"potentialAction\":[{\"@type\":\"SearchAction\",\"target\":{\"@type\":\"EntryPoint\",\"urlTemplate\":\"https:\/\/www.alldayled.com\/de\/?s={search_term_string}\"},\"query-input\":{\"@type\":\"PropertyValueSpecification\",\"valueRequired\":true,\"valueName\":\"search_term_string\"}}],\"inLanguage\":\"de\"},{\"@type\":\"Organization\",\"@id\":\"https:\/\/www.alldayled.com\/de\/#organization\",\"name\":\"All Day Led\",\"url\":\"https:\/\/www.alldayled.com\/de\/\",\"logo\":{\"@type\":\"ImageObject\",\"inLanguage\":\"de\",\"@id\":\"https:\/\/www.alldayled.com\/de\/#\/schema\/logo\/image\/\",\"url\":\"https:\/\/www.alldayled.com\/wp-content\/uploads\/2025\/10\/Logo-ALL-DAY-LED-800x800-zwart-witte-letters.png\",\"contentUrl\":\"https:\/\/www.alldayled.com\/wp-content\/uploads\/2025\/10\/Logo-ALL-DAY-LED-800x800-zwart-witte-letters.png\",\"width\":800,\"height\":800,\"caption\":\"All Day Led\"},\"image\":{\"@id\":\"https:\/\/www.alldayled.com\/de\/#\/schema\/logo\/image\/\"},\"sameAs\":[\"https:\/\/www.facebook.com\/alldayled\/\",\"https:\/\/www.instagram.com\/alldayled\/\"],\"vatID\":\"NL863960133B01\",\"taxID\":\"86416545\"}]}<\/script>\n<meta property=\"product:brand\" content=\"MTRS\" \/>\n<meta property=\"product:price:amount\" content=\"185.00\" \/>\n<meta property=\"product:price:currency\" content=\"EUR\" \/>\n<meta property=\"og:availability\" content=\"instock\" \/>\n<meta property=\"product:availability\" content=\"instock\" \/>\n<meta property=\"product:retailer_item_id\" content=\"ADL49220\" \/>\n<meta property=\"product:condition\" content=\"new\" \/>\n<!-- \/ Yoast SEO Premium plugin. -->","yoast_head_json":{"title":"DAF NG Tagfahrlicht warm wei\u00df - All Day Led","description":"DAF NG Tagfahrlicht warm wei\u00df - DAF XF, XG und XG+ 2021+- Plug-and-Play-Variante - Montage ohne Anpassungen - WARM WEISS DRL-Einheit DAF NG - Halogenfarbe","robots":{"index":"index","follow":"follow","max-snippet":"max-snippet:-1","max-image-preview":"max-image-preview:large","max-video-preview":"max-video-preview:-1"},"canonical":"https:\/\/www.alldayled.com\/de\/produkt\/daf-ng-drl-unit-warm-wit\/","og_locale":"de_DE","og_type":"article","og_title":"DAF NG Tagfahrlicht warm wei\u00df - All Day Led","og_description":"DAF NG Tagfahrlicht warm wei\u00df - DAF XF, XG und XG+ 2021+- Plug-and-Play-Variante - Montage ohne Anpassungen - WARM WEISS DRL-Einheit DAF NG - Halogenfarbe","og_url":"https:\/\/www.alldayled.com\/de\/produkt\/daf-ng-drl-unit-warm-wit\/","og_site_name":"All Day Led","article_publisher":"https:\/\/www.facebook.com\/alldayled\/","article_modified_time":"2026-04-10T13:43:01+00:00","og_image":[{"url":"https:\/\/www.alldayled.com\/wp-content\/uploads\/2025\/05\/ADL49220-S-M-2-300x300.png","type":"","width":"","height":""}],"twitter_misc":{"Preis":"&euro;&nbsp;185,00","Verf\u00fcgbarkeit":"Auf Lager"},"schema":{"@context":"https:\/\/schema.org","@graph":[{"@type":"WebPage","@id":"https:\/\/www.alldayled.com\/de\/produkt\/daf-ng-drl-unit-warm-wit\/","url":"https:\/\/www.alldayled.com\/de\/produkt\/daf-ng-drl-unit-warm-wit\/","name":"DAF NG Tagfahrlicht warm wei\u00df - All Day Led","isPartOf":{"@id":"https:\/\/www.alldayled.com\/de\/#website"},"primaryImageOfPage":{"@id":"https:\/\/www.alldayled.com\/de\/produkt\/daf-ng-drl-unit-warm-wit\/#primaryimage"},"image":{"@id":"https:\/\/www.alldayled.com\/de\/produkt\/daf-ng-drl-unit-warm-wit\/#primaryimage"},"thumbnailUrl":"https:\/\/www.alldayled.com\/wp-content\/uploads\/2023\/03\/ADL49220.png","datePublished":"2023-03-17T12:30:04+00:00","dateModified":"2026-04-10T13:43:01+00:00","description":"DAF NG Tagfahrlicht warm wei\u00df - DAF XF, XG und XG+ 2021+- Plug-and-Play-Variante - Montage ohne Anpassungen - WARM WEISS DRL-Einheit DAF NG - Halogenfarbe","breadcrumb":{"@id":"https:\/\/www.alldayled.com\/de\/produkt\/daf-ng-drl-unit-warm-wit\/#breadcrumb"},"inLanguage":"de","potentialAction":[{"@type":"ReadAction","target":["https:\/\/www.alldayled.com\/de\/produkt\/daf-ng-drl-unit-warm-wit\/"]}]},{"@type":"ImageObject","inLanguage":"de","@id":"https:\/\/www.alldayled.com\/de\/produkt\/daf-ng-drl-unit-warm-wit\/#primaryimage","url":"https:\/\/www.alldayled.com\/wp-content\/uploads\/2023\/03\/ADL49220.png","contentUrl":"https:\/\/www.alldayled.com\/wp-content\/uploads\/2023\/03\/ADL49220.png","width":800,"height":600,"caption":"DAF NG LED Tagfahrlicht WARM WEI\u1e9e - LED DRL-Einheit f\u00fcr DAF XF, XG und XG+ - geeignet f\u00fcr Modelle ab 2021+ - EAN: 6090544022082"},{"@type":"BreadcrumbList","@id":"https:\/\/www.alldayled.com\/de\/produkt\/daf-ng-drl-unit-warm-wit\/#breadcrumb","itemListElement":[{"@type":"ListItem","position":1,"name":"Home","item":"https:\/\/www.alldayled.com\/de\/"},{"@type":"ListItem","position":2,"name":"Shop","item":"https:\/\/www.alldayled.com\/de\/shop\/"},{"@type":"ListItem","position":3,"name":"Andere","item":"https:\/\/www.alldayled.com\/de\/produkt-kategorie\/andere-produkte\/"},{"@type":"ListItem","position":4,"name":"Tagfahrlicht","item":"https:\/\/www.alldayled.com\/de\/produkt-kategorie\/andere-produkte\/dagrijlampen\/"},{"@type":"ListItem","position":5,"name":"Tagfahrlicht DAF NG warm wei\u00df"}]},{"@type":"WebSite","@id":"https:\/\/www.alldayled.com\/de\/#website","url":"https:\/\/www.alldayled.com\/de\/","name":"All Day Led","description":"Verlichting voor 12&amp;24 volt gebruik","publisher":{"@id":"https:\/\/www.alldayled.com\/de\/#organization"},"potentialAction":[{"@type":"SearchAction","target":{"@type":"EntryPoint","urlTemplate":"https:\/\/www.alldayled.com\/de\/?s={search_term_string}"},"query-input":{"@type":"PropertyValueSpecification","valueRequired":true,"valueName":"search_term_string"}}],"inLanguage":"de"},{"@type":"Organization","@id":"https:\/\/www.alldayled.com\/de\/#organization","name":"All Day Led","url":"https:\/\/www.alldayled.com\/de\/","logo":{"@type":"ImageObject","inLanguage":"de","@id":"https:\/\/www.alldayled.com\/de\/#\/schema\/logo\/image\/","url":"https:\/\/www.alldayled.com\/wp-content\/uploads\/2025\/10\/Logo-ALL-DAY-LED-800x800-zwart-witte-letters.png","contentUrl":"https:\/\/www.alldayled.com\/wp-content\/uploads\/2025\/10\/Logo-ALL-DAY-LED-800x800-zwart-witte-letters.png","width":800,"height":800,"caption":"All Day Led"},"image":{"@id":"https:\/\/www.alldayled.com\/de\/#\/schema\/logo\/image\/"},"sameAs":["https:\/\/www.facebook.com\/alldayled\/","https:\/\/www.instagram.com\/alldayled\/"],"vatID":"NL863960133B01","taxID":"86416545"}]},"product_brand":"MTRS","product_price_amount":"185.00","product_price_currency":"EUR","og_availability":"instock","product_availability":"instock","product_retailer_item_id":"ADL49220","product_condition":"new"},"_links":{"self":[{"href":"https:\/\/www.alldayled.com\/de\/wp-json\/wp\/v2\/product\/66601","targetHints":{"allow":["GET"]}}],"collection":[{"href":"https:\/\/www.alldayled.com\/de\/wp-json\/wp\/v2\/product"}],"about":[{"href":"https:\/\/www.alldayled.com\/de\/wp-json\/wp\/v2\/types\/product"}],"replies":[{"embeddable":true,"href":"https:\/\/www.alldayled.com\/de\/wp-json\/wp\/v2\/comments?post=66601"}],"wp:featuredmedia":[{"embeddable":true,"href":"https:\/\/www.alldayled.com\/de\/wp-json\/wp\/v2\/media\/24753"}],"wp:attachment":[{"href":"https:\/\/www.alldayled.com\/de\/wp-json\/wp\/v2\/media?parent=66601"}],"wp:term":[{"taxonomy":"product_brand","embeddable":true,"href":"https:\/\/www.alldayled.com\/de\/wp-json\/wp\/v2\/product_brand?post=66601"},{"taxonomy":"product_cat","embeddable":true,"href":"https:\/\/www.alldayled.com\/de\/wp-json\/wp\/v2\/product_cat?post=66601"},{"taxonomy":"product_tag","embeddable":true,"href":"https:\/\/www.alldayled.com\/de\/wp-json\/wp\/v2\/product_tag?post=66601"}],"curies":[{"name":"wp","href":"https:\/\/api.w.org\/{rel}","templated":true}]}}