{"id":66607,"date":"2023-03-17T13:26:32","date_gmt":"2023-03-17T12:26:32","guid":{"rendered":"https:\/\/www.alldayled.com\/product\/daf-ng-drl-unit-oranje\/"},"modified":"2026-04-10T15:42:42","modified_gmt":"2026-04-10T13:42:42","slug":"daf-ng-drl-unit-oranje","status":"publish","type":"product","link":"https:\/\/www.alldayled.com\/de\/produkt\/daf-ng-drl-unit-oranje\/","title":{"rendered":"Tagfahrlicht DAF NG orange"},"content":{"rendered":"<p><span style=\"color: #000000;\"><strong>DRL Einheit ORANGE, passend f\u00fcr einen DAF NG ab Baujahr 2021. <\/strong><\/span><\/p>\n<p><span style=\"color: #000000;\">M\u00f6chtest du das originale wei\u00dfe LED-Tagfahrlicht deines DAF XF, XG oder XG+ durch eine orangefarbene Version ersetzen? Dann ist dieses DAF NG Tagfahrlicht orange genau das Set, das du suchst. Dieses Set besteht aus zwei LED-Platinen, mit denen du sowohl das linke als auch das rechte Modul umr\u00fcsten kannst. Die original verbaute Beleuchtung tauschst du einfach gegen die orangefarbene Variante aus.   <\/span><\/p>\n<p><span style=\"color: #000000;\">Da Sie vor dem Kauf wissen m\u00f6chten, dass das Set f\u00fcr Ihren LKW geeignet ist, haben wir hier einige wichtige Punkte aufgeschrieben. Es ist wichtig, dass die original montierten Einheiten exakt die gleichen sind wie die auf Abbildung zwei. Wenn die original montierte Einheit nicht \u00fcbereinstimmt, passt diese Ersatzlampe nicht.   Zudem ist das DAF NG Tagfahrlicht orange nur f\u00fcr Modelle ab Baujahr 2021+ geeignet. Diese DRL-Einheit ist nicht f\u00fcr den \u00f6ffentlichen Stra\u00dfenverkehr zugelassen; bei der Hauptuntersuchung kann die Werkstatt verlangen, das Originalmodul wieder einzusetzen. Bewahre dieses also gut auf, um Probleme bei der Pr\u00fcfung zu vermeiden.  <\/span><\/p>\n<h5><span style=\"color: #000000;\"><strong>Weitere Modelle:  <\/strong><\/span><\/h5>\n<p><span style=\"color: #000000;\">Haben Sie zwar einen DAF LKW, aber dieser ist nicht mit den gleichen Einheiten ausgestattet, die auf Abbildung 2 abgebildet sind? Oder m\u00f6chten Sie einfach eine andere Farbe? Sehen Sie sich dann hier unten die \u00fcbrigen verf\u00fcgbaren Modelle von DRL-Einheiten f\u00fcr den DAF LKW an:   <\/span><\/p>\n<ul>\n<li><span style=\"color: #000000;\"><a style=\"color: #000000;\" href=\"https:\/\/www.alldayled.com\/de\/produkt\/daf-ng-drl-unit-warm-wit\/\" target=\"_blank\" rel=\"noopener\"><strong>DAF NG DRL WARM-WEISS<\/strong><\/a><\/span><\/li>\n<li><span style=\"color: #000000;\"><a style=\"color: #000000;\" href=\"https:\/\/www.alldayled.com\/de\/produkt\/daf-drl-unit-warm-wit\/\" target=\"_blank\" rel=\"noopener\"><strong>DAF DRL WARM WEISS<\/strong><\/a><\/span><\/li>\n<li><span style=\"color: #000000;\"><a style=\"color: #000000;\" href=\"https:\/\/www.alldayled.com\/de\/produkt\/daf-drl-unit-oranje\/\" target=\"_blank\" rel=\"noopener\"><strong>DAF DRL ORANGE <\/strong><\/a><\/span><\/li>\n<\/ul>\n<p><span style=\"color: #000000;\">M\u00f6chtest du nicht nur das Tagfahrlicht deines DAF NG auf Orange umr\u00fcsten? Suchst du nach weiterer LED-Beleuchtung, die du in oder an deinem DAF montieren kannst? Dann schau auch mal auf der Seite <a style=\"color: #000000;\" href=\"https:\/\/www.alldayled.com\/de\/produkt-kategorie\/beleuchtungswagen\/daf-verlichting\/\" target=\"_blank\" rel=\"noopener\">DAF Beleuchtung<\/a> vorbei.  <\/span><\/p>\n","protected":false},"excerpt":{"rendered":"<p>DRL-Einheit orange, geeignet f\u00fcr DAF NG mit Baujahr 2021+.<\/p>\n","protected":false},"featured_media":24741,"comment_status":"open","ping_status":"closed","template":"","meta":{"_acf_changed":false},"product_brand":[6501],"product_cat":[5398,5328],"product_tag":[5573,9384,9389,9393,9383],"class_list":{"0":"post-66607","1":"product","2":"type-product","3":"status-publish","4":"has-post-thumbnail","6":"product_brand-mtrs","7":"product_cat-daf-verlichting","8":"product_cat-dagrijlampen","9":"product_tag-drl-module","10":"product_tag-led-tagfahrlicht","11":"product_tag-tagfahrlicht-daf","12":"product_tag-tagfahrlicht-daf-xf","13":"product_tag-tagfahrlicht-lkw","15":"first","16":"instock","17":"taxable","18":"shipping-taxable","19":"purchasable","20":"product-type-simple"},"acf":[],"yoast_head":"<!-- This site is optimized with the Yoast SEO Premium plugin v26.5 (Yoast SEO v27.1.1) - https:\/\/yoast.com\/product\/yoast-seo-premium-wordpress\/ -->\n<title>Tagfahrlicht DAF NG orange - All Day Led - BJ 2021+<\/title>\n<meta name=\"description\" content=\"DAF NG Tagfahrlicht orange - geeignet f\u00fcr DAF XF, XG und XG+ 2021+ - Plug-and-Play-Variante - Montage ohne Anpassungen - ORANGE DRL-Einheit DAF NG\" \/>\n<meta name=\"robots\" content=\"index, follow, max-snippet:-1, max-image-preview:large, max-video-preview:-1\" \/>\n<link rel=\"canonical\" href=\"https:\/\/www.alldayled.com\/de\/produkt\/daf-ng-drl-unit-oranje\/\" \/>\n<meta property=\"og:locale\" content=\"de_DE\" \/>\n<meta property=\"og:type\" content=\"article\" \/>\n<meta property=\"og:title\" content=\"Tagfahrlicht DAF NG orange - All Day Led - BJ 2021+\" \/>\n<meta property=\"og:description\" content=\"DAF NG LED-Tagfahrlicht orange - geeignet f\u00fcr DAF XF, XG und XG+ 2021+ - Plug-and-Play-Variante - Montage ohne Anpassungen - ORANGE DRL-Einheit DAF NG\" \/>\n<meta property=\"og:url\" content=\"https:\/\/www.alldayled.com\/de\/produkt\/daf-ng-drl-unit-oranje\/\" \/>\n<meta property=\"og:site_name\" content=\"All Day Led\" \/>\n<meta property=\"article:publisher\" content=\"https:\/\/www.facebook.com\/alldayled\/\" \/>\n<meta property=\"article:modified_time\" content=\"2026-04-10T13:42:42+00:00\" \/>\n<meta property=\"og:image\" content=\"https:\/\/www.alldayled.com\/wp-content\/uploads\/2025\/05\/ADL49210-S-M-2-300x300.png\" \/>\n<meta name=\"twitter:label1\" content=\"Preis\" \/>\n\t<meta name=\"twitter:data1\" content=\"&euro;&nbsp;175,00\" \/>\n\t<meta name=\"twitter:label2\" content=\"Verf\u00fcgbarkeit\" \/>\n\t<meta name=\"twitter:data2\" content=\"Auf Lager\" \/>\n<script type=\"application\/ld+json\" class=\"yoast-schema-graph\">{\"@context\":\"https:\/\/schema.org\",\"@graph\":[{\"@type\":\"WebPage\",\"@id\":\"https:\/\/www.alldayled.com\/de\/produkt\/daf-ng-drl-unit-oranje\/\",\"url\":\"https:\/\/www.alldayled.com\/de\/produkt\/daf-ng-drl-unit-oranje\/\",\"name\":\"Tagfahrlicht DAF NG orange - All Day Led - BJ 2021+\",\"isPartOf\":{\"@id\":\"https:\/\/www.alldayled.com\/de\/#website\"},\"primaryImageOfPage\":{\"@id\":\"https:\/\/www.alldayled.com\/de\/produkt\/daf-ng-drl-unit-oranje\/#primaryimage\"},\"image\":{\"@id\":\"https:\/\/www.alldayled.com\/de\/produkt\/daf-ng-drl-unit-oranje\/#primaryimage\"},\"thumbnailUrl\":\"https:\/\/www.alldayled.com\/wp-content\/uploads\/2023\/03\/ADL49210.png\",\"datePublished\":\"2023-03-17T12:26:32+00:00\",\"dateModified\":\"2026-04-10T13:42:42+00:00\",\"description\":\"DAF NG Tagfahrlicht orange - geeignet f\u00fcr DAF XF, XG und XG+ 2021+ - Plug-and-Play-Variante - Montage ohne Anpassungen - ORANGE DRL-Einheit DAF NG\",\"breadcrumb\":{\"@id\":\"https:\/\/www.alldayled.com\/de\/produkt\/daf-ng-drl-unit-oranje\/#breadcrumb\"},\"inLanguage\":\"de\",\"potentialAction\":[{\"@type\":\"ReadAction\",\"target\":[\"https:\/\/www.alldayled.com\/de\/produkt\/daf-ng-drl-unit-oranje\/\"]}]},{\"@type\":\"ImageObject\",\"inLanguage\":\"de\",\"@id\":\"https:\/\/www.alldayled.com\/de\/produkt\/daf-ng-drl-unit-oranje\/#primaryimage\",\"url\":\"https:\/\/www.alldayled.com\/wp-content\/uploads\/2023\/03\/ADL49210.png\",\"contentUrl\":\"https:\/\/www.alldayled.com\/wp-content\/uploads\/2023\/03\/ADL49210.png\",\"width\":800,\"height\":600,\"caption\":\"DAF NG LED-Tagfahrlicht ORANGE - LED-DRL-Einheit f\u00fcr DAF XF, XG und XG+ - geeignet f\u00fcr Modelle ab 2021+ - EAN: 6090543927906\"},{\"@type\":\"BreadcrumbList\",\"@id\":\"https:\/\/www.alldayled.com\/de\/produkt\/daf-ng-drl-unit-oranje\/#breadcrumb\",\"itemListElement\":[{\"@type\":\"ListItem\",\"position\":1,\"name\":\"Home\",\"item\":\"https:\/\/www.alldayled.com\/de\/\"},{\"@type\":\"ListItem\",\"position\":2,\"name\":\"Shop\",\"item\":\"https:\/\/www.alldayled.com\/de\/shop\/\"},{\"@type\":\"ListItem\",\"position\":3,\"name\":\"Andere\",\"item\":\"https:\/\/www.alldayled.com\/de\/produkt-kategorie\/andere-produkte\/\"},{\"@type\":\"ListItem\",\"position\":4,\"name\":\"Tagfahrlicht\",\"item\":\"https:\/\/www.alldayled.com\/de\/produkt-kategorie\/andere-produkte\/dagrijlampen\/\"},{\"@type\":\"ListItem\",\"position\":5,\"name\":\"Tagfahrlicht DAF NG orange\"}]},{\"@type\":\"WebSite\",\"@id\":\"https:\/\/www.alldayled.com\/de\/#website\",\"url\":\"https:\/\/www.alldayled.com\/de\/\",\"name\":\"All Day Led\",\"description\":\"Verlichting voor 12&amp;24 volt gebruik\",\"publisher\":{\"@id\":\"https:\/\/www.alldayled.com\/de\/#organization\"},\"potentialAction\":[{\"@type\":\"SearchAction\",\"target\":{\"@type\":\"EntryPoint\",\"urlTemplate\":\"https:\/\/www.alldayled.com\/de\/?s={search_term_string}\"},\"query-input\":{\"@type\":\"PropertyValueSpecification\",\"valueRequired\":true,\"valueName\":\"search_term_string\"}}],\"inLanguage\":\"de\"},{\"@type\":\"Organization\",\"@id\":\"https:\/\/www.alldayled.com\/de\/#organization\",\"name\":\"All Day Led\",\"url\":\"https:\/\/www.alldayled.com\/de\/\",\"logo\":{\"@type\":\"ImageObject\",\"inLanguage\":\"de\",\"@id\":\"https:\/\/www.alldayled.com\/de\/#\/schema\/logo\/image\/\",\"url\":\"https:\/\/www.alldayled.com\/wp-content\/uploads\/2025\/10\/Logo-ALL-DAY-LED-800x800-zwart-witte-letters.png\",\"contentUrl\":\"https:\/\/www.alldayled.com\/wp-content\/uploads\/2025\/10\/Logo-ALL-DAY-LED-800x800-zwart-witte-letters.png\",\"width\":800,\"height\":800,\"caption\":\"All Day Led\"},\"image\":{\"@id\":\"https:\/\/www.alldayled.com\/de\/#\/schema\/logo\/image\/\"},\"sameAs\":[\"https:\/\/www.facebook.com\/alldayled\/\",\"https:\/\/www.instagram.com\/alldayled\/\"],\"vatID\":\"NL863960133B01\",\"taxID\":\"86416545\"}]}<\/script>\n<meta property=\"product:brand\" content=\"MTRS\" \/>\n<meta property=\"product:price:amount\" content=\"175.00\" \/>\n<meta property=\"product:price:currency\" content=\"EUR\" \/>\n<meta property=\"og:availability\" content=\"instock\" \/>\n<meta property=\"product:availability\" content=\"instock\" \/>\n<meta property=\"product:retailer_item_id\" content=\"ADL49210\" \/>\n<meta property=\"product:condition\" content=\"new\" \/>\n<!-- \/ Yoast SEO Premium plugin. -->","yoast_head_json":{"title":"Tagfahrlicht DAF NG orange - All Day Led - BJ 2021+","description":"DAF NG Tagfahrlicht orange - geeignet f\u00fcr DAF XF, XG und XG+ 2021+ - Plug-and-Play-Variante - Montage ohne Anpassungen - ORANGE DRL-Einheit DAF NG","robots":{"index":"index","follow":"follow","max-snippet":"max-snippet:-1","max-image-preview":"max-image-preview:large","max-video-preview":"max-video-preview:-1"},"canonical":"https:\/\/www.alldayled.com\/de\/produkt\/daf-ng-drl-unit-oranje\/","og_locale":"de_DE","og_type":"article","og_title":"Tagfahrlicht DAF NG orange - All Day Led - BJ 2021+","og_description":"DAF NG LED-Tagfahrlicht orange - geeignet f\u00fcr DAF XF, XG und XG+ 2021+ - Plug-and-Play-Variante - Montage ohne Anpassungen - ORANGE DRL-Einheit DAF NG","og_url":"https:\/\/www.alldayled.com\/de\/produkt\/daf-ng-drl-unit-oranje\/","og_site_name":"All Day Led","article_publisher":"https:\/\/www.facebook.com\/alldayled\/","article_modified_time":"2026-04-10T13:42:42+00:00","og_image":[{"url":"https:\/\/www.alldayled.com\/wp-content\/uploads\/2025\/05\/ADL49210-S-M-2-300x300.png","type":"","width":"","height":""}],"twitter_misc":{"Preis":"&euro;&nbsp;175,00","Verf\u00fcgbarkeit":"Auf Lager"},"schema":{"@context":"https:\/\/schema.org","@graph":[{"@type":"WebPage","@id":"https:\/\/www.alldayled.com\/de\/produkt\/daf-ng-drl-unit-oranje\/","url":"https:\/\/www.alldayled.com\/de\/produkt\/daf-ng-drl-unit-oranje\/","name":"Tagfahrlicht DAF NG orange - All Day Led - BJ 2021+","isPartOf":{"@id":"https:\/\/www.alldayled.com\/de\/#website"},"primaryImageOfPage":{"@id":"https:\/\/www.alldayled.com\/de\/produkt\/daf-ng-drl-unit-oranje\/#primaryimage"},"image":{"@id":"https:\/\/www.alldayled.com\/de\/produkt\/daf-ng-drl-unit-oranje\/#primaryimage"},"thumbnailUrl":"https:\/\/www.alldayled.com\/wp-content\/uploads\/2023\/03\/ADL49210.png","datePublished":"2023-03-17T12:26:32+00:00","dateModified":"2026-04-10T13:42:42+00:00","description":"DAF NG Tagfahrlicht orange - geeignet f\u00fcr DAF XF, XG und XG+ 2021+ - Plug-and-Play-Variante - Montage ohne Anpassungen - ORANGE DRL-Einheit DAF NG","breadcrumb":{"@id":"https:\/\/www.alldayled.com\/de\/produkt\/daf-ng-drl-unit-oranje\/#breadcrumb"},"inLanguage":"de","potentialAction":[{"@type":"ReadAction","target":["https:\/\/www.alldayled.com\/de\/produkt\/daf-ng-drl-unit-oranje\/"]}]},{"@type":"ImageObject","inLanguage":"de","@id":"https:\/\/www.alldayled.com\/de\/produkt\/daf-ng-drl-unit-oranje\/#primaryimage","url":"https:\/\/www.alldayled.com\/wp-content\/uploads\/2023\/03\/ADL49210.png","contentUrl":"https:\/\/www.alldayled.com\/wp-content\/uploads\/2023\/03\/ADL49210.png","width":800,"height":600,"caption":"DAF NG LED-Tagfahrlicht ORANGE - LED-DRL-Einheit f\u00fcr DAF XF, XG und XG+ - geeignet f\u00fcr Modelle ab 2021+ - EAN: 6090543927906"},{"@type":"BreadcrumbList","@id":"https:\/\/www.alldayled.com\/de\/produkt\/daf-ng-drl-unit-oranje\/#breadcrumb","itemListElement":[{"@type":"ListItem","position":1,"name":"Home","item":"https:\/\/www.alldayled.com\/de\/"},{"@type":"ListItem","position":2,"name":"Shop","item":"https:\/\/www.alldayled.com\/de\/shop\/"},{"@type":"ListItem","position":3,"name":"Andere","item":"https:\/\/www.alldayled.com\/de\/produkt-kategorie\/andere-produkte\/"},{"@type":"ListItem","position":4,"name":"Tagfahrlicht","item":"https:\/\/www.alldayled.com\/de\/produkt-kategorie\/andere-produkte\/dagrijlampen\/"},{"@type":"ListItem","position":5,"name":"Tagfahrlicht DAF NG orange"}]},{"@type":"WebSite","@id":"https:\/\/www.alldayled.com\/de\/#website","url":"https:\/\/www.alldayled.com\/de\/","name":"All Day Led","description":"Verlichting voor 12&amp;24 volt gebruik","publisher":{"@id":"https:\/\/www.alldayled.com\/de\/#organization"},"potentialAction":[{"@type":"SearchAction","target":{"@type":"EntryPoint","urlTemplate":"https:\/\/www.alldayled.com\/de\/?s={search_term_string}"},"query-input":{"@type":"PropertyValueSpecification","valueRequired":true,"valueName":"search_term_string"}}],"inLanguage":"de"},{"@type":"Organization","@id":"https:\/\/www.alldayled.com\/de\/#organization","name":"All Day Led","url":"https:\/\/www.alldayled.com\/de\/","logo":{"@type":"ImageObject","inLanguage":"de","@id":"https:\/\/www.alldayled.com\/de\/#\/schema\/logo\/image\/","url":"https:\/\/www.alldayled.com\/wp-content\/uploads\/2025\/10\/Logo-ALL-DAY-LED-800x800-zwart-witte-letters.png","contentUrl":"https:\/\/www.alldayled.com\/wp-content\/uploads\/2025\/10\/Logo-ALL-DAY-LED-800x800-zwart-witte-letters.png","width":800,"height":800,"caption":"All Day Led"},"image":{"@id":"https:\/\/www.alldayled.com\/de\/#\/schema\/logo\/image\/"},"sameAs":["https:\/\/www.facebook.com\/alldayled\/","https:\/\/www.instagram.com\/alldayled\/"],"vatID":"NL863960133B01","taxID":"86416545"}]},"product_brand":"MTRS","product_price_amount":"175.00","product_price_currency":"EUR","og_availability":"instock","product_availability":"instock","product_retailer_item_id":"ADL49210","product_condition":"new"},"_links":{"self":[{"href":"https:\/\/www.alldayled.com\/de\/wp-json\/wp\/v2\/product\/66607","targetHints":{"allow":["GET"]}}],"collection":[{"href":"https:\/\/www.alldayled.com\/de\/wp-json\/wp\/v2\/product"}],"about":[{"href":"https:\/\/www.alldayled.com\/de\/wp-json\/wp\/v2\/types\/product"}],"replies":[{"embeddable":true,"href":"https:\/\/www.alldayled.com\/de\/wp-json\/wp\/v2\/comments?post=66607"}],"wp:featuredmedia":[{"embeddable":true,"href":"https:\/\/www.alldayled.com\/de\/wp-json\/wp\/v2\/media\/24741"}],"wp:attachment":[{"href":"https:\/\/www.alldayled.com\/de\/wp-json\/wp\/v2\/media?parent=66607"}],"wp:term":[{"taxonomy":"product_brand","embeddable":true,"href":"https:\/\/www.alldayled.com\/de\/wp-json\/wp\/v2\/product_brand?post=66607"},{"taxonomy":"product_cat","embeddable":true,"href":"https:\/\/www.alldayled.com\/de\/wp-json\/wp\/v2\/product_cat?post=66607"},{"taxonomy":"product_tag","embeddable":true,"href":"https:\/\/www.alldayled.com\/de\/wp-json\/wp\/v2\/product_tag?post=66607"}],"curies":[{"name":"wp","href":"https:\/\/api.w.org\/{rel}","templated":true}]}}