{"id":66609,"date":"2023-03-15T15:34:44","date_gmt":"2023-03-15T14:34:44","guid":{"rendered":"https:\/\/www.alldayled.com\/product\/scania-drl-unit-warm-wit-led-koplamp\/"},"modified":"2023-03-15T15:34:44","modified_gmt":"2023-03-15T14:34:44","slug":"scania-drl-unit-warm-wit-led-koplamp","status":"publish","type":"product","link":"https:\/\/www.alldayled.com\/de\/produkt\/scania-drl-unit-warm-wit-led-koplamp\/","title":{"rendered":"Tagfahrlicht Scania LED &#8211; warm wei\u00df"},"content":{"rendered":"<p><span style=\"color: #000000;\"><strong>Tagfahrlicht WARM WEISS, geeignet f\u00fcr einen Scania Next Gen mit Baujahr 2016+.<\/strong><\/span><\/p>\n<p><span style=\"color: #000000;\">M\u00f6chtest du das original wei\u00df montierte Tagfahrlicht deines Scania durch eine Halogenfarbe ersetzen? Dann ist dieses DRL-Set vielleicht das, wonach du suchst. Dieses Set besteht aus zwei LED-Platten, mit denen du sowohl die linke als auch die rechte Seite \u00e4ndern kannst. Die original montierte Beleuchtung ersetzt du einfach durch diese orangefarbene Variante. Das DRL-Set ist nur f\u00fcr einen Scania NG LKW mit Baujahr 2016+ gemacht. Das Set ist passend f\u00fcr einen Scania gefertigt und passt daher nicht in einen LKW einer anderen Marke. Die Farbe, die das Scania Tagfahrlicht warm wei\u00df ausstrahlt, ist dieselbe wie die einer Halogenlampe.       <strong><em>ACHTUNG, du kannst dieses Set nur montieren, wenn du originale LED-Scheinwerfer hast. <\/em><\/strong><\/span><\/p>\n<p><span style=\"color: #000000;\">Ein Set besteht aus zwei LED-Platten. Jede Platte ist mit vier kr\u00e4ftigen LED&#8217;s ausgestattet, diese sorgen daf\u00fcr, dass das gesamte Modul aufleuchtet. Die LED-Einheiten sind exakt dieselben wie die original montierten. Dadurch ist der Austausch des Moduls schnell erledigt und du musst nichts an der Originallampe anpassen. Die LED-Lampe ist aus hochwertigem Material gefertigt und hat dadurch eine lange Lebensdauer. Das Scania Next GEN LED Tagfahrlicht ist f\u00fcr den \u00f6ffentlichen Stra\u00dfenverkehr zugelassen, aber w\u00e4hrend der T\u00dcV-Pr\u00fcfung kann die Werkstatt verlangen, das Originalmodul wieder einzusetzen. Bewahre dieses also gut auf, um Probleme bei der Pr\u00fcfung zu vermeiden.       <\/span><\/p>\n<h5><span style=\"color: #000000;\"><strong>Weitere Modelle:  <\/strong><\/span><\/h5>\n<p><span style=\"color: #000000;\">Hast du einen Scania Next Gen LKW, aber m\u00f6chtest du das Tagfahrlicht nicht in die Farbe warm wei\u00df \u00e4ndern? Oder stimmen die Einheiten nicht mit denen auf dem Foto \u00fcberein? Wisse dann, dass dieses DRL-Modul auch in anderen Farben und Modellen erh\u00e4ltlich ist. Sieh dir unten die weiteren Modelle an, die wir liefern k\u00f6nnen.   <\/span><\/p>\n<ul>\n<li><span style=\"color: #000000;\"><a style=\"color: #000000;\" href=\"https:\/\/www.alldayled.com\/de\/produkt\/scania-drl-unit-wit-oranje-led-koplamp\/\"><strong>Scania DRL Set LED Abblendlicht &#8211; ORANGE\/WEISS\/STROBE<\/strong><\/a><\/span><\/li>\n<li><span style=\"color: #000000;\"><a style=\"color: #000000;\" href=\"https:\/\/www.alldayled.com\/de\/produkt\/scania-drl-halogeen-koplamp-warm-wit\/\"><strong>Scania DRL Set Halogen Abblendlicht &#8211; WARM WEISS<\/strong><\/a><\/span><\/li>\n<li><span style=\"color: #000000;\"><a style=\"color: #000000;\" href=\"https:\/\/www.alldayled.com\/de\/produkt\/scania-drl-halogeen-koplamp-oranje\/\"><strong>Scania DRL Set Halogen Abblendlicht &#8211; ORANGE <\/strong><\/a><br \/>\n<\/span><\/li>\n<li><a href=\"https:\/\/www.alldayled.com\/de\/produkt\/dagrijverlichting-scania-led-xenon-wit\/\"><span style=\"color: #000000;\"><strong>Scania DRL Set LED Abblendlicht &#8211; XENON WEISS<\/strong><\/span><\/a><\/li>\n<li><span style=\"color: #000000;\"><a style=\"color: #000000;\" href=\"https:\/\/www.alldayled.com\/de\/produkt\/scania-drl-unit-oranje-led-koplamp\/\"><strong>Scania DRL Set LED Abblendlicht &#8211; ORANGE<\/strong><\/a><\/span><\/li>\n<\/ul>\n<p><span style=\"color: #000000;\">M\u00f6chtest du nicht nur das Scania Next Gen Tagfahrlicht warm wei\u00df montieren? Sondern suchst du nach mehr Beleuchtung, die du in oder um deinen Scania montieren kannst? Wirf dann auch einen Blick auf die Seite <a style=\"color: #000000;\" href=\"https:\/\/www.alldayled.com\/de\/produkt-kategorie\/beleuchtungswagen\/scania-verlichting\/\" target=\"_blank\" rel=\"noopener\">Scania Beleuchtung<\/a>.   <\/span><\/p>\n","protected":false},"excerpt":{"rendered":"<p>DRL-Einheit warm wei\u00df, geeignet f\u00fcr Scania Next Gen mit Baujahr 2016+.<\/p>\n","protected":false},"featured_media":24576,"comment_status":"open","ping_status":"closed","template":"","meta":{"_acf_changed":false},"product_brand":[6501],"product_cat":[5409,5328],"product_tag":[9384,9403,9404],"class_list":{"0":"post-66609","1":"product","2":"type-product","3":"status-publish","4":"has-post-thumbnail","6":"product_brand-mtrs","7":"product_cat-scania-verlichting","8":"product_cat-dagrijlampen","9":"product_tag-led-tagfahrlicht","10":"product_tag-tagfahrlicht-scania","11":"product_tag-tagfahrlicht-scania-next-gen","13":"first","14":"instock","15":"taxable","16":"shipping-taxable","17":"purchasable","18":"product-type-simple"},"acf":[],"yoast_head":"<!-- This site is optimized with the Yoast SEO Premium plugin v26.5 (Yoast SEO v27.1.1) - https:\/\/yoast.com\/product\/yoast-seo-premium-wordpress\/ -->\n<title>Scania Tagfahrlicht warm wei\u00df - All Day Led - next gen only<\/title>\n<meta name=\"description\" content=\"Scania Tagfahrlicht warm wei\u00df - Modell S - Modell R - Baujahr 2016+ - kostenloser Versand - nur f\u00fcr LED Scheinwerfer Next Gen\" \/>\n<meta name=\"robots\" content=\"index, follow, max-snippet:-1, max-image-preview:large, max-video-preview:-1\" \/>\n<link rel=\"canonical\" href=\"https:\/\/www.alldayled.com\/de\/produkt\/scania-drl-unit-warm-wit-led-koplamp\/\" \/>\n<meta property=\"og:locale\" content=\"de_DE\" \/>\n<meta property=\"og:type\" content=\"article\" \/>\n<meta property=\"og:title\" content=\"Scania Tagfahrlicht warm wei\u00df - All Day Led - next gen only\" \/>\n<meta property=\"og:description\" content=\"Scania Tagfahrlicht warm wei\u00df - Modell S - Modell R - Baujahr 2016+ - kostenloser Versand - nur f\u00fcr LED Scheinwerfer Next Gen\" \/>\n<meta property=\"og:url\" content=\"https:\/\/www.alldayled.com\/de\/produkt\/scania-drl-unit-warm-wit-led-koplamp\/\" \/>\n<meta property=\"og:site_name\" content=\"All Day Led\" \/>\n<meta property=\"article:publisher\" content=\"https:\/\/www.facebook.com\/alldayled\/\" \/>\n<meta property=\"og:image\" content=\"https:\/\/www.alldayled.com\/wp-content\/uploads\/2025\/05\/ADL40842-S-M-3-300x300.png\" \/>\n<meta name=\"twitter:label1\" content=\"Preis\" \/>\n\t<meta name=\"twitter:data1\" content=\"&euro;&nbsp;160,00\" \/>\n\t<meta name=\"twitter:label2\" content=\"Verf\u00fcgbarkeit\" \/>\n\t<meta name=\"twitter:data2\" content=\"Auf Lager\" \/>\n<script type=\"application\/ld+json\" class=\"yoast-schema-graph\">{\"@context\":\"https:\/\/schema.org\",\"@graph\":[{\"@type\":\"WebPage\",\"@id\":\"https:\/\/www.alldayled.com\/de\/produkt\/scania-drl-unit-warm-wit-led-koplamp\/\",\"url\":\"https:\/\/www.alldayled.com\/de\/produkt\/scania-drl-unit-warm-wit-led-koplamp\/\",\"name\":\"Scania Tagfahrlicht warm wei\u00df - All Day Led - next gen only\",\"isPartOf\":{\"@id\":\"https:\/\/www.alldayled.com\/de\/#website\"},\"primaryImageOfPage\":{\"@id\":\"https:\/\/www.alldayled.com\/de\/produkt\/scania-drl-unit-warm-wit-led-koplamp\/#primaryimage\"},\"image\":{\"@id\":\"https:\/\/www.alldayled.com\/de\/produkt\/scania-drl-unit-warm-wit-led-koplamp\/#primaryimage\"},\"thumbnailUrl\":\"https:\/\/www.alldayled.com\/wp-content\/uploads\/2023\/03\/ADL40842.png\",\"datePublished\":\"2023-03-15T14:34:44+00:00\",\"description\":\"Scania Tagfahrlicht warm wei\u00df - Modell S - Modell R - Baujahr 2016+ - kostenloser Versand - nur f\u00fcr LED Scheinwerfer Next Gen\",\"breadcrumb\":{\"@id\":\"https:\/\/www.alldayled.com\/de\/produkt\/scania-drl-unit-warm-wit-led-koplamp\/#breadcrumb\"},\"inLanguage\":\"de\",\"potentialAction\":[{\"@type\":\"ReadAction\",\"target\":[\"https:\/\/www.alldayled.com\/de\/produkt\/scania-drl-unit-warm-wit-led-koplamp\/\"]}]},{\"@type\":\"ImageObject\",\"inLanguage\":\"de\",\"@id\":\"https:\/\/www.alldayled.com\/de\/produkt\/scania-drl-unit-warm-wit-led-koplamp\/#primaryimage\",\"url\":\"https:\/\/www.alldayled.com\/wp-content\/uploads\/2023\/03\/ADL40842.png\",\"contentUrl\":\"https:\/\/www.alldayled.com\/wp-content\/uploads\/2023\/03\/ADL40842.png\",\"width\":800,\"height\":600,\"caption\":\"MTRS Scania Next Gen LED Tagfahrlicht WARM WEISS - geeignet f\u00fcr Scania LKW mit LED-Paket - Matronics Nummer 240842 - EAN: 6090433844863\"},{\"@type\":\"BreadcrumbList\",\"@id\":\"https:\/\/www.alldayled.com\/de\/produkt\/scania-drl-unit-warm-wit-led-koplamp\/#breadcrumb\",\"itemListElement\":[{\"@type\":\"ListItem\",\"position\":1,\"name\":\"Home\",\"item\":\"https:\/\/www.alldayled.com\/de\/\"},{\"@type\":\"ListItem\",\"position\":2,\"name\":\"Shop\",\"item\":\"https:\/\/www.alldayled.com\/de\/shop\/\"},{\"@type\":\"ListItem\",\"position\":3,\"name\":\"Beleuchtung LKW\",\"item\":\"https:\/\/www.alldayled.com\/de\/produkt-kategorie\/beleuchtungswagen\/\"},{\"@type\":\"ListItem\",\"position\":4,\"name\":\"Scania Beleuchtung\",\"item\":\"https:\/\/www.alldayled.com\/de\/produkt-kategorie\/beleuchtungswagen\/scania-verlichting\/\"},{\"@type\":\"ListItem\",\"position\":5,\"name\":\"Tagfahrlicht Scania LED &#8211; warm wei\u00df\"}]},{\"@type\":\"WebSite\",\"@id\":\"https:\/\/www.alldayled.com\/de\/#website\",\"url\":\"https:\/\/www.alldayled.com\/de\/\",\"name\":\"All Day Led\",\"description\":\"Verlichting voor 12&amp;24 volt gebruik\",\"publisher\":{\"@id\":\"https:\/\/www.alldayled.com\/de\/#organization\"},\"potentialAction\":[{\"@type\":\"SearchAction\",\"target\":{\"@type\":\"EntryPoint\",\"urlTemplate\":\"https:\/\/www.alldayled.com\/de\/?s={search_term_string}\"},\"query-input\":{\"@type\":\"PropertyValueSpecification\",\"valueRequired\":true,\"valueName\":\"search_term_string\"}}],\"inLanguage\":\"de\"},{\"@type\":\"Organization\",\"@id\":\"https:\/\/www.alldayled.com\/de\/#organization\",\"name\":\"All Day Led\",\"url\":\"https:\/\/www.alldayled.com\/de\/\",\"logo\":{\"@type\":\"ImageObject\",\"inLanguage\":\"de\",\"@id\":\"https:\/\/www.alldayled.com\/de\/#\/schema\/logo\/image\/\",\"url\":\"https:\/\/www.alldayled.com\/wp-content\/uploads\/2025\/10\/Logo-ALL-DAY-LED-800x800-zwart-witte-letters.png\",\"contentUrl\":\"https:\/\/www.alldayled.com\/wp-content\/uploads\/2025\/10\/Logo-ALL-DAY-LED-800x800-zwart-witte-letters.png\",\"width\":800,\"height\":800,\"caption\":\"All Day Led\"},\"image\":{\"@id\":\"https:\/\/www.alldayled.com\/de\/#\/schema\/logo\/image\/\"},\"sameAs\":[\"https:\/\/www.facebook.com\/alldayled\/\",\"https:\/\/www.instagram.com\/alldayled\/\"],\"vatID\":\"NL863960133B01\",\"taxID\":\"86416545\"}]}<\/script>\n<meta property=\"product:brand\" content=\"MTRS\" \/>\n<meta property=\"product:price:amount\" content=\"160.00\" \/>\n<meta property=\"product:price:currency\" content=\"EUR\" \/>\n<meta property=\"og:availability\" content=\"instock\" \/>\n<meta property=\"product:availability\" content=\"instock\" \/>\n<meta property=\"product:retailer_item_id\" content=\"ADL40842\" \/>\n<meta property=\"product:condition\" content=\"new\" \/>\n<!-- \/ Yoast SEO Premium plugin. -->","yoast_head_json":{"title":"Scania Tagfahrlicht warm wei\u00df - All Day Led - next gen only","description":"Scania Tagfahrlicht warm wei\u00df - Modell S - Modell R - Baujahr 2016+ - kostenloser Versand - nur f\u00fcr LED Scheinwerfer Next Gen","robots":{"index":"index","follow":"follow","max-snippet":"max-snippet:-1","max-image-preview":"max-image-preview:large","max-video-preview":"max-video-preview:-1"},"canonical":"https:\/\/www.alldayled.com\/de\/produkt\/scania-drl-unit-warm-wit-led-koplamp\/","og_locale":"de_DE","og_type":"article","og_title":"Scania Tagfahrlicht warm wei\u00df - All Day Led - next gen only","og_description":"Scania Tagfahrlicht warm wei\u00df - Modell S - Modell R - Baujahr 2016+ - kostenloser Versand - nur f\u00fcr LED Scheinwerfer Next Gen","og_url":"https:\/\/www.alldayled.com\/de\/produkt\/scania-drl-unit-warm-wit-led-koplamp\/","og_site_name":"All Day Led","article_publisher":"https:\/\/www.facebook.com\/alldayled\/","og_image":[{"url":"https:\/\/www.alldayled.com\/wp-content\/uploads\/2025\/05\/ADL40842-S-M-3-300x300.png","type":"","width":"","height":""}],"twitter_misc":{"Preis":"&euro;&nbsp;160,00","Verf\u00fcgbarkeit":"Auf Lager"},"schema":{"@context":"https:\/\/schema.org","@graph":[{"@type":"WebPage","@id":"https:\/\/www.alldayled.com\/de\/produkt\/scania-drl-unit-warm-wit-led-koplamp\/","url":"https:\/\/www.alldayled.com\/de\/produkt\/scania-drl-unit-warm-wit-led-koplamp\/","name":"Scania Tagfahrlicht warm wei\u00df - All Day Led - next gen only","isPartOf":{"@id":"https:\/\/www.alldayled.com\/de\/#website"},"primaryImageOfPage":{"@id":"https:\/\/www.alldayled.com\/de\/produkt\/scania-drl-unit-warm-wit-led-koplamp\/#primaryimage"},"image":{"@id":"https:\/\/www.alldayled.com\/de\/produkt\/scania-drl-unit-warm-wit-led-koplamp\/#primaryimage"},"thumbnailUrl":"https:\/\/www.alldayled.com\/wp-content\/uploads\/2023\/03\/ADL40842.png","datePublished":"2023-03-15T14:34:44+00:00","description":"Scania Tagfahrlicht warm wei\u00df - Modell S - Modell R - Baujahr 2016+ - kostenloser Versand - nur f\u00fcr LED Scheinwerfer Next Gen","breadcrumb":{"@id":"https:\/\/www.alldayled.com\/de\/produkt\/scania-drl-unit-warm-wit-led-koplamp\/#breadcrumb"},"inLanguage":"de","potentialAction":[{"@type":"ReadAction","target":["https:\/\/www.alldayled.com\/de\/produkt\/scania-drl-unit-warm-wit-led-koplamp\/"]}]},{"@type":"ImageObject","inLanguage":"de","@id":"https:\/\/www.alldayled.com\/de\/produkt\/scania-drl-unit-warm-wit-led-koplamp\/#primaryimage","url":"https:\/\/www.alldayled.com\/wp-content\/uploads\/2023\/03\/ADL40842.png","contentUrl":"https:\/\/www.alldayled.com\/wp-content\/uploads\/2023\/03\/ADL40842.png","width":800,"height":600,"caption":"MTRS Scania Next Gen LED Tagfahrlicht WARM WEISS - geeignet f\u00fcr Scania LKW mit LED-Paket - Matronics Nummer 240842 - EAN: 6090433844863"},{"@type":"BreadcrumbList","@id":"https:\/\/www.alldayled.com\/de\/produkt\/scania-drl-unit-warm-wit-led-koplamp\/#breadcrumb","itemListElement":[{"@type":"ListItem","position":1,"name":"Home","item":"https:\/\/www.alldayled.com\/de\/"},{"@type":"ListItem","position":2,"name":"Shop","item":"https:\/\/www.alldayled.com\/de\/shop\/"},{"@type":"ListItem","position":3,"name":"Beleuchtung LKW","item":"https:\/\/www.alldayled.com\/de\/produkt-kategorie\/beleuchtungswagen\/"},{"@type":"ListItem","position":4,"name":"Scania Beleuchtung","item":"https:\/\/www.alldayled.com\/de\/produkt-kategorie\/beleuchtungswagen\/scania-verlichting\/"},{"@type":"ListItem","position":5,"name":"Tagfahrlicht Scania LED &#8211; warm wei\u00df"}]},{"@type":"WebSite","@id":"https:\/\/www.alldayled.com\/de\/#website","url":"https:\/\/www.alldayled.com\/de\/","name":"All Day Led","description":"Verlichting voor 12&amp;24 volt gebruik","publisher":{"@id":"https:\/\/www.alldayled.com\/de\/#organization"},"potentialAction":[{"@type":"SearchAction","target":{"@type":"EntryPoint","urlTemplate":"https:\/\/www.alldayled.com\/de\/?s={search_term_string}"},"query-input":{"@type":"PropertyValueSpecification","valueRequired":true,"valueName":"search_term_string"}}],"inLanguage":"de"},{"@type":"Organization","@id":"https:\/\/www.alldayled.com\/de\/#organization","name":"All Day Led","url":"https:\/\/www.alldayled.com\/de\/","logo":{"@type":"ImageObject","inLanguage":"de","@id":"https:\/\/www.alldayled.com\/de\/#\/schema\/logo\/image\/","url":"https:\/\/www.alldayled.com\/wp-content\/uploads\/2025\/10\/Logo-ALL-DAY-LED-800x800-zwart-witte-letters.png","contentUrl":"https:\/\/www.alldayled.com\/wp-content\/uploads\/2025\/10\/Logo-ALL-DAY-LED-800x800-zwart-witte-letters.png","width":800,"height":800,"caption":"All Day Led"},"image":{"@id":"https:\/\/www.alldayled.com\/de\/#\/schema\/logo\/image\/"},"sameAs":["https:\/\/www.facebook.com\/alldayled\/","https:\/\/www.instagram.com\/alldayled\/"],"vatID":"NL863960133B01","taxID":"86416545"}]},"product_brand":"MTRS","product_price_amount":"160.00","product_price_currency":"EUR","og_availability":"instock","product_availability":"instock","product_retailer_item_id":"ADL40842","product_condition":"new"},"_links":{"self":[{"href":"https:\/\/www.alldayled.com\/de\/wp-json\/wp\/v2\/product\/66609","targetHints":{"allow":["GET"]}}],"collection":[{"href":"https:\/\/www.alldayled.com\/de\/wp-json\/wp\/v2\/product"}],"about":[{"href":"https:\/\/www.alldayled.com\/de\/wp-json\/wp\/v2\/types\/product"}],"replies":[{"embeddable":true,"href":"https:\/\/www.alldayled.com\/de\/wp-json\/wp\/v2\/comments?post=66609"}],"wp:featuredmedia":[{"embeddable":true,"href":"https:\/\/www.alldayled.com\/de\/wp-json\/wp\/v2\/media\/24576"}],"wp:attachment":[{"href":"https:\/\/www.alldayled.com\/de\/wp-json\/wp\/v2\/media?parent=66609"}],"wp:term":[{"taxonomy":"product_brand","embeddable":true,"href":"https:\/\/www.alldayled.com\/de\/wp-json\/wp\/v2\/product_brand?post=66609"},{"taxonomy":"product_cat","embeddable":true,"href":"https:\/\/www.alldayled.com\/de\/wp-json\/wp\/v2\/product_cat?post=66609"},{"taxonomy":"product_tag","embeddable":true,"href":"https:\/\/www.alldayled.com\/de\/wp-json\/wp\/v2\/product_tag?post=66609"}],"curies":[{"name":"wp","href":"https:\/\/api.w.org\/{rel}","templated":true}]}}