{"id":66621,"date":"2023-03-15T13:25:02","date_gmt":"2023-03-15T12:25:02","guid":{"rendered":"https:\/\/www.alldayled.com\/product\/scania-drl-halogeen-koplamp-oranje\/"},"modified":"2025-11-28T14:53:37","modified_gmt":"2025-11-28T13:53:37","slug":"scania-drl-halogeen-koplamp-oranje","status":"publish","type":"product","link":"https:\/\/www.alldayled.com\/de\/produkt\/scania-drl-halogeen-koplamp-oranje\/","title":{"rendered":"Tagfahrlicht Scania Halogen &#8211; orange"},"content":{"rendered":"<p><span style=\"color: #000000;\"><strong>DRL-Einheit ORANGE, geeignet f\u00fcr einen Scania Next Gen ab Baujahr 2016+.<\/strong><\/span><\/p>\n<p><span style=\"color: #000000;\">M\u00f6chten Sie die original wei\u00df montierte DRL-Einheit Ihres Scania Next Gen mit Halogen-Scheinwerfer durch die orangefarbene Variante ersetzen? Dann ist dieses Set vielleicht das, wonach Sie suchen. Dieses Set besteht aus zwei LED-Platten, mit denen Sie sowohl die linke als auch die rechte Modul \u00e4ndern k\u00f6nnen. Das Set wurde f\u00fcr einen Scania Next Gen LKW passend gemacht und passt daher auf kein anderes Modell.    <strong><em>ACHTUNG, Sie k\u00f6nnen das Set nur montieren, wenn Sie originale Halogen-Scheinwerfer haben. <\/em><\/strong><\/span><\/p>\n<p><span style=\"color: #000000;\">Da Sie vor dem Kauf wissen m\u00f6chten, dass das Set f\u00fcr Ihren LKW geeignet ist, haben wir hier einige wichtige Punkte aufgeschrieben. Es ist wichtig, dass die original montierten Einheiten exakt die gleichen sind wie die auf Abbildung zwei. Stimmt die original montierte Einheit nicht \u00fcberein, passen die gezeigten Leiterplatten nicht. Weiterhin ist das Scania Next Gen Tagfahrlicht orange nur f\u00fcr Modelle ab Baujahr 2016+ geeignet und muss mit Halogen-Scheinwerfern ausgestattet sein. Bitte beachten Sie, dass die DRL-Einheit keine E-Pr\u00fcfzeichen hat, dies bedeutet, dass Sie die originale f\u00fcr die Hauptuntersuchung zur\u00fcckmontieren m\u00fcssen.     <\/span><\/p>\n<h5><span style=\"color: #000000;\"><strong>Weitere Modelle:<\/strong><\/span><\/h5>\n<p><span style=\"color: #000000;\">Haben Sie zwar einen Scania Next Gen LKW, m\u00f6chten aber das Tagfahrlicht nicht in die Farbe Orange \u00e4ndern? Oder stimmen die montierten Leiterplatten nicht mit denen auf dem Foto \u00fcberein? Wissen Sie dann, dass diese DRL-Modul auch in anderen Farben und Modellen erh\u00e4ltlich ist. Sehen Sie sich hierunter die \u00fcbrigen Modelle an, die wir liefern k\u00f6nnen.   <\/span><\/p>\n<ul>\n<li><span style=\"color: #000000;\"><a style=\"color: #000000;\" href=\"https:\/\/www.alldayled.com\/de\/produkt\/scania-drl-unit-wit-oranje-led-koplamp\/\"><strong>Scania DRL Set LED Abblendlicht &#8211; ORANGE\/WEISS\/STROBE<\/strong><\/a><\/span><\/li>\n<li><span style=\"color: #000000;\"><a style=\"color: #000000;\" href=\"https:\/\/www.alldayled.com\/de\/produkt\/scania-drl-halogeen-koplamp-warm-wit\/\"><strong>Scania DRL Set Halogen Abblendlicht &#8211; WARM WEISS<\/strong><\/a><\/span><\/li>\n<li><span style=\"color: #000000;\"><a style=\"color: #000000;\" href=\"https:\/\/www.alldayled.com\/de\/produkt\/scania-drl-unit-warm-wit-led-koplamp\/\"><strong>Scania DRL Set LED-Abblendlicht &#8211; WARM WEISS<\/strong><\/a><\/span><\/li>\n<li><span style=\"color: #000000;\"><a style=\"color: #000000;\" href=\"https:\/\/www.alldayled.com\/de\/produkt\/dagrijverlichting-scania-led-xenon-wit\/\"><strong>SCANIA DRL Set LED-Abblendlicht XENON WEISS<\/strong><\/a><\/span><\/li>\n<li><span style=\"color: #000000;\"><a style=\"color: #000000;\" href=\"https:\/\/www.alldayled.com\/de\/produkt\/scania-drl-unit-oranje-led-koplamp\/\"><strong>Scania DRL Set LED Abblendlicht &#8211; ORANGE<\/strong><\/a><\/span><\/li>\n<\/ul>\n<p><span style=\"color: #000000;\">M\u00f6chten Sie nicht nur die Scania Next Gen DRL ORANGE in Ihrem Halogen-ausgef\u00fchrten Scheinwerfer montieren? Sondern sind Sie auf der Suche nach mehr Beleuchtung, die Sie in oder um Ihren Scania montieren k\u00f6nnen? Dann werfen Sie auch einen Blick auf die Seite <a style=\"color: #000000;\" href=\"https:\/\/www.alldayled.com\/de\/produkt-kategorie\/beleuchtungswagen\/scania-verlichting\/\" target=\"_blank\" rel=\"noopener\">Scania verlichting.<\/a> Vielleicht finden Sie hier das Zubeh\u00f6r oder die Lampe, die Sie suchen.  <\/span><\/p>\n","protected":false},"excerpt":{"rendered":"<p>DRL-Einheit orange, geeignet f\u00fcr Scania Next Gen ab Baujahr 2016+ (Halogen).<\/p>\n","protected":false},"featured_media":30984,"comment_status":"open","ping_status":"closed","template":"","meta":{"_acf_changed":false},"product_brand":[6501],"product_cat":[5409,5328],"product_tag":[5573,9384,9383,9403,9404],"class_list":{"0":"post-66621","1":"product","2":"type-product","3":"status-publish","4":"has-post-thumbnail","6":"product_brand-mtrs","7":"product_cat-scania-verlichting","8":"product_cat-dagrijlampen","9":"product_tag-drl-module","10":"product_tag-led-tagfahrlicht","11":"product_tag-tagfahrlicht-lkw","12":"product_tag-tagfahrlicht-scania","13":"product_tag-tagfahrlicht-scania-next-gen","15":"first","16":"instock","17":"taxable","18":"shipping-taxable","19":"purchasable","20":"product-type-simple"},"acf":[],"yoast_head":"<!-- This site is optimized with the Yoast SEO Premium plugin v26.5 (Yoast SEO v27.1.1) - https:\/\/yoast.com\/product\/yoast-seo-premium-wordpress\/ -->\n<title>Scania DRL Halogen Scheinwerfer orange - All Day Led - 24 Volt Einheit<\/title>\n<meta name=\"description\" content=\"Scania DRL Halogen Scheinwerfer orange - Scania Next Gen Modell R &amp; S - Baujahr 2016+ - mit Halogen Scheinwerfer - Scania DRL Einheit ORANGE -\" \/>\n<meta name=\"robots\" content=\"index, follow, max-snippet:-1, max-image-preview:large, max-video-preview:-1\" \/>\n<link rel=\"canonical\" href=\"https:\/\/www.alldayled.com\/de\/produkt\/scania-drl-halogeen-koplamp-oranje\/\" \/>\n<meta property=\"og:locale\" content=\"de_DE\" \/>\n<meta property=\"og:type\" content=\"article\" \/>\n<meta property=\"og:title\" content=\"Scania DRL Halogen Scheinwerfer orange - All Day Led - 24 Volt Einheit\" \/>\n<meta property=\"og:description\" content=\"Scania DRL Halogen Scheinwerfer orange - Scania Next Gen Modell R &amp; S - Baujahr 2016+ - mit Halogen Scheinwerfer - Scania DRL Einheit ORANGE -\" \/>\n<meta property=\"og:url\" content=\"https:\/\/www.alldayled.com\/de\/produkt\/scania-drl-halogeen-koplamp-oranje\/\" \/>\n<meta property=\"og:site_name\" content=\"All Day Led\" \/>\n<meta property=\"article:publisher\" content=\"https:\/\/www.facebook.com\/alldayled\/\" \/>\n<meta property=\"article:modified_time\" content=\"2025-11-28T13:53:37+00:00\" \/>\n<meta property=\"og:image\" content=\"https:\/\/www.alldayled.com\/wp-content\/uploads\/2025\/05\/ADL40850-S-M-2-300x300.png\" \/>\n<meta name=\"twitter:label1\" content=\"Preis\" \/>\n\t<meta name=\"twitter:data1\" content=\"&euro;&nbsp;150,00\" \/>\n\t<meta name=\"twitter:label2\" content=\"Verf\u00fcgbarkeit\" \/>\n\t<meta name=\"twitter:data2\" content=\"Auf Lager\" \/>\n<script type=\"application\/ld+json\" class=\"yoast-schema-graph\">{\"@context\":\"https:\/\/schema.org\",\"@graph\":[{\"@type\":\"WebPage\",\"@id\":\"https:\/\/www.alldayled.com\/de\/produkt\/scania-drl-halogeen-koplamp-oranje\/\",\"url\":\"https:\/\/www.alldayled.com\/de\/produkt\/scania-drl-halogeen-koplamp-oranje\/\",\"name\":\"Scania DRL Halogen Scheinwerfer orange - All Day Led - 24 Volt Einheit\",\"isPartOf\":{\"@id\":\"https:\/\/www.alldayled.com\/de\/#website\"},\"primaryImageOfPage\":{\"@id\":\"https:\/\/www.alldayled.com\/de\/produkt\/scania-drl-halogeen-koplamp-oranje\/#primaryimage\"},\"image\":{\"@id\":\"https:\/\/www.alldayled.com\/de\/produkt\/scania-drl-halogeen-koplamp-oranje\/#primaryimage\"},\"thumbnailUrl\":\"https:\/\/www.alldayled.com\/wp-content\/uploads\/2024\/09\/ADL40850.png\",\"datePublished\":\"2023-03-15T12:25:02+00:00\",\"dateModified\":\"2025-11-28T13:53:37+00:00\",\"description\":\"Scania DRL Halogen Scheinwerfer orange - Scania Next Gen Modell R & S - Baujahr 2016+ - mit Halogen Scheinwerfer - Scania DRL Einheit ORANGE -\",\"breadcrumb\":{\"@id\":\"https:\/\/www.alldayled.com\/de\/produkt\/scania-drl-halogeen-koplamp-oranje\/#breadcrumb\"},\"inLanguage\":\"de\",\"potentialAction\":[{\"@type\":\"ReadAction\",\"target\":[\"https:\/\/www.alldayled.com\/de\/produkt\/scania-drl-halogeen-koplamp-oranje\/\"]}]},{\"@type\":\"ImageObject\",\"inLanguage\":\"de\",\"@id\":\"https:\/\/www.alldayled.com\/de\/produkt\/scania-drl-halogeen-koplamp-oranje\/#primaryimage\",\"url\":\"https:\/\/www.alldayled.com\/wp-content\/uploads\/2024\/09\/ADL40850.png\",\"contentUrl\":\"https:\/\/www.alldayled.com\/wp-content\/uploads\/2024\/09\/ADL40850.png\",\"width\":800,\"height\":600,\"caption\":\"Scania Next Gen LED Tagfahrlicht f\u00fcr Halogen-Scheinwerfer - LED DRL-Einheit, die f\u00fcr Scania Next Gen LKW ab 2016+ geeignet ist - ORANGE DRL-Einheit f\u00fcr den LKW - EAN: 6090429833888\"},{\"@type\":\"BreadcrumbList\",\"@id\":\"https:\/\/www.alldayled.com\/de\/produkt\/scania-drl-halogeen-koplamp-oranje\/#breadcrumb\",\"itemListElement\":[{\"@type\":\"ListItem\",\"position\":1,\"name\":\"Home\",\"item\":\"https:\/\/www.alldayled.com\/de\/\"},{\"@type\":\"ListItem\",\"position\":2,\"name\":\"Shop\",\"item\":\"https:\/\/www.alldayled.com\/de\/shop\/\"},{\"@type\":\"ListItem\",\"position\":3,\"name\":\"Beleuchtung LKW\",\"item\":\"https:\/\/www.alldayled.com\/de\/produkt-kategorie\/beleuchtungswagen\/\"},{\"@type\":\"ListItem\",\"position\":4,\"name\":\"Scania Beleuchtung\",\"item\":\"https:\/\/www.alldayled.com\/de\/produkt-kategorie\/beleuchtungswagen\/scania-verlichting\/\"},{\"@type\":\"ListItem\",\"position\":5,\"name\":\"Tagfahrlicht Scania Halogen &#8211; orange\"}]},{\"@type\":\"WebSite\",\"@id\":\"https:\/\/www.alldayled.com\/de\/#website\",\"url\":\"https:\/\/www.alldayled.com\/de\/\",\"name\":\"All Day Led\",\"description\":\"Verlichting voor 12&amp;24 volt gebruik\",\"publisher\":{\"@id\":\"https:\/\/www.alldayled.com\/de\/#organization\"},\"potentialAction\":[{\"@type\":\"SearchAction\",\"target\":{\"@type\":\"EntryPoint\",\"urlTemplate\":\"https:\/\/www.alldayled.com\/de\/?s={search_term_string}\"},\"query-input\":{\"@type\":\"PropertyValueSpecification\",\"valueRequired\":true,\"valueName\":\"search_term_string\"}}],\"inLanguage\":\"de\"},{\"@type\":\"Organization\",\"@id\":\"https:\/\/www.alldayled.com\/de\/#organization\",\"name\":\"All Day Led\",\"url\":\"https:\/\/www.alldayled.com\/de\/\",\"logo\":{\"@type\":\"ImageObject\",\"inLanguage\":\"de\",\"@id\":\"https:\/\/www.alldayled.com\/de\/#\/schema\/logo\/image\/\",\"url\":\"https:\/\/www.alldayled.com\/wp-content\/uploads\/2025\/10\/Logo-ALL-DAY-LED-800x800-zwart-witte-letters.png\",\"contentUrl\":\"https:\/\/www.alldayled.com\/wp-content\/uploads\/2025\/10\/Logo-ALL-DAY-LED-800x800-zwart-witte-letters.png\",\"width\":800,\"height\":800,\"caption\":\"All Day Led\"},\"image\":{\"@id\":\"https:\/\/www.alldayled.com\/de\/#\/schema\/logo\/image\/\"},\"sameAs\":[\"https:\/\/www.facebook.com\/alldayled\/\",\"https:\/\/www.instagram.com\/alldayled\/\"],\"vatID\":\"NL863960133B01\",\"taxID\":\"86416545\"}]}<\/script>\n<meta property=\"product:brand\" content=\"MTRS\" \/>\n<meta property=\"product:price:amount\" content=\"150.00\" \/>\n<meta property=\"product:price:currency\" content=\"EUR\" \/>\n<meta property=\"og:availability\" content=\"instock\" \/>\n<meta property=\"product:availability\" content=\"instock\" \/>\n<meta property=\"product:retailer_item_id\" content=\"ADL40850\" \/>\n<meta property=\"product:condition\" content=\"new\" \/>\n<!-- \/ Yoast SEO Premium plugin. -->","yoast_head_json":{"title":"Scania DRL Halogen Scheinwerfer orange - All Day Led - 24 Volt Einheit","description":"Scania DRL Halogen Scheinwerfer orange - Scania Next Gen Modell R & S - Baujahr 2016+ - mit Halogen Scheinwerfer - Scania DRL Einheit ORANGE -","robots":{"index":"index","follow":"follow","max-snippet":"max-snippet:-1","max-image-preview":"max-image-preview:large","max-video-preview":"max-video-preview:-1"},"canonical":"https:\/\/www.alldayled.com\/de\/produkt\/scania-drl-halogeen-koplamp-oranje\/","og_locale":"de_DE","og_type":"article","og_title":"Scania DRL Halogen Scheinwerfer orange - All Day Led - 24 Volt Einheit","og_description":"Scania DRL Halogen Scheinwerfer orange - Scania Next Gen Modell R & S - Baujahr 2016+ - mit Halogen Scheinwerfer - Scania DRL Einheit ORANGE -","og_url":"https:\/\/www.alldayled.com\/de\/produkt\/scania-drl-halogeen-koplamp-oranje\/","og_site_name":"All Day Led","article_publisher":"https:\/\/www.facebook.com\/alldayled\/","article_modified_time":"2025-11-28T13:53:37+00:00","og_image":[{"url":"https:\/\/www.alldayled.com\/wp-content\/uploads\/2025\/05\/ADL40850-S-M-2-300x300.png","type":"","width":"","height":""}],"twitter_misc":{"Preis":"&euro;&nbsp;150,00","Verf\u00fcgbarkeit":"Auf Lager"},"schema":{"@context":"https:\/\/schema.org","@graph":[{"@type":"WebPage","@id":"https:\/\/www.alldayled.com\/de\/produkt\/scania-drl-halogeen-koplamp-oranje\/","url":"https:\/\/www.alldayled.com\/de\/produkt\/scania-drl-halogeen-koplamp-oranje\/","name":"Scania DRL Halogen Scheinwerfer orange - All Day Led - 24 Volt Einheit","isPartOf":{"@id":"https:\/\/www.alldayled.com\/de\/#website"},"primaryImageOfPage":{"@id":"https:\/\/www.alldayled.com\/de\/produkt\/scania-drl-halogeen-koplamp-oranje\/#primaryimage"},"image":{"@id":"https:\/\/www.alldayled.com\/de\/produkt\/scania-drl-halogeen-koplamp-oranje\/#primaryimage"},"thumbnailUrl":"https:\/\/www.alldayled.com\/wp-content\/uploads\/2024\/09\/ADL40850.png","datePublished":"2023-03-15T12:25:02+00:00","dateModified":"2025-11-28T13:53:37+00:00","description":"Scania DRL Halogen Scheinwerfer orange - Scania Next Gen Modell R & S - Baujahr 2016+ - mit Halogen Scheinwerfer - Scania DRL Einheit ORANGE -","breadcrumb":{"@id":"https:\/\/www.alldayled.com\/de\/produkt\/scania-drl-halogeen-koplamp-oranje\/#breadcrumb"},"inLanguage":"de","potentialAction":[{"@type":"ReadAction","target":["https:\/\/www.alldayled.com\/de\/produkt\/scania-drl-halogeen-koplamp-oranje\/"]}]},{"@type":"ImageObject","inLanguage":"de","@id":"https:\/\/www.alldayled.com\/de\/produkt\/scania-drl-halogeen-koplamp-oranje\/#primaryimage","url":"https:\/\/www.alldayled.com\/wp-content\/uploads\/2024\/09\/ADL40850.png","contentUrl":"https:\/\/www.alldayled.com\/wp-content\/uploads\/2024\/09\/ADL40850.png","width":800,"height":600,"caption":"Scania Next Gen LED Tagfahrlicht f\u00fcr Halogen-Scheinwerfer - LED DRL-Einheit, die f\u00fcr Scania Next Gen LKW ab 2016+ geeignet ist - ORANGE DRL-Einheit f\u00fcr den LKW - EAN: 6090429833888"},{"@type":"BreadcrumbList","@id":"https:\/\/www.alldayled.com\/de\/produkt\/scania-drl-halogeen-koplamp-oranje\/#breadcrumb","itemListElement":[{"@type":"ListItem","position":1,"name":"Home","item":"https:\/\/www.alldayled.com\/de\/"},{"@type":"ListItem","position":2,"name":"Shop","item":"https:\/\/www.alldayled.com\/de\/shop\/"},{"@type":"ListItem","position":3,"name":"Beleuchtung LKW","item":"https:\/\/www.alldayled.com\/de\/produkt-kategorie\/beleuchtungswagen\/"},{"@type":"ListItem","position":4,"name":"Scania Beleuchtung","item":"https:\/\/www.alldayled.com\/de\/produkt-kategorie\/beleuchtungswagen\/scania-verlichting\/"},{"@type":"ListItem","position":5,"name":"Tagfahrlicht Scania Halogen &#8211; orange"}]},{"@type":"WebSite","@id":"https:\/\/www.alldayled.com\/de\/#website","url":"https:\/\/www.alldayled.com\/de\/","name":"All Day Led","description":"Verlichting voor 12&amp;24 volt gebruik","publisher":{"@id":"https:\/\/www.alldayled.com\/de\/#organization"},"potentialAction":[{"@type":"SearchAction","target":{"@type":"EntryPoint","urlTemplate":"https:\/\/www.alldayled.com\/de\/?s={search_term_string}"},"query-input":{"@type":"PropertyValueSpecification","valueRequired":true,"valueName":"search_term_string"}}],"inLanguage":"de"},{"@type":"Organization","@id":"https:\/\/www.alldayled.com\/de\/#organization","name":"All Day Led","url":"https:\/\/www.alldayled.com\/de\/","logo":{"@type":"ImageObject","inLanguage":"de","@id":"https:\/\/www.alldayled.com\/de\/#\/schema\/logo\/image\/","url":"https:\/\/www.alldayled.com\/wp-content\/uploads\/2025\/10\/Logo-ALL-DAY-LED-800x800-zwart-witte-letters.png","contentUrl":"https:\/\/www.alldayled.com\/wp-content\/uploads\/2025\/10\/Logo-ALL-DAY-LED-800x800-zwart-witte-letters.png","width":800,"height":800,"caption":"All Day Led"},"image":{"@id":"https:\/\/www.alldayled.com\/de\/#\/schema\/logo\/image\/"},"sameAs":["https:\/\/www.facebook.com\/alldayled\/","https:\/\/www.instagram.com\/alldayled\/"],"vatID":"NL863960133B01","taxID":"86416545"}]},"product_brand":"MTRS","product_price_amount":"150.00","product_price_currency":"EUR","og_availability":"instock","product_availability":"instock","product_retailer_item_id":"ADL40850","product_condition":"new"},"_links":{"self":[{"href":"https:\/\/www.alldayled.com\/de\/wp-json\/wp\/v2\/product\/66621","targetHints":{"allow":["GET"]}}],"collection":[{"href":"https:\/\/www.alldayled.com\/de\/wp-json\/wp\/v2\/product"}],"about":[{"href":"https:\/\/www.alldayled.com\/de\/wp-json\/wp\/v2\/types\/product"}],"replies":[{"embeddable":true,"href":"https:\/\/www.alldayled.com\/de\/wp-json\/wp\/v2\/comments?post=66621"}],"wp:featuredmedia":[{"embeddable":true,"href":"https:\/\/www.alldayled.com\/de\/wp-json\/wp\/v2\/media\/30984"}],"wp:attachment":[{"href":"https:\/\/www.alldayled.com\/de\/wp-json\/wp\/v2\/media?parent=66621"}],"wp:term":[{"taxonomy":"product_brand","embeddable":true,"href":"https:\/\/www.alldayled.com\/de\/wp-json\/wp\/v2\/product_brand?post=66621"},{"taxonomy":"product_cat","embeddable":true,"href":"https:\/\/www.alldayled.com\/de\/wp-json\/wp\/v2\/product_cat?post=66621"},{"taxonomy":"product_tag","embeddable":true,"href":"https:\/\/www.alldayled.com\/de\/wp-json\/wp\/v2\/product_tag?post=66621"}],"curies":[{"name":"wp","href":"https:\/\/api.w.org\/{rel}","templated":true}]}}