{"id":66625,"date":"2023-03-10T15:45:40","date_gmt":"2023-03-10T14:45:40","guid":{"rendered":"https:\/\/www.alldayled.com\/product\/dagrijverlichting-volvo-2021-wit-oranje\/"},"modified":"2026-04-28T20:18:28","modified_gmt":"2026-04-28T18:18:28","slug":"dagrijverlichting-volvo-2021-wit-oranje","status":"publish","type":"product","link":"https:\/\/www.alldayled.com\/de\/produkt\/dagrijverlichting-volvo-2021-wit-oranje\/","title":{"rendered":"Tagfahrlicht Volvo 2021+ wei\u00df\/orange"},"content":{"rendered":"<p><span style=\"color: #000000;\"><strong>DRL-Einheit wei\u00df \/ orange, geeignet f\u00fcr den Volvo FH5 mit Baujahr 2021+.<\/strong><\/span><\/p>\n<p><span style=\"color: #000000;\">M\u00f6chtest du dein originales LED Tagfahrlicht deines Volvo LKW durch eine farbwechselnde Einheit ersetzen? Dann ist dieses DRL Volvo 2021+ wei\u00df\/orange vielleicht das Set, wonach du suchst. Das Set besteht aus vier LED-Platinen, mit denen du sowohl die linke als auch die rechte Seite \u00e4ndern kannst. Die original montierte Beleuchtung ersetzt du einfach durch diese Dual-Color-Variante. Dank der Dual-Color-Funktion wechselst du m\u00fchelos zwischen wei\u00dfem und orangem Tagfahrlicht (DRL). Mit den sechs eingebauten DIP-Schaltern stellst du selbst ein, wie sich die verschiedenen Funktionen verhalten. Mit dem DIP-Schalter bestimmst du die Farbtemperatur des wei\u00dfen Lichts, w\u00e4hle warm wei\u00df (2700K) oder helles Xenonwei\u00df (6000K), je nach deiner Pr\u00e4ferenz. Die Blitzfunktion in Dual-Color bleibt immer gelb und 6000K, unabh\u00e4ngig von den Einstellungen. Das DRL Volvo 2021+ wei\u00df\/orange ist nicht mit einem E-Pr\u00fcfzeichen versehen. Daher musst du f\u00fcr den T\u00dcV die Originale wieder montieren.         <\/span><\/p>\n<p><span style=\"color: #000000;\">Ein Set besteht aus vier LED-Platinen. Jede Platine ist mit leistungsstarken LEDs ausgestattet, die daf\u00fcr sorgen, dass das gesamte Modul aufleuchtet. Die LED-Einheiten sind exakt gleich wie die original montierten. Dadurch ist der Austausch des Moduls schnell erledigt und du musst nichts an der Originalleuchte anpassen. Die LED-Lampe ist aus hochwertigem Material gefertigt. Dadurch ist eine lange Lebensdauer garantiert. Kurz gesagt, durch die Montage der LED-Beleuchtung in deinem Volvo bist du sicher, dass du gut beleuchtet unterwegs sein kannst. Das Volvo FH5 Tagfahrlicht wei\u00df \/ orange mit Strobe-Funktion ist ausschlie\u00dflich f\u00fcr einen Volvo FH5 &#8211; FM5 &#8211; AERO LKW mit Baujahr 2021+ konzipiert. Das Set ist passend f\u00fcr einen Volvo gemacht und passt daher nicht in einen LKW einer anderen Marke.        <\/span><\/p>\n<h5><span style=\"color: #000000;\"><strong>Weitere Modelle:  <\/strong><\/span><\/h5>\n<p><span style=\"color: #000000;\">Hast du einen Volvo FH5 LKW, m\u00f6chtest aber das Tagfahrlicht nicht auf eine Dual-Color-Variante \u00e4ndern? Dieses DRL-Modul ist auch in anderen Farben erh\u00e4ltlich. Sieh dir unten die weiteren Farboptionen an:  <\/span><\/p>\n<ul>\n<li><span style=\"color: #000000;\"><a style=\"color: #000000;\" href=\"https:\/\/www.alldayled.com\/de\/produkt\/volvo-drl-unit-oranje-2021\/\" target=\"_blank\" rel=\"noopener\"><strong>DRL FH5 orange 2021+ <\/strong><\/a><\/span><\/li>\n<li><a href=\"https:\/\/www.alldayled.com\/de\/produkt\/volvo-drl-unit-warm-wit-2021\/\"><span style=\"color: #000000;\"><strong>DRL FH5 warm wei\u00df 2021+<\/strong><\/span><\/a><\/li>\n<\/ul>\n<p><span style=\"color: #000000;\"><em><strong>ACHTUNG, du kannst dieses Set nur montieren, wenn du originale LED-Scheinwerfer hast und die Lampe auf gedimmtes Licht anpasst! Beh\u00e4ltst du das Tagfahrlicht auf originaler Lichtst\u00e4rke, dann brennt die Einheit durch! <\/strong><\/em><\/span><\/p>\n<p><span style=\"color: #000000;\">M\u00f6chtest du nicht nur das DRL Volvo 2021+ wei\u00df\/orange montieren? Sondern bist du auch auf der Suche nach mehr Beleuchtung, die du in oder um deinen Volvo montieren kannst? Sieh dir dann auch mal die Seite <a style=\"font-size: 16px; background-color: #ffffff; color: #000000;\" href=\"https:\/\/www.alldayled.com\/product-categorie\/verlichting-vrachtwagen\/volvo-verlichting\/\" target=\"_blank\" rel=\"noopener\">Volvo Beleuchtung<\/a> an.   <\/span><\/p>\n","protected":false},"excerpt":{"rendered":"<p>DRL-Einheit Dual Color wei\u00df\/orange, geeignet f\u00fcr Volvo FH5 mit Baujahr 2021+.<\/p>\n","protected":false},"featured_media":36135,"comment_status":"open","ping_status":"closed","template":"","meta":{"_acf_changed":false},"product_brand":[6501],"product_cat":[5328,5413],"product_tag":[5573,9384,9383,9403,9404],"class_list":{"0":"post-66625","1":"product","2":"type-product","3":"status-publish","4":"has-post-thumbnail","6":"product_brand-mtrs","7":"product_cat-dagrijlampen","8":"product_cat-volvo-beleuchtung","9":"product_tag-drl-module","10":"product_tag-led-tagfahrlicht","11":"product_tag-tagfahrlicht-lkw","12":"product_tag-tagfahrlicht-scania","13":"product_tag-tagfahrlicht-scania-next-gen","15":"first","16":"instock","17":"taxable","18":"shipping-taxable","19":"purchasable","20":"product-type-simple"},"acf":[],"yoast_head":"<!-- This site is optimized with the Yoast SEO Premium plugin v26.5 (Yoast SEO v27.1.1) - https:\/\/yoast.com\/product\/yoast-seo-premium-wordpress\/ -->\n<title>DRL Volvo 2021+ wei\u00df\/orange - wei\u00df\/orange\/Blitzer - All Day Led - FH5<\/title>\n<meta name=\"description\" content=\"DRL Volvo 2021+ wei\u00df\/orange- wei\u00df\/orange\/Blitzer - Volvo FH5 FM5 AERO- !! mit Blitzfunktion !! - 2021+ - LED-Scheinwerfer - Volvo DRL\" \/>\n<meta name=\"robots\" content=\"index, follow, max-snippet:-1, max-image-preview:large, max-video-preview:-1\" \/>\n<link rel=\"canonical\" href=\"https:\/\/www.alldayled.com\/de\/produkt\/dagrijverlichting-volvo-2021-wit-oranje\/\" \/>\n<meta property=\"og:locale\" content=\"de_DE\" \/>\n<meta property=\"og:type\" content=\"article\" \/>\n<meta property=\"og:title\" content=\"DRL Volvo 2021+ wei\u00df\/orange - wei\u00df\/oranje\/Blitzer - All Day Led - FH5\" \/>\n<meta property=\"og:description\" content=\"DRL Volvo 2021+ wei\u00df\/orange- wei\u00df\/orange\/Blitzer - Volvo FH5 FM5 AERO- !! mit Blitzfunktion !! - 2021+ - LED-Scheinwerfer - Volvo DRL\" \/>\n<meta property=\"og:url\" content=\"https:\/\/www.alldayled.com\/de\/produkt\/dagrijverlichting-volvo-2021-wit-oranje\/\" \/>\n<meta property=\"og:site_name\" content=\"All Day Led\" \/>\n<meta property=\"article:publisher\" content=\"https:\/\/www.facebook.com\/alldayled\/\" \/>\n<meta property=\"article:modified_time\" content=\"2026-04-28T18:18:28+00:00\" \/>\n<meta property=\"og:image\" content=\"https:\/\/www.alldayled.com\/wp-content\/uploads\/2023\/03\/ADL40805-SM-3-300x300.png\" \/>\n<meta name=\"twitter:label1\" content=\"Preis\" \/>\n\t<meta name=\"twitter:data1\" content=\"&euro;&nbsp;299,00\" \/>\n\t<meta name=\"twitter:label2\" content=\"Verf\u00fcgbarkeit\" \/>\n\t<meta name=\"twitter:data2\" content=\"Auf Lager\" \/>\n<script type=\"application\/ld+json\" class=\"yoast-schema-graph\">{\"@context\":\"https:\/\/schema.org\",\"@graph\":[{\"@type\":\"WebPage\",\"@id\":\"https:\/\/www.alldayled.com\/de\/produkt\/dagrijverlichting-volvo-2021-wit-oranje\/\",\"url\":\"https:\/\/www.alldayled.com\/de\/produkt\/dagrijverlichting-volvo-2021-wit-oranje\/\",\"name\":\"DRL Volvo 2021+ wei\u00df\/orange - wei\u00df\/orange\/Blitzer - All Day Led - FH5\",\"isPartOf\":{\"@id\":\"https:\/\/www.alldayled.com\/de\/#website\"},\"primaryImageOfPage\":{\"@id\":\"https:\/\/www.alldayled.com\/de\/produkt\/dagrijverlichting-volvo-2021-wit-oranje\/#primaryimage\"},\"image\":{\"@id\":\"https:\/\/www.alldayled.com\/de\/produkt\/dagrijverlichting-volvo-2021-wit-oranje\/#primaryimage\"},\"thumbnailUrl\":\"https:\/\/www.alldayled.com\/wp-content\/uploads\/2025\/06\/ADL40805.gif\",\"datePublished\":\"2023-03-10T14:45:40+00:00\",\"dateModified\":\"2026-04-28T18:18:28+00:00\",\"description\":\"DRL Volvo 2021+ wei\u00df\/orange- wei\u00df\/orange\/Blitzer - Volvo FH5 FM5 AERO- !! mit Blitzfunktion !! - 2021+ - LED-Scheinwerfer - Volvo DRL\",\"breadcrumb\":{\"@id\":\"https:\/\/www.alldayled.com\/de\/produkt\/dagrijverlichting-volvo-2021-wit-oranje\/#breadcrumb\"},\"inLanguage\":\"de\",\"potentialAction\":[{\"@type\":\"ReadAction\",\"target\":[\"https:\/\/www.alldayled.com\/de\/produkt\/dagrijverlichting-volvo-2021-wit-oranje\/\"]}]},{\"@type\":\"ImageObject\",\"inLanguage\":\"de\",\"@id\":\"https:\/\/www.alldayled.com\/de\/produkt\/dagrijverlichting-volvo-2021-wit-oranje\/#primaryimage\",\"url\":\"https:\/\/www.alldayled.com\/wp-content\/uploads\/2025\/06\/ADL40805.gif\",\"contentUrl\":\"https:\/\/www.alldayled.com\/wp-content\/uploads\/2025\/06\/ADL40805.gif\",\"width\":800,\"height\":600,\"caption\":\"DRL Volvo 2021+ - wei\u00df\/orange - Volvo FH5 FM5 AERO - mit Blitzfunktion - LED-Scheinwerfer - ADL40805\"},{\"@type\":\"BreadcrumbList\",\"@id\":\"https:\/\/www.alldayled.com\/de\/produkt\/dagrijverlichting-volvo-2021-wit-oranje\/#breadcrumb\",\"itemListElement\":[{\"@type\":\"ListItem\",\"position\":1,\"name\":\"Home\",\"item\":\"https:\/\/www.alldayled.com\/de\/\"},{\"@type\":\"ListItem\",\"position\":2,\"name\":\"Shop\",\"item\":\"https:\/\/www.alldayled.com\/de\/shop\/\"},{\"@type\":\"ListItem\",\"position\":3,\"name\":\"Andere\",\"item\":\"https:\/\/www.alldayled.com\/de\/produkt-kategorie\/andere-produkte\/\"},{\"@type\":\"ListItem\",\"position\":4,\"name\":\"Tagfahrlicht\",\"item\":\"https:\/\/www.alldayled.com\/de\/produkt-kategorie\/andere-produkte\/dagrijlampen\/\"},{\"@type\":\"ListItem\",\"position\":5,\"name\":\"Tagfahrlicht Volvo 2021+ wei\u00df\/orange\"}]},{\"@type\":\"WebSite\",\"@id\":\"https:\/\/www.alldayled.com\/de\/#website\",\"url\":\"https:\/\/www.alldayled.com\/de\/\",\"name\":\"All Day Led\",\"description\":\"Verlichting voor 12&amp;24 volt gebruik\",\"publisher\":{\"@id\":\"https:\/\/www.alldayled.com\/de\/#organization\"},\"potentialAction\":[{\"@type\":\"SearchAction\",\"target\":{\"@type\":\"EntryPoint\",\"urlTemplate\":\"https:\/\/www.alldayled.com\/de\/?s={search_term_string}\"},\"query-input\":{\"@type\":\"PropertyValueSpecification\",\"valueRequired\":true,\"valueName\":\"search_term_string\"}}],\"inLanguage\":\"de\"},{\"@type\":\"Organization\",\"@id\":\"https:\/\/www.alldayled.com\/de\/#organization\",\"name\":\"All Day Led\",\"url\":\"https:\/\/www.alldayled.com\/de\/\",\"logo\":{\"@type\":\"ImageObject\",\"inLanguage\":\"de\",\"@id\":\"https:\/\/www.alldayled.com\/de\/#\/schema\/logo\/image\/\",\"url\":\"https:\/\/www.alldayled.com\/wp-content\/uploads\/2025\/10\/Logo-ALL-DAY-LED-800x800-zwart-witte-letters.png\",\"contentUrl\":\"https:\/\/www.alldayled.com\/wp-content\/uploads\/2025\/10\/Logo-ALL-DAY-LED-800x800-zwart-witte-letters.png\",\"width\":800,\"height\":800,\"caption\":\"All Day Led\"},\"image\":{\"@id\":\"https:\/\/www.alldayled.com\/de\/#\/schema\/logo\/image\/\"},\"sameAs\":[\"https:\/\/www.facebook.com\/alldayled\/\",\"https:\/\/www.instagram.com\/alldayled\/\"],\"vatID\":\"NL863960133B01\",\"taxID\":\"86416545\"}]}<\/script>\n<meta property=\"product:brand\" content=\"MTRS\" \/>\n<meta property=\"product:price:amount\" content=\"299.00\" \/>\n<meta property=\"product:price:currency\" content=\"EUR\" \/>\n<meta property=\"og:availability\" content=\"instock\" \/>\n<meta property=\"product:availability\" content=\"instock\" \/>\n<meta property=\"product:retailer_item_id\" content=\"ADL40805\" \/>\n<meta property=\"product:condition\" content=\"new\" \/>\n<!-- \/ Yoast SEO Premium plugin. -->","yoast_head_json":{"title":"DRL Volvo 2021+ wei\u00df\/orange - wei\u00df\/orange\/Blitzer - All Day Led - FH5","description":"DRL Volvo 2021+ wei\u00df\/orange- wei\u00df\/orange\/Blitzer - Volvo FH5 FM5 AERO- !! mit Blitzfunktion !! - 2021+ - LED-Scheinwerfer - Volvo DRL","robots":{"index":"index","follow":"follow","max-snippet":"max-snippet:-1","max-image-preview":"max-image-preview:large","max-video-preview":"max-video-preview:-1"},"canonical":"https:\/\/www.alldayled.com\/de\/produkt\/dagrijverlichting-volvo-2021-wit-oranje\/","og_locale":"de_DE","og_type":"article","og_title":"DRL Volvo 2021+ wei\u00df\/orange - wei\u00df\/oranje\/Blitzer - All Day Led - FH5","og_description":"DRL Volvo 2021+ wei\u00df\/orange- wei\u00df\/orange\/Blitzer - Volvo FH5 FM5 AERO- !! mit Blitzfunktion !! - 2021+ - LED-Scheinwerfer - Volvo DRL","og_url":"https:\/\/www.alldayled.com\/de\/produkt\/dagrijverlichting-volvo-2021-wit-oranje\/","og_site_name":"All Day Led","article_publisher":"https:\/\/www.facebook.com\/alldayled\/","article_modified_time":"2026-04-28T18:18:28+00:00","og_image":[{"url":"https:\/\/www.alldayled.com\/wp-content\/uploads\/2023\/03\/ADL40805-SM-3-300x300.png","type":"","width":"","height":""}],"twitter_misc":{"Preis":"&euro;&nbsp;299,00","Verf\u00fcgbarkeit":"Auf Lager"},"schema":{"@context":"https:\/\/schema.org","@graph":[{"@type":"WebPage","@id":"https:\/\/www.alldayled.com\/de\/produkt\/dagrijverlichting-volvo-2021-wit-oranje\/","url":"https:\/\/www.alldayled.com\/de\/produkt\/dagrijverlichting-volvo-2021-wit-oranje\/","name":"DRL Volvo 2021+ wei\u00df\/orange - wei\u00df\/orange\/Blitzer - All Day Led - FH5","isPartOf":{"@id":"https:\/\/www.alldayled.com\/de\/#website"},"primaryImageOfPage":{"@id":"https:\/\/www.alldayled.com\/de\/produkt\/dagrijverlichting-volvo-2021-wit-oranje\/#primaryimage"},"image":{"@id":"https:\/\/www.alldayled.com\/de\/produkt\/dagrijverlichting-volvo-2021-wit-oranje\/#primaryimage"},"thumbnailUrl":"https:\/\/www.alldayled.com\/wp-content\/uploads\/2025\/06\/ADL40805.gif","datePublished":"2023-03-10T14:45:40+00:00","dateModified":"2026-04-28T18:18:28+00:00","description":"DRL Volvo 2021+ wei\u00df\/orange- wei\u00df\/orange\/Blitzer - Volvo FH5 FM5 AERO- !! mit Blitzfunktion !! - 2021+ - LED-Scheinwerfer - Volvo DRL","breadcrumb":{"@id":"https:\/\/www.alldayled.com\/de\/produkt\/dagrijverlichting-volvo-2021-wit-oranje\/#breadcrumb"},"inLanguage":"de","potentialAction":[{"@type":"ReadAction","target":["https:\/\/www.alldayled.com\/de\/produkt\/dagrijverlichting-volvo-2021-wit-oranje\/"]}]},{"@type":"ImageObject","inLanguage":"de","@id":"https:\/\/www.alldayled.com\/de\/produkt\/dagrijverlichting-volvo-2021-wit-oranje\/#primaryimage","url":"https:\/\/www.alldayled.com\/wp-content\/uploads\/2025\/06\/ADL40805.gif","contentUrl":"https:\/\/www.alldayled.com\/wp-content\/uploads\/2025\/06\/ADL40805.gif","width":800,"height":600,"caption":"DRL Volvo 2021+ - wei\u00df\/orange - Volvo FH5 FM5 AERO - mit Blitzfunktion - LED-Scheinwerfer - ADL40805"},{"@type":"BreadcrumbList","@id":"https:\/\/www.alldayled.com\/de\/produkt\/dagrijverlichting-volvo-2021-wit-oranje\/#breadcrumb","itemListElement":[{"@type":"ListItem","position":1,"name":"Home","item":"https:\/\/www.alldayled.com\/de\/"},{"@type":"ListItem","position":2,"name":"Shop","item":"https:\/\/www.alldayled.com\/de\/shop\/"},{"@type":"ListItem","position":3,"name":"Andere","item":"https:\/\/www.alldayled.com\/de\/produkt-kategorie\/andere-produkte\/"},{"@type":"ListItem","position":4,"name":"Tagfahrlicht","item":"https:\/\/www.alldayled.com\/de\/produkt-kategorie\/andere-produkte\/dagrijlampen\/"},{"@type":"ListItem","position":5,"name":"Tagfahrlicht Volvo 2021+ wei\u00df\/orange"}]},{"@type":"WebSite","@id":"https:\/\/www.alldayled.com\/de\/#website","url":"https:\/\/www.alldayled.com\/de\/","name":"All Day Led","description":"Verlichting voor 12&amp;24 volt gebruik","publisher":{"@id":"https:\/\/www.alldayled.com\/de\/#organization"},"potentialAction":[{"@type":"SearchAction","target":{"@type":"EntryPoint","urlTemplate":"https:\/\/www.alldayled.com\/de\/?s={search_term_string}"},"query-input":{"@type":"PropertyValueSpecification","valueRequired":true,"valueName":"search_term_string"}}],"inLanguage":"de"},{"@type":"Organization","@id":"https:\/\/www.alldayled.com\/de\/#organization","name":"All Day Led","url":"https:\/\/www.alldayled.com\/de\/","logo":{"@type":"ImageObject","inLanguage":"de","@id":"https:\/\/www.alldayled.com\/de\/#\/schema\/logo\/image\/","url":"https:\/\/www.alldayled.com\/wp-content\/uploads\/2025\/10\/Logo-ALL-DAY-LED-800x800-zwart-witte-letters.png","contentUrl":"https:\/\/www.alldayled.com\/wp-content\/uploads\/2025\/10\/Logo-ALL-DAY-LED-800x800-zwart-witte-letters.png","width":800,"height":800,"caption":"All Day Led"},"image":{"@id":"https:\/\/www.alldayled.com\/de\/#\/schema\/logo\/image\/"},"sameAs":["https:\/\/www.facebook.com\/alldayled\/","https:\/\/www.instagram.com\/alldayled\/"],"vatID":"NL863960133B01","taxID":"86416545"}]},"product_brand":"MTRS","product_price_amount":"299.00","product_price_currency":"EUR","og_availability":"instock","product_availability":"instock","product_retailer_item_id":"ADL40805","product_condition":"new"},"_links":{"self":[{"href":"https:\/\/www.alldayled.com\/de\/wp-json\/wp\/v2\/product\/66625","targetHints":{"allow":["GET"]}}],"collection":[{"href":"https:\/\/www.alldayled.com\/de\/wp-json\/wp\/v2\/product"}],"about":[{"href":"https:\/\/www.alldayled.com\/de\/wp-json\/wp\/v2\/types\/product"}],"replies":[{"embeddable":true,"href":"https:\/\/www.alldayled.com\/de\/wp-json\/wp\/v2\/comments?post=66625"}],"wp:featuredmedia":[{"embeddable":true,"href":"https:\/\/www.alldayled.com\/de\/wp-json\/wp\/v2\/media\/36135"}],"wp:attachment":[{"href":"https:\/\/www.alldayled.com\/de\/wp-json\/wp\/v2\/media?parent=66625"}],"wp:term":[{"taxonomy":"product_brand","embeddable":true,"href":"https:\/\/www.alldayled.com\/de\/wp-json\/wp\/v2\/product_brand?post=66625"},{"taxonomy":"product_cat","embeddable":true,"href":"https:\/\/www.alldayled.com\/de\/wp-json\/wp\/v2\/product_cat?post=66625"},{"taxonomy":"product_tag","embeddable":true,"href":"https:\/\/www.alldayled.com\/de\/wp-json\/wp\/v2\/product_tag?post=66625"}],"curies":[{"name":"wp","href":"https:\/\/api.w.org\/{rel}","templated":true}]}}