{"id":66651,"date":"2020-01-01T09:00:13","date_gmt":"2020-01-01T08:00:13","guid":{"rendered":"https:\/\/www.alldayled.com\/product\/gd900-koelpasta-voor-drl-unit\/"},"modified":"2026-04-28T20:18:29","modified_gmt":"2026-04-28T18:18:29","slug":"gd900-koelpasta-voor-drl-unit","status":"publish","type":"product","link":"https:\/\/www.alldayled.com\/de\/produkt\/gd900-koelpasta-voor-drl-unit\/","title":{"rendered":"W\u00e4rmeleitpaste f\u00fcr DRL Unit"},"content":{"rendered":"<p><span style=\"color: #000000;\"><strong>GD900 W\u00e4rmeleitpaste f\u00fcr DRL Unit 0.5 Gramm.<\/strong><\/span><\/p>\n<p><span style=\"color: #000000;\">Haben Sie ein DRL-Set gekauft und mussten Sie es beispielsweise f\u00fcr die Hauptuntersuchung (HU) austauschen und haben jetzt nicht mehr genug W\u00e4rmeleitpaste? Dann ist die GD900 W\u00e4rmeleitpaste vielleicht genau das Richtige f\u00fcr Sie. Ein Beutel enth\u00e4lt 0,5 g GD900 W\u00e4rmeleitpaste. Mit der 0,5 g W\u00e4rmeleitpaste k\u00f6nnen Sie, wenn Sie die Paste schrittweise auftragen, ein komplettes Set mit neuer Paste versehen. Die W\u00e4rmeleitpaste wurde f\u00fcr die verf\u00fcgbaren DRL-Sets entwickelt, kann aber auch f\u00fcr verschiedene andere Zwecke verwendet werden. Denken Sie beispielsweise an eine CPU, GPU oder eine andere Art von Element.      <\/span><\/p>\n<p><span style=\"color: #000000;\">Eine Packung enth\u00e4lt 0,5 g W\u00e4rmeleitpaste. Die W\u00e4rmeleitpaste dient dazu, zu verhindern, dass beispielsweise die DRL Unit aus dem LKW \u00fcberhitzt. Sie sollten die GD900 W\u00e4rmeleitpaste schrittweise auf die Unit auftragen. Dadurch schaffen Sie eine optimale Wirkung und die Unit \u00fcberhitzt nicht so schnell. Wenn das Modul oder die Unit noch Restpaste von der vorherigen Befestigung enth\u00e4lt, entfernen Sie diese immer, bevor Sie die neue W\u00e4rmeleitpaste auftragen. Die W\u00e4rmeleitf\u00e4higkeit dieser Paste betr\u00e4gt 4.8 W\/mk.      <\/span><\/p>\n<h5><span style=\"color: #000000;\"><strong>Zu verwenden f\u00fcr: <\/strong><\/span><\/h5>\n<p><span style=\"color: #000000;\">Dieser kleine Beutel GD900 W\u00e4rmeleitpaste kann unter anderem f\u00fcr die folgenden DRL-Sets verwendet werden. Um eine optimale K\u00fchlung zu gew\u00e4hrleisten, empfehlen wir Ihnen immer die Verwendung der GD900 W\u00e4rmeleitpaste. Verf\u00fcgbare Sets:   <\/span><\/p>\n<ul>\n<li><span style=\"color: #000000;\"><strong><a style=\"color: #000000;\" href=\"https:\/\/www.alldayled.com\/de\/produkt\/scania-drl-unit-oranje-led-koplamp\/\" target=\"_blank\" rel=\"noopener\">Scania DRL orange 2016+ (LED Scheinwerfer)<\/a><br \/>\n<\/strong><\/span><\/li>\n<li><span style=\"color: #000000;\"><strong><a style=\"color: #000000;\" href=\"https:\/\/www.alldayled.com\/de\/produkt\/scania-drl-unit-warm-wit-led-koplamp\/\">Scania DRL w-wei\u00df 2016+ (LED Scheinwerfer)<\/a><br \/>\n<\/strong><\/span><\/li>\n<li><span style=\"color: #000000;\"><a style=\"color: #000000;\" href=\"https:\/\/www.alldayled.com\/de\/produkt\/dagrijverlichting-scania-led-xenon-wit\/\"><strong>Scania DRL x-wei\u00df 2016+ (LED Scheinwerfer)<\/strong><\/a><\/span><\/li>\n<li><span style=\"color: #000000;\"><strong><a style=\"color: #000000;\" href=\"https:\/\/www.alldayled.com\/nl\/product\/mercedes-actros-drl-unit-oranje\/\" target=\"_blank\" rel=\"noopener\">Mercedes Actros DRL orange 2020+<\/a><br \/>\n<\/strong><\/span><\/li>\n<li><span style=\"color: #000000;\"><strong><a style=\"color: #000000;\" href=\"https:\/\/www.alldayled.com\/nl\/product\/mercedes-arocs-drl-unit-oranje\/\" target=\"_blank\" rel=\"noopener\">Mercedes Arocs DRL orange 2020+<\/a><\/strong><\/span><\/li>\n<li><span style=\"color: #000000;\"><strong><a style=\"color: #000000;\" href=\"https:\/\/www.alldayled.com\/nl\/product\/mercedes-actros-drl-unit-warm-wit\/\" target=\"_blank\" rel=\"noopener\">Mercedes Actros DRL w-wei\u00df 2020+<\/a><\/strong><\/span><\/li>\n<li><a href=\"https:\/\/www.alldayled.com\/nl\/product\/dagrijverlichting-mercedes-actros-2020-xenon-wit\/\"><span style=\"color: #000000;\"><strong>Mercedes Actros DRL x-wei\u00df 2020+<\/strong><\/span><\/a><\/li>\n<li><span style=\"color: #000000;\"><strong><a style=\"color: #000000;\" href=\"https:\/\/www.alldayled.com\/nl\/product\/mercedes-arocs-drl-unit-warm-wit\/\" target=\"_blank\" rel=\"noopener\">Mercedes Arocs DRL w-wei\u00df 2020+<\/a><\/strong><\/span><\/li>\n<li><span style=\"color: #000000;\"><strong><a style=\"color: #000000;\" href=\"https:\/\/www.alldayled.com\/de\/produkt\/man-tg1-drl-unit-oranje\/\" target=\"_blank\" rel=\"noopener\">MAN DRL orange 2014\/2017<\/a><\/strong><\/span><\/li>\n<li><span style=\"color: #000000;\"><strong><a style=\"color: #000000;\" href=\"https:\/\/www.alldayled.com\/de\/produkt\/man-tg2-drl-unit-oranje\/\" target=\"_blank\" rel=\"noopener\">MAN DRL orange 2017\/2021<\/a><\/strong><\/span><\/li>\n<li><span style=\"color: #000000;\"><strong><a style=\"color: #000000;\" href=\"https:\/\/www.alldayled.com\/de\/produkt\/man-tg3-drl-unit-oranje\/\" target=\"_blank\" rel=\"noopener\">MAN DRL orange 2021+<\/a><\/strong><\/span><\/li>\n<li><span style=\"color: #000000;\"><strong><a style=\"color: #000000;\" href=\"https:\/\/www.alldayled.com\/de\/produkt\/man-tg3-drl-unit-warm-wit\/\" target=\"_blank\" rel=\"noopener\">MAN DRL w-wei\u00df 2021+<\/a><\/strong><\/span><\/li>\n<li><span style=\"color: #000000;\"><strong><a style=\"color: #000000;\" href=\"https:\/\/www.alldayled.com\/de\/produkt\/iveco-s-way-drl-unit-oranje\/\">Iveco DRL orange 2020+<\/a><\/strong><\/span><\/li>\n<li><span style=\"color: #000000;\"><strong><a style=\"color: #000000;\" href=\"https:\/\/www.alldayled.com\/de\/produkt\/iveco-s-way-drl-unit-warm-wit\/\">Iveco DRL w-wei\u00df 2020+<\/a><\/strong><\/span><\/li>\n<li><span style=\"color: #000000;\"><strong><a style=\"color: #000000;\" href=\"https:\/\/www.alldayled.com\/nl\/product\/volvo-drl-unit-oranje-2012-2015\/\" target=\"_blank\" rel=\"noopener\">Volvo DRL orange 2012\/2015<\/a><\/strong><\/span><\/li>\n<li><span style=\"color: #000000;\"><strong><a style=\"color: #000000;\" href=\"https:\/\/www.alldayled.com\/nl\/product\/volvo-drl-unit-oranje-2015\/\" target=\"_blank\" rel=\"noopener\">Volvo DRL orange 2015\/2021<\/a><\/strong><\/span><\/li>\n<li><span style=\"color: #000000;\"><strong><a style=\"color: #000000;\" href=\"https:\/\/www.alldayled.com\/de\/produkt\/volvo-drl-unit-warm-wit-2015\/\" target=\"_blank\" rel=\"noopener\">Volvo DRL w-wei\u00df 2012\/2015<\/a><\/strong><\/span><\/li>\n<li><span style=\"color: #000000;\"><a style=\"color: #000000;\" href=\"https:\/\/www.alldayled.com\/de\/produkt\/dagrijverlichting-volvo-2021-wit-oranje\/\"><strong>Volvo DRL DUAL Farbe 2021+<\/strong><\/a><\/span><\/li>\n<li><span style=\"color: #000000;\"><strong><a style=\"color: #000000;\" href=\"https:\/\/www.alldayled.com\/de\/produkt\/volvo-drl-unit-oranje-2021\/\" target=\"_blank\" rel=\"noopener\">Volvo DRL orange 2021+<\/a><br \/>\n<\/strong><\/span><\/li>\n<li><span style=\"color: #000000;\"><strong><a style=\"color: #000000;\" href=\"https:\/\/www.alldayled.com\/de\/produkt\/volvo-drl-unit-warm-wit-2021\/\" target=\"_blank\" rel=\"noopener\">Volvo DRL w-wei\u00df 2021+<\/a><\/strong><\/span><\/li>\n<\/ul>\n","protected":false},"excerpt":{"rendered":"<p>GD900 W\u00e4rmeleitpaste geeignet f\u00fcr DRL Unit 0.5 Gramm.<\/p>\n","protected":false},"featured_media":21573,"comment_status":"open","ping_status":"closed","template":"","meta":{"_acf_changed":false},"product_brand":[],"product_cat":[5406,5411,5409,5328,5413],"product_tag":[],"class_list":{"0":"post-66651","1":"product","2":"type-product","3":"status-publish","4":"has-post-thumbnail","6":"product_cat-iveco-verlichting","7":"product_cat-man-verlichting","8":"product_cat-scania-verlichting","9":"product_cat-dagrijlampen","10":"product_cat-volvo-beleuchtung","12":"first","13":"instock","14":"taxable","15":"shipping-taxable","16":"purchasable","17":"product-type-simple"},"acf":[],"yoast_head":"<!-- This site is optimized with the Yoast SEO Premium plugin v26.5 (Yoast SEO v27.1.1) - https:\/\/yoast.com\/product\/yoast-seo-premium-wordpress\/ -->\n<title>W\u00e4rmeleitpaste f\u00fcr DRL Unit - All Day Led - geeignet f\u00fcr DRL - CPU - GPU<\/title>\n<meta name=\"description\" content=\"W\u00e4rmeleitpaste f\u00fcr DRL Unit - 0.5 Gramm GD900 W\u00e4rmeleitpaste - auch geeignet f\u00fcr CPU, GPU K\u00fchlung - W\u00e4rmeleitf\u00e4higkeit 4.8 W\/mk. - direkt lieferbar\" \/>\n<meta name=\"robots\" content=\"index, follow, max-snippet:-1, max-image-preview:large, max-video-preview:-1\" \/>\n<link rel=\"canonical\" href=\"https:\/\/www.alldayled.com\/de\/produkt\/gd900-koelpasta-voor-drl-unit\/\" \/>\n<meta property=\"og:locale\" content=\"de_DE\" \/>\n<meta property=\"og:type\" content=\"article\" \/>\n<meta property=\"og:title\" content=\"W\u00e4rmeleitpaste f\u00fcr DRL Unit\" \/>\n<meta property=\"og:description\" content=\"GD900 W\u00e4rmeleitpaste geeignet f\u00fcr DRL Unit 0.5 Gramm.\" \/>\n<meta property=\"og:url\" content=\"https:\/\/www.alldayled.com\/de\/produkt\/gd900-koelpasta-voor-drl-unit\/\" \/>\n<meta property=\"og:site_name\" content=\"All Day Led\" \/>\n<meta property=\"article:publisher\" content=\"https:\/\/www.facebook.com\/alldayled\/\" \/>\n<meta property=\"article:modified_time\" content=\"2026-04-28T18:18:29+00:00\" \/>\n<meta property=\"og:image\" content=\"https:\/\/www.alldayled.com\/wp-content\/uploads\/2022\/07\/ADL03635.png\" \/>\n\t<meta property=\"og:image:width\" content=\"800\" \/>\n\t<meta property=\"og:image:height\" content=\"600\" \/>\n\t<meta property=\"og:image:type\" content=\"image\/png\" \/>\n<meta name=\"twitter:label1\" content=\"Preis\" \/>\n\t<meta name=\"twitter:data1\" content=\"&euro;&nbsp;1,00\" \/>\n\t<meta name=\"twitter:label2\" content=\"Verf\u00fcgbarkeit\" \/>\n\t<meta name=\"twitter:data2\" content=\"Auf Lager\" \/>\n<script type=\"application\/ld+json\" class=\"yoast-schema-graph\">{\"@context\":\"https:\/\/schema.org\",\"@graph\":[{\"@type\":\"WebPage\",\"@id\":\"https:\/\/www.alldayled.com\/de\/produkt\/gd900-koelpasta-voor-drl-unit\/\",\"url\":\"https:\/\/www.alldayled.com\/de\/produkt\/gd900-koelpasta-voor-drl-unit\/\",\"name\":\"W\u00e4rmeleitpaste f\u00fcr DRL Unit - All Day Led - geeignet f\u00fcr DRL - CPU - GPU\",\"isPartOf\":{\"@id\":\"https:\/\/www.alldayled.com\/de\/#website\"},\"primaryImageOfPage\":{\"@id\":\"https:\/\/www.alldayled.com\/de\/produkt\/gd900-koelpasta-voor-drl-unit\/#primaryimage\"},\"image\":{\"@id\":\"https:\/\/www.alldayled.com\/de\/produkt\/gd900-koelpasta-voor-drl-unit\/#primaryimage\"},\"thumbnailUrl\":\"https:\/\/www.alldayled.com\/wp-content\/uploads\/2022\/07\/ADL03635.png\",\"datePublished\":\"2020-01-01T08:00:13+00:00\",\"dateModified\":\"2026-04-28T18:18:29+00:00\",\"description\":\"W\u00e4rmeleitpaste f\u00fcr DRL Unit - 0.5 Gramm GD900 W\u00e4rmeleitpaste - auch geeignet f\u00fcr CPU, GPU K\u00fchlung - W\u00e4rmeleitf\u00e4higkeit 4.8 W\/mk. - direkt lieferbar\",\"breadcrumb\":{\"@id\":\"https:\/\/www.alldayled.com\/de\/produkt\/gd900-koelpasta-voor-drl-unit\/#breadcrumb\"},\"inLanguage\":\"de\",\"potentialAction\":[{\"@type\":\"ReadAction\",\"target\":[\"https:\/\/www.alldayled.com\/de\/produkt\/gd900-koelpasta-voor-drl-unit\/\"]}]},{\"@type\":\"ImageObject\",\"inLanguage\":\"de\",\"@id\":\"https:\/\/www.alldayled.com\/de\/produkt\/gd900-koelpasta-voor-drl-unit\/#primaryimage\",\"url\":\"https:\/\/www.alldayled.com\/wp-content\/uploads\/2022\/07\/ADL03635.png\",\"contentUrl\":\"https:\/\/www.alldayled.com\/wp-content\/uploads\/2022\/07\/ADL03635.png\",\"width\":800,\"height\":600,\"caption\":\"GD900 W\u00e4rmeleitpaste f\u00fcr DRL Unit, CPU, GPU und mehr - Beutel mit 0,5 Gramm\"},{\"@type\":\"BreadcrumbList\",\"@id\":\"https:\/\/www.alldayled.com\/de\/produkt\/gd900-koelpasta-voor-drl-unit\/#breadcrumb\",\"itemListElement\":[{\"@type\":\"ListItem\",\"position\":1,\"name\":\"Home\",\"item\":\"https:\/\/www.alldayled.com\/de\/\"},{\"@type\":\"ListItem\",\"position\":2,\"name\":\"Shop\",\"item\":\"https:\/\/www.alldayled.com\/de\/shop\/\"},{\"@type\":\"ListItem\",\"position\":3,\"name\":\"W\u00e4rmeleitpaste f\u00fcr DRL Unit\"}]},{\"@type\":\"WebSite\",\"@id\":\"https:\/\/www.alldayled.com\/de\/#website\",\"url\":\"https:\/\/www.alldayled.com\/de\/\",\"name\":\"All Day Led\",\"description\":\"Verlichting voor 12&amp;24 volt gebruik\",\"publisher\":{\"@id\":\"https:\/\/www.alldayled.com\/de\/#organization\"},\"potentialAction\":[{\"@type\":\"SearchAction\",\"target\":{\"@type\":\"EntryPoint\",\"urlTemplate\":\"https:\/\/www.alldayled.com\/de\/?s={search_term_string}\"},\"query-input\":{\"@type\":\"PropertyValueSpecification\",\"valueRequired\":true,\"valueName\":\"search_term_string\"}}],\"inLanguage\":\"de\"},{\"@type\":\"Organization\",\"@id\":\"https:\/\/www.alldayled.com\/de\/#organization\",\"name\":\"All Day Led\",\"url\":\"https:\/\/www.alldayled.com\/de\/\",\"logo\":{\"@type\":\"ImageObject\",\"inLanguage\":\"de\",\"@id\":\"https:\/\/www.alldayled.com\/de\/#\/schema\/logo\/image\/\",\"url\":\"https:\/\/www.alldayled.com\/wp-content\/uploads\/2025\/10\/Logo-ALL-DAY-LED-800x800-zwart-witte-letters.png\",\"contentUrl\":\"https:\/\/www.alldayled.com\/wp-content\/uploads\/2025\/10\/Logo-ALL-DAY-LED-800x800-zwart-witte-letters.png\",\"width\":800,\"height\":800,\"caption\":\"All Day Led\"},\"image\":{\"@id\":\"https:\/\/www.alldayled.com\/de\/#\/schema\/logo\/image\/\"},\"sameAs\":[\"https:\/\/www.facebook.com\/alldayled\/\",\"https:\/\/www.instagram.com\/alldayled\/\"],\"vatID\":\"NL863960133B01\",\"taxID\":\"86416545\"}]}<\/script>\n<meta property=\"product:price:amount\" content=\"1.00\" \/>\n<meta property=\"product:price:currency\" content=\"EUR\" \/>\n<meta property=\"og:availability\" content=\"instock\" \/>\n<meta property=\"product:availability\" content=\"instock\" \/>\n<meta property=\"product:retailer_item_id\" content=\"ADL03635\" \/>\n<meta property=\"product:condition\" content=\"new\" \/>\n<!-- \/ Yoast SEO Premium plugin. -->","yoast_head_json":{"title":"W\u00e4rmeleitpaste f\u00fcr DRL Unit - All Day Led - geeignet f\u00fcr DRL - CPU - GPU","description":"W\u00e4rmeleitpaste f\u00fcr DRL Unit - 0.5 Gramm GD900 W\u00e4rmeleitpaste - auch geeignet f\u00fcr CPU, GPU K\u00fchlung - W\u00e4rmeleitf\u00e4higkeit 4.8 W\/mk. - direkt lieferbar","robots":{"index":"index","follow":"follow","max-snippet":"max-snippet:-1","max-image-preview":"max-image-preview:large","max-video-preview":"max-video-preview:-1"},"canonical":"https:\/\/www.alldayled.com\/de\/produkt\/gd900-koelpasta-voor-drl-unit\/","og_locale":"de_DE","og_type":"article","og_title":"W\u00e4rmeleitpaste f\u00fcr DRL Unit","og_description":"GD900 W\u00e4rmeleitpaste geeignet f\u00fcr DRL Unit 0.5 Gramm.","og_url":"https:\/\/www.alldayled.com\/de\/produkt\/gd900-koelpasta-voor-drl-unit\/","og_site_name":"All Day Led","article_publisher":"https:\/\/www.facebook.com\/alldayled\/","article_modified_time":"2026-04-28T18:18:29+00:00","og_image":[{"width":800,"height":600,"url":"https:\/\/www.alldayled.com\/wp-content\/uploads\/2022\/07\/ADL03635.png","type":"image\/png"}],"twitter_misc":{"Preis":"&euro;&nbsp;1,00","Verf\u00fcgbarkeit":"Auf Lager"},"schema":{"@context":"https:\/\/schema.org","@graph":[{"@type":"WebPage","@id":"https:\/\/www.alldayled.com\/de\/produkt\/gd900-koelpasta-voor-drl-unit\/","url":"https:\/\/www.alldayled.com\/de\/produkt\/gd900-koelpasta-voor-drl-unit\/","name":"W\u00e4rmeleitpaste f\u00fcr DRL Unit - All Day Led - geeignet f\u00fcr DRL - CPU - GPU","isPartOf":{"@id":"https:\/\/www.alldayled.com\/de\/#website"},"primaryImageOfPage":{"@id":"https:\/\/www.alldayled.com\/de\/produkt\/gd900-koelpasta-voor-drl-unit\/#primaryimage"},"image":{"@id":"https:\/\/www.alldayled.com\/de\/produkt\/gd900-koelpasta-voor-drl-unit\/#primaryimage"},"thumbnailUrl":"https:\/\/www.alldayled.com\/wp-content\/uploads\/2022\/07\/ADL03635.png","datePublished":"2020-01-01T08:00:13+00:00","dateModified":"2026-04-28T18:18:29+00:00","description":"W\u00e4rmeleitpaste f\u00fcr DRL Unit - 0.5 Gramm GD900 W\u00e4rmeleitpaste - auch geeignet f\u00fcr CPU, GPU K\u00fchlung - W\u00e4rmeleitf\u00e4higkeit 4.8 W\/mk. - direkt lieferbar","breadcrumb":{"@id":"https:\/\/www.alldayled.com\/de\/produkt\/gd900-koelpasta-voor-drl-unit\/#breadcrumb"},"inLanguage":"de","potentialAction":[{"@type":"ReadAction","target":["https:\/\/www.alldayled.com\/de\/produkt\/gd900-koelpasta-voor-drl-unit\/"]}]},{"@type":"ImageObject","inLanguage":"de","@id":"https:\/\/www.alldayled.com\/de\/produkt\/gd900-koelpasta-voor-drl-unit\/#primaryimage","url":"https:\/\/www.alldayled.com\/wp-content\/uploads\/2022\/07\/ADL03635.png","contentUrl":"https:\/\/www.alldayled.com\/wp-content\/uploads\/2022\/07\/ADL03635.png","width":800,"height":600,"caption":"GD900 W\u00e4rmeleitpaste f\u00fcr DRL Unit, CPU, GPU und mehr - Beutel mit 0,5 Gramm"},{"@type":"BreadcrumbList","@id":"https:\/\/www.alldayled.com\/de\/produkt\/gd900-koelpasta-voor-drl-unit\/#breadcrumb","itemListElement":[{"@type":"ListItem","position":1,"name":"Home","item":"https:\/\/www.alldayled.com\/de\/"},{"@type":"ListItem","position":2,"name":"Shop","item":"https:\/\/www.alldayled.com\/de\/shop\/"},{"@type":"ListItem","position":3,"name":"W\u00e4rmeleitpaste f\u00fcr DRL Unit"}]},{"@type":"WebSite","@id":"https:\/\/www.alldayled.com\/de\/#website","url":"https:\/\/www.alldayled.com\/de\/","name":"All Day Led","description":"Verlichting voor 12&amp;24 volt gebruik","publisher":{"@id":"https:\/\/www.alldayled.com\/de\/#organization"},"potentialAction":[{"@type":"SearchAction","target":{"@type":"EntryPoint","urlTemplate":"https:\/\/www.alldayled.com\/de\/?s={search_term_string}"},"query-input":{"@type":"PropertyValueSpecification","valueRequired":true,"valueName":"search_term_string"}}],"inLanguage":"de"},{"@type":"Organization","@id":"https:\/\/www.alldayled.com\/de\/#organization","name":"All Day Led","url":"https:\/\/www.alldayled.com\/de\/","logo":{"@type":"ImageObject","inLanguage":"de","@id":"https:\/\/www.alldayled.com\/de\/#\/schema\/logo\/image\/","url":"https:\/\/www.alldayled.com\/wp-content\/uploads\/2025\/10\/Logo-ALL-DAY-LED-800x800-zwart-witte-letters.png","contentUrl":"https:\/\/www.alldayled.com\/wp-content\/uploads\/2025\/10\/Logo-ALL-DAY-LED-800x800-zwart-witte-letters.png","width":800,"height":800,"caption":"All Day Led"},"image":{"@id":"https:\/\/www.alldayled.com\/de\/#\/schema\/logo\/image\/"},"sameAs":["https:\/\/www.facebook.com\/alldayled\/","https:\/\/www.instagram.com\/alldayled\/"],"vatID":"NL863960133B01","taxID":"86416545"}]},"product_price_amount":"1.00","product_price_currency":"EUR","og_availability":"instock","product_availability":"instock","product_retailer_item_id":"ADL03635","product_condition":"new"},"_links":{"self":[{"href":"https:\/\/www.alldayled.com\/de\/wp-json\/wp\/v2\/product\/66651","targetHints":{"allow":["GET"]}}],"collection":[{"href":"https:\/\/www.alldayled.com\/de\/wp-json\/wp\/v2\/product"}],"about":[{"href":"https:\/\/www.alldayled.com\/de\/wp-json\/wp\/v2\/types\/product"}],"replies":[{"embeddable":true,"href":"https:\/\/www.alldayled.com\/de\/wp-json\/wp\/v2\/comments?post=66651"}],"wp:featuredmedia":[{"embeddable":true,"href":"https:\/\/www.alldayled.com\/de\/wp-json\/wp\/v2\/media\/21573"}],"wp:attachment":[{"href":"https:\/\/www.alldayled.com\/de\/wp-json\/wp\/v2\/media?parent=66651"}],"wp:term":[{"taxonomy":"product_brand","embeddable":true,"href":"https:\/\/www.alldayled.com\/de\/wp-json\/wp\/v2\/product_brand?post=66651"},{"taxonomy":"product_cat","embeddable":true,"href":"https:\/\/www.alldayled.com\/de\/wp-json\/wp\/v2\/product_cat?post=66651"},{"taxonomy":"product_tag","embeddable":true,"href":"https:\/\/www.alldayled.com\/de\/wp-json\/wp\/v2\/product_tag?post=66651"}],"curies":[{"name":"wp","href":"https:\/\/api.w.org\/{rel}","templated":true}]}}