{"id":66660,"date":"2023-05-23T16:05:36","date_gmt":"2023-05-23T14:05:36","guid":{"rendered":"https:\/\/www.alldayled.com\/product\/strands-dark-knight-6-led-flitser-helder\/"},"modified":"2026-04-19T09:18:22","modified_gmt":"2026-04-19T07:18:22","slug":"strands-dark-knight-6-led-flitser-helder","status":"publish","type":"product","link":"https:\/\/www.alldayled.com\/de\/produkt\/strands-dark-knight-6-led-flitser-helder\/","title":{"rendered":"Strands Dark Knight 6 LED Blitz &#8211; klar"},"content":{"rendered":"<p><span style=\"color: #000000;\"><strong>Strands Dark Knight 6 LED Blitz orange mit klarem Glas, f\u00fcr 12 &amp; 24 Volt. <\/strong><\/span><\/p>\n<p><span style=\"color: #000000;\">Bist du auf der Suche nach einem d\u00fcnnen 6 LED-Blitz mit klarem Glas, der in der Farbe Orange leuchtet? Dann ist der Strands Dark Knight 6 LED-Blitz mit klarem Glas und 21 verschiedenen Mustern vielleicht genau die Leuchte, die du suchst. Dieser Blitz ist einfach an verschiedenen Stellen zu montieren. Die LED-Leuchte ist mit 6 hellen LEDs ausgestattet, wodurch eine gut sichtbare Beleuchtung gew\u00e4hrleistet ist. Der Dark Knight LED-Blitz orange funktioniert mit 12 und 24 Volt, sodass du ihn an verschiedenen Fahrzeugen anbringen kannst. Du kannst die LED-Warnleuchte zum Beispiel an einem Auto, Wohnmobil, LKW oder anderen Fahrzeug montieren.     <\/span><\/p>\n<p><span style=\"color: #000000;\">Um sicherzustellen, dass der Strands Dark Knight 6 LED-Blitz orange mit klarem Glas f\u00fcr dein Fahrzeug oder deinen Anh\u00e4nger geeignet ist, haben wir unten einige Spezifikationen aufgef\u00fchrt. So siehst du sofort, warum dies vielleicht genau die LED-Leuchte ist, die du suchst. Die LED-Warnleuchte ist mit dem ECE R10-Pr\u00fcfzeichen versehen, was bedeutet, dass die Leuchte w\u00e4hrend des Betriebs keine St\u00f6rungen verursacht, zum Beispiel an deinem Radiosignal. Zudem ist die Leuchte mit klarem Glas mit den IP67\/IP69K-Pr\u00fcfzeichen versehen, was darauf hinweist, dass sie vollst\u00e4ndig staub- und wasserdicht ist. Zum Schutz des Lacks wird die Leuchte mit einer Schaumstoffplatte geliefert, die du zwischen das Fahrzeug und den Blitz legen kannst, um das Risiko von Lacksch\u00e4den zu verringern.    <\/span><\/p>\n<h5><span style=\"color: #000000;\"><strong>Abmessungen:<\/strong><\/span><\/h5>\n<p><span style=\"color: #000000;\">Um sicherzustellen, dass du die LED-Warnleuchte dort montieren kannst, wo du m\u00f6chtest, haben wir unten die Abmessungen notiert. Die Abmessungen des flachen Strands Dark Knight 6 LED-Blitzes mit klarem Glas und orangefarbenen LEDs sind wie folgt: <\/span><\/p>\n<ul>\n<li><span style=\"color: #000000;\">L\u00e4nge: 129,2 mm<\/span><\/li>\n<li><span style=\"color: #000000;\">H\u00f6he: 33,2 mm<br \/>\n<\/span><\/li>\n<li><span style=\"color: #000000;\">Dicke: 14,8 mm<\/span><\/li>\n<\/ul>\n<h5><span style=\"color: #000000;\"><strong>Andere Versionen: <\/strong><\/span><\/h5>\n<p><span style=\"color: #000000;\">M\u00f6chtest du eine Strands LED-Warnleuchte, aber das 6 LED-Modell ist nicht genau das, was du suchst? Dann wisse, dass Strands den LED-Blitz auch in verschiedenen anderen Ausf\u00fchrungen anbietet. Unten findest du die verschiedenen M\u00f6glichkeiten, die Strands anbietet.  <\/span><\/p>\n<ul>\n<li><span style=\"color: #000000;\"><a style=\"color: #000000;\" href=\"https:\/\/www.alldayled.com\/de\/produkt\/strands-dark-knight-4-led-flitser-helder\/\" target=\"_blank\" rel=\"noopener\"><strong>Dark Knight Stroboskop 4 LED &#8211; CLEAR<\/strong><\/a><\/span><\/li>\n<li><span style=\"color: #000000;\"><a style=\"color: #000000;\" href=\"https:\/\/www.alldayled.com\/de\/produkt\/strands-dark-knight-4-led-flitser-donker\/\" target=\"_blank\" rel=\"noopener\"><strong>Dark Knight Stroboskop 4 LED &#8211; DARK<\/strong><\/a><\/span><\/li>\n<li><span style=\"color: #000000;\"><a style=\"color: #000000;\" href=\"https:\/\/www.alldayled.com\/de\/produkt\/strands-dark-knight-6-led-flitser-donker\/\" target=\"_blank\" rel=\"noopener\"><strong>Dark Knight Stroboskop 6 LED &#8211; DARK<\/strong><\/a><\/span><\/li>\n<\/ul>\n<p><span style=\"color: #000000;\">Bist du immer noch nicht \u00fcberzeugt, dass der Strands Dark Knight 6 LED-Blitz klar das ist, was du suchst? Vielleicht weil die Lichtausbeute, die Wattzahl oder die Form nicht ganz deinen W\u00fcnschen entspricht? Dann sieh dir hier das komplette Angebot von <a style=\"color: #000000;\" href=\"https:\/\/www.alldayled.com\/de\/marke\/product-strands-lighting-division\/\" target=\"_blank\" rel=\"noopener\">Strands<\/a> an. Es ist sehr wahrscheinlich, dass du hier das Modell findest, das perfekt zu dir passt.   <\/span><\/p>\n","protected":false},"excerpt":{"rendered":"<p>Strands 6 LED Blitz klar mit 21 Mustern, geeignet f\u00fcr 12 &amp; 24 Volt.<\/p>\n","protected":false},"featured_media":25158,"comment_status":"open","ping_status":"closed","template":"","meta":{"_acf_changed":false},"product_brand":[5114],"product_cat":[5304,5363],"product_tag":[9088,9093,9094,9099,9095,9097,9089,9090,9091,9092],"class_list":{"0":"post-66660","1":"product","2":"type-product","3":"status-publish","4":"has-post-thumbnail","6":"product_brand-product-strands-lighting-division","7":"product_cat-flitser","8":"product_cat-strands-dark-knight","9":"product_tag-led-blitz","10":"product_tag-led-blitz-anhanger","11":"product_tag-led-blitz-auto","12":"product_tag-led-blitz-lkw","13":"product_tag-led-blitz-orange","14":"product_tag-led-blitz-traktor","15":"product_tag-led-taschenlampe-12-volt","16":"product_tag-led-taschenlampe-12v","17":"product_tag-led-taschenlampe-24-volt","18":"product_tag-led-taschenlampe-24v","20":"first","21":"instock","22":"taxable","23":"shipping-taxable","24":"purchasable","25":"product-type-simple"},"acf":[],"yoast_head":"<!-- This site is optimized with the Yoast SEO Premium plugin v26.5 (Yoast SEO v27.1.1) - https:\/\/yoast.com\/product\/yoast-seo-premium-wordpress\/ -->\n<title>Dark Knight 6 LED Blitz Klar - Strands - All Day Led - 12&amp;24V<\/title>\n<meta name=\"description\" content=\"Strands Dark Knight 6 LED Blitz Klar - Warnleuchte mit ECE R65 - mit 40 cm Kabel - geeignet f\u00fcr 12&amp;24V - Auto, Anh\u00e4nger, LKW und mehr\" \/>\n<meta name=\"robots\" content=\"index, follow, max-snippet:-1, max-image-preview:large, max-video-preview:-1\" \/>\n<link rel=\"canonical\" href=\"https:\/\/www.alldayled.com\/de\/produkt\/strands-dark-knight-6-led-flitser-helder\/\" \/>\n<meta property=\"og:locale\" content=\"de_DE\" \/>\n<meta property=\"og:type\" content=\"article\" \/>\n<meta property=\"og:title\" content=\"Dark Knight 6 LED Blitz Klar - Strands - All Day Led - 12&amp;24V\" \/>\n<meta property=\"og:description\" content=\"Strands Dark Knight 6 LED Blitz Klar - Warnleuchte mit ECE R65 - mit 40 cm Kabel - geeignet f\u00fcr 12&amp;24V - Auto, Anh\u00e4nger, LKW und mehr\" \/>\n<meta property=\"og:url\" content=\"https:\/\/www.alldayled.com\/de\/produkt\/strands-dark-knight-6-led-flitser-helder\/\" \/>\n<meta property=\"og:site_name\" content=\"All Day Led\" \/>\n<meta property=\"article:publisher\" content=\"https:\/\/www.facebook.com\/alldayled\/\" \/>\n<meta property=\"article:modified_time\" content=\"2026-04-19T07:18:22+00:00\" \/>\n<meta property=\"og:image\" content=\"https:\/\/www.alldayled.com\/wp-content\/uploads\/2024\/04\/ADL850403-300x300.png\" \/>\n<meta name=\"twitter:label1\" content=\"Preis\" \/>\n\t<meta name=\"twitter:data1\" content=\"&euro;&nbsp;37,50\" \/>\n\t<meta name=\"twitter:label2\" content=\"Verf\u00fcgbarkeit\" \/>\n\t<meta name=\"twitter:data2\" content=\"Auf Lager\" \/>\n<script type=\"application\/ld+json\" class=\"yoast-schema-graph\">{\"@context\":\"https:\/\/schema.org\",\"@graph\":[{\"@type\":\"WebPage\",\"@id\":\"https:\/\/www.alldayled.com\/de\/produkt\/strands-dark-knight-6-led-flitser-helder\/\",\"url\":\"https:\/\/www.alldayled.com\/de\/produkt\/strands-dark-knight-6-led-flitser-helder\/\",\"name\":\"Dark Knight 6 LED Blitz Klar - Strands - All Day Led - 12&24V\",\"isPartOf\":{\"@id\":\"https:\/\/www.alldayled.com\/de\/#website\"},\"primaryImageOfPage\":{\"@id\":\"https:\/\/www.alldayled.com\/de\/produkt\/strands-dark-knight-6-led-flitser-helder\/#primaryimage\"},\"image\":{\"@id\":\"https:\/\/www.alldayled.com\/de\/produkt\/strands-dark-knight-6-led-flitser-helder\/#primaryimage\"},\"thumbnailUrl\":\"https:\/\/www.alldayled.com\/wp-content\/uploads\/2023\/05\/ADL85403.png\",\"datePublished\":\"2023-05-23T14:05:36+00:00\",\"dateModified\":\"2026-04-19T07:18:22+00:00\",\"description\":\"Strands Dark Knight 6 LED Blitz Klar - Warnleuchte mit ECE R65 - mit 40 cm Kabel - geeignet f\u00fcr 12&24V - Auto, Anh\u00e4nger, LKW und mehr\",\"breadcrumb\":{\"@id\":\"https:\/\/www.alldayled.com\/de\/produkt\/strands-dark-knight-6-led-flitser-helder\/#breadcrumb\"},\"inLanguage\":\"de\",\"potentialAction\":[{\"@type\":\"ReadAction\",\"target\":[\"https:\/\/www.alldayled.com\/de\/produkt\/strands-dark-knight-6-led-flitser-helder\/\"]}]},{\"@type\":\"ImageObject\",\"inLanguage\":\"de\",\"@id\":\"https:\/\/www.alldayled.com\/de\/produkt\/strands-dark-knight-6-led-flitser-helder\/#primaryimage\",\"url\":\"https:\/\/www.alldayled.com\/wp-content\/uploads\/2023\/05\/ADL85403.png\",\"contentUrl\":\"https:\/\/www.alldayled.com\/wp-content\/uploads\/2023\/05\/ADL85403.png\",\"width\":800,\"height\":600,\"caption\":\"Strands Dark Knight 6 LED Blitz mit klarem Glas - LED Blitz mit ECE R65 Pr\u00fcfzeichen, der f\u00fcr 12 und 24 Volt Betrieb geeignet ist - EAN: 7350133813521\"},{\"@type\":\"BreadcrumbList\",\"@id\":\"https:\/\/www.alldayled.com\/de\/produkt\/strands-dark-knight-6-led-flitser-helder\/#breadcrumb\",\"itemListElement\":[{\"@type\":\"ListItem\",\"position\":1,\"name\":\"Home\",\"item\":\"https:\/\/www.alldayled.com\/de\/\"},{\"@type\":\"ListItem\",\"position\":2,\"name\":\"Shop\",\"item\":\"https:\/\/www.alldayled.com\/de\/shop\/\"},{\"@type\":\"ListItem\",\"position\":3,\"name\":\"Warnleuchten\",\"item\":\"https:\/\/www.alldayled.com\/de\/produkt-kategorie\/blitzlichter\/\"},{\"@type\":\"ListItem\",\"position\":4,\"name\":\"Blitzer\",\"item\":\"https:\/\/www.alldayled.com\/de\/produkt-kategorie\/blitzlichter\/flitser\/\"},{\"@type\":\"ListItem\",\"position\":5,\"name\":\"Strands Dark Knight 6 LED Blitz &#8211; klar\"}]},{\"@type\":\"WebSite\",\"@id\":\"https:\/\/www.alldayled.com\/de\/#website\",\"url\":\"https:\/\/www.alldayled.com\/de\/\",\"name\":\"All Day Led\",\"description\":\"Verlichting voor 12&amp;24 volt gebruik\",\"publisher\":{\"@id\":\"https:\/\/www.alldayled.com\/de\/#organization\"},\"potentialAction\":[{\"@type\":\"SearchAction\",\"target\":{\"@type\":\"EntryPoint\",\"urlTemplate\":\"https:\/\/www.alldayled.com\/de\/?s={search_term_string}\"},\"query-input\":{\"@type\":\"PropertyValueSpecification\",\"valueRequired\":true,\"valueName\":\"search_term_string\"}}],\"inLanguage\":\"de\"},{\"@type\":\"Organization\",\"@id\":\"https:\/\/www.alldayled.com\/de\/#organization\",\"name\":\"All Day Led\",\"url\":\"https:\/\/www.alldayled.com\/de\/\",\"logo\":{\"@type\":\"ImageObject\",\"inLanguage\":\"de\",\"@id\":\"https:\/\/www.alldayled.com\/de\/#\/schema\/logo\/image\/\",\"url\":\"https:\/\/www.alldayled.com\/wp-content\/uploads\/2025\/10\/Logo-ALL-DAY-LED-800x800-zwart-witte-letters.png\",\"contentUrl\":\"https:\/\/www.alldayled.com\/wp-content\/uploads\/2025\/10\/Logo-ALL-DAY-LED-800x800-zwart-witte-letters.png\",\"width\":800,\"height\":800,\"caption\":\"All Day Led\"},\"image\":{\"@id\":\"https:\/\/www.alldayled.com\/de\/#\/schema\/logo\/image\/\"},\"sameAs\":[\"https:\/\/www.facebook.com\/alldayled\/\",\"https:\/\/www.instagram.com\/alldayled\/\"],\"vatID\":\"NL863960133B01\",\"taxID\":\"86416545\"}]}<\/script>\n<meta property=\"product:brand\" content=\"Strands\" \/>\n<meta property=\"product:price:amount\" content=\"37.50\" \/>\n<meta property=\"product:price:currency\" content=\"EUR\" \/>\n<meta property=\"og:availability\" content=\"instock\" \/>\n<meta property=\"product:availability\" content=\"instock\" \/>\n<meta property=\"product:retailer_item_id\" content=\"ADL850403\" \/>\n<meta property=\"product:condition\" content=\"new\" \/>\n<!-- \/ Yoast SEO Premium plugin. -->","yoast_head_json":{"title":"Dark Knight 6 LED Blitz Klar - Strands - All Day Led - 12&24V","description":"Strands Dark Knight 6 LED Blitz Klar - Warnleuchte mit ECE R65 - mit 40 cm Kabel - geeignet f\u00fcr 12&24V - Auto, Anh\u00e4nger, LKW und mehr","robots":{"index":"index","follow":"follow","max-snippet":"max-snippet:-1","max-image-preview":"max-image-preview:large","max-video-preview":"max-video-preview:-1"},"canonical":"https:\/\/www.alldayled.com\/de\/produkt\/strands-dark-knight-6-led-flitser-helder\/","og_locale":"de_DE","og_type":"article","og_title":"Dark Knight 6 LED Blitz Klar - Strands - All Day Led - 12&24V","og_description":"Strands Dark Knight 6 LED Blitz Klar - Warnleuchte mit ECE R65 - mit 40 cm Kabel - geeignet f\u00fcr 12&24V - Auto, Anh\u00e4nger, LKW und mehr","og_url":"https:\/\/www.alldayled.com\/de\/produkt\/strands-dark-knight-6-led-flitser-helder\/","og_site_name":"All Day Led","article_publisher":"https:\/\/www.facebook.com\/alldayled\/","article_modified_time":"2026-04-19T07:18:22+00:00","og_image":[{"url":"https:\/\/www.alldayled.com\/wp-content\/uploads\/2024\/04\/ADL850403-300x300.png","type":"","width":"","height":""}],"twitter_misc":{"Preis":"&euro;&nbsp;37,50","Verf\u00fcgbarkeit":"Auf Lager"},"schema":{"@context":"https:\/\/schema.org","@graph":[{"@type":"WebPage","@id":"https:\/\/www.alldayled.com\/de\/produkt\/strands-dark-knight-6-led-flitser-helder\/","url":"https:\/\/www.alldayled.com\/de\/produkt\/strands-dark-knight-6-led-flitser-helder\/","name":"Dark Knight 6 LED Blitz Klar - Strands - All Day Led - 12&24V","isPartOf":{"@id":"https:\/\/www.alldayled.com\/de\/#website"},"primaryImageOfPage":{"@id":"https:\/\/www.alldayled.com\/de\/produkt\/strands-dark-knight-6-led-flitser-helder\/#primaryimage"},"image":{"@id":"https:\/\/www.alldayled.com\/de\/produkt\/strands-dark-knight-6-led-flitser-helder\/#primaryimage"},"thumbnailUrl":"https:\/\/www.alldayled.com\/wp-content\/uploads\/2023\/05\/ADL85403.png","datePublished":"2023-05-23T14:05:36+00:00","dateModified":"2026-04-19T07:18:22+00:00","description":"Strands Dark Knight 6 LED Blitz Klar - Warnleuchte mit ECE R65 - mit 40 cm Kabel - geeignet f\u00fcr 12&24V - Auto, Anh\u00e4nger, LKW und mehr","breadcrumb":{"@id":"https:\/\/www.alldayled.com\/de\/produkt\/strands-dark-knight-6-led-flitser-helder\/#breadcrumb"},"inLanguage":"de","potentialAction":[{"@type":"ReadAction","target":["https:\/\/www.alldayled.com\/de\/produkt\/strands-dark-knight-6-led-flitser-helder\/"]}]},{"@type":"ImageObject","inLanguage":"de","@id":"https:\/\/www.alldayled.com\/de\/produkt\/strands-dark-knight-6-led-flitser-helder\/#primaryimage","url":"https:\/\/www.alldayled.com\/wp-content\/uploads\/2023\/05\/ADL85403.png","contentUrl":"https:\/\/www.alldayled.com\/wp-content\/uploads\/2023\/05\/ADL85403.png","width":800,"height":600,"caption":"Strands Dark Knight 6 LED Blitz mit klarem Glas - LED Blitz mit ECE R65 Pr\u00fcfzeichen, der f\u00fcr 12 und 24 Volt Betrieb geeignet ist - EAN: 7350133813521"},{"@type":"BreadcrumbList","@id":"https:\/\/www.alldayled.com\/de\/produkt\/strands-dark-knight-6-led-flitser-helder\/#breadcrumb","itemListElement":[{"@type":"ListItem","position":1,"name":"Home","item":"https:\/\/www.alldayled.com\/de\/"},{"@type":"ListItem","position":2,"name":"Shop","item":"https:\/\/www.alldayled.com\/de\/shop\/"},{"@type":"ListItem","position":3,"name":"Warnleuchten","item":"https:\/\/www.alldayled.com\/de\/produkt-kategorie\/blitzlichter\/"},{"@type":"ListItem","position":4,"name":"Blitzer","item":"https:\/\/www.alldayled.com\/de\/produkt-kategorie\/blitzlichter\/flitser\/"},{"@type":"ListItem","position":5,"name":"Strands Dark Knight 6 LED Blitz &#8211; klar"}]},{"@type":"WebSite","@id":"https:\/\/www.alldayled.com\/de\/#website","url":"https:\/\/www.alldayled.com\/de\/","name":"All Day Led","description":"Verlichting voor 12&amp;24 volt gebruik","publisher":{"@id":"https:\/\/www.alldayled.com\/de\/#organization"},"potentialAction":[{"@type":"SearchAction","target":{"@type":"EntryPoint","urlTemplate":"https:\/\/www.alldayled.com\/de\/?s={search_term_string}"},"query-input":{"@type":"PropertyValueSpecification","valueRequired":true,"valueName":"search_term_string"}}],"inLanguage":"de"},{"@type":"Organization","@id":"https:\/\/www.alldayled.com\/de\/#organization","name":"All Day Led","url":"https:\/\/www.alldayled.com\/de\/","logo":{"@type":"ImageObject","inLanguage":"de","@id":"https:\/\/www.alldayled.com\/de\/#\/schema\/logo\/image\/","url":"https:\/\/www.alldayled.com\/wp-content\/uploads\/2025\/10\/Logo-ALL-DAY-LED-800x800-zwart-witte-letters.png","contentUrl":"https:\/\/www.alldayled.com\/wp-content\/uploads\/2025\/10\/Logo-ALL-DAY-LED-800x800-zwart-witte-letters.png","width":800,"height":800,"caption":"All Day Led"},"image":{"@id":"https:\/\/www.alldayled.com\/de\/#\/schema\/logo\/image\/"},"sameAs":["https:\/\/www.facebook.com\/alldayled\/","https:\/\/www.instagram.com\/alldayled\/"],"vatID":"NL863960133B01","taxID":"86416545"}]},"product_brand":"Strands","product_price_amount":"37.50","product_price_currency":"EUR","og_availability":"instock","product_availability":"instock","product_retailer_item_id":"ADL850403","product_condition":"new"},"_links":{"self":[{"href":"https:\/\/www.alldayled.com\/de\/wp-json\/wp\/v2\/product\/66660","targetHints":{"allow":["GET"]}}],"collection":[{"href":"https:\/\/www.alldayled.com\/de\/wp-json\/wp\/v2\/product"}],"about":[{"href":"https:\/\/www.alldayled.com\/de\/wp-json\/wp\/v2\/types\/product"}],"replies":[{"embeddable":true,"href":"https:\/\/www.alldayled.com\/de\/wp-json\/wp\/v2\/comments?post=66660"}],"wp:featuredmedia":[{"embeddable":true,"href":"https:\/\/www.alldayled.com\/de\/wp-json\/wp\/v2\/media\/25158"}],"wp:attachment":[{"href":"https:\/\/www.alldayled.com\/de\/wp-json\/wp\/v2\/media?parent=66660"}],"wp:term":[{"taxonomy":"product_brand","embeddable":true,"href":"https:\/\/www.alldayled.com\/de\/wp-json\/wp\/v2\/product_brand?post=66660"},{"taxonomy":"product_cat","embeddable":true,"href":"https:\/\/www.alldayled.com\/de\/wp-json\/wp\/v2\/product_cat?post=66660"},{"taxonomy":"product_tag","embeddable":true,"href":"https:\/\/www.alldayled.com\/de\/wp-json\/wp\/v2\/product_tag?post=66660"}],"curies":[{"name":"wp","href":"https:\/\/api.w.org\/{rel}","templated":true}]}}