{"id":66664,"date":"2024-12-11T15:14:54","date_gmt":"2024-12-11T14:14:54","guid":{"rendered":"https:\/\/www.alldayled.com\/product\/strands-dark-knight-12-led-flitser-dual-color\/"},"modified":"2024-12-11T15:14:54","modified_gmt":"2024-12-11T14:14:54","slug":"strands-dark-knight-12-led-flitser-dual-color","status":"publish","type":"product","link":"https:\/\/www.alldayled.com\/de\/produkt\/strands-dark-knight-12-led-flitser-dual-color\/","title":{"rendered":"Strands Dark Knight 12 LED Blitz &#8211; DUAL COLOR"},"content":{"rendered":"<p><span style=\"color: #000000;\"><strong>Strands Dark Knight 12 LED Blitz DUAL COLOR mit dunklem Glas, f\u00fcr 12 &amp; 24 Volt. <\/strong><\/span><\/p>\n<p><span style=\"color: #000000;\">M\u00f6chtest du dein Fahrzeug oder deinen Anh\u00e4nger mit einem neuen oder zus\u00e4tzlichen LED Blitz ausstatten? M\u00f6chtest du aber nicht, dass dieser nur in einer Farbe leuchten kann? Dann ist der Strands Dark Knight 12 LED Blitz DUAL COLOR vielleicht genau die Lampe, die du suchst. Die LED Lampe ist mit 12 hellen LED Punkten ausgestattet, die mittels 20 verschiedener Muster in den Farben Wei\u00df oder Amber aufleuchten k\u00f6nnen. Des Weiteren funktioniert der DUAL COLOR LED Blitz mit 12 und 24 Volt. Das bedeutet, du kannst die LED Warnleuchte zum Beispiel an deinem Auto, Wohnmobil, LKW, Anh\u00e4nger oder einem anderen Fahrzeugtyp montieren.     <\/span><\/p>\n<p><span style=\"color: #000000;\">Da du vor dem Kauf sicher sein m\u00f6chtest, dass dies genau die Lampe ist, die du suchst, haben wir unten einige Eigenschaften dieser LED Lampe aufgef\u00fchrt. Der Strands Dark Knight 12 LED Blitz DUAL COLOR ist unter anderem mit ECE R10 ausgestattet. Dieses Pr\u00fcfzeichen besagt, dass die LED Warnleuchte bei korrekter Installation funkentst\u00f6rt ist. Des Weiteren verf\u00fcgt die LED Lampe auch \u00fcber das ECE R65 Pr\u00fcfzeichen. Dieses Pr\u00fcfzeichen besagt, dass der Blitz auf \u00f6ffentlichen Stra\u00dfen verwendet werden darf. Um den Anschluss zu vereinfachen, ist ein 1 Meter langes Anschlusskabel an der Lampe montiert.       <\/span><\/p>\n<div class=\"truncated\">\n<h5><span style=\"color: #000000;\"><strong>Abmessungen:<\/strong><\/span><\/h5>\n<p><span style=\"color: #000000;\">Da du vor dem Kauf sicherstellen m\u00f6chtest, dass du die Warnleuchte mit DUAL COLOR Blitzfunktion dort montieren kannst, wo du m\u00f6chtest, haben wir unten die Abmessungen der LED Lampe notiert. Die Abmessungen des Dark Knight 12 LED Blitzes &#8211; 25w sind wie folgt:  <\/span><\/p>\n<ul>\n<li><span style=\"color: #000000;\">L\u00e4nge: 125,5 mm<\/span><\/li>\n<li><span style=\"color: #000000;\">H\u00f6he: 59,5 mm<\/span><\/li>\n<li><span style=\"color: #000000;\">Dicke: 15 mm<\/span><\/li>\n<li><span style=\"color: #000000;\">H.o.H: 116,7<\/span><\/li>\n<\/ul>\n<h5><span style=\"color: #000000;\"><strong>Andere Versionen:<\/strong><\/span><\/h5>\n<p><span style=\"color: #000000;\">M\u00f6chtest du eine DUAL COLOR LED Lampe von Strands aus der Dark Knight Linie kaufen? Aber ist der Strands Dark Knight 12 LED Blitz DUAL COLOR 25w LED Lampe nicht die Lampe, die du suchst? Dann wisse, dass die Dark Knight Linie der Marke Strands auch noch diverse andere Lampenarten umfasst. Siehe unten eine Auflistung der weiteren Modelle, die Strands anbietet.   <\/span><\/p>\n<ul>\n<li><span style=\"color: #000000;\"><a style=\"color: #000000;\" href=\"https:\/\/www.alldayled.com\/de\/produkt\/strands-dark-knight-18-led-flitser-dual-color\/\"><strong>DUAL COLOR DK strobe 18 LED<\/strong><\/a><\/span><\/li>\n<li><span style=\"color: #000000;\"><a style=\"color: #000000;\" href=\"https:\/\/www.alldayled.com\/de\/produkt\/strands-dark-knight-6-led-flitser-dual-color\/\"><strong>DUAL COLOR DK Stroboskop 6 LED<\/strong><\/a><\/span><\/li>\n<\/ul>\n<\/div>\n<p><span style=\"color: #000000;\">Bist du nach dem Lesen aller Spezifikationen und dem Betrachten der Fotos immer noch nicht \u00fcberzeugt? Einfach weil Form, Lichtleistung oder Farbe des Strands Dark Knight 12 LED Blitz DUAL COLOR nicht deinen W\u00fcnschen entsprechen? Dann sieh dir hier das komplette Angebot von <a style=\"color: #000000;\" href=\"https:\/\/www.alldayled.com\/de\/marke\/product-strands-lighting-division\/\" target=\"_blank\" rel=\"noopener\">Strands<\/a> an. Vielleicht findest du hier das Lampenmodell, das du suchst.   <\/span><\/p>\n","protected":false},"excerpt":{"rendered":"<p>Strands 12 LED Blitz mit 2 Farben und 20 verschiedenen Mustern!<\/p>\n","protected":false},"featured_media":32934,"comment_status":"open","ping_status":"closed","template":"","meta":{"_acf_changed":false},"product_brand":[5114],"product_cat":[5304,5363],"product_tag":[9088,9093,9094,9099,9095,9097,9089,9090,9091,9092],"class_list":{"0":"post-66664","1":"product","2":"type-product","3":"status-publish","4":"has-post-thumbnail","6":"product_brand-product-strands-lighting-division","7":"product_cat-flitser","8":"product_cat-strands-dark-knight","9":"product_tag-led-blitz","10":"product_tag-led-blitz-anhanger","11":"product_tag-led-blitz-auto","12":"product_tag-led-blitz-lkw","13":"product_tag-led-blitz-orange","14":"product_tag-led-blitz-traktor","15":"product_tag-led-taschenlampe-12-volt","16":"product_tag-led-taschenlampe-12v","17":"product_tag-led-taschenlampe-24-volt","18":"product_tag-led-taschenlampe-24v","20":"first","21":"instock","22":"taxable","23":"shipping-taxable","24":"purchasable","25":"product-type-simple"},"acf":[],"yoast_head":"<!-- This site is optimized with the Yoast SEO Premium plugin v26.5 (Yoast SEO v27.1.1) - https:\/\/yoast.com\/product\/yoast-seo-premium-wordpress\/ -->\n<title>Strands 12 LED Blitz DUAL COLOR | Dark Knight Seite | All Day Led | 12&amp;24V<\/title>\n<meta name=\"description\" content=\"Strands 12 LED Blitz DUAL COLOR | Warnleuchte mit 1m Kabel und ECE R65 | 20 Muster | Aluminiumgeh\u00e4use | Auto, Anh\u00e4nger, LKW und mehr\" \/>\n<meta name=\"robots\" content=\"index, follow, max-snippet:-1, max-image-preview:large, max-video-preview:-1\" \/>\n<link rel=\"canonical\" href=\"https:\/\/www.alldayled.com\/de\/produkt\/strands-dark-knight-12-led-flitser-dual-color\/\" \/>\n<meta property=\"og:locale\" content=\"de_DE\" \/>\n<meta property=\"og:type\" content=\"article\" \/>\n<meta property=\"og:title\" content=\"Strands 12 LED Blitz DUAL COLOR | Dark Knight Seite | All Day Led | 12&amp;24V\" \/>\n<meta property=\"og:description\" content=\"Strands 12 LED Blitz DUAL COLOR | Warnleuchte mit 1m Kabel und ECE R65 | 20 Muster | Aluminiumgeh\u00e4use | Auto, Anh\u00e4nger, LKW und mehr\" \/>\n<meta property=\"og:url\" content=\"https:\/\/www.alldayled.com\/de\/produkt\/strands-dark-knight-12-led-flitser-dual-color\/\" \/>\n<meta property=\"og:site_name\" content=\"All Day Led\" \/>\n<meta property=\"article:publisher\" content=\"https:\/\/www.facebook.com\/alldayled\/\" \/>\n<meta property=\"og:image\" content=\"https:\/\/www.alldayled.com\/wp-content\/uploads\/2025\/01\/ADL850461.01-300x300.png\" \/>\n<meta name=\"twitter:label1\" content=\"Preis\" \/>\n\t<meta name=\"twitter:data1\" content=\"&euro;&nbsp;59,00\" \/>\n\t<meta name=\"twitter:label2\" content=\"Verf\u00fcgbarkeit\" \/>\n\t<meta name=\"twitter:data2\" content=\"Auf Lager\" \/>\n<script type=\"application\/ld+json\" class=\"yoast-schema-graph\">{\"@context\":\"https:\/\/schema.org\",\"@graph\":[{\"@type\":\"WebPage\",\"@id\":\"https:\/\/www.alldayled.com\/de\/produkt\/strands-dark-knight-12-led-flitser-dual-color\/\",\"url\":\"https:\/\/www.alldayled.com\/de\/produkt\/strands-dark-knight-12-led-flitser-dual-color\/\",\"name\":\"Strands 12 LED Blitz DUAL COLOR | Dark Knight Seite | All Day Led | 12&24V\",\"isPartOf\":{\"@id\":\"https:\/\/www.alldayled.com\/de\/#website\"},\"primaryImageOfPage\":{\"@id\":\"https:\/\/www.alldayled.com\/de\/produkt\/strands-dark-knight-12-led-flitser-dual-color\/#primaryimage\"},\"image\":{\"@id\":\"https:\/\/www.alldayled.com\/de\/produkt\/strands-dark-knight-12-led-flitser-dual-color\/#primaryimage\"},\"thumbnailUrl\":\"https:\/\/www.alldayled.com\/wp-content\/uploads\/2024\/12\/ADL850461.png\",\"datePublished\":\"2024-12-11T14:14:54+00:00\",\"description\":\"Strands 12 LED Blitz DUAL COLOR | Warnleuchte mit 1m Kabel und ECE R65 | 20 Muster | Aluminiumgeh\u00e4use | Auto, Anh\u00e4nger, LKW und mehr\",\"breadcrumb\":{\"@id\":\"https:\/\/www.alldayled.com\/de\/produkt\/strands-dark-knight-12-led-flitser-dual-color\/#breadcrumb\"},\"inLanguage\":\"de\",\"potentialAction\":[{\"@type\":\"ReadAction\",\"target\":[\"https:\/\/www.alldayled.com\/de\/produkt\/strands-dark-knight-12-led-flitser-dual-color\/\"]}]},{\"@type\":\"ImageObject\",\"inLanguage\":\"de\",\"@id\":\"https:\/\/www.alldayled.com\/de\/produkt\/strands-dark-knight-12-led-flitser-dual-color\/#primaryimage\",\"url\":\"https:\/\/www.alldayled.com\/wp-content\/uploads\/2024\/12\/ADL850461.png\",\"contentUrl\":\"https:\/\/www.alldayled.com\/wp-content\/uploads\/2024\/12\/ADL850461.png\",\"width\":800,\"height\":600,\"caption\":\"Strands Dark Knight 12 LED Blitz DUAL COLOR - Warnleuchte mit ECE R65 Pr\u00fcfzeichen - - Strands 850461 - Strands DARK KNIGHT STROBE LIGHT DUO 12 LED - geeignet f\u00fcr 12 und 24 Volt - EAN: 7323030192167\"},{\"@type\":\"BreadcrumbList\",\"@id\":\"https:\/\/www.alldayled.com\/de\/produkt\/strands-dark-knight-12-led-flitser-dual-color\/#breadcrumb\",\"itemListElement\":[{\"@type\":\"ListItem\",\"position\":1,\"name\":\"Home\",\"item\":\"https:\/\/www.alldayled.com\/de\/\"},{\"@type\":\"ListItem\",\"position\":2,\"name\":\"Shop\",\"item\":\"https:\/\/www.alldayled.com\/de\/shop\/\"},{\"@type\":\"ListItem\",\"position\":3,\"name\":\"Warnleuchten\",\"item\":\"https:\/\/www.alldayled.com\/de\/produkt-kategorie\/blitzlichter\/\"},{\"@type\":\"ListItem\",\"position\":4,\"name\":\"Blitzer\",\"item\":\"https:\/\/www.alldayled.com\/de\/produkt-kategorie\/blitzlichter\/flitser\/\"},{\"@type\":\"ListItem\",\"position\":5,\"name\":\"Strands Dark Knight 12 LED Blitz &#8211; DUAL COLOR\"}]},{\"@type\":\"WebSite\",\"@id\":\"https:\/\/www.alldayled.com\/de\/#website\",\"url\":\"https:\/\/www.alldayled.com\/de\/\",\"name\":\"All Day Led\",\"description\":\"Verlichting voor 12&amp;24 volt gebruik\",\"publisher\":{\"@id\":\"https:\/\/www.alldayled.com\/de\/#organization\"},\"potentialAction\":[{\"@type\":\"SearchAction\",\"target\":{\"@type\":\"EntryPoint\",\"urlTemplate\":\"https:\/\/www.alldayled.com\/de\/?s={search_term_string}\"},\"query-input\":{\"@type\":\"PropertyValueSpecification\",\"valueRequired\":true,\"valueName\":\"search_term_string\"}}],\"inLanguage\":\"de\"},{\"@type\":\"Organization\",\"@id\":\"https:\/\/www.alldayled.com\/de\/#organization\",\"name\":\"All Day Led\",\"url\":\"https:\/\/www.alldayled.com\/de\/\",\"logo\":{\"@type\":\"ImageObject\",\"inLanguage\":\"de\",\"@id\":\"https:\/\/www.alldayled.com\/de\/#\/schema\/logo\/image\/\",\"url\":\"https:\/\/www.alldayled.com\/wp-content\/uploads\/2025\/10\/Logo-ALL-DAY-LED-800x800-zwart-witte-letters.png\",\"contentUrl\":\"https:\/\/www.alldayled.com\/wp-content\/uploads\/2025\/10\/Logo-ALL-DAY-LED-800x800-zwart-witte-letters.png\",\"width\":800,\"height\":800,\"caption\":\"All Day Led\"},\"image\":{\"@id\":\"https:\/\/www.alldayled.com\/de\/#\/schema\/logo\/image\/\"},\"sameAs\":[\"https:\/\/www.facebook.com\/alldayled\/\",\"https:\/\/www.instagram.com\/alldayled\/\"],\"vatID\":\"NL863960133B01\",\"taxID\":\"86416545\"}]}<\/script>\n<meta property=\"product:brand\" content=\"Strands\" \/>\n<meta property=\"product:price:amount\" content=\"59.00\" \/>\n<meta property=\"product:price:currency\" content=\"EUR\" \/>\n<meta property=\"og:availability\" content=\"instock\" \/>\n<meta property=\"product:availability\" content=\"instock\" \/>\n<meta property=\"product:retailer_item_id\" content=\"ADL850461\" \/>\n<meta property=\"product:condition\" content=\"new\" \/>\n<!-- \/ Yoast SEO Premium plugin. -->","yoast_head_json":{"title":"Strands 12 LED Blitz DUAL COLOR | Dark Knight Seite | All Day Led | 12&24V","description":"Strands 12 LED Blitz DUAL COLOR | Warnleuchte mit 1m Kabel und ECE R65 | 20 Muster | Aluminiumgeh\u00e4use | Auto, Anh\u00e4nger, LKW und mehr","robots":{"index":"index","follow":"follow","max-snippet":"max-snippet:-1","max-image-preview":"max-image-preview:large","max-video-preview":"max-video-preview:-1"},"canonical":"https:\/\/www.alldayled.com\/de\/produkt\/strands-dark-knight-12-led-flitser-dual-color\/","og_locale":"de_DE","og_type":"article","og_title":"Strands 12 LED Blitz DUAL COLOR | Dark Knight Seite | All Day Led | 12&24V","og_description":"Strands 12 LED Blitz DUAL COLOR | Warnleuchte mit 1m Kabel und ECE R65 | 20 Muster | Aluminiumgeh\u00e4use | Auto, Anh\u00e4nger, LKW und mehr","og_url":"https:\/\/www.alldayled.com\/de\/produkt\/strands-dark-knight-12-led-flitser-dual-color\/","og_site_name":"All Day Led","article_publisher":"https:\/\/www.facebook.com\/alldayled\/","og_image":[{"url":"https:\/\/www.alldayled.com\/wp-content\/uploads\/2025\/01\/ADL850461.01-300x300.png","type":"","width":"","height":""}],"twitter_misc":{"Preis":"&euro;&nbsp;59,00","Verf\u00fcgbarkeit":"Auf Lager"},"schema":{"@context":"https:\/\/schema.org","@graph":[{"@type":"WebPage","@id":"https:\/\/www.alldayled.com\/de\/produkt\/strands-dark-knight-12-led-flitser-dual-color\/","url":"https:\/\/www.alldayled.com\/de\/produkt\/strands-dark-knight-12-led-flitser-dual-color\/","name":"Strands 12 LED Blitz DUAL COLOR | Dark Knight Seite | All Day Led | 12&24V","isPartOf":{"@id":"https:\/\/www.alldayled.com\/de\/#website"},"primaryImageOfPage":{"@id":"https:\/\/www.alldayled.com\/de\/produkt\/strands-dark-knight-12-led-flitser-dual-color\/#primaryimage"},"image":{"@id":"https:\/\/www.alldayled.com\/de\/produkt\/strands-dark-knight-12-led-flitser-dual-color\/#primaryimage"},"thumbnailUrl":"https:\/\/www.alldayled.com\/wp-content\/uploads\/2024\/12\/ADL850461.png","datePublished":"2024-12-11T14:14:54+00:00","description":"Strands 12 LED Blitz DUAL COLOR | Warnleuchte mit 1m Kabel und ECE R65 | 20 Muster | Aluminiumgeh\u00e4use | Auto, Anh\u00e4nger, LKW und mehr","breadcrumb":{"@id":"https:\/\/www.alldayled.com\/de\/produkt\/strands-dark-knight-12-led-flitser-dual-color\/#breadcrumb"},"inLanguage":"de","potentialAction":[{"@type":"ReadAction","target":["https:\/\/www.alldayled.com\/de\/produkt\/strands-dark-knight-12-led-flitser-dual-color\/"]}]},{"@type":"ImageObject","inLanguage":"de","@id":"https:\/\/www.alldayled.com\/de\/produkt\/strands-dark-knight-12-led-flitser-dual-color\/#primaryimage","url":"https:\/\/www.alldayled.com\/wp-content\/uploads\/2024\/12\/ADL850461.png","contentUrl":"https:\/\/www.alldayled.com\/wp-content\/uploads\/2024\/12\/ADL850461.png","width":800,"height":600,"caption":"Strands Dark Knight 12 LED Blitz DUAL COLOR - Warnleuchte mit ECE R65 Pr\u00fcfzeichen - - Strands 850461 - Strands DARK KNIGHT STROBE LIGHT DUO 12 LED - geeignet f\u00fcr 12 und 24 Volt - EAN: 7323030192167"},{"@type":"BreadcrumbList","@id":"https:\/\/www.alldayled.com\/de\/produkt\/strands-dark-knight-12-led-flitser-dual-color\/#breadcrumb","itemListElement":[{"@type":"ListItem","position":1,"name":"Home","item":"https:\/\/www.alldayled.com\/de\/"},{"@type":"ListItem","position":2,"name":"Shop","item":"https:\/\/www.alldayled.com\/de\/shop\/"},{"@type":"ListItem","position":3,"name":"Warnleuchten","item":"https:\/\/www.alldayled.com\/de\/produkt-kategorie\/blitzlichter\/"},{"@type":"ListItem","position":4,"name":"Blitzer","item":"https:\/\/www.alldayled.com\/de\/produkt-kategorie\/blitzlichter\/flitser\/"},{"@type":"ListItem","position":5,"name":"Strands Dark Knight 12 LED Blitz &#8211; DUAL COLOR"}]},{"@type":"WebSite","@id":"https:\/\/www.alldayled.com\/de\/#website","url":"https:\/\/www.alldayled.com\/de\/","name":"All Day Led","description":"Verlichting voor 12&amp;24 volt gebruik","publisher":{"@id":"https:\/\/www.alldayled.com\/de\/#organization"},"potentialAction":[{"@type":"SearchAction","target":{"@type":"EntryPoint","urlTemplate":"https:\/\/www.alldayled.com\/de\/?s={search_term_string}"},"query-input":{"@type":"PropertyValueSpecification","valueRequired":true,"valueName":"search_term_string"}}],"inLanguage":"de"},{"@type":"Organization","@id":"https:\/\/www.alldayled.com\/de\/#organization","name":"All Day Led","url":"https:\/\/www.alldayled.com\/de\/","logo":{"@type":"ImageObject","inLanguage":"de","@id":"https:\/\/www.alldayled.com\/de\/#\/schema\/logo\/image\/","url":"https:\/\/www.alldayled.com\/wp-content\/uploads\/2025\/10\/Logo-ALL-DAY-LED-800x800-zwart-witte-letters.png","contentUrl":"https:\/\/www.alldayled.com\/wp-content\/uploads\/2025\/10\/Logo-ALL-DAY-LED-800x800-zwart-witte-letters.png","width":800,"height":800,"caption":"All Day Led"},"image":{"@id":"https:\/\/www.alldayled.com\/de\/#\/schema\/logo\/image\/"},"sameAs":["https:\/\/www.facebook.com\/alldayled\/","https:\/\/www.instagram.com\/alldayled\/"],"vatID":"NL863960133B01","taxID":"86416545"}]},"product_brand":"Strands","product_price_amount":"59.00","product_price_currency":"EUR","og_availability":"instock","product_availability":"instock","product_retailer_item_id":"ADL850461","product_condition":"new"},"_links":{"self":[{"href":"https:\/\/www.alldayled.com\/de\/wp-json\/wp\/v2\/product\/66664","targetHints":{"allow":["GET"]}}],"collection":[{"href":"https:\/\/www.alldayled.com\/de\/wp-json\/wp\/v2\/product"}],"about":[{"href":"https:\/\/www.alldayled.com\/de\/wp-json\/wp\/v2\/types\/product"}],"replies":[{"embeddable":true,"href":"https:\/\/www.alldayled.com\/de\/wp-json\/wp\/v2\/comments?post=66664"}],"wp:featuredmedia":[{"embeddable":true,"href":"https:\/\/www.alldayled.com\/de\/wp-json\/wp\/v2\/media\/32934"}],"wp:attachment":[{"href":"https:\/\/www.alldayled.com\/de\/wp-json\/wp\/v2\/media?parent=66664"}],"wp:term":[{"taxonomy":"product_brand","embeddable":true,"href":"https:\/\/www.alldayled.com\/de\/wp-json\/wp\/v2\/product_brand?post=66664"},{"taxonomy":"product_cat","embeddable":true,"href":"https:\/\/www.alldayled.com\/de\/wp-json\/wp\/v2\/product_cat?post=66664"},{"taxonomy":"product_tag","embeddable":true,"href":"https:\/\/www.alldayled.com\/de\/wp-json\/wp\/v2\/product_tag?post=66664"}],"curies":[{"name":"wp","href":"https:\/\/api.w.org\/{rel}","templated":true}]}}