{"id":66667,"date":"2023-11-13T12:23:24","date_gmt":"2023-11-13T11:23:24","guid":{"rendered":"https:\/\/www.alldayled.com\/product\/strands-dark-knight-gloria-led-flitser-donker\/"},"modified":"2026-04-01T08:02:14","modified_gmt":"2026-04-01T06:02:14","slug":"strands-dark-knight-gloria-led-flitser-donker","status":"publish","type":"product","link":"https:\/\/www.alldayled.com\/de\/produkt\/strands-dark-knight-gloria-led-flitser-donker\/","title":{"rendered":"Strands Dark Knight Gloria LED Blitz &#8211; dunkel"},"content":{"rendered":"<p><span style=\"color: #000000;\"><strong>Strands Dark Knight Gloria LED Blitz orange mit dunklem Glas.<\/strong><\/span><\/p>\n<p><span style=\"color: #000000;\">Suchst du ein kompaktes, aber leistungsstarkes Blitzlicht, das du b\u00fcndig in deinen Sto\u00dff\u00e4nger oder deine Lampenhalterung einbauen kannst? Dann ist der Strands Dark Knight Gloria LED Blitz mit dunklem Glas und sage und schreibe 21 Blitzmustern genau das Richtige f\u00fcr dich. Die orange leuchtende Warnleuchte hat 6 helle LED-Punkte und funktioniert mit 12 und 24 Volt. Dadurch kannst du sie m\u00fchelos an deinem Auto, Wohnmobil, LKW oder jedem anderen Fahrzeug montieren, das zus\u00e4tzliche Sichtbarkeit ben\u00f6tigt.   <\/span><\/p>\n<p><span style=\"color: #000000;\">M\u00f6chtest du sicherstellen, dass der Strands Dark Knight Gloria LED Blitz gut zu deinem Fahrzeug passt? Hier findest du die wichtigsten Spezifikationen. Dieser Blitz ist mit ECE R65 Klasse 2 ausgestattet, wodurch du ihn als offizielle Warnleuchte im \u00f6ffentlichen Stra\u00dfenverkehr verwenden darfst. Zudem verf\u00fcgt er \u00fcber ECE R10, was bedeutet, dass er keine St\u00f6rungen, beispielsweise deines Radiosignals, verursacht. Dank des IP69K-Siegels ist der Blitz vollst\u00e4ndig staub- und wasserdicht, also perfekt f\u00fcr den intensiven t\u00e4glichen Gebrauch.    <\/span><\/p>\n<h5><span style=\"color: #000000;\"><strong>Abmessungen:<\/strong><\/span><\/h5>\n<p><span style=\"color: #000000;\">Du m\u00f6chtest nat\u00fcrlich vorher wissen, ob du den Blitz sauber einbauen kannst. Deshalb findest du hier die genauen Ma\u00dfe des Dark Knight Gloria LED Blitzes mit dunklem Glas: <\/span><\/p>\n<ul>\n<li><span style=\"color: #000000;\">L\u00e4nge: 43,4 mm (41 mm f\u00fcr den Einbau)<br \/>\n<\/span><\/li>\n<li><span style=\"color: #000000;\">H\u00f6he: 36 mm (51 mm inkl. Halterung)<\/span><\/li>\n<li><span style=\"color: #000000;\">Durchmesser: 36 mm<\/span><\/li>\n<\/ul>\n<p><span style=\"color: #000000;\">Um die Montage noch einfacher zu gestalten, liefert Strands alle ben\u00f6tigten Teile mit. In der Verpackung findest du eine stabile Montagehalterung und eine Gummi-Schutzplatte. Platzierst du den Gummi zwischen deinem Fahrzeug und dem Blitz, vermeidest du Lacksch\u00e4den und alles bleibt sauber sitzen.  <\/span><\/p>\n<h5><span style=\"color: #000000;\"><strong>Andere Versionen: <\/strong><\/span><\/h5>\n<p><span style=\"color: #000000;\">M\u00f6chtest du zwar einen Einbaublitz von Strands, aber ist der Strands Dark Knight Gloria LED Blitz mit dunklem Glas nicht ganz das, was du suchst? Gute Nachrichten: Diese Warnleuchte gibt es auch mit klarem Glas. Hier findest du alle Optionen, die Strands derzeit anbietet:  <\/span><\/p>\n<ul>\n<li><span style=\"color: #000000;\"><a style=\"color: #000000;\" href=\"https:\/\/www.alldayled.com\/de\/produkt\/strands-dark-knight-gloria-led-flitser-helder\/\" target=\"_blank\" rel=\"noopener\"><strong>Strands Einbaublitz &#8211; klar<\/strong><\/a><\/span><\/li>\n<\/ul>\n<p><span style=\"color: #000000;\">Zweifelst du immer noch, ob der Strands Dark Knight Gloria LED Blitz mit dunklem Glas dein Modell ist? Vielleicht weil die Lichtausbeute, die Wattzahl oder die Form nicht ganz zu deinem Setup passt? Kein Stress! Sieh dir hier das komplette <g id=\"gid_0\">Strands<\/g> Sortiment an. Die Chancen stehen gut, dass du dort genau das findest, was du brauchst.    <\/span><\/p>\n","protected":false},"excerpt":{"rendered":"<p>Strands Dark Knight Gloria Einbaublitz, geeignet f\u00fcr 12 &amp; 24 Volt.<\/p>\n","protected":false},"featured_media":26409,"comment_status":"open","ping_status":"closed","template":"","meta":{"_acf_changed":false},"product_brand":[5114],"product_cat":[5304,5363],"product_tag":[9088,9093,9094,9099,9095,9097,9089,9090,9091,9092],"class_list":{"0":"post-66667","1":"product","2":"type-product","3":"status-publish","4":"has-post-thumbnail","6":"product_brand-product-strands-lighting-division","7":"product_cat-flitser","8":"product_cat-strands-dark-knight","9":"product_tag-led-blitz","10":"product_tag-led-blitz-anhanger","11":"product_tag-led-blitz-auto","12":"product_tag-led-blitz-lkw","13":"product_tag-led-blitz-orange","14":"product_tag-led-blitz-traktor","15":"product_tag-led-taschenlampe-12-volt","16":"product_tag-led-taschenlampe-12v","17":"product_tag-led-taschenlampe-24-volt","18":"product_tag-led-taschenlampe-24v","20":"first","21":"instock","22":"taxable","23":"shipping-taxable","24":"purchasable","25":"product-type-simple"},"acf":[],"yoast_head":"<!-- This site is optimized with the Yoast SEO Premium plugin v26.5 (Yoast SEO v27.1.1) - https:\/\/yoast.com\/product\/yoast-seo-premium-wordpress\/ -->\n<title>Strands Dark Knight Gloria dunkel - LED Blitz - All Day Led - 12&amp;24V<\/title>\n<meta name=\"description\" content=\"Strands Dark Knight Gloria dunkel - Einbau-Warnleuchte mit ECE R65 - mit 40 cm Kabel - f\u00fcr 12&amp;24V - Auto, Anh\u00e4nger, LKW und mehr\" \/>\n<meta name=\"robots\" content=\"index, follow, max-snippet:-1, max-image-preview:large, max-video-preview:-1\" \/>\n<link rel=\"canonical\" href=\"https:\/\/www.alldayled.com\/de\/produkt\/strands-dark-knight-gloria-led-flitser-donker\/\" \/>\n<meta property=\"og:locale\" content=\"de_DE\" \/>\n<meta property=\"og:type\" content=\"article\" \/>\n<meta property=\"og:title\" content=\"Strands Dark Knight Gloria dunkel - LED Blitz - All Day Led - 12&amp;24V\" \/>\n<meta property=\"og:description\" content=\"Strands Dark Knight Gloria dunkel - Einbau-Warnleuchte mit ECE R65 - mit 40 cm Kabel - f\u00fcr 12&amp;24V - Auto, Anh\u00e4nger, LKW und mehr\" \/>\n<meta property=\"og:url\" content=\"https:\/\/www.alldayled.com\/de\/produkt\/strands-dark-knight-gloria-led-flitser-donker\/\" \/>\n<meta property=\"og:site_name\" content=\"All Day Led\" \/>\n<meta property=\"article:publisher\" content=\"https:\/\/www.facebook.com\/alldayled\/\" \/>\n<meta property=\"article:modified_time\" content=\"2026-04-01T06:02:14+00:00\" \/>\n<meta property=\"og:image\" content=\"https:\/\/www.alldayled.com\/wp-content\/uploads\/2023\/11\/ADL85419-02.png\" \/>\n<meta name=\"twitter:label1\" content=\"Preis\" \/>\n\t<meta name=\"twitter:data1\" content=\"&euro;&nbsp;44,95\" \/>\n\t<meta name=\"twitter:label2\" content=\"Verf\u00fcgbarkeit\" \/>\n\t<meta name=\"twitter:data2\" content=\"Auf Lager\" \/>\n<script type=\"application\/ld+json\" class=\"yoast-schema-graph\">{\"@context\":\"https:\/\/schema.org\",\"@graph\":[{\"@type\":\"WebPage\",\"@id\":\"https:\/\/www.alldayled.com\/de\/produkt\/strands-dark-knight-gloria-led-flitser-donker\/\",\"url\":\"https:\/\/www.alldayled.com\/de\/produkt\/strands-dark-knight-gloria-led-flitser-donker\/\",\"name\":\"Strands Dark Knight Gloria dunkel - LED Blitz - All Day Led - 12&24V\",\"isPartOf\":{\"@id\":\"https:\/\/www.alldayled.com\/de\/#website\"},\"primaryImageOfPage\":{\"@id\":\"https:\/\/www.alldayled.com\/de\/produkt\/strands-dark-knight-gloria-led-flitser-donker\/#primaryimage\"},\"image\":{\"@id\":\"https:\/\/www.alldayled.com\/de\/produkt\/strands-dark-knight-gloria-led-flitser-donker\/#primaryimage\"},\"thumbnailUrl\":\"https:\/\/www.alldayled.com\/wp-content\/uploads\/2023\/11\/ADL85419.png\",\"datePublished\":\"2023-11-13T11:23:24+00:00\",\"dateModified\":\"2026-04-01T06:02:14+00:00\",\"description\":\"Strands Dark Knight Gloria dunkel - Einbau-Warnleuchte mit ECE R65 - mit 40 cm Kabel - f\u00fcr 12&24V - Auto, Anh\u00e4nger, LKW und mehr\",\"breadcrumb\":{\"@id\":\"https:\/\/www.alldayled.com\/de\/produkt\/strands-dark-knight-gloria-led-flitser-donker\/#breadcrumb\"},\"inLanguage\":\"de\",\"potentialAction\":[{\"@type\":\"ReadAction\",\"target\":[\"https:\/\/www.alldayled.com\/de\/produkt\/strands-dark-knight-gloria-led-flitser-donker\/\"]}]},{\"@type\":\"ImageObject\",\"inLanguage\":\"de\",\"@id\":\"https:\/\/www.alldayled.com\/de\/produkt\/strands-dark-knight-gloria-led-flitser-donker\/#primaryimage\",\"url\":\"https:\/\/www.alldayled.com\/wp-content\/uploads\/2023\/11\/ADL85419.png\",\"contentUrl\":\"https:\/\/www.alldayled.com\/wp-content\/uploads\/2023\/11\/ADL85419.png\",\"width\":800,\"height\":600,\"caption\":\"Strands Dark Knight Gloria Einbaublitz mit dunklem Glas in Farbe ORANGE - LED Warnleuchte f\u00fcr 12 und 24 Volt Betrieb - Strands 850419 - EAN: 7350133816621\"},{\"@type\":\"BreadcrumbList\",\"@id\":\"https:\/\/www.alldayled.com\/de\/produkt\/strands-dark-knight-gloria-led-flitser-donker\/#breadcrumb\",\"itemListElement\":[{\"@type\":\"ListItem\",\"position\":1,\"name\":\"Home\",\"item\":\"https:\/\/www.alldayled.com\/de\/\"},{\"@type\":\"ListItem\",\"position\":2,\"name\":\"Shop\",\"item\":\"https:\/\/www.alldayled.com\/de\/shop\/\"},{\"@type\":\"ListItem\",\"position\":3,\"name\":\"Warnleuchten\",\"item\":\"https:\/\/www.alldayled.com\/de\/produkt-kategorie\/blitzlichter\/\"},{\"@type\":\"ListItem\",\"position\":4,\"name\":\"Blitzer\",\"item\":\"https:\/\/www.alldayled.com\/de\/produkt-kategorie\/blitzlichter\/flitser\/\"},{\"@type\":\"ListItem\",\"position\":5,\"name\":\"Strands Dark Knight Gloria LED Blitz &#8211; dunkel\"}]},{\"@type\":\"WebSite\",\"@id\":\"https:\/\/www.alldayled.com\/de\/#website\",\"url\":\"https:\/\/www.alldayled.com\/de\/\",\"name\":\"All Day Led\",\"description\":\"Verlichting voor 12&amp;24 volt gebruik\",\"publisher\":{\"@id\":\"https:\/\/www.alldayled.com\/de\/#organization\"},\"potentialAction\":[{\"@type\":\"SearchAction\",\"target\":{\"@type\":\"EntryPoint\",\"urlTemplate\":\"https:\/\/www.alldayled.com\/de\/?s={search_term_string}\"},\"query-input\":{\"@type\":\"PropertyValueSpecification\",\"valueRequired\":true,\"valueName\":\"search_term_string\"}}],\"inLanguage\":\"de\"},{\"@type\":\"Organization\",\"@id\":\"https:\/\/www.alldayled.com\/de\/#organization\",\"name\":\"All Day Led\",\"url\":\"https:\/\/www.alldayled.com\/de\/\",\"logo\":{\"@type\":\"ImageObject\",\"inLanguage\":\"de\",\"@id\":\"https:\/\/www.alldayled.com\/de\/#\/schema\/logo\/image\/\",\"url\":\"https:\/\/www.alldayled.com\/wp-content\/uploads\/2025\/10\/Logo-ALL-DAY-LED-800x800-zwart-witte-letters.png\",\"contentUrl\":\"https:\/\/www.alldayled.com\/wp-content\/uploads\/2025\/10\/Logo-ALL-DAY-LED-800x800-zwart-witte-letters.png\",\"width\":800,\"height\":800,\"caption\":\"All Day Led\"},\"image\":{\"@id\":\"https:\/\/www.alldayled.com\/de\/#\/schema\/logo\/image\/\"},\"sameAs\":[\"https:\/\/www.facebook.com\/alldayled\/\",\"https:\/\/www.instagram.com\/alldayled\/\"],\"vatID\":\"NL863960133B01\",\"taxID\":\"86416545\"}]}<\/script>\n<meta property=\"product:brand\" content=\"Strands\" \/>\n<meta property=\"product:price:amount\" content=\"44.95\" \/>\n<meta property=\"product:price:currency\" content=\"EUR\" \/>\n<meta property=\"og:availability\" content=\"instock\" \/>\n<meta property=\"product:availability\" content=\"instock\" \/>\n<meta property=\"product:retailer_item_id\" content=\"ADL850419\" \/>\n<meta property=\"product:condition\" content=\"new\" \/>\n<!-- \/ Yoast SEO Premium plugin. -->","yoast_head_json":{"title":"Strands Dark Knight Gloria dunkel - LED Blitz - All Day Led - 12&24V","description":"Strands Dark Knight Gloria dunkel - Einbau-Warnleuchte mit ECE R65 - mit 40 cm Kabel - f\u00fcr 12&24V - Auto, Anh\u00e4nger, LKW und mehr","robots":{"index":"index","follow":"follow","max-snippet":"max-snippet:-1","max-image-preview":"max-image-preview:large","max-video-preview":"max-video-preview:-1"},"canonical":"https:\/\/www.alldayled.com\/de\/produkt\/strands-dark-knight-gloria-led-flitser-donker\/","og_locale":"de_DE","og_type":"article","og_title":"Strands Dark Knight Gloria dunkel - LED Blitz - All Day Led - 12&24V","og_description":"Strands Dark Knight Gloria dunkel - Einbau-Warnleuchte mit ECE R65 - mit 40 cm Kabel - f\u00fcr 12&24V - Auto, Anh\u00e4nger, LKW und mehr","og_url":"https:\/\/www.alldayled.com\/de\/produkt\/strands-dark-knight-gloria-led-flitser-donker\/","og_site_name":"All Day Led","article_publisher":"https:\/\/www.facebook.com\/alldayled\/","article_modified_time":"2026-04-01T06:02:14+00:00","og_image":[{"url":"https:\/\/www.alldayled.com\/wp-content\/uploads\/2023\/11\/ADL85419-02.png","type":"","width":"","height":""}],"twitter_misc":{"Preis":"&euro;&nbsp;44,95","Verf\u00fcgbarkeit":"Auf Lager"},"schema":{"@context":"https:\/\/schema.org","@graph":[{"@type":"WebPage","@id":"https:\/\/www.alldayled.com\/de\/produkt\/strands-dark-knight-gloria-led-flitser-donker\/","url":"https:\/\/www.alldayled.com\/de\/produkt\/strands-dark-knight-gloria-led-flitser-donker\/","name":"Strands Dark Knight Gloria dunkel - LED Blitz - All Day Led - 12&24V","isPartOf":{"@id":"https:\/\/www.alldayled.com\/de\/#website"},"primaryImageOfPage":{"@id":"https:\/\/www.alldayled.com\/de\/produkt\/strands-dark-knight-gloria-led-flitser-donker\/#primaryimage"},"image":{"@id":"https:\/\/www.alldayled.com\/de\/produkt\/strands-dark-knight-gloria-led-flitser-donker\/#primaryimage"},"thumbnailUrl":"https:\/\/www.alldayled.com\/wp-content\/uploads\/2023\/11\/ADL85419.png","datePublished":"2023-11-13T11:23:24+00:00","dateModified":"2026-04-01T06:02:14+00:00","description":"Strands Dark Knight Gloria dunkel - Einbau-Warnleuchte mit ECE R65 - mit 40 cm Kabel - f\u00fcr 12&24V - Auto, Anh\u00e4nger, LKW und mehr","breadcrumb":{"@id":"https:\/\/www.alldayled.com\/de\/produkt\/strands-dark-knight-gloria-led-flitser-donker\/#breadcrumb"},"inLanguage":"de","potentialAction":[{"@type":"ReadAction","target":["https:\/\/www.alldayled.com\/de\/produkt\/strands-dark-knight-gloria-led-flitser-donker\/"]}]},{"@type":"ImageObject","inLanguage":"de","@id":"https:\/\/www.alldayled.com\/de\/produkt\/strands-dark-knight-gloria-led-flitser-donker\/#primaryimage","url":"https:\/\/www.alldayled.com\/wp-content\/uploads\/2023\/11\/ADL85419.png","contentUrl":"https:\/\/www.alldayled.com\/wp-content\/uploads\/2023\/11\/ADL85419.png","width":800,"height":600,"caption":"Strands Dark Knight Gloria Einbaublitz mit dunklem Glas in Farbe ORANGE - LED Warnleuchte f\u00fcr 12 und 24 Volt Betrieb - Strands 850419 - EAN: 7350133816621"},{"@type":"BreadcrumbList","@id":"https:\/\/www.alldayled.com\/de\/produkt\/strands-dark-knight-gloria-led-flitser-donker\/#breadcrumb","itemListElement":[{"@type":"ListItem","position":1,"name":"Home","item":"https:\/\/www.alldayled.com\/de\/"},{"@type":"ListItem","position":2,"name":"Shop","item":"https:\/\/www.alldayled.com\/de\/shop\/"},{"@type":"ListItem","position":3,"name":"Warnleuchten","item":"https:\/\/www.alldayled.com\/de\/produkt-kategorie\/blitzlichter\/"},{"@type":"ListItem","position":4,"name":"Blitzer","item":"https:\/\/www.alldayled.com\/de\/produkt-kategorie\/blitzlichter\/flitser\/"},{"@type":"ListItem","position":5,"name":"Strands Dark Knight Gloria LED Blitz &#8211; dunkel"}]},{"@type":"WebSite","@id":"https:\/\/www.alldayled.com\/de\/#website","url":"https:\/\/www.alldayled.com\/de\/","name":"All Day Led","description":"Verlichting voor 12&amp;24 volt gebruik","publisher":{"@id":"https:\/\/www.alldayled.com\/de\/#organization"},"potentialAction":[{"@type":"SearchAction","target":{"@type":"EntryPoint","urlTemplate":"https:\/\/www.alldayled.com\/de\/?s={search_term_string}"},"query-input":{"@type":"PropertyValueSpecification","valueRequired":true,"valueName":"search_term_string"}}],"inLanguage":"de"},{"@type":"Organization","@id":"https:\/\/www.alldayled.com\/de\/#organization","name":"All Day Led","url":"https:\/\/www.alldayled.com\/de\/","logo":{"@type":"ImageObject","inLanguage":"de","@id":"https:\/\/www.alldayled.com\/de\/#\/schema\/logo\/image\/","url":"https:\/\/www.alldayled.com\/wp-content\/uploads\/2025\/10\/Logo-ALL-DAY-LED-800x800-zwart-witte-letters.png","contentUrl":"https:\/\/www.alldayled.com\/wp-content\/uploads\/2025\/10\/Logo-ALL-DAY-LED-800x800-zwart-witte-letters.png","width":800,"height":800,"caption":"All Day Led"},"image":{"@id":"https:\/\/www.alldayled.com\/de\/#\/schema\/logo\/image\/"},"sameAs":["https:\/\/www.facebook.com\/alldayled\/","https:\/\/www.instagram.com\/alldayled\/"],"vatID":"NL863960133B01","taxID":"86416545"}]},"product_brand":"Strands","product_price_amount":"44.95","product_price_currency":"EUR","og_availability":"instock","product_availability":"instock","product_retailer_item_id":"ADL850419","product_condition":"new"},"_links":{"self":[{"href":"https:\/\/www.alldayled.com\/de\/wp-json\/wp\/v2\/product\/66667","targetHints":{"allow":["GET"]}}],"collection":[{"href":"https:\/\/www.alldayled.com\/de\/wp-json\/wp\/v2\/product"}],"about":[{"href":"https:\/\/www.alldayled.com\/de\/wp-json\/wp\/v2\/types\/product"}],"replies":[{"embeddable":true,"href":"https:\/\/www.alldayled.com\/de\/wp-json\/wp\/v2\/comments?post=66667"}],"wp:featuredmedia":[{"embeddable":true,"href":"https:\/\/www.alldayled.com\/de\/wp-json\/wp\/v2\/media\/26409"}],"wp:attachment":[{"href":"https:\/\/www.alldayled.com\/de\/wp-json\/wp\/v2\/media?parent=66667"}],"wp:term":[{"taxonomy":"product_brand","embeddable":true,"href":"https:\/\/www.alldayled.com\/de\/wp-json\/wp\/v2\/product_brand?post=66667"},{"taxonomy":"product_cat","embeddable":true,"href":"https:\/\/www.alldayled.com\/de\/wp-json\/wp\/v2\/product_cat?post=66667"},{"taxonomy":"product_tag","embeddable":true,"href":"https:\/\/www.alldayled.com\/de\/wp-json\/wp\/v2\/product_tag?post=66667"}],"curies":[{"name":"wp","href":"https:\/\/api.w.org\/{rel}","templated":true}]}}