{"id":66683,"date":"2023-03-10T15:38:59","date_gmt":"2023-03-10T14:38:59","guid":{"rendered":"https:\/\/www.alldayled.com\/product\/volvo-drl-unit-oranje-2015\/"},"modified":"2023-03-10T15:38:59","modified_gmt":"2023-03-10T14:38:59","slug":"volvo-drl-unit-oranje-2015","status":"publish","type":"product","link":"https:\/\/www.alldayled.com\/de\/produkt\/volvo-drl-unit-oranje-2015\/","title":{"rendered":"Tagfahrlicht Volvo 2015+ orange"},"content":{"rendered":"<p><span style=\"color: #000000;\"><strong>DRL Einheit ORANGE, passend f\u00fcr den Volvo FH mit Baujahr 2015 &#8211; 2021. <\/strong><\/span><\/p>\n<p><span style=\"color: #000000;\">M\u00f6chtest du das original wei\u00df montierte Tagfahrlicht deines Volvo durch eine orange Farbe ersetzen? Dann ist dieses DRL-Set vielleicht das, wonach du suchst. Das Set besteht aus vier LED-Platinen, mit denen du sowohl die linke als auch die rechte Seite \u00e4ndern kannst. Die original montierte Beleuchtung ersetzt du einfach durch die orangefarbene Variante. Unten auf der Seite findest du die Schritte, die du daf\u00fcr befolgen musst. Das DRL-Set ist ausschlie\u00dflich f\u00fcr einen Volvo FM, FH4 und FH16 LKW mit Baujahr zwischen 06-2015 und 2021 konzipiert. Das Set wurde passend f\u00fcr einen Volvo gefertigt und passt daher nicht in einen LKW einer anderen Marke. Die Farbe, die die Volvo DRL Einheit ausstrahlt, ist dieselbe wie die deines Blinkers.        <\/span><\/p>\n<p><span style=\"color: #000000;\">Ein Set besteht aus vier LED-Platinen. Jede Platine ist mit leistungsstarken Cree LED&#8217;s ausgestattet, die daf\u00fcr sorgen, dass das gesamte Modul aufleuchtet. Die LED-Einheiten sind exakt dieselben wie die original montierten. Dadurch ist der Austausch des Moduls schnell erledigt und du musst nichts an der Originallampe anpassen. Die LED-Lampe ist aus hochwertigem Material gefertigt. Dadurch ist eine lange Lebensdauer garantiert. Kurz gesagt, durch die Montage der LED-Beleuchtung in deinem Volvo bist du sicher, dass du beleuchtet unterwegs sein kannst. Das Volvo FH4 LED Tagfahrlicht orange ist nicht mit einem E-Pr\u00fcfzeichen versehen. Daher musst du f\u00fcr den T\u00dcV die Originale wieder montieren.         <\/span><\/p>\n<h5><span style=\"color: #000000;\"><strong>Weitere Modelle:  <\/strong><\/span><\/h5>\n<p><span style=\"color: #000000;\">Hast du einen Volvo FH4 LKW, m\u00f6chtest aber das Tagfahrlicht nicht auf die Farbe Orange \u00e4ndern? Oder stimmen die Einheiten nicht mit denen auf dem Foto \u00fcberein? Wisse, dass dieses DRL-Modul auch in anderen Farben und Modellen erh\u00e4ltlich ist. Sieh dir unten die weiteren Optionen an:   <\/span><\/p>\n<ul>\n<li><span style=\"color: #000000;\"><a style=\"color: #000000;\" href=\"https:\/\/www.alldayled.com\/de\/produkt\/volvo-drl-unit-warm-wit-2015\/\" target=\"_blank\" rel=\"noopener\"><strong>DRL FH4 warmwei\u00df 2015-2021<\/strong><\/a><\/span><\/li>\n<li><span style=\"color: #000000;\"><a style=\"color: #000000;\" href=\"https:\/\/www.alldayled.com\/de\/produkt\/volvo-drl-unit-oranje-2012-2015\/\" target=\"_blank\" rel=\"noopener\"><strong>DRL FH4 orange 2012-2015<\/strong><\/a><\/span><\/li>\n<\/ul>\n<p><span style=\"color: #000000;\">M\u00f6chtest du nicht nur das orange LED Tagfahrlicht deines Volvo FH4 ersetzen? Sondern suchst du nach mehr LED-Beleuchtung, die du in oder um deinen Volvo montieren kannst? Dann wirf auch einen Blick auf die Seite <a style=\"font-size: 16px; background-color: #ffffff; color: #000000;\" href=\"https:\/\/www.alldayled.com\/de\/produkt-kategorie\/beleuchtungswagen\/volvo-beleuchtung\/\" target=\"_blank\" rel=\"noopener\">Volvo Beleuchtung<\/a>.  <\/span><\/p>\n","protected":false},"excerpt":{"rendered":"<p>DRL Einheit orange, passend f\u00fcr Volvo FH mit Baujahr 2015+.<\/p>\n","protected":false},"featured_media":24297,"comment_status":"open","ping_status":"closed","template":"","meta":{"_acf_changed":false},"product_brand":[6501],"product_cat":[5328,5413],"product_tag":[5573,9384,9383,9390,9421,9422,9391],"class_list":{"0":"post-66683","1":"product","2":"type-product","3":"status-publish","4":"has-post-thumbnail","6":"product_brand-mtrs","7":"product_cat-dagrijlampen","8":"product_cat-volvo-beleuchtung","9":"product_tag-drl-module","10":"product_tag-led-tagfahrlicht","11":"product_tag-tagfahrlicht-lkw","12":"product_tag-tagfahrlicht-volvo","13":"product_tag-tagfahrlicht-volvo-fh16","14":"product_tag-tagfahrlicht-volvo-fh4","15":"product_tag-tagfahrlicht-volvo-fm","17":"first","18":"instock","19":"taxable","20":"shipping-taxable","21":"purchasable","22":"product-type-simple"},"acf":[],"yoast_head":"<!-- This site is optimized with the Yoast SEO Premium plugin v26.5 (Yoast SEO v27.1.1) - https:\/\/yoast.com\/product\/yoast-seo-premium-wordpress\/ -->\n<title>Volvo Tagfahrlicht orange - All Day Led - Modell 2015+<\/title>\n<meta name=\"description\" content=\"Volvo Tagfahrlicht orange 2015+ - schneller Versand - LED Tagfahrlicht orange - FH4, FH16 und FM - DRL Einheit orange\" \/>\n<meta name=\"robots\" content=\"index, follow, max-snippet:-1, max-image-preview:large, max-video-preview:-1\" \/>\n<link rel=\"canonical\" href=\"https:\/\/www.alldayled.com\/de\/produkt\/volvo-drl-unit-oranje-2015\/\" \/>\n<meta property=\"og:locale\" content=\"de_DE\" \/>\n<meta property=\"og:type\" content=\"article\" \/>\n<meta property=\"og:title\" content=\"Volvo Tagfahrlicht orange - All Day Led - f\u00fcr FH Modell 2015+\" \/>\n<meta property=\"og:description\" content=\"Volvo Tagfahrlicht orange 2015+ - schneller Versand - LED Tagfahrlicht orange - FH4, FH16 und FM - DRL Einheit orange\" \/>\n<meta property=\"og:url\" content=\"https:\/\/www.alldayled.com\/de\/produkt\/volvo-drl-unit-oranje-2015\/\" \/>\n<meta property=\"og:site_name\" content=\"All Day Led\" \/>\n<meta property=\"article:publisher\" content=\"https:\/\/www.facebook.com\/alldayled\/\" \/>\n<meta property=\"og:image\" content=\"https:\/\/www.alldayled.com\/wp-content\/uploads\/2023\/03\/ADL00786-SM-8-300x300.png\" \/>\n<meta name=\"twitter:label1\" content=\"Preis\" \/>\n\t<meta name=\"twitter:data1\" content=\"&euro;&nbsp;150,00\" \/>\n\t<meta name=\"twitter:label2\" content=\"Verf\u00fcgbarkeit\" \/>\n\t<meta name=\"twitter:data2\" content=\"Auf Lager\" \/>\n<script type=\"application\/ld+json\" class=\"yoast-schema-graph\">{\"@context\":\"https:\/\/schema.org\",\"@graph\":[{\"@type\":\"WebPage\",\"@id\":\"https:\/\/www.alldayled.com\/de\/produkt\/volvo-drl-unit-oranje-2015\/\",\"url\":\"https:\/\/www.alldayled.com\/de\/produkt\/volvo-drl-unit-oranje-2015\/\",\"name\":\"Volvo Tagfahrlicht orange - All Day Led - Modell 2015+\",\"isPartOf\":{\"@id\":\"https:\/\/www.alldayled.com\/de\/#website\"},\"primaryImageOfPage\":{\"@id\":\"https:\/\/www.alldayled.com\/de\/produkt\/volvo-drl-unit-oranje-2015\/#primaryimage\"},\"image\":{\"@id\":\"https:\/\/www.alldayled.com\/de\/produkt\/volvo-drl-unit-oranje-2015\/#primaryimage\"},\"thumbnailUrl\":\"https:\/\/www.alldayled.com\/wp-content\/uploads\/2023\/03\/ADL00786..png\",\"datePublished\":\"2023-03-10T14:38:59+00:00\",\"description\":\"Volvo Tagfahrlicht orange 2015+ - schneller Versand - LED Tagfahrlicht orange - FH4, FH16 und FM - DRL Einheit orange\",\"breadcrumb\":{\"@id\":\"https:\/\/www.alldayled.com\/de\/produkt\/volvo-drl-unit-oranje-2015\/#breadcrumb\"},\"inLanguage\":\"de\",\"potentialAction\":[{\"@type\":\"ReadAction\",\"target\":[\"https:\/\/www.alldayled.com\/de\/produkt\/volvo-drl-unit-oranje-2015\/\"]}]},{\"@type\":\"ImageObject\",\"inLanguage\":\"de\",\"@id\":\"https:\/\/www.alldayled.com\/de\/produkt\/volvo-drl-unit-oranje-2015\/#primaryimage\",\"url\":\"https:\/\/www.alldayled.com\/wp-content\/uploads\/2023\/03\/ADL00786..png\",\"contentUrl\":\"https:\/\/www.alldayled.com\/wp-content\/uploads\/2023\/03\/ADL00786..png\",\"width\":800,\"height\":600,\"caption\":\"Volvo LED Tagfahrlicht orange - f\u00fcr Volvo FM, FH4 und FH16 - ab Baujahr 2015 - Volvo LED DRL Einheit - EAN: 6090535958987\"},{\"@type\":\"BreadcrumbList\",\"@id\":\"https:\/\/www.alldayled.com\/de\/produkt\/volvo-drl-unit-oranje-2015\/#breadcrumb\",\"itemListElement\":[{\"@type\":\"ListItem\",\"position\":1,\"name\":\"Home\",\"item\":\"https:\/\/www.alldayled.com\/de\/\"},{\"@type\":\"ListItem\",\"position\":2,\"name\":\"Shop\",\"item\":\"https:\/\/www.alldayled.com\/de\/shop\/\"},{\"@type\":\"ListItem\",\"position\":3,\"name\":\"Andere\",\"item\":\"https:\/\/www.alldayled.com\/de\/produkt-kategorie\/andere-produkte\/\"},{\"@type\":\"ListItem\",\"position\":4,\"name\":\"Tagfahrlicht\",\"item\":\"https:\/\/www.alldayled.com\/de\/produkt-kategorie\/andere-produkte\/dagrijlampen\/\"},{\"@type\":\"ListItem\",\"position\":5,\"name\":\"Tagfahrlicht Volvo 2015+ orange\"}]},{\"@type\":\"WebSite\",\"@id\":\"https:\/\/www.alldayled.com\/de\/#website\",\"url\":\"https:\/\/www.alldayled.com\/de\/\",\"name\":\"All Day Led\",\"description\":\"Verlichting voor 12&amp;24 volt gebruik\",\"publisher\":{\"@id\":\"https:\/\/www.alldayled.com\/de\/#organization\"},\"potentialAction\":[{\"@type\":\"SearchAction\",\"target\":{\"@type\":\"EntryPoint\",\"urlTemplate\":\"https:\/\/www.alldayled.com\/de\/?s={search_term_string}\"},\"query-input\":{\"@type\":\"PropertyValueSpecification\",\"valueRequired\":true,\"valueName\":\"search_term_string\"}}],\"inLanguage\":\"de\"},{\"@type\":\"Organization\",\"@id\":\"https:\/\/www.alldayled.com\/de\/#organization\",\"name\":\"All Day Led\",\"url\":\"https:\/\/www.alldayled.com\/de\/\",\"logo\":{\"@type\":\"ImageObject\",\"inLanguage\":\"de\",\"@id\":\"https:\/\/www.alldayled.com\/de\/#\/schema\/logo\/image\/\",\"url\":\"https:\/\/www.alldayled.com\/wp-content\/uploads\/2025\/10\/Logo-ALL-DAY-LED-800x800-zwart-witte-letters.png\",\"contentUrl\":\"https:\/\/www.alldayled.com\/wp-content\/uploads\/2025\/10\/Logo-ALL-DAY-LED-800x800-zwart-witte-letters.png\",\"width\":800,\"height\":800,\"caption\":\"All Day Led\"},\"image\":{\"@id\":\"https:\/\/www.alldayled.com\/de\/#\/schema\/logo\/image\/\"},\"sameAs\":[\"https:\/\/www.facebook.com\/alldayled\/\",\"https:\/\/www.instagram.com\/alldayled\/\"],\"vatID\":\"NL863960133B01\",\"taxID\":\"86416545\"}]}<\/script>\n<meta property=\"product:brand\" content=\"MTRS\" \/>\n<meta property=\"product:price:amount\" content=\"150.00\" \/>\n<meta property=\"product:price:currency\" content=\"EUR\" \/>\n<meta property=\"og:availability\" content=\"instock\" \/>\n<meta property=\"product:availability\" content=\"instock\" \/>\n<meta property=\"product:retailer_item_id\" content=\"ADL00786\" \/>\n<meta property=\"product:condition\" content=\"new\" \/>\n<!-- \/ Yoast SEO Premium plugin. -->","yoast_head_json":{"title":"Volvo Tagfahrlicht orange - All Day Led - Modell 2015+","description":"Volvo Tagfahrlicht orange 2015+ - schneller Versand - LED Tagfahrlicht orange - FH4, FH16 und FM - DRL Einheit orange","robots":{"index":"index","follow":"follow","max-snippet":"max-snippet:-1","max-image-preview":"max-image-preview:large","max-video-preview":"max-video-preview:-1"},"canonical":"https:\/\/www.alldayled.com\/de\/produkt\/volvo-drl-unit-oranje-2015\/","og_locale":"de_DE","og_type":"article","og_title":"Volvo Tagfahrlicht orange - All Day Led - f\u00fcr FH Modell 2015+","og_description":"Volvo Tagfahrlicht orange 2015+ - schneller Versand - LED Tagfahrlicht orange - FH4, FH16 und FM - DRL Einheit orange","og_url":"https:\/\/www.alldayled.com\/de\/produkt\/volvo-drl-unit-oranje-2015\/","og_site_name":"All Day Led","article_publisher":"https:\/\/www.facebook.com\/alldayled\/","og_image":[{"url":"https:\/\/www.alldayled.com\/wp-content\/uploads\/2023\/03\/ADL00786-SM-8-300x300.png","type":"","width":"","height":""}],"twitter_misc":{"Preis":"&euro;&nbsp;150,00","Verf\u00fcgbarkeit":"Auf Lager"},"schema":{"@context":"https:\/\/schema.org","@graph":[{"@type":"WebPage","@id":"https:\/\/www.alldayled.com\/de\/produkt\/volvo-drl-unit-oranje-2015\/","url":"https:\/\/www.alldayled.com\/de\/produkt\/volvo-drl-unit-oranje-2015\/","name":"Volvo Tagfahrlicht orange - All Day Led - Modell 2015+","isPartOf":{"@id":"https:\/\/www.alldayled.com\/de\/#website"},"primaryImageOfPage":{"@id":"https:\/\/www.alldayled.com\/de\/produkt\/volvo-drl-unit-oranje-2015\/#primaryimage"},"image":{"@id":"https:\/\/www.alldayled.com\/de\/produkt\/volvo-drl-unit-oranje-2015\/#primaryimage"},"thumbnailUrl":"https:\/\/www.alldayled.com\/wp-content\/uploads\/2023\/03\/ADL00786..png","datePublished":"2023-03-10T14:38:59+00:00","description":"Volvo Tagfahrlicht orange 2015+ - schneller Versand - LED Tagfahrlicht orange - FH4, FH16 und FM - DRL Einheit orange","breadcrumb":{"@id":"https:\/\/www.alldayled.com\/de\/produkt\/volvo-drl-unit-oranje-2015\/#breadcrumb"},"inLanguage":"de","potentialAction":[{"@type":"ReadAction","target":["https:\/\/www.alldayled.com\/de\/produkt\/volvo-drl-unit-oranje-2015\/"]}]},{"@type":"ImageObject","inLanguage":"de","@id":"https:\/\/www.alldayled.com\/de\/produkt\/volvo-drl-unit-oranje-2015\/#primaryimage","url":"https:\/\/www.alldayled.com\/wp-content\/uploads\/2023\/03\/ADL00786..png","contentUrl":"https:\/\/www.alldayled.com\/wp-content\/uploads\/2023\/03\/ADL00786..png","width":800,"height":600,"caption":"Volvo LED Tagfahrlicht orange - f\u00fcr Volvo FM, FH4 und FH16 - ab Baujahr 2015 - Volvo LED DRL Einheit - EAN: 6090535958987"},{"@type":"BreadcrumbList","@id":"https:\/\/www.alldayled.com\/de\/produkt\/volvo-drl-unit-oranje-2015\/#breadcrumb","itemListElement":[{"@type":"ListItem","position":1,"name":"Home","item":"https:\/\/www.alldayled.com\/de\/"},{"@type":"ListItem","position":2,"name":"Shop","item":"https:\/\/www.alldayled.com\/de\/shop\/"},{"@type":"ListItem","position":3,"name":"Andere","item":"https:\/\/www.alldayled.com\/de\/produkt-kategorie\/andere-produkte\/"},{"@type":"ListItem","position":4,"name":"Tagfahrlicht","item":"https:\/\/www.alldayled.com\/de\/produkt-kategorie\/andere-produkte\/dagrijlampen\/"},{"@type":"ListItem","position":5,"name":"Tagfahrlicht Volvo 2015+ orange"}]},{"@type":"WebSite","@id":"https:\/\/www.alldayled.com\/de\/#website","url":"https:\/\/www.alldayled.com\/de\/","name":"All Day Led","description":"Verlichting voor 12&amp;24 volt gebruik","publisher":{"@id":"https:\/\/www.alldayled.com\/de\/#organization"},"potentialAction":[{"@type":"SearchAction","target":{"@type":"EntryPoint","urlTemplate":"https:\/\/www.alldayled.com\/de\/?s={search_term_string}"},"query-input":{"@type":"PropertyValueSpecification","valueRequired":true,"valueName":"search_term_string"}}],"inLanguage":"de"},{"@type":"Organization","@id":"https:\/\/www.alldayled.com\/de\/#organization","name":"All Day Led","url":"https:\/\/www.alldayled.com\/de\/","logo":{"@type":"ImageObject","inLanguage":"de","@id":"https:\/\/www.alldayled.com\/de\/#\/schema\/logo\/image\/","url":"https:\/\/www.alldayled.com\/wp-content\/uploads\/2025\/10\/Logo-ALL-DAY-LED-800x800-zwart-witte-letters.png","contentUrl":"https:\/\/www.alldayled.com\/wp-content\/uploads\/2025\/10\/Logo-ALL-DAY-LED-800x800-zwart-witte-letters.png","width":800,"height":800,"caption":"All Day Led"},"image":{"@id":"https:\/\/www.alldayled.com\/de\/#\/schema\/logo\/image\/"},"sameAs":["https:\/\/www.facebook.com\/alldayled\/","https:\/\/www.instagram.com\/alldayled\/"],"vatID":"NL863960133B01","taxID":"86416545"}]},"product_brand":"MTRS","product_price_amount":"150.00","product_price_currency":"EUR","og_availability":"instock","product_availability":"instock","product_retailer_item_id":"ADL00786","product_condition":"new"},"_links":{"self":[{"href":"https:\/\/www.alldayled.com\/de\/wp-json\/wp\/v2\/product\/66683","targetHints":{"allow":["GET"]}}],"collection":[{"href":"https:\/\/www.alldayled.com\/de\/wp-json\/wp\/v2\/product"}],"about":[{"href":"https:\/\/www.alldayled.com\/de\/wp-json\/wp\/v2\/types\/product"}],"replies":[{"embeddable":true,"href":"https:\/\/www.alldayled.com\/de\/wp-json\/wp\/v2\/comments?post=66683"}],"wp:featuredmedia":[{"embeddable":true,"href":"https:\/\/www.alldayled.com\/de\/wp-json\/wp\/v2\/media\/24297"}],"wp:attachment":[{"href":"https:\/\/www.alldayled.com\/de\/wp-json\/wp\/v2\/media?parent=66683"}],"wp:term":[{"taxonomy":"product_brand","embeddable":true,"href":"https:\/\/www.alldayled.com\/de\/wp-json\/wp\/v2\/product_brand?post=66683"},{"taxonomy":"product_cat","embeddable":true,"href":"https:\/\/www.alldayled.com\/de\/wp-json\/wp\/v2\/product_cat?post=66683"},{"taxonomy":"product_tag","embeddable":true,"href":"https:\/\/www.alldayled.com\/de\/wp-json\/wp\/v2\/product_tag?post=66683"}],"curies":[{"name":"wp","href":"https:\/\/api.w.org\/{rel}","templated":true}]}}