{"id":66690,"date":"2020-03-26T16:24:31","date_gmt":"2020-03-26T15:24:31","guid":{"rendered":"https:\/\/www.alldayled.com\/product\/strands-led-zwaailamp-slim-helder-glas\/"},"modified":"2026-04-28T10:30:54","modified_gmt":"2026-04-28T08:30:54","slug":"strands-led-zwaailamp-slim-helder-glas","status":"publish","type":"product","link":"https:\/\/www.alldayled.com\/de\/produkt\/strands-led-zwaailamp-slim-helder-glas\/","title":{"rendered":"Strands LED Rundumleuchte SLIM &#8211; klar"},"content":{"rendered":"<p><span style=\"color: #000000;\"><strong>Strands LED Rundumleuchte SLIM mit klarem Glas. <\/strong><\/span><\/p>\n<p><span style=\"color: #000000;\">Suchst du nach einer kompakten LED-Rundumleuchte, die du einfach mit drei Schrauben montieren kannst? Dann ist die Strands LED Rundumleuchte SLIM mit klarem Glas wahrscheinlich genau das Richtige f\u00fcr dich. Diese flache Signalleuchte verf\u00fcgt \u00fcber 18 LED-Punkte, bietet 10 verschiedene Blitzmuster und funktioniert sowohl mit 12V als auch mit 24V. Dadurch kannst du sie m\u00fchelos an deinem Auto, LKW, Lieferwagen oder Anh\u00e4nger verwenden. Zudem ist sie ECE R65-zugelassen und somit f\u00fcr den Einsatz im \u00f6ffentlichen Stra\u00dfenverkehr geeignet.    <\/span><\/p>\n<p><span style=\"color: #000000;\">Die Strands LED Rundumleuchte SLIM mit klarem Glas verf\u00fcgt \u00fcber das ECE R10 Pr\u00fcfzeichen, was bedeutet, dass sie keine St\u00f6rungen deines Funksignals verursacht. Zudem besitzt sie ECE R65, wodurch du sie offiziell als Warnleuchte verwenden darfst. Du erh\u00e4ltst au\u00dferdem eine Gummi-Schutzplatte, mit der du die Leuchte sicher zwischen Lack und Montage platzierst. So verringerst du direkt das Risiko von Kratzern oder Lacksch\u00e4den.   <\/span><\/p>\n<h5><span style=\"color: #000000;\"><strong>Abmessungen:<\/strong><\/span><\/h5>\n<p><span style=\"color: #000000;\">Nat\u00fcrlich m\u00f6chtest du vorher sicherstellen, dass du diese Rundumleuchte dort montieren kannst, wo du sie haben m\u00f6chtest. Deshalb haben wir unten die Abmessungen der Strands LED Rundumleuchte SLIM mit klarem Glas f\u00fcr dich notiert. So siehst du auf einen Blick, ob dieses kompakte Signalmodell passt.  <\/span><\/p>\n<ul>\n<li><span style=\"color: #000000;\">Durchmesser: 112 mm<\/span><\/li>\n<li><span style=\"color: #000000;\">H\u00f6he: 46 mm<\/span><\/li>\n<\/ul>\n<h5><span style=\"color: #000000;\"><strong>Andere Versionen: <\/strong><\/span><\/h5>\n<p><span style=\"color: #000000;\">M\u00f6chtest du eine kleine LED Rundumleuchte der Marke Strands mit 3-Punkt-Schraubmontage kaufen? Aber die Ausf\u00fchrung mit klarem Glas ist nicht das, was du suchst? Kein Problem. Dieses Modell ist n\u00e4mlich in mehreren Varianten erh\u00e4ltlich. Unten findest du eine \u00dcbersicht der anderen Ausf\u00fchrungen:    <\/span><\/p>\n<ul>\n<li><span style=\"color: #000000;\"><a style=\"color: #000000;\" href=\"https:\/\/www.alldayled.com\/de\/produkt\/strands-led-zwaailamp-slim\/\"><strong>Strands Rundumleuchte SLIM &#8211; orangefarbenes Glas<\/strong><\/a><\/span><\/li>\n<\/ul>\n<p><span style=\"color: #000000;\">Sind Sie sich noch nicht ganz sicher? Vielleicht, weil die Lichtleistung, die Wattzahl oder die Form nicht ganz dem entsprechen, was Sie ben\u00f6tigen. Sehen Sie sich dann hier das komplette Angebot von Strands an. Gro\u00dfe Chance, dass Sie dort die ideale Rundumleuchte finden.   <\/span><\/p>\n","protected":false},"excerpt":{"rendered":"<p>Flache LED Rundumleuchte mit klarem Glas und 10 Blitzmustern &#8211; ECE R65 Pr\u00fcfzeichen.<\/p>\n","protected":false},"featured_media":14895,"comment_status":"open","ping_status":"closed","template":"","meta":{"_acf_changed":false},"product_brand":[5114],"product_cat":[5308],"product_tag":[9196,9197,9198,9199,9200,9201,9205,9203,9202,9204],"class_list":{"0":"post-66690","1":"product","2":"type-product","3":"status-publish","4":"has-post-thumbnail","6":"product_brand-product-strands-lighting-division","7":"product_cat-zwaailamp","8":"product_tag-led-warnleuchte","9":"product_tag-led-warnleuchte-12-volt","10":"product_tag-led-warnleuchte-24-volt","11":"product_tag-led-warnleuchte-anhanger","12":"product_tag-led-warnleuchte-auto","13":"product_tag-led-warnleuchte-klein","14":"product_tag-led-warnleuchte-lkw","15":"product_tag-led-warnleuchte-mit-ece-r65","16":"product_tag-led-warnleuchte-mitnahmestapler","17":"product_tag-led-warnleuchte-traktor","19":"first","20":"instock","21":"taxable","22":"shipping-taxable","23":"purchasable","24":"product-type-simple"},"acf":[],"yoast_head":"<!-- This site is optimized with the Yoast SEO Premium plugin v26.5 (Yoast SEO v27.1.1) - https:\/\/yoast.com\/product\/yoast-seo-premium-wordpress\/ -->\n<title>LED Rundumleuchte Strands slim - klares Glas - All Day Led - 12&amp;24V<\/title>\n<meta name=\"description\" content=\"Strands LED Rundumleuchte SLIM - mit ECE R65 Zulassung - f\u00fcr 12&amp;24 Volt - im \u00f6ffentlichen Stra\u00dfenverkehr zugelassen - LED Rundumleuchte\" \/>\n<meta name=\"robots\" content=\"index, follow, max-snippet:-1, max-image-preview:large, max-video-preview:-1\" \/>\n<link rel=\"canonical\" href=\"https:\/\/www.alldayled.com\/de\/produkt\/strands-led-zwaailamp-slim-helder-glas\/\" \/>\n<meta property=\"og:locale\" content=\"de_DE\" \/>\n<meta property=\"og:type\" content=\"article\" \/>\n<meta property=\"og:title\" content=\"LED Rundumleuchte Strands slim - klares Glas - All Day Led - 12&amp;24V\" \/>\n<meta property=\"og:description\" content=\"Strands LED Rundumleuchte SLIM - mit ECE R65 Zulassung - f\u00fcr 12&amp;24 Volt - im \u00f6ffentlichen Stra\u00dfenverkehr zugelassen - LED Rundumleuchte\" \/>\n<meta property=\"og:url\" content=\"https:\/\/www.alldayled.com\/de\/produkt\/strands-led-zwaailamp-slim-helder-glas\/\" \/>\n<meta property=\"og:site_name\" content=\"All Day Led\" \/>\n<meta property=\"article:publisher\" content=\"https:\/\/www.facebook.com\/alldayled\/\" \/>\n<meta property=\"article:modified_time\" content=\"2026-04-28T08:30:54+00:00\" \/>\n<meta property=\"og:image\" content=\"https:\/\/www.alldayled.com\/wp-content\/uploads\/2024\/05\/ADL809094-300x300.png\" \/>\n<meta name=\"twitter:label1\" content=\"Preis\" \/>\n\t<meta name=\"twitter:data1\" content=\"&euro;&nbsp;54,95\" \/>\n\t<meta name=\"twitter:label2\" content=\"Verf\u00fcgbarkeit\" \/>\n\t<meta name=\"twitter:data2\" content=\"Auf Lager\" \/>\n<script type=\"application\/ld+json\" class=\"yoast-schema-graph\">{\"@context\":\"https:\/\/schema.org\",\"@graph\":[{\"@type\":\"WebPage\",\"@id\":\"https:\/\/www.alldayled.com\/de\/produkt\/strands-led-zwaailamp-slim-helder-glas\/\",\"url\":\"https:\/\/www.alldayled.com\/de\/produkt\/strands-led-zwaailamp-slim-helder-glas\/\",\"name\":\"LED Rundumleuchte Strands slim - klares Glas - All Day Led - 12&24V\",\"isPartOf\":{\"@id\":\"https:\/\/www.alldayled.com\/de\/#website\"},\"primaryImageOfPage\":{\"@id\":\"https:\/\/www.alldayled.com\/de\/produkt\/strands-led-zwaailamp-slim-helder-glas\/#primaryimage\"},\"image\":{\"@id\":\"https:\/\/www.alldayled.com\/de\/produkt\/strands-led-zwaailamp-slim-helder-glas\/#primaryimage\"},\"thumbnailUrl\":\"https:\/\/www.alldayled.com\/wp-content\/uploads\/2020\/03\/ADL89094..png\",\"datePublished\":\"2020-03-26T15:24:31+00:00\",\"dateModified\":\"2026-04-28T08:30:54+00:00\",\"description\":\"Strands LED Rundumleuchte SLIM - mit ECE R65 Zulassung - f\u00fcr 12&24 Volt - im \u00f6ffentlichen Stra\u00dfenverkehr zugelassen - LED Rundumleuchte\",\"breadcrumb\":{\"@id\":\"https:\/\/www.alldayled.com\/de\/produkt\/strands-led-zwaailamp-slim-helder-glas\/#breadcrumb\"},\"inLanguage\":\"de\",\"potentialAction\":[{\"@type\":\"ReadAction\",\"target\":[\"https:\/\/www.alldayled.com\/de\/produkt\/strands-led-zwaailamp-slim-helder-glas\/\"]}]},{\"@type\":\"ImageObject\",\"inLanguage\":\"de\",\"@id\":\"https:\/\/www.alldayled.com\/de\/produkt\/strands-led-zwaailamp-slim-helder-glas\/#primaryimage\",\"url\":\"https:\/\/www.alldayled.com\/wp-content\/uploads\/2020\/03\/ADL89094..png\",\"contentUrl\":\"https:\/\/www.alldayled.com\/wp-content\/uploads\/2020\/03\/ADL89094..png\",\"width\":800,\"height\":600,\"caption\":\"Strands LED Rundumleuchte orange mit klarem Glas - Modell SLIM - inkl. Blitzfunktion - f\u00fcr 12 und 24 Volt Betrieb - EAN: 7323030180560\"},{\"@type\":\"BreadcrumbList\",\"@id\":\"https:\/\/www.alldayled.com\/de\/produkt\/strands-led-zwaailamp-slim-helder-glas\/#breadcrumb\",\"itemListElement\":[{\"@type\":\"ListItem\",\"position\":1,\"name\":\"Home\",\"item\":\"https:\/\/www.alldayled.com\/de\/\"},{\"@type\":\"ListItem\",\"position\":2,\"name\":\"Shop\",\"item\":\"https:\/\/www.alldayled.com\/de\/shop\/\"},{\"@type\":\"ListItem\",\"position\":3,\"name\":\"Warnleuchten\",\"item\":\"https:\/\/www.alldayled.com\/de\/produkt-kategorie\/blitzlichter\/\"},{\"@type\":\"ListItem\",\"position\":4,\"name\":\"Rundumleuchte\",\"item\":\"https:\/\/www.alldayled.com\/de\/produkt-kategorie\/blitzlichter\/zwaailamp\/\"},{\"@type\":\"ListItem\",\"position\":5,\"name\":\"Strands LED Rundumleuchte SLIM &#8211; klar\"}]},{\"@type\":\"WebSite\",\"@id\":\"https:\/\/www.alldayled.com\/de\/#website\",\"url\":\"https:\/\/www.alldayled.com\/de\/\",\"name\":\"All Day Led\",\"description\":\"Verlichting voor 12&amp;24 volt gebruik\",\"publisher\":{\"@id\":\"https:\/\/www.alldayled.com\/de\/#organization\"},\"potentialAction\":[{\"@type\":\"SearchAction\",\"target\":{\"@type\":\"EntryPoint\",\"urlTemplate\":\"https:\/\/www.alldayled.com\/de\/?s={search_term_string}\"},\"query-input\":{\"@type\":\"PropertyValueSpecification\",\"valueRequired\":true,\"valueName\":\"search_term_string\"}}],\"inLanguage\":\"de\"},{\"@type\":\"Organization\",\"@id\":\"https:\/\/www.alldayled.com\/de\/#organization\",\"name\":\"All Day Led\",\"url\":\"https:\/\/www.alldayled.com\/de\/\",\"logo\":{\"@type\":\"ImageObject\",\"inLanguage\":\"de\",\"@id\":\"https:\/\/www.alldayled.com\/de\/#\/schema\/logo\/image\/\",\"url\":\"https:\/\/www.alldayled.com\/wp-content\/uploads\/2025\/10\/Logo-ALL-DAY-LED-800x800-zwart-witte-letters.png\",\"contentUrl\":\"https:\/\/www.alldayled.com\/wp-content\/uploads\/2025\/10\/Logo-ALL-DAY-LED-800x800-zwart-witte-letters.png\",\"width\":800,\"height\":800,\"caption\":\"All Day Led\"},\"image\":{\"@id\":\"https:\/\/www.alldayled.com\/de\/#\/schema\/logo\/image\/\"},\"sameAs\":[\"https:\/\/www.facebook.com\/alldayled\/\",\"https:\/\/www.instagram.com\/alldayled\/\"],\"vatID\":\"NL863960133B01\",\"taxID\":\"86416545\"}]}<\/script>\n<meta property=\"product:brand\" content=\"Strands\" \/>\n<meta property=\"product:price:amount\" content=\"54.95\" \/>\n<meta property=\"product:price:currency\" content=\"EUR\" \/>\n<meta property=\"og:availability\" content=\"instock\" \/>\n<meta property=\"product:availability\" content=\"instock\" \/>\n<meta property=\"product:retailer_item_id\" content=\"ADL809094\" \/>\n<meta property=\"product:condition\" content=\"new\" \/>\n<!-- \/ Yoast SEO Premium plugin. -->","yoast_head_json":{"title":"LED Rundumleuchte Strands slim - klares Glas - All Day Led - 12&24V","description":"Strands LED Rundumleuchte SLIM - mit ECE R65 Zulassung - f\u00fcr 12&24 Volt - im \u00f6ffentlichen Stra\u00dfenverkehr zugelassen - LED Rundumleuchte","robots":{"index":"index","follow":"follow","max-snippet":"max-snippet:-1","max-image-preview":"max-image-preview:large","max-video-preview":"max-video-preview:-1"},"canonical":"https:\/\/www.alldayled.com\/de\/produkt\/strands-led-zwaailamp-slim-helder-glas\/","og_locale":"de_DE","og_type":"article","og_title":"LED Rundumleuchte Strands slim - klares Glas - All Day Led - 12&24V","og_description":"Strands LED Rundumleuchte SLIM - mit ECE R65 Zulassung - f\u00fcr 12&24 Volt - im \u00f6ffentlichen Stra\u00dfenverkehr zugelassen - LED Rundumleuchte","og_url":"https:\/\/www.alldayled.com\/de\/produkt\/strands-led-zwaailamp-slim-helder-glas\/","og_site_name":"All Day Led","article_publisher":"https:\/\/www.facebook.com\/alldayled\/","article_modified_time":"2026-04-28T08:30:54+00:00","og_image":[{"url":"https:\/\/www.alldayled.com\/wp-content\/uploads\/2024\/05\/ADL809094-300x300.png","type":"","width":"","height":""}],"twitter_misc":{"Preis":"&euro;&nbsp;54,95","Verf\u00fcgbarkeit":"Auf Lager"},"schema":{"@context":"https:\/\/schema.org","@graph":[{"@type":"WebPage","@id":"https:\/\/www.alldayled.com\/de\/produkt\/strands-led-zwaailamp-slim-helder-glas\/","url":"https:\/\/www.alldayled.com\/de\/produkt\/strands-led-zwaailamp-slim-helder-glas\/","name":"LED Rundumleuchte Strands slim - klares Glas - All Day Led - 12&24V","isPartOf":{"@id":"https:\/\/www.alldayled.com\/de\/#website"},"primaryImageOfPage":{"@id":"https:\/\/www.alldayled.com\/de\/produkt\/strands-led-zwaailamp-slim-helder-glas\/#primaryimage"},"image":{"@id":"https:\/\/www.alldayled.com\/de\/produkt\/strands-led-zwaailamp-slim-helder-glas\/#primaryimage"},"thumbnailUrl":"https:\/\/www.alldayled.com\/wp-content\/uploads\/2020\/03\/ADL89094..png","datePublished":"2020-03-26T15:24:31+00:00","dateModified":"2026-04-28T08:30:54+00:00","description":"Strands LED Rundumleuchte SLIM - mit ECE R65 Zulassung - f\u00fcr 12&24 Volt - im \u00f6ffentlichen Stra\u00dfenverkehr zugelassen - LED Rundumleuchte","breadcrumb":{"@id":"https:\/\/www.alldayled.com\/de\/produkt\/strands-led-zwaailamp-slim-helder-glas\/#breadcrumb"},"inLanguage":"de","potentialAction":[{"@type":"ReadAction","target":["https:\/\/www.alldayled.com\/de\/produkt\/strands-led-zwaailamp-slim-helder-glas\/"]}]},{"@type":"ImageObject","inLanguage":"de","@id":"https:\/\/www.alldayled.com\/de\/produkt\/strands-led-zwaailamp-slim-helder-glas\/#primaryimage","url":"https:\/\/www.alldayled.com\/wp-content\/uploads\/2020\/03\/ADL89094..png","contentUrl":"https:\/\/www.alldayled.com\/wp-content\/uploads\/2020\/03\/ADL89094..png","width":800,"height":600,"caption":"Strands LED Rundumleuchte orange mit klarem Glas - Modell SLIM - inkl. Blitzfunktion - f\u00fcr 12 und 24 Volt Betrieb - EAN: 7323030180560"},{"@type":"BreadcrumbList","@id":"https:\/\/www.alldayled.com\/de\/produkt\/strands-led-zwaailamp-slim-helder-glas\/#breadcrumb","itemListElement":[{"@type":"ListItem","position":1,"name":"Home","item":"https:\/\/www.alldayled.com\/de\/"},{"@type":"ListItem","position":2,"name":"Shop","item":"https:\/\/www.alldayled.com\/de\/shop\/"},{"@type":"ListItem","position":3,"name":"Warnleuchten","item":"https:\/\/www.alldayled.com\/de\/produkt-kategorie\/blitzlichter\/"},{"@type":"ListItem","position":4,"name":"Rundumleuchte","item":"https:\/\/www.alldayled.com\/de\/produkt-kategorie\/blitzlichter\/zwaailamp\/"},{"@type":"ListItem","position":5,"name":"Strands LED Rundumleuchte SLIM &#8211; klar"}]},{"@type":"WebSite","@id":"https:\/\/www.alldayled.com\/de\/#website","url":"https:\/\/www.alldayled.com\/de\/","name":"All Day Led","description":"Verlichting voor 12&amp;24 volt gebruik","publisher":{"@id":"https:\/\/www.alldayled.com\/de\/#organization"},"potentialAction":[{"@type":"SearchAction","target":{"@type":"EntryPoint","urlTemplate":"https:\/\/www.alldayled.com\/de\/?s={search_term_string}"},"query-input":{"@type":"PropertyValueSpecification","valueRequired":true,"valueName":"search_term_string"}}],"inLanguage":"de"},{"@type":"Organization","@id":"https:\/\/www.alldayled.com\/de\/#organization","name":"All Day Led","url":"https:\/\/www.alldayled.com\/de\/","logo":{"@type":"ImageObject","inLanguage":"de","@id":"https:\/\/www.alldayled.com\/de\/#\/schema\/logo\/image\/","url":"https:\/\/www.alldayled.com\/wp-content\/uploads\/2025\/10\/Logo-ALL-DAY-LED-800x800-zwart-witte-letters.png","contentUrl":"https:\/\/www.alldayled.com\/wp-content\/uploads\/2025\/10\/Logo-ALL-DAY-LED-800x800-zwart-witte-letters.png","width":800,"height":800,"caption":"All Day Led"},"image":{"@id":"https:\/\/www.alldayled.com\/de\/#\/schema\/logo\/image\/"},"sameAs":["https:\/\/www.facebook.com\/alldayled\/","https:\/\/www.instagram.com\/alldayled\/"],"vatID":"NL863960133B01","taxID":"86416545"}]},"product_brand":"Strands","product_price_amount":"54.95","product_price_currency":"EUR","og_availability":"instock","product_availability":"instock","product_retailer_item_id":"ADL809094","product_condition":"new"},"_links":{"self":[{"href":"https:\/\/www.alldayled.com\/de\/wp-json\/wp\/v2\/product\/66690","targetHints":{"allow":["GET"]}}],"collection":[{"href":"https:\/\/www.alldayled.com\/de\/wp-json\/wp\/v2\/product"}],"about":[{"href":"https:\/\/www.alldayled.com\/de\/wp-json\/wp\/v2\/types\/product"}],"replies":[{"embeddable":true,"href":"https:\/\/www.alldayled.com\/de\/wp-json\/wp\/v2\/comments?post=66690"}],"wp:featuredmedia":[{"embeddable":true,"href":"https:\/\/www.alldayled.com\/de\/wp-json\/wp\/v2\/media\/14895"}],"wp:attachment":[{"href":"https:\/\/www.alldayled.com\/de\/wp-json\/wp\/v2\/media?parent=66690"}],"wp:term":[{"taxonomy":"product_brand","embeddable":true,"href":"https:\/\/www.alldayled.com\/de\/wp-json\/wp\/v2\/product_brand?post=66690"},{"taxonomy":"product_cat","embeddable":true,"href":"https:\/\/www.alldayled.com\/de\/wp-json\/wp\/v2\/product_cat?post=66690"},{"taxonomy":"product_tag","embeddable":true,"href":"https:\/\/www.alldayled.com\/de\/wp-json\/wp\/v2\/product_tag?post=66690"}],"curies":[{"name":"wp","href":"https:\/\/api.w.org\/{rel}","templated":true}]}}