{"id":66696,"date":"2025-02-26T11:53:46","date_gmt":"2025-02-26T10:53:46","guid":{"rendered":"https:\/\/www.alldayled.com\/product\/strands-dark-knight-6-led-flitser-wit\/"},"modified":"2025-02-26T11:53:46","modified_gmt":"2025-02-26T10:53:46","slug":"strands-dark-knight-6-led-flitser-wit","status":"publish","type":"product","link":"https:\/\/www.alldayled.com\/de\/produkt\/strands-dark-knight-6-led-flitser-wit\/","title":{"rendered":"Strands Dark Knight 6 LED Blitz &#8211; wei\u00df"},"content":{"rendered":"<p><span style=\"color: #000000;\"><strong>Strands Dark Knight 6 LED Blitz wei\u00df mit dunklem Glas, f\u00fcr 12 &amp; 24 Volt. <\/strong><\/span><\/p>\n<p><span style=\"color: #000000;\">Suchen Sie einen wei\u00dfen LED Blitz mit einem robusten Aussehen? Dann ist der Dark Knight 6 LED Blitz wei\u00df von Strands genau das, was Sie brauchen. Dank des dunklen Glases wirkt dieser Blitz stilvoll, wenn er ausgeschaltet ist, aber sobald Sie ihn aktivieren, sorgen die 6 hellen wei\u00dfen LED\u2019s f\u00fcr ein starkes und auff\u00e4lliges Warnsignal. Ideal f\u00fcr Hilfsfahrzeuge oder Fahrzeuge, die unter besonderen Umst\u00e4nden, wie z. B. bei Absperrungen, Veranstaltungen oder in gesicherten Bereichen, besonders sichtbar sein m\u00fcssen.   <\/span><\/p>\n<p><span style=\"color: #000000;\">Der Dark Knight 6 LED Blitz wei\u00df verf\u00fcgt \u00fcber 21 verschiedene Blitzmuster und arbeitet sowohl mit 12 als auch mit 24 Volt. Sie k\u00f6nnen ihn also problemlos an einem Auto, LKW, Anh\u00e4nger oder Arbeitsfahrzeug montieren. Au\u00dferdem k\u00f6nnen Sie bis zu 12 Blitzer synchronisieren und je nach Situation zwischen hoher oder niedriger Intensit\u00e4t w\u00e4hlen. Dank des IP69K-Pr\u00fcfzeichens ist der Blitzer absolut staub- und wasserdicht. Dank des ECE R10-Pr\u00fcfzeichens k\u00f6nnen Sie sicher sein, dass Ihr Radio oder andere Ger\u00e4te nicht gest\u00f6rt werden. Eine mitgelieferte Schaumstoffplatte sch\u00fctzt den Lack bei der Montage, und der praktische Click-on-Rahmen sorgt f\u00fcr einen sauberen Abschluss ohne sichtbare Schrauben.     <\/span><\/p>\n<h5><span style=\"color: #000000;\"><strong>Abmessungen:<\/strong><\/span><\/h5>\n<p><span style=\"color: #000000;\">Um sicherzustellen, dass Sie die LED Warnleuchte dort montieren k\u00f6nnen, wo Sie m\u00f6chten, haben wir die Abmessungen unten notiert. Die Abmessungen des flachen Strands Dark Knight 6 LED Blitz wei\u00df sind wie folgt:  <\/span><\/p>\n<ul>\n<li><span style=\"color: #000000;\">L\u00e4nge: 129,2 mm<\/span><\/li>\n<li><span style=\"color: #000000;\">H\u00f6he: 33,2 mm<br \/>\n<\/span><\/li>\n<li><span style=\"color: #000000;\">Dicke: 14,8 mm<\/span><\/li>\n<\/ul>\n<p><span style=\"color: #000000;\">Dieser LED-Blitz erf\u00fcllt die amerikanische SAE J595-Norm, was bedeutet, dass er strenge Anforderungen an Sichtbarkeit, Lichtintensit\u00e4t und Sicherheit erf\u00fcllt. Ideal f\u00fcr den professionellen Einsatz an Fahrzeugen, die gut sichtbar sein m\u00fcssen, wie bei Stra\u00dfenarbeiten oder Rettungsdiensten. Bitte beachte: Diese Leuchte hat <strong>kein E-Pr\u00fcfzeichen<\/strong> und ist daher nicht f\u00fcr den Einsatz im \u00f6ffentlichen Stra\u00dfenverkehr innerhalb der EU zugelassen.  <\/span><\/p>\n<h5><span style=\"color: #000000;\"><strong>Andere Versionen: <\/strong><\/span><\/h5>\n<p><span style=\"color: #000000;\">M\u00f6chtest du eine Strands LED Warnleuchte? Aber ist die mit 6 LED&#8217;s ausgestattete Lampe nicht das Modell, das du suchst? Wisse, dass Strands den LED Blitz auch in verschiedenen anderen Ausf\u00fchrungen anbietet. Sieh dir unten die verschiedenen M\u00f6glichkeiten an, die Strands anbietet.    <\/span><\/p>\n<ul>\n<li><span style=\"color: #000000;\"><a style=\"color: #000000;\" href=\"https:\/\/www.alldayled.com\/de\/produkt\/strands-dark-knight-6-led-flitser-groen\/\"><strong>Strands Dark Knight 6 LED Blitz &#8211; gr\u00fcn<\/strong><\/a><\/span><\/li>\n<li><span style=\"color: #000000;\"><a style=\"color: #000000;\" href=\"https:\/\/www.alldayled.com\/de\/produkt\/strands-dark-knight-6-led-flitser-rood\/\"><strong>Strands Dark Knight 6 LED Blitz &#8211; rot<\/strong><\/a><\/span><\/li>\n<li><span style=\"color: #000000;\"><a style=\"color: #000000;\" href=\"https:\/\/www.alldayled.com\/de\/produkt\/strands-dark-knight-6-led-flitser-blauw\/\"><strong>Strands Dark Knight 6 LED Blitz &#8211; blau<\/strong><\/a><\/span><\/li>\n<\/ul>\n<p><span style=\"color: #000000;\">Zweifeln Sie noch, ob der Strands Dark Knight 6 LED Blitz wei\u00df Ihren W\u00fcnschen entspricht? Vielleicht sprechen Sie die Lichtleistung, die Leistung oder die Form nicht an. Kein Problem! Werfen Sie einen Blick in das gesamte Sortiment von <a style=\"color: #000000;\" href=\"https:\/\/www.alldayled.com\/de\/marke\/product-strands-lighting-division\/\" target=\"_blank\" rel=\"noopener\">Strands,<\/a> dort finden Sie bestimmt ein Modell, das besser passt.   <\/span><\/p>\n","protected":false},"excerpt":{"rendered":"<p>Strands 6 LED Blitz Klar wei\u00df mit 21 Mustern, geeignet f\u00fcr 12 &amp; 24 Volt.<\/p>\n","protected":false},"featured_media":35631,"comment_status":"open","ping_status":"closed","template":"","meta":{"_acf_changed":false},"product_brand":[5114],"product_cat":[5304,5363],"product_tag":[9088,9093,9094,9099,9095,9097,9089,9090,9091,9092],"class_list":{"0":"post-66696","1":"product","2":"type-product","3":"status-publish","4":"has-post-thumbnail","6":"product_brand-product-strands-lighting-division","7":"product_cat-flitser","8":"product_cat-strands-dark-knight","9":"product_tag-led-blitz","10":"product_tag-led-blitz-anhanger","11":"product_tag-led-blitz-auto","12":"product_tag-led-blitz-lkw","13":"product_tag-led-blitz-orange","14":"product_tag-led-blitz-traktor","15":"product_tag-led-taschenlampe-12-volt","16":"product_tag-led-taschenlampe-12v","17":"product_tag-led-taschenlampe-24-volt","18":"product_tag-led-taschenlampe-24v","20":"first","21":"instock","22":"taxable","23":"shipping-taxable","24":"purchasable","25":"product-type-simple"},"acf":[],"yoast_head":"<!-- This site is optimized with the Yoast SEO Premium plugin v26.5 (Yoast SEO v27.1.1) - https:\/\/yoast.com\/product\/yoast-seo-premium-wordpress\/ -->\n<title>Strands 6 LED Blitz wei\u00df - Dark Knight - All Day Led - 12&amp;24V<\/title>\n<meta name=\"description\" content=\"Strands Dark Knight 6 LED Blitz wei\u00df - Warnleuchte mit 21 Mustern - mit 40 cm Kabel - geeignet f\u00fcr 12&amp;24V - Auto, Anh\u00e4nger, LKW und mehr\" \/>\n<meta name=\"robots\" content=\"index, follow, max-snippet:-1, max-image-preview:large, max-video-preview:-1\" \/>\n<link rel=\"canonical\" href=\"https:\/\/www.alldayled.com\/de\/produkt\/strands-dark-knight-6-led-flitser-wit\/\" \/>\n<meta property=\"og:locale\" content=\"de_DE\" \/>\n<meta property=\"og:type\" content=\"article\" \/>\n<meta property=\"og:title\" content=\"Strands 6 LED Blitz wei\u00df - Dark Knight - All Day Led - 12&amp;24V\" \/>\n<meta property=\"og:description\" content=\"Strands Dark Knight 6 LED Blitz wei\u00df - Warnleuchte mit 21 Mustern - mit 40 cm Kabel - geeignet f\u00fcr 12&amp;24V - Auto, Anh\u00e4nger, LKW und mehr\" \/>\n<meta property=\"og:url\" content=\"https:\/\/www.alldayled.com\/de\/produkt\/strands-dark-knight-6-led-flitser-wit\/\" \/>\n<meta property=\"og:site_name\" content=\"All Day Led\" \/>\n<meta property=\"article:publisher\" content=\"https:\/\/www.facebook.com\/alldayled\/\" \/>\n<meta property=\"og:image\" content=\"https:\/\/www.alldayled.com\/wp-content\/uploads\/2025\/04\/ADL850404-W-SM-1-300x300.png\" \/>\n<meta name=\"twitter:label1\" content=\"Preis\" \/>\n\t<meta name=\"twitter:data1\" content=\"&euro;&nbsp;42,95\" \/>\n\t<meta name=\"twitter:label2\" content=\"Verf\u00fcgbarkeit\" \/>\n\t<meta name=\"twitter:data2\" content=\"Auf Lager\" \/>\n<script type=\"application\/ld+json\" class=\"yoast-schema-graph\">{\"@context\":\"https:\/\/schema.org\",\"@graph\":[{\"@type\":\"WebPage\",\"@id\":\"https:\/\/www.alldayled.com\/de\/produkt\/strands-dark-knight-6-led-flitser-wit\/\",\"url\":\"https:\/\/www.alldayled.com\/de\/produkt\/strands-dark-knight-6-led-flitser-wit\/\",\"name\":\"Strands 6 LED Blitz wei\u00df - Dark Knight - All Day Led - 12&24V\",\"isPartOf\":{\"@id\":\"https:\/\/www.alldayled.com\/de\/#website\"},\"primaryImageOfPage\":{\"@id\":\"https:\/\/www.alldayled.com\/de\/produkt\/strands-dark-knight-6-led-flitser-wit\/#primaryimage\"},\"image\":{\"@id\":\"https:\/\/www.alldayled.com\/de\/produkt\/strands-dark-knight-6-led-flitser-wit\/#primaryimage\"},\"thumbnailUrl\":\"https:\/\/www.alldayled.com\/wp-content\/uploads\/2025\/04\/ADL850404-W.png\",\"datePublished\":\"2025-02-26T10:53:46+00:00\",\"description\":\"Strands Dark Knight 6 LED Blitz wei\u00df - Warnleuchte mit 21 Mustern - mit 40 cm Kabel - geeignet f\u00fcr 12&24V - Auto, Anh\u00e4nger, LKW und mehr\",\"breadcrumb\":{\"@id\":\"https:\/\/www.alldayled.com\/de\/produkt\/strands-dark-knight-6-led-flitser-wit\/#breadcrumb\"},\"inLanguage\":\"de\",\"potentialAction\":[{\"@type\":\"ReadAction\",\"target\":[\"https:\/\/www.alldayled.com\/de\/produkt\/strands-dark-knight-6-led-flitser-wit\/\"]}]},{\"@type\":\"ImageObject\",\"inLanguage\":\"de\",\"@id\":\"https:\/\/www.alldayled.com\/de\/produkt\/strands-dark-knight-6-led-flitser-wit\/#primaryimage\",\"url\":\"https:\/\/www.alldayled.com\/wp-content\/uploads\/2025\/04\/ADL850404-W.png\",\"contentUrl\":\"https:\/\/www.alldayled.com\/wp-content\/uploads\/2025\/04\/ADL850404-W.png\",\"width\":800,\"height\":600,\"caption\":\"850404-W - Blitzer wei\u00df - EAN: 7323030193706 - Strands - IP69K - 6 LED's - geeignet f\u00fcr 12 &amp; 24 Volt\"},{\"@type\":\"BreadcrumbList\",\"@id\":\"https:\/\/www.alldayled.com\/de\/produkt\/strands-dark-knight-6-led-flitser-wit\/#breadcrumb\",\"itemListElement\":[{\"@type\":\"ListItem\",\"position\":1,\"name\":\"Home\",\"item\":\"https:\/\/www.alldayled.com\/de\/\"},{\"@type\":\"ListItem\",\"position\":2,\"name\":\"Shop\",\"item\":\"https:\/\/www.alldayled.com\/de\/shop\/\"},{\"@type\":\"ListItem\",\"position\":3,\"name\":\"Warnleuchten\",\"item\":\"https:\/\/www.alldayled.com\/de\/produkt-kategorie\/blitzlichter\/\"},{\"@type\":\"ListItem\",\"position\":4,\"name\":\"Blitzer\",\"item\":\"https:\/\/www.alldayled.com\/de\/produkt-kategorie\/blitzlichter\/flitser\/\"},{\"@type\":\"ListItem\",\"position\":5,\"name\":\"Strands Dark Knight 6 LED Blitz &#8211; wei\u00df\"}]},{\"@type\":\"WebSite\",\"@id\":\"https:\/\/www.alldayled.com\/de\/#website\",\"url\":\"https:\/\/www.alldayled.com\/de\/\",\"name\":\"All Day Led\",\"description\":\"Verlichting voor 12&amp;24 volt gebruik\",\"publisher\":{\"@id\":\"https:\/\/www.alldayled.com\/de\/#organization\"},\"potentialAction\":[{\"@type\":\"SearchAction\",\"target\":{\"@type\":\"EntryPoint\",\"urlTemplate\":\"https:\/\/www.alldayled.com\/de\/?s={search_term_string}\"},\"query-input\":{\"@type\":\"PropertyValueSpecification\",\"valueRequired\":true,\"valueName\":\"search_term_string\"}}],\"inLanguage\":\"de\"},{\"@type\":\"Organization\",\"@id\":\"https:\/\/www.alldayled.com\/de\/#organization\",\"name\":\"All Day Led\",\"url\":\"https:\/\/www.alldayled.com\/de\/\",\"logo\":{\"@type\":\"ImageObject\",\"inLanguage\":\"de\",\"@id\":\"https:\/\/www.alldayled.com\/de\/#\/schema\/logo\/image\/\",\"url\":\"https:\/\/www.alldayled.com\/wp-content\/uploads\/2025\/10\/Logo-ALL-DAY-LED-800x800-zwart-witte-letters.png\",\"contentUrl\":\"https:\/\/www.alldayled.com\/wp-content\/uploads\/2025\/10\/Logo-ALL-DAY-LED-800x800-zwart-witte-letters.png\",\"width\":800,\"height\":800,\"caption\":\"All Day Led\"},\"image\":{\"@id\":\"https:\/\/www.alldayled.com\/de\/#\/schema\/logo\/image\/\"},\"sameAs\":[\"https:\/\/www.facebook.com\/alldayled\/\",\"https:\/\/www.instagram.com\/alldayled\/\"],\"vatID\":\"NL863960133B01\",\"taxID\":\"86416545\"}]}<\/script>\n<meta property=\"product:brand\" content=\"Strands\" \/>\n<meta property=\"product:price:amount\" content=\"42.95\" \/>\n<meta property=\"product:price:currency\" content=\"EUR\" \/>\n<meta property=\"og:availability\" content=\"instock\" \/>\n<meta property=\"product:availability\" content=\"instock\" \/>\n<meta property=\"product:retailer_item_id\" content=\"ADL850404-W\" \/>\n<meta property=\"product:condition\" content=\"new\" \/>\n<!-- \/ Yoast SEO Premium plugin. -->","yoast_head_json":{"title":"Strands 6 LED Blitz wei\u00df - Dark Knight - All Day Led - 12&24V","description":"Strands Dark Knight 6 LED Blitz wei\u00df - Warnleuchte mit 21 Mustern - mit 40 cm Kabel - geeignet f\u00fcr 12&24V - Auto, Anh\u00e4nger, LKW und mehr","robots":{"index":"index","follow":"follow","max-snippet":"max-snippet:-1","max-image-preview":"max-image-preview:large","max-video-preview":"max-video-preview:-1"},"canonical":"https:\/\/www.alldayled.com\/de\/produkt\/strands-dark-knight-6-led-flitser-wit\/","og_locale":"de_DE","og_type":"article","og_title":"Strands 6 LED Blitz wei\u00df - Dark Knight - All Day Led - 12&24V","og_description":"Strands Dark Knight 6 LED Blitz wei\u00df - Warnleuchte mit 21 Mustern - mit 40 cm Kabel - geeignet f\u00fcr 12&24V - Auto, Anh\u00e4nger, LKW und mehr","og_url":"https:\/\/www.alldayled.com\/de\/produkt\/strands-dark-knight-6-led-flitser-wit\/","og_site_name":"All Day Led","article_publisher":"https:\/\/www.facebook.com\/alldayled\/","og_image":[{"url":"https:\/\/www.alldayled.com\/wp-content\/uploads\/2025\/04\/ADL850404-W-SM-1-300x300.png","type":"","width":"","height":""}],"twitter_misc":{"Preis":"&euro;&nbsp;42,95","Verf\u00fcgbarkeit":"Auf Lager"},"schema":{"@context":"https:\/\/schema.org","@graph":[{"@type":"WebPage","@id":"https:\/\/www.alldayled.com\/de\/produkt\/strands-dark-knight-6-led-flitser-wit\/","url":"https:\/\/www.alldayled.com\/de\/produkt\/strands-dark-knight-6-led-flitser-wit\/","name":"Strands 6 LED Blitz wei\u00df - Dark Knight - All Day Led - 12&24V","isPartOf":{"@id":"https:\/\/www.alldayled.com\/de\/#website"},"primaryImageOfPage":{"@id":"https:\/\/www.alldayled.com\/de\/produkt\/strands-dark-knight-6-led-flitser-wit\/#primaryimage"},"image":{"@id":"https:\/\/www.alldayled.com\/de\/produkt\/strands-dark-knight-6-led-flitser-wit\/#primaryimage"},"thumbnailUrl":"https:\/\/www.alldayled.com\/wp-content\/uploads\/2025\/04\/ADL850404-W.png","datePublished":"2025-02-26T10:53:46+00:00","description":"Strands Dark Knight 6 LED Blitz wei\u00df - Warnleuchte mit 21 Mustern - mit 40 cm Kabel - geeignet f\u00fcr 12&24V - Auto, Anh\u00e4nger, LKW und mehr","breadcrumb":{"@id":"https:\/\/www.alldayled.com\/de\/produkt\/strands-dark-knight-6-led-flitser-wit\/#breadcrumb"},"inLanguage":"de","potentialAction":[{"@type":"ReadAction","target":["https:\/\/www.alldayled.com\/de\/produkt\/strands-dark-knight-6-led-flitser-wit\/"]}]},{"@type":"ImageObject","inLanguage":"de","@id":"https:\/\/www.alldayled.com\/de\/produkt\/strands-dark-knight-6-led-flitser-wit\/#primaryimage","url":"https:\/\/www.alldayled.com\/wp-content\/uploads\/2025\/04\/ADL850404-W.png","contentUrl":"https:\/\/www.alldayled.com\/wp-content\/uploads\/2025\/04\/ADL850404-W.png","width":800,"height":600,"caption":"850404-W - Blitzer wei\u00df - EAN: 7323030193706 - Strands - IP69K - 6 LED's - geeignet f\u00fcr 12 &amp; 24 Volt"},{"@type":"BreadcrumbList","@id":"https:\/\/www.alldayled.com\/de\/produkt\/strands-dark-knight-6-led-flitser-wit\/#breadcrumb","itemListElement":[{"@type":"ListItem","position":1,"name":"Home","item":"https:\/\/www.alldayled.com\/de\/"},{"@type":"ListItem","position":2,"name":"Shop","item":"https:\/\/www.alldayled.com\/de\/shop\/"},{"@type":"ListItem","position":3,"name":"Warnleuchten","item":"https:\/\/www.alldayled.com\/de\/produkt-kategorie\/blitzlichter\/"},{"@type":"ListItem","position":4,"name":"Blitzer","item":"https:\/\/www.alldayled.com\/de\/produkt-kategorie\/blitzlichter\/flitser\/"},{"@type":"ListItem","position":5,"name":"Strands Dark Knight 6 LED Blitz &#8211; wei\u00df"}]},{"@type":"WebSite","@id":"https:\/\/www.alldayled.com\/de\/#website","url":"https:\/\/www.alldayled.com\/de\/","name":"All Day Led","description":"Verlichting voor 12&amp;24 volt gebruik","publisher":{"@id":"https:\/\/www.alldayled.com\/de\/#organization"},"potentialAction":[{"@type":"SearchAction","target":{"@type":"EntryPoint","urlTemplate":"https:\/\/www.alldayled.com\/de\/?s={search_term_string}"},"query-input":{"@type":"PropertyValueSpecification","valueRequired":true,"valueName":"search_term_string"}}],"inLanguage":"de"},{"@type":"Organization","@id":"https:\/\/www.alldayled.com\/de\/#organization","name":"All Day Led","url":"https:\/\/www.alldayled.com\/de\/","logo":{"@type":"ImageObject","inLanguage":"de","@id":"https:\/\/www.alldayled.com\/de\/#\/schema\/logo\/image\/","url":"https:\/\/www.alldayled.com\/wp-content\/uploads\/2025\/10\/Logo-ALL-DAY-LED-800x800-zwart-witte-letters.png","contentUrl":"https:\/\/www.alldayled.com\/wp-content\/uploads\/2025\/10\/Logo-ALL-DAY-LED-800x800-zwart-witte-letters.png","width":800,"height":800,"caption":"All Day Led"},"image":{"@id":"https:\/\/www.alldayled.com\/de\/#\/schema\/logo\/image\/"},"sameAs":["https:\/\/www.facebook.com\/alldayled\/","https:\/\/www.instagram.com\/alldayled\/"],"vatID":"NL863960133B01","taxID":"86416545"}]},"product_brand":"Strands","product_price_amount":"42.95","product_price_currency":"EUR","og_availability":"instock","product_availability":"instock","product_retailer_item_id":"ADL850404-W","product_condition":"new"},"_links":{"self":[{"href":"https:\/\/www.alldayled.com\/de\/wp-json\/wp\/v2\/product\/66696","targetHints":{"allow":["GET"]}}],"collection":[{"href":"https:\/\/www.alldayled.com\/de\/wp-json\/wp\/v2\/product"}],"about":[{"href":"https:\/\/www.alldayled.com\/de\/wp-json\/wp\/v2\/types\/product"}],"replies":[{"embeddable":true,"href":"https:\/\/www.alldayled.com\/de\/wp-json\/wp\/v2\/comments?post=66696"}],"wp:featuredmedia":[{"embeddable":true,"href":"https:\/\/www.alldayled.com\/de\/wp-json\/wp\/v2\/media\/35631"}],"wp:attachment":[{"href":"https:\/\/www.alldayled.com\/de\/wp-json\/wp\/v2\/media?parent=66696"}],"wp:term":[{"taxonomy":"product_brand","embeddable":true,"href":"https:\/\/www.alldayled.com\/de\/wp-json\/wp\/v2\/product_brand?post=66696"},{"taxonomy":"product_cat","embeddable":true,"href":"https:\/\/www.alldayled.com\/de\/wp-json\/wp\/v2\/product_cat?post=66696"},{"taxonomy":"product_tag","embeddable":true,"href":"https:\/\/www.alldayled.com\/de\/wp-json\/wp\/v2\/product_tag?post=66696"}],"curies":[{"name":"wp","href":"https:\/\/api.w.org\/{rel}","templated":true}]}}