{"id":66701,"date":"2024-10-12T15:05:13","date_gmt":"2024-10-12T13:05:13","guid":{"rendered":"https:\/\/www.alldayled.com\/product\/strands-freedom-lighthouse-xl-amber\/"},"modified":"2025-11-30T09:23:09","modified_gmt":"2025-11-30T08:23:09","slug":"strands-freedom-lighthouse-xl-amber","status":"publish","type":"product","link":"https:\/\/www.alldayled.com\/de\/produkt\/strands-freedom-lighthouse-xl-amber\/","title":{"rendered":"Strands Freedom Lighthouse XL &#8211; AMBER"},"content":{"rendered":"<p><span style=\"color: #000000;\"><strong>Strands Freedom Lighthouse XL LED Warnleuchte orangefarbene Linse. <\/strong><\/span><\/p>\n<p><span style=\"color: #000000;\">Bist du auf der Suche nach einem neuen Warnleuchtenmodell, das mit einer orangefarbenen Linse ausgestattet ist? Aber du suchst kein Standardmodell? Vielleicht ist die Strands Freedom Lighthouse XL Warnleuchte ORANGE genau die Lampe, die du suchst. Diese robuste Warnleuchte verf\u00fcgt \u00fcber 8 verschiedene Muster und hat eine Lichtst\u00e4rke von 27W. Des Weiteren funktioniert die Warnleuchte mit einem 3 Meter langen Anschlusskabel bei 12 und 24 Volt. Das bedeutet, dass du die LED Warnleuchte zum Beispiel an deinem Auto, Wohnmobil, LKW, Anh\u00e4nger oder einem anderen Fahrzeugtyp montieren kannst.     <\/span><\/p>\n<p><span style=\"color: #000000;\">Da du vor dem Kauf sicherstellen m\u00f6chtest, dass dies genau die Lampe ist, die du suchst. Haben wir unten einige Eigenschaften dieser LED Lampe aufgef\u00fchrt. Die Strands Freedom Lighthouse XL Warnleuchte ORANGE ist unter anderem mit dem ECE R10 ausgestattet. Dieses Pr\u00fcfzeichen besagt, dass die LED Warnleuchte bei korrekter Installation funkentst\u00f6rt ist. Des Weiteren verf\u00fcgt die LED Lampe auch \u00fcber das ECE R65 Pr\u00fcfzeichen. Dieses Pr\u00fcfzeichen besagt, dass die Warnleuchte im \u00f6ffentlichen Stra\u00dfenverkehr verwendet werden darf. Um den Anschluss zu vereinfachen, ist ein 1 Meter langes Anschlusskabel an der Lampe montiert.      <\/span><\/p>\n<h5><span style=\"color: #000000;\"><strong>Abmessungen:<\/strong><\/span><\/h5>\n<p><span style=\"color: #000000;\">Da du vor dem Kauf sicherstellen m\u00f6chtest, dass du die Warnleuchte mit 8 verschiedenen Mustern montieren kannst, wo immer du m\u00f6chtest. Haben wir unten die Abmessungen der LED Lampe notiert. Die Abmessungen der Strands Freedom Lighthouse XL Warnleuchte ORANGE &#8211; 27W sind wie folgt:  <\/span><\/p>\n<div class=\"truncated\">\n<ul>\n<li><span style=\"color: #000000;\">Durchmesser: 162 mm<\/span><\/li>\n<li><span style=\"color: #000000;\">H\u00f6he: 99 mm<\/span><\/li>\n<\/ul>\n<h5><span style=\"color: #000000;\"><strong>Andere Versionen:<\/strong><\/span><\/h5>\n<p><span style=\"color: #000000;\">M\u00f6chtest du eine Strands Warnleuchte aus der FREEDOM Linie kaufen? Aber ist die Strands Freedom Lighthouse XL Warnleuchte AMBER nicht genau die Lampe, die du suchst? Dann wisse, dass die Freedom Linie der Marke Strands auch noch diverse andere Lampentypen umfasst. Siehe unten eine Auflistung der weiteren Modelle, die Strands anbietet.   <\/span><\/p>\n<ul>\n<li><a href=\"https:\/\/www.alldayled.com\/de\/produkt\/strands-freedom-lighthouse-xl-helder\/\"><span style=\"color: #000000;\"><b>Lighthouse XL klar<\/b><\/span><\/a><\/li>\n<\/ul>\n<\/div>\n<p><span style=\"color: #000000;\">Bist du nach dem Lesen aller Spezifikationen und dem Betrachten der Fotos immer noch nicht \u00fcberzeugt? Einfach weil die Form, Lichtleistung oder Farbe der Strands Freedom Lighthouse XL Warnleuchte ORANGE nicht deinen W\u00fcnschen entspricht? Dann sieh dir hier das komplette Angebot von <a style=\"color: #000000;\" href=\"https:\/\/www.alldayled.com\/de\/marke\/product-strands-lighting-division\/\" target=\"_blank\" rel=\"noopener\">Strands<\/a> an. Vielleicht findest du hier genau das Lampenmodell, wonach du suchst.   <\/span><\/p>\n","protected":false},"excerpt":{"rendered":"<p>Leistungsstarke und robuste Warnleuchte mit orangefarbener Linse und 27W Leistung, ausgestattet mit 8 Blitzmustern.<\/p>\n","protected":false},"featured_media":31773,"comment_status":"open","ping_status":"closed","template":"","meta":{"_acf_changed":false},"product_brand":[5114],"product_cat":[5308],"product_tag":[9196,9197,9198,9199,9200,9205,9203,9204,9206],"class_list":{"0":"post-66701","1":"product","2":"type-product","3":"status-publish","4":"has-post-thumbnail","6":"product_brand-product-strands-lighting-division","7":"product_cat-zwaailamp","8":"product_tag-led-warnleuchte","9":"product_tag-led-warnleuchte-12-volt","10":"product_tag-led-warnleuchte-24-volt","11":"product_tag-led-warnleuchte-anhanger","12":"product_tag-led-warnleuchte-auto","13":"product_tag-led-warnleuchte-lkw","14":"product_tag-led-warnleuchte-mit-ece-r65","15":"product_tag-led-warnleuchte-traktor","16":"product_tag-strands-led-warnleuchte","18":"first","19":"instock","20":"taxable","21":"shipping-taxable","22":"purchasable","23":"product-type-simple"},"acf":[],"yoast_head":"<!-- This site is optimized with the Yoast SEO Premium plugin v26.5 (Yoast SEO v27.1.1) - https:\/\/yoast.com\/product\/yoast-seo-premium-wordpress\/ -->\n<title>Strands Freedom Lighthouse XL ORANGE - All Day Led - f\u00fcr 12&amp;24 Volt<\/title>\n<meta name=\"description\" content=\"Strands Freedom Lighthouse XL ORANGE - mit ECE R65 - mit 8 Mustern + 3 Meter Anschlusskabel - geeignet f\u00fcr Auto, LKW, Anh\u00e4nger, Traktor und mehr\" \/>\n<meta name=\"robots\" content=\"index, follow, max-snippet:-1, max-image-preview:large, max-video-preview:-1\" \/>\n<link rel=\"canonical\" href=\"https:\/\/www.alldayled.com\/de\/produkt\/strands-freedom-lighthouse-xl-amber\/\" \/>\n<meta property=\"og:locale\" content=\"de_DE\" \/>\n<meta property=\"og:type\" content=\"article\" \/>\n<meta property=\"og:title\" content=\"Strands Freedom Lighthouse XL ORANGE - All Day Led - f\u00fcr 12&amp;24 Volt\" \/>\n<meta property=\"og:description\" content=\"Strands Freedom Lighthouse XL ORANGE - mit ECE R65 - mit 8 Mustern + 3 Meter Anschlusskabel - geeignet f\u00fcr Auto, LKW, Anh\u00e4nger, Traktor und mehr\" \/>\n<meta property=\"og:url\" content=\"https:\/\/www.alldayled.com\/de\/produkt\/strands-freedom-lighthouse-xl-amber\/\" \/>\n<meta property=\"og:site_name\" content=\"All Day Led\" \/>\n<meta property=\"article:publisher\" content=\"https:\/\/www.facebook.com\/alldayled\/\" \/>\n<meta property=\"article:modified_time\" content=\"2025-11-30T08:23:09+00:00\" \/>\n<meta property=\"og:image\" content=\"https:\/\/www.alldayled.com\/wp-content\/uploads\/2025\/01\/ADL800265.01-300x300.png\" \/>\n<meta name=\"twitter:label1\" content=\"Preis\" \/>\n\t<meta name=\"twitter:data1\" content=\"&euro;&nbsp;229,00\" \/>\n\t<meta name=\"twitter:label2\" content=\"Verf\u00fcgbarkeit\" \/>\n\t<meta name=\"twitter:data2\" content=\"Auf Lager\" \/>\n<script type=\"application\/ld+json\" class=\"yoast-schema-graph\">{\"@context\":\"https:\/\/schema.org\",\"@graph\":[{\"@type\":\"WebPage\",\"@id\":\"https:\/\/www.alldayled.com\/de\/produkt\/strands-freedom-lighthouse-xl-amber\/\",\"url\":\"https:\/\/www.alldayled.com\/de\/produkt\/strands-freedom-lighthouse-xl-amber\/\",\"name\":\"Strands Freedom Lighthouse XL ORANGE - All Day Led - f\u00fcr 12&24 Volt\",\"isPartOf\":{\"@id\":\"https:\/\/www.alldayled.com\/de\/#website\"},\"primaryImageOfPage\":{\"@id\":\"https:\/\/www.alldayled.com\/de\/produkt\/strands-freedom-lighthouse-xl-amber\/#primaryimage\"},\"image\":{\"@id\":\"https:\/\/www.alldayled.com\/de\/produkt\/strands-freedom-lighthouse-xl-amber\/#primaryimage\"},\"thumbnailUrl\":\"https:\/\/www.alldayled.com\/wp-content\/uploads\/2024\/10\/ADL800265-06.png\",\"datePublished\":\"2024-10-12T13:05:13+00:00\",\"dateModified\":\"2025-11-30T08:23:09+00:00\",\"description\":\"Strands Freedom Lighthouse XL ORANGE - mit ECE R65 - mit 8 Mustern + 3 Meter Anschlusskabel - geeignet f\u00fcr Auto, LKW, Anh\u00e4nger, Traktor und mehr\",\"breadcrumb\":{\"@id\":\"https:\/\/www.alldayled.com\/de\/produkt\/strands-freedom-lighthouse-xl-amber\/#breadcrumb\"},\"inLanguage\":\"de\",\"potentialAction\":[{\"@type\":\"ReadAction\",\"target\":[\"https:\/\/www.alldayled.com\/de\/produkt\/strands-freedom-lighthouse-xl-amber\/\"]}]},{\"@type\":\"ImageObject\",\"inLanguage\":\"de\",\"@id\":\"https:\/\/www.alldayled.com\/de\/produkt\/strands-freedom-lighthouse-xl-amber\/#primaryimage\",\"url\":\"https:\/\/www.alldayled.com\/wp-content\/uploads\/2024\/10\/ADL800265-06.png\",\"contentUrl\":\"https:\/\/www.alldayled.com\/wp-content\/uploads\/2024\/10\/ADL800265-06.png\",\"width\":800,\"height\":600,\"caption\":\"Strands 800265 - EAN: 7323030001605\"},{\"@type\":\"BreadcrumbList\",\"@id\":\"https:\/\/www.alldayled.com\/de\/produkt\/strands-freedom-lighthouse-xl-amber\/#breadcrumb\",\"itemListElement\":[{\"@type\":\"ListItem\",\"position\":1,\"name\":\"Home\",\"item\":\"https:\/\/www.alldayled.com\/de\/\"},{\"@type\":\"ListItem\",\"position\":2,\"name\":\"Shop\",\"item\":\"https:\/\/www.alldayled.com\/de\/shop\/\"},{\"@type\":\"ListItem\",\"position\":3,\"name\":\"Warnleuchten\",\"item\":\"https:\/\/www.alldayled.com\/de\/produkt-kategorie\/blitzlichter\/\"},{\"@type\":\"ListItem\",\"position\":4,\"name\":\"Rundumleuchte\",\"item\":\"https:\/\/www.alldayled.com\/de\/produkt-kategorie\/blitzlichter\/zwaailamp\/\"},{\"@type\":\"ListItem\",\"position\":5,\"name\":\"Strands Freedom Lighthouse XL &#8211; AMBER\"}]},{\"@type\":\"WebSite\",\"@id\":\"https:\/\/www.alldayled.com\/de\/#website\",\"url\":\"https:\/\/www.alldayled.com\/de\/\",\"name\":\"All Day Led\",\"description\":\"Verlichting voor 12&amp;24 volt gebruik\",\"publisher\":{\"@id\":\"https:\/\/www.alldayled.com\/de\/#organization\"},\"potentialAction\":[{\"@type\":\"SearchAction\",\"target\":{\"@type\":\"EntryPoint\",\"urlTemplate\":\"https:\/\/www.alldayled.com\/de\/?s={search_term_string}\"},\"query-input\":{\"@type\":\"PropertyValueSpecification\",\"valueRequired\":true,\"valueName\":\"search_term_string\"}}],\"inLanguage\":\"de\"},{\"@type\":\"Organization\",\"@id\":\"https:\/\/www.alldayled.com\/de\/#organization\",\"name\":\"All Day Led\",\"url\":\"https:\/\/www.alldayled.com\/de\/\",\"logo\":{\"@type\":\"ImageObject\",\"inLanguage\":\"de\",\"@id\":\"https:\/\/www.alldayled.com\/de\/#\/schema\/logo\/image\/\",\"url\":\"https:\/\/www.alldayled.com\/wp-content\/uploads\/2025\/10\/Logo-ALL-DAY-LED-800x800-zwart-witte-letters.png\",\"contentUrl\":\"https:\/\/www.alldayled.com\/wp-content\/uploads\/2025\/10\/Logo-ALL-DAY-LED-800x800-zwart-witte-letters.png\",\"width\":800,\"height\":800,\"caption\":\"All Day Led\"},\"image\":{\"@id\":\"https:\/\/www.alldayled.com\/de\/#\/schema\/logo\/image\/\"},\"sameAs\":[\"https:\/\/www.facebook.com\/alldayled\/\",\"https:\/\/www.instagram.com\/alldayled\/\"],\"vatID\":\"NL863960133B01\",\"taxID\":\"86416545\"}]}<\/script>\n<meta property=\"product:brand\" content=\"Strands\" \/>\n<meta property=\"product:price:amount\" content=\"229.00\" \/>\n<meta property=\"product:price:currency\" content=\"EUR\" \/>\n<meta property=\"og:availability\" content=\"instock\" \/>\n<meta property=\"product:availability\" content=\"instock\" \/>\n<meta property=\"product:retailer_item_id\" content=\"ADL800265\" \/>\n<meta property=\"product:condition\" content=\"new\" \/>\n<!-- \/ Yoast SEO Premium plugin. -->","yoast_head_json":{"title":"Strands Freedom Lighthouse XL ORANGE - All Day Led - f\u00fcr 12&24 Volt","description":"Strands Freedom Lighthouse XL ORANGE - mit ECE R65 - mit 8 Mustern + 3 Meter Anschlusskabel - geeignet f\u00fcr Auto, LKW, Anh\u00e4nger, Traktor und mehr","robots":{"index":"index","follow":"follow","max-snippet":"max-snippet:-1","max-image-preview":"max-image-preview:large","max-video-preview":"max-video-preview:-1"},"canonical":"https:\/\/www.alldayled.com\/de\/produkt\/strands-freedom-lighthouse-xl-amber\/","og_locale":"de_DE","og_type":"article","og_title":"Strands Freedom Lighthouse XL ORANGE - All Day Led - f\u00fcr 12&24 Volt","og_description":"Strands Freedom Lighthouse XL ORANGE - mit ECE R65 - mit 8 Mustern + 3 Meter Anschlusskabel - geeignet f\u00fcr Auto, LKW, Anh\u00e4nger, Traktor und mehr","og_url":"https:\/\/www.alldayled.com\/de\/produkt\/strands-freedom-lighthouse-xl-amber\/","og_site_name":"All Day Led","article_publisher":"https:\/\/www.facebook.com\/alldayled\/","article_modified_time":"2025-11-30T08:23:09+00:00","og_image":[{"url":"https:\/\/www.alldayled.com\/wp-content\/uploads\/2025\/01\/ADL800265.01-300x300.png","type":"","width":"","height":""}],"twitter_misc":{"Preis":"&euro;&nbsp;229,00","Verf\u00fcgbarkeit":"Auf Lager"},"schema":{"@context":"https:\/\/schema.org","@graph":[{"@type":"WebPage","@id":"https:\/\/www.alldayled.com\/de\/produkt\/strands-freedom-lighthouse-xl-amber\/","url":"https:\/\/www.alldayled.com\/de\/produkt\/strands-freedom-lighthouse-xl-amber\/","name":"Strands Freedom Lighthouse XL ORANGE - All Day Led - f\u00fcr 12&24 Volt","isPartOf":{"@id":"https:\/\/www.alldayled.com\/de\/#website"},"primaryImageOfPage":{"@id":"https:\/\/www.alldayled.com\/de\/produkt\/strands-freedom-lighthouse-xl-amber\/#primaryimage"},"image":{"@id":"https:\/\/www.alldayled.com\/de\/produkt\/strands-freedom-lighthouse-xl-amber\/#primaryimage"},"thumbnailUrl":"https:\/\/www.alldayled.com\/wp-content\/uploads\/2024\/10\/ADL800265-06.png","datePublished":"2024-10-12T13:05:13+00:00","dateModified":"2025-11-30T08:23:09+00:00","description":"Strands Freedom Lighthouse XL ORANGE - mit ECE R65 - mit 8 Mustern + 3 Meter Anschlusskabel - geeignet f\u00fcr Auto, LKW, Anh\u00e4nger, Traktor und mehr","breadcrumb":{"@id":"https:\/\/www.alldayled.com\/de\/produkt\/strands-freedom-lighthouse-xl-amber\/#breadcrumb"},"inLanguage":"de","potentialAction":[{"@type":"ReadAction","target":["https:\/\/www.alldayled.com\/de\/produkt\/strands-freedom-lighthouse-xl-amber\/"]}]},{"@type":"ImageObject","inLanguage":"de","@id":"https:\/\/www.alldayled.com\/de\/produkt\/strands-freedom-lighthouse-xl-amber\/#primaryimage","url":"https:\/\/www.alldayled.com\/wp-content\/uploads\/2024\/10\/ADL800265-06.png","contentUrl":"https:\/\/www.alldayled.com\/wp-content\/uploads\/2024\/10\/ADL800265-06.png","width":800,"height":600,"caption":"Strands 800265 - EAN: 7323030001605"},{"@type":"BreadcrumbList","@id":"https:\/\/www.alldayled.com\/de\/produkt\/strands-freedom-lighthouse-xl-amber\/#breadcrumb","itemListElement":[{"@type":"ListItem","position":1,"name":"Home","item":"https:\/\/www.alldayled.com\/de\/"},{"@type":"ListItem","position":2,"name":"Shop","item":"https:\/\/www.alldayled.com\/de\/shop\/"},{"@type":"ListItem","position":3,"name":"Warnleuchten","item":"https:\/\/www.alldayled.com\/de\/produkt-kategorie\/blitzlichter\/"},{"@type":"ListItem","position":4,"name":"Rundumleuchte","item":"https:\/\/www.alldayled.com\/de\/produkt-kategorie\/blitzlichter\/zwaailamp\/"},{"@type":"ListItem","position":5,"name":"Strands Freedom Lighthouse XL &#8211; AMBER"}]},{"@type":"WebSite","@id":"https:\/\/www.alldayled.com\/de\/#website","url":"https:\/\/www.alldayled.com\/de\/","name":"All Day Led","description":"Verlichting voor 12&amp;24 volt gebruik","publisher":{"@id":"https:\/\/www.alldayled.com\/de\/#organization"},"potentialAction":[{"@type":"SearchAction","target":{"@type":"EntryPoint","urlTemplate":"https:\/\/www.alldayled.com\/de\/?s={search_term_string}"},"query-input":{"@type":"PropertyValueSpecification","valueRequired":true,"valueName":"search_term_string"}}],"inLanguage":"de"},{"@type":"Organization","@id":"https:\/\/www.alldayled.com\/de\/#organization","name":"All Day Led","url":"https:\/\/www.alldayled.com\/de\/","logo":{"@type":"ImageObject","inLanguage":"de","@id":"https:\/\/www.alldayled.com\/de\/#\/schema\/logo\/image\/","url":"https:\/\/www.alldayled.com\/wp-content\/uploads\/2025\/10\/Logo-ALL-DAY-LED-800x800-zwart-witte-letters.png","contentUrl":"https:\/\/www.alldayled.com\/wp-content\/uploads\/2025\/10\/Logo-ALL-DAY-LED-800x800-zwart-witte-letters.png","width":800,"height":800,"caption":"All Day Led"},"image":{"@id":"https:\/\/www.alldayled.com\/de\/#\/schema\/logo\/image\/"},"sameAs":["https:\/\/www.facebook.com\/alldayled\/","https:\/\/www.instagram.com\/alldayled\/"],"vatID":"NL863960133B01","taxID":"86416545"}]},"product_brand":"Strands","product_price_amount":"229.00","product_price_currency":"EUR","og_availability":"instock","product_availability":"instock","product_retailer_item_id":"ADL800265","product_condition":"new"},"_links":{"self":[{"href":"https:\/\/www.alldayled.com\/de\/wp-json\/wp\/v2\/product\/66701","targetHints":{"allow":["GET"]}}],"collection":[{"href":"https:\/\/www.alldayled.com\/de\/wp-json\/wp\/v2\/product"}],"about":[{"href":"https:\/\/www.alldayled.com\/de\/wp-json\/wp\/v2\/types\/product"}],"replies":[{"embeddable":true,"href":"https:\/\/www.alldayled.com\/de\/wp-json\/wp\/v2\/comments?post=66701"}],"wp:featuredmedia":[{"embeddable":true,"href":"https:\/\/www.alldayled.com\/de\/wp-json\/wp\/v2\/media\/31773"}],"wp:attachment":[{"href":"https:\/\/www.alldayled.com\/de\/wp-json\/wp\/v2\/media?parent=66701"}],"wp:term":[{"taxonomy":"product_brand","embeddable":true,"href":"https:\/\/www.alldayled.com\/de\/wp-json\/wp\/v2\/product_brand?post=66701"},{"taxonomy":"product_cat","embeddable":true,"href":"https:\/\/www.alldayled.com\/de\/wp-json\/wp\/v2\/product_cat?post=66701"},{"taxonomy":"product_tag","embeddable":true,"href":"https:\/\/www.alldayled.com\/de\/wp-json\/wp\/v2\/product_tag?post=66701"}],"curies":[{"name":"wp","href":"https:\/\/api.w.org\/{rel}","templated":true}]}}