{"id":66703,"date":"2022-01-20T13:28:50","date_gmt":"2022-01-20T12:28:50","guid":{"rendered":"https:\/\/www.alldayled.com\/product\/strands-6-led-flitser-oranje\/"},"modified":"2026-03-03T18:53:57","modified_gmt":"2026-03-03T17:53:57","slug":"strands-6-led-flitser-oranje","status":"publish","type":"product","link":"https:\/\/www.alldayled.com\/de\/produkt\/strands-6-led-flitser-oranje\/","title":{"rendered":"Strands 6 LED Blitz &#8211; orange"},"content":{"rendered":"<p><span style=\"color: #000000;\"><strong>Strands Mini 6 LED Blitz orange, geeignet f\u00fcr 12\/24V Betrieb. <\/strong><\/span><\/p>\n<p><span style=\"color: #000000;\">Sind Sie auf der Suche nach einem flachen LED Blitz mit klarem Glas, der in der Farbe Orange leuchtet? Dann ist dieser 6 LED Blitz mit 26 Mustern vielleicht die LED-Warnleuchte, die Sie suchen. Die LED Lampe hat 6 eingebaute LED&#8217;s und eine theoretische Lichtst\u00e4rke von 18W. Durch die hohe Wattzahl k\u00f6nnen Sie sicher sein, dass Sie w\u00e4hrend der Arbeiten gut sichtbar sind. Au\u00dferdem funktioniert der LED Blitz mit 12 und 24 Volt. Das bedeutet, dass Sie den orangefarbenen LED Blitz beispielsweise f\u00fcr Ihr Auto, Ihren LKW, Ihren Traktor, Ihren Anh\u00e4nger oder ein anderes Fahrzeug verwenden k\u00f6nnen.     <\/span><\/p>\n<p><span style=\"color: #000000;\">Um sicherzustellen, dass der Strands LED Blitz orange f\u00fcr Ihr Fahrzeug oder Ihren Anh\u00e4nger geeignet ist, haben wir unten eine Reihe von Spezifikationen aufgef\u00fchrt. All dies, um Ihnen zu verdeutlichen, warum dies vielleicht die LED-Lampe ist, nach der Sie suchen. Die LED-Warnleuchte ist unter anderem mit dem ECE R10-Pr\u00fcfzeichen versehen. Das Pr\u00fcfzeichen ECE R10 bedeutet, dass die Lampe w\u00e4hrend der Aktivierung keine St\u00f6rungen verursacht, beispielsweise auf dem Funksignal. Au\u00dferdem wird die LED-Lampe mit einem 2,5 m langen Kabel geliefert. Da die LED-Lampe mit einem langen Anschlusskabel geliefert wird, wird die Montage vereinfacht. Zum Schutz des Lacks wird die Lampe mit einer Gummiplatte geliefert. Diese Gummiplatte k\u00f6nnen Sie zwischen dem Fahrzeug und dem Blitz platzieren, wodurch die Gefahr von Lacksch\u00e4den geringer ist.        <\/span><\/p>\n<h5><span style=\"color: #000000;\"><strong>Abmessungen:<\/strong><\/span><\/h5>\n<p><span style=\"color: #000000;\">Um sicherzustellen, dass Sie den LED Blitz dort montieren k\u00f6nnen, wo Sie m\u00f6chten, haben wir unten die Abmessungen notiert. Die Abmessungen des flachen Strands LED Blitzes orange mit 6 LED&#8217;s sind wie folgt:  <\/span><\/p>\n<ul>\n<li><span style=\"color: #000000;\">L\u00e4nge: 128 mm<\/span><\/li>\n<li><span style=\"color: #000000;\">H\u00f6he: 28 mm<br \/>\n<\/span><\/li>\n<li><span style=\"color: #000000;\">Dicke: 20 mm<\/span><\/li>\n<\/ul>\n<h5><span style=\"color: #000000;\"><strong>Andere Versionen: <\/strong><\/span><\/h5>\n<p><span style=\"color: #000000;\">M\u00f6chten Sie einen flachen LED Blitz kaufen, aber die Ausf\u00fchrung mit orangefarbenen LED&#8217;s ist nicht das, was Sie suchen? Dann wissen Sie, dass der LED Blitz der Marke Strands auch in den folgenden Ausf\u00fchrungen erh\u00e4ltlich ist:  <\/span><\/p>\n<ul>\n<li><span style=\"color: #000000;\"><a style=\"color: #000000;\" href=\"https:\/\/www.alldayled.com\/de\/produkt\/strands-6-led-flitser-wit\/\"><strong>Strands Blitz wei\u00df &#8211; 6 LED<\/strong><\/a><\/span><\/li>\n<\/ul>\n<p><span style=\"color: #000000;\">Sind Sie immer noch der Meinung, dass der flache 6 LED Blitz in der Farbe Orange nicht das ist, was Sie suchen? Einfach, weil die Lichtleistung oder Wattzahl nicht hoch genug oder sogar zu hoch ist? Dann werfen Sie einen Blick auf unsere Seite <g id=\"gid_0\">Blitze und Rundumleuchten<\/g>. Vielleicht finden Sie hier das LED-Lampenmodell, das Sie suchen.   <\/span><\/p>\n","protected":false},"excerpt":{"rendered":"<p>Mini 6 LED Blitz mit klarem Glas von Strands. Ausgestattet mit orangefarbenen LED und arbeitet mit 12\/24V. <\/p>\n","protected":false},"featured_media":20889,"comment_status":"open","ping_status":"closed","template":"","meta":{"_acf_changed":false},"product_brand":[5114],"product_cat":[5304],"product_tag":[9088,9093,9094,9099,9095,9097,9089,9090,9091,9092],"class_list":{"0":"post-66703","1":"product","2":"type-product","3":"status-publish","4":"has-post-thumbnail","6":"product_brand-product-strands-lighting-division","7":"product_cat-flitser","8":"product_tag-led-blitz","9":"product_tag-led-blitz-anhanger","10":"product_tag-led-blitz-auto","11":"product_tag-led-blitz-lkw","12":"product_tag-led-blitz-orange","13":"product_tag-led-blitz-traktor","14":"product_tag-led-taschenlampe-12-volt","15":"product_tag-led-taschenlampe-12v","16":"product_tag-led-taschenlampe-24-volt","17":"product_tag-led-taschenlampe-24v","19":"first","20":"instock","21":"taxable","22":"shipping-taxable","23":"purchasable","24":"product-type-simple"},"acf":[],"yoast_head":"<!-- This site is optimized with the Yoast SEO Premium plugin v26.5 (Yoast SEO v27.1.1) - https:\/\/yoast.com\/product\/yoast-seo-premium-wordpress\/ -->\n<title>Strands LED Blitz orange - 6 LED&#039;s - All Day Led - 12&amp;24 Volt<\/title>\n<meta name=\"description\" content=\"Strands LED Blitz orange - Warnleuchte mit 6 LED&#039;s - mit 2,5m Kabel - geeignet f\u00fcr 12&amp;24V - Auto, Anh\u00e4nger, LKW und mehr\" \/>\n<meta name=\"robots\" content=\"index, follow, max-snippet:-1, max-image-preview:large, max-video-preview:-1\" \/>\n<link rel=\"canonical\" href=\"https:\/\/www.alldayled.com\/de\/produkt\/strands-6-led-flitser-oranje\/\" \/>\n<meta property=\"og:locale\" content=\"de_DE\" \/>\n<meta property=\"og:type\" content=\"article\" \/>\n<meta property=\"og:title\" content=\"Strands LED Blitz orange - 6 LED&#039;s - All Day Led - 12&amp;24 Volt\" \/>\n<meta property=\"og:description\" content=\"Strands LED Blitz orange - Warnleuchte mit 6 LED&#039;s - mit 2,5m Kabel - geeignet f\u00fcr 12&amp;24V - Auto, Anh\u00e4nger, LKW und mehr\" \/>\n<meta property=\"og:url\" content=\"https:\/\/www.alldayled.com\/de\/produkt\/strands-6-led-flitser-oranje\/\" \/>\n<meta property=\"og:site_name\" content=\"All Day Led\" \/>\n<meta property=\"article:publisher\" content=\"https:\/\/www.facebook.com\/alldayled\/\" \/>\n<meta property=\"article:modified_time\" content=\"2026-03-03T17:53:57+00:00\" \/>\n<meta property=\"og:image\" content=\"https:\/\/www.alldayled.com\/wp-content\/uploads\/2024\/06\/ADL850176-O-300x300.png\" \/>\n<meta name=\"twitter:label1\" content=\"Preis\" \/>\n\t<meta name=\"twitter:data1\" content=\"&euro;&nbsp;74,95\" \/>\n\t<meta name=\"twitter:label2\" content=\"Verf\u00fcgbarkeit\" \/>\n\t<meta name=\"twitter:data2\" content=\"Auf Lager\" \/>\n<script type=\"application\/ld+json\" class=\"yoast-schema-graph\">{\"@context\":\"https:\/\/schema.org\",\"@graph\":[{\"@type\":\"WebPage\",\"@id\":\"https:\/\/www.alldayled.com\/de\/produkt\/strands-6-led-flitser-oranje\/\",\"url\":\"https:\/\/www.alldayled.com\/de\/produkt\/strands-6-led-flitser-oranje\/\",\"name\":\"Strands LED Blitz orange - 6 LED's - All Day Led - 12&24 Volt\",\"isPartOf\":{\"@id\":\"https:\/\/www.alldayled.com\/de\/#website\"},\"primaryImageOfPage\":{\"@id\":\"https:\/\/www.alldayled.com\/de\/produkt\/strands-6-led-flitser-oranje\/#primaryimage\"},\"image\":{\"@id\":\"https:\/\/www.alldayled.com\/de\/produkt\/strands-6-led-flitser-oranje\/#primaryimage\"},\"thumbnailUrl\":\"https:\/\/www.alldayled.com\/wp-content\/uploads\/2022\/01\/ADL85176-O.png\",\"datePublished\":\"2022-01-20T12:28:50+00:00\",\"dateModified\":\"2026-03-03T17:53:57+00:00\",\"description\":\"Strands LED Blitz orange - Warnleuchte mit 6 LED's - mit 2,5m Kabel - geeignet f\u00fcr 12&24V - Auto, Anh\u00e4nger, LKW und mehr\",\"breadcrumb\":{\"@id\":\"https:\/\/www.alldayled.com\/de\/produkt\/strands-6-led-flitser-oranje\/#breadcrumb\"},\"inLanguage\":\"de\",\"potentialAction\":[{\"@type\":\"ReadAction\",\"target\":[\"https:\/\/www.alldayled.com\/de\/produkt\/strands-6-led-flitser-oranje\/\"]}]},{\"@type\":\"ImageObject\",\"inLanguage\":\"de\",\"@id\":\"https:\/\/www.alldayled.com\/de\/produkt\/strands-6-led-flitser-oranje\/#primaryimage\",\"url\":\"https:\/\/www.alldayled.com\/wp-content\/uploads\/2022\/01\/ADL85176-O.png\",\"contentUrl\":\"https:\/\/www.alldayled.com\/wp-content\/uploads\/2022\/01\/ADL85176-O.png\",\"width\":800,\"height\":600,\"caption\":\"Strands LED Blitz ORANGE - LED Warnleuchte mit 6 LED's - geeignet f\u00fcr 12 und 24 Volt Betrieb - EAN: 7323030168056\"},{\"@type\":\"BreadcrumbList\",\"@id\":\"https:\/\/www.alldayled.com\/de\/produkt\/strands-6-led-flitser-oranje\/#breadcrumb\",\"itemListElement\":[{\"@type\":\"ListItem\",\"position\":1,\"name\":\"Home\",\"item\":\"https:\/\/www.alldayled.com\/de\/\"},{\"@type\":\"ListItem\",\"position\":2,\"name\":\"Shop\",\"item\":\"https:\/\/www.alldayled.com\/de\/shop\/\"},{\"@type\":\"ListItem\",\"position\":3,\"name\":\"Warnleuchten\",\"item\":\"https:\/\/www.alldayled.com\/de\/produkt-kategorie\/blitzlichter\/\"},{\"@type\":\"ListItem\",\"position\":4,\"name\":\"Blitzer\",\"item\":\"https:\/\/www.alldayled.com\/de\/produkt-kategorie\/blitzlichter\/flitser\/\"},{\"@type\":\"ListItem\",\"position\":5,\"name\":\"Strands 6 LED Blitz &#8211; orange\"}]},{\"@type\":\"WebSite\",\"@id\":\"https:\/\/www.alldayled.com\/de\/#website\",\"url\":\"https:\/\/www.alldayled.com\/de\/\",\"name\":\"All Day Led\",\"description\":\"Verlichting voor 12&amp;24 volt gebruik\",\"publisher\":{\"@id\":\"https:\/\/www.alldayled.com\/de\/#organization\"},\"potentialAction\":[{\"@type\":\"SearchAction\",\"target\":{\"@type\":\"EntryPoint\",\"urlTemplate\":\"https:\/\/www.alldayled.com\/de\/?s={search_term_string}\"},\"query-input\":{\"@type\":\"PropertyValueSpecification\",\"valueRequired\":true,\"valueName\":\"search_term_string\"}}],\"inLanguage\":\"de\"},{\"@type\":\"Organization\",\"@id\":\"https:\/\/www.alldayled.com\/de\/#organization\",\"name\":\"All Day Led\",\"url\":\"https:\/\/www.alldayled.com\/de\/\",\"logo\":{\"@type\":\"ImageObject\",\"inLanguage\":\"de\",\"@id\":\"https:\/\/www.alldayled.com\/de\/#\/schema\/logo\/image\/\",\"url\":\"https:\/\/www.alldayled.com\/wp-content\/uploads\/2025\/10\/Logo-ALL-DAY-LED-800x800-zwart-witte-letters.png\",\"contentUrl\":\"https:\/\/www.alldayled.com\/wp-content\/uploads\/2025\/10\/Logo-ALL-DAY-LED-800x800-zwart-witte-letters.png\",\"width\":800,\"height\":800,\"caption\":\"All Day Led\"},\"image\":{\"@id\":\"https:\/\/www.alldayled.com\/de\/#\/schema\/logo\/image\/\"},\"sameAs\":[\"https:\/\/www.facebook.com\/alldayled\/\",\"https:\/\/www.instagram.com\/alldayled\/\"],\"vatID\":\"NL863960133B01\",\"taxID\":\"86416545\"}]}<\/script>\n<meta property=\"product:brand\" content=\"Strands\" \/>\n<meta property=\"product:price:amount\" content=\"74.95\" \/>\n<meta property=\"product:price:currency\" content=\"EUR\" \/>\n<meta property=\"og:availability\" content=\"instock\" \/>\n<meta property=\"product:availability\" content=\"instock\" \/>\n<meta property=\"product:retailer_item_id\" content=\"ADL850176-O\" \/>\n<meta property=\"product:condition\" content=\"new\" \/>\n<!-- \/ Yoast SEO Premium plugin. -->","yoast_head_json":{"title":"Strands LED Blitz orange - 6 LED's - All Day Led - 12&24 Volt","description":"Strands LED Blitz orange - Warnleuchte mit 6 LED's - mit 2,5m Kabel - geeignet f\u00fcr 12&24V - Auto, Anh\u00e4nger, LKW und mehr","robots":{"index":"index","follow":"follow","max-snippet":"max-snippet:-1","max-image-preview":"max-image-preview:large","max-video-preview":"max-video-preview:-1"},"canonical":"https:\/\/www.alldayled.com\/de\/produkt\/strands-6-led-flitser-oranje\/","og_locale":"de_DE","og_type":"article","og_title":"Strands LED Blitz orange - 6 LED's - All Day Led - 12&24 Volt","og_description":"Strands LED Blitz orange - Warnleuchte mit 6 LED's - mit 2,5m Kabel - geeignet f\u00fcr 12&24V - Auto, Anh\u00e4nger, LKW und mehr","og_url":"https:\/\/www.alldayled.com\/de\/produkt\/strands-6-led-flitser-oranje\/","og_site_name":"All Day Led","article_publisher":"https:\/\/www.facebook.com\/alldayled\/","article_modified_time":"2026-03-03T17:53:57+00:00","og_image":[{"url":"https:\/\/www.alldayled.com\/wp-content\/uploads\/2024\/06\/ADL850176-O-300x300.png","type":"","width":"","height":""}],"twitter_misc":{"Preis":"&euro;&nbsp;74,95","Verf\u00fcgbarkeit":"Auf Lager"},"schema":{"@context":"https:\/\/schema.org","@graph":[{"@type":"WebPage","@id":"https:\/\/www.alldayled.com\/de\/produkt\/strands-6-led-flitser-oranje\/","url":"https:\/\/www.alldayled.com\/de\/produkt\/strands-6-led-flitser-oranje\/","name":"Strands LED Blitz orange - 6 LED's - All Day Led - 12&24 Volt","isPartOf":{"@id":"https:\/\/www.alldayled.com\/de\/#website"},"primaryImageOfPage":{"@id":"https:\/\/www.alldayled.com\/de\/produkt\/strands-6-led-flitser-oranje\/#primaryimage"},"image":{"@id":"https:\/\/www.alldayled.com\/de\/produkt\/strands-6-led-flitser-oranje\/#primaryimage"},"thumbnailUrl":"https:\/\/www.alldayled.com\/wp-content\/uploads\/2022\/01\/ADL85176-O.png","datePublished":"2022-01-20T12:28:50+00:00","dateModified":"2026-03-03T17:53:57+00:00","description":"Strands LED Blitz orange - Warnleuchte mit 6 LED's - mit 2,5m Kabel - geeignet f\u00fcr 12&24V - Auto, Anh\u00e4nger, LKW und mehr","breadcrumb":{"@id":"https:\/\/www.alldayled.com\/de\/produkt\/strands-6-led-flitser-oranje\/#breadcrumb"},"inLanguage":"de","potentialAction":[{"@type":"ReadAction","target":["https:\/\/www.alldayled.com\/de\/produkt\/strands-6-led-flitser-oranje\/"]}]},{"@type":"ImageObject","inLanguage":"de","@id":"https:\/\/www.alldayled.com\/de\/produkt\/strands-6-led-flitser-oranje\/#primaryimage","url":"https:\/\/www.alldayled.com\/wp-content\/uploads\/2022\/01\/ADL85176-O.png","contentUrl":"https:\/\/www.alldayled.com\/wp-content\/uploads\/2022\/01\/ADL85176-O.png","width":800,"height":600,"caption":"Strands LED Blitz ORANGE - LED Warnleuchte mit 6 LED's - geeignet f\u00fcr 12 und 24 Volt Betrieb - EAN: 7323030168056"},{"@type":"BreadcrumbList","@id":"https:\/\/www.alldayled.com\/de\/produkt\/strands-6-led-flitser-oranje\/#breadcrumb","itemListElement":[{"@type":"ListItem","position":1,"name":"Home","item":"https:\/\/www.alldayled.com\/de\/"},{"@type":"ListItem","position":2,"name":"Shop","item":"https:\/\/www.alldayled.com\/de\/shop\/"},{"@type":"ListItem","position":3,"name":"Warnleuchten","item":"https:\/\/www.alldayled.com\/de\/produkt-kategorie\/blitzlichter\/"},{"@type":"ListItem","position":4,"name":"Blitzer","item":"https:\/\/www.alldayled.com\/de\/produkt-kategorie\/blitzlichter\/flitser\/"},{"@type":"ListItem","position":5,"name":"Strands 6 LED Blitz &#8211; orange"}]},{"@type":"WebSite","@id":"https:\/\/www.alldayled.com\/de\/#website","url":"https:\/\/www.alldayled.com\/de\/","name":"All Day Led","description":"Verlichting voor 12&amp;24 volt gebruik","publisher":{"@id":"https:\/\/www.alldayled.com\/de\/#organization"},"potentialAction":[{"@type":"SearchAction","target":{"@type":"EntryPoint","urlTemplate":"https:\/\/www.alldayled.com\/de\/?s={search_term_string}"},"query-input":{"@type":"PropertyValueSpecification","valueRequired":true,"valueName":"search_term_string"}}],"inLanguage":"de"},{"@type":"Organization","@id":"https:\/\/www.alldayled.com\/de\/#organization","name":"All Day Led","url":"https:\/\/www.alldayled.com\/de\/","logo":{"@type":"ImageObject","inLanguage":"de","@id":"https:\/\/www.alldayled.com\/de\/#\/schema\/logo\/image\/","url":"https:\/\/www.alldayled.com\/wp-content\/uploads\/2025\/10\/Logo-ALL-DAY-LED-800x800-zwart-witte-letters.png","contentUrl":"https:\/\/www.alldayled.com\/wp-content\/uploads\/2025\/10\/Logo-ALL-DAY-LED-800x800-zwart-witte-letters.png","width":800,"height":800,"caption":"All Day Led"},"image":{"@id":"https:\/\/www.alldayled.com\/de\/#\/schema\/logo\/image\/"},"sameAs":["https:\/\/www.facebook.com\/alldayled\/","https:\/\/www.instagram.com\/alldayled\/"],"vatID":"NL863960133B01","taxID":"86416545"}]},"product_brand":"Strands","product_price_amount":"74.95","product_price_currency":"EUR","og_availability":"instock","product_availability":"instock","product_retailer_item_id":"ADL850176-O","product_condition":"new"},"_links":{"self":[{"href":"https:\/\/www.alldayled.com\/de\/wp-json\/wp\/v2\/product\/66703","targetHints":{"allow":["GET"]}}],"collection":[{"href":"https:\/\/www.alldayled.com\/de\/wp-json\/wp\/v2\/product"}],"about":[{"href":"https:\/\/www.alldayled.com\/de\/wp-json\/wp\/v2\/types\/product"}],"replies":[{"embeddable":true,"href":"https:\/\/www.alldayled.com\/de\/wp-json\/wp\/v2\/comments?post=66703"}],"wp:featuredmedia":[{"embeddable":true,"href":"https:\/\/www.alldayled.com\/de\/wp-json\/wp\/v2\/media\/20889"}],"wp:attachment":[{"href":"https:\/\/www.alldayled.com\/de\/wp-json\/wp\/v2\/media?parent=66703"}],"wp:term":[{"taxonomy":"product_brand","embeddable":true,"href":"https:\/\/www.alldayled.com\/de\/wp-json\/wp\/v2\/product_brand?post=66703"},{"taxonomy":"product_cat","embeddable":true,"href":"https:\/\/www.alldayled.com\/de\/wp-json\/wp\/v2\/product_cat?post=66703"},{"taxonomy":"product_tag","embeddable":true,"href":"https:\/\/www.alldayled.com\/de\/wp-json\/wp\/v2\/product_tag?post=66703"}],"curies":[{"name":"wp","href":"https:\/\/api.w.org\/{rel}","templated":true}]}}