{"id":66713,"date":"2024-09-24T11:29:32","date_gmt":"2024-09-24T09:29:32","guid":{"rendered":"https:\/\/www.alldayled.com\/product\/strands-for9t-scale-positielicht-oranje\/"},"modified":"2026-04-14T07:03:58","modified_gmt":"2026-04-14T05:03:58","slug":"strands-for9t-scale-positielicht-oranje","status":"publish","type":"product","link":"https:\/\/www.alldayled.com\/de\/produkt\/strands-for9t-scale-positielicht-oranje\/","title":{"rendered":"Strands FOR9T Scale Positionsleuchte orange"},"content":{"rendered":"<p><span style=\"color: #000000;\"><strong>Strands FOR9T Scale Positionsleuchte ORANGE, f\u00fcr 12 &amp; 24 Volt. <\/strong><\/span><\/p>\n<p><span style=\"color: #000000;\">Suchst du ein neues Modell Markierungsleuchte mit Smoke-Glas? Und m\u00f6chtest du, dass die LED-Lampe in der Farbe ORANGE leuchtet? Dann ist die Strands For9t Scale Positionsleuchte ORANGE mit Smoke-Glas vielleicht genau die Lampe, die du suchst. Die voll zugelassene LED-Positionsleuchte ist mit einem 5 m langen Anschlusskabel ausgestattet und wird mit Montagegummi geliefert. Au\u00dferdem arbeitet die FOR9T Scale Lampe mit 12 und 24 Volt. Das bedeutet, dass du die LED-Lampe zum Beispiel an deinem Auto, Wohnmobil, LKW, Anh\u00e4nger oder einem anderen Fahrzeugtyp montieren kannst.     <\/span><\/p>\n<div class=\"truncated\">\n<p><span style=\"color: #000000;\">Weil du vor dem Kauf sicher sein willst, dass dies die Lampe ist, die du suchst, haben wir unten einige Eigenschaften dieser LED-Lampe aufgef\u00fchrt. Die Umrissbeleuchtung mit dunklem Glas ist unter anderem mit ECE R10 ausgestattet. Au\u00dferdem verf\u00fcgt die LED-Markierungsleuchte der Marke Strands \u00fcber das ECE R148 Pr\u00fcfzeichen. Dieses Pr\u00fcfzeichen gibt an, dass du die Lampe als Markierungsleuchte verwenden darfst. Weiterhin wird die Strands FOR9T Scale Positionsleuchte pro St\u00fcck geliefert und jeder Lampe liegt eine Anleitung bei.     <\/span><\/p>\n<h5><span style=\"color: #000000;\"><strong>Abmessungen:<\/strong><\/span><\/h5>\n<p><span style=\"color: #000000;\">Damit du vor dem Kauf sicher sein kannst, dass du die Umrissbeleuchtung mit dunklem Glas dort montieren kannst, wo du willst, haben wir unten die Ma\u00dfe der LED-Lampe notiert. Die Ma\u00dfe der Strands For9t Scale Positionsleuchte ORANGE in Smoke-Ausf\u00fchrung sind wie folgt:  <\/span><\/p>\n<\/div>\n<div class=\"truncated\">\n<ul>\n<li><span style=\"color: #000000;\">L\u00e4nge: 116,5 mm<\/span><\/li>\n<li><span style=\"color: #000000;\">H\u00f6he: 54,0 mm<\/span><\/li>\n<li><span style=\"color: #000000;\">Dicke: 22,0 mm<\/span><\/li>\n<li><span style=\"color: #000000;\">Lochabstand: 90,0 mm<\/span><\/li>\n<\/ul>\n<h5><span style=\"color: #000000;\"><strong>Andere Versionen:<\/strong><\/span><\/h5>\n<p><span style=\"color: #000000;\">M\u00f6chtest du eine LED-Lampe von Strands aus der For9t-Serie kaufen, aber die Strands For9t Scale Positionsleuchte ORANGE ist nicht die Lampe, die du suchst? Dann wisse, dass die FOR9T-Serie der Marke Strands auch diverse andere Lampentypen umfasst. Hier findest du eine Liste der weiteren Modelle, die Strands anbietet.   <\/span><\/p>\n<\/div>\n<ul>\n<li><span style=\"color: #000000;\"><a style=\"color: #000000;\" href=\"https:\/\/www.alldayled.com\/de\/produkt\/strands-beugel-voor-scale-en-gravity-lamp\/\"><strong>Halterung f\u00fcr Scale und Gravity Lampe<\/strong><\/a><\/span><\/li>\n<li><span style=\"color: #000000;\"><a style=\"color: #000000;\" href=\"https:\/\/www.alldayled.com\/de\/produkt\/strands-for9t-scale-positielicht-rood\/\"><strong>For9t Scale rot<\/strong><\/a><\/span><\/li>\n<li><span style=\"color: #000000;\"><a style=\"color: #000000;\" href=\"https:\/\/www.alldayled.com\/de\/produkt\/strands-for9t-scale-positielicht-wit\/\"><strong>For9t Scale wei\u00df<\/strong><\/a><\/span><\/li>\n<\/ul>\n<p><span style=\"color: #000000;\">Bist du dennoch der Meinung, dass die Strands For9t Scale Positionsleuchte ORANGE nicht das ist, wonach du suchst? Einfach weil die Lichtleistung, Wattzahl oder Form nicht deinen W\u00fcnschen entspricht? Dann schau dir hier das komplette Angebot von <a style=\"color: #000000;\" href=\"https:\/\/www.alldayled.com\/de\/marke\/product-strands-lighting-division\/\" target=\"_blank\" rel=\"noopener\">Strands<\/a> an. Vielleicht findest du hier das Lampenmodell, das du suchst.   <\/span><\/p>\n","protected":false},"excerpt":{"rendered":"<p>Strands FOR9T Scale Markierungsleuchte orange, geeignet f\u00fcr 12 &amp; 24 Volt.<\/p>\n","protected":false},"featured_media":31302,"comment_status":"open","ping_status":"closed","template":"","meta":{"_acf_changed":false},"product_brand":[5114],"product_cat":[5196,5361],"product_tag":[9151,9269,9153,9158,9159,9270,9167,9155,9157,9156,9271,9064,9065,9160],"class_list":{"0":"post-66713","1":"product","2":"type-product","3":"status-publish","4":"has-post-thumbnail","6":"product_brand-product-strands-lighting-division","7":"product_cat-markeringslampen","8":"product_cat-strands-for9t","9":"product_tag-konturbeleuchtung","10":"product_tag-led-markierung-orange","11":"product_tag-led-markierungsleuchte","12":"product_tag-led-markierungsleuchte-12-volt","13":"product_tag-led-markierungsleuchte-24-volt","14":"product_tag-led-markierungsleuchte-orange","15":"product_tag-markierungsleuchte-anhanger","16":"product_tag-markierungsleuchte-anhaenger","17":"product_tag-markierungsleuchte-lkw","18":"product_tag-markierungsleuchte-wohnmobil","19":"product_tag-seitenmarkierung","20":"product_tag-strands-led-beleuchtung","21":"product_tag-strands-lighting-division","22":"product_tag-truckstyling","24":"first","25":"instock","26":"taxable","27":"shipping-taxable","28":"purchasable","29":"product-type-simple"},"acf":[],"yoast_head":"<!-- This site is optimized with the Yoast SEO Premium plugin v26.5 (Yoast SEO v27.1.1) - https:\/\/yoast.com\/product\/yoast-seo-premium-wordpress\/ -->\n<title>Strands FOR9T Scale Positionsleuchte orange - All Day Led - f\u00fcr 12&amp;24 Volt<\/title>\n<meta name=\"description\" content=\"Strands FOR9T Scale Positionsleuchte orange - LED-Markierungsleuchte mit ECE R148 Pr\u00fcfzeichen - mit 5 m Anschlusskabel - SMOKE-Linse - Auto, LKW, Wohnmobil und mehr\" \/>\n<meta name=\"robots\" content=\"index, follow, max-snippet:-1, max-image-preview:large, max-video-preview:-1\" \/>\n<link rel=\"canonical\" href=\"https:\/\/www.alldayled.com\/de\/produkt\/strands-for9t-scale-positielicht-oranje\/\" \/>\n<meta property=\"og:locale\" content=\"de_DE\" \/>\n<meta property=\"og:type\" content=\"article\" \/>\n<meta property=\"og:title\" content=\"Strands FOR9T Scale Positionsleuchte orange - All Day Led - f\u00fcr 12&amp;24 Volt\" \/>\n<meta property=\"og:description\" content=\"Strands FOR9T Scale Positionsleuchte orange - LED-Markierungsleuchte mit ECE R148 Pr\u00fcfzeichen - mit 5 m Anschlusskabel - SMOKE-Linse - Auto, LKW, Wohnmobil und mehr\" \/>\n<meta property=\"og:url\" content=\"https:\/\/www.alldayled.com\/de\/produkt\/strands-for9t-scale-positielicht-oranje\/\" \/>\n<meta property=\"og:site_name\" content=\"All Day Led\" \/>\n<meta property=\"article:publisher\" content=\"https:\/\/www.facebook.com\/alldayled\/\" \/>\n<meta property=\"article:modified_time\" content=\"2026-04-14T05:03:58+00:00\" \/>\n<meta property=\"og:image\" content=\"https:\/\/www.alldayled.com\/wp-content\/uploads\/2024\/09\/ADL850452.01-300x300.png\" \/>\n<meta name=\"twitter:label1\" content=\"Preis\" \/>\n\t<meta name=\"twitter:data1\" content=\"&euro;&nbsp;18,95\" \/>\n\t<meta name=\"twitter:label2\" content=\"Verf\u00fcgbarkeit\" \/>\n\t<meta name=\"twitter:data2\" content=\"Auf Lager\" \/>\n<script type=\"application\/ld+json\" class=\"yoast-schema-graph\">{\"@context\":\"https:\/\/schema.org\",\"@graph\":[{\"@type\":\"WebPage\",\"@id\":\"https:\/\/www.alldayled.com\/de\/produkt\/strands-for9t-scale-positielicht-oranje\/\",\"url\":\"https:\/\/www.alldayled.com\/de\/produkt\/strands-for9t-scale-positielicht-oranje\/\",\"name\":\"Strands FOR9T Scale Positionsleuchte orange - All Day Led - f\u00fcr 12&24 Volt\",\"isPartOf\":{\"@id\":\"https:\/\/www.alldayled.com\/de\/#website\"},\"primaryImageOfPage\":{\"@id\":\"https:\/\/www.alldayled.com\/de\/produkt\/strands-for9t-scale-positielicht-oranje\/#primaryimage\"},\"image\":{\"@id\":\"https:\/\/www.alldayled.com\/de\/produkt\/strands-for9t-scale-positielicht-oranje\/#primaryimage\"},\"thumbnailUrl\":\"https:\/\/www.alldayled.com\/wp-content\/uploads\/2024\/09\/ADL850452.png\",\"datePublished\":\"2024-09-24T09:29:32+00:00\",\"dateModified\":\"2026-04-14T05:03:58+00:00\",\"description\":\"Strands FOR9T Scale Positionsleuchte orange - LED-Markierungsleuchte mit ECE R148 Pr\u00fcfzeichen - mit 5 m Anschlusskabel - SMOKE-Linse - Auto, LKW, Wohnmobil und mehr\",\"breadcrumb\":{\"@id\":\"https:\/\/www.alldayled.com\/de\/produkt\/strands-for9t-scale-positielicht-oranje\/#breadcrumb\"},\"inLanguage\":\"de\",\"potentialAction\":[{\"@type\":\"ReadAction\",\"target\":[\"https:\/\/www.alldayled.com\/de\/produkt\/strands-for9t-scale-positielicht-oranje\/\"]}]},{\"@type\":\"ImageObject\",\"inLanguage\":\"de\",\"@id\":\"https:\/\/www.alldayled.com\/de\/produkt\/strands-for9t-scale-positielicht-oranje\/#primaryimage\",\"url\":\"https:\/\/www.alldayled.com\/wp-content\/uploads\/2024\/09\/ADL850452.png\",\"contentUrl\":\"https:\/\/www.alldayled.com\/wp-content\/uploads\/2024\/09\/ADL850452.png\",\"width\":800,\"height\":600,\"caption\":\"Strands FOR9T Scale Positionsleuchte orange - neues Modell Markierungsleuchte, geliefert mit 5,0 m Kabel - einfache Montage garantiert - f\u00fcr Auto, LKW, Wohnmobil, Anh\u00e4nger und mehr - Strands 850452 - EAN: 7323030191719\"},{\"@type\":\"BreadcrumbList\",\"@id\":\"https:\/\/www.alldayled.com\/de\/produkt\/strands-for9t-scale-positielicht-oranje\/#breadcrumb\",\"itemListElement\":[{\"@type\":\"ListItem\",\"position\":1,\"name\":\"Home\",\"item\":\"https:\/\/www.alldayled.com\/de\/\"},{\"@type\":\"ListItem\",\"position\":2,\"name\":\"Shop\",\"item\":\"https:\/\/www.alldayled.com\/de\/shop\/\"},{\"@type\":\"ListItem\",\"position\":3,\"name\":\"Positionsleuchten\",\"item\":\"https:\/\/www.alldayled.com\/de\/produkt-kategorie\/positionslichter\/\"},{\"@type\":\"ListItem\",\"position\":4,\"name\":\"Markierungsleuchten\",\"item\":\"https:\/\/www.alldayled.com\/de\/produkt-kategorie\/positionslichter\/markeringslampen\/\"},{\"@type\":\"ListItem\",\"position\":5,\"name\":\"Strands FOR9T Scale Positionsleuchte orange\"}]},{\"@type\":\"WebSite\",\"@id\":\"https:\/\/www.alldayled.com\/de\/#website\",\"url\":\"https:\/\/www.alldayled.com\/de\/\",\"name\":\"All Day Led\",\"description\":\"Verlichting voor 12&amp;24 volt gebruik\",\"publisher\":{\"@id\":\"https:\/\/www.alldayled.com\/de\/#organization\"},\"potentialAction\":[{\"@type\":\"SearchAction\",\"target\":{\"@type\":\"EntryPoint\",\"urlTemplate\":\"https:\/\/www.alldayled.com\/de\/?s={search_term_string}\"},\"query-input\":{\"@type\":\"PropertyValueSpecification\",\"valueRequired\":true,\"valueName\":\"search_term_string\"}}],\"inLanguage\":\"de\"},{\"@type\":\"Organization\",\"@id\":\"https:\/\/www.alldayled.com\/de\/#organization\",\"name\":\"All Day Led\",\"url\":\"https:\/\/www.alldayled.com\/de\/\",\"logo\":{\"@type\":\"ImageObject\",\"inLanguage\":\"de\",\"@id\":\"https:\/\/www.alldayled.com\/de\/#\/schema\/logo\/image\/\",\"url\":\"https:\/\/www.alldayled.com\/wp-content\/uploads\/2025\/10\/Logo-ALL-DAY-LED-800x800-zwart-witte-letters.png\",\"contentUrl\":\"https:\/\/www.alldayled.com\/wp-content\/uploads\/2025\/10\/Logo-ALL-DAY-LED-800x800-zwart-witte-letters.png\",\"width\":800,\"height\":800,\"caption\":\"All Day Led\"},\"image\":{\"@id\":\"https:\/\/www.alldayled.com\/de\/#\/schema\/logo\/image\/\"},\"sameAs\":[\"https:\/\/www.facebook.com\/alldayled\/\",\"https:\/\/www.instagram.com\/alldayled\/\"],\"vatID\":\"NL863960133B01\",\"taxID\":\"86416545\"}]}<\/script>\n<meta property=\"product:brand\" content=\"Strands\" \/>\n<meta property=\"product:price:amount\" content=\"18.95\" \/>\n<meta property=\"product:price:currency\" content=\"EUR\" \/>\n<meta property=\"og:availability\" content=\"instock\" \/>\n<meta property=\"product:availability\" content=\"instock\" \/>\n<meta property=\"product:retailer_item_id\" content=\"ADL850452\" \/>\n<meta property=\"product:condition\" content=\"new\" \/>\n<!-- \/ Yoast SEO Premium plugin. -->","yoast_head_json":{"title":"Strands FOR9T Scale Positionsleuchte orange - All Day Led - f\u00fcr 12&24 Volt","description":"Strands FOR9T Scale Positionsleuchte orange - LED-Markierungsleuchte mit ECE R148 Pr\u00fcfzeichen - mit 5 m Anschlusskabel - SMOKE-Linse - Auto, LKW, Wohnmobil und mehr","robots":{"index":"index","follow":"follow","max-snippet":"max-snippet:-1","max-image-preview":"max-image-preview:large","max-video-preview":"max-video-preview:-1"},"canonical":"https:\/\/www.alldayled.com\/de\/produkt\/strands-for9t-scale-positielicht-oranje\/","og_locale":"de_DE","og_type":"article","og_title":"Strands FOR9T Scale Positionsleuchte orange - All Day Led - f\u00fcr 12&24 Volt","og_description":"Strands FOR9T Scale Positionsleuchte orange - LED-Markierungsleuchte mit ECE R148 Pr\u00fcfzeichen - mit 5 m Anschlusskabel - SMOKE-Linse - Auto, LKW, Wohnmobil und mehr","og_url":"https:\/\/www.alldayled.com\/de\/produkt\/strands-for9t-scale-positielicht-oranje\/","og_site_name":"All Day Led","article_publisher":"https:\/\/www.facebook.com\/alldayled\/","article_modified_time":"2026-04-14T05:03:58+00:00","og_image":[{"url":"https:\/\/www.alldayled.com\/wp-content\/uploads\/2024\/09\/ADL850452.01-300x300.png","type":"","width":"","height":""}],"twitter_misc":{"Preis":"&euro;&nbsp;18,95","Verf\u00fcgbarkeit":"Auf Lager"},"schema":{"@context":"https:\/\/schema.org","@graph":[{"@type":"WebPage","@id":"https:\/\/www.alldayled.com\/de\/produkt\/strands-for9t-scale-positielicht-oranje\/","url":"https:\/\/www.alldayled.com\/de\/produkt\/strands-for9t-scale-positielicht-oranje\/","name":"Strands FOR9T Scale Positionsleuchte orange - All Day Led - f\u00fcr 12&24 Volt","isPartOf":{"@id":"https:\/\/www.alldayled.com\/de\/#website"},"primaryImageOfPage":{"@id":"https:\/\/www.alldayled.com\/de\/produkt\/strands-for9t-scale-positielicht-oranje\/#primaryimage"},"image":{"@id":"https:\/\/www.alldayled.com\/de\/produkt\/strands-for9t-scale-positielicht-oranje\/#primaryimage"},"thumbnailUrl":"https:\/\/www.alldayled.com\/wp-content\/uploads\/2024\/09\/ADL850452.png","datePublished":"2024-09-24T09:29:32+00:00","dateModified":"2026-04-14T05:03:58+00:00","description":"Strands FOR9T Scale Positionsleuchte orange - LED-Markierungsleuchte mit ECE R148 Pr\u00fcfzeichen - mit 5 m Anschlusskabel - SMOKE-Linse - Auto, LKW, Wohnmobil und mehr","breadcrumb":{"@id":"https:\/\/www.alldayled.com\/de\/produkt\/strands-for9t-scale-positielicht-oranje\/#breadcrumb"},"inLanguage":"de","potentialAction":[{"@type":"ReadAction","target":["https:\/\/www.alldayled.com\/de\/produkt\/strands-for9t-scale-positielicht-oranje\/"]}]},{"@type":"ImageObject","inLanguage":"de","@id":"https:\/\/www.alldayled.com\/de\/produkt\/strands-for9t-scale-positielicht-oranje\/#primaryimage","url":"https:\/\/www.alldayled.com\/wp-content\/uploads\/2024\/09\/ADL850452.png","contentUrl":"https:\/\/www.alldayled.com\/wp-content\/uploads\/2024\/09\/ADL850452.png","width":800,"height":600,"caption":"Strands FOR9T Scale Positionsleuchte orange - neues Modell Markierungsleuchte, geliefert mit 5,0 m Kabel - einfache Montage garantiert - f\u00fcr Auto, LKW, Wohnmobil, Anh\u00e4nger und mehr - Strands 850452 - EAN: 7323030191719"},{"@type":"BreadcrumbList","@id":"https:\/\/www.alldayled.com\/de\/produkt\/strands-for9t-scale-positielicht-oranje\/#breadcrumb","itemListElement":[{"@type":"ListItem","position":1,"name":"Home","item":"https:\/\/www.alldayled.com\/de\/"},{"@type":"ListItem","position":2,"name":"Shop","item":"https:\/\/www.alldayled.com\/de\/shop\/"},{"@type":"ListItem","position":3,"name":"Positionsleuchten","item":"https:\/\/www.alldayled.com\/de\/produkt-kategorie\/positionslichter\/"},{"@type":"ListItem","position":4,"name":"Markierungsleuchten","item":"https:\/\/www.alldayled.com\/de\/produkt-kategorie\/positionslichter\/markeringslampen\/"},{"@type":"ListItem","position":5,"name":"Strands FOR9T Scale Positionsleuchte orange"}]},{"@type":"WebSite","@id":"https:\/\/www.alldayled.com\/de\/#website","url":"https:\/\/www.alldayled.com\/de\/","name":"All Day Led","description":"Verlichting voor 12&amp;24 volt gebruik","publisher":{"@id":"https:\/\/www.alldayled.com\/de\/#organization"},"potentialAction":[{"@type":"SearchAction","target":{"@type":"EntryPoint","urlTemplate":"https:\/\/www.alldayled.com\/de\/?s={search_term_string}"},"query-input":{"@type":"PropertyValueSpecification","valueRequired":true,"valueName":"search_term_string"}}],"inLanguage":"de"},{"@type":"Organization","@id":"https:\/\/www.alldayled.com\/de\/#organization","name":"All Day Led","url":"https:\/\/www.alldayled.com\/de\/","logo":{"@type":"ImageObject","inLanguage":"de","@id":"https:\/\/www.alldayled.com\/de\/#\/schema\/logo\/image\/","url":"https:\/\/www.alldayled.com\/wp-content\/uploads\/2025\/10\/Logo-ALL-DAY-LED-800x800-zwart-witte-letters.png","contentUrl":"https:\/\/www.alldayled.com\/wp-content\/uploads\/2025\/10\/Logo-ALL-DAY-LED-800x800-zwart-witte-letters.png","width":800,"height":800,"caption":"All Day Led"},"image":{"@id":"https:\/\/www.alldayled.com\/de\/#\/schema\/logo\/image\/"},"sameAs":["https:\/\/www.facebook.com\/alldayled\/","https:\/\/www.instagram.com\/alldayled\/"],"vatID":"NL863960133B01","taxID":"86416545"}]},"product_brand":"Strands","product_price_amount":"18.95","product_price_currency":"EUR","og_availability":"instock","product_availability":"instock","product_retailer_item_id":"ADL850452","product_condition":"new"},"_links":{"self":[{"href":"https:\/\/www.alldayled.com\/de\/wp-json\/wp\/v2\/product\/66713","targetHints":{"allow":["GET"]}}],"collection":[{"href":"https:\/\/www.alldayled.com\/de\/wp-json\/wp\/v2\/product"}],"about":[{"href":"https:\/\/www.alldayled.com\/de\/wp-json\/wp\/v2\/types\/product"}],"replies":[{"embeddable":true,"href":"https:\/\/www.alldayled.com\/de\/wp-json\/wp\/v2\/comments?post=66713"}],"wp:featuredmedia":[{"embeddable":true,"href":"https:\/\/www.alldayled.com\/de\/wp-json\/wp\/v2\/media\/31302"}],"wp:attachment":[{"href":"https:\/\/www.alldayled.com\/de\/wp-json\/wp\/v2\/media?parent=66713"}],"wp:term":[{"taxonomy":"product_brand","embeddable":true,"href":"https:\/\/www.alldayled.com\/de\/wp-json\/wp\/v2\/product_brand?post=66713"},{"taxonomy":"product_cat","embeddable":true,"href":"https:\/\/www.alldayled.com\/de\/wp-json\/wp\/v2\/product_cat?post=66713"},{"taxonomy":"product_tag","embeddable":true,"href":"https:\/\/www.alldayled.com\/de\/wp-json\/wp\/v2\/product_tag?post=66713"}],"curies":[{"name":"wp","href":"https:\/\/api.w.org\/{rel}","templated":true}]}}