{"id":66715,"date":"2025-02-14T11:20:22","date_gmt":"2025-02-14T10:20:22","guid":{"rendered":"https:\/\/www.alldayled.com\/product\/strands-dark-knight-sm6-positielicht-wit\/"},"modified":"2026-04-18T15:23:26","modified_gmt":"2026-04-18T13:23:26","slug":"strands-dark-knight-sm6-positielicht-wit","status":"publish","type":"product","link":"https:\/\/www.alldayled.com\/de\/produkt\/strands-dark-knight-sm6-positielicht-wit\/","title":{"rendered":"Strands Dark Knight SM6 Positionsleuchte wei\u00df"},"content":{"rendered":"<p><span style=\"color: #000000;\"><strong>Strands Dark Knight SM6 Positionsleuchte wei\u00df, geeignet f\u00fcr 12 &amp; 24 Volt. <\/strong><\/span><\/p>\n<p><span style=\"color: #000000;\">Bist du auf der Suche nach einem neuen Modell Positionsleuchte mit einem schlanken Design? Die Strands Dark Knight SM6 Positionsleuchte in der Farbe WEISS ist dann vielleicht genau die LED Lampe, die du suchst! Diese ultraschlanke Positionsleuchte hat eine dunkle Linse und ist nur 8 mm tief. Das sorgt f\u00fcr einen modernen und stromlinienf\u00f6rmigen Look an deinem Fahrzeug. Die Strands Dark Knight SM6 funktioniert mit 12 und 24 Volt, wodurch du diese LED Lampe einfach an deinem Auto, LKW, Wohnmobil, Anh\u00e4nger oder einem anderen Fahrzeugtyp montieren kannst.    <\/span><\/p>\n<p><span style=\"color: #000000;\">Da Sie vor dem Kauf sicher sein m\u00f6chten, dass dies die richtige Lampe f\u00fcr Sie ist, haben wir im Folgenden die wichtigsten Spezifikationen der Strands Dark Knight SM6 Positionsleuchte notiert. Die Lampe ist mit 6 leistungsstarken LEDs ausgestattet. Zusammen sorgen diese f\u00fcr eine ausgezeichnete Sichtbarkeit bei einem geringen Verbrauch von nur 0,9 W. Dies erm\u00f6glicht es, mehrere Lampen zu installieren, ohne dass Ihre Batterie stark belastet wird. Dar\u00fcber hinaus ist die Strands Dark Knight SM6 Positionsleuchte mit einem 600 mm langen Anschlusskabel ausgestattet und wird mit Montagerubber f\u00fcr eine einfache Installation geliefert. Au\u00dferdem ist die Lampe IP69K-zertifiziert, was bedeutet, dass sie vollst\u00e4ndig best\u00e4ndig gegen Wasser, Staub und andere Umgebungsfaktoren ist. Das ECE R148-Pr\u00fcfzeichen best\u00e4tigt, dass die Lampe die Anforderungen f\u00fcr die Verwendung als Markierungsleuchte erf\u00fcllt.     <\/span><\/p>\n<h5><span style=\"color: #000000;\"><strong>Abmessungen:<\/strong><\/span><\/h5>\n<p><span style=\"color: #000000;\">Um sicherzustellen, dass du die Strands Positionsleuchte WEISS an der richtigen Stelle montieren kannst, haben wir die Abmessungen f\u00fcr dich aufgelistet. Die Abmessungen dieser LED Lampe sind wie folgt: <\/span><\/p>\n<ul>\n<li><span style=\"color: #000000;\">H\u00f6he: 28 mm<\/span><\/li>\n<li><span style=\"color: #000000;\">L\u00e4nge: 120 mm<\/span><\/li>\n<li><span style=\"color: #000000;\">Dicke: 8 mm<\/span><\/li>\n<li><span style=\"color: #000000;\">H.o.H: 110 mm<\/span><\/li>\n<\/ul>\n<h5><span style=\"color: #000000;\"><strong>Andere Versionen: <\/strong><\/span><\/h5>\n<p><span style=\"color: #000000;\">M\u00f6chtest du zwar eine Strands Positionsleuchte kaufen, aber die Strands Dark Knight SM6 Positionsleuchte WEISS ist nicht die Lampe, die du suchst? Strands bietet dieses Modell auch in anderen Farben und Ausf\u00fchrungen an. Sieh dir unten die verschiedenen verf\u00fcgbaren Optionen an:  <\/span><\/p>\n<ul>\n<li><span style=\"color: #000000;\"><a style=\"color: #000000;\" href=\"https:\/\/www.alldayled.com\/de\/produkt\/strands-dark-knight-sm6-positielicht-rood\/\"><strong>Strands Dark Knight SM6 Positionsleuchte rot<\/strong><\/a><\/span><\/li>\n<li><span style=\"color: #000000;\"><a style=\"color: #000000;\" href=\"https:\/\/www.alldayled.com\/de\/produkt\/strands-dark-knight-sm6-positielicht-oranje\/\"><strong>Strands Dark Knight SM6 Positionsleuchte orange<\/strong><\/a><\/span><\/li>\n<\/ul>\n<div class=\"truncated\">\n<p><span style=\"color: #000000;\">Bist du nach dem Lesen der Informationen noch nicht \u00fcberzeugt, dass die Strands Dark Knight SM6 Positionsleuchte wei\u00df die richtige Wahl f\u00fcr dein Fahrzeug ist? Vielleicht passen Gr\u00f6\u00dfe, Design oder Farbe doch nicht ganz zu deinen W\u00fcnschen. Keine Sorge! Sieh dir dann unser komplettes <a style=\"color: #000000;\" href=\"https:\/\/www.alldayled.com\/de\/marke\/product-strands-lighting-division\/\" target=\"_blank\" rel=\"noopener\">Strands<\/a> Sortiment an. Vielleicht findest du dort eine Positionsleuchte, die besser zu deinem Stil und deinen Bed\u00fcrfnissen passt!    <\/span><\/p>\n<\/div>\n","protected":false},"excerpt":{"rendered":"<p>Strands Dark Knight SM6 Positionsleuchte wei\u00df, geeignet f\u00fcr 12 &amp; 24 Volt.<\/p>\n","protected":false},"featured_media":34557,"comment_status":"open","ping_status":"closed","template":"","meta":{"_acf_changed":false},"product_brand":[5114],"product_cat":[5196,5363],"product_tag":[9158,9159,9351,9064,9065],"class_list":{"0":"post-66715","1":"product","2":"type-product","3":"status-publish","4":"has-post-thumbnail","6":"product_brand-product-strands-lighting-division","7":"product_cat-markeringslampen","8":"product_cat-strands-dark-knight","9":"product_tag-led-markierungsleuchte-12-volt","10":"product_tag-led-markierungsleuchte-24-volt","11":"product_tag-strands-dark-knight","12":"product_tag-strands-led-beleuchtung","13":"product_tag-strands-lighting-division","15":"first","16":"instock","17":"taxable","18":"shipping-taxable","19":"purchasable","20":"product-type-simple"},"acf":[],"yoast_head":"<!-- This site is optimized with the Yoast SEO Premium plugin v26.5 (Yoast SEO v27.1.1) - https:\/\/yoast.com\/product\/yoast-seo-premium-wordpress\/ -->\n<title>Strands Dark Knight SM6 Positionsleuchte WEISS - All Day Led - f\u00fcr 12&amp;24 Volt<\/title>\n<meta name=\"description\" content=\"Strands Dark Knight SM6 Positionsleuchte WEISS - LED Markierungsleuchte mit ECE R148 Pr\u00fcfzeichen - IP69K wasserdicht - SMOKE Linse - Auto, LKW, Wohnmobil und mehr\" \/>\n<meta name=\"robots\" content=\"index, follow, max-snippet:-1, max-image-preview:large, max-video-preview:-1\" \/>\n<link rel=\"canonical\" href=\"https:\/\/www.alldayled.com\/de\/produkt\/strands-dark-knight-sm6-positielicht-wit\/\" \/>\n<meta property=\"og:locale\" content=\"de_DE\" \/>\n<meta property=\"og:type\" content=\"article\" \/>\n<meta property=\"og:title\" content=\"Strands Dark Knight SM6 Positionsleuchte WEISS - All Day Led - f\u00fcr 12&amp;24 Volt\" \/>\n<meta property=\"og:description\" content=\"Strands Dark Knight SM6 Positionsleuchte WEISS - LED Markierungsleuchte mit ECE R148 Pr\u00fcfzeichen - IP69K wasserdicht - SMOKE Linse - Auto, LKW, Wohnmobil und mehr\" \/>\n<meta property=\"og:url\" content=\"https:\/\/www.alldayled.com\/de\/produkt\/strands-dark-knight-sm6-positielicht-wit\/\" \/>\n<meta property=\"og:site_name\" content=\"All Day Led\" \/>\n<meta property=\"article:publisher\" content=\"https:\/\/www.facebook.com\/alldayled\/\" \/>\n<meta property=\"article:modified_time\" content=\"2026-04-18T13:23:26+00:00\" \/>\n<meta property=\"og:image\" content=\"https:\/\/www.alldayled.com\/wp-content\/uploads\/2025\/03\/ADL809514-SM-300x300.png\" \/>\n<meta name=\"twitter:label1\" content=\"Preis\" \/>\n\t<meta name=\"twitter:data1\" content=\"&euro;&nbsp;21,00\" \/>\n\t<meta name=\"twitter:label2\" content=\"Verf\u00fcgbarkeit\" \/>\n\t<meta name=\"twitter:data2\" content=\"Auf Lager\" \/>\n<script type=\"application\/ld+json\" class=\"yoast-schema-graph\">{\"@context\":\"https:\/\/schema.org\",\"@graph\":[{\"@type\":\"WebPage\",\"@id\":\"https:\/\/www.alldayled.com\/de\/produkt\/strands-dark-knight-sm6-positielicht-wit\/\",\"url\":\"https:\/\/www.alldayled.com\/de\/produkt\/strands-dark-knight-sm6-positielicht-wit\/\",\"name\":\"Strands Dark Knight SM6 Positionsleuchte WEISS - All Day Led - f\u00fcr 12&24 Volt\",\"isPartOf\":{\"@id\":\"https:\/\/www.alldayled.com\/de\/#website\"},\"primaryImageOfPage\":{\"@id\":\"https:\/\/www.alldayled.com\/de\/produkt\/strands-dark-knight-sm6-positielicht-wit\/#primaryimage\"},\"image\":{\"@id\":\"https:\/\/www.alldayled.com\/de\/produkt\/strands-dark-knight-sm6-positielicht-wit\/#primaryimage\"},\"thumbnailUrl\":\"https:\/\/www.alldayled.com\/wp-content\/uploads\/2025\/02\/ADL809514-9.png\",\"datePublished\":\"2025-02-14T10:20:22+00:00\",\"dateModified\":\"2026-04-18T13:23:26+00:00\",\"description\":\"Strands Dark Knight SM6 Positionsleuchte WEISS - LED Markierungsleuchte mit ECE R148 Pr\u00fcfzeichen - IP69K wasserdicht - SMOKE Linse - Auto, LKW, Wohnmobil und mehr\",\"breadcrumb\":{\"@id\":\"https:\/\/www.alldayled.com\/de\/produkt\/strands-dark-knight-sm6-positielicht-wit\/#breadcrumb\"},\"inLanguage\":\"de\",\"potentialAction\":[{\"@type\":\"ReadAction\",\"target\":[\"https:\/\/www.alldayled.com\/de\/produkt\/strands-dark-knight-sm6-positielicht-wit\/\"]}]},{\"@type\":\"ImageObject\",\"inLanguage\":\"de\",\"@id\":\"https:\/\/www.alldayled.com\/de\/produkt\/strands-dark-knight-sm6-positielicht-wit\/#primaryimage\",\"url\":\"https:\/\/www.alldayled.com\/wp-content\/uploads\/2025\/02\/ADL809514-9.png\",\"contentUrl\":\"https:\/\/www.alldayled.com\/wp-content\/uploads\/2025\/02\/ADL809514-9.png\",\"width\":800,\"height\":600,\"caption\":\"Dark Knight SM6 Positionsleuchte - wei\u00df - geeignet f\u00fcr 12 und \/ oder 24 Volt Betrieb - Strands 809514 - 6 LED Punkte - EAN: 7323030193171\"},{\"@type\":\"BreadcrumbList\",\"@id\":\"https:\/\/www.alldayled.com\/de\/produkt\/strands-dark-knight-sm6-positielicht-wit\/#breadcrumb\",\"itemListElement\":[{\"@type\":\"ListItem\",\"position\":1,\"name\":\"Home\",\"item\":\"https:\/\/www.alldayled.com\/de\/\"},{\"@type\":\"ListItem\",\"position\":2,\"name\":\"Shop\",\"item\":\"https:\/\/www.alldayled.com\/de\/shop\/\"},{\"@type\":\"ListItem\",\"position\":3,\"name\":\"Positionsleuchten\",\"item\":\"https:\/\/www.alldayled.com\/de\/produkt-kategorie\/positionslichter\/\"},{\"@type\":\"ListItem\",\"position\":4,\"name\":\"Markierungsleuchten\",\"item\":\"https:\/\/www.alldayled.com\/de\/produkt-kategorie\/positionslichter\/markeringslampen\/\"},{\"@type\":\"ListItem\",\"position\":5,\"name\":\"Strands Dark Knight SM6 Positionsleuchte wei\u00df\"}]},{\"@type\":\"WebSite\",\"@id\":\"https:\/\/www.alldayled.com\/de\/#website\",\"url\":\"https:\/\/www.alldayled.com\/de\/\",\"name\":\"All Day Led\",\"description\":\"Verlichting voor 12&amp;24 volt gebruik\",\"publisher\":{\"@id\":\"https:\/\/www.alldayled.com\/de\/#organization\"},\"potentialAction\":[{\"@type\":\"SearchAction\",\"target\":{\"@type\":\"EntryPoint\",\"urlTemplate\":\"https:\/\/www.alldayled.com\/de\/?s={search_term_string}\"},\"query-input\":{\"@type\":\"PropertyValueSpecification\",\"valueRequired\":true,\"valueName\":\"search_term_string\"}}],\"inLanguage\":\"de\"},{\"@type\":\"Organization\",\"@id\":\"https:\/\/www.alldayled.com\/de\/#organization\",\"name\":\"All Day Led\",\"url\":\"https:\/\/www.alldayled.com\/de\/\",\"logo\":{\"@type\":\"ImageObject\",\"inLanguage\":\"de\",\"@id\":\"https:\/\/www.alldayled.com\/de\/#\/schema\/logo\/image\/\",\"url\":\"https:\/\/www.alldayled.com\/wp-content\/uploads\/2025\/10\/Logo-ALL-DAY-LED-800x800-zwart-witte-letters.png\",\"contentUrl\":\"https:\/\/www.alldayled.com\/wp-content\/uploads\/2025\/10\/Logo-ALL-DAY-LED-800x800-zwart-witte-letters.png\",\"width\":800,\"height\":800,\"caption\":\"All Day Led\"},\"image\":{\"@id\":\"https:\/\/www.alldayled.com\/de\/#\/schema\/logo\/image\/\"},\"sameAs\":[\"https:\/\/www.facebook.com\/alldayled\/\",\"https:\/\/www.instagram.com\/alldayled\/\"],\"vatID\":\"NL863960133B01\",\"taxID\":\"86416545\"}]}<\/script>\n<meta property=\"product:brand\" content=\"Strands\" \/>\n<meta property=\"product:price:amount\" content=\"21.00\" \/>\n<meta property=\"product:price:currency\" content=\"EUR\" \/>\n<meta property=\"og:availability\" content=\"instock\" \/>\n<meta property=\"product:availability\" content=\"instock\" \/>\n<meta property=\"product:retailer_item_id\" content=\"ADL809514\" \/>\n<meta property=\"product:condition\" content=\"new\" \/>\n<!-- \/ Yoast SEO Premium plugin. -->","yoast_head_json":{"title":"Strands Dark Knight SM6 Positionsleuchte WEISS - All Day Led - f\u00fcr 12&24 Volt","description":"Strands Dark Knight SM6 Positionsleuchte WEISS - LED Markierungsleuchte mit ECE R148 Pr\u00fcfzeichen - IP69K wasserdicht - SMOKE Linse - Auto, LKW, Wohnmobil und mehr","robots":{"index":"index","follow":"follow","max-snippet":"max-snippet:-1","max-image-preview":"max-image-preview:large","max-video-preview":"max-video-preview:-1"},"canonical":"https:\/\/www.alldayled.com\/de\/produkt\/strands-dark-knight-sm6-positielicht-wit\/","og_locale":"de_DE","og_type":"article","og_title":"Strands Dark Knight SM6 Positionsleuchte WEISS - All Day Led - f\u00fcr 12&24 Volt","og_description":"Strands Dark Knight SM6 Positionsleuchte WEISS - LED Markierungsleuchte mit ECE R148 Pr\u00fcfzeichen - IP69K wasserdicht - SMOKE Linse - Auto, LKW, Wohnmobil und mehr","og_url":"https:\/\/www.alldayled.com\/de\/produkt\/strands-dark-knight-sm6-positielicht-wit\/","og_site_name":"All Day Led","article_publisher":"https:\/\/www.facebook.com\/alldayled\/","article_modified_time":"2026-04-18T13:23:26+00:00","og_image":[{"url":"https:\/\/www.alldayled.com\/wp-content\/uploads\/2025\/03\/ADL809514-SM-300x300.png","type":"","width":"","height":""}],"twitter_misc":{"Preis":"&euro;&nbsp;21,00","Verf\u00fcgbarkeit":"Auf Lager"},"schema":{"@context":"https:\/\/schema.org","@graph":[{"@type":"WebPage","@id":"https:\/\/www.alldayled.com\/de\/produkt\/strands-dark-knight-sm6-positielicht-wit\/","url":"https:\/\/www.alldayled.com\/de\/produkt\/strands-dark-knight-sm6-positielicht-wit\/","name":"Strands Dark Knight SM6 Positionsleuchte WEISS - All Day Led - f\u00fcr 12&24 Volt","isPartOf":{"@id":"https:\/\/www.alldayled.com\/de\/#website"},"primaryImageOfPage":{"@id":"https:\/\/www.alldayled.com\/de\/produkt\/strands-dark-knight-sm6-positielicht-wit\/#primaryimage"},"image":{"@id":"https:\/\/www.alldayled.com\/de\/produkt\/strands-dark-knight-sm6-positielicht-wit\/#primaryimage"},"thumbnailUrl":"https:\/\/www.alldayled.com\/wp-content\/uploads\/2025\/02\/ADL809514-9.png","datePublished":"2025-02-14T10:20:22+00:00","dateModified":"2026-04-18T13:23:26+00:00","description":"Strands Dark Knight SM6 Positionsleuchte WEISS - LED Markierungsleuchte mit ECE R148 Pr\u00fcfzeichen - IP69K wasserdicht - SMOKE Linse - Auto, LKW, Wohnmobil und mehr","breadcrumb":{"@id":"https:\/\/www.alldayled.com\/de\/produkt\/strands-dark-knight-sm6-positielicht-wit\/#breadcrumb"},"inLanguage":"de","potentialAction":[{"@type":"ReadAction","target":["https:\/\/www.alldayled.com\/de\/produkt\/strands-dark-knight-sm6-positielicht-wit\/"]}]},{"@type":"ImageObject","inLanguage":"de","@id":"https:\/\/www.alldayled.com\/de\/produkt\/strands-dark-knight-sm6-positielicht-wit\/#primaryimage","url":"https:\/\/www.alldayled.com\/wp-content\/uploads\/2025\/02\/ADL809514-9.png","contentUrl":"https:\/\/www.alldayled.com\/wp-content\/uploads\/2025\/02\/ADL809514-9.png","width":800,"height":600,"caption":"Dark Knight SM6 Positionsleuchte - wei\u00df - geeignet f\u00fcr 12 und \/ oder 24 Volt Betrieb - Strands 809514 - 6 LED Punkte - EAN: 7323030193171"},{"@type":"BreadcrumbList","@id":"https:\/\/www.alldayled.com\/de\/produkt\/strands-dark-knight-sm6-positielicht-wit\/#breadcrumb","itemListElement":[{"@type":"ListItem","position":1,"name":"Home","item":"https:\/\/www.alldayled.com\/de\/"},{"@type":"ListItem","position":2,"name":"Shop","item":"https:\/\/www.alldayled.com\/de\/shop\/"},{"@type":"ListItem","position":3,"name":"Positionsleuchten","item":"https:\/\/www.alldayled.com\/de\/produkt-kategorie\/positionslichter\/"},{"@type":"ListItem","position":4,"name":"Markierungsleuchten","item":"https:\/\/www.alldayled.com\/de\/produkt-kategorie\/positionslichter\/markeringslampen\/"},{"@type":"ListItem","position":5,"name":"Strands Dark Knight SM6 Positionsleuchte wei\u00df"}]},{"@type":"WebSite","@id":"https:\/\/www.alldayled.com\/de\/#website","url":"https:\/\/www.alldayled.com\/de\/","name":"All Day Led","description":"Verlichting voor 12&amp;24 volt gebruik","publisher":{"@id":"https:\/\/www.alldayled.com\/de\/#organization"},"potentialAction":[{"@type":"SearchAction","target":{"@type":"EntryPoint","urlTemplate":"https:\/\/www.alldayled.com\/de\/?s={search_term_string}"},"query-input":{"@type":"PropertyValueSpecification","valueRequired":true,"valueName":"search_term_string"}}],"inLanguage":"de"},{"@type":"Organization","@id":"https:\/\/www.alldayled.com\/de\/#organization","name":"All Day Led","url":"https:\/\/www.alldayled.com\/de\/","logo":{"@type":"ImageObject","inLanguage":"de","@id":"https:\/\/www.alldayled.com\/de\/#\/schema\/logo\/image\/","url":"https:\/\/www.alldayled.com\/wp-content\/uploads\/2025\/10\/Logo-ALL-DAY-LED-800x800-zwart-witte-letters.png","contentUrl":"https:\/\/www.alldayled.com\/wp-content\/uploads\/2025\/10\/Logo-ALL-DAY-LED-800x800-zwart-witte-letters.png","width":800,"height":800,"caption":"All Day Led"},"image":{"@id":"https:\/\/www.alldayled.com\/de\/#\/schema\/logo\/image\/"},"sameAs":["https:\/\/www.facebook.com\/alldayled\/","https:\/\/www.instagram.com\/alldayled\/"],"vatID":"NL863960133B01","taxID":"86416545"}]},"product_brand":"Strands","product_price_amount":"21.00","product_price_currency":"EUR","og_availability":"instock","product_availability":"instock","product_retailer_item_id":"ADL809514","product_condition":"new"},"_links":{"self":[{"href":"https:\/\/www.alldayled.com\/de\/wp-json\/wp\/v2\/product\/66715","targetHints":{"allow":["GET"]}}],"collection":[{"href":"https:\/\/www.alldayled.com\/de\/wp-json\/wp\/v2\/product"}],"about":[{"href":"https:\/\/www.alldayled.com\/de\/wp-json\/wp\/v2\/types\/product"}],"replies":[{"embeddable":true,"href":"https:\/\/www.alldayled.com\/de\/wp-json\/wp\/v2\/comments?post=66715"}],"wp:featuredmedia":[{"embeddable":true,"href":"https:\/\/www.alldayled.com\/de\/wp-json\/wp\/v2\/media\/34557"}],"wp:attachment":[{"href":"https:\/\/www.alldayled.com\/de\/wp-json\/wp\/v2\/media?parent=66715"}],"wp:term":[{"taxonomy":"product_brand","embeddable":true,"href":"https:\/\/www.alldayled.com\/de\/wp-json\/wp\/v2\/product_brand?post=66715"},{"taxonomy":"product_cat","embeddable":true,"href":"https:\/\/www.alldayled.com\/de\/wp-json\/wp\/v2\/product_cat?post=66715"},{"taxonomy":"product_tag","embeddable":true,"href":"https:\/\/www.alldayled.com\/de\/wp-json\/wp\/v2\/product_tag?post=66715"}],"curies":[{"name":"wp","href":"https:\/\/api.w.org\/{rel}","templated":true}]}}