{"id":66717,"date":"2025-02-16T11:24:49","date_gmt":"2025-02-16T10:24:49","guid":{"rendered":"https:\/\/www.alldayled.com\/product\/strands-freedom-br-positielicht-oranje\/"},"modified":"2025-11-29T18:29:24","modified_gmt":"2025-11-29T17:29:24","slug":"strands-freedom-br-positielicht-oranje","status":"publish","type":"product","link":"https:\/\/www.alldayled.com\/de\/produkt\/strands-freedom-br-positielicht-oranje\/","title":{"rendered":"Strands Freedom BR Positionsleuchte orange"},"content":{"rendered":"<p><span style=\"color: #000000;\"><strong>Strands Freedom Black Raven Positionsleuchte ORANGE, f\u00fcr 12 &amp; 24 Volt.<\/strong><\/span><\/p>\n<p><span style=\"color: #000000;\">Suchen Sie eine kompakte Positionsleuchte mit einem modernen Look? Dann ist die Strands Freedom Black Raven Positionsleuchte ORANGE die perfekte Wahl! Diese kleine LED Positionsleuchte hat einen Durchmesser von nur 29 mm und ist zudem mit einem eleganten schwarzen Geh\u00e4use und einer dunklen Linse ausgestattet. Dies sorgt f\u00fcr einen stilvollen, modernen Look an Ihrem Fahrzeug. Tags\u00fcber f\u00fcgt sich die Positionsleuchte dezent in dunkle Fahrzeuge ein, w\u00e4hrend sie Ihr Fahrzeug abends mit ihrem hellen orangefarbenen Licht zus\u00e4tzlich sichtbar macht und daher perfekt als Markierungsleuchte fungiert.    <\/span><\/p>\n<p><span style=\"color: #000000;\">Um sicherzustellen, dass diese Lampe genau Ihren Bed\u00fcrfnissen entspricht, haben wir im Folgenden die wichtigsten Eigenschaften f\u00fcr Sie aufgelistet. Die Strands Freedom Black Raven Positionsleuchte funktioniert sowohl mit 12 als auch mit 24 Volt und verbraucht nur 1 Watt. Das bedeutet, dass Sie problemlos mehrere Lampen montieren k\u00f6nnen, ohne Ihre Batterie zu stark zu belasten. Dank der robusten Gummi- und Polycarbonatkonstruktion und der IP66\/68-Zertifizierung ist die Lampe zudem vollst\u00e4ndig wasser- und staubdicht. Dar\u00fcber hinaus wird die Lampe mit einem 220 mm langen Anschlusskabel und Montagerubber geliefert, sodass Sie sie schnell und einfach installieren k\u00f6nnen, auch auf runden Oberfl\u00e4chen wie Fahrzeugb\u00fcgeln.    <\/span><\/p>\n<h5><span style=\"color: #000000;\"><strong>Abmessungen:<\/strong><\/span><\/h5>\n<p class=\"\" data-start=\"1282\" data-end=\"1457\"><span style=\"color: #000000;\">Nat\u00fcrlich m\u00f6chten Sie vor dem Kauf sicherstellen, dass die Lampe gut passt. Deshalb haben wir im Folgenden die wichtigsten Abmessungen der Strands Freedom Black Raven Positionsleuchte ORANGE f\u00fcr Sie aufgelistet, damit Sie schnell sehen k\u00f6nnen, ob sie die richtige Wahl ist. <\/span><\/p>\n<ul>\n<li><span style=\"color: #000000;\">H\u00f6he: 26,4 mm<\/span><\/li>\n<li><span style=\"color: #000000;\">Durchmesser: 29 mm<\/span><\/li>\n<\/ul>\n<h5><span style=\"color: #000000;\"><strong>Andere Versionen: <\/strong><\/span><\/h5>\n<p class=\"\" data-start=\"1520\" data-end=\"1709\"><span style=\"color: #000000;\">Sind Sie auf der Suche nach einer anderen Farbe der Positionsleuchte? Selbstverst\u00e4ndlich ist die Freedom Black Raven Serie auch in mehreren Farben mit Smoke-Linse erh\u00e4ltlich. Sehen Sie sich hier alle Varianten an und w\u00e4hlen Sie die perfekte Erg\u00e4nzung f\u00fcr Ihr Fahrzeug!  <\/span><\/p>\n<ul>\n<li><a href=\"https:\/\/www.alldayled.com\/de\/produkt\/strands-freedom-br-positielicht-wit\/\"><span style=\"color: #000000;\"><strong>Strands Freedom Black Raven Positionsleuchte wei\u00df<\/strong><\/span><\/a><\/li>\n<li><a href=\"https:\/\/www.alldayled.com\/de\/produkt\/strands-freedom-br-positielicht-rood\/\"><span style=\"color: #000000;\"><strong>Strands Freedom Black Raven Positionsleuchte rot<\/strong><\/span><\/a><\/li>\n<\/ul>\n<div class=\"truncated\">\n<p><span style=\"color: #000000;\">Nach dem Lesen der Informationen noch nicht ganz \u00fcberzeugt? Oder denken Sie, dass die Strands Freedom Black Raven Positionsleuchte ORANGE nicht die richtige Wahl f\u00fcr Ihr Fahrzeug ist? Vielleicht, weil die Gr\u00f6\u00dfe, das Design oder die Farbe nicht ganz mit dem \u00fcbereinstimmt, was Sie suchen. Keine Sorge! Sehen Sie sich gerne unser komplettes <g id=\"gid_0\">Strands<\/g> Sortiment an. Hier finden Sie sicher eine Positionsleuchte, die besser zu Ihren Vorlieben und W\u00fcnschen passt!     <\/span><\/p>\n<\/div>\n","protected":false},"excerpt":{"rendered":"<p>Kompakte und elegante Positionsleuchte (orange) mit einem Durchmesser von nur 29mm! Funktioniert mit 12\/24 Volt. <\/p>\n","protected":false},"featured_media":33603,"comment_status":"open","ping_status":"closed","template":"","meta":{"_acf_changed":false},"product_brand":[5114],"product_cat":[5196],"product_tag":[9151,9153,9158,9159,9167,9155,9157,9156,9064,9065],"class_list":{"0":"post-66717","1":"product","2":"type-product","3":"status-publish","4":"has-post-thumbnail","6":"product_brand-product-strands-lighting-division","7":"product_cat-markeringslampen","8":"product_tag-konturbeleuchtung","9":"product_tag-led-markierungsleuchte","10":"product_tag-led-markierungsleuchte-12-volt","11":"product_tag-led-markierungsleuchte-24-volt","12":"product_tag-markierungsleuchte-anhanger","13":"product_tag-markierungsleuchte-anhaenger","14":"product_tag-markierungsleuchte-lkw","15":"product_tag-markierungsleuchte-wohnmobil","16":"product_tag-strands-led-beleuchtung","17":"product_tag-strands-lighting-division","19":"first","20":"instock","21":"taxable","22":"shipping-taxable","23":"purchasable","24":"product-type-simple"},"acf":[],"yoast_head":"<!-- This site is optimized with the Yoast SEO Premium plugin v26.5 (Yoast SEO v27.1.1) - https:\/\/yoast.com\/product\/yoast-seo-premium-wordpress\/ -->\n<title>Strands Freedom Black Raven Positionsleuchte ORANGE - All Day Led - 12 &amp; 24 Volt<\/title>\n<meta name=\"description\" content=\"Strands Freedom Black Raven Positionsleuchte ORANGE - LED mit nur 1 Watt! - IP66\/68 wasserdicht - SMOKE Linse - Auto, LKW, Camper und mehr\" \/>\n<meta name=\"robots\" content=\"index, follow, max-snippet:-1, max-image-preview:large, max-video-preview:-1\" \/>\n<link rel=\"canonical\" href=\"https:\/\/www.alldayled.com\/de\/produkt\/strands-freedom-br-positielicht-oranje\/\" \/>\n<meta property=\"og:locale\" content=\"de_DE\" \/>\n<meta property=\"og:type\" content=\"article\" \/>\n<meta property=\"og:title\" content=\"Strands Freedom Black Raven Positionsleuchte ORANGE - All Day Led - 12 &amp; 24 Volt\" \/>\n<meta property=\"og:description\" content=\"Strands Freedom Black Raven Positionsleuchte ORANGE - LED mit nur 1 Watt! - IP66\/68 wasserdicht - SMOKE Linse - Auto, LKW, Camper und mehr\" \/>\n<meta property=\"og:url\" content=\"https:\/\/www.alldayled.com\/de\/produkt\/strands-freedom-br-positielicht-oranje\/\" \/>\n<meta property=\"og:site_name\" content=\"All Day Led\" \/>\n<meta property=\"article:publisher\" content=\"https:\/\/www.facebook.com\/alldayled\/\" \/>\n<meta property=\"article:modified_time\" content=\"2025-11-29T17:29:24+00:00\" \/>\n<meta property=\"og:image\" content=\"https:\/\/www.alldayled.com\/wp-content\/uploads\/2025\/02\/ADL800431-SM-300x300.png\" \/>\n<meta name=\"twitter:label1\" content=\"Preis\" \/>\n\t<meta name=\"twitter:data1\" content=\"&euro;&nbsp;16,95\" \/>\n\t<meta name=\"twitter:label2\" content=\"Verf\u00fcgbarkeit\" \/>\n\t<meta name=\"twitter:data2\" content=\"Auf Lager\" \/>\n<script type=\"application\/ld+json\" class=\"yoast-schema-graph\">{\"@context\":\"https:\/\/schema.org\",\"@graph\":[{\"@type\":\"WebPage\",\"@id\":\"https:\/\/www.alldayled.com\/de\/produkt\/strands-freedom-br-positielicht-oranje\/\",\"url\":\"https:\/\/www.alldayled.com\/de\/produkt\/strands-freedom-br-positielicht-oranje\/\",\"name\":\"Strands Freedom Black Raven Positionsleuchte ORANGE - All Day Led - 12 & 24 Volt\",\"isPartOf\":{\"@id\":\"https:\/\/www.alldayled.com\/de\/#website\"},\"primaryImageOfPage\":{\"@id\":\"https:\/\/www.alldayled.com\/de\/produkt\/strands-freedom-br-positielicht-oranje\/#primaryimage\"},\"image\":{\"@id\":\"https:\/\/www.alldayled.com\/de\/produkt\/strands-freedom-br-positielicht-oranje\/#primaryimage\"},\"thumbnailUrl\":\"https:\/\/www.alldayled.com\/wp-content\/uploads\/2025\/02\/ADL800431.png\",\"datePublished\":\"2025-02-16T10:24:49+00:00\",\"dateModified\":\"2025-11-29T17:29:24+00:00\",\"description\":\"Strands Freedom Black Raven Positionsleuchte ORANGE - LED mit nur 1 Watt! - IP66\/68 wasserdicht - SMOKE Linse - Auto, LKW, Camper und mehr\",\"breadcrumb\":{\"@id\":\"https:\/\/www.alldayled.com\/de\/produkt\/strands-freedom-br-positielicht-oranje\/#breadcrumb\"},\"inLanguage\":\"de\",\"potentialAction\":[{\"@type\":\"ReadAction\",\"target\":[\"https:\/\/www.alldayled.com\/de\/produkt\/strands-freedom-br-positielicht-oranje\/\"]}]},{\"@type\":\"ImageObject\",\"inLanguage\":\"de\",\"@id\":\"https:\/\/www.alldayled.com\/de\/produkt\/strands-freedom-br-positielicht-oranje\/#primaryimage\",\"url\":\"https:\/\/www.alldayled.com\/wp-content\/uploads\/2025\/02\/ADL800431.png\",\"contentUrl\":\"https:\/\/www.alldayled.com\/wp-content\/uploads\/2025\/02\/ADL800431.png\",\"width\":800,\"height\":600,\"caption\":\"Freedom Black Raven Positionsleuchte - orange - geeignet f\u00fcr 12 und \/ oder 24 Volt Betrieb - Strands 800431 - Smoke Linse - EAN: 7323030192013\"},{\"@type\":\"BreadcrumbList\",\"@id\":\"https:\/\/www.alldayled.com\/de\/produkt\/strands-freedom-br-positielicht-oranje\/#breadcrumb\",\"itemListElement\":[{\"@type\":\"ListItem\",\"position\":1,\"name\":\"Home\",\"item\":\"https:\/\/www.alldayled.com\/de\/\"},{\"@type\":\"ListItem\",\"position\":2,\"name\":\"Shop\",\"item\":\"https:\/\/www.alldayled.com\/de\/shop\/\"},{\"@type\":\"ListItem\",\"position\":3,\"name\":\"Positionsleuchten\",\"item\":\"https:\/\/www.alldayled.com\/de\/produkt-kategorie\/positionslichter\/\"},{\"@type\":\"ListItem\",\"position\":4,\"name\":\"Markierungsleuchten\",\"item\":\"https:\/\/www.alldayled.com\/de\/produkt-kategorie\/positionslichter\/markeringslampen\/\"},{\"@type\":\"ListItem\",\"position\":5,\"name\":\"Strands Freedom BR Positionsleuchte orange\"}]},{\"@type\":\"WebSite\",\"@id\":\"https:\/\/www.alldayled.com\/de\/#website\",\"url\":\"https:\/\/www.alldayled.com\/de\/\",\"name\":\"All Day Led\",\"description\":\"Verlichting voor 12&amp;24 volt gebruik\",\"publisher\":{\"@id\":\"https:\/\/www.alldayled.com\/de\/#organization\"},\"potentialAction\":[{\"@type\":\"SearchAction\",\"target\":{\"@type\":\"EntryPoint\",\"urlTemplate\":\"https:\/\/www.alldayled.com\/de\/?s={search_term_string}\"},\"query-input\":{\"@type\":\"PropertyValueSpecification\",\"valueRequired\":true,\"valueName\":\"search_term_string\"}}],\"inLanguage\":\"de\"},{\"@type\":\"Organization\",\"@id\":\"https:\/\/www.alldayled.com\/de\/#organization\",\"name\":\"All Day Led\",\"url\":\"https:\/\/www.alldayled.com\/de\/\",\"logo\":{\"@type\":\"ImageObject\",\"inLanguage\":\"de\",\"@id\":\"https:\/\/www.alldayled.com\/de\/#\/schema\/logo\/image\/\",\"url\":\"https:\/\/www.alldayled.com\/wp-content\/uploads\/2025\/10\/Logo-ALL-DAY-LED-800x800-zwart-witte-letters.png\",\"contentUrl\":\"https:\/\/www.alldayled.com\/wp-content\/uploads\/2025\/10\/Logo-ALL-DAY-LED-800x800-zwart-witte-letters.png\",\"width\":800,\"height\":800,\"caption\":\"All Day Led\"},\"image\":{\"@id\":\"https:\/\/www.alldayled.com\/de\/#\/schema\/logo\/image\/\"},\"sameAs\":[\"https:\/\/www.facebook.com\/alldayled\/\",\"https:\/\/www.instagram.com\/alldayled\/\"],\"vatID\":\"NL863960133B01\",\"taxID\":\"86416545\"}]}<\/script>\n<meta property=\"product:brand\" content=\"Strands\" \/>\n<meta property=\"product:price:amount\" content=\"16.95\" \/>\n<meta property=\"product:price:currency\" content=\"EUR\" \/>\n<meta property=\"og:availability\" content=\"instock\" \/>\n<meta property=\"product:availability\" content=\"instock\" \/>\n<meta property=\"product:retailer_item_id\" content=\"ADL800431\" \/>\n<meta property=\"product:condition\" content=\"new\" \/>\n<!-- \/ Yoast SEO Premium plugin. -->","yoast_head_json":{"title":"Strands Freedom Black Raven Positionsleuchte ORANGE - All Day Led - 12 & 24 Volt","description":"Strands Freedom Black Raven Positionsleuchte ORANGE - LED mit nur 1 Watt! - IP66\/68 wasserdicht - SMOKE Linse - Auto, LKW, Camper und mehr","robots":{"index":"index","follow":"follow","max-snippet":"max-snippet:-1","max-image-preview":"max-image-preview:large","max-video-preview":"max-video-preview:-1"},"canonical":"https:\/\/www.alldayled.com\/de\/produkt\/strands-freedom-br-positielicht-oranje\/","og_locale":"de_DE","og_type":"article","og_title":"Strands Freedom Black Raven Positionsleuchte ORANGE - All Day Led - 12 & 24 Volt","og_description":"Strands Freedom Black Raven Positionsleuchte ORANGE - LED mit nur 1 Watt! - IP66\/68 wasserdicht - SMOKE Linse - Auto, LKW, Camper und mehr","og_url":"https:\/\/www.alldayled.com\/de\/produkt\/strands-freedom-br-positielicht-oranje\/","og_site_name":"All Day Led","article_publisher":"https:\/\/www.facebook.com\/alldayled\/","article_modified_time":"2025-11-29T17:29:24+00:00","og_image":[{"url":"https:\/\/www.alldayled.com\/wp-content\/uploads\/2025\/02\/ADL800431-SM-300x300.png","type":"","width":"","height":""}],"twitter_misc":{"Preis":"&euro;&nbsp;16,95","Verf\u00fcgbarkeit":"Auf Lager"},"schema":{"@context":"https:\/\/schema.org","@graph":[{"@type":"WebPage","@id":"https:\/\/www.alldayled.com\/de\/produkt\/strands-freedom-br-positielicht-oranje\/","url":"https:\/\/www.alldayled.com\/de\/produkt\/strands-freedom-br-positielicht-oranje\/","name":"Strands Freedom Black Raven Positionsleuchte ORANGE - All Day Led - 12 & 24 Volt","isPartOf":{"@id":"https:\/\/www.alldayled.com\/de\/#website"},"primaryImageOfPage":{"@id":"https:\/\/www.alldayled.com\/de\/produkt\/strands-freedom-br-positielicht-oranje\/#primaryimage"},"image":{"@id":"https:\/\/www.alldayled.com\/de\/produkt\/strands-freedom-br-positielicht-oranje\/#primaryimage"},"thumbnailUrl":"https:\/\/www.alldayled.com\/wp-content\/uploads\/2025\/02\/ADL800431.png","datePublished":"2025-02-16T10:24:49+00:00","dateModified":"2025-11-29T17:29:24+00:00","description":"Strands Freedom Black Raven Positionsleuchte ORANGE - LED mit nur 1 Watt! - IP66\/68 wasserdicht - SMOKE Linse - Auto, LKW, Camper und mehr","breadcrumb":{"@id":"https:\/\/www.alldayled.com\/de\/produkt\/strands-freedom-br-positielicht-oranje\/#breadcrumb"},"inLanguage":"de","potentialAction":[{"@type":"ReadAction","target":["https:\/\/www.alldayled.com\/de\/produkt\/strands-freedom-br-positielicht-oranje\/"]}]},{"@type":"ImageObject","inLanguage":"de","@id":"https:\/\/www.alldayled.com\/de\/produkt\/strands-freedom-br-positielicht-oranje\/#primaryimage","url":"https:\/\/www.alldayled.com\/wp-content\/uploads\/2025\/02\/ADL800431.png","contentUrl":"https:\/\/www.alldayled.com\/wp-content\/uploads\/2025\/02\/ADL800431.png","width":800,"height":600,"caption":"Freedom Black Raven Positionsleuchte - orange - geeignet f\u00fcr 12 und \/ oder 24 Volt Betrieb - Strands 800431 - Smoke Linse - EAN: 7323030192013"},{"@type":"BreadcrumbList","@id":"https:\/\/www.alldayled.com\/de\/produkt\/strands-freedom-br-positielicht-oranje\/#breadcrumb","itemListElement":[{"@type":"ListItem","position":1,"name":"Home","item":"https:\/\/www.alldayled.com\/de\/"},{"@type":"ListItem","position":2,"name":"Shop","item":"https:\/\/www.alldayled.com\/de\/shop\/"},{"@type":"ListItem","position":3,"name":"Positionsleuchten","item":"https:\/\/www.alldayled.com\/de\/produkt-kategorie\/positionslichter\/"},{"@type":"ListItem","position":4,"name":"Markierungsleuchten","item":"https:\/\/www.alldayled.com\/de\/produkt-kategorie\/positionslichter\/markeringslampen\/"},{"@type":"ListItem","position":5,"name":"Strands Freedom BR Positionsleuchte orange"}]},{"@type":"WebSite","@id":"https:\/\/www.alldayled.com\/de\/#website","url":"https:\/\/www.alldayled.com\/de\/","name":"All Day Led","description":"Verlichting voor 12&amp;24 volt gebruik","publisher":{"@id":"https:\/\/www.alldayled.com\/de\/#organization"},"potentialAction":[{"@type":"SearchAction","target":{"@type":"EntryPoint","urlTemplate":"https:\/\/www.alldayled.com\/de\/?s={search_term_string}"},"query-input":{"@type":"PropertyValueSpecification","valueRequired":true,"valueName":"search_term_string"}}],"inLanguage":"de"},{"@type":"Organization","@id":"https:\/\/www.alldayled.com\/de\/#organization","name":"All Day Led","url":"https:\/\/www.alldayled.com\/de\/","logo":{"@type":"ImageObject","inLanguage":"de","@id":"https:\/\/www.alldayled.com\/de\/#\/schema\/logo\/image\/","url":"https:\/\/www.alldayled.com\/wp-content\/uploads\/2025\/10\/Logo-ALL-DAY-LED-800x800-zwart-witte-letters.png","contentUrl":"https:\/\/www.alldayled.com\/wp-content\/uploads\/2025\/10\/Logo-ALL-DAY-LED-800x800-zwart-witte-letters.png","width":800,"height":800,"caption":"All Day Led"},"image":{"@id":"https:\/\/www.alldayled.com\/de\/#\/schema\/logo\/image\/"},"sameAs":["https:\/\/www.facebook.com\/alldayled\/","https:\/\/www.instagram.com\/alldayled\/"],"vatID":"NL863960133B01","taxID":"86416545"}]},"product_brand":"Strands","product_price_amount":"16.95","product_price_currency":"EUR","og_availability":"instock","product_availability":"instock","product_retailer_item_id":"ADL800431","product_condition":"new"},"_links":{"self":[{"href":"https:\/\/www.alldayled.com\/de\/wp-json\/wp\/v2\/product\/66717","targetHints":{"allow":["GET"]}}],"collection":[{"href":"https:\/\/www.alldayled.com\/de\/wp-json\/wp\/v2\/product"}],"about":[{"href":"https:\/\/www.alldayled.com\/de\/wp-json\/wp\/v2\/types\/product"}],"replies":[{"embeddable":true,"href":"https:\/\/www.alldayled.com\/de\/wp-json\/wp\/v2\/comments?post=66717"}],"wp:featuredmedia":[{"embeddable":true,"href":"https:\/\/www.alldayled.com\/de\/wp-json\/wp\/v2\/media\/33603"}],"wp:attachment":[{"href":"https:\/\/www.alldayled.com\/de\/wp-json\/wp\/v2\/media?parent=66717"}],"wp:term":[{"taxonomy":"product_brand","embeddable":true,"href":"https:\/\/www.alldayled.com\/de\/wp-json\/wp\/v2\/product_brand?post=66717"},{"taxonomy":"product_cat","embeddable":true,"href":"https:\/\/www.alldayled.com\/de\/wp-json\/wp\/v2\/product_cat?post=66717"},{"taxonomy":"product_tag","embeddable":true,"href":"https:\/\/www.alldayled.com\/de\/wp-json\/wp\/v2\/product_tag?post=66717"}],"curies":[{"name":"wp","href":"https:\/\/api.w.org\/{rel}","templated":true}]}}