{"id":66724,"date":"2024-07-20T11:12:13","date_gmt":"2024-07-20T09:12:13","guid":{"rendered":"https:\/\/www.alldayled.com\/product\/boreman-led-markeringslamp-smoke-wit\/"},"modified":"2026-03-31T12:10:09","modified_gmt":"2026-03-31T10:10:09","slug":"boreman-led-markeringslamp-smoke-wit","status":"publish","type":"product","link":"https:\/\/www.alldayled.com\/de\/produkt\/boreman-led-markeringslamp-smoke-wit\/","title":{"rendered":"Boreman LED Markierungsleuchte Smoke &#8211; wei\u00df"},"content":{"rendered":"<p><span style=\"color: #000000;\"><strong>Boreman LED Markierungsleuchte WEISS Easy Fit mit Smoke Glas, f\u00fcr 12 und 24 Volt.<\/strong><\/span><\/p>\n<p><span style=\"color: #000000;\">Sind Sie auf der Suche nach einer LED Markierungsleuchte mit Smoke Glas? Und m\u00f6chten Sie, dass die Lampe in Wei\u00df leuchtet? Dann ist die Boreman LED Markierungsleuchte Easy Fit Wei\u00df mit Smoke Glas vielleicht genau das, was Sie suchen. Diese Markierungsleuchte hat 2 LED-Punkte und wird mit Montagerubber geliefert. Die Easy Fit Lampe arbeitet mit 12 und 24 Volt, wodurch Sie sie einfach an Ihrem Auto, Camper, LKW, Anh\u00e4nger oder anderem Fahrzeug montieren k\u00f6nnen. Dank des Smoke Glases erh\u00e4lt die Lampe einen coolen Look und bleibt Ihr Fahrzeug gut sichtbar.     <\/span><\/p>\n<p><span style=\"color: #000000;\">Um sicherzustellen, dass diese Boreman Easy Fit Smoke Wei\u00df f\u00fcr Ihr Fahrzeug geeignet ist, haben wir die wichtigsten Eigenschaften im Folgenden aufgelistet. Die Konturbeleuchtung mit dunklem Glas ist mit dem ECE R10-Pr\u00fcfzeichen versehen. Dar\u00fcber hinaus hat die Lampe das ECE R7-Pr\u00fcfzeichen, sodass Sie sie offiziell als Markierungsleuchte verwenden k\u00f6nnen. Weiterhin wird die Lampe mit 50 cm Anschlusskabel und zwei Arten von Montagerubbern geliefert, sodass Sie sie einfach an der gew\u00fcnschten Stelle installieren k\u00f6nnen.   <\/span><\/p>\n<h5><span style=\"color: #000000;\"><strong>Abmessungen:<\/strong><\/span><\/h5>\n<p><span style=\"color: #000000;\">Um sicherzustellen, dass die Lampe dort passt, wo Sie sie montieren m\u00f6chten, haben wir die Abmessungen im Folgenden notiert. Die Abmessungen der Boreman LED Markierungsleuchte Rot in Smoke Ausf\u00fchrung sind wie folgt: <\/span><\/p>\n<ul>\n<li><span style=\"color: #000000;\">L\u00e4nge: 77 mm<\/span><\/li>\n<li><span style=\"color: #000000;\">H\u00f6he: 24 mm<\/span><\/li>\n<li><span style=\"color: #000000;\">Dicke: 9 mm<\/span><\/li>\n<li><span style=\"color: #000000;\">H.o.H: 58 mm<\/span><\/li>\n<\/ul>\n<h5><span style=\"color: #000000;\"><strong>Andere Farben:<\/strong><\/span><\/h5>\n<p><span style=\"color: #000000;\">M\u00f6chten Sie zwar eine Boreman Easy Fit Markierungsleuchte Smoke, aber die wei\u00dfe Ausf\u00fchrung spricht Sie nicht an? Dann wissen Sie, dass die LED Konturbeleuchtung auch in anderen Farben und Ausf\u00fchrungen erh\u00e4ltlich ist. <\/span><\/p>\n<ul>\n<li><span style=\"color: #000000;\"><strong><a style=\"color: #000000;\" href=\"https:\/\/www.alldayled.com\/de\/produkt\/boreman-led-markeringslamp-smoke-oranje\/\">Easy Fit Lampe ORANGE<\/a> <\/strong><\/span><\/li>\n<li><span style=\"color: #000000;\"><a style=\"color: #000000;\" href=\"https:\/\/www.alldayled.com\/de\/produkt\/boreman-led-markeringslamp-smoke-rood\/\"><strong>Easy Fit Leuchte ROT<\/strong><\/a><\/span><\/li>\n<\/ul>\n<p><span style=\"color: #000000;\">Sind Sie nach dem Ansehen der Spezifikationen noch nicht \u00fcberzeugt? Vielleicht, weil die Farbe, Form oder Spannung nicht ganz passt, oder weil Sie eine Lampe m\u00f6chten, die nicht an der R\u00fcckseite montiert werden muss. Sehen Sie sich dann das komplette <g id=\"gid_0\">Boreman<\/g> Beleuchtungsangebot an. So finden Sie immer die Lampe, die zu Ihrem Fahrzeug passt.   <\/span><\/p>\n","protected":false},"excerpt":{"rendered":"<p>Boreman Markierungsleuchte mit Smoke Linse Wei\u00df, geeignet f\u00fcr 12 &amp; 24 Volt.<\/p>\n","protected":false},"featured_media":30918,"comment_status":"open","ping_status":"closed","template":"","meta":{"_acf_changed":false},"product_brand":[5588],"product_cat":[5196],"product_tag":[9151,9152,9153,9158,9159,9154,9155,9167,9157,9156],"class_list":{"0":"post-66724","1":"product","2":"type-product","3":"status-publish","4":"has-post-thumbnail","6":"product_brand-product-boreman","7":"product_cat-markeringslampen","8":"product_tag-konturbeleuchtung","9":"product_tag-led-markierung-rot","10":"product_tag-led-markierungsleuchte","11":"product_tag-led-markierungsleuchte-12-volt","12":"product_tag-led-markierungsleuchte-24-volt","13":"product_tag-led-markierungsleuchte-rot","14":"product_tag-markierungsleuchte-anhaenger","15":"product_tag-markierungsleuchte-anhanger","16":"product_tag-markierungsleuchte-lkw","17":"product_tag-markierungsleuchte-wohnmobil","19":"first","20":"instock","21":"taxable","22":"shipping-taxable","23":"purchasable","24":"product-type-simple"},"acf":[],"yoast_head":"<!-- This site is optimized with the Yoast SEO Premium plugin v26.5 (Yoast SEO v27.1.1) - https:\/\/yoast.com\/product\/yoast-seo-premium-wordpress\/ -->\n<title>Boreman Easy Fit Smoke WEISS - All Day Led - Lampe f\u00fcr 12&amp;24V<\/title>\n<meta name=\"description\" content=\"Boreman Easy Fit Smoke WEISS - f\u00fcr 12 &amp; 24 Volt - ECE R7 - mit doppeltem Montagerubber - Auto, LKW, Traktor und mehr - 1001-4500-C-SMK\" \/>\n<meta name=\"robots\" content=\"index, follow, max-snippet:-1, max-image-preview:large, max-video-preview:-1\" \/>\n<link rel=\"canonical\" href=\"https:\/\/www.alldayled.com\/de\/produkt\/boreman-led-markeringslamp-smoke-wit\/\" \/>\n<meta property=\"og:locale\" content=\"de_DE\" \/>\n<meta property=\"og:type\" content=\"article\" \/>\n<meta property=\"og:title\" content=\"Boreman Easy Fit Smoke WEISS - All Day Led - Lampe f\u00fcr 12&amp;24V\" \/>\n<meta property=\"og:description\" content=\"Boreman Easy Fit Smoke WEISS - f\u00fcr 12 &amp; 24 Volt - ECE R7 - mit doppeltem Montagerubber - Auto, LKW, Traktor und mehr - 1001-4500-C-SMK\" \/>\n<meta property=\"og:url\" content=\"https:\/\/www.alldayled.com\/de\/produkt\/boreman-led-markeringslamp-smoke-wit\/\" \/>\n<meta property=\"og:site_name\" content=\"All Day Led\" \/>\n<meta property=\"article:publisher\" content=\"https:\/\/www.facebook.com\/alldayled\/\" \/>\n<meta property=\"article:modified_time\" content=\"2026-03-31T10:10:09+00:00\" \/>\n<meta property=\"og:image\" content=\"https:\/\/www.alldayled.com\/wp-content\/uploads\/2024\/09\/ADL34500-W-06-300x300.png\" \/>\n<meta name=\"twitter:label1\" content=\"Preis\" \/>\n\t<meta name=\"twitter:data1\" content=\"&euro;&nbsp;14,95\" \/>\n\t<meta name=\"twitter:label2\" content=\"Verf\u00fcgbarkeit\" \/>\n\t<meta name=\"twitter:data2\" content=\"Auf Lager\" \/>\n<script type=\"application\/ld+json\" class=\"yoast-schema-graph\">{\"@context\":\"https:\/\/schema.org\",\"@graph\":[{\"@type\":\"WebPage\",\"@id\":\"https:\/\/www.alldayled.com\/de\/produkt\/boreman-led-markeringslamp-smoke-wit\/\",\"url\":\"https:\/\/www.alldayled.com\/de\/produkt\/boreman-led-markeringslamp-smoke-wit\/\",\"name\":\"Boreman Easy Fit Smoke WEISS - All Day Led - Lampe f\u00fcr 12&24V\",\"isPartOf\":{\"@id\":\"https:\/\/www.alldayled.com\/de\/#website\"},\"primaryImageOfPage\":{\"@id\":\"https:\/\/www.alldayled.com\/de\/produkt\/boreman-led-markeringslamp-smoke-wit\/#primaryimage\"},\"image\":{\"@id\":\"https:\/\/www.alldayled.com\/de\/produkt\/boreman-led-markeringslamp-smoke-wit\/#primaryimage\"},\"thumbnailUrl\":\"https:\/\/www.alldayled.com\/wp-content\/uploads\/2024\/09\/ADL34500-W-03.png\",\"datePublished\":\"2024-07-20T09:12:13+00:00\",\"dateModified\":\"2026-03-31T10:10:09+00:00\",\"description\":\"Boreman Easy Fit Smoke WEISS - f\u00fcr 12 & 24 Volt - ECE R7 - mit doppeltem Montagerubber - Auto, LKW, Traktor und mehr - 1001-4500-C-SMK\",\"breadcrumb\":{\"@id\":\"https:\/\/www.alldayled.com\/de\/produkt\/boreman-led-markeringslamp-smoke-wit\/#breadcrumb\"},\"inLanguage\":\"de\",\"potentialAction\":[{\"@type\":\"ReadAction\",\"target\":[\"https:\/\/www.alldayled.com\/de\/produkt\/boreman-led-markeringslamp-smoke-wit\/\"]}]},{\"@type\":\"ImageObject\",\"inLanguage\":\"de\",\"@id\":\"https:\/\/www.alldayled.com\/de\/produkt\/boreman-led-markeringslamp-smoke-wit\/#primaryimage\",\"url\":\"https:\/\/www.alldayled.com\/wp-content\/uploads\/2024\/09\/ADL34500-W-03.png\",\"contentUrl\":\"https:\/\/www.alldayled.com\/wp-content\/uploads\/2024\/09\/ADL34500-W-03.png\",\"width\":800,\"height\":600,\"caption\":\"Boreman LED Markierungsleuchte Wei\u00df Easy Fit mit Smoke Glas - Konturbeleuchtung, die f\u00fcr 12 und 24 Volt geeignet ist - BOREMAN 1001-4500-C-SMK - Auto, Anh\u00e4nger, Camper, LKW, Schaufel und mehr - EAN: 5391528111503\"},{\"@type\":\"BreadcrumbList\",\"@id\":\"https:\/\/www.alldayled.com\/de\/produkt\/boreman-led-markeringslamp-smoke-wit\/#breadcrumb\",\"itemListElement\":[{\"@type\":\"ListItem\",\"position\":1,\"name\":\"Home\",\"item\":\"https:\/\/www.alldayled.com\/de\/\"},{\"@type\":\"ListItem\",\"position\":2,\"name\":\"Shop\",\"item\":\"https:\/\/www.alldayled.com\/de\/shop\/\"},{\"@type\":\"ListItem\",\"position\":3,\"name\":\"Positionsleuchten\",\"item\":\"https:\/\/www.alldayled.com\/de\/produkt-kategorie\/positionslichter\/\"},{\"@type\":\"ListItem\",\"position\":4,\"name\":\"Markierungsleuchten\",\"item\":\"https:\/\/www.alldayled.com\/de\/produkt-kategorie\/positionslichter\/markeringslampen\/\"},{\"@type\":\"ListItem\",\"position\":5,\"name\":\"Boreman LED Markierungsleuchte Smoke &#8211; wei\u00df\"}]},{\"@type\":\"WebSite\",\"@id\":\"https:\/\/www.alldayled.com\/de\/#website\",\"url\":\"https:\/\/www.alldayled.com\/de\/\",\"name\":\"All Day Led\",\"description\":\"Verlichting voor 12&amp;24 volt gebruik\",\"publisher\":{\"@id\":\"https:\/\/www.alldayled.com\/de\/#organization\"},\"potentialAction\":[{\"@type\":\"SearchAction\",\"target\":{\"@type\":\"EntryPoint\",\"urlTemplate\":\"https:\/\/www.alldayled.com\/de\/?s={search_term_string}\"},\"query-input\":{\"@type\":\"PropertyValueSpecification\",\"valueRequired\":true,\"valueName\":\"search_term_string\"}}],\"inLanguage\":\"de\"},{\"@type\":\"Organization\",\"@id\":\"https:\/\/www.alldayled.com\/de\/#organization\",\"name\":\"All Day Led\",\"url\":\"https:\/\/www.alldayled.com\/de\/\",\"logo\":{\"@type\":\"ImageObject\",\"inLanguage\":\"de\",\"@id\":\"https:\/\/www.alldayled.com\/de\/#\/schema\/logo\/image\/\",\"url\":\"https:\/\/www.alldayled.com\/wp-content\/uploads\/2025\/10\/Logo-ALL-DAY-LED-800x800-zwart-witte-letters.png\",\"contentUrl\":\"https:\/\/www.alldayled.com\/wp-content\/uploads\/2025\/10\/Logo-ALL-DAY-LED-800x800-zwart-witte-letters.png\",\"width\":800,\"height\":800,\"caption\":\"All Day Led\"},\"image\":{\"@id\":\"https:\/\/www.alldayled.com\/de\/#\/schema\/logo\/image\/\"},\"sameAs\":[\"https:\/\/www.facebook.com\/alldayled\/\",\"https:\/\/www.instagram.com\/alldayled\/\"],\"vatID\":\"NL863960133B01\",\"taxID\":\"86416545\"}]}<\/script>\n<meta property=\"product:brand\" content=\"Boreman\" \/>\n<meta property=\"product:price:amount\" content=\"14.95\" \/>\n<meta property=\"product:price:currency\" content=\"EUR\" \/>\n<meta property=\"og:availability\" content=\"instock\" \/>\n<meta property=\"product:availability\" content=\"instock\" \/>\n<meta property=\"product:retailer_item_id\" content=\"ADL34500-W\" \/>\n<meta property=\"product:condition\" content=\"new\" \/>\n<!-- \/ Yoast SEO Premium plugin. -->","yoast_head_json":{"title":"Boreman Easy Fit Smoke WEISS - All Day Led - Lampe f\u00fcr 12&24V","description":"Boreman Easy Fit Smoke WEISS - f\u00fcr 12 & 24 Volt - ECE R7 - mit doppeltem Montagerubber - Auto, LKW, Traktor und mehr - 1001-4500-C-SMK","robots":{"index":"index","follow":"follow","max-snippet":"max-snippet:-1","max-image-preview":"max-image-preview:large","max-video-preview":"max-video-preview:-1"},"canonical":"https:\/\/www.alldayled.com\/de\/produkt\/boreman-led-markeringslamp-smoke-wit\/","og_locale":"de_DE","og_type":"article","og_title":"Boreman Easy Fit Smoke WEISS - All Day Led - Lampe f\u00fcr 12&24V","og_description":"Boreman Easy Fit Smoke WEISS - f\u00fcr 12 & 24 Volt - ECE R7 - mit doppeltem Montagerubber - Auto, LKW, Traktor und mehr - 1001-4500-C-SMK","og_url":"https:\/\/www.alldayled.com\/de\/produkt\/boreman-led-markeringslamp-smoke-wit\/","og_site_name":"All Day Led","article_publisher":"https:\/\/www.facebook.com\/alldayled\/","article_modified_time":"2026-03-31T10:10:09+00:00","og_image":[{"url":"https:\/\/www.alldayled.com\/wp-content\/uploads\/2024\/09\/ADL34500-W-06-300x300.png","type":"","width":"","height":""}],"twitter_misc":{"Preis":"&euro;&nbsp;14,95","Verf\u00fcgbarkeit":"Auf Lager"},"schema":{"@context":"https:\/\/schema.org","@graph":[{"@type":"WebPage","@id":"https:\/\/www.alldayled.com\/de\/produkt\/boreman-led-markeringslamp-smoke-wit\/","url":"https:\/\/www.alldayled.com\/de\/produkt\/boreman-led-markeringslamp-smoke-wit\/","name":"Boreman Easy Fit Smoke WEISS - All Day Led - Lampe f\u00fcr 12&24V","isPartOf":{"@id":"https:\/\/www.alldayled.com\/de\/#website"},"primaryImageOfPage":{"@id":"https:\/\/www.alldayled.com\/de\/produkt\/boreman-led-markeringslamp-smoke-wit\/#primaryimage"},"image":{"@id":"https:\/\/www.alldayled.com\/de\/produkt\/boreman-led-markeringslamp-smoke-wit\/#primaryimage"},"thumbnailUrl":"https:\/\/www.alldayled.com\/wp-content\/uploads\/2024\/09\/ADL34500-W-03.png","datePublished":"2024-07-20T09:12:13+00:00","dateModified":"2026-03-31T10:10:09+00:00","description":"Boreman Easy Fit Smoke WEISS - f\u00fcr 12 & 24 Volt - ECE R7 - mit doppeltem Montagerubber - Auto, LKW, Traktor und mehr - 1001-4500-C-SMK","breadcrumb":{"@id":"https:\/\/www.alldayled.com\/de\/produkt\/boreman-led-markeringslamp-smoke-wit\/#breadcrumb"},"inLanguage":"de","potentialAction":[{"@type":"ReadAction","target":["https:\/\/www.alldayled.com\/de\/produkt\/boreman-led-markeringslamp-smoke-wit\/"]}]},{"@type":"ImageObject","inLanguage":"de","@id":"https:\/\/www.alldayled.com\/de\/produkt\/boreman-led-markeringslamp-smoke-wit\/#primaryimage","url":"https:\/\/www.alldayled.com\/wp-content\/uploads\/2024\/09\/ADL34500-W-03.png","contentUrl":"https:\/\/www.alldayled.com\/wp-content\/uploads\/2024\/09\/ADL34500-W-03.png","width":800,"height":600,"caption":"Boreman LED Markierungsleuchte Wei\u00df Easy Fit mit Smoke Glas - Konturbeleuchtung, die f\u00fcr 12 und 24 Volt geeignet ist - BOREMAN 1001-4500-C-SMK - Auto, Anh\u00e4nger, Camper, LKW, Schaufel und mehr - EAN: 5391528111503"},{"@type":"BreadcrumbList","@id":"https:\/\/www.alldayled.com\/de\/produkt\/boreman-led-markeringslamp-smoke-wit\/#breadcrumb","itemListElement":[{"@type":"ListItem","position":1,"name":"Home","item":"https:\/\/www.alldayled.com\/de\/"},{"@type":"ListItem","position":2,"name":"Shop","item":"https:\/\/www.alldayled.com\/de\/shop\/"},{"@type":"ListItem","position":3,"name":"Positionsleuchten","item":"https:\/\/www.alldayled.com\/de\/produkt-kategorie\/positionslichter\/"},{"@type":"ListItem","position":4,"name":"Markierungsleuchten","item":"https:\/\/www.alldayled.com\/de\/produkt-kategorie\/positionslichter\/markeringslampen\/"},{"@type":"ListItem","position":5,"name":"Boreman LED Markierungsleuchte Smoke &#8211; wei\u00df"}]},{"@type":"WebSite","@id":"https:\/\/www.alldayled.com\/de\/#website","url":"https:\/\/www.alldayled.com\/de\/","name":"All Day Led","description":"Verlichting voor 12&amp;24 volt gebruik","publisher":{"@id":"https:\/\/www.alldayled.com\/de\/#organization"},"potentialAction":[{"@type":"SearchAction","target":{"@type":"EntryPoint","urlTemplate":"https:\/\/www.alldayled.com\/de\/?s={search_term_string}"},"query-input":{"@type":"PropertyValueSpecification","valueRequired":true,"valueName":"search_term_string"}}],"inLanguage":"de"},{"@type":"Organization","@id":"https:\/\/www.alldayled.com\/de\/#organization","name":"All Day Led","url":"https:\/\/www.alldayled.com\/de\/","logo":{"@type":"ImageObject","inLanguage":"de","@id":"https:\/\/www.alldayled.com\/de\/#\/schema\/logo\/image\/","url":"https:\/\/www.alldayled.com\/wp-content\/uploads\/2025\/10\/Logo-ALL-DAY-LED-800x800-zwart-witte-letters.png","contentUrl":"https:\/\/www.alldayled.com\/wp-content\/uploads\/2025\/10\/Logo-ALL-DAY-LED-800x800-zwart-witte-letters.png","width":800,"height":800,"caption":"All Day Led"},"image":{"@id":"https:\/\/www.alldayled.com\/de\/#\/schema\/logo\/image\/"},"sameAs":["https:\/\/www.facebook.com\/alldayled\/","https:\/\/www.instagram.com\/alldayled\/"],"vatID":"NL863960133B01","taxID":"86416545"}]},"product_brand":"Boreman","product_price_amount":"14.95","product_price_currency":"EUR","og_availability":"instock","product_availability":"instock","product_retailer_item_id":"ADL34500-W","product_condition":"new"},"_links":{"self":[{"href":"https:\/\/www.alldayled.com\/de\/wp-json\/wp\/v2\/product\/66724","targetHints":{"allow":["GET"]}}],"collection":[{"href":"https:\/\/www.alldayled.com\/de\/wp-json\/wp\/v2\/product"}],"about":[{"href":"https:\/\/www.alldayled.com\/de\/wp-json\/wp\/v2\/types\/product"}],"replies":[{"embeddable":true,"href":"https:\/\/www.alldayled.com\/de\/wp-json\/wp\/v2\/comments?post=66724"}],"wp:featuredmedia":[{"embeddable":true,"href":"https:\/\/www.alldayled.com\/de\/wp-json\/wp\/v2\/media\/30918"}],"wp:attachment":[{"href":"https:\/\/www.alldayled.com\/de\/wp-json\/wp\/v2\/media?parent=66724"}],"wp:term":[{"taxonomy":"product_brand","embeddable":true,"href":"https:\/\/www.alldayled.com\/de\/wp-json\/wp\/v2\/product_brand?post=66724"},{"taxonomy":"product_cat","embeddable":true,"href":"https:\/\/www.alldayled.com\/de\/wp-json\/wp\/v2\/product_cat?post=66724"},{"taxonomy":"product_tag","embeddable":true,"href":"https:\/\/www.alldayled.com\/de\/wp-json\/wp\/v2\/product_tag?post=66724"}],"curies":[{"name":"wp","href":"https:\/\/api.w.org\/{rel}","templated":true}]}}