{"id":66733,"date":"2021-12-16T09:55:22","date_gmt":"2021-12-16T08:55:22","guid":{"rendered":"https:\/\/www.alldayled.com\/product\/strands-dark-knight-markeringslamp-3-led-oranje\/"},"modified":"2026-04-14T17:36:58","modified_gmt":"2026-04-14T15:36:58","slug":"strands-dark-knight-markeringslamp-3-led-oranje","status":"publish","type":"product","link":"https:\/\/www.alldayled.com\/de\/produkt\/strands-dark-knight-markeringslamp-3-led-oranje\/","title":{"rendered":"Strands Dark Knight 3 LED Markierungsleuchte orange"},"content":{"rendered":"<p><span style=\"color: #000000;\"><strong>Strands Dark Knight Markierungsleuchte orange mit 3 LED&#8217;s, geeignet f\u00fcr 12 und 24 Volt.<\/strong><\/span><\/p>\n<p><span style=\"color: #000000;\">Suchst du nach einer sch\u00f6nen LED Markierungsleuchte mit get\u00f6ntem Glas, die orange leuchtet? Dann ist die Strands Dark Knight Markierungsleuchte orange vielleicht genau die Leuchte, die du suchst. Dies ist eine Umrissleuchte, die genau das tut, was du von ihr erwartest. Die LED Leuchte ist mit 3 LED-Punkten ausgestattet, wodurch du mit geringem Stromverbrauch gut auf der Stra\u00dfe sichtbar bist. Die Strands LED Markierungsleuchte orange mit get\u00f6ntem Glas funktioniert mit 12 und 24 Volt, was bedeutet, dass du sie zum Beispiel f\u00fcr dein Auto, deinen LKW, Traktor, Anh\u00e4nger oder ein anderes Fahrzeug verwenden kannst.    <\/span><\/p>\n<p><span style=\"color: #000000;\">Um sicherzustellen, dass die Strands Dark Knight Markierungsleuchte orange f\u00fcr dein Fahrzeug oder deinen Anh\u00e4nger geeignet ist, haben wir unten einige Spezifikationen aufgelistet. Die LED Markierungsleuchte ist mit dem ECE R10 Pr\u00fcfzeichen versehen, was bedeutet, dass die Leuchte w\u00e4hrend des Betriebs keine St\u00f6rungen, zum Beispiel an deinem Radiosignal, verursacht. Zudem verf\u00fcgt die LED Markierungsleuchte orange von Strands \u00fcber das ECE R7 Pr\u00fcfzeichen, was besagt, dass du die Leuchte offiziell als Markierungsleuchte verwenden darfst.  <\/span><\/p>\n<h5><span style=\"color: #000000;\"><strong>Abmessungen:<\/strong><\/span><\/h5>\n<p><span style=\"color: #000000;\">Um sicherzustellen, dass du die LED Markierungsleuchte einfach montieren kannst, haben wir unten die Abmessungen f\u00fcr dich aufgelistet. Die Abmessungen der Strands Dark Knight Markierungsleuchte orange mit 3 LED\u2019s sind wie folgt: <\/span><\/p>\n<ul>\n<li><span style=\"color: #000000;\">L\u00e4nge: 84 mm<\/span><\/li>\n<li><span style=\"color: #000000;\">H\u00f6he: 24 mm<\/span><\/li>\n<li><span style=\"color: #000000;\">Dicke: 10,4 mm<\/span><\/li>\n<li><span style=\"color: #000000;\">Lochabstand: 61 mm<\/span><\/li>\n<\/ul>\n<h5><span style=\"color: #000000;\"><strong>Andere Farben:<\/strong><\/span><\/h5>\n<p><span style=\"color: #000000;\">M\u00f6chtest du eine Dark Knight LED Markierungsleuchte der Marke Strands kaufen, aber die Strands Dark Knight Markierungsleuchte orange ist nicht ganz das, was du suchst? Denke daran, dass Strands auch andere Modelle hat. Unten findest du einige Beispiele:  <\/span><\/p>\n<ul>\n<li><span style=\"color: #000000;\"><a style=\"color: #000000;\" href=\"https:\/\/www.alldayled.com\/de\/produkt\/strands-dark-knight-markeringslamp-3-led-rood\/\"><strong>Strands Dark Knight 3 LED ROT <\/strong><\/a><\/span><\/li>\n<li><span style=\"color: #000000;\"><a style=\"color: #000000;\" href=\"https:\/\/www.alldayled.com\/de\/produkt\/strands-dark-knight-markeringslamp-3-led-wit\/\"><strong>Strands Dark Knight 3 LED WEISS<\/strong><\/a><\/span><\/li>\n<\/ul>\n<p><span style=\"color: #000000;\">Bist du dennoch der Meinung, dass die Dark Knight Markierungsleuchte ORANGE nicht das ist, was du suchst? Einfach weil die Lichtleistung, Wattage oder Form nicht deinen W\u00fcnschen entspricht? Dann sieh dir hier das komplette Angebot von <g id=\"gid_0\">Strands<\/g> an. Vielleicht findest du hier das Leuchtenmodell, nach dem du suchst.   <\/span><\/p>\n","protected":false},"excerpt":{"rendered":"<p>Markierungsleuchte orange mit dunklem Glas und 3 LED-Punkten, f\u00fcr 12 &amp; 24 Volt.<\/p>\n","protected":false},"featured_media":75908,"comment_status":"open","ping_status":"closed","template":"","meta":{"_acf_changed":false},"product_brand":[5114],"product_cat":[5196,5363],"product_tag":[9350,9151,9269,9153,9158,9159,9270,9155,9167,9157,9156,9271,9351,9064,9065,9160],"class_list":{"0":"post-66733","1":"product","2":"type-product","3":"status-publish","4":"has-post-thumbnail","6":"product_brand-product-strands-lighting-division","7":"product_cat-markeringslampen","8":"product_cat-strands-dark-knight","9":"product_tag-dark-knight-beleuchtung","10":"product_tag-konturbeleuchtung","11":"product_tag-led-markierung-orange","12":"product_tag-led-markierungsleuchte","13":"product_tag-led-markierungsleuchte-12-volt","14":"product_tag-led-markierungsleuchte-24-volt","15":"product_tag-led-markierungsleuchte-orange","16":"product_tag-markierungsleuchte-anhaenger","17":"product_tag-markierungsleuchte-anhanger","18":"product_tag-markierungsleuchte-lkw","19":"product_tag-markierungsleuchte-wohnmobil","20":"product_tag-seitenmarkierung","21":"product_tag-strands-dark-knight","22":"product_tag-strands-led-beleuchtung","23":"product_tag-strands-lighting-division","24":"product_tag-truckstyling","26":"first","27":"instock","28":"taxable","29":"shipping-taxable","30":"purchasable","31":"product-type-simple"},"acf":[],"yoast_head":"<!-- This site is optimized with the Yoast SEO Premium plugin v26.5 (Yoast SEO v27.1.1) - https:\/\/yoast.com\/product\/yoast-seo-premium-wordpress\/ -->\n<title>Strands Dark Knight Markierungsleuchte orange - All Day Led - 12&amp;24V<\/title>\n<meta name=\"description\" content=\"Strands Dark Knight Markierungsleuchte ORANGE - 3 LED&#039;s - LED-Markierungslicht mit ECE R91 - f\u00fcr 12 &amp; 24 Volt Betrieb- get\u00f6ntes Glas\" \/>\n<meta name=\"robots\" content=\"index, follow, max-snippet:-1, max-image-preview:large, max-video-preview:-1\" \/>\n<link rel=\"canonical\" href=\"https:\/\/www.alldayled.com\/de\/produkt\/strands-dark-knight-markeringslamp-3-led-oranje\/\" \/>\n<meta property=\"og:locale\" content=\"de_DE\" \/>\n<meta property=\"og:type\" content=\"article\" \/>\n<meta property=\"og:title\" content=\"Strands Dark Knight Markierungsleuchte orange - All Day Led - 12&amp;24V\" \/>\n<meta property=\"og:description\" content=\"Strands Dark Knight Markierungsleuchte ORANGE - 3 LED&#039;s - LED-Markierungslicht mit ECE R91 - f\u00fcr 12 &amp; 24 Volt Betrieb- get\u00f6ntes Glas\" \/>\n<meta property=\"og:url\" content=\"https:\/\/www.alldayled.com\/de\/produkt\/strands-dark-knight-markeringslamp-3-led-oranje\/\" \/>\n<meta property=\"og:site_name\" content=\"All Day Led\" \/>\n<meta property=\"article:publisher\" content=\"https:\/\/www.facebook.com\/alldayled\/\" \/>\n<meta property=\"article:modified_time\" content=\"2026-04-14T15:36:58+00:00\" \/>\n<meta property=\"og:image\" content=\"https:\/\/www.alldayled.com\/wp-content\/uploads\/2024\/07\/ADL800332-300x300.png\" \/>\n<meta name=\"twitter:label1\" content=\"Preis\" \/>\n\t<meta name=\"twitter:data1\" content=\"&euro;&nbsp;13,95\" \/>\n\t<meta name=\"twitter:label2\" content=\"Verf\u00fcgbarkeit\" \/>\n\t<meta name=\"twitter:data2\" content=\"Auf Lager\" \/>\n<script type=\"application\/ld+json\" class=\"yoast-schema-graph\">{\"@context\":\"https:\/\/schema.org\",\"@graph\":[{\"@type\":\"WebPage\",\"@id\":\"https:\/\/www.alldayled.com\/de\/produkt\/strands-dark-knight-markeringslamp-3-led-oranje\/\",\"url\":\"https:\/\/www.alldayled.com\/de\/produkt\/strands-dark-knight-markeringslamp-3-led-oranje\/\",\"name\":\"Strands Dark Knight Markierungsleuchte orange - All Day Led - 12&24V\",\"isPartOf\":{\"@id\":\"https:\/\/www.alldayled.com\/de\/#website\"},\"primaryImageOfPage\":{\"@id\":\"https:\/\/www.alldayled.com\/de\/produkt\/strands-dark-knight-markeringslamp-3-led-oranje\/#primaryimage\"},\"image\":{\"@id\":\"https:\/\/www.alldayled.com\/de\/produkt\/strands-dark-knight-markeringslamp-3-led-oranje\/#primaryimage\"},\"thumbnailUrl\":\"https:\/\/www.alldayled.com\/wp-content\/uploads\/2021\/12\/ADL80332.png\",\"datePublished\":\"2021-12-16T08:55:22+00:00\",\"dateModified\":\"2026-04-14T15:36:58+00:00\",\"description\":\"Strands Dark Knight Markierungsleuchte ORANGE - 3 LED's - LED-Markierungslicht mit ECE R91 - f\u00fcr 12 & 24 Volt Betrieb- get\u00f6ntes Glas\",\"breadcrumb\":{\"@id\":\"https:\/\/www.alldayled.com\/de\/produkt\/strands-dark-knight-markeringslamp-3-led-oranje\/#breadcrumb\"},\"inLanguage\":\"de\",\"potentialAction\":[{\"@type\":\"ReadAction\",\"target\":[\"https:\/\/www.alldayled.com\/de\/produkt\/strands-dark-knight-markeringslamp-3-led-oranje\/\"]}]},{\"@type\":\"ImageObject\",\"inLanguage\":\"de\",\"@id\":\"https:\/\/www.alldayled.com\/de\/produkt\/strands-dark-knight-markeringslamp-3-led-oranje\/#primaryimage\",\"url\":\"https:\/\/www.alldayled.com\/wp-content\/uploads\/2021\/12\/ADL80332.png\",\"contentUrl\":\"https:\/\/www.alldayled.com\/wp-content\/uploads\/2021\/12\/ADL80332.png\",\"width\":800,\"height\":600,\"caption\":\"Strands Dark Knight 80332\"},{\"@type\":\"BreadcrumbList\",\"@id\":\"https:\/\/www.alldayled.com\/de\/produkt\/strands-dark-knight-markeringslamp-3-led-oranje\/#breadcrumb\",\"itemListElement\":[{\"@type\":\"ListItem\",\"position\":1,\"name\":\"Home\",\"item\":\"https:\/\/www.alldayled.com\/de\/\"},{\"@type\":\"ListItem\",\"position\":2,\"name\":\"Shop\",\"item\":\"https:\/\/www.alldayled.com\/de\/shop\/\"},{\"@type\":\"ListItem\",\"position\":3,\"name\":\"Positionsleuchten\",\"item\":\"https:\/\/www.alldayled.com\/de\/produkt-kategorie\/positionslichter\/\"},{\"@type\":\"ListItem\",\"position\":4,\"name\":\"Markierungsleuchten\",\"item\":\"https:\/\/www.alldayled.com\/de\/produkt-kategorie\/positionslichter\/markeringslampen\/\"},{\"@type\":\"ListItem\",\"position\":5,\"name\":\"Strands Dark Knight 3 LED Markierungsleuchte orange\"}]},{\"@type\":\"WebSite\",\"@id\":\"https:\/\/www.alldayled.com\/de\/#website\",\"url\":\"https:\/\/www.alldayled.com\/de\/\",\"name\":\"All Day Led\",\"description\":\"Verlichting voor 12&amp;24 volt gebruik\",\"publisher\":{\"@id\":\"https:\/\/www.alldayled.com\/de\/#organization\"},\"potentialAction\":[{\"@type\":\"SearchAction\",\"target\":{\"@type\":\"EntryPoint\",\"urlTemplate\":\"https:\/\/www.alldayled.com\/de\/?s={search_term_string}\"},\"query-input\":{\"@type\":\"PropertyValueSpecification\",\"valueRequired\":true,\"valueName\":\"search_term_string\"}}],\"inLanguage\":\"de\"},{\"@type\":\"Organization\",\"@id\":\"https:\/\/www.alldayled.com\/de\/#organization\",\"name\":\"All Day Led\",\"url\":\"https:\/\/www.alldayled.com\/de\/\",\"logo\":{\"@type\":\"ImageObject\",\"inLanguage\":\"de\",\"@id\":\"https:\/\/www.alldayled.com\/de\/#\/schema\/logo\/image\/\",\"url\":\"https:\/\/www.alldayled.com\/wp-content\/uploads\/2025\/10\/Logo-ALL-DAY-LED-800x800-zwart-witte-letters.png\",\"contentUrl\":\"https:\/\/www.alldayled.com\/wp-content\/uploads\/2025\/10\/Logo-ALL-DAY-LED-800x800-zwart-witte-letters.png\",\"width\":800,\"height\":800,\"caption\":\"All Day Led\"},\"image\":{\"@id\":\"https:\/\/www.alldayled.com\/de\/#\/schema\/logo\/image\/\"},\"sameAs\":[\"https:\/\/www.facebook.com\/alldayled\/\",\"https:\/\/www.instagram.com\/alldayled\/\"],\"vatID\":\"NL863960133B01\",\"taxID\":\"86416545\"}]}<\/script>\n<meta property=\"product:brand\" content=\"Strands\" \/>\n<meta property=\"product:price:amount\" content=\"13.95\" \/>\n<meta property=\"product:price:currency\" content=\"EUR\" \/>\n<meta property=\"og:availability\" content=\"instock\" \/>\n<meta property=\"product:availability\" content=\"instock\" \/>\n<meta property=\"product:retailer_item_id\" content=\"ADL800332\" \/>\n<meta property=\"product:condition\" content=\"new\" \/>\n<!-- \/ Yoast SEO Premium plugin. -->","yoast_head_json":{"title":"Strands Dark Knight Markierungsleuchte orange - All Day Led - 12&24V","description":"Strands Dark Knight Markierungsleuchte ORANGE - 3 LED's - LED-Markierungslicht mit ECE R91 - f\u00fcr 12 & 24 Volt Betrieb- get\u00f6ntes Glas","robots":{"index":"index","follow":"follow","max-snippet":"max-snippet:-1","max-image-preview":"max-image-preview:large","max-video-preview":"max-video-preview:-1"},"canonical":"https:\/\/www.alldayled.com\/de\/produkt\/strands-dark-knight-markeringslamp-3-led-oranje\/","og_locale":"de_DE","og_type":"article","og_title":"Strands Dark Knight Markierungsleuchte orange - All Day Led - 12&24V","og_description":"Strands Dark Knight Markierungsleuchte ORANGE - 3 LED's - LED-Markierungslicht mit ECE R91 - f\u00fcr 12 & 24 Volt Betrieb- get\u00f6ntes Glas","og_url":"https:\/\/www.alldayled.com\/de\/produkt\/strands-dark-knight-markeringslamp-3-led-oranje\/","og_site_name":"All Day Led","article_publisher":"https:\/\/www.facebook.com\/alldayled\/","article_modified_time":"2026-04-14T15:36:58+00:00","og_image":[{"url":"https:\/\/www.alldayled.com\/wp-content\/uploads\/2024\/07\/ADL800332-300x300.png","type":"","width":"","height":""}],"twitter_misc":{"Preis":"&euro;&nbsp;13,95","Verf\u00fcgbarkeit":"Auf Lager"},"schema":{"@context":"https:\/\/schema.org","@graph":[{"@type":"WebPage","@id":"https:\/\/www.alldayled.com\/de\/produkt\/strands-dark-knight-markeringslamp-3-led-oranje\/","url":"https:\/\/www.alldayled.com\/de\/produkt\/strands-dark-knight-markeringslamp-3-led-oranje\/","name":"Strands Dark Knight Markierungsleuchte orange - All Day Led - 12&24V","isPartOf":{"@id":"https:\/\/www.alldayled.com\/de\/#website"},"primaryImageOfPage":{"@id":"https:\/\/www.alldayled.com\/de\/produkt\/strands-dark-knight-markeringslamp-3-led-oranje\/#primaryimage"},"image":{"@id":"https:\/\/www.alldayled.com\/de\/produkt\/strands-dark-knight-markeringslamp-3-led-oranje\/#primaryimage"},"thumbnailUrl":"https:\/\/www.alldayled.com\/wp-content\/uploads\/2021\/12\/ADL80332.png","datePublished":"2021-12-16T08:55:22+00:00","dateModified":"2026-04-14T15:36:58+00:00","description":"Strands Dark Knight Markierungsleuchte ORANGE - 3 LED's - LED-Markierungslicht mit ECE R91 - f\u00fcr 12 & 24 Volt Betrieb- get\u00f6ntes Glas","breadcrumb":{"@id":"https:\/\/www.alldayled.com\/de\/produkt\/strands-dark-knight-markeringslamp-3-led-oranje\/#breadcrumb"},"inLanguage":"de","potentialAction":[{"@type":"ReadAction","target":["https:\/\/www.alldayled.com\/de\/produkt\/strands-dark-knight-markeringslamp-3-led-oranje\/"]}]},{"@type":"ImageObject","inLanguage":"de","@id":"https:\/\/www.alldayled.com\/de\/produkt\/strands-dark-knight-markeringslamp-3-led-oranje\/#primaryimage","url":"https:\/\/www.alldayled.com\/wp-content\/uploads\/2021\/12\/ADL80332.png","contentUrl":"https:\/\/www.alldayled.com\/wp-content\/uploads\/2021\/12\/ADL80332.png","width":800,"height":600,"caption":"Strands Dark Knight 80332"},{"@type":"BreadcrumbList","@id":"https:\/\/www.alldayled.com\/de\/produkt\/strands-dark-knight-markeringslamp-3-led-oranje\/#breadcrumb","itemListElement":[{"@type":"ListItem","position":1,"name":"Home","item":"https:\/\/www.alldayled.com\/de\/"},{"@type":"ListItem","position":2,"name":"Shop","item":"https:\/\/www.alldayled.com\/de\/shop\/"},{"@type":"ListItem","position":3,"name":"Positionsleuchten","item":"https:\/\/www.alldayled.com\/de\/produkt-kategorie\/positionslichter\/"},{"@type":"ListItem","position":4,"name":"Markierungsleuchten","item":"https:\/\/www.alldayled.com\/de\/produkt-kategorie\/positionslichter\/markeringslampen\/"},{"@type":"ListItem","position":5,"name":"Strands Dark Knight 3 LED Markierungsleuchte orange"}]},{"@type":"WebSite","@id":"https:\/\/www.alldayled.com\/de\/#website","url":"https:\/\/www.alldayled.com\/de\/","name":"All Day Led","description":"Verlichting voor 12&amp;24 volt gebruik","publisher":{"@id":"https:\/\/www.alldayled.com\/de\/#organization"},"potentialAction":[{"@type":"SearchAction","target":{"@type":"EntryPoint","urlTemplate":"https:\/\/www.alldayled.com\/de\/?s={search_term_string}"},"query-input":{"@type":"PropertyValueSpecification","valueRequired":true,"valueName":"search_term_string"}}],"inLanguage":"de"},{"@type":"Organization","@id":"https:\/\/www.alldayled.com\/de\/#organization","name":"All Day Led","url":"https:\/\/www.alldayled.com\/de\/","logo":{"@type":"ImageObject","inLanguage":"de","@id":"https:\/\/www.alldayled.com\/de\/#\/schema\/logo\/image\/","url":"https:\/\/www.alldayled.com\/wp-content\/uploads\/2025\/10\/Logo-ALL-DAY-LED-800x800-zwart-witte-letters.png","contentUrl":"https:\/\/www.alldayled.com\/wp-content\/uploads\/2025\/10\/Logo-ALL-DAY-LED-800x800-zwart-witte-letters.png","width":800,"height":800,"caption":"All Day Led"},"image":{"@id":"https:\/\/www.alldayled.com\/de\/#\/schema\/logo\/image\/"},"sameAs":["https:\/\/www.facebook.com\/alldayled\/","https:\/\/www.instagram.com\/alldayled\/"],"vatID":"NL863960133B01","taxID":"86416545"}]},"product_brand":"Strands","product_price_amount":"13.95","product_price_currency":"EUR","og_availability":"instock","product_availability":"instock","product_retailer_item_id":"ADL800332","product_condition":"new"},"_links":{"self":[{"href":"https:\/\/www.alldayled.com\/de\/wp-json\/wp\/v2\/product\/66733","targetHints":{"allow":["GET"]}}],"collection":[{"href":"https:\/\/www.alldayled.com\/de\/wp-json\/wp\/v2\/product"}],"about":[{"href":"https:\/\/www.alldayled.com\/de\/wp-json\/wp\/v2\/types\/product"}],"replies":[{"embeddable":true,"href":"https:\/\/www.alldayled.com\/de\/wp-json\/wp\/v2\/comments?post=66733"}],"wp:featuredmedia":[{"embeddable":true,"href":"https:\/\/www.alldayled.com\/de\/wp-json\/wp\/v2\/media\/75908"}],"wp:attachment":[{"href":"https:\/\/www.alldayled.com\/de\/wp-json\/wp\/v2\/media?parent=66733"}],"wp:term":[{"taxonomy":"product_brand","embeddable":true,"href":"https:\/\/www.alldayled.com\/de\/wp-json\/wp\/v2\/product_brand?post=66733"},{"taxonomy":"product_cat","embeddable":true,"href":"https:\/\/www.alldayled.com\/de\/wp-json\/wp\/v2\/product_cat?post=66733"},{"taxonomy":"product_tag","embeddable":true,"href":"https:\/\/www.alldayled.com\/de\/wp-json\/wp\/v2\/product_tag?post=66733"}],"curies":[{"name":"wp","href":"https:\/\/api.w.org\/{rel}","templated":true}]}}