{"id":66738,"date":"2025-05-17T08:35:40","date_gmt":"2025-05-17T06:35:40","guid":{"rendered":"https:\/\/www.alldayled.com\/product\/strands-ize-led-frame-5-gaten\/"},"modified":"2025-05-17T08:35:40","modified_gmt":"2025-05-17T06:35:40","slug":"strands-ize-led-frame-5-gaten","status":"publish","type":"product","link":"https:\/\/www.alldayled.com\/de\/produkt\/strands-ize-led-frame-5-gaten\/","title":{"rendered":"Strands IZE LED frame 5 L\u00f6cher"},"content":{"rendered":"<p><span style=\"color: #000000;\"><strong>Strands IZE LED frame 5 L\u00f6cher.<\/strong><\/span><\/p>\n<p><span style=\"color: #000000;\">M\u00f6chten Sie eine d\u00e4nische Sto\u00dfstange an Ihrem LKW bauen oder eine Blockleuchte sauber in eine R\u00fcckwand oder ein Schlauchregal einbauen? Dann ist das Strands IZE LED frame mit 5 L\u00f6chern die perfekte L\u00f6sung. Dieser Rahmen wurde speziell f\u00fcr die Strands Blockleuchten entwickelt und wird einzeln inklusive Edelstahl-Befestigungsmaterial geliefert. So haben Sie alles direkt zur Hand, um die Montage einfach und stabil durchzuf\u00fchren.   <\/span><\/p>\n<p><span style=\"color: #000000;\">Der 5-Loch-Rahmen ist vollst\u00e4ndig auf die IZE LED Blockleuchten von Strands abgestimmt. Ein gro\u00dfer Vorteil ist, dass Sie keine doppelte Sto\u00dfstange verwenden m\u00fcssen und dass Sie bei Besch\u00e4digung einer der Lampen schnell und einfach austauschen k\u00f6nnen. So vermeiden Sie das bekannte Problem mit Gummihaltern und Ihr LKW sieht immer gut aus. Der Rahmen ist aus hochwertigem ABS-Kunststoff gefertigt, wodurch er sich auch leicht in der gew\u00fcnschten Farbe lackieren l\u00e4sst. Damit kombinieren Sie praktische Montage mit einem sauberen, professionellen Finish.    <\/span><\/p>\n<h5><span style=\"color: #000000;\"><strong>Abmessungen:<\/strong><\/span><\/h5>\n<p><span style=\"color: #000000;\">Sie wollen nat\u00fcrlich auch sicher sein, dass das IZE LED frame 5 L\u00f6cher perfekt zu Ihrem Fahrzeug passt. Deshalb haben wir hier die wichtigsten Eigenschaften \u00fcbersichtlich f\u00fcr Sie notiert. So wissen Sie direkt, ob dieses Modell f\u00fcr Ihre Anwendung geeignet ist.  <\/span><\/p>\n<ul>\n<li><span style=\"color: #000000;\">L\u00e4nge: 744.5 mm<\/span><\/li>\n<li><span style=\"color: #000000;\">Dicke: 25 mm <\/span><\/li>\n<li><span style=\"color: #000000;\">H\u00f6he: 131,5 mm<\/span><\/li>\n<\/ul>\n<h5><span style=\"color: #000000;\"><strong>Weitere Modelle:<\/strong><\/span><\/h5>\n<p><span style=\"color: #000000;\">Sie suchen einen Rahmen, um Ihre Lichter an Ihrem LKW oder Anh\u00e4nger zu montieren, aber ist diese Version des Strands IZE LED frame nicht genau das, was Sie suchen? Kein Problem! Strands bietet diesen cleveren IZE LED frame auch in mehreren anderen Versionen an. Nachfolgend finden Sie eine \u00dcbersicht \u00fcber die verf\u00fcgbaren Versionen, so dass Sie ganz einfach die richtige Version f\u00fcr Ihr Fahrzeug ausw\u00e4hlen k\u00f6nnen.   <\/span><\/p>\n<ul>\n<li><span style=\"color: #000000;\"><a style=\"color: #000000;\" href=\"https:\/\/www.alldayled.com\/de\/produkt\/strands-ize-led-frame-dubbel-horizontaal\/\"><strong>IZE LED frame doppelt horizontal<\/strong><\/a><\/span><\/li>\n<li><span style=\"color: #000000;\"><a style=\"color: #000000;\" href=\"https:\/\/www.alldayled.com\/de\/produkt\/strands-ize-led-frame-dubbel-verticaal\/\"><strong>IZE LED frame doppelt vertikal<\/strong><\/a><\/span><\/li>\n<li><span style=\"color: #000000;\"><strong><a style=\"color: #000000;\" href=\"https:\/\/www.alldayled.com\/de\/produkt\/strands-ize-led-frame-4-gaten\/\">IZE LED frame 4 L\u00f6cher<\/a><br \/>\n<\/strong><\/span><\/li>\n<li><span style=\"color: #000000;\"><a style=\"color: #000000;\" href=\"https:\/\/www.alldayled.com\/de\/produkt\/strands-ize-led-frame-3-gaten\/\"><strong>IZE LED frame 3 L\u00f6cher<\/strong><\/a><\/span><\/li>\n<li><span style=\"color: #000000;\"><a style=\"color: #000000;\" href=\"https:\/\/www.alldayled.com\/de\/produkt\/strands-ize-led-frame-enkel\/\"><strong>IZE LED Frame einzeln<\/strong><\/a><\/span><\/li>\n<\/ul>\n<p><span style=\"color: #000000;\">Sind Sie dennoch der Meinung, dass das Strands IZE LED frame 5 L\u00f6cher nicht ganz Ihren W\u00fcnschen entspricht? Vielleicht entspricht die Farbe oder Form nicht, oder Sie sind nicht auf der Suche nach einer d\u00e4nischen LKW-Sto\u00dfstange. Kein Problem! Werfen Sie einen Blick auf unsere <g id=\"gid_0\">Strands<\/g> Seite. Hier finden Sie ein komplettes Angebot an Lampen, Rahmen und Zubeh\u00f6r, sodass Sie immer das richtige Teil f\u00fcr Ihr Fahrzeug finden k\u00f6nnen.    <\/span><\/p>\n","protected":false},"excerpt":{"rendered":"<p>Montagerahmen f\u00fcr f\u00fcnf R\u00fcckleuchten, hergestellt aus ABS.<\/p>\n","protected":false},"featured_media":36615,"comment_status":"open","ping_status":"closed","template":"","meta":{"_acf_changed":false},"product_brand":[5114],"product_cat":[5298],"product_tag":[],"class_list":{"0":"post-66738","1":"product","2":"type-product","3":"status-publish","4":"has-post-thumbnail","6":"product_brand-product-strands-lighting-division","7":"product_cat-achterlicht-toebehoren","9":"first","10":"instock","11":"taxable","12":"shipping-taxable","13":"purchasable","14":"product-type-simple"},"acf":[],"yoast_head":"<!-- This site is optimized with the Yoast SEO Premium plugin v26.5 (Yoast SEO v27.1.1) - https:\/\/yoast.com\/product\/yoast-seo-premium-wordpress\/ -->\n<title>Strands IZE LED frame 5 L\u00f6cher - All Day Led - f\u00fcr R\u00fccklichtmontage<\/title>\n<meta name=\"description\" content=\"Strands IZE LED frame 5 L\u00f6cher - leichtes Rahmen f\u00fcr Blocklampen - D\u00e4nische Sto\u00dfstange f\u00fcr LKW und Anh\u00e4nger - hergestellt aus ABS - schnelle Montage garantiert\" \/>\n<meta name=\"robots\" content=\"index, follow, max-snippet:-1, max-image-preview:large, max-video-preview:-1\" \/>\n<link rel=\"canonical\" href=\"https:\/\/www.alldayled.com\/de\/produkt\/strands-ize-led-frame-5-gaten\/\" \/>\n<meta property=\"og:locale\" content=\"de_DE\" \/>\n<meta property=\"og:type\" content=\"article\" \/>\n<meta property=\"og:title\" content=\"Strands IZE LED frame 5 L\u00f6cher - All Day Led - f\u00fcr R\u00fccklichtmontage\" \/>\n<meta property=\"og:description\" content=\"Strands IZE LED frame 5 L\u00f6cher - leichtes Rahmen f\u00fcr Blocklampen - D\u00e4nische Sto\u00dfstange f\u00fcr LKW und Anh\u00e4nger - hergestellt aus ABS - schnelle Montage garantiert\" \/>\n<meta property=\"og:url\" content=\"https:\/\/www.alldayled.com\/de\/produkt\/strands-ize-led-frame-5-gaten\/\" \/>\n<meta property=\"og:site_name\" content=\"All Day Led\" \/>\n<meta property=\"article:publisher\" content=\"https:\/\/www.facebook.com\/alldayled\/\" \/>\n<meta property=\"og:image\" content=\"https:\/\/www.alldayled.com\/wp-content\/uploads\/2025\/08\/ADL800640-SM-300x300.png\" \/>\n<meta name=\"twitter:label1\" content=\"Preis\" \/>\n\t<meta name=\"twitter:data1\" content=\"&euro;&nbsp;95,00\" \/>\n\t<meta name=\"twitter:label2\" content=\"Verf\u00fcgbarkeit\" \/>\n\t<meta name=\"twitter:data2\" content=\"Auf Lager\" \/>\n<script type=\"application\/ld+json\" class=\"yoast-schema-graph\">{\"@context\":\"https:\/\/schema.org\",\"@graph\":[{\"@type\":\"WebPage\",\"@id\":\"https:\/\/www.alldayled.com\/de\/produkt\/strands-ize-led-frame-5-gaten\/\",\"url\":\"https:\/\/www.alldayled.com\/de\/produkt\/strands-ize-led-frame-5-gaten\/\",\"name\":\"Strands IZE LED frame 5 L\u00f6cher - All Day Led - f\u00fcr R\u00fccklichtmontage\",\"isPartOf\":{\"@id\":\"https:\/\/www.alldayled.com\/de\/#website\"},\"primaryImageOfPage\":{\"@id\":\"https:\/\/www.alldayled.com\/de\/produkt\/strands-ize-led-frame-5-gaten\/#primaryimage\"},\"image\":{\"@id\":\"https:\/\/www.alldayled.com\/de\/produkt\/strands-ize-led-frame-5-gaten\/#primaryimage\"},\"thumbnailUrl\":\"https:\/\/www.alldayled.com\/wp-content\/uploads\/2025\/08\/ADL800640.png\",\"datePublished\":\"2025-05-17T06:35:40+00:00\",\"description\":\"Strands IZE LED frame 5 L\u00f6cher - leichtes Rahmen f\u00fcr Blocklampen - D\u00e4nische Sto\u00dfstange f\u00fcr LKW und Anh\u00e4nger - hergestellt aus ABS - schnelle Montage garantiert\",\"breadcrumb\":{\"@id\":\"https:\/\/www.alldayled.com\/de\/produkt\/strands-ize-led-frame-5-gaten\/#breadcrumb\"},\"inLanguage\":\"de\",\"potentialAction\":[{\"@type\":\"ReadAction\",\"target\":[\"https:\/\/www.alldayled.com\/de\/produkt\/strands-ize-led-frame-5-gaten\/\"]}]},{\"@type\":\"ImageObject\",\"inLanguage\":\"de\",\"@id\":\"https:\/\/www.alldayled.com\/de\/produkt\/strands-ize-led-frame-5-gaten\/#primaryimage\",\"url\":\"https:\/\/www.alldayled.com\/wp-content\/uploads\/2025\/08\/ADL800640.png\",\"contentUrl\":\"https:\/\/www.alldayled.com\/wp-content\/uploads\/2025\/08\/ADL800640.png\",\"width\":800,\"height\":600,\"caption\":\"Strands IZE LED frame 5 L\u00f6cher - 800640 - ABS-Kunststoff\"},{\"@type\":\"BreadcrumbList\",\"@id\":\"https:\/\/www.alldayled.com\/de\/produkt\/strands-ize-led-frame-5-gaten\/#breadcrumb\",\"itemListElement\":[{\"@type\":\"ListItem\",\"position\":1,\"name\":\"Home\",\"item\":\"https:\/\/www.alldayled.com\/de\/\"},{\"@type\":\"ListItem\",\"position\":2,\"name\":\"Shop\",\"item\":\"https:\/\/www.alldayled.com\/de\/shop\/\"},{\"@type\":\"ListItem\",\"position\":3,\"name\":\"Heckleuchten\",\"item\":\"https:\/\/www.alldayled.com\/de\/produkt-kategorie\/rucklichter\/\"},{\"@type\":\"ListItem\",\"position\":4,\"name\":\"R\u00fccklicht Zubeh\u00f6r\",\"item\":\"https:\/\/www.alldayled.com\/de\/produkt-kategorie\/rucklichter\/achterlicht-toebehoren\/\"},{\"@type\":\"ListItem\",\"position\":5,\"name\":\"Strands IZE LED frame 5 L\u00f6cher\"}]},{\"@type\":\"WebSite\",\"@id\":\"https:\/\/www.alldayled.com\/de\/#website\",\"url\":\"https:\/\/www.alldayled.com\/de\/\",\"name\":\"All Day Led\",\"description\":\"Verlichting voor 12&amp;24 volt gebruik\",\"publisher\":{\"@id\":\"https:\/\/www.alldayled.com\/de\/#organization\"},\"potentialAction\":[{\"@type\":\"SearchAction\",\"target\":{\"@type\":\"EntryPoint\",\"urlTemplate\":\"https:\/\/www.alldayled.com\/de\/?s={search_term_string}\"},\"query-input\":{\"@type\":\"PropertyValueSpecification\",\"valueRequired\":true,\"valueName\":\"search_term_string\"}}],\"inLanguage\":\"de\"},{\"@type\":\"Organization\",\"@id\":\"https:\/\/www.alldayled.com\/de\/#organization\",\"name\":\"All Day Led\",\"url\":\"https:\/\/www.alldayled.com\/de\/\",\"logo\":{\"@type\":\"ImageObject\",\"inLanguage\":\"de\",\"@id\":\"https:\/\/www.alldayled.com\/de\/#\/schema\/logo\/image\/\",\"url\":\"https:\/\/www.alldayled.com\/wp-content\/uploads\/2025\/10\/Logo-ALL-DAY-LED-800x800-zwart-witte-letters.png\",\"contentUrl\":\"https:\/\/www.alldayled.com\/wp-content\/uploads\/2025\/10\/Logo-ALL-DAY-LED-800x800-zwart-witte-letters.png\",\"width\":800,\"height\":800,\"caption\":\"All Day Led\"},\"image\":{\"@id\":\"https:\/\/www.alldayled.com\/de\/#\/schema\/logo\/image\/\"},\"sameAs\":[\"https:\/\/www.facebook.com\/alldayled\/\",\"https:\/\/www.instagram.com\/alldayled\/\"],\"vatID\":\"NL863960133B01\",\"taxID\":\"86416545\"}]}<\/script>\n<meta property=\"product:brand\" content=\"Strands\" \/>\n<meta property=\"product:price:amount\" content=\"95.00\" \/>\n<meta property=\"product:price:currency\" content=\"EUR\" \/>\n<meta property=\"og:availability\" content=\"instock\" \/>\n<meta property=\"product:availability\" content=\"instock\" \/>\n<meta property=\"product:retailer_item_id\" content=\"ADL800640\" \/>\n<meta property=\"product:condition\" content=\"new\" \/>\n<!-- \/ Yoast SEO Premium plugin. -->","yoast_head_json":{"title":"Strands IZE LED frame 5 L\u00f6cher - All Day Led - f\u00fcr R\u00fccklichtmontage","description":"Strands IZE LED frame 5 L\u00f6cher - leichtes Rahmen f\u00fcr Blocklampen - D\u00e4nische Sto\u00dfstange f\u00fcr LKW und Anh\u00e4nger - hergestellt aus ABS - schnelle Montage garantiert","robots":{"index":"index","follow":"follow","max-snippet":"max-snippet:-1","max-image-preview":"max-image-preview:large","max-video-preview":"max-video-preview:-1"},"canonical":"https:\/\/www.alldayled.com\/de\/produkt\/strands-ize-led-frame-5-gaten\/","og_locale":"de_DE","og_type":"article","og_title":"Strands IZE LED frame 5 L\u00f6cher - All Day Led - f\u00fcr R\u00fccklichtmontage","og_description":"Strands IZE LED frame 5 L\u00f6cher - leichtes Rahmen f\u00fcr Blocklampen - D\u00e4nische Sto\u00dfstange f\u00fcr LKW und Anh\u00e4nger - hergestellt aus ABS - schnelle Montage garantiert","og_url":"https:\/\/www.alldayled.com\/de\/produkt\/strands-ize-led-frame-5-gaten\/","og_site_name":"All Day Led","article_publisher":"https:\/\/www.facebook.com\/alldayled\/","og_image":[{"url":"https:\/\/www.alldayled.com\/wp-content\/uploads\/2025\/08\/ADL800640-SM-300x300.png","type":"","width":"","height":""}],"twitter_misc":{"Preis":"&euro;&nbsp;95,00","Verf\u00fcgbarkeit":"Auf Lager"},"schema":{"@context":"https:\/\/schema.org","@graph":[{"@type":"WebPage","@id":"https:\/\/www.alldayled.com\/de\/produkt\/strands-ize-led-frame-5-gaten\/","url":"https:\/\/www.alldayled.com\/de\/produkt\/strands-ize-led-frame-5-gaten\/","name":"Strands IZE LED frame 5 L\u00f6cher - All Day Led - f\u00fcr R\u00fccklichtmontage","isPartOf":{"@id":"https:\/\/www.alldayled.com\/de\/#website"},"primaryImageOfPage":{"@id":"https:\/\/www.alldayled.com\/de\/produkt\/strands-ize-led-frame-5-gaten\/#primaryimage"},"image":{"@id":"https:\/\/www.alldayled.com\/de\/produkt\/strands-ize-led-frame-5-gaten\/#primaryimage"},"thumbnailUrl":"https:\/\/www.alldayled.com\/wp-content\/uploads\/2025\/08\/ADL800640.png","datePublished":"2025-05-17T06:35:40+00:00","description":"Strands IZE LED frame 5 L\u00f6cher - leichtes Rahmen f\u00fcr Blocklampen - D\u00e4nische Sto\u00dfstange f\u00fcr LKW und Anh\u00e4nger - hergestellt aus ABS - schnelle Montage garantiert","breadcrumb":{"@id":"https:\/\/www.alldayled.com\/de\/produkt\/strands-ize-led-frame-5-gaten\/#breadcrumb"},"inLanguage":"de","potentialAction":[{"@type":"ReadAction","target":["https:\/\/www.alldayled.com\/de\/produkt\/strands-ize-led-frame-5-gaten\/"]}]},{"@type":"ImageObject","inLanguage":"de","@id":"https:\/\/www.alldayled.com\/de\/produkt\/strands-ize-led-frame-5-gaten\/#primaryimage","url":"https:\/\/www.alldayled.com\/wp-content\/uploads\/2025\/08\/ADL800640.png","contentUrl":"https:\/\/www.alldayled.com\/wp-content\/uploads\/2025\/08\/ADL800640.png","width":800,"height":600,"caption":"Strands IZE LED frame 5 L\u00f6cher - 800640 - ABS-Kunststoff"},{"@type":"BreadcrumbList","@id":"https:\/\/www.alldayled.com\/de\/produkt\/strands-ize-led-frame-5-gaten\/#breadcrumb","itemListElement":[{"@type":"ListItem","position":1,"name":"Home","item":"https:\/\/www.alldayled.com\/de\/"},{"@type":"ListItem","position":2,"name":"Shop","item":"https:\/\/www.alldayled.com\/de\/shop\/"},{"@type":"ListItem","position":3,"name":"Heckleuchten","item":"https:\/\/www.alldayled.com\/de\/produkt-kategorie\/rucklichter\/"},{"@type":"ListItem","position":4,"name":"R\u00fccklicht Zubeh\u00f6r","item":"https:\/\/www.alldayled.com\/de\/produkt-kategorie\/rucklichter\/achterlicht-toebehoren\/"},{"@type":"ListItem","position":5,"name":"Strands IZE LED frame 5 L\u00f6cher"}]},{"@type":"WebSite","@id":"https:\/\/www.alldayled.com\/de\/#website","url":"https:\/\/www.alldayled.com\/de\/","name":"All Day Led","description":"Verlichting voor 12&amp;24 volt gebruik","publisher":{"@id":"https:\/\/www.alldayled.com\/de\/#organization"},"potentialAction":[{"@type":"SearchAction","target":{"@type":"EntryPoint","urlTemplate":"https:\/\/www.alldayled.com\/de\/?s={search_term_string}"},"query-input":{"@type":"PropertyValueSpecification","valueRequired":true,"valueName":"search_term_string"}}],"inLanguage":"de"},{"@type":"Organization","@id":"https:\/\/www.alldayled.com\/de\/#organization","name":"All Day Led","url":"https:\/\/www.alldayled.com\/de\/","logo":{"@type":"ImageObject","inLanguage":"de","@id":"https:\/\/www.alldayled.com\/de\/#\/schema\/logo\/image\/","url":"https:\/\/www.alldayled.com\/wp-content\/uploads\/2025\/10\/Logo-ALL-DAY-LED-800x800-zwart-witte-letters.png","contentUrl":"https:\/\/www.alldayled.com\/wp-content\/uploads\/2025\/10\/Logo-ALL-DAY-LED-800x800-zwart-witte-letters.png","width":800,"height":800,"caption":"All Day Led"},"image":{"@id":"https:\/\/www.alldayled.com\/de\/#\/schema\/logo\/image\/"},"sameAs":["https:\/\/www.facebook.com\/alldayled\/","https:\/\/www.instagram.com\/alldayled\/"],"vatID":"NL863960133B01","taxID":"86416545"}]},"product_brand":"Strands","product_price_amount":"95.00","product_price_currency":"EUR","og_availability":"instock","product_availability":"instock","product_retailer_item_id":"ADL800640","product_condition":"new"},"_links":{"self":[{"href":"https:\/\/www.alldayled.com\/de\/wp-json\/wp\/v2\/product\/66738","targetHints":{"allow":["GET"]}}],"collection":[{"href":"https:\/\/www.alldayled.com\/de\/wp-json\/wp\/v2\/product"}],"about":[{"href":"https:\/\/www.alldayled.com\/de\/wp-json\/wp\/v2\/types\/product"}],"replies":[{"embeddable":true,"href":"https:\/\/www.alldayled.com\/de\/wp-json\/wp\/v2\/comments?post=66738"}],"wp:featuredmedia":[{"embeddable":true,"href":"https:\/\/www.alldayled.com\/de\/wp-json\/wp\/v2\/media\/36615"}],"wp:attachment":[{"href":"https:\/\/www.alldayled.com\/de\/wp-json\/wp\/v2\/media?parent=66738"}],"wp:term":[{"taxonomy":"product_brand","embeddable":true,"href":"https:\/\/www.alldayled.com\/de\/wp-json\/wp\/v2\/product_brand?post=66738"},{"taxonomy":"product_cat","embeddable":true,"href":"https:\/\/www.alldayled.com\/de\/wp-json\/wp\/v2\/product_cat?post=66738"},{"taxonomy":"product_tag","embeddable":true,"href":"https:\/\/www.alldayled.com\/de\/wp-json\/wp\/v2\/product_tag?post=66738"}],"curies":[{"name":"wp","href":"https:\/\/api.w.org\/{rel}","templated":true}]}}