{"id":66741,"date":"2025-05-17T08:50:56","date_gmt":"2025-05-17T06:50:56","guid":{"rendered":"https:\/\/www.alldayled.com\/product\/strands-ize-led-frame-dubbel-horizontaal\/"},"modified":"2026-02-04T05:16:26","modified_gmt":"2026-02-04T04:16:26","slug":"strands-ize-led-frame-dubbel-horizontaal","status":"publish","type":"product","link":"https:\/\/www.alldayled.com\/de\/produkt\/strands-ize-led-frame-dubbel-horizontaal\/","title":{"rendered":"Strands IZE LED frame doppelt &#8211; horizontal"},"content":{"rendered":"<p><span style=\"color: #000000;\"><strong>Strands IZE LED frame doppelt &#8211; horizontal.<\/strong><\/span><\/p>\n<p><span style=\"color: #000000;\">M\u00f6chtest du eine d\u00e4nische Sto\u00dfstange an deinem LKW anbringen oder eine Blockleuchte sauber in eine R\u00fcckwand oder einen Schlauchhalter einbauen? Dann ist der Strands IZE LED frame doppelt &#8211; horizontal die perfekte L\u00f6sung. Dieser Rahmen wurde speziell f\u00fcr die Strands Blockleuchten entwickelt und wird einzeln geliefert, inklusive Edelstahl-Befestigungsmaterial. So hast du sofort alles zur Hand, um die Montage einfach und stabil durchzuf\u00fchren.   <\/span><\/p>\n<p><span style=\"color: #000000;\">Der horizontale Rahmen ist vollst\u00e4ndig auf die IZE LED Blockleuchten von Strands abgestimmt. Ein gro\u00dfer Vorteil ist, dass du keine doppelte Sto\u00dfstange verwenden musst und dass du bei Besch\u00e4digung einer der Leuchten diese schnell und einfach ersetzen kannst. So vermeidest du den bekannten \u00c4rger mit Gummihaltern und dein LKW sieht immer top aus. Der Rahmen ist aus hochwertigem ABS-Kunststoff gefertigt, wodurch er auch leicht in der gew\u00fcnschten Farbe lackiert werden kann. Damit kombinierst du praktische Montage mit einer sauberen, professionellen Verarbeitung.    <\/span><\/p>\n<h5><span style=\"color: #000000;\"><strong>Abmessungen:<\/strong><\/span><\/h5>\n<p><span style=\"color: #000000;\">Du m\u00f6chtest nat\u00fcrlich auch sicherstellen, dass der IZE LED frame doppelt &#8211; horizontal perfekt zu deinem Fahrzeug passt. Deshalb haben wir dir unten die wichtigsten Eigenschaften \u00fcbersichtlich notiert. So wei\u00dft du sofort, ob dieses Modell f\u00fcr deine Anwendung geeignet ist.  <\/span><\/p>\n<ul>\n<li><span style=\"color: #000000;\">L\u00e4nge: 302 mm<\/span><\/li>\n<li><span style=\"color: #000000;\">Dicke: 25 mm <\/span><\/li>\n<li><span style=\"color: #000000;\">H\u00f6he: 131,5 mm<\/span><\/li>\n<\/ul>\n<h5><span style=\"color: #000000;\"><strong>Weitere Modelle:<\/strong><\/span><\/h5>\n<p><span style=\"color: #000000;\">Sie suchen einen Rahmen, um Ihre Lichter an Ihrem LKW oder Anh\u00e4nger zu montieren, aber ist diese Version des Strands IZE LED frame nicht genau das, was Sie suchen? Kein Problem! Strands bietet diesen cleveren IZE LED frame auch in mehreren anderen Versionen an. Nachfolgend finden Sie eine \u00dcbersicht \u00fcber die verf\u00fcgbaren Versionen, so dass Sie ganz einfach die richtige Version f\u00fcr Ihr Fahrzeug ausw\u00e4hlen k\u00f6nnen.   <\/span><\/p>\n<ul>\n<li><span style=\"color: #000000;\"><a style=\"color: #000000;\" href=\"https:\/\/www.alldayled.com\/de\/produkt\/strands-ize-led-frame-dubbel-verticaal\/\"><strong>IZE LED frame doppelt vertikal<\/strong><\/a><\/span><\/li>\n<li><span style=\"color: #000000;\"><a style=\"color: #000000;\" href=\"https:\/\/www.alldayled.com\/de\/produkt\/strands-ize-led-frame-5-gaten\/\"><strong>IZE LED frame 5 L\u00f6cher<\/strong><\/a><\/span><\/li>\n<li><span style=\"color: #000000;\"><strong><a style=\"color: #000000;\" href=\"https:\/\/www.alldayled.com\/de\/produkt\/strands-ize-led-frame-4-gaten\/\">IZE LED frame 4 L\u00f6cher<\/a><br \/>\n<\/strong><\/span><\/li>\n<li><span style=\"color: #000000;\"><a style=\"color: #000000;\" href=\"https:\/\/www.alldayled.com\/de\/produkt\/strands-ize-led-frame-3-gaten\/\"><strong>IZE LED frame 3 L\u00f6cher<\/strong><\/a><\/span><\/li>\n<li><span style=\"color: #000000;\"><a style=\"color: #000000;\" href=\"https:\/\/www.alldayled.com\/de\/produkt\/strands-ize-led-frame-enkel\/\"><strong>IZE LED Frame einzeln<\/strong><\/a><\/span><\/li>\n<\/ul>\n<p><span style=\"color: #000000;\">Bist du der Meinung, dass der Strands IZE LED frame doppelt &#8211; horizontal nicht ganz deinen W\u00fcnschen entspricht? Vielleicht passen Farbe oder Form nicht, oder du suchst gar keine d\u00e4nische LKW-Sto\u00dfstange. Kein Problem! Dann schau doch mal auf unserer <a style=\"color: #000000;\" href=\"https:\/\/www.alldayled.com\/de\/marke\/product-strands-lighting-division\/\">Strands<\/a> Seite vorbei. Hier findest du ein komplettes Angebot an Leuchten, Rahmen und Zubeh\u00f6r, sodass du immer das richtige Teil f\u00fcr dein Fahrzeug finden kannst.    <\/span><\/p>\n","protected":false},"excerpt":{"rendered":"<p>Montagerahmen f\u00fcr zwei R\u00fcckleuchten, hergestellt aus ABS.<\/p>\n","protected":false},"featured_media":36534,"comment_status":"open","ping_status":"closed","template":"","meta":{"_acf_changed":false},"product_brand":[5114],"product_cat":[5298],"product_tag":[],"class_list":{"0":"post-66741","1":"product","2":"type-product","3":"status-publish","4":"has-post-thumbnail","6":"product_brand-product-strands-lighting-division","7":"product_cat-achterlicht-toebehoren","9":"first","10":"instock","11":"taxable","12":"shipping-taxable","13":"purchasable","14":"product-type-simple"},"acf":[],"yoast_head":"<!-- This site is optimized with the Yoast SEO Premium plugin v26.5 (Yoast SEO v27.1.1) - https:\/\/yoast.com\/product\/yoast-seo-premium-wordpress\/ -->\n<title>Strands IZE LED frame doppelt - horizontal - All Day Led - D\u00e4nische Sto\u00dfstange<\/title>\n<meta name=\"description\" content=\"Strands IZE LED frame doppelt - horizontal - leichtes Gestell f\u00fcr Blockleuchten - f\u00fcr LKW und Anh\u00e4nger - aus ABS gefertigt - schnelle Montage garantiert\" \/>\n<meta name=\"robots\" content=\"index, follow, max-snippet:-1, max-image-preview:large, max-video-preview:-1\" \/>\n<link rel=\"canonical\" href=\"https:\/\/www.alldayled.com\/de\/produkt\/strands-ize-led-frame-dubbel-horizontaal\/\" \/>\n<meta property=\"og:locale\" content=\"de_DE\" \/>\n<meta property=\"og:type\" content=\"article\" \/>\n<meta property=\"og:title\" content=\"Strands IZE LED frame doppelt - horizontal - All Day Led - D\u00e4nische Sto\u00dfstange\" \/>\n<meta property=\"og:description\" content=\"Strands IZE LED frame doppelt - horizontal - leichtes Gestell f\u00fcr Blockleuchten - f\u00fcr LKW und Anh\u00e4nger - aus ABS gefertigt - schnelle Montage garantiert\" \/>\n<meta property=\"og:url\" content=\"https:\/\/www.alldayled.com\/de\/produkt\/strands-ize-led-frame-dubbel-horizontaal\/\" \/>\n<meta property=\"og:site_name\" content=\"All Day Led\" \/>\n<meta property=\"article:publisher\" content=\"https:\/\/www.facebook.com\/alldayled\/\" \/>\n<meta property=\"article:modified_time\" content=\"2026-02-04T04:16:26+00:00\" \/>\n<meta property=\"og:image\" content=\"https:\/\/www.alldayled.com\/wp-content\/uploads\/2025\/08\/ADL800637-SM-300x300.png\" \/>\n<meta name=\"twitter:label1\" content=\"Preis\" \/>\n\t<meta name=\"twitter:data1\" content=\"&euro;&nbsp;45,00\" \/>\n\t<meta name=\"twitter:label2\" content=\"Verf\u00fcgbarkeit\" \/>\n\t<meta name=\"twitter:data2\" content=\"Auf Lager\" \/>\n<script type=\"application\/ld+json\" class=\"yoast-schema-graph\">{\"@context\":\"https:\/\/schema.org\",\"@graph\":[{\"@type\":\"WebPage\",\"@id\":\"https:\/\/www.alldayled.com\/de\/produkt\/strands-ize-led-frame-dubbel-horizontaal\/\",\"url\":\"https:\/\/www.alldayled.com\/de\/produkt\/strands-ize-led-frame-dubbel-horizontaal\/\",\"name\":\"Strands IZE LED frame doppelt - horizontal - All Day Led - D\u00e4nische Sto\u00dfstange\",\"isPartOf\":{\"@id\":\"https:\/\/www.alldayled.com\/de\/#website\"},\"primaryImageOfPage\":{\"@id\":\"https:\/\/www.alldayled.com\/de\/produkt\/strands-ize-led-frame-dubbel-horizontaal\/#primaryimage\"},\"image\":{\"@id\":\"https:\/\/www.alldayled.com\/de\/produkt\/strands-ize-led-frame-dubbel-horizontaal\/#primaryimage\"},\"thumbnailUrl\":\"https:\/\/www.alldayled.com\/wp-content\/uploads\/2025\/08\/ADL800637.png\",\"datePublished\":\"2025-05-17T06:50:56+00:00\",\"dateModified\":\"2026-02-04T04:16:26+00:00\",\"description\":\"Strands IZE LED frame doppelt - horizontal - leichtes Gestell f\u00fcr Blockleuchten - f\u00fcr LKW und Anh\u00e4nger - aus ABS gefertigt - schnelle Montage garantiert\",\"breadcrumb\":{\"@id\":\"https:\/\/www.alldayled.com\/de\/produkt\/strands-ize-led-frame-dubbel-horizontaal\/#breadcrumb\"},\"inLanguage\":\"de\",\"potentialAction\":[{\"@type\":\"ReadAction\",\"target\":[\"https:\/\/www.alldayled.com\/de\/produkt\/strands-ize-led-frame-dubbel-horizontaal\/\"]}]},{\"@type\":\"ImageObject\",\"inLanguage\":\"de\",\"@id\":\"https:\/\/www.alldayled.com\/de\/produkt\/strands-ize-led-frame-dubbel-horizontaal\/#primaryimage\",\"url\":\"https:\/\/www.alldayled.com\/wp-content\/uploads\/2025\/08\/ADL800637.png\",\"contentUrl\":\"https:\/\/www.alldayled.com\/wp-content\/uploads\/2025\/08\/ADL800637.png\",\"width\":800,\"height\":600,\"caption\":\"Strands IZE LED frame horizontal-doppelt - 800637 - ABS-Kunststoff\"},{\"@type\":\"BreadcrumbList\",\"@id\":\"https:\/\/www.alldayled.com\/de\/produkt\/strands-ize-led-frame-dubbel-horizontaal\/#breadcrumb\",\"itemListElement\":[{\"@type\":\"ListItem\",\"position\":1,\"name\":\"Home\",\"item\":\"https:\/\/www.alldayled.com\/de\/\"},{\"@type\":\"ListItem\",\"position\":2,\"name\":\"Shop\",\"item\":\"https:\/\/www.alldayled.com\/de\/shop\/\"},{\"@type\":\"ListItem\",\"position\":3,\"name\":\"Heckleuchten\",\"item\":\"https:\/\/www.alldayled.com\/de\/produkt-kategorie\/rucklichter\/\"},{\"@type\":\"ListItem\",\"position\":4,\"name\":\"R\u00fccklicht Zubeh\u00f6r\",\"item\":\"https:\/\/www.alldayled.com\/de\/produkt-kategorie\/rucklichter\/achterlicht-toebehoren\/\"},{\"@type\":\"ListItem\",\"position\":5,\"name\":\"Strands IZE LED frame doppelt &#8211; horizontal\"}]},{\"@type\":\"WebSite\",\"@id\":\"https:\/\/www.alldayled.com\/de\/#website\",\"url\":\"https:\/\/www.alldayled.com\/de\/\",\"name\":\"All Day Led\",\"description\":\"Verlichting voor 12&amp;24 volt gebruik\",\"publisher\":{\"@id\":\"https:\/\/www.alldayled.com\/de\/#organization\"},\"potentialAction\":[{\"@type\":\"SearchAction\",\"target\":{\"@type\":\"EntryPoint\",\"urlTemplate\":\"https:\/\/www.alldayled.com\/de\/?s={search_term_string}\"},\"query-input\":{\"@type\":\"PropertyValueSpecification\",\"valueRequired\":true,\"valueName\":\"search_term_string\"}}],\"inLanguage\":\"de\"},{\"@type\":\"Organization\",\"@id\":\"https:\/\/www.alldayled.com\/de\/#organization\",\"name\":\"All Day Led\",\"url\":\"https:\/\/www.alldayled.com\/de\/\",\"logo\":{\"@type\":\"ImageObject\",\"inLanguage\":\"de\",\"@id\":\"https:\/\/www.alldayled.com\/de\/#\/schema\/logo\/image\/\",\"url\":\"https:\/\/www.alldayled.com\/wp-content\/uploads\/2025\/10\/Logo-ALL-DAY-LED-800x800-zwart-witte-letters.png\",\"contentUrl\":\"https:\/\/www.alldayled.com\/wp-content\/uploads\/2025\/10\/Logo-ALL-DAY-LED-800x800-zwart-witte-letters.png\",\"width\":800,\"height\":800,\"caption\":\"All Day Led\"},\"image\":{\"@id\":\"https:\/\/www.alldayled.com\/de\/#\/schema\/logo\/image\/\"},\"sameAs\":[\"https:\/\/www.facebook.com\/alldayled\/\",\"https:\/\/www.instagram.com\/alldayled\/\"],\"vatID\":\"NL863960133B01\",\"taxID\":\"86416545\"}]}<\/script>\n<meta property=\"product:brand\" content=\"Strands\" \/>\n<meta property=\"product:price:amount\" content=\"45.00\" \/>\n<meta property=\"product:price:currency\" content=\"EUR\" \/>\n<meta property=\"og:availability\" content=\"instock\" \/>\n<meta property=\"product:availability\" content=\"instock\" \/>\n<meta property=\"product:retailer_item_id\" content=\"ADL800637\" \/>\n<meta property=\"product:condition\" content=\"new\" \/>\n<!-- \/ Yoast SEO Premium plugin. -->","yoast_head_json":{"title":"Strands IZE LED frame doppelt - horizontal - All Day Led - D\u00e4nische Sto\u00dfstange","description":"Strands IZE LED frame doppelt - horizontal - leichtes Gestell f\u00fcr Blockleuchten - f\u00fcr LKW und Anh\u00e4nger - aus ABS gefertigt - schnelle Montage garantiert","robots":{"index":"index","follow":"follow","max-snippet":"max-snippet:-1","max-image-preview":"max-image-preview:large","max-video-preview":"max-video-preview:-1"},"canonical":"https:\/\/www.alldayled.com\/de\/produkt\/strands-ize-led-frame-dubbel-horizontaal\/","og_locale":"de_DE","og_type":"article","og_title":"Strands IZE LED frame doppelt - horizontal - All Day Led - D\u00e4nische Sto\u00dfstange","og_description":"Strands IZE LED frame doppelt - horizontal - leichtes Gestell f\u00fcr Blockleuchten - f\u00fcr LKW und Anh\u00e4nger - aus ABS gefertigt - schnelle Montage garantiert","og_url":"https:\/\/www.alldayled.com\/de\/produkt\/strands-ize-led-frame-dubbel-horizontaal\/","og_site_name":"All Day Led","article_publisher":"https:\/\/www.facebook.com\/alldayled\/","article_modified_time":"2026-02-04T04:16:26+00:00","og_image":[{"url":"https:\/\/www.alldayled.com\/wp-content\/uploads\/2025\/08\/ADL800637-SM-300x300.png","type":"","width":"","height":""}],"twitter_misc":{"Preis":"&euro;&nbsp;45,00","Verf\u00fcgbarkeit":"Auf Lager"},"schema":{"@context":"https:\/\/schema.org","@graph":[{"@type":"WebPage","@id":"https:\/\/www.alldayled.com\/de\/produkt\/strands-ize-led-frame-dubbel-horizontaal\/","url":"https:\/\/www.alldayled.com\/de\/produkt\/strands-ize-led-frame-dubbel-horizontaal\/","name":"Strands IZE LED frame doppelt - horizontal - All Day Led - D\u00e4nische Sto\u00dfstange","isPartOf":{"@id":"https:\/\/www.alldayled.com\/de\/#website"},"primaryImageOfPage":{"@id":"https:\/\/www.alldayled.com\/de\/produkt\/strands-ize-led-frame-dubbel-horizontaal\/#primaryimage"},"image":{"@id":"https:\/\/www.alldayled.com\/de\/produkt\/strands-ize-led-frame-dubbel-horizontaal\/#primaryimage"},"thumbnailUrl":"https:\/\/www.alldayled.com\/wp-content\/uploads\/2025\/08\/ADL800637.png","datePublished":"2025-05-17T06:50:56+00:00","dateModified":"2026-02-04T04:16:26+00:00","description":"Strands IZE LED frame doppelt - horizontal - leichtes Gestell f\u00fcr Blockleuchten - f\u00fcr LKW und Anh\u00e4nger - aus ABS gefertigt - schnelle Montage garantiert","breadcrumb":{"@id":"https:\/\/www.alldayled.com\/de\/produkt\/strands-ize-led-frame-dubbel-horizontaal\/#breadcrumb"},"inLanguage":"de","potentialAction":[{"@type":"ReadAction","target":["https:\/\/www.alldayled.com\/de\/produkt\/strands-ize-led-frame-dubbel-horizontaal\/"]}]},{"@type":"ImageObject","inLanguage":"de","@id":"https:\/\/www.alldayled.com\/de\/produkt\/strands-ize-led-frame-dubbel-horizontaal\/#primaryimage","url":"https:\/\/www.alldayled.com\/wp-content\/uploads\/2025\/08\/ADL800637.png","contentUrl":"https:\/\/www.alldayled.com\/wp-content\/uploads\/2025\/08\/ADL800637.png","width":800,"height":600,"caption":"Strands IZE LED frame horizontal-doppelt - 800637 - ABS-Kunststoff"},{"@type":"BreadcrumbList","@id":"https:\/\/www.alldayled.com\/de\/produkt\/strands-ize-led-frame-dubbel-horizontaal\/#breadcrumb","itemListElement":[{"@type":"ListItem","position":1,"name":"Home","item":"https:\/\/www.alldayled.com\/de\/"},{"@type":"ListItem","position":2,"name":"Shop","item":"https:\/\/www.alldayled.com\/de\/shop\/"},{"@type":"ListItem","position":3,"name":"Heckleuchten","item":"https:\/\/www.alldayled.com\/de\/produkt-kategorie\/rucklichter\/"},{"@type":"ListItem","position":4,"name":"R\u00fccklicht Zubeh\u00f6r","item":"https:\/\/www.alldayled.com\/de\/produkt-kategorie\/rucklichter\/achterlicht-toebehoren\/"},{"@type":"ListItem","position":5,"name":"Strands IZE LED frame doppelt &#8211; horizontal"}]},{"@type":"WebSite","@id":"https:\/\/www.alldayled.com\/de\/#website","url":"https:\/\/www.alldayled.com\/de\/","name":"All Day Led","description":"Verlichting voor 12&amp;24 volt gebruik","publisher":{"@id":"https:\/\/www.alldayled.com\/de\/#organization"},"potentialAction":[{"@type":"SearchAction","target":{"@type":"EntryPoint","urlTemplate":"https:\/\/www.alldayled.com\/de\/?s={search_term_string}"},"query-input":{"@type":"PropertyValueSpecification","valueRequired":true,"valueName":"search_term_string"}}],"inLanguage":"de"},{"@type":"Organization","@id":"https:\/\/www.alldayled.com\/de\/#organization","name":"All Day Led","url":"https:\/\/www.alldayled.com\/de\/","logo":{"@type":"ImageObject","inLanguage":"de","@id":"https:\/\/www.alldayled.com\/de\/#\/schema\/logo\/image\/","url":"https:\/\/www.alldayled.com\/wp-content\/uploads\/2025\/10\/Logo-ALL-DAY-LED-800x800-zwart-witte-letters.png","contentUrl":"https:\/\/www.alldayled.com\/wp-content\/uploads\/2025\/10\/Logo-ALL-DAY-LED-800x800-zwart-witte-letters.png","width":800,"height":800,"caption":"All Day Led"},"image":{"@id":"https:\/\/www.alldayled.com\/de\/#\/schema\/logo\/image\/"},"sameAs":["https:\/\/www.facebook.com\/alldayled\/","https:\/\/www.instagram.com\/alldayled\/"],"vatID":"NL863960133B01","taxID":"86416545"}]},"product_brand":"Strands","product_price_amount":"45.00","product_price_currency":"EUR","og_availability":"instock","product_availability":"instock","product_retailer_item_id":"ADL800637","product_condition":"new"},"_links":{"self":[{"href":"https:\/\/www.alldayled.com\/de\/wp-json\/wp\/v2\/product\/66741","targetHints":{"allow":["GET"]}}],"collection":[{"href":"https:\/\/www.alldayled.com\/de\/wp-json\/wp\/v2\/product"}],"about":[{"href":"https:\/\/www.alldayled.com\/de\/wp-json\/wp\/v2\/types\/product"}],"replies":[{"embeddable":true,"href":"https:\/\/www.alldayled.com\/de\/wp-json\/wp\/v2\/comments?post=66741"}],"wp:featuredmedia":[{"embeddable":true,"href":"https:\/\/www.alldayled.com\/de\/wp-json\/wp\/v2\/media\/36534"}],"wp:attachment":[{"href":"https:\/\/www.alldayled.com\/de\/wp-json\/wp\/v2\/media?parent=66741"}],"wp:term":[{"taxonomy":"product_brand","embeddable":true,"href":"https:\/\/www.alldayled.com\/de\/wp-json\/wp\/v2\/product_brand?post=66741"},{"taxonomy":"product_cat","embeddable":true,"href":"https:\/\/www.alldayled.com\/de\/wp-json\/wp\/v2\/product_cat?post=66741"},{"taxonomy":"product_tag","embeddable":true,"href":"https:\/\/www.alldayled.com\/de\/wp-json\/wp\/v2\/product_tag?post=66741"}],"curies":[{"name":"wp","href":"https:\/\/api.w.org\/{rel}","templated":true}]}}