{"id":66752,"date":"2022-04-15T09:45:11","date_gmt":"2022-04-15T07:45:11","guid":{"rendered":"https:\/\/www.alldayled.com\/product\/strands-cruise-light-zwaailamp-oranje\/"},"modified":"2026-04-03T21:59:38","modified_gmt":"2026-04-03T19:59:38","slug":"strands-cruise-light-zwaailamp-oranje","status":"publish","type":"product","link":"https:\/\/www.alldayled.com\/de\/produkt\/strands-cruise-light-zwaailamp-oranje\/","title":{"rendered":"Strands CL LED Rundumleuchte \u2013 orange"},"content":{"rendered":"<p><span style=\"color: #000000;\"><strong>Strands Cruise Light LED Rundumleuchte mit orange Glas, f\u00fcr 12&amp;24 volt. <\/strong><\/span><\/p>\n<p><span style=\"color: #000000;\">Sind Sie auf der Suche nach einer flachen LED-Rundumleuchte mit Blitzfunktion? Dann ist diese Cruise Light Rundumleuchte mit orangefarbener Linse und 12 Blitzmustern wahrscheinlich genau das, was Sie suchen. Dank des flachen Designs k\u00f6nnen Sie diese Signalleuchte einfach an verschiedenen Stellen montieren. Die Lampe ist mit 36 LED-Punkten ausgestattet und liefert eine Lichtleistung von 50W. Au\u00dferdem funktioniert sie sowohl mit 12 als auch mit 24 volt, sodass Sie sie in fast jedem Fahrzeug verwenden k\u00f6nnen: vom Auto und LKW bis hin zu Wohnmobil, Traktor und mehr.    <\/span><\/p>\n<p><span style=\"color: #000000;\">M\u00f6chten Sie sicherstellen, dass die Strands CL LED-Rundumleuchte orange f\u00fcr Ihr Fahrzeug oder Ihren Anh\u00e4nger geeignet ist? Nachfolgend finden Sie die wichtigsten Eigenschaften, damit Sie direkt feststellen k\u00f6nnen, ob dieses Modell zu Ihrer Anwendung passt. Die Lampe verf\u00fcgt \u00fcber das ECE R10-Pr\u00fcfzeichen, was bedeutet, dass sie keine St\u00f6rungen verursacht, beispielsweise an Ihrem Radio. Dar\u00fcber hinaus ist sie mit dem ECE R65-Pr\u00fcfzeichen versehen, wodurch Sie sie offiziell als Warnleuchte verwenden d\u00fcrfen. M\u00f6chten Sie sie in Aktion sehen? Sehen Sie sich hier das Einf\u00fchrungsvideo von Strands an.     <\/span><\/p>\n<h5><span style=\"color: #000000;\"><strong>Abmessungen:<\/strong><\/span><\/h5>\n<p><span style=\"color: #000000;\">Selbstverst\u00e4ndlich m\u00f6chten Sie im Voraus sicherstellen, dass Sie diese Strands CL LED-Rundumleuchte orange dort montieren k\u00f6nnen, wo Sie sie haben m\u00f6chten. Deshalb haben wir hier die Abmessungen f\u00fcr Sie notiert. So sehen Sie auf einen Blick, ob dieses Modell passt.  <\/span><\/p>\n<ul>\n<li><span style=\"color: #000000;\">Durchmesser: 165 mm<\/span><\/li>\n<li><span style=\"color: #000000;\">H\u00f6he: 52.5 mm<\/span><\/li>\n<\/ul>\n<h5><span style=\"color: #000000;\"><strong>Andere Versionen: <\/strong><\/span><\/h5>\n<p><span style=\"color: #000000;\">Sie m\u00f6chten zwar eine Strands Cruise Light Rundumleuchte, aber die Ausf\u00fchrung mit orangefarbener Linse ist nicht ganz das, was Sie suchen? Kein Problem. Dieses Modell ist n\u00e4mlich in mehreren Varianten erh\u00e4ltlich. Nachfolgend finden Sie eine \u00dcbersicht der anderen Ausf\u00fchrungen:   <\/span><\/p>\n<ul>\n<li><span style=\"color: #000000;\"><a style=\"color: #000000;\" href=\"https:\/\/www.alldayled.com\/de\/produkt\/strands-cl-led-zwaailamp-donker\/\"><strong>Strands Cruise Light Rundumleuchte \u2013 dunkel<\/strong><\/a><\/span><\/li>\n<li><span style=\"color: #000000;\"><a style=\"color: #000000;\" href=\"https:\/\/www.alldayled.com\/de\/produkt\/strands-cl-led-zwaailamp-helder\/\"><strong>Strands Cruise Light Rundumleuchte \u2013 hell<\/strong><\/a><strong><br \/>\n<\/strong><\/span><\/li>\n<\/ul>\n<p><span style=\"color: #000000;\">Sind Sie sich noch nicht ganz sicher? Vielleicht, weil die Lichtleistung, die Wattleistung oder die Form nicht ganz Ihren Bed\u00fcrfnissen entsprechen. Sehen Sie sich hier das komplette Angebot von <g id=\"gid_0\">Strands<\/g> an. Die Wahrscheinlichkeit ist gro\u00df, dass Sie dort die ideale Rundumleuchte finden.   <\/span><\/p>\n","protected":false},"excerpt":{"rendered":"<p>Flache LED Rundumleuchte mit Blitzfunktion von Strands \u2013 mit orangefarbenem Glas und 12 Blitzmustern.<\/p>\n","protected":false},"featured_media":21294,"comment_status":"open","ping_status":"closed","template":"","meta":{"_acf_changed":false},"product_brand":[5114],"product_cat":[5308],"product_tag":[9196,9197,9198,9199,9200,9201,9205,9203,9202,9204,9206],"class_list":{"0":"post-66752","1":"product","2":"type-product","3":"status-publish","4":"has-post-thumbnail","6":"product_brand-product-strands-lighting-division","7":"product_cat-zwaailamp","8":"product_tag-led-warnleuchte","9":"product_tag-led-warnleuchte-12-volt","10":"product_tag-led-warnleuchte-24-volt","11":"product_tag-led-warnleuchte-anhanger","12":"product_tag-led-warnleuchte-auto","13":"product_tag-led-warnleuchte-klein","14":"product_tag-led-warnleuchte-lkw","15":"product_tag-led-warnleuchte-mit-ece-r65","16":"product_tag-led-warnleuchte-mitnahmestapler","17":"product_tag-led-warnleuchte-traktor","18":"product_tag-strands-led-warnleuchte","20":"first","21":"instock","22":"taxable","23":"shipping-taxable","24":"purchasable","25":"product-type-simple"},"acf":[],"yoast_head":"<!-- This site is optimized with the Yoast SEO Premium plugin v26.5 (Yoast SEO v27.1.1) - https:\/\/yoast.com\/product\/yoast-seo-premium-wordpress\/ -->\n<title>Strands CL LED Rundumleuchte ORANGE - All Day Led - f\u00fcr 12&amp;24V<\/title>\n<meta name=\"description\" content=\"Strands CL LED Rundumleuchte orange - mit ECE R65-Pr\u00fcfzeichen - 36 LEDs - f\u00fcr 12&amp;24 volt - LKW, Anh\u00e4nger, Traktor und mehr\" \/>\n<meta name=\"robots\" content=\"index, follow, max-snippet:-1, max-image-preview:large, max-video-preview:-1\" \/>\n<link rel=\"canonical\" href=\"https:\/\/www.alldayled.com\/de\/produkt\/strands-cruise-light-zwaailamp-oranje\/\" \/>\n<meta property=\"og:locale\" content=\"de_DE\" \/>\n<meta property=\"og:type\" content=\"article\" \/>\n<meta property=\"og:title\" content=\"Strands CL LED Rundumleuchte ORANGE - All Day Led - f\u00fcr 12&amp;24V\" \/>\n<meta property=\"og:description\" content=\"Strands CL LED Rundumleuchte orange - mit ECE R65-Pr\u00fcfzeichen - 36 LEDs - f\u00fcr 12&amp;24 volt - LKW, Anh\u00e4nger, Traktor und mehr\" \/>\n<meta property=\"og:url\" content=\"https:\/\/www.alldayled.com\/de\/produkt\/strands-cruise-light-zwaailamp-oranje\/\" \/>\n<meta property=\"og:site_name\" content=\"All Day Led\" \/>\n<meta property=\"article:publisher\" content=\"https:\/\/www.facebook.com\/alldayled\/\" \/>\n<meta property=\"article:modified_time\" content=\"2026-04-03T19:59:38+00:00\" \/>\n<meta property=\"og:image\" content=\"https:\/\/www.alldayled.com\/wp-content\/uploads\/2024\/05\/ADL850954-300x300.png\" \/>\n<meta name=\"twitter:label1\" content=\"Preis\" \/>\n\t<meta name=\"twitter:data1\" content=\"&euro;&nbsp;109,00\" \/>\n\t<meta name=\"twitter:label2\" content=\"Verf\u00fcgbarkeit\" \/>\n\t<meta name=\"twitter:data2\" content=\"Auf Lager\" \/>\n<script type=\"application\/ld+json\" class=\"yoast-schema-graph\">{\"@context\":\"https:\/\/schema.org\",\"@graph\":[{\"@type\":\"WebPage\",\"@id\":\"https:\/\/www.alldayled.com\/de\/produkt\/strands-cruise-light-zwaailamp-oranje\/\",\"url\":\"https:\/\/www.alldayled.com\/de\/produkt\/strands-cruise-light-zwaailamp-oranje\/\",\"name\":\"Strands CL LED Rundumleuchte ORANGE - All Day Led - f\u00fcr 12&24V\",\"isPartOf\":{\"@id\":\"https:\/\/www.alldayled.com\/de\/#website\"},\"primaryImageOfPage\":{\"@id\":\"https:\/\/www.alldayled.com\/de\/produkt\/strands-cruise-light-zwaailamp-oranje\/#primaryimage\"},\"image\":{\"@id\":\"https:\/\/www.alldayled.com\/de\/produkt\/strands-cruise-light-zwaailamp-oranje\/#primaryimage\"},\"thumbnailUrl\":\"https:\/\/www.alldayled.com\/wp-content\/uploads\/2022\/04\/ADL85954.png\",\"datePublished\":\"2022-04-15T07:45:11+00:00\",\"dateModified\":\"2026-04-03T19:59:38+00:00\",\"description\":\"Strands CL LED Rundumleuchte orange - mit ECE R65-Pr\u00fcfzeichen - 36 LEDs - f\u00fcr 12&24 volt - LKW, Anh\u00e4nger, Traktor und mehr\",\"breadcrumb\":{\"@id\":\"https:\/\/www.alldayled.com\/de\/produkt\/strands-cruise-light-zwaailamp-oranje\/#breadcrumb\"},\"inLanguage\":\"de\",\"potentialAction\":[{\"@type\":\"ReadAction\",\"target\":[\"https:\/\/www.alldayled.com\/de\/produkt\/strands-cruise-light-zwaailamp-oranje\/\"]}]},{\"@type\":\"ImageObject\",\"inLanguage\":\"de\",\"@id\":\"https:\/\/www.alldayled.com\/de\/produkt\/strands-cruise-light-zwaailamp-oranje\/#primaryimage\",\"url\":\"https:\/\/www.alldayled.com\/wp-content\/uploads\/2022\/04\/ADL85954.png\",\"contentUrl\":\"https:\/\/www.alldayled.com\/wp-content\/uploads\/2022\/04\/ADL85954.png\",\"width\":800,\"height\":600,\"caption\":\"Strands Cruise Light LED Rundumleuchte mit orangefarbenem Glas \u2013 geeignet f\u00fcr 12 und 24 volt Betrieb \u2013 mit ECE R65-Pr\u00fcfzeichen \u2013 EAN: 7350133811442\"},{\"@type\":\"BreadcrumbList\",\"@id\":\"https:\/\/www.alldayled.com\/de\/produkt\/strands-cruise-light-zwaailamp-oranje\/#breadcrumb\",\"itemListElement\":[{\"@type\":\"ListItem\",\"position\":1,\"name\":\"Home\",\"item\":\"https:\/\/www.alldayled.com\/de\/\"},{\"@type\":\"ListItem\",\"position\":2,\"name\":\"Shop\",\"item\":\"https:\/\/www.alldayled.com\/de\/shop\/\"},{\"@type\":\"ListItem\",\"position\":3,\"name\":\"Warnleuchten\",\"item\":\"https:\/\/www.alldayled.com\/de\/produkt-kategorie\/blitzlichter\/\"},{\"@type\":\"ListItem\",\"position\":4,\"name\":\"Rundumleuchte\",\"item\":\"https:\/\/www.alldayled.com\/de\/produkt-kategorie\/blitzlichter\/zwaailamp\/\"},{\"@type\":\"ListItem\",\"position\":5,\"name\":\"Strands CL LED Rundumleuchte \u2013 orange\"}]},{\"@type\":\"WebSite\",\"@id\":\"https:\/\/www.alldayled.com\/de\/#website\",\"url\":\"https:\/\/www.alldayled.com\/de\/\",\"name\":\"All Day Led\",\"description\":\"Verlichting voor 12&amp;24 volt gebruik\",\"publisher\":{\"@id\":\"https:\/\/www.alldayled.com\/de\/#organization\"},\"potentialAction\":[{\"@type\":\"SearchAction\",\"target\":{\"@type\":\"EntryPoint\",\"urlTemplate\":\"https:\/\/www.alldayled.com\/de\/?s={search_term_string}\"},\"query-input\":{\"@type\":\"PropertyValueSpecification\",\"valueRequired\":true,\"valueName\":\"search_term_string\"}}],\"inLanguage\":\"de\"},{\"@type\":\"Organization\",\"@id\":\"https:\/\/www.alldayled.com\/de\/#organization\",\"name\":\"All Day Led\",\"url\":\"https:\/\/www.alldayled.com\/de\/\",\"logo\":{\"@type\":\"ImageObject\",\"inLanguage\":\"de\",\"@id\":\"https:\/\/www.alldayled.com\/de\/#\/schema\/logo\/image\/\",\"url\":\"https:\/\/www.alldayled.com\/wp-content\/uploads\/2025\/10\/Logo-ALL-DAY-LED-800x800-zwart-witte-letters.png\",\"contentUrl\":\"https:\/\/www.alldayled.com\/wp-content\/uploads\/2025\/10\/Logo-ALL-DAY-LED-800x800-zwart-witte-letters.png\",\"width\":800,\"height\":800,\"caption\":\"All Day Led\"},\"image\":{\"@id\":\"https:\/\/www.alldayled.com\/de\/#\/schema\/logo\/image\/\"},\"sameAs\":[\"https:\/\/www.facebook.com\/alldayled\/\",\"https:\/\/www.instagram.com\/alldayled\/\"],\"vatID\":\"NL863960133B01\",\"taxID\":\"86416545\"}]}<\/script>\n<meta property=\"product:brand\" content=\"Strands\" \/>\n<meta property=\"product:price:amount\" content=\"109.00\" \/>\n<meta property=\"product:price:currency\" content=\"EUR\" \/>\n<meta property=\"og:availability\" content=\"instock\" \/>\n<meta property=\"product:availability\" content=\"instock\" \/>\n<meta property=\"product:retailer_item_id\" content=\"ADL850954\" \/>\n<meta property=\"product:condition\" content=\"new\" \/>\n<!-- \/ Yoast SEO Premium plugin. -->","yoast_head_json":{"title":"Strands CL LED Rundumleuchte ORANGE - All Day Led - f\u00fcr 12&24V","description":"Strands CL LED Rundumleuchte orange - mit ECE R65-Pr\u00fcfzeichen - 36 LEDs - f\u00fcr 12&24 volt - LKW, Anh\u00e4nger, Traktor und mehr","robots":{"index":"index","follow":"follow","max-snippet":"max-snippet:-1","max-image-preview":"max-image-preview:large","max-video-preview":"max-video-preview:-1"},"canonical":"https:\/\/www.alldayled.com\/de\/produkt\/strands-cruise-light-zwaailamp-oranje\/","og_locale":"de_DE","og_type":"article","og_title":"Strands CL LED Rundumleuchte ORANGE - All Day Led - f\u00fcr 12&24V","og_description":"Strands CL LED Rundumleuchte orange - mit ECE R65-Pr\u00fcfzeichen - 36 LEDs - f\u00fcr 12&24 volt - LKW, Anh\u00e4nger, Traktor und mehr","og_url":"https:\/\/www.alldayled.com\/de\/produkt\/strands-cruise-light-zwaailamp-oranje\/","og_site_name":"All Day Led","article_publisher":"https:\/\/www.facebook.com\/alldayled\/","article_modified_time":"2026-04-03T19:59:38+00:00","og_image":[{"url":"https:\/\/www.alldayled.com\/wp-content\/uploads\/2024\/05\/ADL850954-300x300.png","type":"","width":"","height":""}],"twitter_misc":{"Preis":"&euro;&nbsp;109,00","Verf\u00fcgbarkeit":"Auf Lager"},"schema":{"@context":"https:\/\/schema.org","@graph":[{"@type":"WebPage","@id":"https:\/\/www.alldayled.com\/de\/produkt\/strands-cruise-light-zwaailamp-oranje\/","url":"https:\/\/www.alldayled.com\/de\/produkt\/strands-cruise-light-zwaailamp-oranje\/","name":"Strands CL LED Rundumleuchte ORANGE - All Day Led - f\u00fcr 12&24V","isPartOf":{"@id":"https:\/\/www.alldayled.com\/de\/#website"},"primaryImageOfPage":{"@id":"https:\/\/www.alldayled.com\/de\/produkt\/strands-cruise-light-zwaailamp-oranje\/#primaryimage"},"image":{"@id":"https:\/\/www.alldayled.com\/de\/produkt\/strands-cruise-light-zwaailamp-oranje\/#primaryimage"},"thumbnailUrl":"https:\/\/www.alldayled.com\/wp-content\/uploads\/2022\/04\/ADL85954.png","datePublished":"2022-04-15T07:45:11+00:00","dateModified":"2026-04-03T19:59:38+00:00","description":"Strands CL LED Rundumleuchte orange - mit ECE R65-Pr\u00fcfzeichen - 36 LEDs - f\u00fcr 12&24 volt - LKW, Anh\u00e4nger, Traktor und mehr","breadcrumb":{"@id":"https:\/\/www.alldayled.com\/de\/produkt\/strands-cruise-light-zwaailamp-oranje\/#breadcrumb"},"inLanguage":"de","potentialAction":[{"@type":"ReadAction","target":["https:\/\/www.alldayled.com\/de\/produkt\/strands-cruise-light-zwaailamp-oranje\/"]}]},{"@type":"ImageObject","inLanguage":"de","@id":"https:\/\/www.alldayled.com\/de\/produkt\/strands-cruise-light-zwaailamp-oranje\/#primaryimage","url":"https:\/\/www.alldayled.com\/wp-content\/uploads\/2022\/04\/ADL85954.png","contentUrl":"https:\/\/www.alldayled.com\/wp-content\/uploads\/2022\/04\/ADL85954.png","width":800,"height":600,"caption":"Strands Cruise Light LED Rundumleuchte mit orangefarbenem Glas \u2013 geeignet f\u00fcr 12 und 24 volt Betrieb \u2013 mit ECE R65-Pr\u00fcfzeichen \u2013 EAN: 7350133811442"},{"@type":"BreadcrumbList","@id":"https:\/\/www.alldayled.com\/de\/produkt\/strands-cruise-light-zwaailamp-oranje\/#breadcrumb","itemListElement":[{"@type":"ListItem","position":1,"name":"Home","item":"https:\/\/www.alldayled.com\/de\/"},{"@type":"ListItem","position":2,"name":"Shop","item":"https:\/\/www.alldayled.com\/de\/shop\/"},{"@type":"ListItem","position":3,"name":"Warnleuchten","item":"https:\/\/www.alldayled.com\/de\/produkt-kategorie\/blitzlichter\/"},{"@type":"ListItem","position":4,"name":"Rundumleuchte","item":"https:\/\/www.alldayled.com\/de\/produkt-kategorie\/blitzlichter\/zwaailamp\/"},{"@type":"ListItem","position":5,"name":"Strands CL LED Rundumleuchte \u2013 orange"}]},{"@type":"WebSite","@id":"https:\/\/www.alldayled.com\/de\/#website","url":"https:\/\/www.alldayled.com\/de\/","name":"All Day Led","description":"Verlichting voor 12&amp;24 volt gebruik","publisher":{"@id":"https:\/\/www.alldayled.com\/de\/#organization"},"potentialAction":[{"@type":"SearchAction","target":{"@type":"EntryPoint","urlTemplate":"https:\/\/www.alldayled.com\/de\/?s={search_term_string}"},"query-input":{"@type":"PropertyValueSpecification","valueRequired":true,"valueName":"search_term_string"}}],"inLanguage":"de"},{"@type":"Organization","@id":"https:\/\/www.alldayled.com\/de\/#organization","name":"All Day Led","url":"https:\/\/www.alldayled.com\/de\/","logo":{"@type":"ImageObject","inLanguage":"de","@id":"https:\/\/www.alldayled.com\/de\/#\/schema\/logo\/image\/","url":"https:\/\/www.alldayled.com\/wp-content\/uploads\/2025\/10\/Logo-ALL-DAY-LED-800x800-zwart-witte-letters.png","contentUrl":"https:\/\/www.alldayled.com\/wp-content\/uploads\/2025\/10\/Logo-ALL-DAY-LED-800x800-zwart-witte-letters.png","width":800,"height":800,"caption":"All Day Led"},"image":{"@id":"https:\/\/www.alldayled.com\/de\/#\/schema\/logo\/image\/"},"sameAs":["https:\/\/www.facebook.com\/alldayled\/","https:\/\/www.instagram.com\/alldayled\/"],"vatID":"NL863960133B01","taxID":"86416545"}]},"product_brand":"Strands","product_price_amount":"109.00","product_price_currency":"EUR","og_availability":"instock","product_availability":"instock","product_retailer_item_id":"ADL850954","product_condition":"new"},"_links":{"self":[{"href":"https:\/\/www.alldayled.com\/de\/wp-json\/wp\/v2\/product\/66752","targetHints":{"allow":["GET"]}}],"collection":[{"href":"https:\/\/www.alldayled.com\/de\/wp-json\/wp\/v2\/product"}],"about":[{"href":"https:\/\/www.alldayled.com\/de\/wp-json\/wp\/v2\/types\/product"}],"replies":[{"embeddable":true,"href":"https:\/\/www.alldayled.com\/de\/wp-json\/wp\/v2\/comments?post=66752"}],"wp:featuredmedia":[{"embeddable":true,"href":"https:\/\/www.alldayled.com\/de\/wp-json\/wp\/v2\/media\/21294"}],"wp:attachment":[{"href":"https:\/\/www.alldayled.com\/de\/wp-json\/wp\/v2\/media?parent=66752"}],"wp:term":[{"taxonomy":"product_brand","embeddable":true,"href":"https:\/\/www.alldayled.com\/de\/wp-json\/wp\/v2\/product_brand?post=66752"},{"taxonomy":"product_cat","embeddable":true,"href":"https:\/\/www.alldayled.com\/de\/wp-json\/wp\/v2\/product_cat?post=66752"},{"taxonomy":"product_tag","embeddable":true,"href":"https:\/\/www.alldayled.com\/de\/wp-json\/wp\/v2\/product_tag?post=66752"}],"curies":[{"name":"wp","href":"https:\/\/api.w.org\/{rel}","templated":true}]}}