{"id":66769,"date":"2020-03-28T16:22:05","date_gmt":"2020-03-28T15:22:05","guid":{"rendered":"https:\/\/www.alldayled.com\/product\/ize-led-achterlicht-rood-helder-glas\/"},"modified":"2026-04-28T11:29:28","modified_gmt":"2026-04-28T09:29:28","slug":"ize-led-achterlicht-rood-helder-glas","status":"publish","type":"product","link":"https:\/\/www.alldayled.com\/de\/produkt\/ize-led-achterlicht-rood-helder-glas\/","title":{"rendered":"Strands IZE LED R\u00fccklicht &#8211; klar"},"content":{"rendered":"<p><span style=\"color: #000000;\"><strong>Strands IZE LED R\u00fccklicht klar mit Standlicht- und Bremslichtfunktion, geeignet f\u00fcr 24-Volt-Betrieb. <\/strong><\/span><\/p>\n<p><span style=\"color: #000000;\">M\u00f6chten Sie Ihren LKW oder Anh\u00e4nger mit einem neuen oder zus\u00e4tzlichen R\u00fccklicht ausstatten? Wissen aber nicht, welche Lampe am besten zu Ihnen passt? Vielleicht ist das Strands IZE LED R\u00fccklicht dann die Lampe, die Sie suchen. Die LED-Lampe ist mit 56 LED-Punkten ausgestattet, die in der Farbe ROT aufleuchten und eine transparente Linse haben. Au\u00dferdem arbeitet das LED-R\u00fccklicht mit 24 Volt. Das bedeutet, dass Sie die LED-Lampe beispielsweise an Ihrem LKW, Anh\u00e4nger oder einem anderen Fahrzeug mit 24V Spannung montieren k\u00f6nnen.     <\/span><\/p>\n<div class=\"truncated\">\n<p><span style=\"color: #000000;\">Da Sie vor dem Kauf sicher sein wollen, dass dies die Lampe ist, die Sie suchen, haben wir im Folgenden einige Eigenschaften des R\u00fccklichts mit transparenter Linse aufgef\u00fchrt. Dieses R\u00fccklicht ist unter anderem mit der ECE R10 ausgestattet. Auch das ROT aufleuchtende R\u00fccklicht der Marke Strands ist mit dem ECE R7-Pr\u00fcfzeichen versehen. Dieses Pr\u00fcfzeichen gibt an, dass die LED-Lampe als Positionslampe verwendet werden darf. Um das Ganze abzurunden, wird diese LED-Lampe mit einem 2,5 Meter langen Anschlusskabel geliefert.      <\/span><\/p>\n<h5><span style=\"color: #000000;\"><strong>Abmessungen:<\/strong><\/span><\/h5>\n<p><span style=\"color: #000000;\">Da Sie vor dem Kauf sicher sein wollen, dass Sie die LED-Lampe mit transparenter Linse dort montieren k\u00f6nnen, wo Sie wollen, haben wir im Folgenden die Abmessungen der LED-Lampe notiert. Die Abmessungen des Strands IZE LED R\u00fccklichts mit HELDER gef\u00e4rbter Linse sind wie folgt:  <\/span><\/p>\n<ul>\n<li><span style=\"color: #000000;\">H\u00f6he: 110 mm<\/span><\/li>\n<li><span style=\"color: #000000;\">Breite: 130 mm<\/span><\/li>\n<li><span style=\"color: #000000;\">Dicke: 45 mm<\/span><\/li>\n<\/ul>\n<h5><span style=\"color: #000000;\"><strong>Andere Farben:<\/strong><\/span><\/h5>\n<p><span style=\"color: #000000;\">M\u00f6chten Sie ein LED-R\u00fccklicht von Strands an Ihrem LKW oder Anh\u00e4nger montieren? Aber ist das Strands IZE LED R\u00fccklicht mit HELDER gef\u00e4rbter Linse nicht die Farbe, die Sie suchen? Dann wissen Sie, dass das LEDON-R\u00fccklicht auch in anderen Farben erh\u00e4ltlich ist. Sehen Sie sich unten eine Liste der \u00fcbrigen Farben an.   <\/span><\/p>\n<ul>\n<li><span style=\"color: #000000;\"><a style=\"color: #000000;\" href=\"https:\/\/www.alldayled.com\/de\/produkt\/ize-led-achterlicht-rood\/\"><strong>Strands IZE LED R\u00fccklicht<\/strong><\/a><\/span><\/li>\n<\/ul>\n<p><span style=\"color: #000000;\">Sind Sie nach dem Lesen aller Spezifikationen immer noch nicht zu 100 % davon \u00fcberzeugt, dass das Strands IZE LED R\u00fccklicht mit HELDER gef\u00e4rbter Linse das ist, wonach Sie suchen? Einfach, weil die Farbe, Form oder L\u00e4nge nicht Ihren W\u00fcnschen entspricht? Dann sehen Sie sich hier das komplette Angebot der Marke <a style=\"color: #000000;\" href=\"https:\/\/www.alldayled.com\/de\/marke\/product-strands-lighting-division\/\">Strands<\/a> an.  <\/span><\/p>\n<\/div>\n","protected":false},"excerpt":{"rendered":"<p>Strands IZE LED helles R\u00fccklicht mit Stand- und Bremslichtfunktion, f\u00fcr 24 Volt.<\/p>\n","protected":false},"featured_media":82318,"comment_status":"open","ping_status":"closed","template":"","meta":{"_acf_changed":false},"product_brand":[5114],"product_cat":[5296],"product_tag":[9346,9218,9347,9348,9219,9349,9064,9065,9160],"class_list":{"0":"post-66769","1":"product","2":"type-product","3":"status-publish","4":"has-post-thumbnail","6":"product_brand-product-strands-lighting-division","7":"product_cat-achterlicht-vierkant","8":"product_tag-bloklampen","9":"product_tag-deense-achterbumper","10":"product_tag-hella-rucklicht","11":"product_tag-ize-led","12":"product_tag-led-rucklicht","13":"product_tag-ledon-achterlichten","14":"product_tag-strands-led-beleuchtung","15":"product_tag-strands-lighting-division","16":"product_tag-truckstyling","18":"first","19":"instock","20":"taxable","21":"shipping-taxable","22":"purchasable","23":"product-type-simple"},"acf":[],"yoast_head":"<!-- This site is optimized with the Yoast SEO Premium plugin v26.5 (Yoast SEO v27.1.1) - https:\/\/yoast.com\/product\/yoast-seo-premium-wordpress\/ -->\n<title>IZE LED R\u00fccklicht Strands - Klarglas - f\u00fcr LKW &amp; Anh\u00e4nger<\/title>\n<meta name=\"description\" content=\"Strands IZE LED R\u00fccklicht Klarglas - Stadt- &amp; Bremslichtfunktion - 24 Volt - ECE R7-Pr\u00fcfzeichen - IZE LED - LED-Blockleuchte - D\u00e4nische Hecksto\u00dfstange\" \/>\n<meta name=\"robots\" content=\"index, follow, max-snippet:-1, max-image-preview:large, max-video-preview:-1\" \/>\n<link rel=\"canonical\" href=\"https:\/\/www.alldayled.com\/de\/produkt\/ize-led-achterlicht-rood-helder-glas\/\" \/>\n<meta property=\"og:locale\" content=\"de_DE\" \/>\n<meta property=\"og:type\" content=\"article\" \/>\n<meta property=\"og:title\" content=\"IZE LED R\u00fccklicht Strands - Klarglas - f\u00fcr LKW &amp; Anh\u00e4nger\" \/>\n<meta property=\"og:description\" content=\"Strands IZE LED R\u00fccklicht Klarglas - Stadt- &amp; Bremslichtfunktion - 24 Volt - ECE R7-Pr\u00fcfzeichen - IZE LED - LED-Blockleuchte - D\u00e4nische Hecksto\u00dfstange\" \/>\n<meta property=\"og:url\" content=\"https:\/\/www.alldayled.com\/de\/produkt\/ize-led-achterlicht-rood-helder-glas\/\" \/>\n<meta property=\"og:site_name\" content=\"All Day Led\" \/>\n<meta property=\"article:publisher\" content=\"https:\/\/www.facebook.com\/alldayled\/\" \/>\n<meta property=\"article:modified_time\" content=\"2026-04-28T09:29:28+00:00\" \/>\n<meta property=\"og:image\" content=\"https:\/\/www.alldayled.com\/wp-content\/uploads\/2024\/03\/ADL800126-300x300.png\" \/>\n<meta name=\"twitter:label1\" content=\"Preis\" \/>\n\t<meta name=\"twitter:data1\" content=\"&euro;&nbsp;59,00\" \/>\n\t<meta name=\"twitter:label2\" content=\"Verf\u00fcgbarkeit\" \/>\n\t<meta name=\"twitter:data2\" content=\"Auf Lager\" \/>\n<script type=\"application\/ld+json\" class=\"yoast-schema-graph\">{\"@context\":\"https:\/\/schema.org\",\"@graph\":[{\"@type\":\"WebPage\",\"@id\":\"https:\/\/www.alldayled.com\/de\/produkt\/ize-led-achterlicht-rood-helder-glas\/\",\"url\":\"https:\/\/www.alldayled.com\/de\/produkt\/ize-led-achterlicht-rood-helder-glas\/\",\"name\":\"IZE LED R\u00fccklicht Strands - Klarglas - f\u00fcr LKW & Anh\u00e4nger\",\"isPartOf\":{\"@id\":\"https:\/\/www.alldayled.com\/de\/#website\"},\"primaryImageOfPage\":{\"@id\":\"https:\/\/www.alldayled.com\/de\/produkt\/ize-led-achterlicht-rood-helder-glas\/#primaryimage\"},\"image\":{\"@id\":\"https:\/\/www.alldayled.com\/de\/produkt\/ize-led-achterlicht-rood-helder-glas\/#primaryimage\"},\"thumbnailUrl\":\"https:\/\/www.alldayled.com\/wp-content\/uploads\/2020\/03\/ADL800126-10.png\",\"datePublished\":\"2020-03-28T15:22:05+00:00\",\"dateModified\":\"2026-04-28T09:29:28+00:00\",\"description\":\"Strands IZE LED R\u00fccklicht Klarglas - Stadt- & Bremslichtfunktion - 24 Volt - ECE R7-Pr\u00fcfzeichen - IZE LED - LED-Blockleuchte - D\u00e4nische Hecksto\u00dfstange\",\"breadcrumb\":{\"@id\":\"https:\/\/www.alldayled.com\/de\/produkt\/ize-led-achterlicht-rood-helder-glas\/#breadcrumb\"},\"inLanguage\":\"de\",\"potentialAction\":[{\"@type\":\"ReadAction\",\"target\":[\"https:\/\/www.alldayled.com\/de\/produkt\/ize-led-achterlicht-rood-helder-glas\/\"]}]},{\"@type\":\"ImageObject\",\"inLanguage\":\"de\",\"@id\":\"https:\/\/www.alldayled.com\/de\/produkt\/ize-led-achterlicht-rood-helder-glas\/#primaryimage\",\"url\":\"https:\/\/www.alldayled.com\/wp-content\/uploads\/2020\/03\/ADL800126-10.png\",\"contentUrl\":\"https:\/\/www.alldayled.com\/wp-content\/uploads\/2020\/03\/ADL800126-10.png\",\"width\":800,\"height\":600,\"caption\":\"800111 - Strands IZE LED flitser\"},{\"@type\":\"BreadcrumbList\",\"@id\":\"https:\/\/www.alldayled.com\/de\/produkt\/ize-led-achterlicht-rood-helder-glas\/#breadcrumb\",\"itemListElement\":[{\"@type\":\"ListItem\",\"position\":1,\"name\":\"Home\",\"item\":\"https:\/\/www.alldayled.com\/de\/\"},{\"@type\":\"ListItem\",\"position\":2,\"name\":\"Shop\",\"item\":\"https:\/\/www.alldayled.com\/de\/shop\/\"},{\"@type\":\"ListItem\",\"position\":3,\"name\":\"Heckleuchten\",\"item\":\"https:\/\/www.alldayled.com\/de\/produkt-kategorie\/rucklichter\/\"},{\"@type\":\"ListItem\",\"position\":4,\"name\":\"R\u00fccklicht eckig\",\"item\":\"https:\/\/www.alldayled.com\/de\/produkt-kategorie\/rucklichter\/achterlicht-vierkant\/\"},{\"@type\":\"ListItem\",\"position\":5,\"name\":\"Strands IZE LED R\u00fccklicht &#8211; klar\"}]},{\"@type\":\"WebSite\",\"@id\":\"https:\/\/www.alldayled.com\/de\/#website\",\"url\":\"https:\/\/www.alldayled.com\/de\/\",\"name\":\"All Day Led\",\"description\":\"Verlichting voor 12&amp;24 volt gebruik\",\"publisher\":{\"@id\":\"https:\/\/www.alldayled.com\/de\/#organization\"},\"potentialAction\":[{\"@type\":\"SearchAction\",\"target\":{\"@type\":\"EntryPoint\",\"urlTemplate\":\"https:\/\/www.alldayled.com\/de\/?s={search_term_string}\"},\"query-input\":{\"@type\":\"PropertyValueSpecification\",\"valueRequired\":true,\"valueName\":\"search_term_string\"}}],\"inLanguage\":\"de\"},{\"@type\":\"Organization\",\"@id\":\"https:\/\/www.alldayled.com\/de\/#organization\",\"name\":\"All Day Led\",\"url\":\"https:\/\/www.alldayled.com\/de\/\",\"logo\":{\"@type\":\"ImageObject\",\"inLanguage\":\"de\",\"@id\":\"https:\/\/www.alldayled.com\/de\/#\/schema\/logo\/image\/\",\"url\":\"https:\/\/www.alldayled.com\/wp-content\/uploads\/2025\/10\/Logo-ALL-DAY-LED-800x800-zwart-witte-letters.png\",\"contentUrl\":\"https:\/\/www.alldayled.com\/wp-content\/uploads\/2025\/10\/Logo-ALL-DAY-LED-800x800-zwart-witte-letters.png\",\"width\":800,\"height\":800,\"caption\":\"All Day Led\"},\"image\":{\"@id\":\"https:\/\/www.alldayled.com\/de\/#\/schema\/logo\/image\/\"},\"sameAs\":[\"https:\/\/www.facebook.com\/alldayled\/\",\"https:\/\/www.instagram.com\/alldayled\/\"],\"vatID\":\"NL863960133B01\",\"taxID\":\"86416545\"}]}<\/script>\n<meta property=\"product:brand\" content=\"Strands\" \/>\n<meta property=\"product:price:amount\" content=\"59.00\" \/>\n<meta property=\"product:price:currency\" content=\"EUR\" \/>\n<meta property=\"og:availability\" content=\"instock\" \/>\n<meta property=\"product:availability\" content=\"instock\" \/>\n<meta property=\"product:retailer_item_id\" content=\"ADL800126\" \/>\n<meta property=\"product:condition\" content=\"new\" \/>\n<!-- \/ Yoast SEO Premium plugin. -->","yoast_head_json":{"title":"IZE LED R\u00fccklicht Strands - Klarglas - f\u00fcr LKW & Anh\u00e4nger","description":"Strands IZE LED R\u00fccklicht Klarglas - Stadt- & Bremslichtfunktion - 24 Volt - ECE R7-Pr\u00fcfzeichen - IZE LED - LED-Blockleuchte - D\u00e4nische Hecksto\u00dfstange","robots":{"index":"index","follow":"follow","max-snippet":"max-snippet:-1","max-image-preview":"max-image-preview:large","max-video-preview":"max-video-preview:-1"},"canonical":"https:\/\/www.alldayled.com\/de\/produkt\/ize-led-achterlicht-rood-helder-glas\/","og_locale":"de_DE","og_type":"article","og_title":"IZE LED R\u00fccklicht Strands - Klarglas - f\u00fcr LKW & Anh\u00e4nger","og_description":"Strands IZE LED R\u00fccklicht Klarglas - Stadt- & Bremslichtfunktion - 24 Volt - ECE R7-Pr\u00fcfzeichen - IZE LED - LED-Blockleuchte - D\u00e4nische Hecksto\u00dfstange","og_url":"https:\/\/www.alldayled.com\/de\/produkt\/ize-led-achterlicht-rood-helder-glas\/","og_site_name":"All Day Led","article_publisher":"https:\/\/www.facebook.com\/alldayled\/","article_modified_time":"2026-04-28T09:29:28+00:00","og_image":[{"url":"https:\/\/www.alldayled.com\/wp-content\/uploads\/2024\/03\/ADL800126-300x300.png","type":"","width":"","height":""}],"twitter_misc":{"Preis":"&euro;&nbsp;59,00","Verf\u00fcgbarkeit":"Auf Lager"},"schema":{"@context":"https:\/\/schema.org","@graph":[{"@type":"WebPage","@id":"https:\/\/www.alldayled.com\/de\/produkt\/ize-led-achterlicht-rood-helder-glas\/","url":"https:\/\/www.alldayled.com\/de\/produkt\/ize-led-achterlicht-rood-helder-glas\/","name":"IZE LED R\u00fccklicht Strands - Klarglas - f\u00fcr LKW & Anh\u00e4nger","isPartOf":{"@id":"https:\/\/www.alldayled.com\/de\/#website"},"primaryImageOfPage":{"@id":"https:\/\/www.alldayled.com\/de\/produkt\/ize-led-achterlicht-rood-helder-glas\/#primaryimage"},"image":{"@id":"https:\/\/www.alldayled.com\/de\/produkt\/ize-led-achterlicht-rood-helder-glas\/#primaryimage"},"thumbnailUrl":"https:\/\/www.alldayled.com\/wp-content\/uploads\/2020\/03\/ADL800126-10.png","datePublished":"2020-03-28T15:22:05+00:00","dateModified":"2026-04-28T09:29:28+00:00","description":"Strands IZE LED R\u00fccklicht Klarglas - Stadt- & Bremslichtfunktion - 24 Volt - ECE R7-Pr\u00fcfzeichen - IZE LED - LED-Blockleuchte - D\u00e4nische Hecksto\u00dfstange","breadcrumb":{"@id":"https:\/\/www.alldayled.com\/de\/produkt\/ize-led-achterlicht-rood-helder-glas\/#breadcrumb"},"inLanguage":"de","potentialAction":[{"@type":"ReadAction","target":["https:\/\/www.alldayled.com\/de\/produkt\/ize-led-achterlicht-rood-helder-glas\/"]}]},{"@type":"ImageObject","inLanguage":"de","@id":"https:\/\/www.alldayled.com\/de\/produkt\/ize-led-achterlicht-rood-helder-glas\/#primaryimage","url":"https:\/\/www.alldayled.com\/wp-content\/uploads\/2020\/03\/ADL800126-10.png","contentUrl":"https:\/\/www.alldayled.com\/wp-content\/uploads\/2020\/03\/ADL800126-10.png","width":800,"height":600,"caption":"800111 - Strands IZE LED flitser"},{"@type":"BreadcrumbList","@id":"https:\/\/www.alldayled.com\/de\/produkt\/ize-led-achterlicht-rood-helder-glas\/#breadcrumb","itemListElement":[{"@type":"ListItem","position":1,"name":"Home","item":"https:\/\/www.alldayled.com\/de\/"},{"@type":"ListItem","position":2,"name":"Shop","item":"https:\/\/www.alldayled.com\/de\/shop\/"},{"@type":"ListItem","position":3,"name":"Heckleuchten","item":"https:\/\/www.alldayled.com\/de\/produkt-kategorie\/rucklichter\/"},{"@type":"ListItem","position":4,"name":"R\u00fccklicht eckig","item":"https:\/\/www.alldayled.com\/de\/produkt-kategorie\/rucklichter\/achterlicht-vierkant\/"},{"@type":"ListItem","position":5,"name":"Strands IZE LED R\u00fccklicht &#8211; klar"}]},{"@type":"WebSite","@id":"https:\/\/www.alldayled.com\/de\/#website","url":"https:\/\/www.alldayled.com\/de\/","name":"All Day Led","description":"Verlichting voor 12&amp;24 volt gebruik","publisher":{"@id":"https:\/\/www.alldayled.com\/de\/#organization"},"potentialAction":[{"@type":"SearchAction","target":{"@type":"EntryPoint","urlTemplate":"https:\/\/www.alldayled.com\/de\/?s={search_term_string}"},"query-input":{"@type":"PropertyValueSpecification","valueRequired":true,"valueName":"search_term_string"}}],"inLanguage":"de"},{"@type":"Organization","@id":"https:\/\/www.alldayled.com\/de\/#organization","name":"All Day Led","url":"https:\/\/www.alldayled.com\/de\/","logo":{"@type":"ImageObject","inLanguage":"de","@id":"https:\/\/www.alldayled.com\/de\/#\/schema\/logo\/image\/","url":"https:\/\/www.alldayled.com\/wp-content\/uploads\/2025\/10\/Logo-ALL-DAY-LED-800x800-zwart-witte-letters.png","contentUrl":"https:\/\/www.alldayled.com\/wp-content\/uploads\/2025\/10\/Logo-ALL-DAY-LED-800x800-zwart-witte-letters.png","width":800,"height":800,"caption":"All Day Led"},"image":{"@id":"https:\/\/www.alldayled.com\/de\/#\/schema\/logo\/image\/"},"sameAs":["https:\/\/www.facebook.com\/alldayled\/","https:\/\/www.instagram.com\/alldayled\/"],"vatID":"NL863960133B01","taxID":"86416545"}]},"product_brand":"Strands","product_price_amount":"59.00","product_price_currency":"EUR","og_availability":"instock","product_availability":"instock","product_retailer_item_id":"ADL800126","product_condition":"new"},"_links":{"self":[{"href":"https:\/\/www.alldayled.com\/de\/wp-json\/wp\/v2\/product\/66769","targetHints":{"allow":["GET"]}}],"collection":[{"href":"https:\/\/www.alldayled.com\/de\/wp-json\/wp\/v2\/product"}],"about":[{"href":"https:\/\/www.alldayled.com\/de\/wp-json\/wp\/v2\/types\/product"}],"replies":[{"embeddable":true,"href":"https:\/\/www.alldayled.com\/de\/wp-json\/wp\/v2\/comments?post=66769"}],"wp:featuredmedia":[{"embeddable":true,"href":"https:\/\/www.alldayled.com\/de\/wp-json\/wp\/v2\/media\/82318"}],"wp:attachment":[{"href":"https:\/\/www.alldayled.com\/de\/wp-json\/wp\/v2\/media?parent=66769"}],"wp:term":[{"taxonomy":"product_brand","embeddable":true,"href":"https:\/\/www.alldayled.com\/de\/wp-json\/wp\/v2\/product_brand?post=66769"},{"taxonomy":"product_cat","embeddable":true,"href":"https:\/\/www.alldayled.com\/de\/wp-json\/wp\/v2\/product_cat?post=66769"},{"taxonomy":"product_tag","embeddable":true,"href":"https:\/\/www.alldayled.com\/de\/wp-json\/wp\/v2\/product_tag?post=66769"}],"curies":[{"name":"wp","href":"https:\/\/api.w.org\/{rel}","templated":true}]}}