{"id":66788,"date":"2020-03-28T16:16:58","date_gmt":"2020-03-28T15:16:58","guid":{"rendered":"https:\/\/www.alldayled.com\/product\/strands-ize-led-achteruitrijlamp-helder-glas\/"},"modified":"2020-03-28T16:16:58","modified_gmt":"2020-03-28T15:16:58","slug":"strands-ize-led-achteruitrijlamp-helder-glas","status":"publish","type":"product","link":"https:\/\/www.alldayled.com\/de\/produkt\/strands-ize-led-achteruitrijlamp-helder-glas\/","title":{"rendered":"Strands IZE LED R\u00fcckfahrlicht"},"content":{"rendered":"<p><span style=\"color: #000000;\"><strong>Strands IZE LED R\u00fcckleuchte mit R\u00fcckfahrlichtfunktion, geeignet f\u00fcr 24 Volt Betrieb. <\/strong><\/span><\/p>\n<p><span style=\"color: #000000;\">M\u00f6chtest du deinen LKW oder Anh\u00e4nger mit einem neuen oder zus\u00e4tzlichen R\u00fccklicht ausstatten? Aber du wei\u00dft nicht, welche Lampe am besten zu dir passt? Vielleicht ist das Strands IZE LED R\u00fcckfahrlicht genau die Lampe, die du suchst. Die LED-Lampe ist mit 56 LED-Punkten ausgestattet, die in der Farbe WEISS leuchten und eine transparente Linse hat. Des Weiteren funktioniert das LED R\u00fccklicht mit 24 Volt. Das bedeutet, du kannst die LED-Lampe zum Beispiel an deinem LKW, Anh\u00e4nger oder einem anderen Fahrzeug mit 24V Spannung montieren.     <\/span><\/p>\n<div class=\"truncated\">\n<p><span style=\"color: #000000;\">Damit du vor dem Kauf sicher sein kannst, dass dies genau die Lampe ist, die du suchst. Haben wir unten einige Eigenschaften des R\u00fccklichts mit transparenter Linse aufgef\u00fchrt. Dieses R\u00fccklicht ist unter anderem mit ECE R10 ausgestattet. Auch das WEISS leuchtende R\u00fcckfahrlicht der Marke Strands ist mit dem ECE R23 Pr\u00fcfzeichen versehen. Dieses Pr\u00fcfzeichen besagt, dass die LED-Lampe als R\u00fcckfahrlicht verwendet werden darf. Um das Ganze abzurunden, wird diese LED-Lampe mit einem 2,5 Meter langen Anschlusskabel geliefert.      <\/span><\/p>\n<h5><span style=\"color: #000000;\"><strong>Abmessungen:<\/strong><\/span><\/h5>\n<p><span style=\"color: #000000;\">Damit du vor dem Kauf sicher sein kannst, dass du die LED-Lampe mit transparenter Linse dort montieren kannst, wo du m\u00f6chtest. Haben wir unten die Abmessungen der LED-Lampe notiert. Die Abmessungen des Strands IZE LED R\u00fcckfahrlichts mit HELL gef\u00e4rbter Linse sind wie folgt:  <\/span><\/p>\n<ul>\n<li><span style=\"color: #000000;\">H\u00f6he: 110 mm<\/span><\/li>\n<li><span style=\"color: #000000;\">Breite: 130 mm<\/span><\/li>\n<li><span style=\"color: #000000;\">Dicke: 45 mm<\/span><\/li>\n<\/ul>\n<h5><span style=\"color: #000000;\"><strong>Andere Farben:<\/strong><\/span><\/h5>\n<p><span style=\"color: #000000;\">M\u00f6chtest du ein LED R\u00fccklicht von Strands an deinem LKW oder Anh\u00e4nger montieren? Aber ist das Strands IZE LED R\u00fcckfahrlicht mit HELL gef\u00e4rbter Linse nicht die Farbe, die du suchst? Wisse, dass das LEDON R\u00fccklicht auch in anderen Farben erh\u00e4ltlich ist. Sieh dir unten eine Liste der weiteren Farben an.   <\/span><\/p>\n<ul>\n<li><span style=\"color: #000000;\"><a style=\"color: #000000;\" href=\"https:\/\/www.alldayled.com\/de\/produkt\/strands-ize-led-achterlicht-3in1\/\"><strong>Strands IZE LED 3 in 1 R\u00fccklicht &#8211; klares Glas<\/strong><\/a><\/span><\/li>\n<li><span style=\"color: #000000;\"><a style=\"color: #000000;\" href=\"https:\/\/www.alldayled.com\/de\/produkt\/strands-ize-led-fliter-helder-glas\/\"><strong>Strands IZE LED Blitz &#8211; klares Glas<\/strong><\/a><\/span><\/li>\n<\/ul>\n<p><span style=\"color: #000000;\">Bist du nach dem Lesen aller Spezifikationen immer noch nicht 100 % \u00fcberzeugt, dass das Strands IZE LED R\u00fcckfahrlicht mit HELL gef\u00e4rbter Linse das ist, wonach du suchst? Einfach weil die Farbe, Form oder L\u00e4nge nicht deinen W\u00fcnschen entspricht? Dann sieh dir hier das komplette Angebot der Marke <a style=\"color: #000000;\" href=\"https:\/\/www.alldayled.com\/de\/marke\/product-strands-lighting-division\/\">Strands<\/a> an.  <\/span><\/p>\n<\/div>\n","protected":false},"excerpt":{"rendered":"<p>Strands IZE LED R\u00fcckfahrlichtfunktion, geeignet f\u00fcr 24 Volt.<\/p>\n","protected":false},"featured_media":82297,"comment_status":"open","ping_status":"closed","template":"","meta":{"_acf_changed":false},"product_brand":[5114],"product_cat":[5296],"product_tag":[9430,9346,9218,9432,9348,9349,9064,9065],"class_list":{"0":"post-66788","1":"product","2":"type-product","3":"status-publish","4":"has-post-thumbnail","6":"product_brand-product-strands-lighting-division","7":"product_cat-achterlicht-vierkant","8":"product_tag-blocklampe","9":"product_tag-bloklampen","10":"product_tag-deense-achterbumper","11":"product_tag-hella","12":"product_tag-ize-led","13":"product_tag-ledon-achterlichten","14":"product_tag-strands-led-beleuchtung","15":"product_tag-strands-lighting-division","17":"first","18":"instock","19":"taxable","20":"shipping-taxable","21":"purchasable","22":"product-type-simple"},"acf":[],"yoast_head":"<!-- This site is optimized with the Yoast SEO Premium plugin v26.5 (Yoast SEO v27.1.1) - https:\/\/yoast.com\/product\/yoast-seo-premium-wordpress\/ -->\n<title>IZE LED R\u00fcckfahrlicht Strands - klares Glas - f\u00fcr LKW &amp; Anh\u00e4nger<\/title>\n<meta name=\"description\" content=\"Strands IZE LED R\u00fcckfahrlicht klares Glas - 24 Volt - IZE LED - LED Blockleuchte - D\u00e4nische Hecksto\u00dfstange - mit ECE R23 Pr\u00fcfzeichen\" \/>\n<meta name=\"robots\" content=\"index, follow, max-snippet:-1, max-image-preview:large, max-video-preview:-1\" \/>\n<link rel=\"canonical\" href=\"https:\/\/www.alldayled.com\/de\/produkt\/strands-ize-led-achteruitrijlamp-helder-glas\/\" \/>\n<meta property=\"og:locale\" content=\"de_DE\" \/>\n<meta property=\"og:type\" content=\"article\" \/>\n<meta property=\"og:title\" content=\"IZE LED R\u00fcckfahrlicht Strands - klares Glas - f\u00fcr LKW &amp; Anh\u00e4nger\" \/>\n<meta property=\"og:description\" content=\"Strands IZE LED R\u00fcckfahrlicht klares Glas - 24 Volt - IZE LED - LED Blockleuchte - D\u00e4nische Hecksto\u00dfstange - mit ECE R23 Pr\u00fcfzeichen\" \/>\n<meta property=\"og:url\" content=\"https:\/\/www.alldayled.com\/de\/produkt\/strands-ize-led-achteruitrijlamp-helder-glas\/\" \/>\n<meta property=\"og:site_name\" content=\"All Day Led\" \/>\n<meta property=\"article:publisher\" content=\"https:\/\/www.facebook.com\/alldayled\/\" \/>\n<meta property=\"og:image\" content=\"https:\/\/www.alldayled.com\/wp-content\/uploads\/2024\/03\/ADL800116-300x300.png\" \/>\n<meta name=\"twitter:label1\" content=\"Preis\" \/>\n\t<meta name=\"twitter:data1\" content=\"&euro;&nbsp;79,00\" \/>\n\t<meta name=\"twitter:label2\" content=\"Verf\u00fcgbarkeit\" \/>\n\t<meta name=\"twitter:data2\" content=\"Auf Lager\" \/>\n<script type=\"application\/ld+json\" class=\"yoast-schema-graph\">{\"@context\":\"https:\/\/schema.org\",\"@graph\":[{\"@type\":\"WebPage\",\"@id\":\"https:\/\/www.alldayled.com\/de\/produkt\/strands-ize-led-achteruitrijlamp-helder-glas\/\",\"url\":\"https:\/\/www.alldayled.com\/de\/produkt\/strands-ize-led-achteruitrijlamp-helder-glas\/\",\"name\":\"IZE LED R\u00fcckfahrlicht Strands - klares Glas - f\u00fcr LKW & Anh\u00e4nger\",\"isPartOf\":{\"@id\":\"https:\/\/www.alldayled.com\/de\/#website\"},\"primaryImageOfPage\":{\"@id\":\"https:\/\/www.alldayled.com\/de\/produkt\/strands-ize-led-achteruitrijlamp-helder-glas\/#primaryimage\"},\"image\":{\"@id\":\"https:\/\/www.alldayled.com\/de\/produkt\/strands-ize-led-achteruitrijlamp-helder-glas\/#primaryimage\"},\"thumbnailUrl\":\"https:\/\/www.alldayled.com\/wp-content\/uploads\/2020\/03\/ADL800116-10.png\",\"datePublished\":\"2020-03-28T15:16:58+00:00\",\"description\":\"Strands IZE LED R\u00fcckfahrlicht klares Glas - 24 Volt - IZE LED - LED Blockleuchte - D\u00e4nische Hecksto\u00dfstange - mit ECE R23 Pr\u00fcfzeichen\",\"breadcrumb\":{\"@id\":\"https:\/\/www.alldayled.com\/de\/produkt\/strands-ize-led-achteruitrijlamp-helder-glas\/#breadcrumb\"},\"inLanguage\":\"de\",\"potentialAction\":[{\"@type\":\"ReadAction\",\"target\":[\"https:\/\/www.alldayled.com\/de\/produkt\/strands-ize-led-achteruitrijlamp-helder-glas\/\"]}]},{\"@type\":\"ImageObject\",\"inLanguage\":\"de\",\"@id\":\"https:\/\/www.alldayled.com\/de\/produkt\/strands-ize-led-achteruitrijlamp-helder-glas\/#primaryimage\",\"url\":\"https:\/\/www.alldayled.com\/wp-content\/uploads\/2020\/03\/ADL800116-10.png\",\"contentUrl\":\"https:\/\/www.alldayled.com\/wp-content\/uploads\/2020\/03\/ADL800116-10.png\",\"width\":800,\"height\":600,\"caption\":\"800116 - Strands IZE LED mistlicht\"},{\"@type\":\"BreadcrumbList\",\"@id\":\"https:\/\/www.alldayled.com\/de\/produkt\/strands-ize-led-achteruitrijlamp-helder-glas\/#breadcrumb\",\"itemListElement\":[{\"@type\":\"ListItem\",\"position\":1,\"name\":\"Home\",\"item\":\"https:\/\/www.alldayled.com\/de\/\"},{\"@type\":\"ListItem\",\"position\":2,\"name\":\"Shop\",\"item\":\"https:\/\/www.alldayled.com\/de\/shop\/\"},{\"@type\":\"ListItem\",\"position\":3,\"name\":\"Heckleuchten\",\"item\":\"https:\/\/www.alldayled.com\/de\/produkt-kategorie\/rucklichter\/\"},{\"@type\":\"ListItem\",\"position\":4,\"name\":\"R\u00fccklicht eckig\",\"item\":\"https:\/\/www.alldayled.com\/de\/produkt-kategorie\/rucklichter\/achterlicht-vierkant\/\"},{\"@type\":\"ListItem\",\"position\":5,\"name\":\"Strands IZE LED R\u00fcckfahrlicht\"}]},{\"@type\":\"WebSite\",\"@id\":\"https:\/\/www.alldayled.com\/de\/#website\",\"url\":\"https:\/\/www.alldayled.com\/de\/\",\"name\":\"All Day Led\",\"description\":\"Verlichting voor 12&amp;24 volt gebruik\",\"publisher\":{\"@id\":\"https:\/\/www.alldayled.com\/de\/#organization\"},\"potentialAction\":[{\"@type\":\"SearchAction\",\"target\":{\"@type\":\"EntryPoint\",\"urlTemplate\":\"https:\/\/www.alldayled.com\/de\/?s={search_term_string}\"},\"query-input\":{\"@type\":\"PropertyValueSpecification\",\"valueRequired\":true,\"valueName\":\"search_term_string\"}}],\"inLanguage\":\"de\"},{\"@type\":\"Organization\",\"@id\":\"https:\/\/www.alldayled.com\/de\/#organization\",\"name\":\"All Day Led\",\"url\":\"https:\/\/www.alldayled.com\/de\/\",\"logo\":{\"@type\":\"ImageObject\",\"inLanguage\":\"de\",\"@id\":\"https:\/\/www.alldayled.com\/de\/#\/schema\/logo\/image\/\",\"url\":\"https:\/\/www.alldayled.com\/wp-content\/uploads\/2025\/10\/Logo-ALL-DAY-LED-800x800-zwart-witte-letters.png\",\"contentUrl\":\"https:\/\/www.alldayled.com\/wp-content\/uploads\/2025\/10\/Logo-ALL-DAY-LED-800x800-zwart-witte-letters.png\",\"width\":800,\"height\":800,\"caption\":\"All Day Led\"},\"image\":{\"@id\":\"https:\/\/www.alldayled.com\/de\/#\/schema\/logo\/image\/\"},\"sameAs\":[\"https:\/\/www.facebook.com\/alldayled\/\",\"https:\/\/www.instagram.com\/alldayled\/\"],\"vatID\":\"NL863960133B01\",\"taxID\":\"86416545\"}]}<\/script>\n<meta property=\"product:brand\" content=\"Strands\" \/>\n<meta property=\"product:price:amount\" content=\"79.00\" \/>\n<meta property=\"product:price:currency\" content=\"EUR\" \/>\n<meta property=\"og:availability\" content=\"instock\" \/>\n<meta property=\"product:availability\" content=\"instock\" \/>\n<meta property=\"product:retailer_item_id\" content=\"ADL800116\" \/>\n<meta property=\"product:condition\" content=\"new\" \/>\n<!-- \/ Yoast SEO Premium plugin. -->","yoast_head_json":{"title":"IZE LED R\u00fcckfahrlicht Strands - klares Glas - f\u00fcr LKW & Anh\u00e4nger","description":"Strands IZE LED R\u00fcckfahrlicht klares Glas - 24 Volt - IZE LED - LED Blockleuchte - D\u00e4nische Hecksto\u00dfstange - mit ECE R23 Pr\u00fcfzeichen","robots":{"index":"index","follow":"follow","max-snippet":"max-snippet:-1","max-image-preview":"max-image-preview:large","max-video-preview":"max-video-preview:-1"},"canonical":"https:\/\/www.alldayled.com\/de\/produkt\/strands-ize-led-achteruitrijlamp-helder-glas\/","og_locale":"de_DE","og_type":"article","og_title":"IZE LED R\u00fcckfahrlicht Strands - klares Glas - f\u00fcr LKW & Anh\u00e4nger","og_description":"Strands IZE LED R\u00fcckfahrlicht klares Glas - 24 Volt - IZE LED - LED Blockleuchte - D\u00e4nische Hecksto\u00dfstange - mit ECE R23 Pr\u00fcfzeichen","og_url":"https:\/\/www.alldayled.com\/de\/produkt\/strands-ize-led-achteruitrijlamp-helder-glas\/","og_site_name":"All Day Led","article_publisher":"https:\/\/www.facebook.com\/alldayled\/","og_image":[{"url":"https:\/\/www.alldayled.com\/wp-content\/uploads\/2024\/03\/ADL800116-300x300.png","type":"","width":"","height":""}],"twitter_misc":{"Preis":"&euro;&nbsp;79,00","Verf\u00fcgbarkeit":"Auf Lager"},"schema":{"@context":"https:\/\/schema.org","@graph":[{"@type":"WebPage","@id":"https:\/\/www.alldayled.com\/de\/produkt\/strands-ize-led-achteruitrijlamp-helder-glas\/","url":"https:\/\/www.alldayled.com\/de\/produkt\/strands-ize-led-achteruitrijlamp-helder-glas\/","name":"IZE LED R\u00fcckfahrlicht Strands - klares Glas - f\u00fcr LKW & Anh\u00e4nger","isPartOf":{"@id":"https:\/\/www.alldayled.com\/de\/#website"},"primaryImageOfPage":{"@id":"https:\/\/www.alldayled.com\/de\/produkt\/strands-ize-led-achteruitrijlamp-helder-glas\/#primaryimage"},"image":{"@id":"https:\/\/www.alldayled.com\/de\/produkt\/strands-ize-led-achteruitrijlamp-helder-glas\/#primaryimage"},"thumbnailUrl":"https:\/\/www.alldayled.com\/wp-content\/uploads\/2020\/03\/ADL800116-10.png","datePublished":"2020-03-28T15:16:58+00:00","description":"Strands IZE LED R\u00fcckfahrlicht klares Glas - 24 Volt - IZE LED - LED Blockleuchte - D\u00e4nische Hecksto\u00dfstange - mit ECE R23 Pr\u00fcfzeichen","breadcrumb":{"@id":"https:\/\/www.alldayled.com\/de\/produkt\/strands-ize-led-achteruitrijlamp-helder-glas\/#breadcrumb"},"inLanguage":"de","potentialAction":[{"@type":"ReadAction","target":["https:\/\/www.alldayled.com\/de\/produkt\/strands-ize-led-achteruitrijlamp-helder-glas\/"]}]},{"@type":"ImageObject","inLanguage":"de","@id":"https:\/\/www.alldayled.com\/de\/produkt\/strands-ize-led-achteruitrijlamp-helder-glas\/#primaryimage","url":"https:\/\/www.alldayled.com\/wp-content\/uploads\/2020\/03\/ADL800116-10.png","contentUrl":"https:\/\/www.alldayled.com\/wp-content\/uploads\/2020\/03\/ADL800116-10.png","width":800,"height":600,"caption":"800116 - Strands IZE LED mistlicht"},{"@type":"BreadcrumbList","@id":"https:\/\/www.alldayled.com\/de\/produkt\/strands-ize-led-achteruitrijlamp-helder-glas\/#breadcrumb","itemListElement":[{"@type":"ListItem","position":1,"name":"Home","item":"https:\/\/www.alldayled.com\/de\/"},{"@type":"ListItem","position":2,"name":"Shop","item":"https:\/\/www.alldayled.com\/de\/shop\/"},{"@type":"ListItem","position":3,"name":"Heckleuchten","item":"https:\/\/www.alldayled.com\/de\/produkt-kategorie\/rucklichter\/"},{"@type":"ListItem","position":4,"name":"R\u00fccklicht eckig","item":"https:\/\/www.alldayled.com\/de\/produkt-kategorie\/rucklichter\/achterlicht-vierkant\/"},{"@type":"ListItem","position":5,"name":"Strands IZE LED R\u00fcckfahrlicht"}]},{"@type":"WebSite","@id":"https:\/\/www.alldayled.com\/de\/#website","url":"https:\/\/www.alldayled.com\/de\/","name":"All Day Led","description":"Verlichting voor 12&amp;24 volt gebruik","publisher":{"@id":"https:\/\/www.alldayled.com\/de\/#organization"},"potentialAction":[{"@type":"SearchAction","target":{"@type":"EntryPoint","urlTemplate":"https:\/\/www.alldayled.com\/de\/?s={search_term_string}"},"query-input":{"@type":"PropertyValueSpecification","valueRequired":true,"valueName":"search_term_string"}}],"inLanguage":"de"},{"@type":"Organization","@id":"https:\/\/www.alldayled.com\/de\/#organization","name":"All Day Led","url":"https:\/\/www.alldayled.com\/de\/","logo":{"@type":"ImageObject","inLanguage":"de","@id":"https:\/\/www.alldayled.com\/de\/#\/schema\/logo\/image\/","url":"https:\/\/www.alldayled.com\/wp-content\/uploads\/2025\/10\/Logo-ALL-DAY-LED-800x800-zwart-witte-letters.png","contentUrl":"https:\/\/www.alldayled.com\/wp-content\/uploads\/2025\/10\/Logo-ALL-DAY-LED-800x800-zwart-witte-letters.png","width":800,"height":800,"caption":"All Day Led"},"image":{"@id":"https:\/\/www.alldayled.com\/de\/#\/schema\/logo\/image\/"},"sameAs":["https:\/\/www.facebook.com\/alldayled\/","https:\/\/www.instagram.com\/alldayled\/"],"vatID":"NL863960133B01","taxID":"86416545"}]},"product_brand":"Strands","product_price_amount":"79.00","product_price_currency":"EUR","og_availability":"instock","product_availability":"instock","product_retailer_item_id":"ADL800116","product_condition":"new"},"_links":{"self":[{"href":"https:\/\/www.alldayled.com\/de\/wp-json\/wp\/v2\/product\/66788","targetHints":{"allow":["GET"]}}],"collection":[{"href":"https:\/\/www.alldayled.com\/de\/wp-json\/wp\/v2\/product"}],"about":[{"href":"https:\/\/www.alldayled.com\/de\/wp-json\/wp\/v2\/types\/product"}],"replies":[{"embeddable":true,"href":"https:\/\/www.alldayled.com\/de\/wp-json\/wp\/v2\/comments?post=66788"}],"wp:featuredmedia":[{"embeddable":true,"href":"https:\/\/www.alldayled.com\/de\/wp-json\/wp\/v2\/media\/82297"}],"wp:attachment":[{"href":"https:\/\/www.alldayled.com\/de\/wp-json\/wp\/v2\/media?parent=66788"}],"wp:term":[{"taxonomy":"product_brand","embeddable":true,"href":"https:\/\/www.alldayled.com\/de\/wp-json\/wp\/v2\/product_brand?post=66788"},{"taxonomy":"product_cat","embeddable":true,"href":"https:\/\/www.alldayled.com\/de\/wp-json\/wp\/v2\/product_cat?post=66788"},{"taxonomy":"product_tag","embeddable":true,"href":"https:\/\/www.alldayled.com\/de\/wp-json\/wp\/v2\/product_tag?post=66788"}],"curies":[{"name":"wp","href":"https:\/\/api.w.org\/{rel}","templated":true}]}}