{"id":66793,"date":"2024-01-24T14:42:20","date_gmt":"2024-01-24T13:42:20","guid":{"rendered":"https:\/\/www.alldayled.com\/product\/hidemish-led-inbouw-flitser-wit\/"},"modified":"2025-12-13T02:02:37","modified_gmt":"2025-12-13T01:02:37","slug":"hidemish-led-inbouw-flitser-wit","status":"publish","type":"product","link":"https:\/\/www.alldayled.com\/de\/produkt\/hidemish-led-inbouw-flitser-wit\/","title":{"rendered":"Hidemish LED Hide-Away Blitz &#8211; wei\u00df"},"content":{"rendered":"<p><span style=\"color: #000000;\"><strong>Hidemish LED Einbau Blitz wei\u00df. <\/strong><\/span><\/p>\n<p><span style=\"color: #000000;\">Suchen Sie einen kompakten LED-Blitz, den Sie fast \u00fcberall montieren k\u00f6nnen? Dann ist der Hidemish LED Einbaublitz mit 21 Blitzmustern wahrscheinlich genau das, was Sie suchen. Dank des 12\/24V-Anschlusses k\u00f6nnen Sie diese wei\u00dfe Warnleuchte problemlos an Ihrem Auto, LKW, Anh\u00e4nger oder jedem anderen Fahrzeug verwenden. Der Blitz wird mit einem 3,15 Meter langen Kabel geliefert und ist an der Oberseite mit einer 3M-Klebefl\u00e4che versehen, sodass Sie ihn schnell und sauber befestigen k\u00f6nnen.   <\/span><\/p>\n<p><span style=\"color: #000000;\">Nat\u00fcrlich m\u00f6chten Sie sicherstellen, dass der Hidemish LED Einbaublitz WEISS f\u00fcr Ihre Anwendung geeignet ist. Deshalb haben wir hier die wichtigsten Merkmale f\u00fcr Sie zusammengefasst. Das Modul enth\u00e4lt 2 leistungsstarke LED-Punkte und ist mit dem ECE R10-Pr\u00fcfzeichen versehen, was bedeutet, dass es keine St\u00f6rungen Ihres Funksignals verursacht. Dank der 3,15 Meter Kabell\u00e4nge und der eingebauten Speicherfunktion arbeitet der Blitz immer schnell, zuverl\u00e4ssig und genau so, wie Sie es m\u00f6chten.   <\/span><\/p>\n<h5><span style=\"color: #000000;\"><strong>Abmessungen:<\/strong><\/span><\/h5>\n<p><span style=\"color: #000000;\">M\u00f6chten Sie vorher sicher sein, dass Sie den Einbaublitz dort platzieren k\u00f6nnen, wo Sie ihn haben m\u00f6chten? Nachfolgend finden Sie die genauen Abmessungen des Hidemish LED Einbaublitz WEISS: <\/span><\/p>\n<ul>\n<li><span style=\"color: #000000;\">Durchmesser Lampe: 13 mm<\/span><\/li>\n<li><span style=\"color: #000000;\">Breite: 25 mm<\/span><\/li>\n<li><span style=\"color: #000000;\">H\u00f6he: 33 mm<br \/>\n<\/span><\/li>\n<\/ul>\n<h5><span style=\"color: #000000;\"><strong>Andere Farben:<\/strong><\/span><\/h5>\n<p><span style=\"color: #000000;\">Sind Sie auf der Suche nach einem LED-Blitz, den Sie beispielsweise in einen Scheinwerfer oder eine Scheinwerfer einbauen k\u00f6nnen, aber der Hidemish Einbaublitz in der Farbe Wei\u00df ist nicht das, was Sie suchen? Kein Problem. Diese Warnleuchte von AEB ist n\u00e4mlich auch in mehreren Ausf\u00fchrungen erh\u00e4ltlich. Sehen Sie sich hier direkt die anderen Optionen an:   <\/span><\/p>\n<ul>\n<li><span style=\"color: #000000;\"><a style=\"color: #000000;\" href=\"https:\/\/www.alldayled.com\/de\/produkt\/hidemish-led-inbouw-flitser-oranje\/\" target=\"_blank\" rel=\"noopener\"><strong>Einbau Blitz Lampe orange<\/strong><\/a><\/span><\/li>\n<li><span style=\"color: #000000;\"><a style=\"color: #000000;\" href=\"https:\/\/www.alldayled.com\/de\/produkt\/hidemish-led-inbouw-flitser-blauw\/\" target=\"_blank\" rel=\"noopener\"><strong>Einbau Blitz Lampe blau<\/strong><\/a><\/span><\/li>\n<li><span style=\"color: #000000;\"><a style=\"color: #000000;\" href=\"https:\/\/www.alldayled.com\/de\/produkt\/hidemish-led-inbouw-flitser-groen\/\" target=\"_blank\" rel=\"noopener\"><strong>Einbau Blitz Lampe gr\u00fcn<\/strong><\/a><\/span><\/li>\n<li><span style=\"color: #000000;\"><a style=\"color: #000000;\" href=\"https:\/\/www.alldayled.com\/de\/produkt\/hidemish-led-inbouw-flitser-rood\/\" target=\"_blank\" rel=\"noopener\"><strong>Einbau Blitz Lampe rot<\/strong><\/a><\/span><\/li>\n<\/ul>\n<p><span style=\"color: #000000;\">Sind Sie immer noch der Meinung, dass der Hidemish LED Einbaublitz WEISS der belgischen Marke AEB nicht ganz Ihren W\u00fcnschen entspricht? Vielleicht passen beispielsweise die Farbe, Ausf\u00fchrung oder Form einfach nicht zu Ihrem Fahrzeug. Sehen Sie sich dann hier das komplette <a style=\"color: #000000;\" href=\"https:\/\/www.alldayled.com\/de\/marke\/aeb\/\">AEB<\/a>-Sortiment an. Die Wahrscheinlichkeit ist gro\u00df, dass Sie dort das Modell finden, das perfekt zu dem passt, was Sie suchen.   <\/span><\/p>\n","protected":false},"excerpt":{"rendered":"<p>Kompakter Einbau Blitz wei\u00df mit 21 Mustern! Geeignet f\u00fcr 12 &amp; 24 volt. <\/p>\n","protected":false},"featured_media":27525,"comment_status":"open","ping_status":"closed","template":"","meta":{"_acf_changed":false},"product_brand":[5575],"product_cat":[5304],"product_tag":[9088,9094,9099,9097,9435,9089,9090,9091,9092,9436],"class_list":{"0":"post-66793","1":"product","2":"type-product","3":"status-publish","4":"has-post-thumbnail","6":"product_brand-aeb","7":"product_cat-flitser","8":"product_tag-led-blitz","9":"product_tag-led-blitz-auto","10":"product_tag-led-blitz-lkw","11":"product_tag-led-blitz-traktor","12":"product_tag-led-blitz-weis","13":"product_tag-led-taschenlampe-12-volt","14":"product_tag-led-taschenlampe-12v","15":"product_tag-led-taschenlampe-24-volt","16":"product_tag-led-taschenlampe-24v","17":"product_tag-scheinwerfer-blitz","19":"first","20":"instock","21":"taxable","22":"shipping-taxable","23":"purchasable","24":"product-type-simple"},"acf":[],"yoast_head":"<!-- This site is optimized with the Yoast SEO Premium plugin v26.5 (Yoast SEO v27.1.1) - https:\/\/yoast.com\/product\/yoast-seo-premium-wordpress\/ -->\n<title>Hidemish LED Hide-Away Blitz WEISS - All Day Led - geeignet f\u00fcr 12&amp;24 Volt<\/title>\n<meta name=\"description\" content=\"Hidemish LED Hide-Away Blitz WEISS - Hide-Away \/ Einbaumontage Ausf\u00fchrung - 21 Muster - mit 3,15 m Kabel und ECE R10 CISPR 25 Klasse 3 - 2 LED Punkte\" \/>\n<meta name=\"robots\" content=\"index, follow, max-snippet:-1, max-image-preview:large, max-video-preview:-1\" \/>\n<link rel=\"canonical\" href=\"https:\/\/www.alldayled.com\/de\/produkt\/hidemish-led-inbouw-flitser-wit\/\" \/>\n<meta property=\"og:locale\" content=\"de_DE\" \/>\n<meta property=\"og:type\" content=\"article\" \/>\n<meta property=\"og:title\" content=\"Hidemish LED Einbau Blitz WEISS - All Day Led - geeignet f\u00fcr 12&amp;24 Volt\" \/>\n<meta property=\"og:description\" content=\"Hidemish LED Einbau Blitz WEISS - Hide-Away \/ Einbaumontage Ausf\u00fchrung - 21 Muster - mit 3,15 m Kabel und ECE R10 CISPR 25 Klasse 3 - 2 LED Punkte\" \/>\n<meta property=\"og:url\" content=\"https:\/\/www.alldayled.com\/de\/produkt\/hidemish-led-inbouw-flitser-wit\/\" \/>\n<meta property=\"og:site_name\" content=\"All Day Led\" \/>\n<meta property=\"article:publisher\" content=\"https:\/\/www.facebook.com\/alldayled\/\" \/>\n<meta property=\"article:modified_time\" content=\"2025-12-13T01:02:37+00:00\" \/>\n<meta property=\"og:image\" content=\"https:\/\/www.alldayled.com\/wp-content\/uploads\/2024\/02\/ADL26315-CR-4.png\" \/>\n<meta name=\"twitter:label1\" content=\"Preis\" \/>\n\t<meta name=\"twitter:data1\" content=\"&euro;&nbsp;35,00\" \/>\n\t<meta name=\"twitter:label2\" content=\"Verf\u00fcgbarkeit\" \/>\n\t<meta name=\"twitter:data2\" content=\"Auf Lager\" \/>\n<script type=\"application\/ld+json\" class=\"yoast-schema-graph\">{\"@context\":\"https:\/\/schema.org\",\"@graph\":[{\"@type\":\"WebPage\",\"@id\":\"https:\/\/www.alldayled.com\/de\/produkt\/hidemish-led-inbouw-flitser-wit\/\",\"url\":\"https:\/\/www.alldayled.com\/de\/produkt\/hidemish-led-inbouw-flitser-wit\/\",\"name\":\"Hidemish LED Hide-Away Blitz WEISS - All Day Led - geeignet f\u00fcr 12&24 Volt\",\"isPartOf\":{\"@id\":\"https:\/\/www.alldayled.com\/de\/#website\"},\"primaryImageOfPage\":{\"@id\":\"https:\/\/www.alldayled.com\/de\/produkt\/hidemish-led-inbouw-flitser-wit\/#primaryimage\"},\"image\":{\"@id\":\"https:\/\/www.alldayled.com\/de\/produkt\/hidemish-led-inbouw-flitser-wit\/#primaryimage\"},\"thumbnailUrl\":\"https:\/\/www.alldayled.com\/wp-content\/uploads\/2024\/02\/ADL26315-CR.png\",\"datePublished\":\"2024-01-24T13:42:20+00:00\",\"dateModified\":\"2025-12-13T01:02:37+00:00\",\"description\":\"Hidemish LED Hide-Away Blitz WEISS - Hide-Away \/ Einbaumontage Ausf\u00fchrung - 21 Muster - mit 3,15 m Kabel und ECE R10 CISPR 25 Klasse 3 - 2 LED Punkte\",\"breadcrumb\":{\"@id\":\"https:\/\/www.alldayled.com\/de\/produkt\/hidemish-led-inbouw-flitser-wit\/#breadcrumb\"},\"inLanguage\":\"de\",\"potentialAction\":[{\"@type\":\"ReadAction\",\"target\":[\"https:\/\/www.alldayled.com\/de\/produkt\/hidemish-led-inbouw-flitser-wit\/\"]}]},{\"@type\":\"ImageObject\",\"inLanguage\":\"de\",\"@id\":\"https:\/\/www.alldayled.com\/de\/produkt\/hidemish-led-inbouw-flitser-wit\/#primaryimage\",\"url\":\"https:\/\/www.alldayled.com\/wp-content\/uploads\/2024\/02\/ADL26315-CR.png\",\"contentUrl\":\"https:\/\/www.alldayled.com\/wp-content\/uploads\/2024\/02\/ADL26315-CR.png\",\"width\":800,\"height\":600,\"caption\":\"Hidemish LED Einbau Blitz WEISS - LED Warnleuchte f\u00fcr 12 &amp; 24 volt Betrieb - Scheinwerfer Blitz WEISS - mit 3,15 m Kabel - AEB Belgium Produkt -\"},{\"@type\":\"BreadcrumbList\",\"@id\":\"https:\/\/www.alldayled.com\/de\/produkt\/hidemish-led-inbouw-flitser-wit\/#breadcrumb\",\"itemListElement\":[{\"@type\":\"ListItem\",\"position\":1,\"name\":\"Home\",\"item\":\"https:\/\/www.alldayled.com\/de\/\"},{\"@type\":\"ListItem\",\"position\":2,\"name\":\"Shop\",\"item\":\"https:\/\/www.alldayled.com\/de\/shop\/\"},{\"@type\":\"ListItem\",\"position\":3,\"name\":\"Warnleuchten\",\"item\":\"https:\/\/www.alldayled.com\/de\/produkt-kategorie\/blitzlichter\/\"},{\"@type\":\"ListItem\",\"position\":4,\"name\":\"Blitzer\",\"item\":\"https:\/\/www.alldayled.com\/de\/produkt-kategorie\/blitzlichter\/flitser\/\"},{\"@type\":\"ListItem\",\"position\":5,\"name\":\"Hidemish LED Hide-Away Blitz &#8211; wei\u00df\"}]},{\"@type\":\"WebSite\",\"@id\":\"https:\/\/www.alldayled.com\/de\/#website\",\"url\":\"https:\/\/www.alldayled.com\/de\/\",\"name\":\"All Day Led\",\"description\":\"Verlichting voor 12&amp;24 volt gebruik\",\"publisher\":{\"@id\":\"https:\/\/www.alldayled.com\/de\/#organization\"},\"potentialAction\":[{\"@type\":\"SearchAction\",\"target\":{\"@type\":\"EntryPoint\",\"urlTemplate\":\"https:\/\/www.alldayled.com\/de\/?s={search_term_string}\"},\"query-input\":{\"@type\":\"PropertyValueSpecification\",\"valueRequired\":true,\"valueName\":\"search_term_string\"}}],\"inLanguage\":\"de\"},{\"@type\":\"Organization\",\"@id\":\"https:\/\/www.alldayled.com\/de\/#organization\",\"name\":\"All Day Led\",\"url\":\"https:\/\/www.alldayled.com\/de\/\",\"logo\":{\"@type\":\"ImageObject\",\"inLanguage\":\"de\",\"@id\":\"https:\/\/www.alldayled.com\/de\/#\/schema\/logo\/image\/\",\"url\":\"https:\/\/www.alldayled.com\/wp-content\/uploads\/2025\/10\/Logo-ALL-DAY-LED-800x800-zwart-witte-letters.png\",\"contentUrl\":\"https:\/\/www.alldayled.com\/wp-content\/uploads\/2025\/10\/Logo-ALL-DAY-LED-800x800-zwart-witte-letters.png\",\"width\":800,\"height\":800,\"caption\":\"All Day Led\"},\"image\":{\"@id\":\"https:\/\/www.alldayled.com\/de\/#\/schema\/logo\/image\/\"},\"sameAs\":[\"https:\/\/www.facebook.com\/alldayled\/\",\"https:\/\/www.instagram.com\/alldayled\/\"],\"vatID\":\"NL863960133B01\",\"taxID\":\"86416545\"}]}<\/script>\n<meta property=\"product:brand\" content=\"AEB\" \/>\n<meta property=\"product:price:amount\" content=\"35.00\" \/>\n<meta property=\"product:price:currency\" content=\"EUR\" \/>\n<meta property=\"og:availability\" content=\"instock\" \/>\n<meta property=\"product:availability\" content=\"instock\" \/>\n<meta property=\"product:retailer_item_id\" content=\"ADL26315-CR\" \/>\n<meta property=\"product:condition\" content=\"new\" \/>\n<!-- \/ Yoast SEO Premium plugin. -->","yoast_head_json":{"title":"Hidemish LED Hide-Away Blitz WEISS - All Day Led - geeignet f\u00fcr 12&24 Volt","description":"Hidemish LED Hide-Away Blitz WEISS - Hide-Away \/ Einbaumontage Ausf\u00fchrung - 21 Muster - mit 3,15 m Kabel und ECE R10 CISPR 25 Klasse 3 - 2 LED Punkte","robots":{"index":"index","follow":"follow","max-snippet":"max-snippet:-1","max-image-preview":"max-image-preview:large","max-video-preview":"max-video-preview:-1"},"canonical":"https:\/\/www.alldayled.com\/de\/produkt\/hidemish-led-inbouw-flitser-wit\/","og_locale":"de_DE","og_type":"article","og_title":"Hidemish LED Einbau Blitz WEISS - All Day Led - geeignet f\u00fcr 12&24 Volt","og_description":"Hidemish LED Einbau Blitz WEISS - Hide-Away \/ Einbaumontage Ausf\u00fchrung - 21 Muster - mit 3,15 m Kabel und ECE R10 CISPR 25 Klasse 3 - 2 LED Punkte","og_url":"https:\/\/www.alldayled.com\/de\/produkt\/hidemish-led-inbouw-flitser-wit\/","og_site_name":"All Day Led","article_publisher":"https:\/\/www.facebook.com\/alldayled\/","article_modified_time":"2025-12-13T01:02:37+00:00","og_image":[{"url":"https:\/\/www.alldayled.com\/wp-content\/uploads\/2024\/02\/ADL26315-CR-4.png","type":"","width":"","height":""}],"twitter_misc":{"Preis":"&euro;&nbsp;35,00","Verf\u00fcgbarkeit":"Auf Lager"},"schema":{"@context":"https:\/\/schema.org","@graph":[{"@type":"WebPage","@id":"https:\/\/www.alldayled.com\/de\/produkt\/hidemish-led-inbouw-flitser-wit\/","url":"https:\/\/www.alldayled.com\/de\/produkt\/hidemish-led-inbouw-flitser-wit\/","name":"Hidemish LED Hide-Away Blitz WEISS - All Day Led - geeignet f\u00fcr 12&24 Volt","isPartOf":{"@id":"https:\/\/www.alldayled.com\/de\/#website"},"primaryImageOfPage":{"@id":"https:\/\/www.alldayled.com\/de\/produkt\/hidemish-led-inbouw-flitser-wit\/#primaryimage"},"image":{"@id":"https:\/\/www.alldayled.com\/de\/produkt\/hidemish-led-inbouw-flitser-wit\/#primaryimage"},"thumbnailUrl":"https:\/\/www.alldayled.com\/wp-content\/uploads\/2024\/02\/ADL26315-CR.png","datePublished":"2024-01-24T13:42:20+00:00","dateModified":"2025-12-13T01:02:37+00:00","description":"Hidemish LED Hide-Away Blitz WEISS - Hide-Away \/ Einbaumontage Ausf\u00fchrung - 21 Muster - mit 3,15 m Kabel und ECE R10 CISPR 25 Klasse 3 - 2 LED Punkte","breadcrumb":{"@id":"https:\/\/www.alldayled.com\/de\/produkt\/hidemish-led-inbouw-flitser-wit\/#breadcrumb"},"inLanguage":"de","potentialAction":[{"@type":"ReadAction","target":["https:\/\/www.alldayled.com\/de\/produkt\/hidemish-led-inbouw-flitser-wit\/"]}]},{"@type":"ImageObject","inLanguage":"de","@id":"https:\/\/www.alldayled.com\/de\/produkt\/hidemish-led-inbouw-flitser-wit\/#primaryimage","url":"https:\/\/www.alldayled.com\/wp-content\/uploads\/2024\/02\/ADL26315-CR.png","contentUrl":"https:\/\/www.alldayled.com\/wp-content\/uploads\/2024\/02\/ADL26315-CR.png","width":800,"height":600,"caption":"Hidemish LED Einbau Blitz WEISS - LED Warnleuchte f\u00fcr 12 &amp; 24 volt Betrieb - Scheinwerfer Blitz WEISS - mit 3,15 m Kabel - AEB Belgium Produkt -"},{"@type":"BreadcrumbList","@id":"https:\/\/www.alldayled.com\/de\/produkt\/hidemish-led-inbouw-flitser-wit\/#breadcrumb","itemListElement":[{"@type":"ListItem","position":1,"name":"Home","item":"https:\/\/www.alldayled.com\/de\/"},{"@type":"ListItem","position":2,"name":"Shop","item":"https:\/\/www.alldayled.com\/de\/shop\/"},{"@type":"ListItem","position":3,"name":"Warnleuchten","item":"https:\/\/www.alldayled.com\/de\/produkt-kategorie\/blitzlichter\/"},{"@type":"ListItem","position":4,"name":"Blitzer","item":"https:\/\/www.alldayled.com\/de\/produkt-kategorie\/blitzlichter\/flitser\/"},{"@type":"ListItem","position":5,"name":"Hidemish LED Hide-Away Blitz &#8211; wei\u00df"}]},{"@type":"WebSite","@id":"https:\/\/www.alldayled.com\/de\/#website","url":"https:\/\/www.alldayled.com\/de\/","name":"All Day Led","description":"Verlichting voor 12&amp;24 volt gebruik","publisher":{"@id":"https:\/\/www.alldayled.com\/de\/#organization"},"potentialAction":[{"@type":"SearchAction","target":{"@type":"EntryPoint","urlTemplate":"https:\/\/www.alldayled.com\/de\/?s={search_term_string}"},"query-input":{"@type":"PropertyValueSpecification","valueRequired":true,"valueName":"search_term_string"}}],"inLanguage":"de"},{"@type":"Organization","@id":"https:\/\/www.alldayled.com\/de\/#organization","name":"All Day Led","url":"https:\/\/www.alldayled.com\/de\/","logo":{"@type":"ImageObject","inLanguage":"de","@id":"https:\/\/www.alldayled.com\/de\/#\/schema\/logo\/image\/","url":"https:\/\/www.alldayled.com\/wp-content\/uploads\/2025\/10\/Logo-ALL-DAY-LED-800x800-zwart-witte-letters.png","contentUrl":"https:\/\/www.alldayled.com\/wp-content\/uploads\/2025\/10\/Logo-ALL-DAY-LED-800x800-zwart-witte-letters.png","width":800,"height":800,"caption":"All Day Led"},"image":{"@id":"https:\/\/www.alldayled.com\/de\/#\/schema\/logo\/image\/"},"sameAs":["https:\/\/www.facebook.com\/alldayled\/","https:\/\/www.instagram.com\/alldayled\/"],"vatID":"NL863960133B01","taxID":"86416545"}]},"product_brand":"AEB","product_price_amount":"35.00","product_price_currency":"EUR","og_availability":"instock","product_availability":"instock","product_retailer_item_id":"ADL26315-CR","product_condition":"new"},"_links":{"self":[{"href":"https:\/\/www.alldayled.com\/de\/wp-json\/wp\/v2\/product\/66793","targetHints":{"allow":["GET"]}}],"collection":[{"href":"https:\/\/www.alldayled.com\/de\/wp-json\/wp\/v2\/product"}],"about":[{"href":"https:\/\/www.alldayled.com\/de\/wp-json\/wp\/v2\/types\/product"}],"replies":[{"embeddable":true,"href":"https:\/\/www.alldayled.com\/de\/wp-json\/wp\/v2\/comments?post=66793"}],"wp:featuredmedia":[{"embeddable":true,"href":"https:\/\/www.alldayled.com\/de\/wp-json\/wp\/v2\/media\/27525"}],"wp:attachment":[{"href":"https:\/\/www.alldayled.com\/de\/wp-json\/wp\/v2\/media?parent=66793"}],"wp:term":[{"taxonomy":"product_brand","embeddable":true,"href":"https:\/\/www.alldayled.com\/de\/wp-json\/wp\/v2\/product_brand?post=66793"},{"taxonomy":"product_cat","embeddable":true,"href":"https:\/\/www.alldayled.com\/de\/wp-json\/wp\/v2\/product_cat?post=66793"},{"taxonomy":"product_tag","embeddable":true,"href":"https:\/\/www.alldayled.com\/de\/wp-json\/wp\/v2\/product_tag?post=66793"}],"curies":[{"name":"wp","href":"https:\/\/api.w.org\/{rel}","templated":true}]}}