{"id":66794,"date":"2025-02-23T11:35:36","date_gmt":"2025-02-23T10:35:36","guid":{"rendered":"https:\/\/www.alldayled.com\/product\/strands-big-energy-zwaailamp-xl-oranje\/"},"modified":"2026-04-13T12:27:59","modified_gmt":"2026-04-13T10:27:59","slug":"strands-big-energy-zwaailamp-xl-oranje","status":"publish","type":"product","link":"https:\/\/www.alldayled.com\/de\/produkt\/strands-big-energy-zwaailamp-xl-oranje\/","title":{"rendered":"Strands Big Energy Rundumleuchte XL &#8211; ORANGE"},"content":{"rendered":"<p><span style=\"color: #000000;\"><strong>Strands BIG ENERGY Rundumleuchte XL ORANGE, f\u00fcr 12 &amp; 24 Volt Betrieb. <\/strong><\/span><\/p>\n<p><span style=\"color: #000000;\">Suchst du eine Rundumleuchte, die gut aussieht und auch lange h\u00e4lt? Dann bist du mit der Strands Big Energy Rundumleuchte XL ORANGE genau richtig. Diese Rundumleuchte ist f\u00fcr den professionellen Einsatz gemacht. Mit ihren drei Warnfunktionen: rotierend, einfach blinkend und doppelt blinkend, sorgst du daf\u00fcr, dass du immer gut sichtbar bist. Egal ob du am Stra\u00dfenrand stehst, auf einer Baustelle arbeitest oder einfach nur zus\u00e4tzliche Aufmerksamkeit im Verkehr erregen m\u00f6chtest.    <\/span><\/p>\n<p><span style=\"color: #000000;\">Die Strands Big Energy Rundumleuchte XL ORANGE ist mit 24 leistungsstarken bernsteinfarbenen LED&#8217;s ausgestattet, kombiniert mit einer klaren orangefarbenen Linsenkappe. Das Ergebnis? Helle und deutliche Lichtsignale, die von allen Seiten sichtbar sind, tags\u00fcber und nachts. Die robuste Polycarbonat-Linse und der ABS-Fu\u00df machen diese Leuchte zudem widerstandsf\u00e4hig gegen raue Bedingungen wie Regen, K\u00e4lte und Staub. Da sie mit 12 und 24 Volt betrieben wird, ist diese BIG ENERGY ROTATING BEACON XL ORANGE ideal f\u00fcr LKWs, Anh\u00e4nger, Landwirtschaftsfahrzeuge und andere Arbeitsger\u00e4te. Mit einem offiziellen ECE R65 Pr\u00fcfzeichen darfst du sie als Warnleuchte im \u00f6ffentlichen Stra\u00dfenverkehr verwenden. Das R10-Pr\u00fcfzeichen stellt sicher, dass du keine St\u00f6rungen an Radio oder Bordelektronik erh\u00e4ltst.      <\/span><\/p>\n<h5><span style=\"color: #000000;\"><strong>Abmessungen:<\/strong><\/span><\/h5>\n<p><span style=\"color: #000000;\">Um sicherzustellen, dass du die LED Rundumleuchte montieren kannst, wo du m\u00f6chtest, haben wir unten die Abmessungen notiert. Die Abmessungen der Strands Big Energy Rundumleuchte sind wie folgt: <\/span><\/p>\n<ul>\n<li><span style=\"color: #000000;\">H\u00f6he: 190 mm<\/span><\/li>\n<li><span style=\"color: #000000;\">Durchmesser: 140 mm<\/span><\/li>\n<li><span style=\"color: #000000;\">Lochabstand: 110 mm<\/span><\/li>\n<\/ul>\n<h5><span style=\"color: #000000;\"><strong>Andere Versionen: <\/strong><\/span><\/h5>\n<p><span style=\"color: #000000;\">M\u00f6chtest du eine LED Rundumleuchte der Marke Strands kaufen, aber die Ausf\u00fchrung mit orangefarbenem Glas ist nicht das, was du suchst? Dann beachte, dass die BIG ENERGY Rotating Beacon XL ORANGE der Marke Strands auch in den folgenden Ausf\u00fchrungen erh\u00e4ltlich ist:  <\/span><\/p>\n<ul>\n<li><a href=\"https:\/\/www.alldayled.com\/nl\/product\/strands-big-energy-zwaailamp-xl-helder\/\"><span style=\"color: #000000;\"><strong>Strands BIG ENERGY Rundumleuchte XL KLAR<\/strong><\/span><\/a><\/li>\n<\/ul>\n<p><span style=\"color: #000000;\">Ist diese Strands Big Energy Rundumleuchte XL ORANGE nicht genau das, was du dir vorgestellt hast? Vielleicht suchst du eine andere Farbe, Form oder Wattage. Kein Problem, dann wirf gerne einen Blick auf das komplette Angebot von <g id=\"gid_0\">Strands<\/g>. Die Chancen stehen gut, dass dort die passende Rundumleuchte f\u00fcr dein Fahrzeug dabei ist.   <\/span><\/p>\n","protected":false},"excerpt":{"rendered":"<p>Strands BIG ENERGY Rundumleuchte XL, geeignet f\u00fcr 12 &amp; 24 Volt Betrieb.<\/p>\n","protected":false},"featured_media":34593,"comment_status":"open","ping_status":"closed","template":"","meta":{"_acf_changed":false},"product_brand":[5114],"product_cat":[5308],"product_tag":[],"class_list":{"0":"post-66794","1":"product","2":"type-product","3":"status-publish","4":"has-post-thumbnail","6":"product_brand-product-strands-lighting-division","7":"product_cat-zwaailamp","9":"first","10":"instock","11":"taxable","12":"shipping-taxable","13":"purchasable","14":"product-type-simple"},"acf":[],"yoast_head":"<!-- This site is optimized with the Yoast SEO Premium plugin v26.5 (Yoast SEO v27.1.1) - https:\/\/yoast.com\/product\/yoast-seo-premium-wordpress\/ -->\n<title>Strands Big Energy Rundumleuchte XL ORANGE - All Day Led - 12&amp;24V<\/title>\n<meta name=\"description\" content=\"Strands Big Energy Rundumleuchte XL ORANGE - ECE R65 Zulassung- 12&amp;24 volt - LED Rundumleuchte - Auto, LKW, Traktor und mehr - mit 24 LED&#039;s\" \/>\n<meta name=\"robots\" content=\"index, follow, max-snippet:-1, max-image-preview:large, max-video-preview:-1\" \/>\n<link rel=\"canonical\" href=\"https:\/\/www.alldayled.com\/de\/produkt\/strands-big-energy-zwaailamp-xl-oranje\/\" \/>\n<meta property=\"og:locale\" content=\"de_DE\" \/>\n<meta property=\"og:type\" content=\"article\" \/>\n<meta property=\"og:title\" content=\"Strands Big Energy Rundumleuchte XL ORANGE - All Day Led - 12&amp;24V\" \/>\n<meta property=\"og:description\" content=\"Strands Big Energy Rundumleuchte XL ORANGE - ECE R65 Zulassung- 12&amp;24 volt - LED Rundumleuchte - Auto, LKW, Traktor und mehr - mit 24 LED&#039;s\" \/>\n<meta property=\"og:url\" content=\"https:\/\/www.alldayled.com\/de\/produkt\/strands-big-energy-zwaailamp-xl-oranje\/\" \/>\n<meta property=\"og:site_name\" content=\"All Day Led\" \/>\n<meta property=\"article:publisher\" content=\"https:\/\/www.facebook.com\/alldayled\/\" \/>\n<meta property=\"article:modified_time\" content=\"2026-04-13T10:27:59+00:00\" \/>\n<meta property=\"og:image\" content=\"https:\/\/www.alldayled.com\/wp-content\/uploads\/2025\/04\/ADL850972-SM-300x300.png\" \/>\n<meta name=\"twitter:label1\" content=\"Preis\" \/>\n\t<meta name=\"twitter:data1\" content=\"&euro;&nbsp;69,00\" \/>\n\t<meta name=\"twitter:label2\" content=\"Verf\u00fcgbarkeit\" \/>\n\t<meta name=\"twitter:data2\" content=\"Auf Lager\" \/>\n<script type=\"application\/ld+json\" class=\"yoast-schema-graph\">{\"@context\":\"https:\/\/schema.org\",\"@graph\":[{\"@type\":\"WebPage\",\"@id\":\"https:\/\/www.alldayled.com\/de\/produkt\/strands-big-energy-zwaailamp-xl-oranje\/\",\"url\":\"https:\/\/www.alldayled.com\/de\/produkt\/strands-big-energy-zwaailamp-xl-oranje\/\",\"name\":\"Strands Big Energy Rundumleuchte XL ORANGE - All Day Led - 12&24V\",\"isPartOf\":{\"@id\":\"https:\/\/www.alldayled.com\/de\/#website\"},\"primaryImageOfPage\":{\"@id\":\"https:\/\/www.alldayled.com\/de\/produkt\/strands-big-energy-zwaailamp-xl-oranje\/#primaryimage\"},\"image\":{\"@id\":\"https:\/\/www.alldayled.com\/de\/produkt\/strands-big-energy-zwaailamp-xl-oranje\/#primaryimage\"},\"thumbnailUrl\":\"https:\/\/www.alldayled.com\/wp-content\/uploads\/2025\/02\/ADL850972-6.png\",\"datePublished\":\"2025-02-23T10:35:36+00:00\",\"dateModified\":\"2026-04-13T10:27:59+00:00\",\"description\":\"Strands Big Energy Rundumleuchte XL ORANGE - ECE R65 Zulassung- 12&24 volt - LED Rundumleuchte - Auto, LKW, Traktor und mehr - mit 24 LED's\",\"breadcrumb\":{\"@id\":\"https:\/\/www.alldayled.com\/de\/produkt\/strands-big-energy-zwaailamp-xl-oranje\/#breadcrumb\"},\"inLanguage\":\"de\",\"potentialAction\":[{\"@type\":\"ReadAction\",\"target\":[\"https:\/\/www.alldayled.com\/de\/produkt\/strands-big-energy-zwaailamp-xl-oranje\/\"]}]},{\"@type\":\"ImageObject\",\"inLanguage\":\"de\",\"@id\":\"https:\/\/www.alldayled.com\/de\/produkt\/strands-big-energy-zwaailamp-xl-oranje\/#primaryimage\",\"url\":\"https:\/\/www.alldayled.com\/wp-content\/uploads\/2025\/02\/ADL850972-6.png\",\"contentUrl\":\"https:\/\/www.alldayled.com\/wp-content\/uploads\/2025\/02\/ADL850972-6.png\",\"width\":800,\"height\":600,\"caption\":\"Big Energy Rundumleuchte XL ORANGE - ECE R65 Zulassung - 12&amp;24 volt - 24 LED's - Strands 850972\"},{\"@type\":\"BreadcrumbList\",\"@id\":\"https:\/\/www.alldayled.com\/de\/produkt\/strands-big-energy-zwaailamp-xl-oranje\/#breadcrumb\",\"itemListElement\":[{\"@type\":\"ListItem\",\"position\":1,\"name\":\"Home\",\"item\":\"https:\/\/www.alldayled.com\/de\/\"},{\"@type\":\"ListItem\",\"position\":2,\"name\":\"Shop\",\"item\":\"https:\/\/www.alldayled.com\/de\/shop\/\"},{\"@type\":\"ListItem\",\"position\":3,\"name\":\"Warnleuchten\",\"item\":\"https:\/\/www.alldayled.com\/de\/produkt-kategorie\/blitzlichter\/\"},{\"@type\":\"ListItem\",\"position\":4,\"name\":\"Rundumleuchte\",\"item\":\"https:\/\/www.alldayled.com\/de\/produkt-kategorie\/blitzlichter\/zwaailamp\/\"},{\"@type\":\"ListItem\",\"position\":5,\"name\":\"Strands Big Energy Rundumleuchte XL &#8211; ORANGE\"}]},{\"@type\":\"WebSite\",\"@id\":\"https:\/\/www.alldayled.com\/de\/#website\",\"url\":\"https:\/\/www.alldayled.com\/de\/\",\"name\":\"All Day Led\",\"description\":\"Verlichting voor 12&amp;24 volt gebruik\",\"publisher\":{\"@id\":\"https:\/\/www.alldayled.com\/de\/#organization\"},\"potentialAction\":[{\"@type\":\"SearchAction\",\"target\":{\"@type\":\"EntryPoint\",\"urlTemplate\":\"https:\/\/www.alldayled.com\/de\/?s={search_term_string}\"},\"query-input\":{\"@type\":\"PropertyValueSpecification\",\"valueRequired\":true,\"valueName\":\"search_term_string\"}}],\"inLanguage\":\"de\"},{\"@type\":\"Organization\",\"@id\":\"https:\/\/www.alldayled.com\/de\/#organization\",\"name\":\"All Day Led\",\"url\":\"https:\/\/www.alldayled.com\/de\/\",\"logo\":{\"@type\":\"ImageObject\",\"inLanguage\":\"de\",\"@id\":\"https:\/\/www.alldayled.com\/de\/#\/schema\/logo\/image\/\",\"url\":\"https:\/\/www.alldayled.com\/wp-content\/uploads\/2025\/10\/Logo-ALL-DAY-LED-800x800-zwart-witte-letters.png\",\"contentUrl\":\"https:\/\/www.alldayled.com\/wp-content\/uploads\/2025\/10\/Logo-ALL-DAY-LED-800x800-zwart-witte-letters.png\",\"width\":800,\"height\":800,\"caption\":\"All Day Led\"},\"image\":{\"@id\":\"https:\/\/www.alldayled.com\/de\/#\/schema\/logo\/image\/\"},\"sameAs\":[\"https:\/\/www.facebook.com\/alldayled\/\",\"https:\/\/www.instagram.com\/alldayled\/\"],\"vatID\":\"NL863960133B01\",\"taxID\":\"86416545\"}]}<\/script>\n<meta property=\"product:brand\" content=\"Strands\" \/>\n<meta property=\"product:price:amount\" content=\"69.00\" \/>\n<meta property=\"product:price:currency\" content=\"EUR\" \/>\n<meta property=\"og:availability\" content=\"instock\" \/>\n<meta property=\"product:availability\" content=\"instock\" \/>\n<meta property=\"product:retailer_item_id\" content=\"ADL850972\" \/>\n<meta property=\"product:condition\" content=\"new\" \/>\n<!-- \/ Yoast SEO Premium plugin. -->","yoast_head_json":{"title":"Strands Big Energy Rundumleuchte XL ORANGE - All Day Led - 12&24V","description":"Strands Big Energy Rundumleuchte XL ORANGE - ECE R65 Zulassung- 12&24 volt - LED Rundumleuchte - Auto, LKW, Traktor und mehr - mit 24 LED's","robots":{"index":"index","follow":"follow","max-snippet":"max-snippet:-1","max-image-preview":"max-image-preview:large","max-video-preview":"max-video-preview:-1"},"canonical":"https:\/\/www.alldayled.com\/de\/produkt\/strands-big-energy-zwaailamp-xl-oranje\/","og_locale":"de_DE","og_type":"article","og_title":"Strands Big Energy Rundumleuchte XL ORANGE - All Day Led - 12&24V","og_description":"Strands Big Energy Rundumleuchte XL ORANGE - ECE R65 Zulassung- 12&24 volt - LED Rundumleuchte - Auto, LKW, Traktor und mehr - mit 24 LED's","og_url":"https:\/\/www.alldayled.com\/de\/produkt\/strands-big-energy-zwaailamp-xl-oranje\/","og_site_name":"All Day Led","article_publisher":"https:\/\/www.facebook.com\/alldayled\/","article_modified_time":"2026-04-13T10:27:59+00:00","og_image":[{"url":"https:\/\/www.alldayled.com\/wp-content\/uploads\/2025\/04\/ADL850972-SM-300x300.png","type":"","width":"","height":""}],"twitter_misc":{"Preis":"&euro;&nbsp;69,00","Verf\u00fcgbarkeit":"Auf Lager"},"schema":{"@context":"https:\/\/schema.org","@graph":[{"@type":"WebPage","@id":"https:\/\/www.alldayled.com\/de\/produkt\/strands-big-energy-zwaailamp-xl-oranje\/","url":"https:\/\/www.alldayled.com\/de\/produkt\/strands-big-energy-zwaailamp-xl-oranje\/","name":"Strands Big Energy Rundumleuchte XL ORANGE - All Day Led - 12&24V","isPartOf":{"@id":"https:\/\/www.alldayled.com\/de\/#website"},"primaryImageOfPage":{"@id":"https:\/\/www.alldayled.com\/de\/produkt\/strands-big-energy-zwaailamp-xl-oranje\/#primaryimage"},"image":{"@id":"https:\/\/www.alldayled.com\/de\/produkt\/strands-big-energy-zwaailamp-xl-oranje\/#primaryimage"},"thumbnailUrl":"https:\/\/www.alldayled.com\/wp-content\/uploads\/2025\/02\/ADL850972-6.png","datePublished":"2025-02-23T10:35:36+00:00","dateModified":"2026-04-13T10:27:59+00:00","description":"Strands Big Energy Rundumleuchte XL ORANGE - ECE R65 Zulassung- 12&24 volt - LED Rundumleuchte - Auto, LKW, Traktor und mehr - mit 24 LED's","breadcrumb":{"@id":"https:\/\/www.alldayled.com\/de\/produkt\/strands-big-energy-zwaailamp-xl-oranje\/#breadcrumb"},"inLanguage":"de","potentialAction":[{"@type":"ReadAction","target":["https:\/\/www.alldayled.com\/de\/produkt\/strands-big-energy-zwaailamp-xl-oranje\/"]}]},{"@type":"ImageObject","inLanguage":"de","@id":"https:\/\/www.alldayled.com\/de\/produkt\/strands-big-energy-zwaailamp-xl-oranje\/#primaryimage","url":"https:\/\/www.alldayled.com\/wp-content\/uploads\/2025\/02\/ADL850972-6.png","contentUrl":"https:\/\/www.alldayled.com\/wp-content\/uploads\/2025\/02\/ADL850972-6.png","width":800,"height":600,"caption":"Big Energy Rundumleuchte XL ORANGE - ECE R65 Zulassung - 12&amp;24 volt - 24 LED's - Strands 850972"},{"@type":"BreadcrumbList","@id":"https:\/\/www.alldayled.com\/de\/produkt\/strands-big-energy-zwaailamp-xl-oranje\/#breadcrumb","itemListElement":[{"@type":"ListItem","position":1,"name":"Home","item":"https:\/\/www.alldayled.com\/de\/"},{"@type":"ListItem","position":2,"name":"Shop","item":"https:\/\/www.alldayled.com\/de\/shop\/"},{"@type":"ListItem","position":3,"name":"Warnleuchten","item":"https:\/\/www.alldayled.com\/de\/produkt-kategorie\/blitzlichter\/"},{"@type":"ListItem","position":4,"name":"Rundumleuchte","item":"https:\/\/www.alldayled.com\/de\/produkt-kategorie\/blitzlichter\/zwaailamp\/"},{"@type":"ListItem","position":5,"name":"Strands Big Energy Rundumleuchte XL &#8211; ORANGE"}]},{"@type":"WebSite","@id":"https:\/\/www.alldayled.com\/de\/#website","url":"https:\/\/www.alldayled.com\/de\/","name":"All Day Led","description":"Verlichting voor 12&amp;24 volt gebruik","publisher":{"@id":"https:\/\/www.alldayled.com\/de\/#organization"},"potentialAction":[{"@type":"SearchAction","target":{"@type":"EntryPoint","urlTemplate":"https:\/\/www.alldayled.com\/de\/?s={search_term_string}"},"query-input":{"@type":"PropertyValueSpecification","valueRequired":true,"valueName":"search_term_string"}}],"inLanguage":"de"},{"@type":"Organization","@id":"https:\/\/www.alldayled.com\/de\/#organization","name":"All Day Led","url":"https:\/\/www.alldayled.com\/de\/","logo":{"@type":"ImageObject","inLanguage":"de","@id":"https:\/\/www.alldayled.com\/de\/#\/schema\/logo\/image\/","url":"https:\/\/www.alldayled.com\/wp-content\/uploads\/2025\/10\/Logo-ALL-DAY-LED-800x800-zwart-witte-letters.png","contentUrl":"https:\/\/www.alldayled.com\/wp-content\/uploads\/2025\/10\/Logo-ALL-DAY-LED-800x800-zwart-witte-letters.png","width":800,"height":800,"caption":"All Day Led"},"image":{"@id":"https:\/\/www.alldayled.com\/de\/#\/schema\/logo\/image\/"},"sameAs":["https:\/\/www.facebook.com\/alldayled\/","https:\/\/www.instagram.com\/alldayled\/"],"vatID":"NL863960133B01","taxID":"86416545"}]},"product_brand":"Strands","product_price_amount":"69.00","product_price_currency":"EUR","og_availability":"instock","product_availability":"instock","product_retailer_item_id":"ADL850972","product_condition":"new"},"_links":{"self":[{"href":"https:\/\/www.alldayled.com\/de\/wp-json\/wp\/v2\/product\/66794","targetHints":{"allow":["GET"]}}],"collection":[{"href":"https:\/\/www.alldayled.com\/de\/wp-json\/wp\/v2\/product"}],"about":[{"href":"https:\/\/www.alldayled.com\/de\/wp-json\/wp\/v2\/types\/product"}],"replies":[{"embeddable":true,"href":"https:\/\/www.alldayled.com\/de\/wp-json\/wp\/v2\/comments?post=66794"}],"wp:featuredmedia":[{"embeddable":true,"href":"https:\/\/www.alldayled.com\/de\/wp-json\/wp\/v2\/media\/34593"}],"wp:attachment":[{"href":"https:\/\/www.alldayled.com\/de\/wp-json\/wp\/v2\/media?parent=66794"}],"wp:term":[{"taxonomy":"product_brand","embeddable":true,"href":"https:\/\/www.alldayled.com\/de\/wp-json\/wp\/v2\/product_brand?post=66794"},{"taxonomy":"product_cat","embeddable":true,"href":"https:\/\/www.alldayled.com\/de\/wp-json\/wp\/v2\/product_cat?post=66794"},{"taxonomy":"product_tag","embeddable":true,"href":"https:\/\/www.alldayled.com\/de\/wp-json\/wp\/v2\/product_tag?post=66794"}],"curies":[{"name":"wp","href":"https:\/\/api.w.org\/{rel}","templated":true}]}}