{"id":66804,"date":"2024-01-24T13:53:42","date_gmt":"2024-01-24T12:53:42","guid":{"rendered":"https:\/\/www.alldayled.com\/product\/hidemish-led-inbouw-flitser-groen\/"},"modified":"2025-11-29T19:16:46","modified_gmt":"2025-11-29T18:16:46","slug":"hidemish-led-inbouw-flitser-groen","status":"publish","type":"product","link":"https:\/\/www.alldayled.com\/de\/produkt\/hidemish-led-inbouw-flitser-groen\/","title":{"rendered":"Hidemish LED Hide-Away Blitz &#8211; gr\u00fcn"},"content":{"rendered":"<p><span style=\"color: #000000;\"><strong>Hidemish LED Einbau-Blitzleuchte gr\u00fcn. <\/strong><\/span><\/p>\n<p><span style=\"color: #000000;\">Suchst du eine kompakte LED-Blitzleuchte, die du fast \u00fcberall montieren kannst? Dann ist die Hidemish LED Einbau-Blitzleuchte mit 21 Blitzmustern wahrscheinlich genau das, was du suchst. Dank des 12\/24V-Anschlusses kannst du diese gr\u00fcne Warnleuchte problemlos in deinem Auto, LKW, Anh\u00e4nger oder jedem anderen Fahrzeug verwenden. Die Blitzleuchte wird mit 3,15 Metern Kabel geliefert und ist am Kopf mit einer 3M-Klebefl\u00e4che versehen, damit du sie schnell und sauber befestigen kannst.   <\/span><\/p>\n<p><span style=\"color: #000000;\">Nat\u00fcrlich m\u00f6chtest du sicherstellen, dass die Hidemish LED Einbau-Blitzleuchte GR\u00dcN f\u00fcr deine Anwendung geeignet ist. Deshalb haben wir dir die wichtigsten Merkmale unten zusammengefasst. Das Modul enth\u00e4lt 2 leistungsstarke LED-Punkte und ist mit dem ECE R10 Pr\u00fcfzeichen versehen, was bedeutet, dass es keine St\u00f6rungen deines Radiosignals verursacht. Dank der 3,15 Meter Kabell\u00e4nge und der integrierten Speicherfunktion funktioniert die Blitzleuchte immer schnell, zuverl\u00e4ssig und genau so, wie du es m\u00f6chtest.   <\/span><\/p>\n<h5><span style=\"color: #000000;\"><strong>Abmessungen:<\/strong><\/span><\/h5>\n<p><span style=\"color: #000000;\">M\u00f6chtest du vorher sicherstellen, dass du die Einbau-Blitzleuchte dort anbringen kannst, wo du sie m\u00f6chtest? Unten findest du deshalb die genauen Abmessungen der Hidemish LED Einbau-Blitzleuchte GR\u00dcN: <\/span><\/p>\n<ul>\n<li><span style=\"color: #000000;\">Durchmesser Lampe: 13 mm<\/span><\/li>\n<li><span style=\"color: #000000;\">Breite: 25 mm<\/span><\/li>\n<li><span style=\"color: #000000;\">H\u00f6he: 33 mm<br \/>\n<\/span><\/li>\n<\/ul>\n<h5><span style=\"color: #000000;\"><strong>Andere Farben:<\/strong><\/span><\/h5>\n<p><span style=\"color: #000000;\">Suchst du eine LED-Blitzleuchte, die du zum Beispiel in einen Scheinwerfer oder eine Hauptscheinwerfer einbauen kannst, aber die Hidemish Einbau-Blitzleuchte in Gr\u00fcn ist nicht das, was du suchst? Kein Problem. Diese Warnleuchte von AEB ist n\u00e4mlich auch in mehreren Ausf\u00fchrungen erh\u00e4ltlich. Sieh dir hier direkt die anderen Optionen an:   <\/span><\/p>\n<ul>\n<li><span style=\"color: #000000;\"><a style=\"color: #000000;\" href=\"https:\/\/www.alldayled.com\/de\/produkt\/hidemish-led-inbouw-flitser-oranje\/\" target=\"_blank\" rel=\"noopener\"><strong>Einbau-Blitzleuchte orange <\/strong><\/a><\/span><\/li>\n<li><span style=\"color: #000000;\"><a style=\"color: #000000;\" href=\"https:\/\/www.alldayled.com\/de\/produkt\/hidemish-led-inbouw-flitser-blauw\/\" target=\"_blank\" rel=\"noopener\"><strong>Einbau-Blitzleuchte blau <\/strong><\/a><\/span><\/li>\n<li><span style=\"color: #000000;\"><a style=\"color: #000000;\" href=\"https:\/\/www.alldayled.com\/de\/produkt\/hidemish-led-inbouw-flitser-rood\/\" target=\"_blank\" rel=\"noopener\"><strong>Einbau-Blitzleuchte rot <\/strong><\/a><\/span><\/li>\n<li><span style=\"color: #000000;\"><a style=\"color: #000000;\" href=\"https:\/\/www.alldayled.com\/de\/produkt\/hidemish-led-inbouw-flitser-wit\/\" target=\"_blank\" rel=\"noopener\"><strong>Einbau-Blitzleuchte wei\u00df <\/strong><\/a><\/span><\/li>\n<\/ul>\n<p><span style=\"color: #000000;\">Bist du immer noch der Meinung, dass die Hidemish LED Einbau-Blitzleuchte GR\u00dcN <\/span><span style=\"color: #000000;\">der belgischen Marke AEB nicht ganz deinen W\u00fcnschen entspricht? Vielleicht passen zum Beispiel die Farbe, Ausf\u00fchrung oder Form einfach nicht zu deinem Fahrzeug. Dann sieh dir hier das komplette <a style=\"color: #000000;\" href=\"https:\/\/www.alldayled.com\/de\/marke\/aeb\/\">AEB<\/a>-Sortiment an. Es besteht eine gute Chance, dass du dort das Modell findest, das perfekt zu dem passt, was du suchst.<\/span><\/p>\n","protected":false},"excerpt":{"rendered":"<p>Kompakte Einbau-Blitzleuchte gr\u00fcn mit 21 Mustern! Geeignet f\u00fcr 12 &amp; 24 Volt. <\/p>\n","protected":false},"featured_media":27093,"comment_status":"open","ping_status":"closed","template":"","meta":{"_acf_changed":false},"product_brand":[5575],"product_cat":[5304],"product_tag":[9088,9094,9099,9097,9089,9090,9091,9092,9436],"class_list":{"0":"post-66804","1":"product","2":"type-product","3":"status-publish","4":"has-post-thumbnail","6":"product_brand-aeb","7":"product_cat-flitser","8":"product_tag-led-blitz","9":"product_tag-led-blitz-auto","10":"product_tag-led-blitz-lkw","11":"product_tag-led-blitz-traktor","12":"product_tag-led-taschenlampe-12-volt","13":"product_tag-led-taschenlampe-12v","14":"product_tag-led-taschenlampe-24-volt","15":"product_tag-led-taschenlampe-24v","16":"product_tag-scheinwerfer-blitz","18":"first","19":"instock","20":"taxable","21":"shipping-taxable","22":"purchasable","23":"product-type-simple"},"acf":[],"yoast_head":"<!-- This site is optimized with the Yoast SEO Premium plugin v26.5 (Yoast SEO v27.1.1) - https:\/\/yoast.com\/product\/yoast-seo-premium-wordpress\/ -->\n<title>Hidemish LED Hide-Away Blitz GR\u00dcN - All Day Led - geeignet f\u00fcr 12&amp;24 V<\/title>\n<meta name=\"description\" content=\"Hidemish LED Hide-Away Blitz GR\u00dcN - 21 Muster - Hide-Away \/ Einbaumontage-Ausf\u00fchrung - Blitzleuchte mit 3,15m Kabel und ECE R10 CISPR 25 Klasse 3\" \/>\n<meta name=\"robots\" content=\"index, follow, max-snippet:-1, max-image-preview:large, max-video-preview:-1\" \/>\n<link rel=\"canonical\" href=\"https:\/\/www.alldayled.com\/de\/produkt\/hidemish-led-inbouw-flitser-groen\/\" \/>\n<meta property=\"og:locale\" content=\"de_DE\" \/>\n<meta property=\"og:type\" content=\"article\" \/>\n<meta property=\"og:title\" content=\"Hidemish LED Einbau-Blitzleuchte GR\u00dcN - All Day Led - geeignet f\u00fcr 12&amp;24 V\" \/>\n<meta property=\"og:description\" content=\"Hidemish LED Einbau-Blitzleuchte GR\u00dcN - 21 Muster - Hide-Away \/ Einbaumontage-Ausf\u00fchrung - Blitzleuchte mit 3,15m Kabel und ECE R10 CISPR 25 Klasse 3\" \/>\n<meta property=\"og:url\" content=\"https:\/\/www.alldayled.com\/de\/produkt\/hidemish-led-inbouw-flitser-groen\/\" \/>\n<meta property=\"og:site_name\" content=\"All Day Led\" \/>\n<meta property=\"article:publisher\" content=\"https:\/\/www.facebook.com\/alldayled\/\" \/>\n<meta property=\"article:modified_time\" content=\"2025-11-29T18:16:46+00:00\" \/>\n<meta property=\"og:image\" content=\"https:\/\/www.alldayled.com\/wp-content\/uploads\/2024\/01\/ADL26315-GR.png\" \/>\n\t<meta property=\"og:image:width\" content=\"800\" \/>\n\t<meta property=\"og:image:height\" content=\"600\" \/>\n\t<meta property=\"og:image:type\" content=\"image\/png\" \/>\n<meta name=\"twitter:label1\" content=\"Preis\" \/>\n\t<meta name=\"twitter:data1\" content=\"&euro;&nbsp;35,00\" \/>\n\t<meta name=\"twitter:label2\" content=\"Verf\u00fcgbarkeit\" \/>\n\t<meta name=\"twitter:data2\" content=\"Auf Lager\" \/>\n<script type=\"application\/ld+json\" class=\"yoast-schema-graph\">{\"@context\":\"https:\/\/schema.org\",\"@graph\":[{\"@type\":\"WebPage\",\"@id\":\"https:\/\/www.alldayled.com\/de\/produkt\/hidemish-led-inbouw-flitser-groen\/\",\"url\":\"https:\/\/www.alldayled.com\/de\/produkt\/hidemish-led-inbouw-flitser-groen\/\",\"name\":\"Hidemish LED Hide-Away Blitz GR\u00dcN - All Day Led - geeignet f\u00fcr 12&24 V\",\"isPartOf\":{\"@id\":\"https:\/\/www.alldayled.com\/de\/#website\"},\"primaryImageOfPage\":{\"@id\":\"https:\/\/www.alldayled.com\/de\/produkt\/hidemish-led-inbouw-flitser-groen\/#primaryimage\"},\"image\":{\"@id\":\"https:\/\/www.alldayled.com\/de\/produkt\/hidemish-led-inbouw-flitser-groen\/#primaryimage\"},\"thumbnailUrl\":\"https:\/\/www.alldayled.com\/wp-content\/uploads\/2024\/01\/ADL26315-GR.png\",\"datePublished\":\"2024-01-24T12:53:42+00:00\",\"dateModified\":\"2025-11-29T18:16:46+00:00\",\"description\":\"Hidemish LED Hide-Away Blitz GR\u00dcN - 21 Muster - Hide-Away \/ Einbaumontage-Ausf\u00fchrung - Blitzleuchte mit 3,15m Kabel und ECE R10 CISPR 25 Klasse 3\",\"breadcrumb\":{\"@id\":\"https:\/\/www.alldayled.com\/de\/produkt\/hidemish-led-inbouw-flitser-groen\/#breadcrumb\"},\"inLanguage\":\"de\",\"potentialAction\":[{\"@type\":\"ReadAction\",\"target\":[\"https:\/\/www.alldayled.com\/de\/produkt\/hidemish-led-inbouw-flitser-groen\/\"]}]},{\"@type\":\"ImageObject\",\"inLanguage\":\"de\",\"@id\":\"https:\/\/www.alldayled.com\/de\/produkt\/hidemish-led-inbouw-flitser-groen\/#primaryimage\",\"url\":\"https:\/\/www.alldayled.com\/wp-content\/uploads\/2024\/01\/ADL26315-GR.png\",\"contentUrl\":\"https:\/\/www.alldayled.com\/wp-content\/uploads\/2024\/01\/ADL26315-GR.png\",\"width\":800,\"height\":600,\"caption\":\"Hidemish LED Einbau-Blitzleuchte GR\u00dcN - LED Warnleuchte f\u00fcr 12 &amp; 24 Volt Betrieb - Scheinwerfer-Blitzleuchte GR\u00dcN - mit 3,15m Kabel - AEB Belgien Produkt - EAN: 5414184011786\"},{\"@type\":\"BreadcrumbList\",\"@id\":\"https:\/\/www.alldayled.com\/de\/produkt\/hidemish-led-inbouw-flitser-groen\/#breadcrumb\",\"itemListElement\":[{\"@type\":\"ListItem\",\"position\":1,\"name\":\"Home\",\"item\":\"https:\/\/www.alldayled.com\/de\/\"},{\"@type\":\"ListItem\",\"position\":2,\"name\":\"Shop\",\"item\":\"https:\/\/www.alldayled.com\/de\/shop\/\"},{\"@type\":\"ListItem\",\"position\":3,\"name\":\"Warnleuchten\",\"item\":\"https:\/\/www.alldayled.com\/de\/produkt-kategorie\/blitzlichter\/\"},{\"@type\":\"ListItem\",\"position\":4,\"name\":\"Blitzer\",\"item\":\"https:\/\/www.alldayled.com\/de\/produkt-kategorie\/blitzlichter\/flitser\/\"},{\"@type\":\"ListItem\",\"position\":5,\"name\":\"Hidemish LED Hide-Away Blitz &#8211; gr\u00fcn\"}]},{\"@type\":\"WebSite\",\"@id\":\"https:\/\/www.alldayled.com\/de\/#website\",\"url\":\"https:\/\/www.alldayled.com\/de\/\",\"name\":\"All Day Led\",\"description\":\"Verlichting voor 12&amp;24 volt gebruik\",\"publisher\":{\"@id\":\"https:\/\/www.alldayled.com\/de\/#organization\"},\"potentialAction\":[{\"@type\":\"SearchAction\",\"target\":{\"@type\":\"EntryPoint\",\"urlTemplate\":\"https:\/\/www.alldayled.com\/de\/?s={search_term_string}\"},\"query-input\":{\"@type\":\"PropertyValueSpecification\",\"valueRequired\":true,\"valueName\":\"search_term_string\"}}],\"inLanguage\":\"de\"},{\"@type\":\"Organization\",\"@id\":\"https:\/\/www.alldayled.com\/de\/#organization\",\"name\":\"All Day Led\",\"url\":\"https:\/\/www.alldayled.com\/de\/\",\"logo\":{\"@type\":\"ImageObject\",\"inLanguage\":\"de\",\"@id\":\"https:\/\/www.alldayled.com\/de\/#\/schema\/logo\/image\/\",\"url\":\"https:\/\/www.alldayled.com\/wp-content\/uploads\/2025\/10\/Logo-ALL-DAY-LED-800x800-zwart-witte-letters.png\",\"contentUrl\":\"https:\/\/www.alldayled.com\/wp-content\/uploads\/2025\/10\/Logo-ALL-DAY-LED-800x800-zwart-witte-letters.png\",\"width\":800,\"height\":800,\"caption\":\"All Day Led\"},\"image\":{\"@id\":\"https:\/\/www.alldayled.com\/de\/#\/schema\/logo\/image\/\"},\"sameAs\":[\"https:\/\/www.facebook.com\/alldayled\/\",\"https:\/\/www.instagram.com\/alldayled\/\"],\"vatID\":\"NL863960133B01\",\"taxID\":\"86416545\"}]}<\/script>\n<meta property=\"product:brand\" content=\"AEB\" \/>\n<meta property=\"product:price:amount\" content=\"35.00\" \/>\n<meta property=\"product:price:currency\" content=\"EUR\" \/>\n<meta property=\"og:availability\" content=\"instock\" \/>\n<meta property=\"product:availability\" content=\"instock\" \/>\n<meta property=\"product:retailer_item_id\" content=\"ADL26315-GR\" \/>\n<meta property=\"product:condition\" content=\"new\" \/>\n<!-- \/ Yoast SEO Premium plugin. -->","yoast_head_json":{"title":"Hidemish LED Hide-Away Blitz GR\u00dcN - All Day Led - geeignet f\u00fcr 12&24 V","description":"Hidemish LED Hide-Away Blitz GR\u00dcN - 21 Muster - Hide-Away \/ Einbaumontage-Ausf\u00fchrung - Blitzleuchte mit 3,15m Kabel und ECE R10 CISPR 25 Klasse 3","robots":{"index":"index","follow":"follow","max-snippet":"max-snippet:-1","max-image-preview":"max-image-preview:large","max-video-preview":"max-video-preview:-1"},"canonical":"https:\/\/www.alldayled.com\/de\/produkt\/hidemish-led-inbouw-flitser-groen\/","og_locale":"de_DE","og_type":"article","og_title":"Hidemish LED Einbau-Blitzleuchte GR\u00dcN - All Day Led - geeignet f\u00fcr 12&24 V","og_description":"Hidemish LED Einbau-Blitzleuchte GR\u00dcN - 21 Muster - Hide-Away \/ Einbaumontage-Ausf\u00fchrung - Blitzleuchte mit 3,15m Kabel und ECE R10 CISPR 25 Klasse 3","og_url":"https:\/\/www.alldayled.com\/de\/produkt\/hidemish-led-inbouw-flitser-groen\/","og_site_name":"All Day Led","article_publisher":"https:\/\/www.facebook.com\/alldayled\/","article_modified_time":"2025-11-29T18:16:46+00:00","og_image":[{"width":800,"height":600,"url":"https:\/\/www.alldayled.com\/wp-content\/uploads\/2024\/01\/ADL26315-GR.png","type":"image\/png"}],"twitter_misc":{"Preis":"&euro;&nbsp;35,00","Verf\u00fcgbarkeit":"Auf Lager"},"schema":{"@context":"https:\/\/schema.org","@graph":[{"@type":"WebPage","@id":"https:\/\/www.alldayled.com\/de\/produkt\/hidemish-led-inbouw-flitser-groen\/","url":"https:\/\/www.alldayled.com\/de\/produkt\/hidemish-led-inbouw-flitser-groen\/","name":"Hidemish LED Hide-Away Blitz GR\u00dcN - All Day Led - geeignet f\u00fcr 12&24 V","isPartOf":{"@id":"https:\/\/www.alldayled.com\/de\/#website"},"primaryImageOfPage":{"@id":"https:\/\/www.alldayled.com\/de\/produkt\/hidemish-led-inbouw-flitser-groen\/#primaryimage"},"image":{"@id":"https:\/\/www.alldayled.com\/de\/produkt\/hidemish-led-inbouw-flitser-groen\/#primaryimage"},"thumbnailUrl":"https:\/\/www.alldayled.com\/wp-content\/uploads\/2024\/01\/ADL26315-GR.png","datePublished":"2024-01-24T12:53:42+00:00","dateModified":"2025-11-29T18:16:46+00:00","description":"Hidemish LED Hide-Away Blitz GR\u00dcN - 21 Muster - Hide-Away \/ Einbaumontage-Ausf\u00fchrung - Blitzleuchte mit 3,15m Kabel und ECE R10 CISPR 25 Klasse 3","breadcrumb":{"@id":"https:\/\/www.alldayled.com\/de\/produkt\/hidemish-led-inbouw-flitser-groen\/#breadcrumb"},"inLanguage":"de","potentialAction":[{"@type":"ReadAction","target":["https:\/\/www.alldayled.com\/de\/produkt\/hidemish-led-inbouw-flitser-groen\/"]}]},{"@type":"ImageObject","inLanguage":"de","@id":"https:\/\/www.alldayled.com\/de\/produkt\/hidemish-led-inbouw-flitser-groen\/#primaryimage","url":"https:\/\/www.alldayled.com\/wp-content\/uploads\/2024\/01\/ADL26315-GR.png","contentUrl":"https:\/\/www.alldayled.com\/wp-content\/uploads\/2024\/01\/ADL26315-GR.png","width":800,"height":600,"caption":"Hidemish LED Einbau-Blitzleuchte GR\u00dcN - LED Warnleuchte f\u00fcr 12 &amp; 24 Volt Betrieb - Scheinwerfer-Blitzleuchte GR\u00dcN - mit 3,15m Kabel - AEB Belgien Produkt - EAN: 5414184011786"},{"@type":"BreadcrumbList","@id":"https:\/\/www.alldayled.com\/de\/produkt\/hidemish-led-inbouw-flitser-groen\/#breadcrumb","itemListElement":[{"@type":"ListItem","position":1,"name":"Home","item":"https:\/\/www.alldayled.com\/de\/"},{"@type":"ListItem","position":2,"name":"Shop","item":"https:\/\/www.alldayled.com\/de\/shop\/"},{"@type":"ListItem","position":3,"name":"Warnleuchten","item":"https:\/\/www.alldayled.com\/de\/produkt-kategorie\/blitzlichter\/"},{"@type":"ListItem","position":4,"name":"Blitzer","item":"https:\/\/www.alldayled.com\/de\/produkt-kategorie\/blitzlichter\/flitser\/"},{"@type":"ListItem","position":5,"name":"Hidemish LED Hide-Away Blitz &#8211; gr\u00fcn"}]},{"@type":"WebSite","@id":"https:\/\/www.alldayled.com\/de\/#website","url":"https:\/\/www.alldayled.com\/de\/","name":"All Day Led","description":"Verlichting voor 12&amp;24 volt gebruik","publisher":{"@id":"https:\/\/www.alldayled.com\/de\/#organization"},"potentialAction":[{"@type":"SearchAction","target":{"@type":"EntryPoint","urlTemplate":"https:\/\/www.alldayled.com\/de\/?s={search_term_string}"},"query-input":{"@type":"PropertyValueSpecification","valueRequired":true,"valueName":"search_term_string"}}],"inLanguage":"de"},{"@type":"Organization","@id":"https:\/\/www.alldayled.com\/de\/#organization","name":"All Day Led","url":"https:\/\/www.alldayled.com\/de\/","logo":{"@type":"ImageObject","inLanguage":"de","@id":"https:\/\/www.alldayled.com\/de\/#\/schema\/logo\/image\/","url":"https:\/\/www.alldayled.com\/wp-content\/uploads\/2025\/10\/Logo-ALL-DAY-LED-800x800-zwart-witte-letters.png","contentUrl":"https:\/\/www.alldayled.com\/wp-content\/uploads\/2025\/10\/Logo-ALL-DAY-LED-800x800-zwart-witte-letters.png","width":800,"height":800,"caption":"All Day Led"},"image":{"@id":"https:\/\/www.alldayled.com\/de\/#\/schema\/logo\/image\/"},"sameAs":["https:\/\/www.facebook.com\/alldayled\/","https:\/\/www.instagram.com\/alldayled\/"],"vatID":"NL863960133B01","taxID":"86416545"}]},"product_brand":"AEB","product_price_amount":"35.00","product_price_currency":"EUR","og_availability":"instock","product_availability":"instock","product_retailer_item_id":"ADL26315-GR","product_condition":"new"},"_links":{"self":[{"href":"https:\/\/www.alldayled.com\/de\/wp-json\/wp\/v2\/product\/66804","targetHints":{"allow":["GET"]}}],"collection":[{"href":"https:\/\/www.alldayled.com\/de\/wp-json\/wp\/v2\/product"}],"about":[{"href":"https:\/\/www.alldayled.com\/de\/wp-json\/wp\/v2\/types\/product"}],"replies":[{"embeddable":true,"href":"https:\/\/www.alldayled.com\/de\/wp-json\/wp\/v2\/comments?post=66804"}],"wp:featuredmedia":[{"embeddable":true,"href":"https:\/\/www.alldayled.com\/de\/wp-json\/wp\/v2\/media\/27093"}],"wp:attachment":[{"href":"https:\/\/www.alldayled.com\/de\/wp-json\/wp\/v2\/media?parent=66804"}],"wp:term":[{"taxonomy":"product_brand","embeddable":true,"href":"https:\/\/www.alldayled.com\/de\/wp-json\/wp\/v2\/product_brand?post=66804"},{"taxonomy":"product_cat","embeddable":true,"href":"https:\/\/www.alldayled.com\/de\/wp-json\/wp\/v2\/product_cat?post=66804"},{"taxonomy":"product_tag","embeddable":true,"href":"https:\/\/www.alldayled.com\/de\/wp-json\/wp\/v2\/product_tag?post=66804"}],"curies":[{"name":"wp","href":"https:\/\/api.w.org\/{rel}","templated":true}]}}