{"id":66805,"date":"2024-06-20T15:17:03","date_gmt":"2024-06-20T13:17:03","guid":{"rendered":"https:\/\/www.alldayled.com\/product\/strands-big-energy-zwaailampbalk-180cm\/"},"modified":"2026-04-29T17:10:30","modified_gmt":"2026-04-29T15:10:30","slug":"strands-big-energy-zwaailampbalk-180cm","status":"publish","type":"product","link":"https:\/\/www.alldayled.com\/de\/produkt\/strands-big-energy-zwaailampbalk-180cm\/","title":{"rendered":"Strands BIG Energy Warnanlage &#8211; 180cm"},"content":{"rendered":"<p><span style=\"color: #000000;\"><strong>Strands BIG Energy Warnanlage 180cm, geeignet f\u00fcr 12  24 volt Betrieb. <\/strong><\/span><\/p>\n<p><span style=\"color: #000000;\">Sind Sie auf der Suche nach einer gro\u00dfen LED-Warnanlage, die mit 27 verschiedenen Mustern ausgestattet ist? Dann ist die BIG Energy roof bar 3000mm der Marke Strands vielleicht die Lampe, die Sie suchen. Die kompakte Warnanlage ist mit 300 LED-Punkten ausgestattet und hat eine theoretische Lichtleistung von 300W bei 12 und 24V. Au\u00dferdem ist die flache LED-Warnanlage mit einem dunklen Glas versehen, das ein sch\u00f6nes Aussehen verleiht, wenn die Lampe ausgeschaltet ist. Au\u00dferdem funktioniert die Signalleuchte mit 12 und 24 Volt. Dadurch k\u00f6nnen Sie die Lampe beispielsweise an Ihrem Auto, LKW, Traktor oder einer anderen Art von Fahrzeug verwenden.      <\/span><\/p>\n<p><span style=\"color: #000000;\">Da Sie vor dem Kauf sicher sein wollen, dass dies die Lampe ist, die Sie suchen, haben wir im Folgenden einige Eigenschaften der Lampe aufgef\u00fchrt. Die Strands BIG Energy Warnanlage 180cm ist beispielsweise mit dem ECE R10-Pr\u00fcfzeichen versehen. Das Pr\u00fcfzeichen ECE R10 bedeutet, dass die Lampe w\u00e4hrend der Aktivierung keine St\u00f6rungen verursacht, beispielsweise auf dem Funksignal. Auch ist die Warnanlage mit dem ECE R65 Klasse 1 Pr\u00fcfzeichen versehen. Dieses Pr\u00fcfzeichen gibt an, dass die LED-Lampe als Warnleuchte verwendet werden darf. Sind Sie noch nicht ganz \u00fcberzeugt und m\u00f6chten ein Video des Artikels ansehen? Dann sehen Sie sich <a style=\"color: #000000;\" href=\"https:\/\/youtu.be\/w8BC4oImj1Y?si=d2tV5dN5GgV9BE4t\" target=\"_blank\" rel=\"noopener\">hier<\/a> das Einf\u00fchrungsvideo von Strands an.       <\/span><\/p>\n<h5><span style=\"color: #000000;\"><strong>Abmessungen:<\/strong><\/span><\/h5>\n<p><span style=\"color: #000000;\">Da Sie im Voraus sicher sein wollen, dass die Lampe passt, bevor Sie sie montieren, wollen Sie nat\u00fcrlich die Abmessungen dieses Artikels wissen. Die Abmessungen der Strands BIG Energy Warnanlage 180cm sind wie folgt: <\/span><\/p>\n<ul>\n<li><span style=\"color: #000000;\">H\u00f6he: 33,5 mm (88 mm inkl. Halterung)<\/span><\/li>\n<li><span style=\"color: #000000;\">Breite: 1800 mm<\/span><\/li>\n<li><span style=\"color: #000000;\">Tiefe: 100 mm<\/span><\/li>\n<\/ul>\n<h5><span style=\"color: #000000;\"><strong>Andere Versionen: <\/strong><\/span><\/h5>\n<p><span style=\"color: #000000;\">Sind Sie von der BIG Energy roof bar \u00fcberzeugt, aber ist das 1800mm lange Modell nicht die Ausf\u00fchrung, die Sie suchen? Wissen Sie dann, dass die BIG Energy Warnanlage auch noch in diversen anderen Abmessungen verf\u00fcgbar ist:  <\/span><\/p>\n<ul>\n<li><span style=\"color: #000000;\"><a style=\"color: #000000;\" href=\"https:\/\/www.alldayled.com\/de\/produkt\/strands-big-energy-zwaailampbalk-60cm\/\"><strong>Strands ROOF BAR 600mm<\/strong><\/a><\/span><\/li>\n<li><span style=\"color: #000000;\"><a style=\"color: #000000;\" href=\"https:\/\/www.alldayled.com\/de\/produkt\/strands-big-energy-zwaailampbalk-90cm\/\"><strong>Strands ROOF BAR 900mm<\/strong><\/a><\/span><\/li>\n<li><span style=\"color: #000000;\"><a style=\"color: #000000;\" href=\"https:\/\/www.alldayled.com\/de\/produkt\/strands-big-energy-zwaailampbalk-120cm\/\"><strong>Strands ROOF BAR 1200mm<\/strong><\/a><\/span><\/li>\n<li><span style=\"color: #000000;\"><a style=\"color: #000000;\" href=\"https:\/\/www.alldayled.com\/de\/produkt\/strands-big-energy-zwaailampbalk-150cm\/\"><strong>Strands ROOF BAR 1500mm<\/strong><\/a><\/span><\/li>\n<\/ul>\n<p><span style=\"color: #000000;\">Sind Sie nach dem Lesen der oben genannten Punkte immer noch nicht \u00fcberzeugt, dass Strands BIG Energy Warnanlage 180cm das ist, wonach Sie suchen? Einfach weil die Lichtleistung, die Wattzahl oder die Form des Produkts nicht Ihren W\u00fcnschen entspricht? Dann sehen Sie sich hier das komplette Angebot von <a style=\"color: #000000;\" href=\"https:\/\/www.alldayled.com\/de\/marke\/product-strands-lighting-division\/\" target=\"_blank\" rel=\"noopener\">Strands<\/a> an. Vielleicht finden Sie hier das Lampenmodell, das Sie suchen.   <\/span><\/p>\n","protected":false},"excerpt":{"rendered":"<p>Strands BIG Energy LED Warnanlage 180cm, geeignet f\u00fcr 12  24 volt Betrieb.<\/p>\n","protected":false},"featured_media":65630,"comment_status":"open","ping_status":"closed","template":"","meta":{"_acf_changed":false},"product_brand":[5114],"product_cat":[5306],"product_tag":[9196,9197,9198,9199,9200,9201,9205,9203,9202,9204,9206],"class_list":{"0":"post-66805","1":"product","2":"type-product","3":"status-publish","4":"has-post-thumbnail","6":"product_brand-product-strands-lighting-division","7":"product_cat-zwaailampbalk","8":"product_tag-led-warnleuchte","9":"product_tag-led-warnleuchte-12-volt","10":"product_tag-led-warnleuchte-24-volt","11":"product_tag-led-warnleuchte-anhanger","12":"product_tag-led-warnleuchte-auto","13":"product_tag-led-warnleuchte-klein","14":"product_tag-led-warnleuchte-lkw","15":"product_tag-led-warnleuchte-mit-ece-r65","16":"product_tag-led-warnleuchte-mitnahmestapler","17":"product_tag-led-warnleuchte-traktor","18":"product_tag-strands-led-warnleuchte","20":"first","21":"instock","22":"taxable","23":"shipping-taxable","24":"purchasable","25":"product-type-simple"},"acf":[],"yoast_head":"<!-- This site is optimized with the Yoast SEO Premium plugin v26.5 (Yoast SEO v27.1.1) - https:\/\/yoast.com\/product\/yoast-seo-premium-wordpress\/ -->\n<title>Strands BIG Energy Warnanlage 180cm - All Day Led - 12&amp;24V<\/title>\n<meta name=\"description\" content=\"Strands BIG Energy Warnanlage 180cm - mit ECE R65 - BIG Energy roof bar 1800mm - 12&amp;24 volt - Auto, LKW, Anh\u00e4nger, Traktor und mehr\" \/>\n<meta name=\"robots\" content=\"index, follow, max-snippet:-1, max-image-preview:large, max-video-preview:-1\" \/>\n<link rel=\"canonical\" href=\"https:\/\/www.alldayled.com\/de\/produkt\/strands-big-energy-zwaailampbalk-180cm\/\" \/>\n<meta property=\"og:locale\" content=\"de_DE\" \/>\n<meta property=\"og:type\" content=\"article\" \/>\n<meta property=\"og:title\" content=\"Strands BIG Energy Warnanlage 180cm - All Day Led - 1224V\" \/>\n<meta property=\"og:description\" content=\"Strands BIG Energy Warnanlage 180cm - mit ECE R65 - BIG Energy roof bar 1800mm - 12&amp;24 volt - Auto, LKW, Anh\u00e4nger, Traktor und mehr\" \/>\n<meta property=\"og:url\" content=\"https:\/\/www.alldayled.com\/de\/produkt\/strands-big-energy-zwaailampbalk-180cm\/\" \/>\n<meta property=\"og:site_name\" content=\"All Day Led\" \/>\n<meta property=\"article:publisher\" content=\"https:\/\/www.facebook.com\/alldayled\/\" \/>\n<meta property=\"article:modified_time\" content=\"2026-04-29T15:10:30+00:00\" \/>\n<meta property=\"og:image\" content=\"https:\/\/www.alldayled.com\/wp-content\/uploads\/2024\/06\/ADL850164-300x300.png\" \/>\n<meta name=\"twitter:label1\" content=\"Preis\" \/>\n\t<meta name=\"twitter:data1\" content=\"&euro;&nbsp;489,00\" \/>\n\t<meta name=\"twitter:label2\" content=\"Verf\u00fcgbarkeit\" \/>\n\t<meta name=\"twitter:data2\" content=\"Auf Lager\" \/>\n<script type=\"application\/ld+json\" class=\"yoast-schema-graph\">{\"@context\":\"https:\/\/schema.org\",\"@graph\":[{\"@type\":\"WebPage\",\"@id\":\"https:\/\/www.alldayled.com\/de\/produkt\/strands-big-energy-zwaailampbalk-180cm\/\",\"url\":\"https:\/\/www.alldayled.com\/de\/produkt\/strands-big-energy-zwaailampbalk-180cm\/\",\"name\":\"Strands BIG Energy Warnanlage 180cm - All Day Led - 12&24V\",\"isPartOf\":{\"@id\":\"https:\/\/www.alldayled.com\/de\/#website\"},\"primaryImageOfPage\":{\"@id\":\"https:\/\/www.alldayled.com\/de\/produkt\/strands-big-energy-zwaailampbalk-180cm\/#primaryimage\"},\"image\":{\"@id\":\"https:\/\/www.alldayled.com\/de\/produkt\/strands-big-energy-zwaailampbalk-180cm\/#primaryimage\"},\"thumbnailUrl\":\"https:\/\/www.alldayled.com\/wp-content\/uploads\/2024\/06\/ADL850164-0.png\",\"datePublished\":\"2024-06-20T13:17:03+00:00\",\"dateModified\":\"2026-04-29T15:10:30+00:00\",\"description\":\"Strands BIG Energy Warnanlage 180cm - mit ECE R65 - BIG Energy roof bar 1800mm - 12&24 volt - Auto, LKW, Anh\u00e4nger, Traktor und mehr\",\"breadcrumb\":{\"@id\":\"https:\/\/www.alldayled.com\/de\/produkt\/strands-big-energy-zwaailampbalk-180cm\/#breadcrumb\"},\"inLanguage\":\"de\",\"potentialAction\":[{\"@type\":\"ReadAction\",\"target\":[\"https:\/\/www.alldayled.com\/de\/produkt\/strands-big-energy-zwaailampbalk-180cm\/\"]}]},{\"@type\":\"ImageObject\",\"inLanguage\":\"de\",\"@id\":\"https:\/\/www.alldayled.com\/de\/produkt\/strands-big-energy-zwaailampbalk-180cm\/#primaryimage\",\"url\":\"https:\/\/www.alldayled.com\/wp-content\/uploads\/2024\/06\/ADL850164-0.png\",\"contentUrl\":\"https:\/\/www.alldayled.com\/wp-content\/uploads\/2024\/06\/ADL850164-0.png\",\"width\":800,\"height\":600,\"caption\":\"Warnanlage ADL850164\"},{\"@type\":\"BreadcrumbList\",\"@id\":\"https:\/\/www.alldayled.com\/de\/produkt\/strands-big-energy-zwaailampbalk-180cm\/#breadcrumb\",\"itemListElement\":[{\"@type\":\"ListItem\",\"position\":1,\"name\":\"Home\",\"item\":\"https:\/\/www.alldayled.com\/de\/\"},{\"@type\":\"ListItem\",\"position\":2,\"name\":\"Shop\",\"item\":\"https:\/\/www.alldayled.com\/de\/shop\/\"},{\"@type\":\"ListItem\",\"position\":3,\"name\":\"Warnleuchten\",\"item\":\"https:\/\/www.alldayled.com\/de\/produkt-kategorie\/blitzlichter\/\"},{\"@type\":\"ListItem\",\"position\":4,\"name\":\"Warnanlage\",\"item\":\"https:\/\/www.alldayled.com\/de\/produkt-kategorie\/blitzlichter\/zwaailampbalk\/\"},{\"@type\":\"ListItem\",\"position\":5,\"name\":\"Strands BIG Energy Warnanlage &#8211; 180cm\"}]},{\"@type\":\"WebSite\",\"@id\":\"https:\/\/www.alldayled.com\/de\/#website\",\"url\":\"https:\/\/www.alldayled.com\/de\/\",\"name\":\"All Day Led\",\"description\":\"Verlichting voor 12&amp;24 volt gebruik\",\"publisher\":{\"@id\":\"https:\/\/www.alldayled.com\/de\/#organization\"},\"potentialAction\":[{\"@type\":\"SearchAction\",\"target\":{\"@type\":\"EntryPoint\",\"urlTemplate\":\"https:\/\/www.alldayled.com\/de\/?s={search_term_string}\"},\"query-input\":{\"@type\":\"PropertyValueSpecification\",\"valueRequired\":true,\"valueName\":\"search_term_string\"}}],\"inLanguage\":\"de\"},{\"@type\":\"Organization\",\"@id\":\"https:\/\/www.alldayled.com\/de\/#organization\",\"name\":\"All Day Led\",\"url\":\"https:\/\/www.alldayled.com\/de\/\",\"logo\":{\"@type\":\"ImageObject\",\"inLanguage\":\"de\",\"@id\":\"https:\/\/www.alldayled.com\/de\/#\/schema\/logo\/image\/\",\"url\":\"https:\/\/www.alldayled.com\/wp-content\/uploads\/2025\/10\/Logo-ALL-DAY-LED-800x800-zwart-witte-letters.png\",\"contentUrl\":\"https:\/\/www.alldayled.com\/wp-content\/uploads\/2025\/10\/Logo-ALL-DAY-LED-800x800-zwart-witte-letters.png\",\"width\":800,\"height\":800,\"caption\":\"All Day Led\"},\"image\":{\"@id\":\"https:\/\/www.alldayled.com\/de\/#\/schema\/logo\/image\/\"},\"sameAs\":[\"https:\/\/www.facebook.com\/alldayled\/\",\"https:\/\/www.instagram.com\/alldayled\/\"],\"vatID\":\"NL863960133B01\",\"taxID\":\"86416545\"}]}<\/script>\n<meta property=\"product:brand\" content=\"Strands\" \/>\n<meta property=\"product:price:amount\" content=\"489.00\" \/>\n<meta property=\"product:price:currency\" content=\"EUR\" \/>\n<meta property=\"og:availability\" content=\"instock\" \/>\n<meta property=\"product:availability\" content=\"instock\" \/>\n<meta property=\"product:retailer_item_id\" content=\"ADL850164\" \/>\n<meta property=\"product:condition\" content=\"new\" \/>\n<!-- \/ Yoast SEO Premium plugin. -->","yoast_head_json":{"title":"Strands BIG Energy Warnanlage 180cm - All Day Led - 12&24V","description":"Strands BIG Energy Warnanlage 180cm - mit ECE R65 - BIG Energy roof bar 1800mm - 12&24 volt - Auto, LKW, Anh\u00e4nger, Traktor und mehr","robots":{"index":"index","follow":"follow","max-snippet":"max-snippet:-1","max-image-preview":"max-image-preview:large","max-video-preview":"max-video-preview:-1"},"canonical":"https:\/\/www.alldayled.com\/de\/produkt\/strands-big-energy-zwaailampbalk-180cm\/","og_locale":"de_DE","og_type":"article","og_title":"Strands BIG Energy Warnanlage 180cm - All Day Led - 1224V","og_description":"Strands BIG Energy Warnanlage 180cm - mit ECE R65 - BIG Energy roof bar 1800mm - 12&24 volt - Auto, LKW, Anh\u00e4nger, Traktor und mehr","og_url":"https:\/\/www.alldayled.com\/de\/produkt\/strands-big-energy-zwaailampbalk-180cm\/","og_site_name":"All Day Led","article_publisher":"https:\/\/www.facebook.com\/alldayled\/","article_modified_time":"2026-04-29T15:10:30+00:00","og_image":[{"url":"https:\/\/www.alldayled.com\/wp-content\/uploads\/2024\/06\/ADL850164-300x300.png","type":"","width":"","height":""}],"twitter_misc":{"Preis":"&euro;&nbsp;489,00","Verf\u00fcgbarkeit":"Auf Lager"},"schema":{"@context":"https:\/\/schema.org","@graph":[{"@type":"WebPage","@id":"https:\/\/www.alldayled.com\/de\/produkt\/strands-big-energy-zwaailampbalk-180cm\/","url":"https:\/\/www.alldayled.com\/de\/produkt\/strands-big-energy-zwaailampbalk-180cm\/","name":"Strands BIG Energy Warnanlage 180cm - All Day Led - 12&24V","isPartOf":{"@id":"https:\/\/www.alldayled.com\/de\/#website"},"primaryImageOfPage":{"@id":"https:\/\/www.alldayled.com\/de\/produkt\/strands-big-energy-zwaailampbalk-180cm\/#primaryimage"},"image":{"@id":"https:\/\/www.alldayled.com\/de\/produkt\/strands-big-energy-zwaailampbalk-180cm\/#primaryimage"},"thumbnailUrl":"https:\/\/www.alldayled.com\/wp-content\/uploads\/2024\/06\/ADL850164-0.png","datePublished":"2024-06-20T13:17:03+00:00","dateModified":"2026-04-29T15:10:30+00:00","description":"Strands BIG Energy Warnanlage 180cm - mit ECE R65 - BIG Energy roof bar 1800mm - 12&24 volt - Auto, LKW, Anh\u00e4nger, Traktor und mehr","breadcrumb":{"@id":"https:\/\/www.alldayled.com\/de\/produkt\/strands-big-energy-zwaailampbalk-180cm\/#breadcrumb"},"inLanguage":"de","potentialAction":[{"@type":"ReadAction","target":["https:\/\/www.alldayled.com\/de\/produkt\/strands-big-energy-zwaailampbalk-180cm\/"]}]},{"@type":"ImageObject","inLanguage":"de","@id":"https:\/\/www.alldayled.com\/de\/produkt\/strands-big-energy-zwaailampbalk-180cm\/#primaryimage","url":"https:\/\/www.alldayled.com\/wp-content\/uploads\/2024\/06\/ADL850164-0.png","contentUrl":"https:\/\/www.alldayled.com\/wp-content\/uploads\/2024\/06\/ADL850164-0.png","width":800,"height":600,"caption":"Warnanlage ADL850164"},{"@type":"BreadcrumbList","@id":"https:\/\/www.alldayled.com\/de\/produkt\/strands-big-energy-zwaailampbalk-180cm\/#breadcrumb","itemListElement":[{"@type":"ListItem","position":1,"name":"Home","item":"https:\/\/www.alldayled.com\/de\/"},{"@type":"ListItem","position":2,"name":"Shop","item":"https:\/\/www.alldayled.com\/de\/shop\/"},{"@type":"ListItem","position":3,"name":"Warnleuchten","item":"https:\/\/www.alldayled.com\/de\/produkt-kategorie\/blitzlichter\/"},{"@type":"ListItem","position":4,"name":"Warnanlage","item":"https:\/\/www.alldayled.com\/de\/produkt-kategorie\/blitzlichter\/zwaailampbalk\/"},{"@type":"ListItem","position":5,"name":"Strands BIG Energy Warnanlage &#8211; 180cm"}]},{"@type":"WebSite","@id":"https:\/\/www.alldayled.com\/de\/#website","url":"https:\/\/www.alldayled.com\/de\/","name":"All Day Led","description":"Verlichting voor 12&amp;24 volt gebruik","publisher":{"@id":"https:\/\/www.alldayled.com\/de\/#organization"},"potentialAction":[{"@type":"SearchAction","target":{"@type":"EntryPoint","urlTemplate":"https:\/\/www.alldayled.com\/de\/?s={search_term_string}"},"query-input":{"@type":"PropertyValueSpecification","valueRequired":true,"valueName":"search_term_string"}}],"inLanguage":"de"},{"@type":"Organization","@id":"https:\/\/www.alldayled.com\/de\/#organization","name":"All Day Led","url":"https:\/\/www.alldayled.com\/de\/","logo":{"@type":"ImageObject","inLanguage":"de","@id":"https:\/\/www.alldayled.com\/de\/#\/schema\/logo\/image\/","url":"https:\/\/www.alldayled.com\/wp-content\/uploads\/2025\/10\/Logo-ALL-DAY-LED-800x800-zwart-witte-letters.png","contentUrl":"https:\/\/www.alldayled.com\/wp-content\/uploads\/2025\/10\/Logo-ALL-DAY-LED-800x800-zwart-witte-letters.png","width":800,"height":800,"caption":"All Day Led"},"image":{"@id":"https:\/\/www.alldayled.com\/de\/#\/schema\/logo\/image\/"},"sameAs":["https:\/\/www.facebook.com\/alldayled\/","https:\/\/www.instagram.com\/alldayled\/"],"vatID":"NL863960133B01","taxID":"86416545"}]},"product_brand":"Strands","product_price_amount":"489.00","product_price_currency":"EUR","og_availability":"instock","product_availability":"instock","product_retailer_item_id":"ADL850164","product_condition":"new"},"_links":{"self":[{"href":"https:\/\/www.alldayled.com\/de\/wp-json\/wp\/v2\/product\/66805","targetHints":{"allow":["GET"]}}],"collection":[{"href":"https:\/\/www.alldayled.com\/de\/wp-json\/wp\/v2\/product"}],"about":[{"href":"https:\/\/www.alldayled.com\/de\/wp-json\/wp\/v2\/types\/product"}],"replies":[{"embeddable":true,"href":"https:\/\/www.alldayled.com\/de\/wp-json\/wp\/v2\/comments?post=66805"}],"wp:featuredmedia":[{"embeddable":true,"href":"https:\/\/www.alldayled.com\/de\/wp-json\/wp\/v2\/media\/65630"}],"wp:attachment":[{"href":"https:\/\/www.alldayled.com\/de\/wp-json\/wp\/v2\/media?parent=66805"}],"wp:term":[{"taxonomy":"product_brand","embeddable":true,"href":"https:\/\/www.alldayled.com\/de\/wp-json\/wp\/v2\/product_brand?post=66805"},{"taxonomy":"product_cat","embeddable":true,"href":"https:\/\/www.alldayled.com\/de\/wp-json\/wp\/v2\/product_cat?post=66805"},{"taxonomy":"product_tag","embeddable":true,"href":"https:\/\/www.alldayled.com\/de\/wp-json\/wp\/v2\/product_tag?post=66805"}],"curies":[{"name":"wp","href":"https:\/\/api.w.org\/{rel}","templated":true}]}}