{"id":66813,"date":"2023-03-26T15:43:40","date_gmt":"2023-03-26T13:43:40","guid":{"rendered":"https:\/\/www.alldayled.com\/product\/aeb-chrome-ring-voor-achterlichten\/"},"modified":"2023-03-26T15:43:40","modified_gmt":"2023-03-26T13:43:40","slug":"aeb-chrome-ring-voor-achterlichten","status":"publish","type":"product","link":"https:\/\/www.alldayled.com\/de\/produkt\/aeb-chrome-ring-voor-achterlichten\/","title":{"rendered":"AEB Chromring f\u00fcr R\u00fcckleuchten 140mm"},"content":{"rendered":"<p><span style=\"color: #000000;\"><strong>AEB Chromring f\u00fcr R\u00fcckleuchten 140mm<\/strong><\/span><\/p>\n<p><span style=\"color: #000000;\">Hast du ein oder mehrere runde R\u00fcckleuchten gekauft und m\u00f6chtest diese mit einem Chromring versehen? Dann ist dieser Chromring vielleicht der Artikel, den du suchst. Der Ring hat einen Durchmesser von 140 mm und ist f\u00fcr diverse runde R\u00fcckleuchten geeignet. Mit diesem Montagering kommt deine Beleuchtung noch besser zur Geltung.   <\/span><\/p>\n<p><span style=\"color: #000000;\">Um sicherzustellen, dass der Chrom-Montagering f\u00fcr deine R\u00fcckleuchten geeignet ist, haben wir unten einige Spezifikationen aufgef\u00fchrt. Der Ring wird inklusive Befestigungsb\u00fcgel und Gummiring geliefert, damit du die lackierte Oberfl\u00e4che zus\u00e4tzlich vor Kratzern sch\u00fctzt. Bitte beachte: Dies bietet keine vollst\u00e4ndige Garantie; bei falscher Montage k\u00f6nnen immer noch Lacksch\u00e4den entstehen.  <\/span><\/p>\n<h5><span style=\"color: #000000;\"><strong>Abmessungen:<\/strong><\/span><\/h5>\n<p><span style=\"color: #000000;\">Um sicherzustellen, dass du den AEB Chrom-Montagering korrekt an deinen R\u00fcckleuchten montieren kannst, haben wir unten die Abmessungen notiert. Die Abmessungen des Chromrings sind wie folgt: <\/span><\/p>\n<ul>\n<li><span style=\"color: #000000;\">Durchmesser: 140mm<\/span><\/li>\n<\/ul>\n<h5><span style=\"color: #000000;\"><strong>Andere Versionen: <\/strong><\/span><\/h5>\n<p><span style=\"color: #000000;\">M\u00f6chtest du neben dem Chromring auch die R\u00fcckleuchten von AEB kaufen? Dann schau dir hier die passenden runden LED R\u00fcckleuchten an: <\/span><\/p>\n<ul>\n<li><span style=\"color: #000000;\"><a style=\"color: #000000;\" href=\"https:\/\/www.alldayled.com\/de\/produkt\/aeb-led-achteruitrijlicht-9-33v\/\"><strong>AEB R\u00fcckfahrleuchte<\/strong><\/a><\/span><\/li>\n<li><span style=\"color: #000000;\"><a style=\"color: #000000;\" href=\"https:\/\/www.alldayled.com\/de\/produkt\/aeb-led-hamburger-achterlicht-9-33v\/\"><strong>AEB Hamburgerleuchte <\/strong><\/a><\/span><\/li>\n<li><span style=\"color: #000000;\"><a style=\"color: #000000;\" href=\"https:\/\/www.alldayled.com\/de\/produkt\/aeb-led-mistachterlicht-9-33v\/\"><strong>AEB Nebelscheinwerfer<\/strong><\/a><\/span><\/li>\n<\/ul>\n<p><span style=\"color: #000000;\">Bist du immer noch der Meinung, dass der Chromring der Marke AEB nicht das ist, was du suchst? Einfach weil die Form oder Farbe nicht deinen W\u00fcnschen entspricht? Dann schau doch auch mal auf unserer Seite <g id=\"gid_0\">R\u00fcckleuchten<\/g> vorbei. Vielleicht findest du hier das Modell R\u00fccklicht oder Ersatzteil, wonach du suchst.   <\/span><\/p>\n","protected":false},"excerpt":{"rendered":"<p>Verleihe deinem Standard-R\u00fccklicht einen modernen Look mit diesem Chromring!<\/p>\n","protected":false},"featured_media":84769,"comment_status":"open","ping_status":"closed","template":"","meta":{"_acf_changed":false},"product_brand":[5575],"product_cat":[5298],"product_tag":[],"class_list":{"0":"post-66813","1":"product","2":"type-product","3":"status-publish","4":"has-post-thumbnail","6":"product_brand-aeb","7":"product_cat-achterlicht-toebehoren","9":"first","10":"instock","11":"taxable","12":"shipping-taxable","13":"purchasable","14":"product-type-simple"},"acf":[],"yoast_head":"<!-- This site is optimized with the Yoast SEO Premium plugin v26.5 (Yoast SEO v27.1.1) - https:\/\/yoast.com\/product\/yoast-seo-premium-wordpress\/ -->\n<title>AEB Chromring - All Day Led - Montagering R\u00fccklicht 140mm<\/title>\n<meta name=\"description\" content=\"AEB Chromring f\u00fcr R\u00fcckleuchten - mit Gummi-Montagering - f\u00fcr R\u00fccklicht 140mm - einfache Montage - Sto\u00dfstangen- \/ Anh\u00e4ngerbeleuchtung\" \/>\n<meta name=\"robots\" content=\"index, follow, max-snippet:-1, max-image-preview:large, max-video-preview:-1\" \/>\n<link rel=\"canonical\" href=\"https:\/\/www.alldayled.com\/de\/produkt\/aeb-chrome-ring-voor-achterlichten\/\" \/>\n<meta property=\"og:locale\" content=\"de_DE\" \/>\n<meta property=\"og:type\" content=\"article\" \/>\n<meta property=\"og:title\" content=\"AEB Chromring - All Day Led - Montagering R\u00fccklicht 140mm\" \/>\n<meta property=\"og:description\" content=\"AEB Chromring f\u00fcr R\u00fcckleuchten - mit Gummi-Montagering - f\u00fcr R\u00fccklicht 140mm - einfache Montage - Sto\u00dfstangen- \/ Anh\u00e4ngerbeleuchtung\" \/>\n<meta property=\"og:url\" content=\"https:\/\/www.alldayled.com\/de\/produkt\/aeb-chrome-ring-voor-achterlichten\/\" \/>\n<meta property=\"og:site_name\" content=\"All Day Led\" \/>\n<meta property=\"article:publisher\" content=\"https:\/\/www.facebook.com\/alldayled\/\" \/>\n<meta property=\"og:image\" content=\"https:\/\/www.alldayled.com\/wp-content\/uploads\/2024\/08\/ADL45101.01-300x300.png\" \/>\n<meta name=\"twitter:label1\" content=\"Preis\" \/>\n\t<meta name=\"twitter:data1\" content=\"&euro;&nbsp;17,50\" \/>\n\t<meta name=\"twitter:label2\" content=\"Verf\u00fcgbarkeit\" \/>\n\t<meta name=\"twitter:data2\" content=\"Auf Lager\" \/>\n<script type=\"application\/ld+json\" class=\"yoast-schema-graph\">{\"@context\":\"https:\/\/schema.org\",\"@graph\":[{\"@type\":\"WebPage\",\"@id\":\"https:\/\/www.alldayled.com\/de\/produkt\/aeb-chrome-ring-voor-achterlichten\/\",\"url\":\"https:\/\/www.alldayled.com\/de\/produkt\/aeb-chrome-ring-voor-achterlichten\/\",\"name\":\"AEB Chromring - All Day Led - Montagering R\u00fccklicht 140mm\",\"isPartOf\":{\"@id\":\"https:\/\/www.alldayled.com\/de\/#website\"},\"primaryImageOfPage\":{\"@id\":\"https:\/\/www.alldayled.com\/de\/produkt\/aeb-chrome-ring-voor-achterlichten\/#primaryimage\"},\"image\":{\"@id\":\"https:\/\/www.alldayled.com\/de\/produkt\/aeb-chrome-ring-voor-achterlichten\/#primaryimage\"},\"thumbnailUrl\":\"https:\/\/www.alldayled.com\/wp-content\/uploads\/2023\/03\/ADL45101-00.png\",\"datePublished\":\"2023-03-26T13:43:40+00:00\",\"description\":\"AEB Chromring f\u00fcr R\u00fcckleuchten - mit Gummi-Montagering - f\u00fcr R\u00fccklicht 140mm - einfache Montage - Sto\u00dfstangen- \/ Anh\u00e4ngerbeleuchtung\",\"breadcrumb\":{\"@id\":\"https:\/\/www.alldayled.com\/de\/produkt\/aeb-chrome-ring-voor-achterlichten\/#breadcrumb\"},\"inLanguage\":\"de\",\"potentialAction\":[{\"@type\":\"ReadAction\",\"target\":[\"https:\/\/www.alldayled.com\/de\/produkt\/aeb-chrome-ring-voor-achterlichten\/\"]}]},{\"@type\":\"ImageObject\",\"inLanguage\":\"de\",\"@id\":\"https:\/\/www.alldayled.com\/de\/produkt\/aeb-chrome-ring-voor-achterlichten\/#primaryimage\",\"url\":\"https:\/\/www.alldayled.com\/wp-content\/uploads\/2023\/03\/ADL45101-00.png\",\"contentUrl\":\"https:\/\/www.alldayled.com\/wp-content\/uploads\/2023\/03\/ADL45101-00.png\",\"width\":800,\"height\":600,\"caption\":\"AEB chrome montage ring voor ronde achterlichten - diameter is 140mm -\"},{\"@type\":\"BreadcrumbList\",\"@id\":\"https:\/\/www.alldayled.com\/de\/produkt\/aeb-chrome-ring-voor-achterlichten\/#breadcrumb\",\"itemListElement\":[{\"@type\":\"ListItem\",\"position\":1,\"name\":\"Home\",\"item\":\"https:\/\/www.alldayled.com\/de\/\"},{\"@type\":\"ListItem\",\"position\":2,\"name\":\"Shop\",\"item\":\"https:\/\/www.alldayled.com\/de\/shop\/\"},{\"@type\":\"ListItem\",\"position\":3,\"name\":\"Heckleuchten\",\"item\":\"https:\/\/www.alldayled.com\/de\/produkt-kategorie\/rucklichter\/\"},{\"@type\":\"ListItem\",\"position\":4,\"name\":\"R\u00fccklicht Zubeh\u00f6r\",\"item\":\"https:\/\/www.alldayled.com\/de\/produkt-kategorie\/rucklichter\/achterlicht-toebehoren\/\"},{\"@type\":\"ListItem\",\"position\":5,\"name\":\"AEB Chromring f\u00fcr R\u00fcckleuchten 140mm\"}]},{\"@type\":\"WebSite\",\"@id\":\"https:\/\/www.alldayled.com\/de\/#website\",\"url\":\"https:\/\/www.alldayled.com\/de\/\",\"name\":\"All Day Led\",\"description\":\"Verlichting voor 12&amp;24 volt gebruik\",\"publisher\":{\"@id\":\"https:\/\/www.alldayled.com\/de\/#organization\"},\"potentialAction\":[{\"@type\":\"SearchAction\",\"target\":{\"@type\":\"EntryPoint\",\"urlTemplate\":\"https:\/\/www.alldayled.com\/de\/?s={search_term_string}\"},\"query-input\":{\"@type\":\"PropertyValueSpecification\",\"valueRequired\":true,\"valueName\":\"search_term_string\"}}],\"inLanguage\":\"de\"},{\"@type\":\"Organization\",\"@id\":\"https:\/\/www.alldayled.com\/de\/#organization\",\"name\":\"All Day Led\",\"url\":\"https:\/\/www.alldayled.com\/de\/\",\"logo\":{\"@type\":\"ImageObject\",\"inLanguage\":\"de\",\"@id\":\"https:\/\/www.alldayled.com\/de\/#\/schema\/logo\/image\/\",\"url\":\"https:\/\/www.alldayled.com\/wp-content\/uploads\/2025\/10\/Logo-ALL-DAY-LED-800x800-zwart-witte-letters.png\",\"contentUrl\":\"https:\/\/www.alldayled.com\/wp-content\/uploads\/2025\/10\/Logo-ALL-DAY-LED-800x800-zwart-witte-letters.png\",\"width\":800,\"height\":800,\"caption\":\"All Day Led\"},\"image\":{\"@id\":\"https:\/\/www.alldayled.com\/de\/#\/schema\/logo\/image\/\"},\"sameAs\":[\"https:\/\/www.facebook.com\/alldayled\/\",\"https:\/\/www.instagram.com\/alldayled\/\"],\"vatID\":\"NL863960133B01\",\"taxID\":\"86416545\"}]}<\/script>\n<meta property=\"product:brand\" content=\"AEB\" \/>\n<meta property=\"product:price:amount\" content=\"17.50\" \/>\n<meta property=\"product:price:currency\" content=\"EUR\" \/>\n<meta property=\"og:availability\" content=\"instock\" \/>\n<meta property=\"product:availability\" content=\"instock\" \/>\n<meta property=\"product:retailer_item_id\" content=\"ADL45101\" \/>\n<meta property=\"product:condition\" content=\"new\" \/>\n<!-- \/ Yoast SEO Premium plugin. -->","yoast_head_json":{"title":"AEB Chromring - All Day Led - Montagering R\u00fccklicht 140mm","description":"AEB Chromring f\u00fcr R\u00fcckleuchten - mit Gummi-Montagering - f\u00fcr R\u00fccklicht 140mm - einfache Montage - Sto\u00dfstangen- \/ Anh\u00e4ngerbeleuchtung","robots":{"index":"index","follow":"follow","max-snippet":"max-snippet:-1","max-image-preview":"max-image-preview:large","max-video-preview":"max-video-preview:-1"},"canonical":"https:\/\/www.alldayled.com\/de\/produkt\/aeb-chrome-ring-voor-achterlichten\/","og_locale":"de_DE","og_type":"article","og_title":"AEB Chromring - All Day Led - Montagering R\u00fccklicht 140mm","og_description":"AEB Chromring f\u00fcr R\u00fcckleuchten - mit Gummi-Montagering - f\u00fcr R\u00fccklicht 140mm - einfache Montage - Sto\u00dfstangen- \/ Anh\u00e4ngerbeleuchtung","og_url":"https:\/\/www.alldayled.com\/de\/produkt\/aeb-chrome-ring-voor-achterlichten\/","og_site_name":"All Day Led","article_publisher":"https:\/\/www.facebook.com\/alldayled\/","og_image":[{"url":"https:\/\/www.alldayled.com\/wp-content\/uploads\/2024\/08\/ADL45101.01-300x300.png","type":"","width":"","height":""}],"twitter_misc":{"Preis":"&euro;&nbsp;17,50","Verf\u00fcgbarkeit":"Auf Lager"},"schema":{"@context":"https:\/\/schema.org","@graph":[{"@type":"WebPage","@id":"https:\/\/www.alldayled.com\/de\/produkt\/aeb-chrome-ring-voor-achterlichten\/","url":"https:\/\/www.alldayled.com\/de\/produkt\/aeb-chrome-ring-voor-achterlichten\/","name":"AEB Chromring - All Day Led - Montagering R\u00fccklicht 140mm","isPartOf":{"@id":"https:\/\/www.alldayled.com\/de\/#website"},"primaryImageOfPage":{"@id":"https:\/\/www.alldayled.com\/de\/produkt\/aeb-chrome-ring-voor-achterlichten\/#primaryimage"},"image":{"@id":"https:\/\/www.alldayled.com\/de\/produkt\/aeb-chrome-ring-voor-achterlichten\/#primaryimage"},"thumbnailUrl":"https:\/\/www.alldayled.com\/wp-content\/uploads\/2023\/03\/ADL45101-00.png","datePublished":"2023-03-26T13:43:40+00:00","description":"AEB Chromring f\u00fcr R\u00fcckleuchten - mit Gummi-Montagering - f\u00fcr R\u00fccklicht 140mm - einfache Montage - Sto\u00dfstangen- \/ Anh\u00e4ngerbeleuchtung","breadcrumb":{"@id":"https:\/\/www.alldayled.com\/de\/produkt\/aeb-chrome-ring-voor-achterlichten\/#breadcrumb"},"inLanguage":"de","potentialAction":[{"@type":"ReadAction","target":["https:\/\/www.alldayled.com\/de\/produkt\/aeb-chrome-ring-voor-achterlichten\/"]}]},{"@type":"ImageObject","inLanguage":"de","@id":"https:\/\/www.alldayled.com\/de\/produkt\/aeb-chrome-ring-voor-achterlichten\/#primaryimage","url":"https:\/\/www.alldayled.com\/wp-content\/uploads\/2023\/03\/ADL45101-00.png","contentUrl":"https:\/\/www.alldayled.com\/wp-content\/uploads\/2023\/03\/ADL45101-00.png","width":800,"height":600,"caption":"AEB chrome montage ring voor ronde achterlichten - diameter is 140mm -"},{"@type":"BreadcrumbList","@id":"https:\/\/www.alldayled.com\/de\/produkt\/aeb-chrome-ring-voor-achterlichten\/#breadcrumb","itemListElement":[{"@type":"ListItem","position":1,"name":"Home","item":"https:\/\/www.alldayled.com\/de\/"},{"@type":"ListItem","position":2,"name":"Shop","item":"https:\/\/www.alldayled.com\/de\/shop\/"},{"@type":"ListItem","position":3,"name":"Heckleuchten","item":"https:\/\/www.alldayled.com\/de\/produkt-kategorie\/rucklichter\/"},{"@type":"ListItem","position":4,"name":"R\u00fccklicht Zubeh\u00f6r","item":"https:\/\/www.alldayled.com\/de\/produkt-kategorie\/rucklichter\/achterlicht-toebehoren\/"},{"@type":"ListItem","position":5,"name":"AEB Chromring f\u00fcr R\u00fcckleuchten 140mm"}]},{"@type":"WebSite","@id":"https:\/\/www.alldayled.com\/de\/#website","url":"https:\/\/www.alldayled.com\/de\/","name":"All Day Led","description":"Verlichting voor 12&amp;24 volt gebruik","publisher":{"@id":"https:\/\/www.alldayled.com\/de\/#organization"},"potentialAction":[{"@type":"SearchAction","target":{"@type":"EntryPoint","urlTemplate":"https:\/\/www.alldayled.com\/de\/?s={search_term_string}"},"query-input":{"@type":"PropertyValueSpecification","valueRequired":true,"valueName":"search_term_string"}}],"inLanguage":"de"},{"@type":"Organization","@id":"https:\/\/www.alldayled.com\/de\/#organization","name":"All Day Led","url":"https:\/\/www.alldayled.com\/de\/","logo":{"@type":"ImageObject","inLanguage":"de","@id":"https:\/\/www.alldayled.com\/de\/#\/schema\/logo\/image\/","url":"https:\/\/www.alldayled.com\/wp-content\/uploads\/2025\/10\/Logo-ALL-DAY-LED-800x800-zwart-witte-letters.png","contentUrl":"https:\/\/www.alldayled.com\/wp-content\/uploads\/2025\/10\/Logo-ALL-DAY-LED-800x800-zwart-witte-letters.png","width":800,"height":800,"caption":"All Day Led"},"image":{"@id":"https:\/\/www.alldayled.com\/de\/#\/schema\/logo\/image\/"},"sameAs":["https:\/\/www.facebook.com\/alldayled\/","https:\/\/www.instagram.com\/alldayled\/"],"vatID":"NL863960133B01","taxID":"86416545"}]},"product_brand":"AEB","product_price_amount":"17.50","product_price_currency":"EUR","og_availability":"instock","product_availability":"instock","product_retailer_item_id":"ADL45101","product_condition":"new"},"_links":{"self":[{"href":"https:\/\/www.alldayled.com\/de\/wp-json\/wp\/v2\/product\/66813","targetHints":{"allow":["GET"]}}],"collection":[{"href":"https:\/\/www.alldayled.com\/de\/wp-json\/wp\/v2\/product"}],"about":[{"href":"https:\/\/www.alldayled.com\/de\/wp-json\/wp\/v2\/types\/product"}],"replies":[{"embeddable":true,"href":"https:\/\/www.alldayled.com\/de\/wp-json\/wp\/v2\/comments?post=66813"}],"wp:featuredmedia":[{"embeddable":true,"href":"https:\/\/www.alldayled.com\/de\/wp-json\/wp\/v2\/media\/84769"}],"wp:attachment":[{"href":"https:\/\/www.alldayled.com\/de\/wp-json\/wp\/v2\/media?parent=66813"}],"wp:term":[{"taxonomy":"product_brand","embeddable":true,"href":"https:\/\/www.alldayled.com\/de\/wp-json\/wp\/v2\/product_brand?post=66813"},{"taxonomy":"product_cat","embeddable":true,"href":"https:\/\/www.alldayled.com\/de\/wp-json\/wp\/v2\/product_cat?post=66813"},{"taxonomy":"product_tag","embeddable":true,"href":"https:\/\/www.alldayled.com\/de\/wp-json\/wp\/v2\/product_tag?post=66813"}],"curies":[{"name":"wp","href":"https:\/\/api.w.org\/{rel}","templated":true}]}}